{"id":7367,"date":"2023-11-07T13:29:58","date_gmt":"2023-11-07T13:29:58","guid":{"rendered":"https:\/\/trackcable.com\/einkaufswagen\/"},"modified":"2026-03-24T08:31:10","modified_gmt":"2026-03-24T08:31:10","slug":"einkaufswagen","status":"publish","type":"page","link":"https:\/\/trackcable.com\/de\/einkaufswagen\/","title":{"rendered":"Warenkorb"},"content":{"rendered":"\t\t<div data-elementor-type=\"wp-page\" data-elementor-id=\"7367\" class=\"elementor elementor-7367 elementor-21\" data-elementor-post-type=\"page\">\n\t\t\t\t\t\t<section class=\"elementor-section elementor-top-section elementor-element elementor-element-4b5c6ab elementor-section-boxed elementor-section-height-default elementor-section-height-default\" data-id=\"4b5c6ab\" data-element_type=\"section\" data-e-type=\"section\">\n\t\t\t\t\t\t<div class=\"elementor-container elementor-column-gap-no\">\n\t\t\t\t\t<div class=\"elementor-column elementor-col-100 elementor-top-column elementor-element elementor-element-15c88404\" data-id=\"15c88404\" data-element_type=\"column\" data-e-type=\"column\">\n\t\t\t<div class=\"elementor-widget-wrap elementor-element-populated\">\n\t\t\t\t\t\t\t<\/div>\n\t\t<\/div>\n\t\t\t\t\t<\/div>\n\t\t<\/section>\n\t\t\t\t<\/div>\n\t\t","protected":false},"excerpt":{"rendered":"","protected":false},"author":1,"featured_media":7397,"parent":0,"menu_order":0,"comment_status":"closed","ping_status":"closed","template":"","meta":{"footnotes":""},"class_list":["post-7367","page","type-page","status-publish","has-post-thumbnail","hentry"],"yoast_head":"<!-- This site is optimized with the Yoast SEO plugin v27.3 - https:\/\/yoast.com\/product\/yoast-seo-wordpress\/ -->\n<title>\u00dcberblick \u00fcber Ihren Einkaufswagen | TrackCable<\/title>\n<meta name=\"description\" content=\"\u00dcberpr\u00fcfen Sie Ihre gew\u00e4hlten Kabelmanagementprodukte und sichern Sie sich eine sichere Kasse mit schneller weltweiter Zustellung.\" \/>\n<meta name=\"robots\" content=\"index, follow, max-snippet:-1, max-image-preview:large, max-video-preview:-1\" \/>\n<link rel=\"canonical\" href=\"https:\/\/trackcable.com\/de\/einkaufswagen\/\" \/>\n<meta property=\"og:locale\" content=\"de_DE\" \/>\n<meta property=\"og:type\" content=\"article\" \/>\n<meta property=\"og:title\" content=\"\u00dcberblick \u00fcber Ihren Einkaufswagen | TrackCable\" \/>\n<meta property=\"og:description\" content=\"\u00dcberpr\u00fcfen Sie Ihre gew\u00e4hlten Kabelmanagementprodukte und sichern Sie sich eine sichere Kasse mit schneller weltweiter Zustellung.\" \/>\n<meta property=\"og:url\" content=\"https:\/\/trackcable.com\/de\/einkaufswagen\/\" \/>\n<meta property=\"og:site_name\" content=\"trackcable.com\" \/>\n<meta property=\"article:modified_time\" content=\"2026-03-24T08:31:10+00:00\" \/>\n<meta property=\"og:image\" content=\"https:\/\/trackcable.com\/wp-content\/uploads\/2026\/02\/IMG_6591-scaled.jpg\" \/>\n\t<meta property=\"og:image:width\" content=\"2560\" \/>\n\t<meta property=\"og:image:height\" content=\"1707\" \/>\n\t<meta property=\"og:image:type\" content=\"image\/jpeg\" \/>\n<meta name=\"twitter:card\" content=\"summary_large_image\" \/>\n<script type=\"application\/ld+json\" class=\"yoast-schema-graph\">{\"@context\":\"https:\\\/\\\/schema.org\",\"@graph\":[{\"@type\":\"WebPage\",\"@id\":\"https:\\\/\\\/trackcable.com\\\/de\\\/einkaufswagen\\\/\",\"url\":\"https:\\\/\\\/trackcable.com\\\/de\\\/einkaufswagen\\\/\",\"name\":\"\u00dcberblick \u00fcber Ihren Einkaufswagen | TrackCable\",\"isPartOf\":{\"@id\":\"https:\\\/\\\/trackcable.com\\\/de\\\/#website\"},\"primaryImageOfPage\":{\"@id\":\"https:\\\/\\\/trackcable.com\\\/de\\\/einkaufswagen\\\/#primaryimage\"},\"image\":{\"@id\":\"https:\\\/\\\/trackcable.com\\\/de\\\/einkaufswagen\\\/#primaryimage\"},\"thumbnailUrl\":\"https:\\\/\\\/trackcable.com\\\/wp-content\\\/uploads\\\/2026\\\/02\\\/IMG_6591-scaled.jpg\",\"datePublished\":\"2023-11-07T13:29:58+00:00\",\"dateModified\":\"2026-03-24T08:31:10+00:00\",\"description\":\"\u00dcberpr\u00fcfen Sie Ihre gew\u00e4hlten Kabelmanagementprodukte und sichern Sie sich eine sichere Kasse mit schneller weltweiter Zustellung.\",\"breadcrumb\":{\"@id\":\"https:\\\/\\\/trackcable.com\\\/de\\\/einkaufswagen\\\/#breadcrumb\"},\"inLanguage\":\"de\",\"potentialAction\":[{\"@type\":\"ReadAction\",\"target\":[\"https:\\\/\\\/trackcable.com\\\/de\\\/einkaufswagen\\\/\"]}]},{\"@type\":\"ImageObject\",\"inLanguage\":\"de\",\"@id\":\"https:\\\/\\\/trackcable.com\\\/de\\\/einkaufswagen\\\/#primaryimage\",\"url\":\"https:\\\/\\\/trackcable.com\\\/wp-content\\\/uploads\\\/2026\\\/02\\\/IMG_6591-scaled.jpg\",\"contentUrl\":\"https:\\\/\\\/trackcable.com\\\/wp-content\\\/uploads\\\/2026\\\/02\\\/IMG_6591-scaled.jpg\",\"width\":2560,\"height\":1707,\"caption\":\"Drei M\u00e4nner sitzen um einen Holztisch in einem Besprechungsraum. Ein Mann deutet auf einen Laptop, der Diagramme zeigt, w\u00e4hrend die anderen zusehen und l\u00e4cheln. Gr\u00fcne Pflanzen schm\u00fccken eine Wand und schaffen einen einladenden Raum f\u00fcr Kontakt und Zusammenarbeit.\"},{\"@type\":\"BreadcrumbList\",\"@id\":\"https:\\\/\\\/trackcable.com\\\/de\\\/einkaufswagen\\\/#breadcrumb\",\"itemListElement\":[{\"@type\":\"ListItem\",\"position\":1,\"name\":\"Startseite\",\"item\":\"https:\\\/\\\/trackcable.com\\\/de\\\/startseite\\\/\"},{\"@type\":\"ListItem\",\"position\":2,\"name\":\"Warenkorb\"}]},{\"@type\":\"WebSite\",\"@id\":\"https:\\\/\\\/trackcable.com\\\/de\\\/#website\",\"url\":\"https:\\\/\\\/trackcable.com\\\/de\\\/\",\"name\":\"trackcable.com\",\"description\":\"Precision in cable management\",\"publisher\":{\"@id\":\"https:\\\/\\\/trackcable.com\\\/de\\\/#organization\"},\"potentialAction\":[{\"@type\":\"SearchAction\",\"target\":{\"@type\":\"EntryPoint\",\"urlTemplate\":\"https:\\\/\\\/trackcable.com\\\/de\\\/?s={search_term_string}\"},\"query-input\":{\"@type\":\"PropertyValueSpecification\",\"valueRequired\":true,\"valueName\":\"search_term_string\"}}],\"inLanguage\":\"de\"},{\"@type\":\"Organization\",\"@id\":\"https:\\\/\\\/trackcable.com\\\/de\\\/#organization\",\"name\":\"TrackCable | Precision in industrial cable management\",\"url\":\"https:\\\/\\\/trackcable.com\\\/de\\\/\",\"logo\":{\"@type\":\"ImageObject\",\"inLanguage\":\"de\",\"@id\":\"https:\\\/\\\/trackcable.com\\\/de\\\/#\\\/schema\\\/logo\\\/image\\\/\",\"url\":\"https:\\\/\\\/trackcable.com\\\/wp-content\\\/uploads\\\/2026\\\/02\\\/TrackCable.jpg\",\"contentUrl\":\"https:\\\/\\\/trackcable.com\\\/wp-content\\\/uploads\\\/2026\\\/02\\\/TrackCable.jpg\",\"width\":600,\"height\":300,\"caption\":\"TrackCable | Precision in industrial cable management\"},\"image\":{\"@id\":\"https:\\\/\\\/trackcable.com\\\/de\\\/#\\\/schema\\\/logo\\\/image\\\/\"}}]}<\/script>\n<!-- \/ Yoast SEO plugin. -->","yoast_head_json":{"title":"\u00dcberblick \u00fcber Ihren Einkaufswagen | TrackCable","description":"\u00dcberpr\u00fcfen Sie Ihre gew\u00e4hlten Kabelmanagementprodukte und sichern Sie sich eine sichere Kasse mit schneller weltweiter Zustellung.","robots":{"index":"index","follow":"follow","max-snippet":"max-snippet:-1","max-image-preview":"max-image-preview:large","max-video-preview":"max-video-preview:-1"},"canonical":"https:\/\/trackcable.com\/de\/einkaufswagen\/","og_locale":"de_DE","og_type":"article","og_title":"\u00dcberblick \u00fcber Ihren Einkaufswagen | TrackCable","og_description":"\u00dcberpr\u00fcfen Sie Ihre gew\u00e4hlten Kabelmanagementprodukte und sichern Sie sich eine sichere Kasse mit schneller weltweiter Zustellung.","og_url":"https:\/\/trackcable.com\/de\/einkaufswagen\/","og_site_name":"trackcable.com","article_modified_time":"2026-03-24T08:31:10+00:00","og_image":[{"width":2560,"height":1707,"url":"https:\/\/trackcable.com\/wp-content\/uploads\/2026\/02\/IMG_6591-scaled.jpg","type":"image\/jpeg"}],"twitter_card":"summary_large_image","schema":{"@context":"https:\/\/schema.org","@graph":[{"@type":"WebPage","@id":"https:\/\/trackcable.com\/de\/einkaufswagen\/","url":"https:\/\/trackcable.com\/de\/einkaufswagen\/","name":"\u00dcberblick \u00fcber Ihren Einkaufswagen | TrackCable","isPartOf":{"@id":"https:\/\/trackcable.com\/de\/#website"},"primaryImageOfPage":{"@id":"https:\/\/trackcable.com\/de\/einkaufswagen\/#primaryimage"},"image":{"@id":"https:\/\/trackcable.com\/de\/einkaufswagen\/#primaryimage"},"thumbnailUrl":"https:\/\/trackcable.com\/wp-content\/uploads\/2026\/02\/IMG_6591-scaled.jpg","datePublished":"2023-11-07T13:29:58+00:00","dateModified":"2026-03-24T08:31:10+00:00","description":"\u00dcberpr\u00fcfen Sie Ihre gew\u00e4hlten Kabelmanagementprodukte und sichern Sie sich eine sichere Kasse mit schneller weltweiter Zustellung.","breadcrumb":{"@id":"https:\/\/trackcable.com\/de\/einkaufswagen\/#breadcrumb"},"inLanguage":"de","potentialAction":[{"@type":"ReadAction","target":["https:\/\/trackcable.com\/de\/einkaufswagen\/"]}]},{"@type":"ImageObject","inLanguage":"de","@id":"https:\/\/trackcable.com\/de\/einkaufswagen\/#primaryimage","url":"https:\/\/trackcable.com\/wp-content\/uploads\/2026\/02\/IMG_6591-scaled.jpg","contentUrl":"https:\/\/trackcable.com\/wp-content\/uploads\/2026\/02\/IMG_6591-scaled.jpg","width":2560,"height":1707,"caption":"Drei M\u00e4nner sitzen um einen Holztisch in einem Besprechungsraum. Ein Mann deutet auf einen Laptop, der Diagramme zeigt, w\u00e4hrend die anderen zusehen und l\u00e4cheln. Gr\u00fcne Pflanzen schm\u00fccken eine Wand und schaffen einen einladenden Raum f\u00fcr Kontakt und Zusammenarbeit."},{"@type":"BreadcrumbList","@id":"https:\/\/trackcable.com\/de\/einkaufswagen\/#breadcrumb","itemListElement":[{"@type":"ListItem","position":1,"name":"Startseite","item":"https:\/\/trackcable.com\/de\/startseite\/"},{"@type":"ListItem","position":2,"name":"Warenkorb"}]},{"@type":"WebSite","@id":"https:\/\/trackcable.com\/de\/#website","url":"https:\/\/trackcable.com\/de\/","name":"trackcable.com","description":"Precision in cable management","publisher":{"@id":"https:\/\/trackcable.com\/de\/#organization"},"potentialAction":[{"@type":"SearchAction","target":{"@type":"EntryPoint","urlTemplate":"https:\/\/trackcable.com\/de\/?s={search_term_string}"},"query-input":{"@type":"PropertyValueSpecification","valueRequired":true,"valueName":"search_term_string"}}],"inLanguage":"de"},{"@type":"Organization","@id":"https:\/\/trackcable.com\/de\/#organization","name":"TrackCable | Precision in industrial cable management","url":"https:\/\/trackcable.com\/de\/","logo":{"@type":"ImageObject","inLanguage":"de","@id":"https:\/\/trackcable.com\/de\/#\/schema\/logo\/image\/","url":"https:\/\/trackcable.com\/wp-content\/uploads\/2026\/02\/TrackCable.jpg","contentUrl":"https:\/\/trackcable.com\/wp-content\/uploads\/2026\/02\/TrackCable.jpg","width":600,"height":300,"caption":"TrackCable | Precision in industrial cable management"},"image":{"@id":"https:\/\/trackcable.com\/de\/#\/schema\/logo\/image\/"}}]}},"_links":{"self":[{"href":"https:\/\/trackcable.com\/de\/wp-json\/wp\/v2\/pages\/7367","targetHints":{"allow":["GET"]}}],"collection":[{"href":"https:\/\/trackcable.com\/de\/wp-json\/wp\/v2\/pages"}],"about":[{"href":"https:\/\/trackcable.com\/de\/wp-json\/wp\/v2\/types\/page"}],"author":[{"embeddable":true,"href":"https:\/\/trackcable.com\/de\/wp-json\/wp\/v2\/users\/1"}],"replies":[{"embeddable":true,"href":"https:\/\/trackcable.com\/de\/wp-json\/wp\/v2\/comments?post=7367"}],"version-history":[{"count":2,"href":"https:\/\/trackcable.com\/de\/wp-json\/wp\/v2\/pages\/7367\/revisions"}],"predecessor-version":[{"id":8140,"href":"https:\/\/trackcable.com\/de\/wp-json\/wp\/v2\/pages\/7367\/revisions\/8140"}],"wp:featuredmedia":[{"embeddable":true,"href":"https:\/\/trackcable.com\/de\/wp-json\/wp\/v2\/media\/7397"}],"wp:attachment":[{"href":"https:\/\/trackcable.com\/de\/wp-json\/wp\/v2\/media?parent=7367"}],"curies":[{"name":"wp","href":"https:\/\/api.w.org\/{rel}","templated":true}]}}