{"id":7519,"date":"2026-03-17T14:11:24","date_gmt":"2026-03-17T14:11:24","guid":{"rendered":"https:\/\/trackcable.com\/unternehmenserklaerung\/"},"modified":"2026-03-19T15:42:59","modified_gmt":"2026-03-19T15:42:59","slug":"unternehmenserklaerung","status":"publish","type":"page","link":"https:\/\/trackcable.com\/de\/unternehmenserklaerung\/","title":{"rendered":"Unternehmenserkl\u00e4rung"},"content":{"rendered":"\n<p><strong>Unternehmenserkl\u00e4rung \u2013 TrackCable<\/strong><\/p>\n\n<p>TrackCable ist ein international ausgerichtetes E-Commerce-Unternehmen, das sich der Bereitstellung hochwertiger industrieller Kabelmanagementl\u00f6sungen f\u00fcr Kunden weltweit widmet. Wir sind spezialisiert auf die Bereitstellung eines umfassenden und sorgf\u00e4ltig ausgew\u00e4hlten Produktsortiments, das darauf ausgelegt ist, Sicherheit, Effizienz und Organisation in komplexen und anspruchsvollen industriellen Umgebungen zu verbessern.<\/p>\n\n<p>Unser Portfolio umfasst fortschrittliche Kabelmanagementsysteme, die kritische Infrastrukturen in Sektoren wie Fertigung, Energie, Bauwesen, Logistik und Industrieautomation unterst\u00fctzen. Durch die Zusammenarbeit mit vertrauensw\u00fcrdigen und zertifizierten Herstellern stellt TrackCable sicher, dass alle Produkte strengen internationalen Standards f\u00fcr Qualit\u00e4t, Haltbarkeit und Konformit\u00e4t entsprechen.<\/p>\n\n<p>Im Mittelpunkt unserer Gesch\u00e4ftst\u00e4tigkeit steht das Engagement f\u00fcr Zuverl\u00e4ssigkeit und Leistung. Wir verstehen, dass ein effektives Kabelmanagement unerl\u00e4sslich ist, um die betriebliche Kontinuit\u00e4t aufrechtzuerhalten, Risiken zu reduzieren und die Funktionalit\u00e4t des Arbeitsbereichs zu optimieren. Daher investieren wir kontinuierlich in die Beschaffung innovativer L\u00f6sungen, die den sich wandelnden Anforderungen moderner Industrien gerecht werden.<\/p>\n\n<p>TrackCable ist gleicherma\u00dfen bestrebt, ein au\u00dfergew\u00f6hnliches Kundenerlebnis zu bieten. \u00dcber unsere optimierte digitale Plattform profitieren Kunden von einem nahtlosen Beschaffungsprozess, transparenten Produktinformationen und einer effizienten globalen Distribution. Unser Logistiknetzwerk erm\u00f6glicht eine schnelle und zuverl\u00e4ssige weltweite Lieferung, um sicherzustellen, dass unsere Kunden die ben\u00f6tigten L\u00f6sungen erhalten \u2013 wann und wo sie diese ben\u00f6tigen.<\/p>\n\n<p><strong>Unsere Mission<\/strong><br\/>Zuverl\u00e4ssige, leistungsstarke Kabelmanagementl\u00f6sungen bereitzustellen, die zu sichereren, effizienteren und besser organisierten industriellen Umgebungen weltweit beitragen.<\/p>\n\n<p><strong>Unsere Vision<\/strong><br\/>Ein f\u00fchrender globaler Anbieter von industriellen Kabelmanagementl\u00f6sungen zu werden, indem wir den Standard f\u00fcr Qualit\u00e4t, Zug\u00e4nglichkeit und kundenorientierten Service auf dem digitalen Markt setzen.<\/p>\n\n<p><strong>Unser Engagement<\/strong><br\/>Bei TrackCable sind wir von einem Engagement f\u00fcr Exzellenz, Innovation und langfristige Partnerschaften angetrieben. Wir m\u00f6chten unsere Kunden nicht nur mit \u00fcberlegenen Produkten unterst\u00fctzen, sondern auch mit Fachwissen, reaktionsschnellem Service und einem tiefen Verst\u00e4ndnis f\u00fcr industrielle Herausforderungen.<\/p>\n\n<p>TrackCable ist davon \u00fcberzeugt, dass gut verwaltete Kabelsysteme das R\u00fcckgrat sicherer und effizienter Abl\u00e4ufe bilden \u2013 und wir sind stolz darauf, eine entscheidende Rolle bei der Erm\u00f6glichung dieser Grundlage in allen Industrien weltweit zu spielen.<\/p>\n","protected":false},"excerpt":{"rendered":"<p>Unternehmenserkl\u00e4rung \u2013 TrackCable TrackCable ist ein international ausgerichtetes E-Commerce-Unternehmen, das sich der Bereitstellung hochwertiger industrieller Kabelmanagementl\u00f6sungen f\u00fcr Kunden weltweit widmet. Wir sind spezialisiert auf die&#8230;<\/p>\n","protected":false},"author":1,"featured_media":0,"parent":0,"menu_order":0,"comment_status":"closed","ping_status":"closed","template":"","meta":{"footnotes":""},"class_list":["post-7519","page","type-page","status-publish","hentry"],"yoast_head":"<!-- This site is optimized with the Yoast SEO plugin v27.3 - https:\/\/yoast.com\/product\/yoast-seo-wordpress\/ -->\n<title>Unternehmenserkl\u00e4rung - trackcable.com<\/title>\n<meta name=\"robots\" content=\"index, follow, max-snippet:-1, max-image-preview:large, max-video-preview:-1\" \/>\n<link rel=\"canonical\" href=\"https:\/\/trackcable.com\/de\/unternehmenserklaerung\/\" \/>\n<meta property=\"og:locale\" content=\"de_DE\" \/>\n<meta property=\"og:type\" content=\"article\" \/>\n<meta property=\"og:title\" content=\"Unternehmenserkl\u00e4rung - trackcable.com\" \/>\n<meta property=\"og:description\" content=\"Unternehmenserkl\u00e4rung \u2013 TrackCable TrackCable ist ein international ausgerichtetes E-Commerce-Unternehmen, das sich der Bereitstellung hochwertiger industrieller Kabelmanagementl\u00f6sungen f\u00fcr Kunden weltweit widmet. Wir sind spezialisiert auf die...\" \/>\n<meta property=\"og:url\" content=\"https:\/\/trackcable.com\/de\/unternehmenserklaerung\/\" \/>\n<meta property=\"og:site_name\" content=\"trackcable.com\" \/>\n<meta property=\"article:modified_time\" content=\"2026-03-19T15:42:59+00:00\" \/>\n<meta name=\"twitter:card\" content=\"summary_large_image\" \/>\n<meta name=\"twitter:label1\" content=\"Gesch\u00e4tzte Lesezeit\" \/>\n\t<meta name=\"twitter:data1\" content=\"2 Minuten\" \/>\n<script type=\"application\/ld+json\" class=\"yoast-schema-graph\">{\"@context\":\"https:\\\/\\\/schema.org\",\"@graph\":[{\"@type\":\"WebPage\",\"@id\":\"https:\\\/\\\/trackcable.com\\\/de\\\/unternehmenserklaerung\\\/\",\"url\":\"https:\\\/\\\/trackcable.com\\\/de\\\/unternehmenserklaerung\\\/\",\"name\":\"Unternehmenserkl\u00e4rung - trackcable.com\",\"isPartOf\":{\"@id\":\"https:\\\/\\\/trackcable.com\\\/de\\\/#website\"},\"datePublished\":\"2026-03-17T14:11:24+00:00\",\"dateModified\":\"2026-03-19T15:42:59+00:00\",\"breadcrumb\":{\"@id\":\"https:\\\/\\\/trackcable.com\\\/de\\\/unternehmenserklaerung\\\/#breadcrumb\"},\"inLanguage\":\"de\",\"potentialAction\":[{\"@type\":\"ReadAction\",\"target\":[\"https:\\\/\\\/trackcable.com\\\/de\\\/unternehmenserklaerung\\\/\"]}]},{\"@type\":\"BreadcrumbList\",\"@id\":\"https:\\\/\\\/trackcable.com\\\/de\\\/unternehmenserklaerung\\\/#breadcrumb\",\"itemListElement\":[{\"@type\":\"ListItem\",\"position\":1,\"name\":\"Startseite\",\"item\":\"https:\\\/\\\/trackcable.com\\\/de\\\/startseite\\\/\"},{\"@type\":\"ListItem\",\"position\":2,\"name\":\"Unternehmenserkl\u00e4rung\"}]},{\"@type\":\"WebSite\",\"@id\":\"https:\\\/\\\/trackcable.com\\\/de\\\/#website\",\"url\":\"https:\\\/\\\/trackcable.com\\\/de\\\/\",\"name\":\"trackcable.com\",\"description\":\"Precision in cable management\",\"publisher\":{\"@id\":\"https:\\\/\\\/trackcable.com\\\/de\\\/#organization\"},\"potentialAction\":[{\"@type\":\"SearchAction\",\"target\":{\"@type\":\"EntryPoint\",\"urlTemplate\":\"https:\\\/\\\/trackcable.com\\\/de\\\/?s={search_term_string}\"},\"query-input\":{\"@type\":\"PropertyValueSpecification\",\"valueRequired\":true,\"valueName\":\"search_term_string\"}}],\"inLanguage\":\"de\"},{\"@type\":\"Organization\",\"@id\":\"https:\\\/\\\/trackcable.com\\\/de\\\/#organization\",\"name\":\"TrackCable | Precision in industrial cable management\",\"url\":\"https:\\\/\\\/trackcable.com\\\/de\\\/\",\"logo\":{\"@type\":\"ImageObject\",\"inLanguage\":\"de\",\"@id\":\"https:\\\/\\\/trackcable.com\\\/de\\\/#\\\/schema\\\/logo\\\/image\\\/\",\"url\":\"https:\\\/\\\/trackcable.com\\\/wp-content\\\/uploads\\\/2026\\\/02\\\/TrackCable.jpg\",\"contentUrl\":\"https:\\\/\\\/trackcable.com\\\/wp-content\\\/uploads\\\/2026\\\/02\\\/TrackCable.jpg\",\"width\":600,\"height\":300,\"caption\":\"TrackCable | Precision in industrial cable management\"},\"image\":{\"@id\":\"https:\\\/\\\/trackcable.com\\\/de\\\/#\\\/schema\\\/logo\\\/image\\\/\"}}]}<\/script>\n<!-- \/ Yoast SEO plugin. -->","yoast_head_json":{"title":"Unternehmenserkl\u00e4rung - trackcable.com","robots":{"index":"index","follow":"follow","max-snippet":"max-snippet:-1","max-image-preview":"max-image-preview:large","max-video-preview":"max-video-preview:-1"},"canonical":"https:\/\/trackcable.com\/de\/unternehmenserklaerung\/","og_locale":"de_DE","og_type":"article","og_title":"Unternehmenserkl\u00e4rung - trackcable.com","og_description":"Unternehmenserkl\u00e4rung \u2013 TrackCable TrackCable ist ein international ausgerichtetes E-Commerce-Unternehmen, das sich der Bereitstellung hochwertiger industrieller Kabelmanagementl\u00f6sungen f\u00fcr Kunden weltweit widmet. Wir sind spezialisiert auf die...","og_url":"https:\/\/trackcable.com\/de\/unternehmenserklaerung\/","og_site_name":"trackcable.com","article_modified_time":"2026-03-19T15:42:59+00:00","twitter_card":"summary_large_image","twitter_misc":{"Gesch\u00e4tzte Lesezeit":"2 Minuten"},"schema":{"@context":"https:\/\/schema.org","@graph":[{"@type":"WebPage","@id":"https:\/\/trackcable.com\/de\/unternehmenserklaerung\/","url":"https:\/\/trackcable.com\/de\/unternehmenserklaerung\/","name":"Unternehmenserkl\u00e4rung - trackcable.com","isPartOf":{"@id":"https:\/\/trackcable.com\/de\/#website"},"datePublished":"2026-03-17T14:11:24+00:00","dateModified":"2026-03-19T15:42:59+00:00","breadcrumb":{"@id":"https:\/\/trackcable.com\/de\/unternehmenserklaerung\/#breadcrumb"},"inLanguage":"de","potentialAction":[{"@type":"ReadAction","target":["https:\/\/trackcable.com\/de\/unternehmenserklaerung\/"]}]},{"@type":"BreadcrumbList","@id":"https:\/\/trackcable.com\/de\/unternehmenserklaerung\/#breadcrumb","itemListElement":[{"@type":"ListItem","position":1,"name":"Startseite","item":"https:\/\/trackcable.com\/de\/startseite\/"},{"@type":"ListItem","position":2,"name":"Unternehmenserkl\u00e4rung"}]},{"@type":"WebSite","@id":"https:\/\/trackcable.com\/de\/#website","url":"https:\/\/trackcable.com\/de\/","name":"trackcable.com","description":"Precision in cable management","publisher":{"@id":"https:\/\/trackcable.com\/de\/#organization"},"potentialAction":[{"@type":"SearchAction","target":{"@type":"EntryPoint","urlTemplate":"https:\/\/trackcable.com\/de\/?s={search_term_string}"},"query-input":{"@type":"PropertyValueSpecification","valueRequired":true,"valueName":"search_term_string"}}],"inLanguage":"de"},{"@type":"Organization","@id":"https:\/\/trackcable.com\/de\/#organization","name":"TrackCable | Precision in industrial cable management","url":"https:\/\/trackcable.com\/de\/","logo":{"@type":"ImageObject","inLanguage":"de","@id":"https:\/\/trackcable.com\/de\/#\/schema\/logo\/image\/","url":"https:\/\/trackcable.com\/wp-content\/uploads\/2026\/02\/TrackCable.jpg","contentUrl":"https:\/\/trackcable.com\/wp-content\/uploads\/2026\/02\/TrackCable.jpg","width":600,"height":300,"caption":"TrackCable | Precision in industrial cable management"},"image":{"@id":"https:\/\/trackcable.com\/de\/#\/schema\/logo\/image\/"}}]}},"_links":{"self":[{"href":"https:\/\/trackcable.com\/de\/wp-json\/wp\/v2\/pages\/7519","targetHints":{"allow":["GET"]}}],"collection":[{"href":"https:\/\/trackcable.com\/de\/wp-json\/wp\/v2\/pages"}],"about":[{"href":"https:\/\/trackcable.com\/de\/wp-json\/wp\/v2\/types\/page"}],"author":[{"embeddable":true,"href":"https:\/\/trackcable.com\/de\/wp-json\/wp\/v2\/users\/1"}],"replies":[{"embeddable":true,"href":"https:\/\/trackcable.com\/de\/wp-json\/wp\/v2\/comments?post=7519"}],"version-history":[{"count":1,"href":"https:\/\/trackcable.com\/de\/wp-json\/wp\/v2\/pages\/7519\/revisions"}],"predecessor-version":[{"id":7520,"href":"https:\/\/trackcable.com\/de\/wp-json\/wp\/v2\/pages\/7519\/revisions\/7520"}],"wp:attachment":[{"href":"https:\/\/trackcable.com\/de\/wp-json\/wp\/v2\/media?parent=7519"}],"curies":[{"name":"wp","href":"https:\/\/api.w.org\/{rel}","templated":true}]}}