{"id":7602,"date":"2026-03-18T13:34:00","date_gmt":"2026-03-18T13:34:00","guid":{"rendered":"https:\/\/trackcable.com\/stahl-energiefuehrungsketten\/"},"modified":"2026-03-24T09:01:52","modified_gmt":"2026-03-24T09:01:52","slug":"stahl-energiefuehrungsketten","status":"publish","type":"page","link":"https:\/\/trackcable.com\/de\/stahl-energiefuehrungsketten\/","title":{"rendered":"Stahl-Energief\u00fchrungsketten"},"content":{"rendered":"\t\t<div data-elementor-type=\"wp-page\" data-elementor-id=\"7602\" class=\"elementor elementor-7602 elementor-7139\" data-elementor-post-type=\"page\">\n\t\t\t\t<div class=\"elementor-element elementor-element-4a6ccec e-flex e-con-boxed e-con e-parent\" data-id=\"4a6ccec\" data-element_type=\"container\" data-e-type=\"container\">\n\t\t\t\t\t<div class=\"e-con-inner\">\n\t\t\t\t<div class=\"elementor-element elementor-element-b3d9e4f elementor-widget elementor-widget-etheme_slider\" data-id=\"b3d9e4f\" data-element_type=\"widget\" data-e-type=\"widget\" data-widget_type=\"etheme_slider.default\">\n\t\t\t\t<div class=\"elementor-widget-container\">\n\t\t\t\t\t\n\t\t<div class=\"swiper-entry et-slider  slider-5867 etheme-css\" data-css=\".slider-5867 .swiper-custom-left,  .slider-5867 .swiper-custom-right{color:#222 !important;background-color: #e1e1e1 !important} .slider-5867 .swiper-custom-left:hover,  .slider-5867 .swiper-custom-right:hover{background-color: #e1e1e1 !important}\">\n\t\t\t<div class=\"swiper-container \" data-centeredSlides=\"1\" data-breakpoints=\"1\" data-xs-slides=\"1\" data-sm-slides=\"1\" data-md-slides=\"1\" data-lt-slides=\"1\" data-slides-per-view=\"1\" data-space=\"0\" data-autoplay=\"\" data-speed=\"300\" data-effect=\"slide\" data-loop=\"true\">\n\t\t\t\t<div class=\"et-loader swiper-lazy-preloader\"><\/div>\n\t\t\t\t<!-- Additional required wrapper -->\n\t\t\t\t<div class=\"swiper-wrapper\">\n\t\t\t\t\t<!-- Slides -->\n\t\t\t\t\t<div class=\"swiper-slide\">\t\t<div class=\"slider-item  fadeIn-slide slider-item-7211  elementor-repeater-item-5d672c2\" data-slide-id=\"7211\">\n\n\t\t\t\t\t\t\n\t\t\t<div class=\"container  justify-content-center align-items-center\">\n\n\t\t\t\t<div class=\"slide-content \">\n\n\t\t\t\t\t<h2 class=\"slide-title  animated\">Stahl-Energief\u00fchrungsketten f\u00fcr Hochleistungsanwendungen<\/h2><h2 class=\"slide-subtitle  animated\">Zuverl\u00e4ssige Kabelf\u00fchrungsl\u00f6sungen f\u00fcr extreme Umgebungen und hohe mechanische Belastungen.<\/h2>\n\t\t\t\t\t<div class=\"description animated\">\n\t\t\t\t\t\t<p>\u2714 Kundenspezifisch gefertigt \u2714 Schnelle Lieferung \u2714 Fachkundige Beratung<\/p>\n\t\t\n\t\t\t\t\t<\/div>\n\t\t\n\t\t\t\t\t\t\t\t\t\t\t<div class=\"slide-button animated\">\n\t\t\t\t\t\t\tAngebot anfordern\t\t\t\t\t\t<\/div>\n\t\t\t\t\t\n\t\t\t\t<\/div> \n\t\t\t<\/div> \n\t   \t<\/div> \t    \n\t    <\/div>\t\t\t\t<\/div>\n\t\t\t\t\t\t\t<\/div>\n\t\t<\/div>\n\n\t\t\t\t\t\t<\/div>\n\t\t\t\t<\/div>\n\t\t\t\t\t<\/div>\n\t\t\t\t<\/div>\n\t\t<div class=\"elementor-element elementor-element-eedd0c7 e-grid e-con-boxed e-con e-parent\" data-id=\"eedd0c7\" data-element_type=\"container\" data-e-type=\"container\">\n\t\t\t\t\t<div class=\"e-con-inner\">\n\t\t\t\t<div class=\"elementor-element elementor-element-c7eb299 elementor-widget elementor-widget-image\" data-id=\"c7eb299\" data-element_type=\"widget\" data-e-type=\"widget\" data-widget_type=\"image.default\">\n\t\t\t\t\t\t\t\t\t\t\t\t\t\t\t<img fetchpriority=\"high\" decoding=\"async\" width=\"600\" height=\"375\" src=\"https:\/\/trackcable.com\/wp-content\/uploads\/2026\/03\/csm_KABELSCHLEPP-cable-carrier-S-SX-rgb_d154971ea1.jpg\" class=\"attachment-large size-large wp-image-7603\" alt=\"Reihen von industriellen Metallkabelschalen und Stahlkabeltr\u00e4gern, gef\u00fcllt mit gro\u00dfen B\u00fcndeln und Kabeln, sind an der Decke einer Fabrik installiert, wobei im Hintergrund Ger\u00fcste und St\u00fctzstrukturen sichtbar sind.\" srcset=\"https:\/\/trackcable.com\/wp-content\/uploads\/2026\/03\/csm_KABELSCHLEPP-cable-carrier-S-SX-rgb_d154971ea1.jpg 600w, https:\/\/trackcable.com\/wp-content\/uploads\/2026\/03\/csm_KABELSCHLEPP-cable-carrier-S-SX-rgb_d154971ea1-300x188.jpg 300w, https:\/\/trackcable.com\/wp-content\/uploads\/2026\/03\/csm_KABELSCHLEPP-cable-carrier-S-SX-rgb_d154971ea1-1x1.jpg 1w, https:\/\/trackcable.com\/wp-content\/uploads\/2026\/03\/csm_KABELSCHLEPP-cable-carrier-S-SX-rgb_d154971ea1-10x6.jpg 10w\" sizes=\"(max-width: 600px) 100vw, 600px\" \/>\t\t\t\t\t\t\t\t\t\t\t\t\t\t\t<\/div>\n\t\t\t\t<div class=\"elementor-element elementor-element-cb9220c elementor-widget elementor-widget-text-editor\" data-id=\"cb9220c\" data-element_type=\"widget\" data-e-type=\"widget\" data-widget_type=\"text-editor.default\">\n\t\t\t\t\t\t\t\t\t<h2>Was ist eine Stahl-Energief\u00fchrungskette? (Schleppkette)<\/h2><p data-start=\"474\" data-end=\"606\">Eine Stahl-Energief\u00fchrungskette (auch als Schleppkette bezeichnet) ist f\u00fcr die F\u00fchrung und den Schutz beweglicher Kabel und Schl\u00e4uche in dynamischen Anwendungen konzipiert.<\/p><p data-start=\"608\" data-end=\"794\">Wenn Standard-Kunststoff-Energief\u00fchrungsketten an ihre Grenzen sto\u00dfen \u2013 aufgrund hoher Lasten, hoher Temperaturen oder rauer Umgebungen \u2013 bieten Stahl-Energief\u00fchrungsketten eine langlebige und dauerhafte L\u00f6sung.<\/p><p data-start=\"796\" data-end=\"888\">Sie sind speziell f\u00fcr Branchen entwickelt, in denen Zuverl\u00e4ssigkeit und Festigkeit entscheidend sind.<\/p><p data-start=\"796\" data-end=\"888\">\u2714 Verl\u00e4ngert die Lebensdauer von Kabeln und Systemen<br>\u2714 Bew\u00e4ltigt deutlich h\u00f6here mechanische Belastungen<br>\u2714 Best\u00e4ndig gegen St\u00f6\u00dfe, Schmutz und raue Bedingungen<br>\u2714 Ausgelegt auf maximale Langlebigkeit und minimale Ausfallzeiten<br>\u2714 Ideal f\u00fcr Hochleistungs- und Industrieanwendungen<\/p>\t\t\t\t\t\t\t\t<\/div>\n\t\t\t\t\t<\/div>\n\t\t\t\t<\/div>\n\t\t<div class=\"elementor-element elementor-element-5e702ae e-flex e-con-boxed e-con e-parent\" data-id=\"5e702ae\" data-element_type=\"container\" data-e-type=\"container\">\n\t\t\t\t\t<div class=\"e-con-inner\">\n\t\t\t\t<div class=\"elementor-element elementor-element-7361567 elementor-widget elementor-widget-heading\" data-id=\"7361567\" data-element_type=\"widget\" data-e-type=\"widget\" data-widget_type=\"heading.default\">\n\t\t\t\t\t<h2 class=\"elementor-heading-title elementor-size-default\">Stahl-Energief\u00fchrungsketten-Serien<\/h2>\t\t\t\t<\/div>\n\t\t\t\t\t<\/div>\n\t\t\t\t<\/div>\n\t\t<div class=\"elementor-element elementor-element-cc59159 e-grid e-con-boxed e-con e-parent\" data-id=\"cc59159\" data-element_type=\"container\" data-e-type=\"container\">\n\t\t\t\t\t<div class=\"e-con-inner\">\n\t\t\t\t<div class=\"elementor-element elementor-element-37e32fe elementor-position-left elementor-vertical-align-top elementor-widget elementor-widget-image-box\" data-id=\"37e32fe\" data-element_type=\"widget\" data-e-type=\"widget\" data-widget_type=\"image-box.default\">\n\t\t\t\t\t<div class=\"elementor-image-box-wrapper\"><figure class=\"elementor-image-box-img\"><img decoding=\"async\" width=\"600\" height=\"375\" src=\"https:\/\/trackcable.com\/wp-content\/uploads\/2026\/03\/LS.jpg\" class=\"attachment-full size-full wp-image-7606\" alt=\"Eine Nahaufnahme eines schwarzen mechanischen Kabeltr\u00e4gers oder Stahlkabeltr\u00e4gers mit mehreren kreisf\u00f6rmigen L\u00f6chern und Metallverbindern, der dazu dient, Kabel oder Schl\u00e4uche in Industriemaschinen zu f\u00fchren und zu sch\u00fctzen.\" srcset=\"https:\/\/trackcable.com\/wp-content\/uploads\/2026\/03\/LS.jpg 600w, https:\/\/trackcable.com\/wp-content\/uploads\/2026\/03\/LS-300x188.jpg 300w, https:\/\/trackcable.com\/wp-content\/uploads\/2026\/03\/LS-1x1.jpg 1w, https:\/\/trackcable.com\/wp-content\/uploads\/2026\/03\/LS-10x6.jpg 10w\" sizes=\"(max-width: 600px) 100vw, 600px\" \/><\/figure><div class=\"elementor-image-box-content\"><h3 class=\"elementor-image-box-title\">LS\/LSX-Serie<\/h3><p class=\"elementor-image-box-description\">Kosteng\u00fcnstige Stahlketten mit leichter Bauweise <br>Innenh\u00f6hen: 48\u201358 mm <br>Innenbreiten: 54\u2013584 mm <br>Teilung: 105 mm <br>Verfahrweg: bis 9,5 m \/ -  <br>\n<\/p><\/div><\/div>\t\t\t\t<\/div>\n\t\t\t\t<div class=\"elementor-element elementor-element-ebba1c5 elementor-position-left elementor-vertical-align-top elementor-widget elementor-widget-image-box\" data-id=\"ebba1c5\" data-element_type=\"widget\" data-e-type=\"widget\" data-widget_type=\"image-box.default\">\n\t\t\t\t\t<div class=\"elementor-image-box-wrapper\"><figure class=\"elementor-image-box-img\"><img decoding=\"async\" width=\"600\" height=\"375\" src=\"https:\/\/trackcable.com\/wp-content\/uploads\/2026\/03\/S.jpg\" class=\"attachment-full size-full wp-image-7605\" alt=\"Ein Stahlkabeltr\u00e4ger h\u00e4lt und f\u00fchrt mehrere Kabel und Schl\u00e4uche \u2013 orange, gr\u00fcn und schwarz \u2013, die am Ende an industriellen Steckverbindern befestigt sind. Der Hintergrund zeigt einen schlichten, hellgrauen Farbverlauf.\" srcset=\"https:\/\/trackcable.com\/wp-content\/uploads\/2026\/03\/S.jpg 600w, https:\/\/trackcable.com\/wp-content\/uploads\/2026\/03\/S-300x188.jpg 300w, https:\/\/trackcable.com\/wp-content\/uploads\/2026\/03\/S-1x1.jpg 1w, https:\/\/trackcable.com\/wp-content\/uploads\/2026\/03\/S-10x6.jpg 10w\" sizes=\"(max-width: 600px) 100vw, 600px\" \/><\/figure><div class=\"elementor-image-box-content\"><h3 class=\"elementor-image-box-title\">S\/SX-Serie<\/h3><p class=\"elementor-image-box-description\">Extrem robust und stabil<br>Innenh\u00f6hen: 26\u2013578 mm <br>Innenbreiten: 35\u20131650 mm <br>Teilung: 65\u2013550 mm <br>Verfahrweg: bis 24,9 m \/ -  <br>\n<\/p><\/div><\/div>\t\t\t\t<\/div>\n\t\t\t\t<div class=\"elementor-element elementor-element-e38df0f elementor-position-left elementor-vertical-align-top elementor-widget elementor-widget-image-box\" data-id=\"e38df0f\" data-element_type=\"widget\" data-e-type=\"widget\" data-widget_type=\"image-box.default\">\n\t\t\t\t\t<div class=\"elementor-image-box-wrapper\"><figure class=\"elementor-image-box-img\"><img loading=\"lazy\" decoding=\"async\" width=\"600\" height=\"375\" src=\"https:\/\/trackcable.com\/wp-content\/uploads\/2026\/03\/S-TUBE.jpg\" class=\"attachment-full size-full wp-image-7604\" alt=\"Eine Nahaufnahme eines gl\u00e4nzenden, metallischen Stahlkabeltr\u00e4gers oder einer Energiekette mit gelenkigen Segmenten, die sich gegen einen hellgrauen Hintergrund nach oben w\u00f6lben.\" srcset=\"https:\/\/trackcable.com\/wp-content\/uploads\/2026\/03\/S-TUBE.jpg 600w, https:\/\/trackcable.com\/wp-content\/uploads\/2026\/03\/S-TUBE-300x188.jpg 300w, https:\/\/trackcable.com\/wp-content\/uploads\/2026\/03\/S-TUBE-1x1.jpg 1w, https:\/\/trackcable.com\/wp-content\/uploads\/2026\/03\/S-TUBE-10x6.jpg 10w\" sizes=\"(max-width: 600px) 100vw, 600px\" \/><\/figure><div class=\"elementor-image-box-content\"><h3 class=\"elementor-image-box-title\">S\/SX Tube-Serie<\/h3><p class=\"elementor-image-box-description\">Robust und stabil, geschlossen <br>Innenh\u00f6hen: 30\u2013104 mm <br>Innenbreiten: 65\u2013938 mm <br>Teilung: 65\u2013180 mm <br>Verfahrweg: bis 17,8 m \/ -  <br>\n<\/p><\/div><\/div>\t\t\t\t<\/div>\n\t\t\t\t\t<\/div>\n\t\t\t\t<\/div>\n\t\t\t\t<\/div>\n\t\t","protected":false},"excerpt":{"rendered":"<p>Stahl-Energief\u00fchrungsketten f\u00fcr Hochleistungsanwendungen Zuverl\u00e4ssige Kabelf\u00fchrungsl\u00f6sungen f\u00fcr extreme Umgebungen und hohe mechanische Belastungen. \u2714 Kundenspezifisch gefertigt \u2714 Schnelle Lieferung \u2714 Fachkundige Beratung Angebot anfordern Was ist&#8230;<\/p>\n","protected":false},"author":1,"featured_media":0,"parent":0,"menu_order":0,"comment_status":"closed","ping_status":"closed","template":"","meta":{"footnotes":""},"class_list":["post-7602","page","type-page","status-publish","hentry"],"yoast_head":"<!-- This site is optimized with the Yoast SEO plugin v27.3 - https:\/\/yoast.com\/product\/yoast-seo-wordpress\/ -->\n<title>Stahlkabeltr\u00e4ger f\u00fcr den schweren Einsatz | TrackCable<\/title>\n<meta name=\"description\" content=\"Entdecken Sie langlebige Stahlkabeltr\u00e4ger f\u00fcr schwere industrielle Anwendungen. Gebaut f\u00fcr St\u00e4rke und langanhaltende Leistung.\" \/>\n<meta name=\"robots\" content=\"index, follow, max-snippet:-1, max-image-preview:large, max-video-preview:-1\" \/>\n<link rel=\"canonical\" href=\"https:\/\/trackcable.com\/de\/stahl-energiefuehrungsketten\/\" \/>\n<meta property=\"og:locale\" content=\"de_DE\" \/>\n<meta property=\"og:type\" content=\"article\" \/>\n<meta property=\"og:title\" content=\"Stahlkabeltr\u00e4ger f\u00fcr den schweren Einsatz | TrackCable\" \/>\n<meta property=\"og:description\" content=\"Entdecken Sie langlebige Stahlkabeltr\u00e4ger f\u00fcr schwere industrielle Anwendungen. Gebaut f\u00fcr St\u00e4rke und langanhaltende Leistung.\" \/>\n<meta property=\"og:url\" content=\"https:\/\/trackcable.com\/de\/stahl-energiefuehrungsketten\/\" \/>\n<meta property=\"og:site_name\" content=\"trackcable.com\" \/>\n<meta property=\"article:modified_time\" content=\"2026-03-24T09:01:52+00:00\" \/>\n<meta property=\"og:image\" content=\"https:\/\/trackcable.com\/wp-content\/uploads\/2026\/03\/S-TUBE.jpg\" \/>\n\t<meta property=\"og:image:width\" content=\"600\" \/>\n\t<meta property=\"og:image:height\" content=\"375\" \/>\n\t<meta property=\"og:image:type\" content=\"image\/jpeg\" \/>\n<meta name=\"twitter:card\" content=\"summary_large_image\" \/>\n<meta name=\"twitter:label1\" content=\"Gesch\u00e4tzte Lesezeit\" \/>\n\t<meta name=\"twitter:data1\" content=\"1\u00a0Minute\" \/>\n<script type=\"application\/ld+json\" class=\"yoast-schema-graph\">{\"@context\":\"https:\\\/\\\/schema.org\",\"@graph\":[{\"@type\":\"WebPage\",\"@id\":\"https:\\\/\\\/trackcable.com\\\/de\\\/stahl-energiefuehrungsketten\\\/\",\"url\":\"https:\\\/\\\/trackcable.com\\\/de\\\/stahl-energiefuehrungsketten\\\/\",\"name\":\"Stahlkabeltr\u00e4ger f\u00fcr den schweren Einsatz | TrackCable\",\"isPartOf\":{\"@id\":\"https:\\\/\\\/trackcable.com\\\/de\\\/#website\"},\"primaryImageOfPage\":{\"@id\":\"https:\\\/\\\/trackcable.com\\\/de\\\/stahl-energiefuehrungsketten\\\/#primaryimage\"},\"image\":{\"@id\":\"https:\\\/\\\/trackcable.com\\\/de\\\/stahl-energiefuehrungsketten\\\/#primaryimage\"},\"thumbnailUrl\":\"https:\\\/\\\/trackcable.com\\\/wp-content\\\/uploads\\\/elementor\\\/thumbs\\\/xstore-placeholder-rj3jlu5zs0gj3781q9vnecqha2yq7do6zsotyv39wo.png\",\"datePublished\":\"2026-03-18T13:34:00+00:00\",\"dateModified\":\"2026-03-24T09:01:52+00:00\",\"description\":\"Entdecken Sie langlebige Stahlkabeltr\u00e4ger f\u00fcr schwere industrielle Anwendungen. Gebaut f\u00fcr St\u00e4rke und langanhaltende Leistung.\",\"breadcrumb\":{\"@id\":\"https:\\\/\\\/trackcable.com\\\/de\\\/stahl-energiefuehrungsketten\\\/#breadcrumb\"},\"inLanguage\":\"de\",\"potentialAction\":[{\"@type\":\"ReadAction\",\"target\":[\"https:\\\/\\\/trackcable.com\\\/de\\\/stahl-energiefuehrungsketten\\\/\"]}]},{\"@type\":\"ImageObject\",\"inLanguage\":\"de\",\"@id\":\"https:\\\/\\\/trackcable.com\\\/de\\\/stahl-energiefuehrungsketten\\\/#primaryimage\",\"url\":\"https:\\\/\\\/trackcable.com\\\/wp-content\\\/uploads\\\/elementor\\\/thumbs\\\/xstore-placeholder-rj3jlu5zs0gj3781q9vnecqha2yq7do6zsotyv39wo.png\",\"contentUrl\":\"https:\\\/\\\/trackcable.com\\\/wp-content\\\/uploads\\\/elementor\\\/thumbs\\\/xstore-placeholder-rj3jlu5zs0gj3781q9vnecqha2yq7do6zsotyv39wo.png\"},{\"@type\":\"BreadcrumbList\",\"@id\":\"https:\\\/\\\/trackcable.com\\\/de\\\/stahl-energiefuehrungsketten\\\/#breadcrumb\",\"itemListElement\":[{\"@type\":\"ListItem\",\"position\":1,\"name\":\"Startseite\",\"item\":\"https:\\\/\\\/trackcable.com\\\/de\\\/startseite\\\/\"},{\"@type\":\"ListItem\",\"position\":2,\"name\":\"Stahl-Energief\u00fchrungsketten\"}]},{\"@type\":\"WebSite\",\"@id\":\"https:\\\/\\\/trackcable.com\\\/de\\\/#website\",\"url\":\"https:\\\/\\\/trackcable.com\\\/de\\\/\",\"name\":\"trackcable.com\",\"description\":\"Precision in cable management\",\"publisher\":{\"@id\":\"https:\\\/\\\/trackcable.com\\\/de\\\/#organization\"},\"potentialAction\":[{\"@type\":\"SearchAction\",\"target\":{\"@type\":\"EntryPoint\",\"urlTemplate\":\"https:\\\/\\\/trackcable.com\\\/de\\\/?s={search_term_string}\"},\"query-input\":{\"@type\":\"PropertyValueSpecification\",\"valueRequired\":true,\"valueName\":\"search_term_string\"}}],\"inLanguage\":\"de\"},{\"@type\":\"Organization\",\"@id\":\"https:\\\/\\\/trackcable.com\\\/de\\\/#organization\",\"name\":\"TrackCable | Precision in industrial cable management\",\"url\":\"https:\\\/\\\/trackcable.com\\\/de\\\/\",\"logo\":{\"@type\":\"ImageObject\",\"inLanguage\":\"de\",\"@id\":\"https:\\\/\\\/trackcable.com\\\/de\\\/#\\\/schema\\\/logo\\\/image\\\/\",\"url\":\"https:\\\/\\\/trackcable.com\\\/wp-content\\\/uploads\\\/2026\\\/02\\\/TrackCable.jpg\",\"contentUrl\":\"https:\\\/\\\/trackcable.com\\\/wp-content\\\/uploads\\\/2026\\\/02\\\/TrackCable.jpg\",\"width\":600,\"height\":300,\"caption\":\"TrackCable | Precision in industrial cable management\"},\"image\":{\"@id\":\"https:\\\/\\\/trackcable.com\\\/de\\\/#\\\/schema\\\/logo\\\/image\\\/\"}}]}<\/script>\n<!-- \/ Yoast SEO plugin. -->","yoast_head_json":{"title":"Stahlkabeltr\u00e4ger f\u00fcr den schweren Einsatz | TrackCable","description":"Entdecken Sie langlebige Stahlkabeltr\u00e4ger f\u00fcr schwere industrielle Anwendungen. Gebaut f\u00fcr St\u00e4rke und langanhaltende Leistung.","robots":{"index":"index","follow":"follow","max-snippet":"max-snippet:-1","max-image-preview":"max-image-preview:large","max-video-preview":"max-video-preview:-1"},"canonical":"https:\/\/trackcable.com\/de\/stahl-energiefuehrungsketten\/","og_locale":"de_DE","og_type":"article","og_title":"Stahlkabeltr\u00e4ger f\u00fcr den schweren Einsatz | TrackCable","og_description":"Entdecken Sie langlebige Stahlkabeltr\u00e4ger f\u00fcr schwere industrielle Anwendungen. Gebaut f\u00fcr St\u00e4rke und langanhaltende Leistung.","og_url":"https:\/\/trackcable.com\/de\/stahl-energiefuehrungsketten\/","og_site_name":"trackcable.com","article_modified_time":"2026-03-24T09:01:52+00:00","og_image":[{"width":600,"height":375,"url":"https:\/\/trackcable.com\/wp-content\/uploads\/2026\/03\/S-TUBE.jpg","type":"image\/jpeg"}],"twitter_card":"summary_large_image","twitter_misc":{"Gesch\u00e4tzte Lesezeit":"1\u00a0Minute"},"schema":{"@context":"https:\/\/schema.org","@graph":[{"@type":"WebPage","@id":"https:\/\/trackcable.com\/de\/stahl-energiefuehrungsketten\/","url":"https:\/\/trackcable.com\/de\/stahl-energiefuehrungsketten\/","name":"Stahlkabeltr\u00e4ger f\u00fcr den schweren Einsatz | TrackCable","isPartOf":{"@id":"https:\/\/trackcable.com\/de\/#website"},"primaryImageOfPage":{"@id":"https:\/\/trackcable.com\/de\/stahl-energiefuehrungsketten\/#primaryimage"},"image":{"@id":"https:\/\/trackcable.com\/de\/stahl-energiefuehrungsketten\/#primaryimage"},"thumbnailUrl":"https:\/\/trackcable.com\/wp-content\/uploads\/elementor\/thumbs\/xstore-placeholder-rj3jlu5zs0gj3781q9vnecqha2yq7do6zsotyv39wo.png","datePublished":"2026-03-18T13:34:00+00:00","dateModified":"2026-03-24T09:01:52+00:00","description":"Entdecken Sie langlebige Stahlkabeltr\u00e4ger f\u00fcr schwere industrielle Anwendungen. Gebaut f\u00fcr St\u00e4rke und langanhaltende Leistung.","breadcrumb":{"@id":"https:\/\/trackcable.com\/de\/stahl-energiefuehrungsketten\/#breadcrumb"},"inLanguage":"de","potentialAction":[{"@type":"ReadAction","target":["https:\/\/trackcable.com\/de\/stahl-energiefuehrungsketten\/"]}]},{"@type":"ImageObject","inLanguage":"de","@id":"https:\/\/trackcable.com\/de\/stahl-energiefuehrungsketten\/#primaryimage","url":"https:\/\/trackcable.com\/wp-content\/uploads\/elementor\/thumbs\/xstore-placeholder-rj3jlu5zs0gj3781q9vnecqha2yq7do6zsotyv39wo.png","contentUrl":"https:\/\/trackcable.com\/wp-content\/uploads\/elementor\/thumbs\/xstore-placeholder-rj3jlu5zs0gj3781q9vnecqha2yq7do6zsotyv39wo.png"},{"@type":"BreadcrumbList","@id":"https:\/\/trackcable.com\/de\/stahl-energiefuehrungsketten\/#breadcrumb","itemListElement":[{"@type":"ListItem","position":1,"name":"Startseite","item":"https:\/\/trackcable.com\/de\/startseite\/"},{"@type":"ListItem","position":2,"name":"Stahl-Energief\u00fchrungsketten"}]},{"@type":"WebSite","@id":"https:\/\/trackcable.com\/de\/#website","url":"https:\/\/trackcable.com\/de\/","name":"trackcable.com","description":"Precision in cable management","publisher":{"@id":"https:\/\/trackcable.com\/de\/#organization"},"potentialAction":[{"@type":"SearchAction","target":{"@type":"EntryPoint","urlTemplate":"https:\/\/trackcable.com\/de\/?s={search_term_string}"},"query-input":{"@type":"PropertyValueSpecification","valueRequired":true,"valueName":"search_term_string"}}],"inLanguage":"de"},{"@type":"Organization","@id":"https:\/\/trackcable.com\/de\/#organization","name":"TrackCable | Precision in industrial cable management","url":"https:\/\/trackcable.com\/de\/","logo":{"@type":"ImageObject","inLanguage":"de","@id":"https:\/\/trackcable.com\/de\/#\/schema\/logo\/image\/","url":"https:\/\/trackcable.com\/wp-content\/uploads\/2026\/02\/TrackCable.jpg","contentUrl":"https:\/\/trackcable.com\/wp-content\/uploads\/2026\/02\/TrackCable.jpg","width":600,"height":300,"caption":"TrackCable | Precision in industrial cable management"},"image":{"@id":"https:\/\/trackcable.com\/de\/#\/schema\/logo\/image\/"}}]}},"_links":{"self":[{"href":"https:\/\/trackcable.com\/de\/wp-json\/wp\/v2\/pages\/7602","targetHints":{"allow":["GET"]}}],"collection":[{"href":"https:\/\/trackcable.com\/de\/wp-json\/wp\/v2\/pages"}],"about":[{"href":"https:\/\/trackcable.com\/de\/wp-json\/wp\/v2\/types\/page"}],"author":[{"embeddable":true,"href":"https:\/\/trackcable.com\/de\/wp-json\/wp\/v2\/users\/1"}],"replies":[{"embeddable":true,"href":"https:\/\/trackcable.com\/de\/wp-json\/wp\/v2\/comments?post=7602"}],"version-history":[{"count":2,"href":"https:\/\/trackcable.com\/de\/wp-json\/wp\/v2\/pages\/7602\/revisions"}],"predecessor-version":[{"id":9025,"href":"https:\/\/trackcable.com\/de\/wp-json\/wp\/v2\/pages\/7602\/revisions\/9025"}],"wp:attachment":[{"href":"https:\/\/trackcable.com\/de\/wp-json\/wp\/v2\/media?parent=7602"}],"curies":[{"name":"wp","href":"https:\/\/api.w.org\/{rel}","templated":true}]}}