{"id":11047,"date":"2026-02-19T13:12:58","date_gmt":"2026-02-19T13:12:58","guid":{"rendered":"https:\/\/trackcable.com\/product\/teiler-tka038-ts\/"},"modified":"2026-03-26T14:02:39","modified_gmt":"2026-03-26T14:02:39","slug":"teiler-tka038-ts","status":"publish","type":"product","link":"https:\/\/trackcable.com\/de\/produkt\/teiler-tka038-ts\/","title":{"rendered":"Teiler \u2013 TKA038-TS"},"content":{"rendered":"<p><strong data-start=\"0\" data-end=\"21\" data-is-only-node=\"\">Trennsteg \u2013 TKA038 TS<\/strong> ist ein praktischer Leitungstrenner f\u00fcr den Einsatz in der <span class=\"hover:entity-accent entity-underline inline cursor-pointer align-baseline\"><span class=\"whitespace-normal\">TSUBAKI KABELSCHLEPP<\/span><\/span> Energiekette TKA038. Dieser Trennsteg h\u00e4lt Kabel und Schl\u00e4uche innerhalb der Kette sauber getrennt, verhindert Verheddern, reduziert Verschlei\u00df und verbessert das gesamte Kabelmanagement in dynamischen Anwendungen. Er ist einfach zu installieren, langlebig und hilft, die Lebensdauer der Leitungen zu verl\u00e4ngern sowie ein organisiertes Layout der Leitungsf\u00fchrung beizubehalten.  <\/p>\n","protected":false},"excerpt":{"rendered":"<p><span style=\"font-size: 12px; line-height: 1.2; display: block;\"><br \/>\nKabeltr\u00e4gerteiler<br \/>\n<\/span><\/p>\n","protected":false},"featured_media":11055,"comment_status":"open","ping_status":"closed","template":"","meta":[],"etheme_brands":[{"term_id":703,"name":"Tsubaki Kabelschlepp","slug":"tsubaki-kabelschlepp","term_group":0,"term_taxonomy_id":703,"taxonomy":"brand","description":"Tsubaki Kabelschlepp ist ein weltweit anerkannter Anbieter von Energiekettensystemen und Kabelf\u00fchrungssystemen und liefert robuste, pr\u00e4zisionsgefertigte L\u00f6sungen zur F\u00fchrung und zum Schutz von Kabeln in dynamischen industriellen Anwendungen.","parent":0,"count":192,"filter":"raw"}],"product_brand":[],"product_cat":[286],"product_tag":[],"class_list":{"0":"post-11047","1":"product","2":"type-product","3":"status-publish","4":"has-post-thumbnail","6":"brand-tsubaki-kabelschlepp","7":"product_cat-trennstege","9":"first","10":"instock","11":"taxable","12":"shipping-taxable","13":"purchasable","14":"product-type-simple"},"yoast_head":"<!-- This site is optimized with the Yoast SEO plugin v27.3 - https:\/\/yoast.com\/product\/yoast-seo-wordpress\/ -->\n<title>Kabelschlepp TKA038-TS Trenner | TrackCable<\/title>\n<meta name=\"description\" content=\"Kaufen Sie Kabelschlepp TKA038-TS Trennstege f\u00fcr die organisierte Leitungsf\u00fchrung in Energiekettensystemen. Schnelle Lieferung verf\u00fcgbar.\" \/>\n<meta name=\"robots\" content=\"index, follow, max-snippet:-1, max-image-preview:large, max-video-preview:-1\" \/>\n<link rel=\"canonical\" href=\"https:\/\/trackcable.com\/de\/produkt\/teiler-tka038-ts\/\" \/>\n<meta property=\"og:locale\" content=\"de_DE\" \/>\n<meta property=\"og:type\" content=\"article\" \/>\n<meta property=\"og:title\" content=\"Kabelschlepp TKA038-TS Trenner | TrackCable\" \/>\n<meta property=\"og:description\" content=\"Kaufen Sie Kabelschlepp TKA038-TS Trennstege f\u00fcr die organisierte Leitungsf\u00fchrung in Energiekettensystemen. Schnelle Lieferung verf\u00fcgbar.\" \/>\n<meta property=\"og:url\" content=\"https:\/\/trackcable.com\/de\/produkt\/teiler-tka038-ts\/\" \/>\n<meta property=\"og:site_name\" content=\"trackcable.com\" \/>\n<meta property=\"article:modified_time\" content=\"2026-03-26T14:02:39+00:00\" \/>\n<meta property=\"og:image\" content=\"https:\/\/trackcable.com\/wp-content\/uploads\/2026\/02\/Divider-TKA38.jpg\" \/>\n\t<meta property=\"og:image:width\" content=\"300\" \/>\n\t<meta property=\"og:image:height\" content=\"199\" \/>\n\t<meta property=\"og:image:type\" content=\"image\/jpeg\" \/>\n<meta name=\"twitter:card\" content=\"summary_large_image\" \/>\n<script type=\"application\/ld+json\" class=\"yoast-schema-graph\">{\"@context\":\"https:\\\/\\\/schema.org\",\"@graph\":[{\"@type\":\"WebPage\",\"@id\":\"https:\\\/\\\/trackcable.com\\\/de\\\/produkt\\\/teiler-tka038-ts\\\/\",\"url\":\"https:\\\/\\\/trackcable.com\\\/de\\\/produkt\\\/teiler-tka038-ts\\\/\",\"name\":\"Kabelschlepp TKA038-TS Trenner | TrackCable\",\"isPartOf\":{\"@id\":\"https:\\\/\\\/trackcable.com\\\/de\\\/#website\"},\"primaryImageOfPage\":{\"@id\":\"https:\\\/\\\/trackcable.com\\\/de\\\/produkt\\\/teiler-tka038-ts\\\/#primaryimage\"},\"image\":{\"@id\":\"https:\\\/\\\/trackcable.com\\\/de\\\/produkt\\\/teiler-tka038-ts\\\/#primaryimage\"},\"thumbnailUrl\":\"https:\\\/\\\/trackcable.com\\\/wp-content\\\/uploads\\\/2026\\\/02\\\/Divider-TKA38.jpg\",\"datePublished\":\"2026-02-19T13:12:58+00:00\",\"dateModified\":\"2026-03-26T14:02:39+00:00\",\"description\":\"Kaufen Sie Kabelschlepp TKA038-TS Trennstege f\u00fcr die organisierte Leitungsf\u00fchrung in Energiekettensystemen. Schnelle Lieferung verf\u00fcgbar.\",\"breadcrumb\":{\"@id\":\"https:\\\/\\\/trackcable.com\\\/de\\\/produkt\\\/teiler-tka038-ts\\\/#breadcrumb\"},\"inLanguage\":\"de\",\"potentialAction\":[{\"@type\":\"ReadAction\",\"target\":[\"https:\\\/\\\/trackcable.com\\\/de\\\/produkt\\\/teiler-tka038-ts\\\/\"]}]},{\"@type\":\"ImageObject\",\"inLanguage\":\"de\",\"@id\":\"https:\\\/\\\/trackcable.com\\\/de\\\/produkt\\\/teiler-tka038-ts\\\/#primaryimage\",\"url\":\"https:\\\/\\\/trackcable.com\\\/wp-content\\\/uploads\\\/2026\\\/02\\\/Divider-TKA38.jpg\",\"contentUrl\":\"https:\\\/\\\/trackcable.com\\\/wp-content\\\/uploads\\\/2026\\\/02\\\/Divider-TKA38.jpg\",\"width\":300,\"height\":199,\"caption\":\"Eine digitale Zeichnung des Teilers \u2013 TKA038-TS, eine sechseckige, vertikale Halterung mit drei zentralen horizontalen Schlitzen und Haken oben und unten.\"},{\"@type\":\"BreadcrumbList\",\"@id\":\"https:\\\/\\\/trackcable.com\\\/de\\\/produkt\\\/teiler-tka038-ts\\\/#breadcrumb\",\"itemListElement\":[{\"@type\":\"ListItem\",\"position\":1,\"name\":\"Startseite\",\"item\":\"https:\\\/\\\/trackcable.com\\\/de\\\/startseite\\\/\"},{\"@type\":\"ListItem\",\"position\":2,\"name\":\"Shop\",\"item\":\"https:\\\/\\\/trackcable.com\\\/de\\\/shop\\\/\"},{\"@type\":\"ListItem\",\"position\":3,\"name\":\"Teiler \u2013 TKA038-TS\"}]},{\"@type\":\"WebSite\",\"@id\":\"https:\\\/\\\/trackcable.com\\\/de\\\/#website\",\"url\":\"https:\\\/\\\/trackcable.com\\\/de\\\/\",\"name\":\"trackcable.com\",\"description\":\"Precision in cable management\",\"publisher\":{\"@id\":\"https:\\\/\\\/trackcable.com\\\/de\\\/#organization\"},\"potentialAction\":[{\"@type\":\"SearchAction\",\"target\":{\"@type\":\"EntryPoint\",\"urlTemplate\":\"https:\\\/\\\/trackcable.com\\\/de\\\/?s={search_term_string}\"},\"query-input\":{\"@type\":\"PropertyValueSpecification\",\"valueRequired\":true,\"valueName\":\"search_term_string\"}}],\"inLanguage\":\"de\"},{\"@type\":\"Organization\",\"@id\":\"https:\\\/\\\/trackcable.com\\\/de\\\/#organization\",\"name\":\"TrackCable | Precision in industrial cable management\",\"url\":\"https:\\\/\\\/trackcable.com\\\/de\\\/\",\"logo\":{\"@type\":\"ImageObject\",\"inLanguage\":\"de\",\"@id\":\"https:\\\/\\\/trackcable.com\\\/de\\\/#\\\/schema\\\/logo\\\/image\\\/\",\"url\":\"https:\\\/\\\/trackcable.com\\\/wp-content\\\/uploads\\\/2026\\\/02\\\/TrackCable.jpg\",\"contentUrl\":\"https:\\\/\\\/trackcable.com\\\/wp-content\\\/uploads\\\/2026\\\/02\\\/TrackCable.jpg\",\"width\":600,\"height\":300,\"caption\":\"TrackCable | Precision in industrial cable management\"},\"image\":{\"@id\":\"https:\\\/\\\/trackcable.com\\\/de\\\/#\\\/schema\\\/logo\\\/image\\\/\"}}]}<\/script>\n<!-- \/ Yoast SEO plugin. -->","yoast_head_json":{"title":"Kabelschlepp TKA038-TS Trenner | TrackCable","description":"Kaufen Sie Kabelschlepp TKA038-TS Trennstege f\u00fcr die organisierte Leitungsf\u00fchrung in Energiekettensystemen. Schnelle Lieferung verf\u00fcgbar.","robots":{"index":"index","follow":"follow","max-snippet":"max-snippet:-1","max-image-preview":"max-image-preview:large","max-video-preview":"max-video-preview:-1"},"canonical":"https:\/\/trackcable.com\/de\/produkt\/teiler-tka038-ts\/","og_locale":"de_DE","og_type":"article","og_title":"Kabelschlepp TKA038-TS Trenner | TrackCable","og_description":"Kaufen Sie Kabelschlepp TKA038-TS Trennstege f\u00fcr die organisierte Leitungsf\u00fchrung in Energiekettensystemen. Schnelle Lieferung verf\u00fcgbar.","og_url":"https:\/\/trackcable.com\/de\/produkt\/teiler-tka038-ts\/","og_site_name":"trackcable.com","article_modified_time":"2026-03-26T14:02:39+00:00","og_image":[{"width":300,"height":199,"url":"https:\/\/trackcable.com\/wp-content\/uploads\/2026\/02\/Divider-TKA38.jpg","type":"image\/jpeg"}],"twitter_card":"summary_large_image","schema":{"@context":"https:\/\/schema.org","@graph":[{"@type":"WebPage","@id":"https:\/\/trackcable.com\/de\/produkt\/teiler-tka038-ts\/","url":"https:\/\/trackcable.com\/de\/produkt\/teiler-tka038-ts\/","name":"Kabelschlepp TKA038-TS Trenner | TrackCable","isPartOf":{"@id":"https:\/\/trackcable.com\/de\/#website"},"primaryImageOfPage":{"@id":"https:\/\/trackcable.com\/de\/produkt\/teiler-tka038-ts\/#primaryimage"},"image":{"@id":"https:\/\/trackcable.com\/de\/produkt\/teiler-tka038-ts\/#primaryimage"},"thumbnailUrl":"https:\/\/trackcable.com\/wp-content\/uploads\/2026\/02\/Divider-TKA38.jpg","datePublished":"2026-02-19T13:12:58+00:00","dateModified":"2026-03-26T14:02:39+00:00","description":"Kaufen Sie Kabelschlepp TKA038-TS Trennstege f\u00fcr die organisierte Leitungsf\u00fchrung in Energiekettensystemen. Schnelle Lieferung verf\u00fcgbar.","breadcrumb":{"@id":"https:\/\/trackcable.com\/de\/produkt\/teiler-tka038-ts\/#breadcrumb"},"inLanguage":"de","potentialAction":[{"@type":"ReadAction","target":["https:\/\/trackcable.com\/de\/produkt\/teiler-tka038-ts\/"]}]},{"@type":"ImageObject","inLanguage":"de","@id":"https:\/\/trackcable.com\/de\/produkt\/teiler-tka038-ts\/#primaryimage","url":"https:\/\/trackcable.com\/wp-content\/uploads\/2026\/02\/Divider-TKA38.jpg","contentUrl":"https:\/\/trackcable.com\/wp-content\/uploads\/2026\/02\/Divider-TKA38.jpg","width":300,"height":199,"caption":"Eine digitale Zeichnung des Teilers \u2013 TKA038-TS, eine sechseckige, vertikale Halterung mit drei zentralen horizontalen Schlitzen und Haken oben und unten."},{"@type":"BreadcrumbList","@id":"https:\/\/trackcable.com\/de\/produkt\/teiler-tka038-ts\/#breadcrumb","itemListElement":[{"@type":"ListItem","position":1,"name":"Startseite","item":"https:\/\/trackcable.com\/de\/startseite\/"},{"@type":"ListItem","position":2,"name":"Shop","item":"https:\/\/trackcable.com\/de\/shop\/"},{"@type":"ListItem","position":3,"name":"Teiler \u2013 TKA038-TS"}]},{"@type":"WebSite","@id":"https:\/\/trackcable.com\/de\/#website","url":"https:\/\/trackcable.com\/de\/","name":"trackcable.com","description":"Precision in cable management","publisher":{"@id":"https:\/\/trackcable.com\/de\/#organization"},"potentialAction":[{"@type":"SearchAction","target":{"@type":"EntryPoint","urlTemplate":"https:\/\/trackcable.com\/de\/?s={search_term_string}"},"query-input":{"@type":"PropertyValueSpecification","valueRequired":true,"valueName":"search_term_string"}}],"inLanguage":"de"},{"@type":"Organization","@id":"https:\/\/trackcable.com\/de\/#organization","name":"TrackCable | Precision in industrial cable management","url":"https:\/\/trackcable.com\/de\/","logo":{"@type":"ImageObject","inLanguage":"de","@id":"https:\/\/trackcable.com\/de\/#\/schema\/logo\/image\/","url":"https:\/\/trackcable.com\/wp-content\/uploads\/2026\/02\/TrackCable.jpg","contentUrl":"https:\/\/trackcable.com\/wp-content\/uploads\/2026\/02\/TrackCable.jpg","width":600,"height":300,"caption":"TrackCable | Precision in industrial cable management"},"image":{"@id":"https:\/\/trackcable.com\/de\/#\/schema\/logo\/image\/"}}]}},"_links":{"self":[{"href":"https:\/\/trackcable.com\/de\/wp-json\/wp\/v2\/product\/11047","targetHints":{"allow":["GET"]}}],"collection":[{"href":"https:\/\/trackcable.com\/de\/wp-json\/wp\/v2\/product"}],"about":[{"href":"https:\/\/trackcable.com\/de\/wp-json\/wp\/v2\/types\/product"}],"replies":[{"embeddable":true,"href":"https:\/\/trackcable.com\/de\/wp-json\/wp\/v2\/comments?post=11047"}],"version-history":[{"count":1,"href":"https:\/\/trackcable.com\/de\/wp-json\/wp\/v2\/product\/11047\/revisions"}],"predecessor-version":[{"id":13605,"href":"https:\/\/trackcable.com\/de\/wp-json\/wp\/v2\/product\/11047\/revisions\/13605"}],"wp:featuredmedia":[{"embeddable":true,"href":"https:\/\/trackcable.com\/de\/wp-json\/wp\/v2\/media\/11055"}],"wp:attachment":[{"href":"https:\/\/trackcable.com\/de\/wp-json\/wp\/v2\/media?parent=11047"}],"wp:term":[{"taxonomy":"brand","embeddable":true,"href":"https:\/\/trackcable.com\/de\/wp-json\/wp\/v2\/etheme_brands?post=11047"},{"taxonomy":"product_brand","embeddable":true,"href":"https:\/\/trackcable.com\/de\/wp-json\/wp\/v2\/product_brand?post=11047"},{"taxonomy":"product_cat","embeddable":true,"href":"https:\/\/trackcable.com\/de\/wp-json\/wp\/v2\/product_cat?post=11047"},{"taxonomy":"product_tag","embeddable":true,"href":"https:\/\/trackcable.com\/de\/wp-json\/wp\/v2\/product_tag?post=11047"}],"curies":[{"name":"wp","href":"https:\/\/api.w.org\/{rel}","templated":true}]}}