{"id":11432,"date":"2026-02-17T13:23:00","date_gmt":"2026-02-17T13:23:00","guid":{"rendered":"https:\/\/trackcable.com\/product\/kel-dpz-63-14-schwarz\/"},"modified":"2026-03-26T12:37:12","modified_gmt":"2026-03-26T12:37:12","slug":"kel-dpz-63-14-schwarz","status":"publish","type":"product","link":"https:\/\/trackcable.com\/de\/produkt\/kel-dpz-63-14-schwarz\/","title":{"rendered":"KEL-DPZ 63\/14 \u2013 Schwarz"},"content":{"rendered":"<h2 data-start=\"109\" data-end=\"135\"><a target=\"_blank\" class=\"btn  small\" href=\"https:\/\/www.icotek.com\/Produkte\/PG06%20Kabeldurchf%C3%BChrungen\/KEL-DPZ%20rund\/KEL-DPZ%2063\/Datenbl%C3%A4tter\/50762_KEL-DPZ-63-14_bk.PDF\"><span> Dokumentation<\/span><\/a><\/h2>\n<p>&nbsp;<\/p>\n<h2 data-start=\"72\" data-end=\"98\"><strong data-start=\"75\" data-end=\"98\">Produktbeschreibung<\/strong><\/h2>\n<p data-start=\"100\" data-end=\"419\">Dieser hochwertige runde Kabeleingang ist f\u00fcr die sichere und platzsparende Verlegung mehrerer Kabel in Steuerschr\u00e4nken, elektrischen Geh\u00e4usen und Industrieanlagen konzipiert. Hergestellt in Deutschland und aus langlebigem Elastomer und Polyamid (PA) gefertigt, bietet es eine ausgezeichnete Dichtungsleistung und langfristige Zuverl\u00e4ssigkeit. <\/p>\n<p data-start=\"421\" data-end=\"823\">Mit Schutzbestimmungen bis IP68 bietet dieser Kabeleingang eine starke Widerstandskraft gegen Staub, Feuchtigkeit und raue Umweltbedingungen. Die flexiblen Abdichtungseins\u00e4tze erm\u00f6glichen eine schnelle Installation mehrerer Kabeldurchmesser und gew\u00e4hrleisten gleichzeitig eine sichere Kabelbindung und organisiertes Kabelmanagement. Sein M63-Runddesign macht ihn ideal f\u00fcr Installationen, die eine gr\u00f6\u00dfere Einstiegsgr\u00f6\u00dfe mit zuverl\u00e4ssiger Abdichtung erfordern.  <\/p>\n<p data-start=\"825\" data-end=\"943\">Geeignet sowohl f\u00fcr Innen- als auch f\u00fcr Au\u00dfenumgebungen, funktioniert dieser Kabeleingang zuverl\u00e4ssig \u00fcber einen breiten Temperaturbereich.<\/p>\n<hr data-start=\"945\" data-end=\"948\">\n<h2 data-start=\"950\" data-end=\"971\"><strong data-start=\"953\" data-end=\"971\">Technische Daten<\/strong><\/h2>\n<ul data-start=\"973\" data-end=\"1408\">\n<li data-start=\"973\" data-end=\"998\">\n<p data-start=\"975\" data-end=\"998\"><strong data-start=\"975\" data-end=\"987\">HS-Code:<\/strong> 85472000<\/p>\n<\/li>\n<li data-start=\"999\" data-end=\"1033\">\n<p data-start=\"1001\" data-end=\"1033\"><strong data-start=\"1001\" data-end=\"1023\">Herkunftsland:<\/strong> Deutschland<\/p>\n<\/li>\n<li data-start=\"1034\" data-end=\"1077\">\n<p data-start=\"1036\" data-end=\"1077\"><strong data-start=\"1036\" data-end=\"1049\">Material:<\/strong> Elastomer, Polyamid (PA)<\/p>\n<\/li>\n<li data-start=\"1078\" data-end=\"1098\">\n<p data-start=\"1080\" data-end=\"1098\"><strong data-start=\"1080\" data-end=\"1090\">Farbe:<\/strong> Schwarz<\/p>\n<\/li>\n<li data-start=\"1099\" data-end=\"1119\">\n<p data-start=\"1101\" data-end=\"1119\"><strong data-start=\"1101\" data-end=\"1112\">H\u00f6he:<\/strong> 8 mm<\/p>\n<\/li>\n<li data-start=\"1120\" data-end=\"1170\">\n<p data-start=\"1122\" data-end=\"1170\"><strong data-start=\"1122\" data-end=\"1152\">Gr\u00f6\u00dfe des Installationsausschnitts:<\/strong> \u00d8 63,5 mm (M63)<\/p>\n<\/li>\n<li data-start=\"1171\" data-end=\"1202\">\n<p data-start=\"1173\" data-end=\"1202\"><strong data-start=\"1173\" data-end=\"1192\">Au\u00dfendurchmesser:<\/strong> \u00d8 75 mm<\/p>\n<\/li>\n<li data-start=\"1203\" data-end=\"1223\">\n<p data-start=\"1205\" data-end=\"1223\"><strong data-start=\"1205\" data-end=\"1215\">Tiefe:<\/strong> 14 mm<\/p>\n<\/li>\n<li data-start=\"1224\" data-end=\"1262\">\n<p data-start=\"1226\" data-end=\"1262\"><strong data-start=\"1226\" data-end=\"1245\">Spannweite:<\/strong> 14 \u00d7 5\u201310,2 mm<\/p>\n<\/li>\n<li data-start=\"1263\" data-end=\"1305\">\n<p data-start=\"1265\" data-end=\"1305\"><strong data-start=\"1265\" data-end=\"1287\">Temperaturbereich:<\/strong> -40\u00b0C bis +100\u00b0C<\/p>\n<\/li>\n<li data-start=\"1306\" data-end=\"1379\">\n<p data-start=\"1308\" data-end=\"1379\"><strong data-start=\"1308\" data-end=\"1330\">Schutzbewertung:<\/strong> IP54 \/ IP55 \/ IP64 \/ IP65 \/ IP66 \/ IP67 \/ IP68<\/p>\n<\/li>\n<li data-start=\"1380\" data-end=\"1408\">\n<p data-start=\"1382\" data-end=\"1408\"><strong data-start=\"1382\" data-end=\"1397\">Nettogewicht:<\/strong> 0,051 kg<\/p>\n<\/li>\n<\/ul>\n","protected":false},"excerpt":{"rendered":"<p>&nbsp; Produktbeschreibung Dieser hochwertige runde Kabeleingang ist f\u00fcr die sichere und platzsparende Verlegung mehrerer Kabel in Steuerschr\u00e4nken, elektrischen Geh\u00e4usen und Industrieanlagen konzipiert. Hergestellt in Deutschland&#8230;<\/p>\n","protected":false},"featured_media":11434,"comment_status":"open","ping_status":"closed","template":"","meta":[],"etheme_brands":[{"term_id":697,"name":"Icotek","slug":"icotek","term_group":0,"term_taxonomy_id":697,"taxonomy":"brand","description":"Icotek ist ein f\u00fchrender Hersteller innovativer Kabelmanagement- und Einf\u00fchrungsl\u00f6sungen, spezialisiert auf modulare Systeme, die eine schnelle Installation und zuverl\u00e4ssige Abdichtung f\u00fcr industrielle und elektrotechnische Anwendungen weltweit erm\u00f6glichen.","parent":0,"count":125,"filter":"raw"}],"product_brand":[],"product_cat":[277],"product_tag":[],"class_list":{"0":"post-11432","1":"product","2":"type-product","3":"status-publish","4":"has-post-thumbnail","6":"brand-icotek","7":"product_cat-kabeleinfuhrungsplatten","9":"first","10":"instock","11":"sale","12":"taxable","13":"shipping-taxable","14":"purchasable","15":"product-type-simple"},"yoast_head":"<!-- This site is optimized with the Yoast SEO plugin v27.3 - https:\/\/yoast.com\/product\/yoast-seo-wordpress\/ -->\n<title>Icotek KEL-DPZ 63\/14 Schwarz (50762) | TrackCable<\/title>\n<meta name=\"description\" content=\"Kaufen Sie die Icotek KEL-DPZ 63\/14 Kabelzugangsplatte (50762) in Schwarz f\u00fcr schnelle Kabelf\u00fchrung und zuverl\u00e4ssige Abdichtung. Ideal f\u00fcr das Management von hochdichten Kabeln.\" \/>\n<meta name=\"robots\" content=\"index, follow, max-snippet:-1, max-image-preview:large, max-video-preview:-1\" \/>\n<link rel=\"canonical\" href=\"https:\/\/trackcable.com\/de\/produkt\/kel-dpz-63-14-schwarz\/\" \/>\n<meta property=\"og:locale\" content=\"de_DE\" \/>\n<meta property=\"og:type\" content=\"article\" \/>\n<meta property=\"og:title\" content=\"Icotek KEL-DPZ 63\/14 Schwarz (50762) | TrackCable\" \/>\n<meta property=\"og:description\" content=\"Kaufen Sie die Icotek KEL-DPZ 63\/14 Kabelzugangsplatte (50762) in Schwarz f\u00fcr schnelle Kabelf\u00fchrung und zuverl\u00e4ssige Abdichtung. Ideal f\u00fcr das Management von hochdichten Kabeln.\" \/>\n<meta property=\"og:url\" content=\"https:\/\/trackcable.com\/de\/produkt\/kel-dpz-63-14-schwarz\/\" \/>\n<meta property=\"og:site_name\" content=\"trackcable.com\" \/>\n<meta property=\"article:modified_time\" content=\"2026-03-26T12:37:12+00:00\" \/>\n<meta property=\"og:image\" content=\"https:\/\/trackcable.com\/wp-content\/uploads\/2026\/02\/50762.jpg\" \/>\n\t<meta property=\"og:image:width\" content=\"300\" \/>\n\t<meta property=\"og:image:height\" content=\"199\" \/>\n\t<meta property=\"og:image:type\" content=\"image\/jpeg\" \/>\n<meta name=\"twitter:card\" content=\"summary_large_image\" \/>\n<meta name=\"twitter:label1\" content=\"Gesch\u00e4tzte Lesezeit\" \/>\n\t<meta name=\"twitter:data1\" content=\"1\u00a0Minute\" \/>\n<script type=\"application\/ld+json\" class=\"yoast-schema-graph\">{\"@context\":\"https:\\\/\\\/schema.org\",\"@graph\":[{\"@type\":\"WebPage\",\"@id\":\"https:\\\/\\\/trackcable.com\\\/de\\\/produkt\\\/kel-dpz-63-14-schwarz\\\/\",\"url\":\"https:\\\/\\\/trackcable.com\\\/de\\\/produkt\\\/kel-dpz-63-14-schwarz\\\/\",\"name\":\"Icotek KEL-DPZ 63\\\/14 Schwarz (50762) | TrackCable\",\"isPartOf\":{\"@id\":\"https:\\\/\\\/trackcable.com\\\/de\\\/#website\"},\"primaryImageOfPage\":{\"@id\":\"https:\\\/\\\/trackcable.com\\\/de\\\/produkt\\\/kel-dpz-63-14-schwarz\\\/#primaryimage\"},\"image\":{\"@id\":\"https:\\\/\\\/trackcable.com\\\/de\\\/produkt\\\/kel-dpz-63-14-schwarz\\\/#primaryimage\"},\"thumbnailUrl\":\"https:\\\/\\\/trackcable.com\\\/wp-content\\\/uploads\\\/2026\\\/02\\\/50762.jpg\",\"datePublished\":\"2026-02-17T13:23:00+00:00\",\"dateModified\":\"2026-03-26T12:37:12+00:00\",\"description\":\"Kaufen Sie die Icotek KEL-DPZ 63\\\/14 Kabelzugangsplatte (50762) in Schwarz f\u00fcr schnelle Kabelf\u00fchrung und zuverl\u00e4ssige Abdichtung. Ideal f\u00fcr das Management von hochdichten Kabeln.\",\"breadcrumb\":{\"@id\":\"https:\\\/\\\/trackcable.com\\\/de\\\/produkt\\\/kel-dpz-63-14-schwarz\\\/#breadcrumb\"},\"inLanguage\":\"de\",\"potentialAction\":[{\"@type\":\"ReadAction\",\"target\":[\"https:\\\/\\\/trackcable.com\\\/de\\\/produkt\\\/kel-dpz-63-14-schwarz\\\/\"]}]},{\"@type\":\"ImageObject\",\"inLanguage\":\"de\",\"@id\":\"https:\\\/\\\/trackcable.com\\\/de\\\/produkt\\\/kel-dpz-63-14-schwarz\\\/#primaryimage\",\"url\":\"https:\\\/\\\/trackcable.com\\\/wp-content\\\/uploads\\\/2026\\\/02\\\/50762.jpg\",\"contentUrl\":\"https:\\\/\\\/trackcable.com\\\/wp-content\\\/uploads\\\/2026\\\/02\\\/50762.jpg\",\"width\":300,\"height\":199,\"caption\":\"A KEL-DPZ 63\\\/14 \u2013 Schwarzer Silikon-Puck, rund mit kleinen kreisf\u00f6rmigen Vertiefungen auf der Oberseite, leicht schr\u00e4g gegen einen wei\u00dfen Hintergrund sichtbar.\"},{\"@type\":\"BreadcrumbList\",\"@id\":\"https:\\\/\\\/trackcable.com\\\/de\\\/produkt\\\/kel-dpz-63-14-schwarz\\\/#breadcrumb\",\"itemListElement\":[{\"@type\":\"ListItem\",\"position\":1,\"name\":\"Startseite\",\"item\":\"https:\\\/\\\/trackcable.com\\\/de\\\/startseite\\\/\"},{\"@type\":\"ListItem\",\"position\":2,\"name\":\"Shop\",\"item\":\"https:\\\/\\\/trackcable.com\\\/de\\\/shop\\\/\"},{\"@type\":\"ListItem\",\"position\":3,\"name\":\"KEL-DPZ 63\\\/14 \u2013 Schwarz\"}]},{\"@type\":\"WebSite\",\"@id\":\"https:\\\/\\\/trackcable.com\\\/de\\\/#website\",\"url\":\"https:\\\/\\\/trackcable.com\\\/de\\\/\",\"name\":\"trackcable.com\",\"description\":\"Precision in cable management\",\"publisher\":{\"@id\":\"https:\\\/\\\/trackcable.com\\\/de\\\/#organization\"},\"potentialAction\":[{\"@type\":\"SearchAction\",\"target\":{\"@type\":\"EntryPoint\",\"urlTemplate\":\"https:\\\/\\\/trackcable.com\\\/de\\\/?s={search_term_string}\"},\"query-input\":{\"@type\":\"PropertyValueSpecification\",\"valueRequired\":true,\"valueName\":\"search_term_string\"}}],\"inLanguage\":\"de\"},{\"@type\":\"Organization\",\"@id\":\"https:\\\/\\\/trackcable.com\\\/de\\\/#organization\",\"name\":\"TrackCable | Precision in industrial cable management\",\"url\":\"https:\\\/\\\/trackcable.com\\\/de\\\/\",\"logo\":{\"@type\":\"ImageObject\",\"inLanguage\":\"de\",\"@id\":\"https:\\\/\\\/trackcable.com\\\/de\\\/#\\\/schema\\\/logo\\\/image\\\/\",\"url\":\"https:\\\/\\\/trackcable.com\\\/wp-content\\\/uploads\\\/2026\\\/02\\\/TrackCable.jpg\",\"contentUrl\":\"https:\\\/\\\/trackcable.com\\\/wp-content\\\/uploads\\\/2026\\\/02\\\/TrackCable.jpg\",\"width\":600,\"height\":300,\"caption\":\"TrackCable | Precision in industrial cable management\"},\"image\":{\"@id\":\"https:\\\/\\\/trackcable.com\\\/de\\\/#\\\/schema\\\/logo\\\/image\\\/\"}}]}<\/script>\n<!-- \/ Yoast SEO plugin. -->","yoast_head_json":{"title":"Icotek KEL-DPZ 63\/14 Schwarz (50762) | TrackCable","description":"Kaufen Sie die Icotek KEL-DPZ 63\/14 Kabelzugangsplatte (50762) in Schwarz f\u00fcr schnelle Kabelf\u00fchrung und zuverl\u00e4ssige Abdichtung. Ideal f\u00fcr das Management von hochdichten Kabeln.","robots":{"index":"index","follow":"follow","max-snippet":"max-snippet:-1","max-image-preview":"max-image-preview:large","max-video-preview":"max-video-preview:-1"},"canonical":"https:\/\/trackcable.com\/de\/produkt\/kel-dpz-63-14-schwarz\/","og_locale":"de_DE","og_type":"article","og_title":"Icotek KEL-DPZ 63\/14 Schwarz (50762) | TrackCable","og_description":"Kaufen Sie die Icotek KEL-DPZ 63\/14 Kabelzugangsplatte (50762) in Schwarz f\u00fcr schnelle Kabelf\u00fchrung und zuverl\u00e4ssige Abdichtung. Ideal f\u00fcr das Management von hochdichten Kabeln.","og_url":"https:\/\/trackcable.com\/de\/produkt\/kel-dpz-63-14-schwarz\/","og_site_name":"trackcable.com","article_modified_time":"2026-03-26T12:37:12+00:00","og_image":[{"width":300,"height":199,"url":"https:\/\/trackcable.com\/wp-content\/uploads\/2026\/02\/50762.jpg","type":"image\/jpeg"}],"twitter_card":"summary_large_image","twitter_misc":{"Gesch\u00e4tzte Lesezeit":"1\u00a0Minute"},"schema":{"@context":"https:\/\/schema.org","@graph":[{"@type":"WebPage","@id":"https:\/\/trackcable.com\/de\/produkt\/kel-dpz-63-14-schwarz\/","url":"https:\/\/trackcable.com\/de\/produkt\/kel-dpz-63-14-schwarz\/","name":"Icotek KEL-DPZ 63\/14 Schwarz (50762) | TrackCable","isPartOf":{"@id":"https:\/\/trackcable.com\/de\/#website"},"primaryImageOfPage":{"@id":"https:\/\/trackcable.com\/de\/produkt\/kel-dpz-63-14-schwarz\/#primaryimage"},"image":{"@id":"https:\/\/trackcable.com\/de\/produkt\/kel-dpz-63-14-schwarz\/#primaryimage"},"thumbnailUrl":"https:\/\/trackcable.com\/wp-content\/uploads\/2026\/02\/50762.jpg","datePublished":"2026-02-17T13:23:00+00:00","dateModified":"2026-03-26T12:37:12+00:00","description":"Kaufen Sie die Icotek KEL-DPZ 63\/14 Kabelzugangsplatte (50762) in Schwarz f\u00fcr schnelle Kabelf\u00fchrung und zuverl\u00e4ssige Abdichtung. Ideal f\u00fcr das Management von hochdichten Kabeln.","breadcrumb":{"@id":"https:\/\/trackcable.com\/de\/produkt\/kel-dpz-63-14-schwarz\/#breadcrumb"},"inLanguage":"de","potentialAction":[{"@type":"ReadAction","target":["https:\/\/trackcable.com\/de\/produkt\/kel-dpz-63-14-schwarz\/"]}]},{"@type":"ImageObject","inLanguage":"de","@id":"https:\/\/trackcable.com\/de\/produkt\/kel-dpz-63-14-schwarz\/#primaryimage","url":"https:\/\/trackcable.com\/wp-content\/uploads\/2026\/02\/50762.jpg","contentUrl":"https:\/\/trackcable.com\/wp-content\/uploads\/2026\/02\/50762.jpg","width":300,"height":199,"caption":"A KEL-DPZ 63\/14 \u2013 Schwarzer Silikon-Puck, rund mit kleinen kreisf\u00f6rmigen Vertiefungen auf der Oberseite, leicht schr\u00e4g gegen einen wei\u00dfen Hintergrund sichtbar."},{"@type":"BreadcrumbList","@id":"https:\/\/trackcable.com\/de\/produkt\/kel-dpz-63-14-schwarz\/#breadcrumb","itemListElement":[{"@type":"ListItem","position":1,"name":"Startseite","item":"https:\/\/trackcable.com\/de\/startseite\/"},{"@type":"ListItem","position":2,"name":"Shop","item":"https:\/\/trackcable.com\/de\/shop\/"},{"@type":"ListItem","position":3,"name":"KEL-DPZ 63\/14 \u2013 Schwarz"}]},{"@type":"WebSite","@id":"https:\/\/trackcable.com\/de\/#website","url":"https:\/\/trackcable.com\/de\/","name":"trackcable.com","description":"Precision in cable management","publisher":{"@id":"https:\/\/trackcable.com\/de\/#organization"},"potentialAction":[{"@type":"SearchAction","target":{"@type":"EntryPoint","urlTemplate":"https:\/\/trackcable.com\/de\/?s={search_term_string}"},"query-input":{"@type":"PropertyValueSpecification","valueRequired":true,"valueName":"search_term_string"}}],"inLanguage":"de"},{"@type":"Organization","@id":"https:\/\/trackcable.com\/de\/#organization","name":"TrackCable | Precision in industrial cable management","url":"https:\/\/trackcable.com\/de\/","logo":{"@type":"ImageObject","inLanguage":"de","@id":"https:\/\/trackcable.com\/de\/#\/schema\/logo\/image\/","url":"https:\/\/trackcable.com\/wp-content\/uploads\/2026\/02\/TrackCable.jpg","contentUrl":"https:\/\/trackcable.com\/wp-content\/uploads\/2026\/02\/TrackCable.jpg","width":600,"height":300,"caption":"TrackCable | Precision in industrial cable management"},"image":{"@id":"https:\/\/trackcable.com\/de\/#\/schema\/logo\/image\/"}}]}},"_links":{"self":[{"href":"https:\/\/trackcable.com\/de\/wp-json\/wp\/v2\/product\/11432","targetHints":{"allow":["GET"]}}],"collection":[{"href":"https:\/\/trackcable.com\/de\/wp-json\/wp\/v2\/product"}],"about":[{"href":"https:\/\/trackcable.com\/de\/wp-json\/wp\/v2\/types\/product"}],"replies":[{"embeddable":true,"href":"https:\/\/trackcable.com\/de\/wp-json\/wp\/v2\/comments?post=11432"}],"version-history":[{"count":1,"href":"https:\/\/trackcable.com\/de\/wp-json\/wp\/v2\/product\/11432\/revisions"}],"predecessor-version":[{"id":12750,"href":"https:\/\/trackcable.com\/de\/wp-json\/wp\/v2\/product\/11432\/revisions\/12750"}],"wp:featuredmedia":[{"embeddable":true,"href":"https:\/\/trackcable.com\/de\/wp-json\/wp\/v2\/media\/11434"}],"wp:attachment":[{"href":"https:\/\/trackcable.com\/de\/wp-json\/wp\/v2\/media?parent=11432"}],"wp:term":[{"taxonomy":"brand","embeddable":true,"href":"https:\/\/trackcable.com\/de\/wp-json\/wp\/v2\/etheme_brands?post=11432"},{"taxonomy":"product_brand","embeddable":true,"href":"https:\/\/trackcable.com\/de\/wp-json\/wp\/v2\/product_brand?post=11432"},{"taxonomy":"product_cat","embeddable":true,"href":"https:\/\/trackcable.com\/de\/wp-json\/wp\/v2\/product_cat?post=11432"},{"taxonomy":"product_tag","embeddable":true,"href":"https:\/\/trackcable.com\/de\/wp-json\/wp\/v2\/product_tag?post=11432"}],"curies":[{"name":"wp","href":"https:\/\/api.w.org\/{rel}","templated":true}]}}