{"id":11457,"date":"2026-02-17T13:17:53","date_gmt":"2026-02-17T13:17:53","guid":{"rendered":"https:\/\/trackcable.com\/product\/kel-dpz-50-78-grau\/"},"modified":"2026-03-26T12:37:17","modified_gmt":"2026-03-26T12:37:17","slug":"kel-dpz-50-78-grau","status":"publish","type":"product","link":"https:\/\/trackcable.com\/de\/produkt\/kel-dpz-50-78-grau\/","title":{"rendered":"KEL-DPZ 50\/78 \u2013 Grau"},"content":{"rendered":"<h2 data-start=\"109\" data-end=\"135\"><a target=\"_blank\" class=\"btn  small\" href=\"https:\/\/www.icotek.com\/Produkte\/PG06%20Kabeldurchf%C3%BChrungen\/KEL-DPZ%20rund\/KEL-DPZ%2050\/Datenbl%C3%A4tter\/43756_KEL-DPZ-50-78_gy.PDF\"><span> Dokumentation<\/span><\/a><\/h2>\n<p>&nbsp;<\/p>\n<h2 data-start=\"72\" data-end=\"98\"><strong data-start=\"75\" data-end=\"98\">Produktbeschreibung<\/strong><\/h2>\n<p data-start=\"100\" data-end=\"460\">Dieser ultra-hochdichte, runde Kabeleingang ist f\u00fcr die sichere und platzsparende Verlegung einer gro\u00dfen Anzahl sehr kleiner Kabel in Steuerungsschr\u00e4nken, elektrischen Geh\u00e4usen und Industrieanlagen konzipiert. Hergestellt in Deutschland und aus hochwertigem Elastomer und Polyamid (PA) hergestellt, bietet es eine ausgezeichnete Dichtungsleistung und eine langfristige Haltbarkeit. <\/p>\n<p data-start=\"462\" data-end=\"840\">Mit Schutzbestimmungen bis zu IP68 bietet dieser Kabeleingang zuverl\u00e4ssige Widerstandsf\u00e4higkeit gegen Staub und Wasser. Die flexiblen Abdichtungseins\u00e4tze erm\u00f6glichen es, bis zu 78 kleine Kabel schnell zu installieren, w\u00e4hrend gleichzeitig eine starke Kabelbindung und ein organisiertes Kabelmanagement erhalten bleiben. Sein kompaktes M50-Design macht es ideal f\u00fcr Installationen, bei denen maximale Kabeldichte und zuverl\u00e4ssige Abdichtung erforderlich sind.  <\/p>\n<p data-start=\"842\" data-end=\"960\">Geeignet sowohl f\u00fcr Innen- als auch f\u00fcr Au\u00dfenumgebungen, funktioniert dieser Kabeleingang zuverl\u00e4ssig \u00fcber einen breiten Temperaturbereich.<\/p>\n<hr data-start=\"962\" data-end=\"965\">\n<h2 data-start=\"967\" data-end=\"988\"><strong data-start=\"970\" data-end=\"988\">Technische Daten<\/strong><\/h2>\n<ul data-start=\"990\" data-end=\"1450\">\n<li data-start=\"990\" data-end=\"1015\">\n<p data-start=\"992\" data-end=\"1015\"><strong data-start=\"992\" data-end=\"1004\">HS-Code:<\/strong> 85472000<\/p>\n<\/li>\n<li data-start=\"1016\" data-end=\"1050\">\n<p data-start=\"1018\" data-end=\"1050\"><strong data-start=\"1018\" data-end=\"1040\">Herkunftsland:<\/strong> Deutschland<\/p>\n<\/li>\n<li data-start=\"1051\" data-end=\"1094\">\n<p data-start=\"1053\" data-end=\"1094\"><strong data-start=\"1053\" data-end=\"1066\">Material:<\/strong> Elastomer, Polyamid (PA)<\/p>\n<\/li>\n<li data-start=\"1095\" data-end=\"1114\">\n<p data-start=\"1097\" data-end=\"1114\"><strong data-start=\"1097\" data-end=\"1107\">Farbe:<\/strong> Grau<\/p>\n<\/li>\n<li data-start=\"1115\" data-end=\"1135\">\n<p data-start=\"1117\" data-end=\"1135\"><strong data-start=\"1117\" data-end=\"1128\">H\u00f6he:<\/strong> 8 mm<\/p>\n<\/li>\n<li data-start=\"1136\" data-end=\"1186\">\n<p data-start=\"1138\" data-end=\"1186\"><strong data-start=\"1138\" data-end=\"1168\">Gr\u00f6\u00dfe des Installationsausschnitts:<\/strong> \u00d8 50,5 mm (M50)<\/p>\n<\/li>\n<li data-start=\"1187\" data-end=\"1218\">\n<p data-start=\"1189\" data-end=\"1218\"><strong data-start=\"1189\" data-end=\"1208\">Au\u00dfendurchmesser:<\/strong> \u00d8 62 mm<\/p>\n<\/li>\n<li data-start=\"1219\" data-end=\"1239\">\n<p data-start=\"1221\" data-end=\"1239\"><strong data-start=\"1221\" data-end=\"1231\">Tiefe:<\/strong> 14 mm<\/p>\n<\/li>\n<li data-start=\"1240\" data-end=\"1304\">\n<p data-start=\"1242\" data-end=\"1263\"><strong data-start=\"1242\" data-end=\"1261\">Spannreichweite:<\/strong><\/p>\n<ul data-start=\"1266\" data-end=\"1304\">\n<li data-start=\"1266\" data-end=\"1285\">\n<p data-start=\"1268\" data-end=\"1285\">76 \u00d7 1,5\u20132,6 mm<\/p>\n<\/li>\n<li data-start=\"1288\" data-end=\"1304\">\n<p data-start=\"1290\" data-end=\"1304\">2 \u00d7 2,5\u20135 mm<\/p>\n<\/li>\n<\/ul>\n<\/li>\n<li data-start=\"1305\" data-end=\"1347\">\n<p data-start=\"1307\" data-end=\"1347\"><strong data-start=\"1307\" data-end=\"1329\">Temperaturbereich:<\/strong> -40\u00b0C bis +100\u00b0C<\/p>\n<\/li>\n<li data-start=\"1348\" data-end=\"1421\">\n<p data-start=\"1350\" data-end=\"1421\"><strong data-start=\"1350\" data-end=\"1372\">Schutzbewertung:<\/strong> IP54 \/ IP55 \/ IP64 \/ IP65 \/ IP66 \/ IP67 \/ IP68<\/p>\n<\/li>\n<li data-start=\"1422\" data-end=\"1450\">\n<p data-start=\"1424\" data-end=\"1450\"><strong data-start=\"1424\" data-end=\"1439\">Nettogewicht:<\/strong> 0,039 kg<\/p>\n<\/li>\n<\/ul>\n","protected":false},"excerpt":{"rendered":"<p>&nbsp; Produktbeschreibung Dieser ultra-hochdichte, runde Kabeleingang ist f\u00fcr die sichere und platzsparende Verlegung einer gro\u00dfen Anzahl sehr kleiner Kabel in Steuerungsschr\u00e4nken, elektrischen Geh\u00e4usen und Industrieanlagen&#8230;<\/p>\n","protected":false},"featured_media":11458,"comment_status":"open","ping_status":"closed","template":"","meta":[],"etheme_brands":[{"term_id":697,"name":"Icotek","slug":"icotek","term_group":0,"term_taxonomy_id":697,"taxonomy":"brand","description":"Icotek ist ein f\u00fchrender Hersteller innovativer Kabelmanagement- und Einf\u00fchrungsl\u00f6sungen, spezialisiert auf modulare Systeme, die eine schnelle Installation und zuverl\u00e4ssige Abdichtung f\u00fcr industrielle und elektrotechnische Anwendungen weltweit erm\u00f6glichen.","parent":0,"count":125,"filter":"raw"}],"product_brand":[],"product_cat":[277],"product_tag":[],"class_list":{"0":"post-11457","1":"product","2":"type-product","3":"status-publish","4":"has-post-thumbnail","6":"brand-icotek","7":"product_cat-kabeleinfuhrungsplatten","9":"first","10":"instock","11":"sale","12":"taxable","13":"shipping-taxable","14":"purchasable","15":"product-type-simple"},"yoast_head":"<!-- This site is optimized with the Yoast SEO plugin v27.3 - https:\/\/yoast.com\/product\/yoast-seo-wordpress\/ -->\n<title>Icotek KEL-DPZ 50\/78 Grau (43756) | TrackCable<\/title>\n<meta name=\"description\" content=\"Kaufen Sie die Icotek KEL-DPZ 50\/78 Kabelzugangsplatte (43756) in Grau f\u00fcr schnelle Kabelf\u00fchrung und zuverl\u00e4ssige Abdichtung. Ideal f\u00fcr das Management von hochdichten Kabeln.\" \/>\n<meta name=\"robots\" content=\"index, follow, max-snippet:-1, max-image-preview:large, max-video-preview:-1\" \/>\n<link rel=\"canonical\" href=\"https:\/\/trackcable.com\/de\/produkt\/kel-dpz-50-78-grau\/\" \/>\n<meta property=\"og:locale\" content=\"de_DE\" \/>\n<meta property=\"og:type\" content=\"article\" \/>\n<meta property=\"og:title\" content=\"Icotek KEL-DPZ 50\/78 Grau (43756) | TrackCable\" \/>\n<meta property=\"og:description\" content=\"Kaufen Sie die Icotek KEL-DPZ 50\/78 Kabelzugangsplatte (43756) in Grau f\u00fcr schnelle Kabelf\u00fchrung und zuverl\u00e4ssige Abdichtung. Ideal f\u00fcr das Management von hochdichten Kabeln.\" \/>\n<meta property=\"og:url\" content=\"https:\/\/trackcable.com\/de\/produkt\/kel-dpz-50-78-grau\/\" \/>\n<meta property=\"og:site_name\" content=\"trackcable.com\" \/>\n<meta property=\"article:modified_time\" content=\"2026-03-26T12:37:17+00:00\" \/>\n<meta property=\"og:image\" content=\"https:\/\/trackcable.com\/wp-content\/uploads\/2026\/02\/43756.jpg\" \/>\n\t<meta property=\"og:image:width\" content=\"300\" \/>\n\t<meta property=\"og:image:height\" content=\"199\" \/>\n\t<meta property=\"og:image:type\" content=\"image\/jpeg\" \/>\n<meta name=\"twitter:card\" content=\"summary_large_image\" \/>\n<meta name=\"twitter:label1\" content=\"Gesch\u00e4tzte Lesezeit\" \/>\n\t<meta name=\"twitter:data1\" content=\"1\u00a0Minute\" \/>\n<script type=\"application\/ld+json\" class=\"yoast-schema-graph\">{\"@context\":\"https:\\\/\\\/schema.org\",\"@graph\":[{\"@type\":\"WebPage\",\"@id\":\"https:\\\/\\\/trackcable.com\\\/de\\\/produkt\\\/kel-dpz-50-78-grau\\\/\",\"url\":\"https:\\\/\\\/trackcable.com\\\/de\\\/produkt\\\/kel-dpz-50-78-grau\\\/\",\"name\":\"Icotek KEL-DPZ 50\\\/78 Grau (43756) | TrackCable\",\"isPartOf\":{\"@id\":\"https:\\\/\\\/trackcable.com\\\/de\\\/#website\"},\"primaryImageOfPage\":{\"@id\":\"https:\\\/\\\/trackcable.com\\\/de\\\/produkt\\\/kel-dpz-50-78-grau\\\/#primaryimage\"},\"image\":{\"@id\":\"https:\\\/\\\/trackcable.com\\\/de\\\/produkt\\\/kel-dpz-50-78-grau\\\/#primaryimage\"},\"thumbnailUrl\":\"https:\\\/\\\/trackcable.com\\\/wp-content\\\/uploads\\\/2026\\\/02\\\/43756.jpg\",\"datePublished\":\"2026-02-17T13:17:53+00:00\",\"dateModified\":\"2026-03-26T12:37:17+00:00\",\"description\":\"Kaufen Sie die Icotek KEL-DPZ 50\\\/78 Kabelzugangsplatte (43756) in Grau f\u00fcr schnelle Kabelf\u00fchrung und zuverl\u00e4ssige Abdichtung. Ideal f\u00fcr das Management von hochdichten Kabeln.\",\"breadcrumb\":{\"@id\":\"https:\\\/\\\/trackcable.com\\\/de\\\/produkt\\\/kel-dpz-50-78-grau\\\/#breadcrumb\"},\"inLanguage\":\"de\",\"potentialAction\":[{\"@type\":\"ReadAction\",\"target\":[\"https:\\\/\\\/trackcable.com\\\/de\\\/produkt\\\/kel-dpz-50-78-grau\\\/\"]}]},{\"@type\":\"ImageObject\",\"inLanguage\":\"de\",\"@id\":\"https:\\\/\\\/trackcable.com\\\/de\\\/produkt\\\/kel-dpz-50-78-grau\\\/#primaryimage\",\"url\":\"https:\\\/\\\/trackcable.com\\\/wp-content\\\/uploads\\\/2026\\\/02\\\/43756.jpg\",\"contentUrl\":\"https:\\\/\\\/trackcable.com\\\/wp-content\\\/uploads\\\/2026\\\/02\\\/43756.jpg\",\"width\":300,\"height\":199,\"caption\":\"Eine runde, graue KEL-DPZ 50\\\/78 mit einer perforierten Oberseite, die einem Lautsprechergitter \u00e4hnelt, ist schr\u00e4g auf wei\u00dfem Hintergrund dargestellt. Der Rand weist dunkle Schattierungen auf und zeigt den Namen \\\"KEL-DPZ 50\\\/78 - Grey.\\\" an.\"},{\"@type\":\"BreadcrumbList\",\"@id\":\"https:\\\/\\\/trackcable.com\\\/de\\\/produkt\\\/kel-dpz-50-78-grau\\\/#breadcrumb\",\"itemListElement\":[{\"@type\":\"ListItem\",\"position\":1,\"name\":\"Startseite\",\"item\":\"https:\\\/\\\/trackcable.com\\\/de\\\/startseite\\\/\"},{\"@type\":\"ListItem\",\"position\":2,\"name\":\"Shop\",\"item\":\"https:\\\/\\\/trackcable.com\\\/de\\\/shop\\\/\"},{\"@type\":\"ListItem\",\"position\":3,\"name\":\"KEL-DPZ 50\\\/78 \u2013 Grau\"}]},{\"@type\":\"WebSite\",\"@id\":\"https:\\\/\\\/trackcable.com\\\/de\\\/#website\",\"url\":\"https:\\\/\\\/trackcable.com\\\/de\\\/\",\"name\":\"trackcable.com\",\"description\":\"Precision in cable management\",\"publisher\":{\"@id\":\"https:\\\/\\\/trackcable.com\\\/de\\\/#organization\"},\"potentialAction\":[{\"@type\":\"SearchAction\",\"target\":{\"@type\":\"EntryPoint\",\"urlTemplate\":\"https:\\\/\\\/trackcable.com\\\/de\\\/?s={search_term_string}\"},\"query-input\":{\"@type\":\"PropertyValueSpecification\",\"valueRequired\":true,\"valueName\":\"search_term_string\"}}],\"inLanguage\":\"de\"},{\"@type\":\"Organization\",\"@id\":\"https:\\\/\\\/trackcable.com\\\/de\\\/#organization\",\"name\":\"TrackCable | Precision in industrial cable management\",\"url\":\"https:\\\/\\\/trackcable.com\\\/de\\\/\",\"logo\":{\"@type\":\"ImageObject\",\"inLanguage\":\"de\",\"@id\":\"https:\\\/\\\/trackcable.com\\\/de\\\/#\\\/schema\\\/logo\\\/image\\\/\",\"url\":\"https:\\\/\\\/trackcable.com\\\/wp-content\\\/uploads\\\/2026\\\/02\\\/TrackCable.jpg\",\"contentUrl\":\"https:\\\/\\\/trackcable.com\\\/wp-content\\\/uploads\\\/2026\\\/02\\\/TrackCable.jpg\",\"width\":600,\"height\":300,\"caption\":\"TrackCable | Precision in industrial cable management\"},\"image\":{\"@id\":\"https:\\\/\\\/trackcable.com\\\/de\\\/#\\\/schema\\\/logo\\\/image\\\/\"}}]}<\/script>\n<!-- \/ Yoast SEO plugin. -->","yoast_head_json":{"title":"Icotek KEL-DPZ 50\/78 Grau (43756) | TrackCable","description":"Kaufen Sie die Icotek KEL-DPZ 50\/78 Kabelzugangsplatte (43756) in Grau f\u00fcr schnelle Kabelf\u00fchrung und zuverl\u00e4ssige Abdichtung. Ideal f\u00fcr das Management von hochdichten Kabeln.","robots":{"index":"index","follow":"follow","max-snippet":"max-snippet:-1","max-image-preview":"max-image-preview:large","max-video-preview":"max-video-preview:-1"},"canonical":"https:\/\/trackcable.com\/de\/produkt\/kel-dpz-50-78-grau\/","og_locale":"de_DE","og_type":"article","og_title":"Icotek KEL-DPZ 50\/78 Grau (43756) | TrackCable","og_description":"Kaufen Sie die Icotek KEL-DPZ 50\/78 Kabelzugangsplatte (43756) in Grau f\u00fcr schnelle Kabelf\u00fchrung und zuverl\u00e4ssige Abdichtung. Ideal f\u00fcr das Management von hochdichten Kabeln.","og_url":"https:\/\/trackcable.com\/de\/produkt\/kel-dpz-50-78-grau\/","og_site_name":"trackcable.com","article_modified_time":"2026-03-26T12:37:17+00:00","og_image":[{"width":300,"height":199,"url":"https:\/\/trackcable.com\/wp-content\/uploads\/2026\/02\/43756.jpg","type":"image\/jpeg"}],"twitter_card":"summary_large_image","twitter_misc":{"Gesch\u00e4tzte Lesezeit":"1\u00a0Minute"},"schema":{"@context":"https:\/\/schema.org","@graph":[{"@type":"WebPage","@id":"https:\/\/trackcable.com\/de\/produkt\/kel-dpz-50-78-grau\/","url":"https:\/\/trackcable.com\/de\/produkt\/kel-dpz-50-78-grau\/","name":"Icotek KEL-DPZ 50\/78 Grau (43756) | TrackCable","isPartOf":{"@id":"https:\/\/trackcable.com\/de\/#website"},"primaryImageOfPage":{"@id":"https:\/\/trackcable.com\/de\/produkt\/kel-dpz-50-78-grau\/#primaryimage"},"image":{"@id":"https:\/\/trackcable.com\/de\/produkt\/kel-dpz-50-78-grau\/#primaryimage"},"thumbnailUrl":"https:\/\/trackcable.com\/wp-content\/uploads\/2026\/02\/43756.jpg","datePublished":"2026-02-17T13:17:53+00:00","dateModified":"2026-03-26T12:37:17+00:00","description":"Kaufen Sie die Icotek KEL-DPZ 50\/78 Kabelzugangsplatte (43756) in Grau f\u00fcr schnelle Kabelf\u00fchrung und zuverl\u00e4ssige Abdichtung. Ideal f\u00fcr das Management von hochdichten Kabeln.","breadcrumb":{"@id":"https:\/\/trackcable.com\/de\/produkt\/kel-dpz-50-78-grau\/#breadcrumb"},"inLanguage":"de","potentialAction":[{"@type":"ReadAction","target":["https:\/\/trackcable.com\/de\/produkt\/kel-dpz-50-78-grau\/"]}]},{"@type":"ImageObject","inLanguage":"de","@id":"https:\/\/trackcable.com\/de\/produkt\/kel-dpz-50-78-grau\/#primaryimage","url":"https:\/\/trackcable.com\/wp-content\/uploads\/2026\/02\/43756.jpg","contentUrl":"https:\/\/trackcable.com\/wp-content\/uploads\/2026\/02\/43756.jpg","width":300,"height":199,"caption":"Eine runde, graue KEL-DPZ 50\/78 mit einer perforierten Oberseite, die einem Lautsprechergitter \u00e4hnelt, ist schr\u00e4g auf wei\u00dfem Hintergrund dargestellt. Der Rand weist dunkle Schattierungen auf und zeigt den Namen \"KEL-DPZ 50\/78 - Grey.\" an."},{"@type":"BreadcrumbList","@id":"https:\/\/trackcable.com\/de\/produkt\/kel-dpz-50-78-grau\/#breadcrumb","itemListElement":[{"@type":"ListItem","position":1,"name":"Startseite","item":"https:\/\/trackcable.com\/de\/startseite\/"},{"@type":"ListItem","position":2,"name":"Shop","item":"https:\/\/trackcable.com\/de\/shop\/"},{"@type":"ListItem","position":3,"name":"KEL-DPZ 50\/78 \u2013 Grau"}]},{"@type":"WebSite","@id":"https:\/\/trackcable.com\/de\/#website","url":"https:\/\/trackcable.com\/de\/","name":"trackcable.com","description":"Precision in cable management","publisher":{"@id":"https:\/\/trackcable.com\/de\/#organization"},"potentialAction":[{"@type":"SearchAction","target":{"@type":"EntryPoint","urlTemplate":"https:\/\/trackcable.com\/de\/?s={search_term_string}"},"query-input":{"@type":"PropertyValueSpecification","valueRequired":true,"valueName":"search_term_string"}}],"inLanguage":"de"},{"@type":"Organization","@id":"https:\/\/trackcable.com\/de\/#organization","name":"TrackCable | Precision in industrial cable management","url":"https:\/\/trackcable.com\/de\/","logo":{"@type":"ImageObject","inLanguage":"de","@id":"https:\/\/trackcable.com\/de\/#\/schema\/logo\/image\/","url":"https:\/\/trackcable.com\/wp-content\/uploads\/2026\/02\/TrackCable.jpg","contentUrl":"https:\/\/trackcable.com\/wp-content\/uploads\/2026\/02\/TrackCable.jpg","width":600,"height":300,"caption":"TrackCable | Precision in industrial cable management"},"image":{"@id":"https:\/\/trackcable.com\/de\/#\/schema\/logo\/image\/"}}]}},"_links":{"self":[{"href":"https:\/\/trackcable.com\/de\/wp-json\/wp\/v2\/product\/11457","targetHints":{"allow":["GET"]}}],"collection":[{"href":"https:\/\/trackcable.com\/de\/wp-json\/wp\/v2\/product"}],"about":[{"href":"https:\/\/trackcable.com\/de\/wp-json\/wp\/v2\/types\/product"}],"replies":[{"embeddable":true,"href":"https:\/\/trackcable.com\/de\/wp-json\/wp\/v2\/comments?post=11457"}],"version-history":[{"count":1,"href":"https:\/\/trackcable.com\/de\/wp-json\/wp\/v2\/product\/11457\/revisions"}],"predecessor-version":[{"id":12761,"href":"https:\/\/trackcable.com\/de\/wp-json\/wp\/v2\/product\/11457\/revisions\/12761"}],"wp:featuredmedia":[{"embeddable":true,"href":"https:\/\/trackcable.com\/de\/wp-json\/wp\/v2\/media\/11458"}],"wp:attachment":[{"href":"https:\/\/trackcable.com\/de\/wp-json\/wp\/v2\/media?parent=11457"}],"wp:term":[{"taxonomy":"brand","embeddable":true,"href":"https:\/\/trackcable.com\/de\/wp-json\/wp\/v2\/etheme_brands?post=11457"},{"taxonomy":"product_brand","embeddable":true,"href":"https:\/\/trackcable.com\/de\/wp-json\/wp\/v2\/product_brand?post=11457"},{"taxonomy":"product_cat","embeddable":true,"href":"https:\/\/trackcable.com\/de\/wp-json\/wp\/v2\/product_cat?post=11457"},{"taxonomy":"product_tag","embeddable":true,"href":"https:\/\/trackcable.com\/de\/wp-json\/wp\/v2\/product_tag?post=11457"}],"curies":[{"name":"wp","href":"https:\/\/api.w.org\/{rel}","templated":true}]}}