{"id":11464,"date":"2026-02-17T13:06:36","date_gmt":"2026-02-17T13:06:36","guid":{"rendered":"https:\/\/trackcable.com\/product\/kel-dpz-40-8-grau\/"},"modified":"2026-03-26T12:37:22","modified_gmt":"2026-03-26T12:37:22","slug":"kel-dpz-40-8-grau","status":"publish","type":"product","link":"https:\/\/trackcable.com\/de\/produkt\/kel-dpz-40-8-grau\/","title":{"rendered":"KEL-DPZ 40\/8 \u2013 Grau"},"content":{"rendered":"<h2 data-start=\"109\" data-end=\"135\"><a target=\"_blank\" class=\"btn  small\" href=\"https:\/\/www.icotek.com\/Produkte\/PG06%20Kabeldurchf%C3%BChrungen\/KEL-DPZ%20rund\/KEL-DPZ%2040\/Datenbl%C3%A4tter\/43741_KEL-DPZ-40-8_gy.PDF\"><span> Dokumentation<\/span><\/a><\/h2>\n<p>&nbsp;<\/p>\n<p data-start=\"100\" data-end=\"405\">Dieser kompakte runde Kabeleingang ist f\u00fcr sichere und platzsparende Kabelf\u00fchrung in Steuerschr\u00e4nken, elektrischen Geh\u00e4usen und Industrieanlagen konzipiert. Hergestellt in Deutschland und aus hochwertigem Elastomer und Polyamid (PA) gefertigt, bietet es eine ausgezeichnete Dichtungsleistung und eine langfristige Haltbarkeit. <\/p>\n<p data-start=\"407\" data-end=\"780\">Mit Schutzbestimmungen bis IP68 bietet dieser Kabeleingang zuverl\u00e4ssige Staub- und Wasserresistenz. Die flexiblen Abdichtungseins\u00e4tze erm\u00f6glichen es, mehrere Kabeldurchmesser schnell zu installieren und gleichzeitig eine starke Kabelbindung und ein sauberes Kabelmanagement zu gew\u00e4hrleisten. Sein M40-Rundendesign macht ihn ideal f\u00fcr Installationen, bei denen ein kompakter Einstiegspunkt und eine zuverl\u00e4ssige Abdichtung erforderlich sind.  <\/p>\n<p data-start=\"782\" data-end=\"900\">Geeignet sowohl f\u00fcr Innen- als auch f\u00fcr Au\u00dfenumgebungen, funktioniert dieser Kabeleingang zuverl\u00e4ssig \u00fcber einen breiten Temperaturbereich.<\/p>\n<hr data-start=\"902\" data-end=\"905\">\n<h2 data-start=\"907\" data-end=\"928\"><strong data-start=\"910\" data-end=\"928\">Technische Daten<\/strong><\/h2>\n<ul data-start=\"930\" data-end=\"1390\">\n<li data-start=\"930\" data-end=\"955\">\n<p data-start=\"932\" data-end=\"955\"><strong data-start=\"932\" data-end=\"944\">HS-Code:<\/strong> 85472000<\/p>\n<\/li>\n<li data-start=\"956\" data-end=\"990\">\n<p data-start=\"958\" data-end=\"990\"><strong data-start=\"958\" data-end=\"980\">Herkunftsland:<\/strong> Deutschland<\/p>\n<\/li>\n<li data-start=\"991\" data-end=\"1034\">\n<p data-start=\"993\" data-end=\"1034\"><strong data-start=\"993\" data-end=\"1006\">Material:<\/strong> Elastomer, Polyamid (PA)<\/p>\n<\/li>\n<li data-start=\"1035\" data-end=\"1054\">\n<p data-start=\"1037\" data-end=\"1054\"><strong data-start=\"1037\" data-end=\"1047\">Farbe:<\/strong> Grau<\/p>\n<\/li>\n<li data-start=\"1055\" data-end=\"1075\">\n<p data-start=\"1057\" data-end=\"1075\"><strong data-start=\"1057\" data-end=\"1068\">H\u00f6he:<\/strong> 8 mm<\/p>\n<\/li>\n<li data-start=\"1076\" data-end=\"1126\">\n<p data-start=\"1078\" data-end=\"1126\"><strong data-start=\"1078\" data-end=\"1108\">Gr\u00f6\u00dfe des Installationsausschnitts:<\/strong> \u00d8 40,5 mm (M40)<\/p>\n<\/li>\n<li data-start=\"1127\" data-end=\"1158\">\n<p data-start=\"1129\" data-end=\"1158\"><strong data-start=\"1129\" data-end=\"1148\">Au\u00dfendurchmesser:<\/strong> \u00d8 52 mm<\/p>\n<\/li>\n<li data-start=\"1159\" data-end=\"1179\">\n<p data-start=\"1161\" data-end=\"1179\"><strong data-start=\"1161\" data-end=\"1171\">Tiefe:<\/strong> 14 mm<\/p>\n<\/li>\n<li data-start=\"1180\" data-end=\"1244\">\n<p data-start=\"1182\" data-end=\"1203\"><strong data-start=\"1182\" data-end=\"1201\">Spannreichweite:<\/strong><\/p>\n<ul data-start=\"1206\" data-end=\"1244\">\n<li data-start=\"1206\" data-end=\"1224\">\n<p data-start=\"1208\" data-end=\"1224\">4 \u00d7 3,2\u20136,5 mm<\/p>\n<\/li>\n<li data-start=\"1227\" data-end=\"1244\">\n<p data-start=\"1229\" data-end=\"1244\">4 \u00d7 5\u201310,2 mm<\/p>\n<\/li>\n<\/ul>\n<\/li>\n<li data-start=\"1245\" data-end=\"1287\">\n<p data-start=\"1247\" data-end=\"1287\"><strong data-start=\"1247\" data-end=\"1269\">Temperaturbereich:<\/strong> -40\u00b0C bis +100\u00b0C<\/p>\n<\/li>\n<li data-start=\"1288\" data-end=\"1361\">\n<p data-start=\"1290\" data-end=\"1361\"><strong data-start=\"1290\" data-end=\"1312\">Schutzbewertung:<\/strong> IP54 \/ IP55 \/ IP64 \/ IP65 \/ IP66 \/ IP67 \/ IP68<\/p>\n<\/li>\n<li data-start=\"1362\" data-end=\"1390\">\n<p data-start=\"1364\" data-end=\"1390\"><strong data-start=\"1364\" data-end=\"1379\">Nettogewicht:<\/strong> 0,027 kg<\/p>\n<\/li>\n<\/ul>\n","protected":false},"excerpt":{"rendered":"<p>&nbsp; Dieser kompakte runde Kabeleingang ist f\u00fcr sichere und platzsparende Kabelf\u00fchrung in Steuerschr\u00e4nken, elektrischen Geh\u00e4usen und Industrieanlagen konzipiert. Hergestellt in Deutschland und aus hochwertigem Elastomer&#8230;<\/p>\n","protected":false},"featured_media":11466,"comment_status":"open","ping_status":"closed","template":"","meta":[],"etheme_brands":[{"term_id":697,"name":"Icotek","slug":"icotek","term_group":0,"term_taxonomy_id":697,"taxonomy":"brand","description":"Icotek ist ein f\u00fchrender Hersteller innovativer Kabelmanagement- und Einf\u00fchrungsl\u00f6sungen, spezialisiert auf modulare Systeme, die eine schnelle Installation und zuverl\u00e4ssige Abdichtung f\u00fcr industrielle und elektrotechnische Anwendungen weltweit erm\u00f6glichen.","parent":0,"count":125,"filter":"raw"}],"product_brand":[],"product_cat":[277],"product_tag":[],"class_list":{"0":"post-11464","1":"product","2":"type-product","3":"status-publish","4":"has-post-thumbnail","6":"brand-icotek","7":"product_cat-kabeleinfuhrungsplatten","9":"first","10":"instock","11":"sale","12":"taxable","13":"shipping-taxable","14":"purchasable","15":"product-type-simple"},"yoast_head":"<!-- This site is optimized with the Yoast SEO plugin v27.3 - https:\/\/yoast.com\/product\/yoast-seo-wordpress\/ -->\n<title>Icotek KEL-DPZ 40\/8 Kabeleingangsplatte | TrackCable<\/title>\n<meta name=\"description\" content=\"Kaufen Sie eine Icotek KEL-DPZ 40\/8 Kabeleinstiegsplatte f\u00fcr effiziente Kabelf\u00fchrung und Abdichtung von Bedientafeln. Schnelle Lieferung verf\u00fcgbar.\" \/>\n<meta name=\"robots\" content=\"index, follow, max-snippet:-1, max-image-preview:large, max-video-preview:-1\" \/>\n<link rel=\"canonical\" href=\"https:\/\/trackcable.com\/de\/produkt\/kel-dpz-40-8-grau\/\" \/>\n<meta property=\"og:locale\" content=\"de_DE\" \/>\n<meta property=\"og:type\" content=\"article\" \/>\n<meta property=\"og:title\" content=\"Icotek KEL-DPZ 40\/8 Kabeleingangsplatte | TrackCable\" \/>\n<meta property=\"og:description\" content=\"Kaufen Sie eine Icotek KEL-DPZ 40\/8 Kabeleinstiegsplatte f\u00fcr effiziente Kabelf\u00fchrung und Abdichtung von Bedientafeln. Schnelle Lieferung verf\u00fcgbar.\" \/>\n<meta property=\"og:url\" content=\"https:\/\/trackcable.com\/de\/produkt\/kel-dpz-40-8-grau\/\" \/>\n<meta property=\"og:site_name\" content=\"trackcable.com\" \/>\n<meta property=\"article:modified_time\" content=\"2026-03-26T12:37:22+00:00\" \/>\n<meta property=\"og:image\" content=\"https:\/\/trackcable.com\/wp-content\/uploads\/2026\/02\/43741.jpg\" \/>\n\t<meta property=\"og:image:width\" content=\"300\" \/>\n\t<meta property=\"og:image:height\" content=\"199\" \/>\n\t<meta property=\"og:image:type\" content=\"image\/jpeg\" \/>\n<meta name=\"twitter:card\" content=\"summary_large_image\" \/>\n<meta name=\"twitter:label1\" content=\"Gesch\u00e4tzte Lesezeit\" \/>\n\t<meta name=\"twitter:data1\" content=\"1\u00a0Minute\" \/>\n<script type=\"application\/ld+json\" class=\"yoast-schema-graph\">{\"@context\":\"https:\\\/\\\/schema.org\",\"@graph\":[{\"@type\":\"WebPage\",\"@id\":\"https:\\\/\\\/trackcable.com\\\/de\\\/produkt\\\/kel-dpz-40-8-grau\\\/\",\"url\":\"https:\\\/\\\/trackcable.com\\\/de\\\/produkt\\\/kel-dpz-40-8-grau\\\/\",\"name\":\"Icotek KEL-DPZ 40\\\/8 Kabeleingangsplatte | TrackCable\",\"isPartOf\":{\"@id\":\"https:\\\/\\\/trackcable.com\\\/de\\\/#website\"},\"primaryImageOfPage\":{\"@id\":\"https:\\\/\\\/trackcable.com\\\/de\\\/produkt\\\/kel-dpz-40-8-grau\\\/#primaryimage\"},\"image\":{\"@id\":\"https:\\\/\\\/trackcable.com\\\/de\\\/produkt\\\/kel-dpz-40-8-grau\\\/#primaryimage\"},\"thumbnailUrl\":\"https:\\\/\\\/trackcable.com\\\/wp-content\\\/uploads\\\/2026\\\/02\\\/43741.jpg\",\"datePublished\":\"2026-02-17T13:06:36+00:00\",\"dateModified\":\"2026-03-26T12:37:22+00:00\",\"description\":\"Kaufen Sie eine Icotek KEL-DPZ 40\\\/8 Kabeleinstiegsplatte f\u00fcr effiziente Kabelf\u00fchrung und Abdichtung von Bedientafeln. Schnelle Lieferung verf\u00fcgbar.\",\"breadcrumb\":{\"@id\":\"https:\\\/\\\/trackcable.com\\\/de\\\/produkt\\\/kel-dpz-40-8-grau\\\/#breadcrumb\"},\"inLanguage\":\"de\",\"potentialAction\":[{\"@type\":\"ReadAction\",\"target\":[\"https:\\\/\\\/trackcable.com\\\/de\\\/produkt\\\/kel-dpz-40-8-grau\\\/\"]}]},{\"@type\":\"ImageObject\",\"inLanguage\":\"de\",\"@id\":\"https:\\\/\\\/trackcable.com\\\/de\\\/produkt\\\/kel-dpz-40-8-grau\\\/#primaryimage\",\"url\":\"https:\\\/\\\/trackcable.com\\\/wp-content\\\/uploads\\\/2026\\\/02\\\/43741.jpg\",\"contentUrl\":\"https:\\\/\\\/trackcable.com\\\/wp-content\\\/uploads\\\/2026\\\/02\\\/43741.jpg\",\"width\":300,\"height\":199,\"caption\":\"Ein rundes, dunkelgraues KEL-DPZ 40\\\/8-Objekt mit silbernem Rand und sieben kleinen Kreisen im Blumenmuster oben. Kleine Schriftzeichen sind am Rand sichtbar. Das Objekt wird isoliert vor einem wei\u00dfen Hintergrund gezeigt.\"},{\"@type\":\"BreadcrumbList\",\"@id\":\"https:\\\/\\\/trackcable.com\\\/de\\\/produkt\\\/kel-dpz-40-8-grau\\\/#breadcrumb\",\"itemListElement\":[{\"@type\":\"ListItem\",\"position\":1,\"name\":\"Startseite\",\"item\":\"https:\\\/\\\/trackcable.com\\\/de\\\/startseite\\\/\"},{\"@type\":\"ListItem\",\"position\":2,\"name\":\"Shop\",\"item\":\"https:\\\/\\\/trackcable.com\\\/de\\\/shop\\\/\"},{\"@type\":\"ListItem\",\"position\":3,\"name\":\"KEL-DPZ 40\\\/8 \u2013 Grau\"}]},{\"@type\":\"WebSite\",\"@id\":\"https:\\\/\\\/trackcable.com\\\/de\\\/#website\",\"url\":\"https:\\\/\\\/trackcable.com\\\/de\\\/\",\"name\":\"trackcable.com\",\"description\":\"Precision in cable management\",\"publisher\":{\"@id\":\"https:\\\/\\\/trackcable.com\\\/de\\\/#organization\"},\"potentialAction\":[{\"@type\":\"SearchAction\",\"target\":{\"@type\":\"EntryPoint\",\"urlTemplate\":\"https:\\\/\\\/trackcable.com\\\/de\\\/?s={search_term_string}\"},\"query-input\":{\"@type\":\"PropertyValueSpecification\",\"valueRequired\":true,\"valueName\":\"search_term_string\"}}],\"inLanguage\":\"de\"},{\"@type\":\"Organization\",\"@id\":\"https:\\\/\\\/trackcable.com\\\/de\\\/#organization\",\"name\":\"TrackCable | Precision in industrial cable management\",\"url\":\"https:\\\/\\\/trackcable.com\\\/de\\\/\",\"logo\":{\"@type\":\"ImageObject\",\"inLanguage\":\"de\",\"@id\":\"https:\\\/\\\/trackcable.com\\\/de\\\/#\\\/schema\\\/logo\\\/image\\\/\",\"url\":\"https:\\\/\\\/trackcable.com\\\/wp-content\\\/uploads\\\/2026\\\/02\\\/TrackCable.jpg\",\"contentUrl\":\"https:\\\/\\\/trackcable.com\\\/wp-content\\\/uploads\\\/2026\\\/02\\\/TrackCable.jpg\",\"width\":600,\"height\":300,\"caption\":\"TrackCable | Precision in industrial cable management\"},\"image\":{\"@id\":\"https:\\\/\\\/trackcable.com\\\/de\\\/#\\\/schema\\\/logo\\\/image\\\/\"}}]}<\/script>\n<!-- \/ Yoast SEO plugin. -->","yoast_head_json":{"title":"Icotek KEL-DPZ 40\/8 Kabeleingangsplatte | TrackCable","description":"Kaufen Sie eine Icotek KEL-DPZ 40\/8 Kabeleinstiegsplatte f\u00fcr effiziente Kabelf\u00fchrung und Abdichtung von Bedientafeln. Schnelle Lieferung verf\u00fcgbar.","robots":{"index":"index","follow":"follow","max-snippet":"max-snippet:-1","max-image-preview":"max-image-preview:large","max-video-preview":"max-video-preview:-1"},"canonical":"https:\/\/trackcable.com\/de\/produkt\/kel-dpz-40-8-grau\/","og_locale":"de_DE","og_type":"article","og_title":"Icotek KEL-DPZ 40\/8 Kabeleingangsplatte | TrackCable","og_description":"Kaufen Sie eine Icotek KEL-DPZ 40\/8 Kabeleinstiegsplatte f\u00fcr effiziente Kabelf\u00fchrung und Abdichtung von Bedientafeln. Schnelle Lieferung verf\u00fcgbar.","og_url":"https:\/\/trackcable.com\/de\/produkt\/kel-dpz-40-8-grau\/","og_site_name":"trackcable.com","article_modified_time":"2026-03-26T12:37:22+00:00","og_image":[{"width":300,"height":199,"url":"https:\/\/trackcable.com\/wp-content\/uploads\/2026\/02\/43741.jpg","type":"image\/jpeg"}],"twitter_card":"summary_large_image","twitter_misc":{"Gesch\u00e4tzte Lesezeit":"1\u00a0Minute"},"schema":{"@context":"https:\/\/schema.org","@graph":[{"@type":"WebPage","@id":"https:\/\/trackcable.com\/de\/produkt\/kel-dpz-40-8-grau\/","url":"https:\/\/trackcable.com\/de\/produkt\/kel-dpz-40-8-grau\/","name":"Icotek KEL-DPZ 40\/8 Kabeleingangsplatte | TrackCable","isPartOf":{"@id":"https:\/\/trackcable.com\/de\/#website"},"primaryImageOfPage":{"@id":"https:\/\/trackcable.com\/de\/produkt\/kel-dpz-40-8-grau\/#primaryimage"},"image":{"@id":"https:\/\/trackcable.com\/de\/produkt\/kel-dpz-40-8-grau\/#primaryimage"},"thumbnailUrl":"https:\/\/trackcable.com\/wp-content\/uploads\/2026\/02\/43741.jpg","datePublished":"2026-02-17T13:06:36+00:00","dateModified":"2026-03-26T12:37:22+00:00","description":"Kaufen Sie eine Icotek KEL-DPZ 40\/8 Kabeleinstiegsplatte f\u00fcr effiziente Kabelf\u00fchrung und Abdichtung von Bedientafeln. Schnelle Lieferung verf\u00fcgbar.","breadcrumb":{"@id":"https:\/\/trackcable.com\/de\/produkt\/kel-dpz-40-8-grau\/#breadcrumb"},"inLanguage":"de","potentialAction":[{"@type":"ReadAction","target":["https:\/\/trackcable.com\/de\/produkt\/kel-dpz-40-8-grau\/"]}]},{"@type":"ImageObject","inLanguage":"de","@id":"https:\/\/trackcable.com\/de\/produkt\/kel-dpz-40-8-grau\/#primaryimage","url":"https:\/\/trackcable.com\/wp-content\/uploads\/2026\/02\/43741.jpg","contentUrl":"https:\/\/trackcable.com\/wp-content\/uploads\/2026\/02\/43741.jpg","width":300,"height":199,"caption":"Ein rundes, dunkelgraues KEL-DPZ 40\/8-Objekt mit silbernem Rand und sieben kleinen Kreisen im Blumenmuster oben. Kleine Schriftzeichen sind am Rand sichtbar. Das Objekt wird isoliert vor einem wei\u00dfen Hintergrund gezeigt."},{"@type":"BreadcrumbList","@id":"https:\/\/trackcable.com\/de\/produkt\/kel-dpz-40-8-grau\/#breadcrumb","itemListElement":[{"@type":"ListItem","position":1,"name":"Startseite","item":"https:\/\/trackcable.com\/de\/startseite\/"},{"@type":"ListItem","position":2,"name":"Shop","item":"https:\/\/trackcable.com\/de\/shop\/"},{"@type":"ListItem","position":3,"name":"KEL-DPZ 40\/8 \u2013 Grau"}]},{"@type":"WebSite","@id":"https:\/\/trackcable.com\/de\/#website","url":"https:\/\/trackcable.com\/de\/","name":"trackcable.com","description":"Precision in cable management","publisher":{"@id":"https:\/\/trackcable.com\/de\/#organization"},"potentialAction":[{"@type":"SearchAction","target":{"@type":"EntryPoint","urlTemplate":"https:\/\/trackcable.com\/de\/?s={search_term_string}"},"query-input":{"@type":"PropertyValueSpecification","valueRequired":true,"valueName":"search_term_string"}}],"inLanguage":"de"},{"@type":"Organization","@id":"https:\/\/trackcable.com\/de\/#organization","name":"TrackCable | Precision in industrial cable management","url":"https:\/\/trackcable.com\/de\/","logo":{"@type":"ImageObject","inLanguage":"de","@id":"https:\/\/trackcable.com\/de\/#\/schema\/logo\/image\/","url":"https:\/\/trackcable.com\/wp-content\/uploads\/2026\/02\/TrackCable.jpg","contentUrl":"https:\/\/trackcable.com\/wp-content\/uploads\/2026\/02\/TrackCable.jpg","width":600,"height":300,"caption":"TrackCable | Precision in industrial cable management"},"image":{"@id":"https:\/\/trackcable.com\/de\/#\/schema\/logo\/image\/"}}]}},"_links":{"self":[{"href":"https:\/\/trackcable.com\/de\/wp-json\/wp\/v2\/product\/11464","targetHints":{"allow":["GET"]}}],"collection":[{"href":"https:\/\/trackcable.com\/de\/wp-json\/wp\/v2\/product"}],"about":[{"href":"https:\/\/trackcable.com\/de\/wp-json\/wp\/v2\/types\/product"}],"replies":[{"embeddable":true,"href":"https:\/\/trackcable.com\/de\/wp-json\/wp\/v2\/comments?post=11464"}],"version-history":[{"count":1,"href":"https:\/\/trackcable.com\/de\/wp-json\/wp\/v2\/product\/11464\/revisions"}],"predecessor-version":[{"id":12776,"href":"https:\/\/trackcable.com\/de\/wp-json\/wp\/v2\/product\/11464\/revisions\/12776"}],"wp:featuredmedia":[{"embeddable":true,"href":"https:\/\/trackcable.com\/de\/wp-json\/wp\/v2\/media\/11466"}],"wp:attachment":[{"href":"https:\/\/trackcable.com\/de\/wp-json\/wp\/v2\/media?parent=11464"}],"wp:term":[{"taxonomy":"brand","embeddable":true,"href":"https:\/\/trackcable.com\/de\/wp-json\/wp\/v2\/etheme_brands?post=11464"},{"taxonomy":"product_brand","embeddable":true,"href":"https:\/\/trackcable.com\/de\/wp-json\/wp\/v2\/product_brand?post=11464"},{"taxonomy":"product_cat","embeddable":true,"href":"https:\/\/trackcable.com\/de\/wp-json\/wp\/v2\/product_cat?post=11464"},{"taxonomy":"product_tag","embeddable":true,"href":"https:\/\/trackcable.com\/de\/wp-json\/wp\/v2\/product_tag?post=11464"}],"curies":[{"name":"wp","href":"https:\/\/api.w.org\/{rel}","templated":true}]}}