{"id":11540,"date":"2026-02-17T08:05:59","date_gmt":"2026-02-17T08:05:59","guid":{"rendered":"https:\/\/trackcable.com\/product\/ua1250-020-030\/"},"modified":"2026-03-26T13:58:23","modified_gmt":"2026-03-26T13:58:23","slug":"ua1250-020-030","status":"publish","type":"product","link":"https:\/\/trackcable.com\/de\/produkt\/ua1250-020-030\/","title":{"rendered":"UA1250-020-030"},"content":{"rendered":"<a target=\"_blank\" class=\"btn  small\" href=\"https:\/\/tsubaki-kabelschlepp.com\/uploads\/tx_tkg17pim\/documents\/pdf\/UNIFLEX-Advanced-series_EN_Y25W49_01.pdf\"><span> Dokumentation<\/span><\/a>\n<p>&nbsp;<\/p>\n<p data-start=\"0\" data-end=\"402\"><strong data-start=\"0\" data-end=\"50\">Die TSUBAKI KABELSCHLEPP Uniflex Advanced 1250<\/strong> ist eine kompakte und zuverl\u00e4ssige Energiekette f\u00fcr effizientes Kabelmanagement in dynamischen Anwendungen, bei denen Langlebigkeit und ruhiger Lauf entscheidend sind. Als Teil der Uniflex-Advanced-Serie von <span class=\"hover:entity-accent entity-underline inline cursor-pointer align-baseline\"><span class=\"whitespace-normal\">TSUBAKI KABELSCHLEPP<\/span><\/span> bietet diese Kette zuverl\u00e4ssigen Schutz f\u00fcr Kabel und Schl\u00e4uche in automatisierten Maschinen und Industrieanlagen. <\/p>\n<p data-start=\"404\" data-end=\"786\">Mit einer Innenbreite von <strong data-start=\"427\" data-end=\"436\">30 mm<\/strong> und einer Innenh\u00f6he von <strong data-start=\"460\" data-end=\"471\">17,5 mm<\/strong> ist der Uniflex Advanced 1250 ideal f\u00fcr kleine bis mittlere Kabelpakete, die eine konstante F\u00fchrung und eine lange Lebensdauer erfordern. Das geschlossene Design h\u00e4lt die Kabel sicher an Ort und Stelle und ist <strong data-start=\"657\" data-end=\"673\">nicht \u00f6ffnenbar<\/strong>, was eine stabile Konstruktion bietet, die in Umgebungen mit h\u00e4ufigem Kabelzugriff nicht optimal funktioniert. <\/p>\n<p data-start=\"788\" data-end=\"1061\">Um flexible Maschinenkonstruktionen zu unterst\u00fctzen, ist der Uniflex Advanced 1250 in mehreren Biegeradien erh\u00e4ltlich \u2013 <strong data-start=\"891\" data-end=\"940\">28 mm, 38 mm, 45 mm, 60 mm, 75 mm und 100 mm<\/strong> \u2013 sodass Ingenieure die optimale Konfiguration w\u00e4hlen k\u00f6nnen, w\u00e4hrend gleichzeitig ein angemessener Kabelschutz und minimale Biegebelastung gew\u00e4hrleistet sind.<\/p>\n<h3 data-start=\"1063\" data-end=\"1089\">\u00dcber Uniflex Advanced<\/h3>\n<p data-start=\"1090\" data-end=\"1331\">Die <strong data-start=\"1094\" data-end=\"1114\">Uniflex Advanced-Serie<\/strong> ist bekannt f\u00fcr ihre robuste, geschlossene Bauweise und ihre reibungslosen Laufeigenschaften. Er ist f\u00fcr lange Reisestrecken, zuverl\u00e4ssigen Kabelschutz und geringe Wartung in anspruchsvollen Industrieumgebungen konzipiert. <\/p>\n<h3 data-start=\"1333\" data-end=\"1349\">Hauptmerkmale<\/h3>\n<ul data-start=\"1351\" data-end=\"1636\">\n<li data-start=\"1351\" data-end=\"1424\">\n<p data-start=\"1353\" data-end=\"1424\">Robustes, geschlossenes Design (<strong data-start=\"1377\" data-end=\"1393\">nicht \u00f6ffnebar<\/strong>) f\u00fcr sicheren Kabelschutz<\/p>\n<\/li>\n<li data-start=\"1425\" data-end=\"1474\">\n<p data-start=\"1427\" data-end=\"1474\">Innenma\u00dfe: <strong data-start=\"1445\" data-end=\"1472\">30 mm (W) \u00d7 17,5 mm (H)<\/strong><\/p>\n<\/li>\n<li data-start=\"1475\" data-end=\"1534\">\n<p data-start=\"1477\" data-end=\"1534\">Verf\u00fcgbare Biegeradien: 28, 38, 45, 60, 75 und 100 mm<\/p>\n<\/li>\n<li data-start=\"1535\" data-end=\"1589\">\n<p data-start=\"1537\" data-end=\"1589\">Sanfter, verschlei\u00dfarmer Betrieb in dynamischen Anwendungen<\/p>\n<\/li>\n<li data-start=\"1590\" data-end=\"1636\">\n<p data-start=\"1592\" data-end=\"1636\">Langlebige Konstruktion f\u00fcr eine lange Lebensdauer<\/p>\n<\/li>\n<\/ul>\n<p data-start=\"1638\" data-end=\"1866\" data-is-last-node=\"\" data-is-only-node=\"\">Die <strong data-start=\"1642\" data-end=\"1667\">Uniflex Advanced 1250<\/strong> ist eine ausgezeichnete Wahl f\u00fcr Ingenieure und Maschinenbauer, die eine zuverl\u00e4ssige, kompakte Energiekette suchen, die St\u00e4rke, Zuverl\u00e4ssigkeit und konstante Leistung in anspruchsvollen Automatisierungssystemen vereint.<\/p>\n","protected":false},"excerpt":{"rendered":"<div style=\"font-size: 12.5px; line-height: 1.2; margin-top: 6px;\">\n<div style=\"display: flex; justify-content: space-between; padding: 2px 0;\"><span style=\"color: #666;\">Innenbreite<\/span><br \/>\n<strong>30 mm<\/strong><\/div>\n<div style=\"display: flex; justify-content: space-between; padding: 2px 0;\"><span style=\"color: #666;\">Innenh\u00f6he<\/span><br \/>\n<strong>17,5 mm<\/strong><\/div>\n<div style=\"display: flex; justify-content: space-between; padding: 2px 0;\"><span style=\"color: #666;\">Pitch<\/span><br \/>\n<strong>25 mm<\/strong><\/div>\n<div style=\"display: flex; justify-content: space-between; padding: 2px 0;\"><span style=\"color: #666;\">Biegeradius<\/span><br \/>\n<strong>28\/38\/48\/60\/75\/100 mm<\/strong><\/div>\n<div style=\"display: flex; justify-content: space-between; padding: 2px 0;\"><span style=\"color: #666;\">Er\u00f6ffnung<\/span><br \/>\n<strong>Geschlossen<\/strong><\/div>\n<\/div>\n","protected":false},"featured_media":12478,"comment_status":"open","ping_status":"closed","template":"","meta":[],"etheme_brands":[{"term_id":703,"name":"Tsubaki Kabelschlepp","slug":"tsubaki-kabelschlepp","term_group":0,"term_taxonomy_id":703,"taxonomy":"brand","description":"Tsubaki Kabelschlepp ist ein weltweit anerkannter Anbieter von Energiekettensystemen und Kabelf\u00fchrungssystemen und liefert robuste, pr\u00e4zisionsgefertigte L\u00f6sungen zur F\u00fchrung und zum Schutz von Kabeln in dynamischen industriellen Anwendungen.","parent":0,"count":192,"filter":"raw"}],"product_brand":[],"product_cat":[310,488],"product_tag":[586],"class_list":{"0":"post-11540","1":"product","2":"type-product","3":"status-publish","4":"has-post-thumbnail","6":"brand-tsubaki-kabelschlepp","7":"product_cat-kunststoff-energieketten","8":"product_cat-uniflex-advanced-serie","9":"product_tag-pro-meter","11":"first","12":"instock","13":"taxable","14":"shipping-taxable","15":"purchasable","16":"product-type-variable"},"yoast_head":"<!-- This site is optimized with the Yoast SEO plugin v27.3 - https:\/\/yoast.com\/product\/yoast-seo-wordpress\/ -->\n<title>Tsubaki Kabelschlepp UA1250-020-030 Energiekette | TrackCable<\/title>\n<meta name=\"description\" content=\"Kaufen Sie die Tsubaki Kabelschlepp UA1250-020-030 Energiekette f\u00fcr zuverl\u00e4ssiges Kabelmanagement in industriellen Anwendungen. Schnelle Lieferung verf\u00fcgbar.\" \/>\n<meta name=\"robots\" content=\"index, follow, max-snippet:-1, max-image-preview:large, max-video-preview:-1\" \/>\n<link rel=\"canonical\" href=\"https:\/\/trackcable.com\/de\/produkt\/ua1250-020-030\/\" \/>\n<meta property=\"og:locale\" content=\"de_DE\" \/>\n<meta property=\"og:type\" content=\"article\" \/>\n<meta property=\"og:title\" content=\"Tsubaki Kabelschlepp UA1250-020-030 Energiekette | TrackCable\" \/>\n<meta property=\"og:description\" content=\"Kaufen Sie die Tsubaki Kabelschlepp UA1250-020-030 Energiekette f\u00fcr zuverl\u00e4ssiges Kabelmanagement in industriellen Anwendungen. Schnelle Lieferung verf\u00fcgbar.\" \/>\n<meta property=\"og:url\" content=\"https:\/\/trackcable.com\/de\/produkt\/ua1250-020-030\/\" \/>\n<meta property=\"og:site_name\" content=\"trackcable.com\" \/>\n<meta property=\"article:modified_time\" content=\"2026-03-26T13:58:23+00:00\" \/>\n<meta property=\"og:image\" content=\"https:\/\/trackcable.com\/wp-content\/uploads\/2026\/02\/UA1250-020.jpg\" \/>\n\t<meta property=\"og:image:width\" content=\"300\" \/>\n\t<meta property=\"og:image:height\" content=\"199\" \/>\n\t<meta property=\"og:image:type\" content=\"image\/jpeg\" \/>\n<meta name=\"twitter:card\" content=\"summary_large_image\" \/>\n<meta name=\"twitter:label1\" content=\"Gesch\u00e4tzte Lesezeit\" \/>\n\t<meta name=\"twitter:data1\" content=\"1\u00a0Minute\" \/>\n<script type=\"application\/ld+json\" class=\"yoast-schema-graph\">{\"@context\":\"https:\\\/\\\/schema.org\",\"@graph\":[{\"@type\":\"WebPage\",\"@id\":\"https:\\\/\\\/trackcable.com\\\/de\\\/produkt\\\/ua1250-020-030\\\/\",\"url\":\"https:\\\/\\\/trackcable.com\\\/de\\\/produkt\\\/ua1250-020-030\\\/\",\"name\":\"Tsubaki Kabelschlepp UA1250-020-030 Energiekette | TrackCable\",\"isPartOf\":{\"@id\":\"https:\\\/\\\/trackcable.com\\\/de\\\/#website\"},\"primaryImageOfPage\":{\"@id\":\"https:\\\/\\\/trackcable.com\\\/de\\\/produkt\\\/ua1250-020-030\\\/#primaryimage\"},\"image\":{\"@id\":\"https:\\\/\\\/trackcable.com\\\/de\\\/produkt\\\/ua1250-020-030\\\/#primaryimage\"},\"thumbnailUrl\":\"https:\\\/\\\/trackcable.com\\\/wp-content\\\/uploads\\\/2026\\\/02\\\/UA1250-020.jpg\",\"datePublished\":\"2026-02-17T08:05:59+00:00\",\"dateModified\":\"2026-03-26T13:58:23+00:00\",\"description\":\"Kaufen Sie die Tsubaki Kabelschlepp UA1250-020-030 Energiekette f\u00fcr zuverl\u00e4ssiges Kabelmanagement in industriellen Anwendungen. Schnelle Lieferung verf\u00fcgbar.\",\"breadcrumb\":{\"@id\":\"https:\\\/\\\/trackcable.com\\\/de\\\/produkt\\\/ua1250-020-030\\\/#breadcrumb\"},\"inLanguage\":\"de\",\"potentialAction\":[{\"@type\":\"ReadAction\",\"target\":[\"https:\\\/\\\/trackcable.com\\\/de\\\/produkt\\\/ua1250-020-030\\\/\"]}]},{\"@type\":\"ImageObject\",\"inLanguage\":\"de\",\"@id\":\"https:\\\/\\\/trackcable.com\\\/de\\\/produkt\\\/ua1250-020-030\\\/#primaryimage\",\"url\":\"https:\\\/\\\/trackcable.com\\\/wp-content\\\/uploads\\\/2026\\\/02\\\/UA1250-020.jpg\",\"contentUrl\":\"https:\\\/\\\/trackcable.com\\\/wp-content\\\/uploads\\\/2026\\\/02\\\/UA1250-020.jpg\",\"width\":300,\"height\":199,\"caption\":\"Nahaufnahme der UA1250-020-030, einer schwarzen Energiekette aus Kunststoff mit gebogenem Abschnitt, entwickelt zum F\u00fchren und Sch\u00fctzen bewegter Kabel oder Schl\u00e4uche in Maschinen.\"},{\"@type\":\"BreadcrumbList\",\"@id\":\"https:\\\/\\\/trackcable.com\\\/de\\\/produkt\\\/ua1250-020-030\\\/#breadcrumb\",\"itemListElement\":[{\"@type\":\"ListItem\",\"position\":1,\"name\":\"Startseite\",\"item\":\"https:\\\/\\\/trackcable.com\\\/de\\\/startseite\\\/\"},{\"@type\":\"ListItem\",\"position\":2,\"name\":\"Shop\",\"item\":\"https:\\\/\\\/trackcable.com\\\/de\\\/shop\\\/\"},{\"@type\":\"ListItem\",\"position\":3,\"name\":\"UA1250-020-030\"}]},{\"@type\":\"WebSite\",\"@id\":\"https:\\\/\\\/trackcable.com\\\/de\\\/#website\",\"url\":\"https:\\\/\\\/trackcable.com\\\/de\\\/\",\"name\":\"trackcable.com\",\"description\":\"Precision in cable management\",\"publisher\":{\"@id\":\"https:\\\/\\\/trackcable.com\\\/de\\\/#organization\"},\"potentialAction\":[{\"@type\":\"SearchAction\",\"target\":{\"@type\":\"EntryPoint\",\"urlTemplate\":\"https:\\\/\\\/trackcable.com\\\/de\\\/?s={search_term_string}\"},\"query-input\":{\"@type\":\"PropertyValueSpecification\",\"valueRequired\":true,\"valueName\":\"search_term_string\"}}],\"inLanguage\":\"de\"},{\"@type\":\"Organization\",\"@id\":\"https:\\\/\\\/trackcable.com\\\/de\\\/#organization\",\"name\":\"TrackCable | Precision in industrial cable management\",\"url\":\"https:\\\/\\\/trackcable.com\\\/de\\\/\",\"logo\":{\"@type\":\"ImageObject\",\"inLanguage\":\"de\",\"@id\":\"https:\\\/\\\/trackcable.com\\\/de\\\/#\\\/schema\\\/logo\\\/image\\\/\",\"url\":\"https:\\\/\\\/trackcable.com\\\/wp-content\\\/uploads\\\/2026\\\/02\\\/TrackCable.jpg\",\"contentUrl\":\"https:\\\/\\\/trackcable.com\\\/wp-content\\\/uploads\\\/2026\\\/02\\\/TrackCable.jpg\",\"width\":600,\"height\":300,\"caption\":\"TrackCable | Precision in industrial cable management\"},\"image\":{\"@id\":\"https:\\\/\\\/trackcable.com\\\/de\\\/#\\\/schema\\\/logo\\\/image\\\/\"}}]}<\/script>\n<!-- \/ Yoast SEO plugin. -->","yoast_head_json":{"title":"Tsubaki Kabelschlepp UA1250-020-030 Energiekette | TrackCable","description":"Kaufen Sie die Tsubaki Kabelschlepp UA1250-020-030 Energiekette f\u00fcr zuverl\u00e4ssiges Kabelmanagement in industriellen Anwendungen. Schnelle Lieferung verf\u00fcgbar.","robots":{"index":"index","follow":"follow","max-snippet":"max-snippet:-1","max-image-preview":"max-image-preview:large","max-video-preview":"max-video-preview:-1"},"canonical":"https:\/\/trackcable.com\/de\/produkt\/ua1250-020-030\/","og_locale":"de_DE","og_type":"article","og_title":"Tsubaki Kabelschlepp UA1250-020-030 Energiekette | TrackCable","og_description":"Kaufen Sie die Tsubaki Kabelschlepp UA1250-020-030 Energiekette f\u00fcr zuverl\u00e4ssiges Kabelmanagement in industriellen Anwendungen. Schnelle Lieferung verf\u00fcgbar.","og_url":"https:\/\/trackcable.com\/de\/produkt\/ua1250-020-030\/","og_site_name":"trackcable.com","article_modified_time":"2026-03-26T13:58:23+00:00","og_image":[{"width":300,"height":199,"url":"https:\/\/trackcable.com\/wp-content\/uploads\/2026\/02\/UA1250-020.jpg","type":"image\/jpeg"}],"twitter_card":"summary_large_image","twitter_misc":{"Gesch\u00e4tzte Lesezeit":"1\u00a0Minute"},"schema":{"@context":"https:\/\/schema.org","@graph":[{"@type":"WebPage","@id":"https:\/\/trackcable.com\/de\/produkt\/ua1250-020-030\/","url":"https:\/\/trackcable.com\/de\/produkt\/ua1250-020-030\/","name":"Tsubaki Kabelschlepp UA1250-020-030 Energiekette | TrackCable","isPartOf":{"@id":"https:\/\/trackcable.com\/de\/#website"},"primaryImageOfPage":{"@id":"https:\/\/trackcable.com\/de\/produkt\/ua1250-020-030\/#primaryimage"},"image":{"@id":"https:\/\/trackcable.com\/de\/produkt\/ua1250-020-030\/#primaryimage"},"thumbnailUrl":"https:\/\/trackcable.com\/wp-content\/uploads\/2026\/02\/UA1250-020.jpg","datePublished":"2026-02-17T08:05:59+00:00","dateModified":"2026-03-26T13:58:23+00:00","description":"Kaufen Sie die Tsubaki Kabelschlepp UA1250-020-030 Energiekette f\u00fcr zuverl\u00e4ssiges Kabelmanagement in industriellen Anwendungen. Schnelle Lieferung verf\u00fcgbar.","breadcrumb":{"@id":"https:\/\/trackcable.com\/de\/produkt\/ua1250-020-030\/#breadcrumb"},"inLanguage":"de","potentialAction":[{"@type":"ReadAction","target":["https:\/\/trackcable.com\/de\/produkt\/ua1250-020-030\/"]}]},{"@type":"ImageObject","inLanguage":"de","@id":"https:\/\/trackcable.com\/de\/produkt\/ua1250-020-030\/#primaryimage","url":"https:\/\/trackcable.com\/wp-content\/uploads\/2026\/02\/UA1250-020.jpg","contentUrl":"https:\/\/trackcable.com\/wp-content\/uploads\/2026\/02\/UA1250-020.jpg","width":300,"height":199,"caption":"Nahaufnahme der UA1250-020-030, einer schwarzen Energiekette aus Kunststoff mit gebogenem Abschnitt, entwickelt zum F\u00fchren und Sch\u00fctzen bewegter Kabel oder Schl\u00e4uche in Maschinen."},{"@type":"BreadcrumbList","@id":"https:\/\/trackcable.com\/de\/produkt\/ua1250-020-030\/#breadcrumb","itemListElement":[{"@type":"ListItem","position":1,"name":"Startseite","item":"https:\/\/trackcable.com\/de\/startseite\/"},{"@type":"ListItem","position":2,"name":"Shop","item":"https:\/\/trackcable.com\/de\/shop\/"},{"@type":"ListItem","position":3,"name":"UA1250-020-030"}]},{"@type":"WebSite","@id":"https:\/\/trackcable.com\/de\/#website","url":"https:\/\/trackcable.com\/de\/","name":"trackcable.com","description":"Precision in cable management","publisher":{"@id":"https:\/\/trackcable.com\/de\/#organization"},"potentialAction":[{"@type":"SearchAction","target":{"@type":"EntryPoint","urlTemplate":"https:\/\/trackcable.com\/de\/?s={search_term_string}"},"query-input":{"@type":"PropertyValueSpecification","valueRequired":true,"valueName":"search_term_string"}}],"inLanguage":"de"},{"@type":"Organization","@id":"https:\/\/trackcable.com\/de\/#organization","name":"TrackCable | Precision in industrial cable management","url":"https:\/\/trackcable.com\/de\/","logo":{"@type":"ImageObject","inLanguage":"de","@id":"https:\/\/trackcable.com\/de\/#\/schema\/logo\/image\/","url":"https:\/\/trackcable.com\/wp-content\/uploads\/2026\/02\/TrackCable.jpg","contentUrl":"https:\/\/trackcable.com\/wp-content\/uploads\/2026\/02\/TrackCable.jpg","width":600,"height":300,"caption":"TrackCable | Precision in industrial cable management"},"image":{"@id":"https:\/\/trackcable.com\/de\/#\/schema\/logo\/image\/"}}]}},"_links":{"self":[{"href":"https:\/\/trackcable.com\/de\/wp-json\/wp\/v2\/product\/11540","targetHints":{"allow":["GET"]}}],"collection":[{"href":"https:\/\/trackcable.com\/de\/wp-json\/wp\/v2\/product"}],"about":[{"href":"https:\/\/trackcable.com\/de\/wp-json\/wp\/v2\/types\/product"}],"replies":[{"embeddable":true,"href":"https:\/\/trackcable.com\/de\/wp-json\/wp\/v2\/comments?post=11540"}],"version-history":[{"count":1,"href":"https:\/\/trackcable.com\/de\/wp-json\/wp\/v2\/product\/11540\/revisions"}],"predecessor-version":[{"id":13433,"href":"https:\/\/trackcable.com\/de\/wp-json\/wp\/v2\/product\/11540\/revisions\/13433"}],"wp:featuredmedia":[{"embeddable":true,"href":"https:\/\/trackcable.com\/de\/wp-json\/wp\/v2\/media\/12478"}],"wp:attachment":[{"href":"https:\/\/trackcable.com\/de\/wp-json\/wp\/v2\/media?parent=11540"}],"wp:term":[{"taxonomy":"brand","embeddable":true,"href":"https:\/\/trackcable.com\/de\/wp-json\/wp\/v2\/etheme_brands?post=11540"},{"taxonomy":"product_brand","embeddable":true,"href":"https:\/\/trackcable.com\/de\/wp-json\/wp\/v2\/product_brand?post=11540"},{"taxonomy":"product_cat","embeddable":true,"href":"https:\/\/trackcable.com\/de\/wp-json\/wp\/v2\/product_cat?post=11540"},{"taxonomy":"product_tag","embeddable":true,"href":"https:\/\/trackcable.com\/de\/wp-json\/wp\/v2\/product_tag?post=11540"}],"curies":[{"name":"wp","href":"https:\/\/api.w.org\/{rel}","templated":true}]}}