{"id":11627,"date":"2026-02-13T10:58:22","date_gmt":"2026-02-13T10:58:22","guid":{"rendered":"https:\/\/trackcable.com\/product\/qt0250-030-050\/"},"modified":"2026-02-13T10:58:22","modified_gmt":"2026-02-13T10:58:22","slug":"qt0250-030-050","status":"publish","type":"product","link":"https:\/\/trackcable.com\/de\/produkt\/qt0250-030-050\/","title":{"rendered":"QT0250-030-050"},"content":{"rendered":"<a target=\"_blank\" class=\"btn  small\" href=\"#\"><span> KNOPFTEXT<\/span><\/a>\n<p>&nbsp;<\/p>\n<p data-start=\"0\" data-end=\"411\"><strong data-start=\"0\" data-end=\"43\">Der TSUBAKI KABELSCHLEPP QuickTrax 0250<\/strong> ist ein kompakter, aber robuster Kabeltr\u00e4ger, der f\u00fcr ein zuverl\u00e4ssiges Kabelmanagement in dynamischen Anwendungen entwickelt wurde, bei denen sowohl Platzeffizienz als auch Langlebigkeit entscheidend sind. Als Teil der QuickTrax-Serie von <span class=\"hover:entity-accent entity-underline inline cursor-pointer align-baseline\"><span class=\"whitespace-normal\">TSUBAKI KABELSCHLEPP<\/span><\/span> bietet dieser Tr\u00e4ger zuverl\u00e4ssigen Schutz f\u00fcr Kabel und Schl\u00e4uche und unterst\u00fctzt gleichzeitig einen reibungslosen, verschlei\u00dfarmen Betrieb in automatisierten Maschinen. <\/p>\n<p data-start=\"413\" data-end=\"714\">Mit einer Innenbreite von <strong data-start=\"436\" data-end=\"445\">50 mm<\/strong> und einer Innenh\u00f6he von <strong data-start=\"469\" data-end=\"480\">17,6 mm<\/strong> eignet sich das QuickTrax 0250 hervorragend f\u00fcr kleine bis mittlere Kabelpakete, die eine konstante F\u00fchrung und Schutz erfordern. Seine konstruktierte Konstruktion tr\u00e4gt dazu bei, die Seilstabilit\u00e4t zu erhalten, selbst in schnelllebigen oder sich wiederholenden Umgebungen. <\/p>\n<p data-start=\"716\" data-end=\"994\">Dieses Modell verf\u00fcgt \u00fcber ein <strong data-start=\"739\" data-end=\"772\">\u00e4u\u00dferes Quertr\u00e4gerdesign<\/strong>, das es erm\u00f6glicht, den Tr\u00e4ger von au\u00dfen f\u00fcr schnelles Einlegen, Inspektion und Wartung zu \u00f6ffnen. Dies verk\u00fcrzt die Installationszeit erheblich und unterst\u00fctzt eine effiziente Wartung, wodurch Ausfallzeiten der Maschinen minimiert werden. <\/p>\n<p data-start=\"996\" data-end=\"1283\">Um die Designflexibilit\u00e4t zu maximieren, ist der QuickTrax 0250 in mehreren Biegeradien erh\u00e4ltlich \u2013 <strong data-start=\"1088\" data-end=\"1137\">28 mm, 38 mm, 45 mm, 60 mm, 75 mm und 100 mm<\/strong> \u2013 sodass Ingenieure die optimale Konfiguration f\u00fcr ihre Maschinenanordnung ausw\u00e4hlen k\u00f6nnen, w\u00e4hrend gleichzeitig ein angemessener Kabelschutz und minimale Biegebelastung gew\u00e4hrleistet sind.<\/p>\n<h3 data-start=\"1285\" data-end=\"1301\">Hauptmerkmale<\/h3>\n<ul data-start=\"1303\" data-end=\"1668\">\n<li data-start=\"1303\" data-end=\"1376\">\n<p data-start=\"1305\" data-end=\"1376\">Au\u00dfen\u00f6ffnung f\u00fcr schnellen Kabelzugang und vereinfachte Wartung<\/p>\n<\/li>\n<li data-start=\"1377\" data-end=\"1436\">\n<p data-start=\"1379\" data-end=\"1436\">Verf\u00fcgbare Biegeradien: 28, 38, 45, 60, 75 und 100 mm<\/p>\n<\/li>\n<li data-start=\"1437\" data-end=\"1505\">\n<p data-start=\"1439\" data-end=\"1505\">Kompakte, platzsparende Bauweise f\u00fcr moderne Automatisierungssysteme<\/p>\n<\/li>\n<li data-start=\"1506\" data-end=\"1555\">\n<p data-start=\"1508\" data-end=\"1555\">Innenma\u00dfe: <strong data-start=\"1526\" data-end=\"1553\">50 mm (W) \u00d7 17,6 mm (H)<\/strong><\/p>\n<\/li>\n<li data-start=\"1556\" data-end=\"1624\">\n<p data-start=\"1558\" data-end=\"1624\">Entwickelt f\u00fcr sanfte, zuverl\u00e4ssige Bewegungen in dynamischen Anwendungen<\/p>\n<\/li>\n<li data-start=\"1625\" data-end=\"1668\">\n<p data-start=\"1627\" data-end=\"1668\">Langlebige Materialien f\u00fcr eine lange Lebensdauer<\/p>\n<\/li>\n<\/ul>\n<p data-start=\"1670\" data-end=\"1913\" data-is-last-node=\"\" data-is-only-node=\"\">Das <strong data-start=\"1674\" data-end=\"1692\">QuickTrax 0250<\/strong> ist eine ausgezeichnete Wahl f\u00fcr Ingenieure und Maschinenbauer, die einen hochwertigen, kompakten Kabeltr\u00e4ger suchen, der Installationskomfort, Flexibilit\u00e4t und langfristige Leistung in anspruchsvollen Industrieumgebungen vereint.<\/p>\n","protected":false},"excerpt":{"rendered":"<div style=\"font-size: 12.5px; line-height: 1.2; margin-top: 6px;\">\n<div style=\"display: flex; justify-content: space-between; padding: 2px 0;\"><span style=\"color: #666;\">Innenbreite<\/span><br \/>\n<strong>50 mm<\/strong><\/div>\n<div style=\"display: flex; justify-content: space-between; padding: 2px 0;\"><span style=\"color: #666;\">Innenh\u00f6he<\/span><br \/>\n<strong>17,6 mm<\/strong><\/div>\n<div style=\"display: flex; justify-content: space-between; padding: 2px 0;\"><span style=\"color: #666;\">Pitch<\/span><br \/>\n<strong>25 mm<\/strong><\/div>\n<div style=\"display: flex; justify-content: space-between; padding: 2px 0;\"><span style=\"color: #666;\">Biegeradius<\/span><br \/>\n<strong>28\/38\/45\/60\/75\/100 mm<\/strong><\/div>\n<div style=\"display: flex; justify-content: space-between; padding: 2px 0;\"><span style=\"color: #666;\">Er\u00f6ffnung<\/span><br \/>\n<strong>Drau\u00dfen<\/strong><\/div>\n<\/div>\n","protected":false},"featured_media":12437,"comment_status":"open","ping_status":"closed","template":"","meta":[],"etheme_brands":[{"term_id":703,"name":"Tsubaki Kabelschlepp","slug":"tsubaki-kabelschlepp","term_group":0,"term_taxonomy_id":703,"taxonomy":"brand","description":"Tsubaki Kabelschlepp ist ein weltweit anerkannter Anbieter von Energiekettensystemen und Kabelf\u00fchrungssystemen und liefert robuste, pr\u00e4zisionsgefertigte L\u00f6sungen zur F\u00fchrung und zum Schutz von Kabeln in dynamischen industriellen Anwendungen.","parent":0,"count":192,"filter":"raw"}],"product_brand":[],"product_cat":[310,590],"product_tag":[461],"class_list":{"0":"post-11627","1":"product","2":"type-product","3":"status-publish","4":"has-post-thumbnail","6":"brand-tsubaki-kabelschlepp","7":"product_cat-kunststoff-energieketten","8":"product_cat-quicktrax-serie","9":"product_tag-preis-pro-meter","11":"first","12":"instock","13":"taxable","14":"shipping-taxable","15":"purchasable","16":"product-type-variable"},"yoast_head":"<!-- This site is optimized with the Yoast SEO plugin v27.3 - https:\/\/yoast.com\/product\/yoast-seo-wordpress\/ -->\n<title>Tsubaki Kabelschlepp QT0250-030-050 Kabeltr\u00e4ger | TrackCable<\/title>\n<meta name=\"description\" content=\"Kaufen Sie den Tsubaki Kabelschlepp QT0250-030-050 Kabeltr\u00e4ger f\u00fcr zuverl\u00e4ssiges Kabelmanagement in industriellen Anwendungen. Schnelle Lieferung verf\u00fcgbar.\" \/>\n<meta name=\"robots\" content=\"index, follow, max-snippet:-1, max-image-preview:large, max-video-preview:-1\" \/>\n<link rel=\"canonical\" href=\"https:\/\/trackcable.com\/de\/produkt\/qt0250-030-050\/\" \/>\n<meta property=\"og:locale\" content=\"de_DE\" \/>\n<meta property=\"og:type\" content=\"article\" \/>\n<meta property=\"og:title\" content=\"Tsubaki Kabelschlepp QT0250-030-050 Kabeltr\u00e4ger | TrackCable\" \/>\n<meta property=\"og:description\" content=\"Kaufen Sie den Tsubaki Kabelschlepp QT0250-030-050 Kabeltr\u00e4ger f\u00fcr zuverl\u00e4ssiges Kabelmanagement in industriellen Anwendungen. Schnelle Lieferung verf\u00fcgbar.\" \/>\n<meta property=\"og:url\" content=\"https:\/\/trackcable.com\/de\/produkt\/qt0250-030-050\/\" \/>\n<meta property=\"og:site_name\" content=\"trackcable.com\" \/>\n<meta property=\"og:image\" content=\"https:\/\/trackcable.com\/wp-content\/uploads\/2026\/02\/QuickTrax-0250.png\" \/>\n\t<meta property=\"og:image:width\" content=\"300\" \/>\n\t<meta property=\"og:image:height\" content=\"199\" \/>\n\t<meta property=\"og:image:type\" content=\"image\/png\" \/>\n<meta name=\"twitter:card\" content=\"summary_large_image\" \/>\n<meta name=\"twitter:label1\" content=\"Gesch\u00e4tzte Lesezeit\" \/>\n\t<meta name=\"twitter:data1\" content=\"2 Minuten\" \/>\n<script type=\"application\/ld+json\" class=\"yoast-schema-graph\">{\"@context\":\"https:\\\/\\\/schema.org\",\"@graph\":[{\"@type\":\"WebPage\",\"@id\":\"https:\\\/\\\/trackcable.com\\\/de\\\/produkt\\\/qt0250-030-050\\\/\",\"url\":\"https:\\\/\\\/trackcable.com\\\/de\\\/produkt\\\/qt0250-030-050\\\/\",\"name\":\"Tsubaki Kabelschlepp QT0250-030-050 Kabeltr\u00e4ger | TrackCable\",\"isPartOf\":{\"@id\":\"https:\\\/\\\/trackcable.com\\\/de\\\/#website\"},\"primaryImageOfPage\":{\"@id\":\"https:\\\/\\\/trackcable.com\\\/de\\\/produkt\\\/qt0250-030-050\\\/#primaryimage\"},\"image\":{\"@id\":\"https:\\\/\\\/trackcable.com\\\/de\\\/produkt\\\/qt0250-030-050\\\/#primaryimage\"},\"thumbnailUrl\":\"https:\\\/\\\/trackcable.com\\\/wp-content\\\/uploads\\\/2026\\\/02\\\/QT-03203-1.jpg\",\"datePublished\":\"2026-02-13T10:58:22+00:00\",\"description\":\"Kaufen Sie den Tsubaki Kabelschlepp QT0250-030-050 Kabeltr\u00e4ger f\u00fcr zuverl\u00e4ssiges Kabelmanagement in industriellen Anwendungen. Schnelle Lieferung verf\u00fcgbar.\",\"breadcrumb\":{\"@id\":\"https:\\\/\\\/trackcable.com\\\/de\\\/produkt\\\/qt0250-030-050\\\/#breadcrumb\"},\"inLanguage\":\"de\",\"potentialAction\":[{\"@type\":\"ReadAction\",\"target\":[\"https:\\\/\\\/trackcable.com\\\/de\\\/produkt\\\/qt0250-030-050\\\/\"]}]},{\"@type\":\"ImageObject\",\"inLanguage\":\"de\",\"@id\":\"https:\\\/\\\/trackcable.com\\\/de\\\/produkt\\\/qt0250-030-050\\\/#primaryimage\",\"url\":\"https:\\\/\\\/trackcable.com\\\/wp-content\\\/uploads\\\/2026\\\/02\\\/QT-03203-1.jpg\",\"contentUrl\":\"https:\\\/\\\/trackcable.com\\\/wp-content\\\/uploads\\\/2026\\\/02\\\/QT-03203-1.jpg\",\"width\":300,\"height\":199,\"caption\":\"Eine Nahaufnahme der Reiku Energiekette QT0250-030-030 mit einem ge\u00f6ffneten Segmentdeckel, der ihre Struktur zur Organisation und zum Schutz von Kabeln zeigt.\"},{\"@type\":\"BreadcrumbList\",\"@id\":\"https:\\\/\\\/trackcable.com\\\/de\\\/produkt\\\/qt0250-030-050\\\/#breadcrumb\",\"itemListElement\":[{\"@type\":\"ListItem\",\"position\":1,\"name\":\"Startseite\",\"item\":\"https:\\\/\\\/trackcable.com\\\/de\\\/startseite\\\/\"},{\"@type\":\"ListItem\",\"position\":2,\"name\":\"Shop\",\"item\":\"https:\\\/\\\/trackcable.com\\\/de\\\/shop\\\/\"},{\"@type\":\"ListItem\",\"position\":3,\"name\":\"QT0250-030-050\"}]},{\"@type\":\"WebSite\",\"@id\":\"https:\\\/\\\/trackcable.com\\\/de\\\/#website\",\"url\":\"https:\\\/\\\/trackcable.com\\\/de\\\/\",\"name\":\"trackcable.com\",\"description\":\"Precision in cable management\",\"publisher\":{\"@id\":\"https:\\\/\\\/trackcable.com\\\/de\\\/#organization\"},\"potentialAction\":[{\"@type\":\"SearchAction\",\"target\":{\"@type\":\"EntryPoint\",\"urlTemplate\":\"https:\\\/\\\/trackcable.com\\\/de\\\/?s={search_term_string}\"},\"query-input\":{\"@type\":\"PropertyValueSpecification\",\"valueRequired\":true,\"valueName\":\"search_term_string\"}}],\"inLanguage\":\"de\"},{\"@type\":\"Organization\",\"@id\":\"https:\\\/\\\/trackcable.com\\\/de\\\/#organization\",\"name\":\"TrackCable | Precision in industrial cable management\",\"url\":\"https:\\\/\\\/trackcable.com\\\/de\\\/\",\"logo\":{\"@type\":\"ImageObject\",\"inLanguage\":\"de\",\"@id\":\"https:\\\/\\\/trackcable.com\\\/de\\\/#\\\/schema\\\/logo\\\/image\\\/\",\"url\":\"https:\\\/\\\/trackcable.com\\\/wp-content\\\/uploads\\\/2026\\\/02\\\/TrackCable.jpg\",\"contentUrl\":\"https:\\\/\\\/trackcable.com\\\/wp-content\\\/uploads\\\/2026\\\/02\\\/TrackCable.jpg\",\"width\":600,\"height\":300,\"caption\":\"TrackCable | Precision in industrial cable management\"},\"image\":{\"@id\":\"https:\\\/\\\/trackcable.com\\\/de\\\/#\\\/schema\\\/logo\\\/image\\\/\"}}]}<\/script>\n<!-- \/ Yoast SEO plugin. -->","yoast_head_json":{"title":"Tsubaki Kabelschlepp QT0250-030-050 Kabeltr\u00e4ger | TrackCable","description":"Kaufen Sie den Tsubaki Kabelschlepp QT0250-030-050 Kabeltr\u00e4ger f\u00fcr zuverl\u00e4ssiges Kabelmanagement in industriellen Anwendungen. Schnelle Lieferung verf\u00fcgbar.","robots":{"index":"index","follow":"follow","max-snippet":"max-snippet:-1","max-image-preview":"max-image-preview:large","max-video-preview":"max-video-preview:-1"},"canonical":"https:\/\/trackcable.com\/de\/produkt\/qt0250-030-050\/","og_locale":"de_DE","og_type":"article","og_title":"Tsubaki Kabelschlepp QT0250-030-050 Kabeltr\u00e4ger | TrackCable","og_description":"Kaufen Sie den Tsubaki Kabelschlepp QT0250-030-050 Kabeltr\u00e4ger f\u00fcr zuverl\u00e4ssiges Kabelmanagement in industriellen Anwendungen. Schnelle Lieferung verf\u00fcgbar.","og_url":"https:\/\/trackcable.com\/de\/produkt\/qt0250-030-050\/","og_site_name":"trackcable.com","og_image":[{"width":300,"height":199,"url":"https:\/\/trackcable.com\/wp-content\/uploads\/2026\/02\/QuickTrax-0250.png","type":"image\/png"}],"twitter_card":"summary_large_image","twitter_misc":{"Gesch\u00e4tzte Lesezeit":"2 Minuten"},"schema":{"@context":"https:\/\/schema.org","@graph":[{"@type":"WebPage","@id":"https:\/\/trackcable.com\/de\/produkt\/qt0250-030-050\/","url":"https:\/\/trackcable.com\/de\/produkt\/qt0250-030-050\/","name":"Tsubaki Kabelschlepp QT0250-030-050 Kabeltr\u00e4ger | TrackCable","isPartOf":{"@id":"https:\/\/trackcable.com\/de\/#website"},"primaryImageOfPage":{"@id":"https:\/\/trackcable.com\/de\/produkt\/qt0250-030-050\/#primaryimage"},"image":{"@id":"https:\/\/trackcable.com\/de\/produkt\/qt0250-030-050\/#primaryimage"},"thumbnailUrl":"https:\/\/trackcable.com\/wp-content\/uploads\/2026\/02\/QT-03203-1.jpg","datePublished":"2026-02-13T10:58:22+00:00","description":"Kaufen Sie den Tsubaki Kabelschlepp QT0250-030-050 Kabeltr\u00e4ger f\u00fcr zuverl\u00e4ssiges Kabelmanagement in industriellen Anwendungen. Schnelle Lieferung verf\u00fcgbar.","breadcrumb":{"@id":"https:\/\/trackcable.com\/de\/produkt\/qt0250-030-050\/#breadcrumb"},"inLanguage":"de","potentialAction":[{"@type":"ReadAction","target":["https:\/\/trackcable.com\/de\/produkt\/qt0250-030-050\/"]}]},{"@type":"ImageObject","inLanguage":"de","@id":"https:\/\/trackcable.com\/de\/produkt\/qt0250-030-050\/#primaryimage","url":"https:\/\/trackcable.com\/wp-content\/uploads\/2026\/02\/QT-03203-1.jpg","contentUrl":"https:\/\/trackcable.com\/wp-content\/uploads\/2026\/02\/QT-03203-1.jpg","width":300,"height":199,"caption":"Eine Nahaufnahme der Reiku Energiekette QT0250-030-030 mit einem ge\u00f6ffneten Segmentdeckel, der ihre Struktur zur Organisation und zum Schutz von Kabeln zeigt."},{"@type":"BreadcrumbList","@id":"https:\/\/trackcable.com\/de\/produkt\/qt0250-030-050\/#breadcrumb","itemListElement":[{"@type":"ListItem","position":1,"name":"Startseite","item":"https:\/\/trackcable.com\/de\/startseite\/"},{"@type":"ListItem","position":2,"name":"Shop","item":"https:\/\/trackcable.com\/de\/shop\/"},{"@type":"ListItem","position":3,"name":"QT0250-030-050"}]},{"@type":"WebSite","@id":"https:\/\/trackcable.com\/de\/#website","url":"https:\/\/trackcable.com\/de\/","name":"trackcable.com","description":"Precision in cable management","publisher":{"@id":"https:\/\/trackcable.com\/de\/#organization"},"potentialAction":[{"@type":"SearchAction","target":{"@type":"EntryPoint","urlTemplate":"https:\/\/trackcable.com\/de\/?s={search_term_string}"},"query-input":{"@type":"PropertyValueSpecification","valueRequired":true,"valueName":"search_term_string"}}],"inLanguage":"de"},{"@type":"Organization","@id":"https:\/\/trackcable.com\/de\/#organization","name":"TrackCable | Precision in industrial cable management","url":"https:\/\/trackcable.com\/de\/","logo":{"@type":"ImageObject","inLanguage":"de","@id":"https:\/\/trackcable.com\/de\/#\/schema\/logo\/image\/","url":"https:\/\/trackcable.com\/wp-content\/uploads\/2026\/02\/TrackCable.jpg","contentUrl":"https:\/\/trackcable.com\/wp-content\/uploads\/2026\/02\/TrackCable.jpg","width":600,"height":300,"caption":"TrackCable | Precision in industrial cable management"},"image":{"@id":"https:\/\/trackcable.com\/de\/#\/schema\/logo\/image\/"}}]}},"_links":{"self":[{"href":"https:\/\/trackcable.com\/de\/wp-json\/wp\/v2\/product\/11627","targetHints":{"allow":["GET"]}}],"collection":[{"href":"https:\/\/trackcable.com\/de\/wp-json\/wp\/v2\/product"}],"about":[{"href":"https:\/\/trackcable.com\/de\/wp-json\/wp\/v2\/types\/product"}],"replies":[{"embeddable":true,"href":"https:\/\/trackcable.com\/de\/wp-json\/wp\/v2\/comments?post=11627"}],"version-history":[{"count":0,"href":"https:\/\/trackcable.com\/de\/wp-json\/wp\/v2\/product\/11627\/revisions"}],"wp:featuredmedia":[{"embeddable":true,"href":"https:\/\/trackcable.com\/de\/wp-json\/wp\/v2\/media\/12437"}],"wp:attachment":[{"href":"https:\/\/trackcable.com\/de\/wp-json\/wp\/v2\/media?parent=11627"}],"wp:term":[{"taxonomy":"brand","embeddable":true,"href":"https:\/\/trackcable.com\/de\/wp-json\/wp\/v2\/etheme_brands?post=11627"},{"taxonomy":"product_brand","embeddable":true,"href":"https:\/\/trackcable.com\/de\/wp-json\/wp\/v2\/product_brand?post=11627"},{"taxonomy":"product_cat","embeddable":true,"href":"https:\/\/trackcable.com\/de\/wp-json\/wp\/v2\/product_cat?post=11627"},{"taxonomy":"product_tag","embeddable":true,"href":"https:\/\/trackcable.com\/de\/wp-json\/wp\/v2\/product_tag?post=11627"}],"curies":[{"name":"wp","href":"https:\/\/api.w.org\/{rel}","templated":true}]}}