{"id":11653,"date":"2026-02-12T14:20:49","date_gmt":"2026-02-12T14:20:49","guid":{"rendered":"https:\/\/trackcable.com\/product\/mono-0180-40\/"},"modified":"2026-03-26T12:35:33","modified_gmt":"2026-03-26T12:35:33","slug":"mono-0180-40","status":"publish","type":"product","link":"https:\/\/trackcable.com\/de\/produkt\/mono-0180-40\/","title":{"rendered":"MONO 0180.40"},"content":{"rendered":"<a target=\"_blank\" class=\"btn  small\" href=\"https:\/\/tsubaki-kabelschlepp.com\/uploads\/tx_tkg17pim\/documents\/pdf\/MONO-series_EN_Y25W45.pdf\"><span> Dokumentation<\/span><\/a>\n<p>&nbsp;<\/p>\n<p>Die TSUBAKI KABELSCHLEPP MONO 0180.40 ist eine kompakte, hochpr\u00e4zise energiekette f\u00fcr zuverl\u00e4ssiges Kabelmanagement in Anwendungen mit begrenztem Bauraum. Sie wurde zum Schutz und zur F\u00fchrung kleiner Kabel und Schl\u00e4uche entwickelt und sorgt f\u00fcr einen ruhigen Lauf bei reduziertem Verschlei\u00df in dynamischen Maschinenumgebungen. <\/p>\n<p>Mit einer Innenbreite von 40 mm und einer Innenh\u00f6he von 15 mm ist der MONO 0180.10 ideal f\u00fcr leichte Kabelpakete, die eine sichere Leitung und konstante Leistung erfordern. Die 18-mm-Tonh\u00f6he unterst\u00fctzt leise, schwingungsarme Bewegungen und eignet sich somit f\u00fcr Hochgeschwindigkeits- und wiederholende Bewegungssysteme. <\/p>\n<p>Dieses Modell verf\u00fcgt \u00fcber ein \u00e4u\u00dferes \u00d6ffnungsdesign, das einen schnellen und bequemen Zugang zu den Kabeln von au\u00dfen erm\u00f6glicht. Dies vereinfacht Installation, Inspektion und Wartung und minimiert gleichzeitig Ausfallzeiten der Maschinen. <\/p>\n<p>Mit drei Biegeradius-Optionen \u2013 28 mm, 37 mm und 50 mm \u2013 bietet diese energiekette mehr Konstruktionsfreiheit und erm\u00f6glicht Ingenieuren die Auswahl des optimalen Radius f\u00fcr ihre spezifische Anwendung bei gleichzeitigem, zuverl\u00e4ssigem Kabelschutz.<\/p>\n<p>Hauptmerkmale<\/p>\n<ul>\n<li>Au\u00dfen\u00f6ffnung f\u00fcr schnellen Kabelzugang und einfache Wartung<\/li>\n<li>Verf\u00fcgbare Biegeradien: 28 mm, 37 mm und 50 mm<\/li>\n<li>Platzsparendes und dennoch robustes Design f\u00fcr kompakte Automatisierungssysteme<\/li>\n<li>Innenma\u00dfe: 40 mm (W) \u00d7 15 mm (H)<\/li>\n<li>Pitch: 18 mm f\u00fcr gleichm\u00e4\u00dfige, stabile Bewegung<\/li>\n<li>Langlebige Konstruktion f\u00fcr eine lange Lebensdauer<\/li>\n<\/ul>\n<p>Die MONO 0180.40 ist die ideale Wahl f\u00fcr Ingenieure und Maschinenbauer, die eine zuverl\u00e4ssige, kompakte energiekette suchen, die Flexibilit\u00e4t, Langlebigkeit und einfache Montage in anspruchsvollen Industrieanwendungen vereint.<\/p>\n","protected":false},"excerpt":{"rendered":"<div style=\"font-size: 12.5px; line-height: 1.2; margin-top: 6px;\">\n<div style=\"display: flex; justify-content: space-between; padding: 2px 0;\"><span style=\"color: #666;\">Innenbreite<\/span><br \/>\n<strong>40 mm<\/strong><\/div>\n<div style=\"display: flex; justify-content: space-between; padding: 2px 0;\"><span style=\"color: #666;\">Innenh\u00f6he<\/span><br \/>\n<strong>15 mm<\/strong><\/div>\n<div style=\"display: flex; justify-content: space-between; padding: 2px 0;\"><span style=\"color: #666;\">Pitch<\/span><br \/>\n<strong>18 mm<\/strong><\/div>\n<div style=\"display: flex; justify-content: space-between; padding: 2px 0;\"><span style=\"color: #666;\">Biegeradius<\/span><br \/>\n<strong>28\/37\/50 mm<\/strong><\/div>\n<div style=\"display: flex; justify-content: space-between; padding: 2px 0;\"><span style=\"color: #666;\">Er\u00f6ffnung<\/span><br \/>\n<strong>Drau\u00dfen<\/strong><\/div>\n<\/div>\n","protected":false},"featured_media":12640,"comment_status":"open","ping_status":"closed","template":"","meta":[],"etheme_brands":[{"term_id":703,"name":"Tsubaki Kabelschlepp","slug":"tsubaki-kabelschlepp","term_group":0,"term_taxonomy_id":703,"taxonomy":"brand","description":"Tsubaki Kabelschlepp ist ein weltweit anerkannter Anbieter von Energiekettensystemen und Kabelf\u00fchrungssystemen und liefert robuste, pr\u00e4zisionsgefertigte L\u00f6sungen zur F\u00fchrung und zum Schutz von Kabeln in dynamischen industriellen Anwendungen.","parent":0,"count":192,"filter":"raw"}],"product_brand":[],"product_cat":[310,547],"product_tag":[461],"class_list":{"0":"post-11653","1":"product","2":"type-product","3":"status-publish","4":"has-post-thumbnail","6":"brand-tsubaki-kabelschlepp","7":"product_cat-kunststoff-energieketten","8":"product_cat-mono-serie","9":"product_tag-preis-pro-meter","11":"first","12":"instock","13":"taxable","14":"shipping-taxable","15":"purchasable","16":"product-type-variable"},"yoast_head":"<!-- This site is optimized with the Yoast SEO plugin v27.3 - https:\/\/yoast.com\/product\/yoast-seo-wordpress\/ -->\n<title>Tsubaki Kabelschlepp MONO 0180.40 Energiekette | TrackCable<\/title>\n<meta name=\"description\" content=\"Kaufen Sie die Tsubaki Kabelschlepp MONO 0180.40 energiekette f\u00fcr zuverl\u00e4ssiges Kabelmanagement in industriellen Anwendungen. Schnelle Lieferung verf\u00fcgbar.\" \/>\n<meta name=\"robots\" content=\"index, follow, max-snippet:-1, max-image-preview:large, max-video-preview:-1\" \/>\n<link rel=\"canonical\" href=\"https:\/\/trackcable.com\/de\/produkt\/mono-0180-40\/\" \/>\n<meta property=\"og:locale\" content=\"de_DE\" \/>\n<meta property=\"og:type\" content=\"article\" \/>\n<meta property=\"og:title\" content=\"Tsubaki Kabelschlepp MONO 0180.40 Energiekette | TrackCable\" \/>\n<meta property=\"og:description\" content=\"Kaufen Sie die Tsubaki Kabelschlepp MONO 0180.40 energiekette f\u00fcr zuverl\u00e4ssiges Kabelmanagement in industriellen Anwendungen. Schnelle Lieferung verf\u00fcgbar.\" \/>\n<meta property=\"og:url\" content=\"https:\/\/trackcable.com\/de\/produkt\/mono-0180-40\/\" \/>\n<meta property=\"og:site_name\" content=\"trackcable.com\" \/>\n<meta property=\"article:modified_time\" content=\"2026-03-26T12:35:33+00:00\" \/>\n<meta property=\"og:image\" content=\"https:\/\/trackcable.com\/wp-content\/uploads\/2026\/02\/MONO-0180.jpg\" \/>\n\t<meta property=\"og:image:width\" content=\"900\" \/>\n\t<meta property=\"og:image:height\" content=\"597\" \/>\n\t<meta property=\"og:image:type\" content=\"image\/jpeg\" \/>\n<meta name=\"twitter:card\" content=\"summary_large_image\" \/>\n<meta name=\"twitter:label1\" content=\"Gesch\u00e4tzte Lesezeit\" \/>\n\t<meta name=\"twitter:data1\" content=\"1\u00a0Minute\" \/>\n<script type=\"application\/ld+json\" class=\"yoast-schema-graph\">{\"@context\":\"https:\\\/\\\/schema.org\",\"@graph\":[{\"@type\":\"WebPage\",\"@id\":\"https:\\\/\\\/trackcable.com\\\/de\\\/produkt\\\/mono-0180-40\\\/\",\"url\":\"https:\\\/\\\/trackcable.com\\\/de\\\/produkt\\\/mono-0180-40\\\/\",\"name\":\"Tsubaki Kabelschlepp MONO 0180.40 Energiekette | TrackCable\",\"isPartOf\":{\"@id\":\"https:\\\/\\\/trackcable.com\\\/de\\\/#website\"},\"primaryImageOfPage\":{\"@id\":\"https:\\\/\\\/trackcable.com\\\/de\\\/produkt\\\/mono-0180-40\\\/#primaryimage\"},\"image\":{\"@id\":\"https:\\\/\\\/trackcable.com\\\/de\\\/produkt\\\/mono-0180-40\\\/#primaryimage\"},\"thumbnailUrl\":\"https:\\\/\\\/trackcable.com\\\/wp-content\\\/uploads\\\/2026\\\/02\\\/MONO-0180-1.jpg\",\"datePublished\":\"2026-02-12T14:20:49+00:00\",\"dateModified\":\"2026-03-26T12:35:33+00:00\",\"description\":\"Kaufen Sie die Tsubaki Kabelschlepp MONO 0180.40 energiekette f\u00fcr zuverl\u00e4ssiges Kabelmanagement in industriellen Anwendungen. Schnelle Lieferung verf\u00fcgbar.\",\"breadcrumb\":{\"@id\":\"https:\\\/\\\/trackcable.com\\\/de\\\/produkt\\\/mono-0180-40\\\/#breadcrumb\"},\"inLanguage\":\"de\",\"potentialAction\":[{\"@type\":\"ReadAction\",\"target\":[\"https:\\\/\\\/trackcable.com\\\/de\\\/produkt\\\/mono-0180-40\\\/\"]}]},{\"@type\":\"ImageObject\",\"inLanguage\":\"de\",\"@id\":\"https:\\\/\\\/trackcable.com\\\/de\\\/produkt\\\/mono-0180-40\\\/#primaryimage\",\"url\":\"https:\\\/\\\/trackcable.com\\\/wp-content\\\/uploads\\\/2026\\\/02\\\/MONO-0180-1.jpg\",\"contentUrl\":\"https:\\\/\\\/trackcable.com\\\/wp-content\\\/uploads\\\/2026\\\/02\\\/MONO-0180-1.jpg\",\"width\":300,\"height\":199,\"caption\":\"Die schwarze Kunststoff-energiekette MONO 0180.10, teilweise ge\u00f6ffnet, um ihre flexiblen, ineinandergreifenden Segmente zu zeigen, ist vor wei\u00dfem Hintergrund dargestellt \u2013 \u00e4hnlich wie Modelle von Reiku.\"},{\"@type\":\"BreadcrumbList\",\"@id\":\"https:\\\/\\\/trackcable.com\\\/de\\\/produkt\\\/mono-0180-40\\\/#breadcrumb\",\"itemListElement\":[{\"@type\":\"ListItem\",\"position\":1,\"name\":\"Startseite\",\"item\":\"https:\\\/\\\/trackcable.com\\\/de\\\/startseite\\\/\"},{\"@type\":\"ListItem\",\"position\":2,\"name\":\"Shop\",\"item\":\"https:\\\/\\\/trackcable.com\\\/de\\\/shop\\\/\"},{\"@type\":\"ListItem\",\"position\":3,\"name\":\"MONO 0180.40\"}]},{\"@type\":\"WebSite\",\"@id\":\"https:\\\/\\\/trackcable.com\\\/de\\\/#website\",\"url\":\"https:\\\/\\\/trackcable.com\\\/de\\\/\",\"name\":\"trackcable.com\",\"description\":\"Precision in cable management\",\"publisher\":{\"@id\":\"https:\\\/\\\/trackcable.com\\\/de\\\/#organization\"},\"potentialAction\":[{\"@type\":\"SearchAction\",\"target\":{\"@type\":\"EntryPoint\",\"urlTemplate\":\"https:\\\/\\\/trackcable.com\\\/de\\\/?s={search_term_string}\"},\"query-input\":{\"@type\":\"PropertyValueSpecification\",\"valueRequired\":true,\"valueName\":\"search_term_string\"}}],\"inLanguage\":\"de\"},{\"@type\":\"Organization\",\"@id\":\"https:\\\/\\\/trackcable.com\\\/de\\\/#organization\",\"name\":\"TrackCable | Precision in industrial cable management\",\"url\":\"https:\\\/\\\/trackcable.com\\\/de\\\/\",\"logo\":{\"@type\":\"ImageObject\",\"inLanguage\":\"de\",\"@id\":\"https:\\\/\\\/trackcable.com\\\/de\\\/#\\\/schema\\\/logo\\\/image\\\/\",\"url\":\"https:\\\/\\\/trackcable.com\\\/wp-content\\\/uploads\\\/2026\\\/02\\\/TrackCable.jpg\",\"contentUrl\":\"https:\\\/\\\/trackcable.com\\\/wp-content\\\/uploads\\\/2026\\\/02\\\/TrackCable.jpg\",\"width\":600,\"height\":300,\"caption\":\"TrackCable | Precision in industrial cable management\"},\"image\":{\"@id\":\"https:\\\/\\\/trackcable.com\\\/de\\\/#\\\/schema\\\/logo\\\/image\\\/\"}}]}<\/script>\n<!-- \/ Yoast SEO plugin. -->","yoast_head_json":{"title":"Tsubaki Kabelschlepp MONO 0180.40 Energiekette | TrackCable","description":"Kaufen Sie die Tsubaki Kabelschlepp MONO 0180.40 energiekette f\u00fcr zuverl\u00e4ssiges Kabelmanagement in industriellen Anwendungen. Schnelle Lieferung verf\u00fcgbar.","robots":{"index":"index","follow":"follow","max-snippet":"max-snippet:-1","max-image-preview":"max-image-preview:large","max-video-preview":"max-video-preview:-1"},"canonical":"https:\/\/trackcable.com\/de\/produkt\/mono-0180-40\/","og_locale":"de_DE","og_type":"article","og_title":"Tsubaki Kabelschlepp MONO 0180.40 Energiekette | TrackCable","og_description":"Kaufen Sie die Tsubaki Kabelschlepp MONO 0180.40 energiekette f\u00fcr zuverl\u00e4ssiges Kabelmanagement in industriellen Anwendungen. Schnelle Lieferung verf\u00fcgbar.","og_url":"https:\/\/trackcable.com\/de\/produkt\/mono-0180-40\/","og_site_name":"trackcable.com","article_modified_time":"2026-03-26T12:35:33+00:00","og_image":[{"width":900,"height":597,"url":"https:\/\/trackcable.com\/wp-content\/uploads\/2026\/02\/MONO-0180.jpg","type":"image\/jpeg"}],"twitter_card":"summary_large_image","twitter_misc":{"Gesch\u00e4tzte Lesezeit":"1\u00a0Minute"},"schema":{"@context":"https:\/\/schema.org","@graph":[{"@type":"WebPage","@id":"https:\/\/trackcable.com\/de\/produkt\/mono-0180-40\/","url":"https:\/\/trackcable.com\/de\/produkt\/mono-0180-40\/","name":"Tsubaki Kabelschlepp MONO 0180.40 Energiekette | TrackCable","isPartOf":{"@id":"https:\/\/trackcable.com\/de\/#website"},"primaryImageOfPage":{"@id":"https:\/\/trackcable.com\/de\/produkt\/mono-0180-40\/#primaryimage"},"image":{"@id":"https:\/\/trackcable.com\/de\/produkt\/mono-0180-40\/#primaryimage"},"thumbnailUrl":"https:\/\/trackcable.com\/wp-content\/uploads\/2026\/02\/MONO-0180-1.jpg","datePublished":"2026-02-12T14:20:49+00:00","dateModified":"2026-03-26T12:35:33+00:00","description":"Kaufen Sie die Tsubaki Kabelschlepp MONO 0180.40 energiekette f\u00fcr zuverl\u00e4ssiges Kabelmanagement in industriellen Anwendungen. Schnelle Lieferung verf\u00fcgbar.","breadcrumb":{"@id":"https:\/\/trackcable.com\/de\/produkt\/mono-0180-40\/#breadcrumb"},"inLanguage":"de","potentialAction":[{"@type":"ReadAction","target":["https:\/\/trackcable.com\/de\/produkt\/mono-0180-40\/"]}]},{"@type":"ImageObject","inLanguage":"de","@id":"https:\/\/trackcable.com\/de\/produkt\/mono-0180-40\/#primaryimage","url":"https:\/\/trackcable.com\/wp-content\/uploads\/2026\/02\/MONO-0180-1.jpg","contentUrl":"https:\/\/trackcable.com\/wp-content\/uploads\/2026\/02\/MONO-0180-1.jpg","width":300,"height":199,"caption":"Die schwarze Kunststoff-energiekette MONO 0180.10, teilweise ge\u00f6ffnet, um ihre flexiblen, ineinandergreifenden Segmente zu zeigen, ist vor wei\u00dfem Hintergrund dargestellt \u2013 \u00e4hnlich wie Modelle von Reiku."},{"@type":"BreadcrumbList","@id":"https:\/\/trackcable.com\/de\/produkt\/mono-0180-40\/#breadcrumb","itemListElement":[{"@type":"ListItem","position":1,"name":"Startseite","item":"https:\/\/trackcable.com\/de\/startseite\/"},{"@type":"ListItem","position":2,"name":"Shop","item":"https:\/\/trackcable.com\/de\/shop\/"},{"@type":"ListItem","position":3,"name":"MONO 0180.40"}]},{"@type":"WebSite","@id":"https:\/\/trackcable.com\/de\/#website","url":"https:\/\/trackcable.com\/de\/","name":"trackcable.com","description":"Precision in cable management","publisher":{"@id":"https:\/\/trackcable.com\/de\/#organization"},"potentialAction":[{"@type":"SearchAction","target":{"@type":"EntryPoint","urlTemplate":"https:\/\/trackcable.com\/de\/?s={search_term_string}"},"query-input":{"@type":"PropertyValueSpecification","valueRequired":true,"valueName":"search_term_string"}}],"inLanguage":"de"},{"@type":"Organization","@id":"https:\/\/trackcable.com\/de\/#organization","name":"TrackCable | Precision in industrial cable management","url":"https:\/\/trackcable.com\/de\/","logo":{"@type":"ImageObject","inLanguage":"de","@id":"https:\/\/trackcable.com\/de\/#\/schema\/logo\/image\/","url":"https:\/\/trackcable.com\/wp-content\/uploads\/2026\/02\/TrackCable.jpg","contentUrl":"https:\/\/trackcable.com\/wp-content\/uploads\/2026\/02\/TrackCable.jpg","width":600,"height":300,"caption":"TrackCable | Precision in industrial cable management"},"image":{"@id":"https:\/\/trackcable.com\/de\/#\/schema\/logo\/image\/"}}]}},"_links":{"self":[{"href":"https:\/\/trackcable.com\/de\/wp-json\/wp\/v2\/product\/11653","targetHints":{"allow":["GET"]}}],"collection":[{"href":"https:\/\/trackcable.com\/de\/wp-json\/wp\/v2\/product"}],"about":[{"href":"https:\/\/trackcable.com\/de\/wp-json\/wp\/v2\/types\/product"}],"replies":[{"embeddable":true,"href":"https:\/\/trackcable.com\/de\/wp-json\/wp\/v2\/comments?post=11653"}],"version-history":[{"count":1,"href":"https:\/\/trackcable.com\/de\/wp-json\/wp\/v2\/product\/11653\/revisions"}],"predecessor-version":[{"id":12639,"href":"https:\/\/trackcable.com\/de\/wp-json\/wp\/v2\/product\/11653\/revisions\/12639"}],"wp:featuredmedia":[{"embeddable":true,"href":"https:\/\/trackcable.com\/de\/wp-json\/wp\/v2\/media\/12640"}],"wp:attachment":[{"href":"https:\/\/trackcable.com\/de\/wp-json\/wp\/v2\/media?parent=11653"}],"wp:term":[{"taxonomy":"brand","embeddable":true,"href":"https:\/\/trackcable.com\/de\/wp-json\/wp\/v2\/etheme_brands?post=11653"},{"taxonomy":"product_brand","embeddable":true,"href":"https:\/\/trackcable.com\/de\/wp-json\/wp\/v2\/product_brand?post=11653"},{"taxonomy":"product_cat","embeddable":true,"href":"https:\/\/trackcable.com\/de\/wp-json\/wp\/v2\/product_cat?post=11653"},{"taxonomy":"product_tag","embeddable":true,"href":"https:\/\/trackcable.com\/de\/wp-json\/wp\/v2\/product_tag?post=11653"}],"curies":[{"name":"wp","href":"https:\/\/api.w.org\/{rel}","templated":true}]}}