{"id":11704,"date":"2026-03-18T12:06:52","date_gmt":"2026-03-18T12:06:52","guid":{"rendered":"https:\/\/trackcable.com\/product\/kel-16-06-e-rvs\/"},"modified":"2026-03-26T12:39:32","modified_gmt":"2026-03-26T12:39:32","slug":"kel-16-06-e-rvs","status":"publish","type":"product","link":"https:\/\/trackcable.com\/de\/produkt\/kel-16-06-e-rvs\/","title":{"rendered":"KEL 16\/06-E RVS"},"content":{"rendered":"<a target=\"_blank\" class=\"btn  small\" href=\"https:\/\/www.icotek.com\/Produkte\/PG01%20Kabeleinfuehrungsleisten\/KEL\/KEL%2016-E\/Datenbl%C3%A4tter\/42140.200_KEL%2016-6-E%20V2A.PDF\"><span> Datenblatt<\/span><\/a>\n<p>&nbsp;<\/p>\n<h2 data-start=\"72\" data-end=\"98\"><strong data-start=\"75\" data-end=\"98\">Produktbeschreibung<\/strong><\/h2>\n<p data-start=\"55\" data-end=\"356\"><strong data-start=\"55\" data-end=\"128\">Der KEL 16\/6-E extra gro\u00dfe Kabeleinstiegsrahmen (Edelstahl, schwarz)<\/strong> ist f\u00fcr die effiziente Verlegung mehrerer Kabel in elektrische Geh\u00e4use und industrielle Anwendungen konzipiert. Das extra gro\u00dfe Format erm\u00f6glicht eine hohe Kabelkapazit\u00e4t und macht es ideal f\u00fcr Installationen mit erh\u00f6hter Kabeldichte. <\/p>\n<p data-start=\"358\" data-end=\"749\">Das Split-Frame-Design erm\u00f6glicht eine Installation, ohne vorab terminierte Kabel zu trennen, was eine schnelle und bequeme Montage gew\u00e4hrleistet. Aus Edelstahl gefertigt, bietet es eine ausgezeichnete Korrosionsbest\u00e4ndigkeit und Langlebigkeit, was ihn f\u00fcr raue und anspruchsvolle Umgebungen geeignet macht. Ideal f\u00fcr Steuerschr\u00e4nke, Panelbau und Automatisierungssysteme, bei denen Zuverl\u00e4ssigkeit und lange Lebensdauer unerl\u00e4sslich sind.  <\/p>\n","protected":false},"excerpt":{"rendered":"<p>&nbsp; Produktbeschreibung Der KEL 16\/6-E extra gro\u00dfe Kabeleinstiegsrahmen (Edelstahl, schwarz) ist f\u00fcr die effiziente Verlegung mehrerer Kabel in elektrische Geh\u00e4use und industrielle Anwendungen konzipiert. Das&#8230;<\/p>\n","protected":false},"featured_media":11706,"comment_status":"open","ping_status":"closed","template":"","meta":[],"etheme_brands":[{"term_id":697,"name":"Icotek","slug":"icotek","term_group":0,"term_taxonomy_id":697,"taxonomy":"brand","description":"Icotek ist ein f\u00fchrender Hersteller innovativer Kabelmanagement- und Einf\u00fchrungsl\u00f6sungen, spezialisiert auf modulare Systeme, die eine schnelle Installation und zuverl\u00e4ssige Abdichtung f\u00fcr industrielle und elektrotechnische Anwendungen weltweit erm\u00f6glichen.","parent":0,"count":125,"filter":"raw"}],"product_brand":[],"product_cat":[274],"product_tag":[],"class_list":{"0":"post-11704","1":"product","2":"type-product","3":"status-publish","4":"has-post-thumbnail","6":"brand-icotek","7":"product_cat-kabeleinfuhrungsrahmen","9":"first","10":"instock","11":"sale","12":"taxable","13":"shipping-taxable","14":"purchasable","15":"product-type-simple"},"yoast_head":"<!-- This site is optimized with the Yoast SEO plugin v27.3 - https:\/\/yoast.com\/product\/yoast-seo-wordpress\/ -->\n<title>Icotek KEL 16\/06-E RVS Kabeleinstiegsrahmen (42140.200) | TrackCable<\/title>\n<meta name=\"description\" content=\"Kaufen Sie den Icotek KEL 16\/06-E Edelstahl-Kabeleingangsrahmen (42140.200) f\u00fcr EMC-Abschirmung, sichere Kabelf\u00fchrung und effizientes Kabelmanagement.\" \/>\n<meta name=\"robots\" content=\"index, follow, max-snippet:-1, max-image-preview:large, max-video-preview:-1\" \/>\n<link rel=\"canonical\" href=\"https:\/\/trackcable.com\/de\/produkt\/kel-16-06-e-rvs\/\" \/>\n<meta property=\"og:locale\" content=\"de_DE\" \/>\n<meta property=\"og:type\" content=\"article\" \/>\n<meta property=\"og:title\" content=\"Icotek KEL 16\/06-E RVS Kabeleinstiegsrahmen (42140.200) | TrackCable\" \/>\n<meta property=\"og:description\" content=\"Kaufen Sie den Icotek KEL 16\/06-E Edelstahl-Kabeleingangsrahmen (42140.200) f\u00fcr EMC-Abschirmung, sichere Kabelf\u00fchrung und effizientes Kabelmanagement.\" \/>\n<meta property=\"og:url\" content=\"https:\/\/trackcable.com\/de\/produkt\/kel-16-06-e-rvs\/\" \/>\n<meta property=\"og:site_name\" content=\"trackcable.com\" \/>\n<meta property=\"article:modified_time\" content=\"2026-03-26T12:39:32+00:00\" \/>\n<meta property=\"og:image\" content=\"https:\/\/trackcable.com\/wp-content\/uploads\/2026\/03\/kel-1606-e-rvs.jpg\" \/>\n\t<meta property=\"og:image:width\" content=\"300\" \/>\n\t<meta property=\"og:image:height\" content=\"199\" \/>\n\t<meta property=\"og:image:type\" content=\"image\/jpeg\" \/>\n<meta name=\"twitter:card\" content=\"summary_large_image\" \/>\n<meta name=\"twitter:label1\" content=\"Gesch\u00e4tzte Lesezeit\" \/>\n\t<meta name=\"twitter:data1\" content=\"1\u00a0Minute\" \/>\n<script type=\"application\/ld+json\" class=\"yoast-schema-graph\">{\"@context\":\"https:\\\/\\\/schema.org\",\"@graph\":[{\"@type\":\"WebPage\",\"@id\":\"https:\\\/\\\/trackcable.com\\\/de\\\/produkt\\\/kel-16-06-e-rvs\\\/\",\"url\":\"https:\\\/\\\/trackcable.com\\\/de\\\/produkt\\\/kel-16-06-e-rvs\\\/\",\"name\":\"Icotek KEL 16\\\/06-E RVS Kabeleinstiegsrahmen (42140.200) | TrackCable\",\"isPartOf\":{\"@id\":\"https:\\\/\\\/trackcable.com\\\/de\\\/#website\"},\"primaryImageOfPage\":{\"@id\":\"https:\\\/\\\/trackcable.com\\\/de\\\/produkt\\\/kel-16-06-e-rvs\\\/#primaryimage\"},\"image\":{\"@id\":\"https:\\\/\\\/trackcable.com\\\/de\\\/produkt\\\/kel-16-06-e-rvs\\\/#primaryimage\"},\"thumbnailUrl\":\"https:\\\/\\\/trackcable.com\\\/wp-content\\\/uploads\\\/2026\\\/03\\\/kel-1606-e-rvs.jpg\",\"datePublished\":\"2026-03-18T12:06:52+00:00\",\"dateModified\":\"2026-03-26T12:39:32+00:00\",\"description\":\"Kaufen Sie den Icotek KEL 16\\\/06-E Edelstahl-Kabeleingangsrahmen (42140.200) f\u00fcr EMC-Abschirmung, sichere Kabelf\u00fchrung und effizientes Kabelmanagement.\",\"breadcrumb\":{\"@id\":\"https:\\\/\\\/trackcable.com\\\/de\\\/produkt\\\/kel-16-06-e-rvs\\\/#breadcrumb\"},\"inLanguage\":\"de\",\"potentialAction\":[{\"@type\":\"ReadAction\",\"target\":[\"https:\\\/\\\/trackcable.com\\\/de\\\/produkt\\\/kel-16-06-e-rvs\\\/\"]}]},{\"@type\":\"ImageObject\",\"inLanguage\":\"de\",\"@id\":\"https:\\\/\\\/trackcable.com\\\/de\\\/produkt\\\/kel-16-06-e-rvs\\\/#primaryimage\",\"url\":\"https:\\\/\\\/trackcable.com\\\/wp-content\\\/uploads\\\/2026\\\/03\\\/kel-1606-e-rvs.jpg\",\"contentUrl\":\"https:\\\/\\\/trackcable.com\\\/wp-content\\\/uploads\\\/2026\\\/03\\\/kel-1606-e-rvs.jpg\",\"width\":300,\"height\":199,\"caption\":\"3D-Darstellung des KEL 16\\\/06-E RVS, einer rechteckigen schwarzen Montagehalterung mit mehreren runden L\u00f6chern und quadratischen Ausschnitten, konzipiert zum Befestigen oder Tragen von Bauteilen.\"},{\"@type\":\"BreadcrumbList\",\"@id\":\"https:\\\/\\\/trackcable.com\\\/de\\\/produkt\\\/kel-16-06-e-rvs\\\/#breadcrumb\",\"itemListElement\":[{\"@type\":\"ListItem\",\"position\":1,\"name\":\"Startseite\",\"item\":\"https:\\\/\\\/trackcable.com\\\/de\\\/startseite\\\/\"},{\"@type\":\"ListItem\",\"position\":2,\"name\":\"Shop\",\"item\":\"https:\\\/\\\/trackcable.com\\\/de\\\/shop\\\/\"},{\"@type\":\"ListItem\",\"position\":3,\"name\":\"KEL 16\\\/06-E RVS\"}]},{\"@type\":\"WebSite\",\"@id\":\"https:\\\/\\\/trackcable.com\\\/de\\\/#website\",\"url\":\"https:\\\/\\\/trackcable.com\\\/de\\\/\",\"name\":\"trackcable.com\",\"description\":\"Precision in cable management\",\"publisher\":{\"@id\":\"https:\\\/\\\/trackcable.com\\\/de\\\/#organization\"},\"potentialAction\":[{\"@type\":\"SearchAction\",\"target\":{\"@type\":\"EntryPoint\",\"urlTemplate\":\"https:\\\/\\\/trackcable.com\\\/de\\\/?s={search_term_string}\"},\"query-input\":{\"@type\":\"PropertyValueSpecification\",\"valueRequired\":true,\"valueName\":\"search_term_string\"}}],\"inLanguage\":\"de\"},{\"@type\":\"Organization\",\"@id\":\"https:\\\/\\\/trackcable.com\\\/de\\\/#organization\",\"name\":\"TrackCable | Precision in industrial cable management\",\"url\":\"https:\\\/\\\/trackcable.com\\\/de\\\/\",\"logo\":{\"@type\":\"ImageObject\",\"inLanguage\":\"de\",\"@id\":\"https:\\\/\\\/trackcable.com\\\/de\\\/#\\\/schema\\\/logo\\\/image\\\/\",\"url\":\"https:\\\/\\\/trackcable.com\\\/wp-content\\\/uploads\\\/2026\\\/02\\\/TrackCable.jpg\",\"contentUrl\":\"https:\\\/\\\/trackcable.com\\\/wp-content\\\/uploads\\\/2026\\\/02\\\/TrackCable.jpg\",\"width\":600,\"height\":300,\"caption\":\"TrackCable | Precision in industrial cable management\"},\"image\":{\"@id\":\"https:\\\/\\\/trackcable.com\\\/de\\\/#\\\/schema\\\/logo\\\/image\\\/\"}}]}<\/script>\n<!-- \/ Yoast SEO plugin. -->","yoast_head_json":{"title":"Icotek KEL 16\/06-E RVS Kabeleinstiegsrahmen (42140.200) | TrackCable","description":"Kaufen Sie den Icotek KEL 16\/06-E Edelstahl-Kabeleingangsrahmen (42140.200) f\u00fcr EMC-Abschirmung, sichere Kabelf\u00fchrung und effizientes Kabelmanagement.","robots":{"index":"index","follow":"follow","max-snippet":"max-snippet:-1","max-image-preview":"max-image-preview:large","max-video-preview":"max-video-preview:-1"},"canonical":"https:\/\/trackcable.com\/de\/produkt\/kel-16-06-e-rvs\/","og_locale":"de_DE","og_type":"article","og_title":"Icotek KEL 16\/06-E RVS Kabeleinstiegsrahmen (42140.200) | TrackCable","og_description":"Kaufen Sie den Icotek KEL 16\/06-E Edelstahl-Kabeleingangsrahmen (42140.200) f\u00fcr EMC-Abschirmung, sichere Kabelf\u00fchrung und effizientes Kabelmanagement.","og_url":"https:\/\/trackcable.com\/de\/produkt\/kel-16-06-e-rvs\/","og_site_name":"trackcable.com","article_modified_time":"2026-03-26T12:39:32+00:00","og_image":[{"width":300,"height":199,"url":"https:\/\/trackcable.com\/wp-content\/uploads\/2026\/03\/kel-1606-e-rvs.jpg","type":"image\/jpeg"}],"twitter_card":"summary_large_image","twitter_misc":{"Gesch\u00e4tzte Lesezeit":"1\u00a0Minute"},"schema":{"@context":"https:\/\/schema.org","@graph":[{"@type":"WebPage","@id":"https:\/\/trackcable.com\/de\/produkt\/kel-16-06-e-rvs\/","url":"https:\/\/trackcable.com\/de\/produkt\/kel-16-06-e-rvs\/","name":"Icotek KEL 16\/06-E RVS Kabeleinstiegsrahmen (42140.200) | TrackCable","isPartOf":{"@id":"https:\/\/trackcable.com\/de\/#website"},"primaryImageOfPage":{"@id":"https:\/\/trackcable.com\/de\/produkt\/kel-16-06-e-rvs\/#primaryimage"},"image":{"@id":"https:\/\/trackcable.com\/de\/produkt\/kel-16-06-e-rvs\/#primaryimage"},"thumbnailUrl":"https:\/\/trackcable.com\/wp-content\/uploads\/2026\/03\/kel-1606-e-rvs.jpg","datePublished":"2026-03-18T12:06:52+00:00","dateModified":"2026-03-26T12:39:32+00:00","description":"Kaufen Sie den Icotek KEL 16\/06-E Edelstahl-Kabeleingangsrahmen (42140.200) f\u00fcr EMC-Abschirmung, sichere Kabelf\u00fchrung und effizientes Kabelmanagement.","breadcrumb":{"@id":"https:\/\/trackcable.com\/de\/produkt\/kel-16-06-e-rvs\/#breadcrumb"},"inLanguage":"de","potentialAction":[{"@type":"ReadAction","target":["https:\/\/trackcable.com\/de\/produkt\/kel-16-06-e-rvs\/"]}]},{"@type":"ImageObject","inLanguage":"de","@id":"https:\/\/trackcable.com\/de\/produkt\/kel-16-06-e-rvs\/#primaryimage","url":"https:\/\/trackcable.com\/wp-content\/uploads\/2026\/03\/kel-1606-e-rvs.jpg","contentUrl":"https:\/\/trackcable.com\/wp-content\/uploads\/2026\/03\/kel-1606-e-rvs.jpg","width":300,"height":199,"caption":"3D-Darstellung des KEL 16\/06-E RVS, einer rechteckigen schwarzen Montagehalterung mit mehreren runden L\u00f6chern und quadratischen Ausschnitten, konzipiert zum Befestigen oder Tragen von Bauteilen."},{"@type":"BreadcrumbList","@id":"https:\/\/trackcable.com\/de\/produkt\/kel-16-06-e-rvs\/#breadcrumb","itemListElement":[{"@type":"ListItem","position":1,"name":"Startseite","item":"https:\/\/trackcable.com\/de\/startseite\/"},{"@type":"ListItem","position":2,"name":"Shop","item":"https:\/\/trackcable.com\/de\/shop\/"},{"@type":"ListItem","position":3,"name":"KEL 16\/06-E RVS"}]},{"@type":"WebSite","@id":"https:\/\/trackcable.com\/de\/#website","url":"https:\/\/trackcable.com\/de\/","name":"trackcable.com","description":"Precision in cable management","publisher":{"@id":"https:\/\/trackcable.com\/de\/#organization"},"potentialAction":[{"@type":"SearchAction","target":{"@type":"EntryPoint","urlTemplate":"https:\/\/trackcable.com\/de\/?s={search_term_string}"},"query-input":{"@type":"PropertyValueSpecification","valueRequired":true,"valueName":"search_term_string"}}],"inLanguage":"de"},{"@type":"Organization","@id":"https:\/\/trackcable.com\/de\/#organization","name":"TrackCable | Precision in industrial cable management","url":"https:\/\/trackcable.com\/de\/","logo":{"@type":"ImageObject","inLanguage":"de","@id":"https:\/\/trackcable.com\/de\/#\/schema\/logo\/image\/","url":"https:\/\/trackcable.com\/wp-content\/uploads\/2026\/02\/TrackCable.jpg","contentUrl":"https:\/\/trackcable.com\/wp-content\/uploads\/2026\/02\/TrackCable.jpg","width":600,"height":300,"caption":"TrackCable | Precision in industrial cable management"},"image":{"@id":"https:\/\/trackcable.com\/de\/#\/schema\/logo\/image\/"}}]}},"_links":{"self":[{"href":"https:\/\/trackcable.com\/de\/wp-json\/wp\/v2\/product\/11704","targetHints":{"allow":["GET"]}}],"collection":[{"href":"https:\/\/trackcable.com\/de\/wp-json\/wp\/v2\/product"}],"about":[{"href":"https:\/\/trackcable.com\/de\/wp-json\/wp\/v2\/types\/product"}],"replies":[{"embeddable":true,"href":"https:\/\/trackcable.com\/de\/wp-json\/wp\/v2\/comments?post=11704"}],"version-history":[{"count":1,"href":"https:\/\/trackcable.com\/de\/wp-json\/wp\/v2\/product\/11704\/revisions"}],"predecessor-version":[{"id":13047,"href":"https:\/\/trackcable.com\/de\/wp-json\/wp\/v2\/product\/11704\/revisions\/13047"}],"wp:featuredmedia":[{"embeddable":true,"href":"https:\/\/trackcable.com\/de\/wp-json\/wp\/v2\/media\/11706"}],"wp:attachment":[{"href":"https:\/\/trackcable.com\/de\/wp-json\/wp\/v2\/media?parent=11704"}],"wp:term":[{"taxonomy":"brand","embeddable":true,"href":"https:\/\/trackcable.com\/de\/wp-json\/wp\/v2\/etheme_brands?post=11704"},{"taxonomy":"product_brand","embeddable":true,"href":"https:\/\/trackcable.com\/de\/wp-json\/wp\/v2\/product_brand?post=11704"},{"taxonomy":"product_cat","embeddable":true,"href":"https:\/\/trackcable.com\/de\/wp-json\/wp\/v2\/product_cat?post=11704"},{"taxonomy":"product_tag","embeddable":true,"href":"https:\/\/trackcable.com\/de\/wp-json\/wp\/v2\/product_tag?post=11704"}],"curies":[{"name":"wp","href":"https:\/\/api.w.org\/{rel}","templated":true}]}}