{"id":12191,"date":"2026-03-18T13:10:04","date_gmt":"2026-03-18T13:10:04","guid":{"rendered":"https:\/\/trackcable.com\/product\/kel-er-24-10-edelst\/"},"modified":"2026-03-26T12:39:09","modified_gmt":"2026-03-26T12:39:09","slug":"kel-er-24-10-edelst","status":"publish","type":"product","link":"https:\/\/trackcable.com\/de\/produkt\/kel-er-24-10-edelst\/","title":{"rendered":"KEL-ER 24\/10 Edelst."},"content":{"rendered":"<a target=\"_blank\" class=\"btn  small\" href=\"https:\/\/www.icotek.com\/Produkte\/PG01%20Kabeleinfuehrungsleisten\/KEL-ER\/KEL-ER%2024\/Datenbl%C3%A4tter\/48241.200_KEL-ER%2024-10%20V2A.PDF\"><span> Datenblatt<\/span><\/a>\n<p>&nbsp;<\/p>\n<h2 data-start=\"72\" data-end=\"98\"><strong data-start=\"75\" data-end=\"98\">Produktbeschreibung<\/strong><\/h2>\n<p data-start=\"55\" data-end=\"333\"><strong data-start=\"55\" data-end=\"118\">Der KEL-ER 24\/10 Kabeleinstiegsrahmen (Edelstahl, schwarz)<\/strong> ist f\u00fcr das effiziente Verlegen mehrerer Kabel in elektrische Geh\u00e4use und industrielle Anwendungen konzipiert. Seine Konfiguration unterst\u00fctzt ein organisiertes Kabelmanagement und erm\u00f6glicht eine gr\u00f6\u00dfere Anzahl kleinerer Kabel. <\/p>\n<p data-start=\"335\" data-end=\"737\">Das Split-Frame-Design erm\u00f6glicht eine Installation, ohne vorab terminierte Kabel zu trennen, was eine schnelle und bequeme Montage gew\u00e4hrleistet. Hergestellt aus Edelstahl, bietet es eine ausgezeichnete Korrosionsbest\u00e4ndigkeit und Langlebigkeit, was ihn f\u00fcr raue und anspruchsvolle Umgebungen geeignet macht. Ideal f\u00fcr Steuerungsschr\u00e4nke, Panelbau und Automatisierungssysteme, bei denen Flexibilit\u00e4t und zuverl\u00e4ssiger Kabelzugang unerl\u00e4sslich sind.  <\/p>\n","protected":false},"excerpt":{"rendered":"<p>&nbsp; Produktbeschreibung Der KEL-ER 24\/10 Kabeleinstiegsrahmen (Edelstahl, schwarz) ist f\u00fcr das effiziente Verlegen mehrerer Kabel in elektrische Geh\u00e4use und industrielle Anwendungen konzipiert. Seine Konfiguration unterst\u00fctzt&#8230;<\/p>\n","protected":false},"featured_media":12183,"comment_status":"open","ping_status":"closed","template":"","meta":[],"etheme_brands":[{"term_id":697,"name":"Icotek","slug":"icotek","term_group":0,"term_taxonomy_id":697,"taxonomy":"brand","description":"Icotek ist ein f\u00fchrender Hersteller innovativer Kabelmanagement- und Einf\u00fchrungsl\u00f6sungen, spezialisiert auf modulare Systeme, die eine schnelle Installation und zuverl\u00e4ssige Abdichtung f\u00fcr industrielle und elektrotechnische Anwendungen weltweit erm\u00f6glichen.","parent":0,"count":125,"filter":"raw"}],"product_brand":[],"product_cat":[274],"product_tag":[],"class_list":{"0":"post-12191","1":"product","2":"type-product","3":"status-publish","4":"has-post-thumbnail","6":"brand-icotek","7":"product_cat-kabeleinfuhrungsrahmen","9":"first","10":"instock","11":"sale","12":"taxable","13":"shipping-taxable","14":"purchasable","15":"product-type-simple"},"yoast_head":"<!-- This site is optimized with the Yoast SEO plugin v27.3 - https:\/\/yoast.com\/product\/yoast-seo-wordpress\/ -->\n<title>Icotek KEL-ER 24\/10 RVS Kabeleinstiegsrahmen (48241.200) | TrackCable<\/title>\n<meta name=\"description\" content=\"Kaufen Sie den Icotek KEL-ER 24\/10 Edelstahl-Kabeleinstiegsrahmen (48241.200) f\u00fcr EMC-Abschirmung, sichere Kabelf\u00fchrung und effizientes Kabelmanagement.\" \/>\n<meta name=\"robots\" content=\"index, follow, max-snippet:-1, max-image-preview:large, max-video-preview:-1\" \/>\n<link rel=\"canonical\" href=\"https:\/\/trackcable.com\/de\/produkt\/kel-er-24-10-edelst\/\" \/>\n<meta property=\"og:locale\" content=\"de_DE\" \/>\n<meta property=\"og:type\" content=\"article\" \/>\n<meta property=\"og:title\" content=\"Icotek KEL-ER 24\/10 RVS Kabeleinstiegsrahmen (48241.200) | TrackCable\" \/>\n<meta property=\"og:description\" content=\"Kaufen Sie den Icotek KEL-ER 24\/10 Edelstahl-Kabeleinstiegsrahmen (48241.200) f\u00fcr EMC-Abschirmung, sichere Kabelf\u00fchrung und effizientes Kabelmanagement.\" \/>\n<meta property=\"og:url\" content=\"https:\/\/trackcable.com\/de\/produkt\/kel-er-24-10-edelst\/\" \/>\n<meta property=\"og:site_name\" content=\"trackcable.com\" \/>\n<meta property=\"article:modified_time\" content=\"2026-03-26T12:39:09+00:00\" \/>\n<meta property=\"og:image\" content=\"https:\/\/trackcable.com\/wp-content\/uploads\/2026\/03\/KEL-ER-2410-1.jpg\" \/>\n\t<meta property=\"og:image:width\" content=\"300\" \/>\n\t<meta property=\"og:image:height\" content=\"199\" \/>\n\t<meta property=\"og:image:type\" content=\"image\/jpeg\" \/>\n<meta name=\"twitter:card\" content=\"summary_large_image\" \/>\n<meta name=\"twitter:label1\" content=\"Gesch\u00e4tzte Lesezeit\" \/>\n\t<meta name=\"twitter:data1\" content=\"1\u00a0Minute\" \/>\n<script type=\"application\/ld+json\" class=\"yoast-schema-graph\">{\"@context\":\"https:\\\/\\\/schema.org\",\"@graph\":[{\"@type\":\"WebPage\",\"@id\":\"https:\\\/\\\/trackcable.com\\\/de\\\/produkt\\\/kel-er-24-10-edelst\\\/\",\"url\":\"https:\\\/\\\/trackcable.com\\\/de\\\/produkt\\\/kel-er-24-10-edelst\\\/\",\"name\":\"Icotek KEL-ER 24\\\/10 RVS Kabeleinstiegsrahmen (48241.200) | TrackCable\",\"isPartOf\":{\"@id\":\"https:\\\/\\\/trackcable.com\\\/de\\\/#website\"},\"primaryImageOfPage\":{\"@id\":\"https:\\\/\\\/trackcable.com\\\/de\\\/produkt\\\/kel-er-24-10-edelst\\\/#primaryimage\"},\"image\":{\"@id\":\"https:\\\/\\\/trackcable.com\\\/de\\\/produkt\\\/kel-er-24-10-edelst\\\/#primaryimage\"},\"thumbnailUrl\":\"https:\\\/\\\/trackcable.com\\\/wp-content\\\/uploads\\\/2026\\\/03\\\/KEL-ER-2410-1.jpg\",\"datePublished\":\"2026-03-18T13:10:04+00:00\",\"dateModified\":\"2026-03-26T12:39:09+00:00\",\"description\":\"Kaufen Sie den Icotek KEL-ER 24\\\/10 Edelstahl-Kabeleinstiegsrahmen (48241.200) f\u00fcr EMC-Abschirmung, sichere Kabelf\u00fchrung und effizientes Kabelmanagement.\",\"breadcrumb\":{\"@id\":\"https:\\\/\\\/trackcable.com\\\/de\\\/produkt\\\/kel-er-24-10-edelst\\\/#breadcrumb\"},\"inLanguage\":\"de\",\"potentialAction\":[{\"@type\":\"ReadAction\",\"target\":[\"https:\\\/\\\/trackcable.com\\\/de\\\/produkt\\\/kel-er-24-10-edelst\\\/\"]}]},{\"@type\":\"ImageObject\",\"inLanguage\":\"de\",\"@id\":\"https:\\\/\\\/trackcable.com\\\/de\\\/produkt\\\/kel-er-24-10-edelst\\\/#primaryimage\",\"url\":\"https:\\\/\\\/trackcable.com\\\/wp-content\\\/uploads\\\/2026\\\/03\\\/KEL-ER-2410-1.jpg\",\"contentUrl\":\"https:\\\/\\\/trackcable.com\\\/wp-content\\\/uploads\\\/2026\\\/03\\\/KEL-ER-2410-1.jpg\",\"width\":300,\"height\":199,\"caption\":\"Eine schwarze rechteckige KEL-ER 24\\\/10 Montageplatte mit acht kreisf\u00f6rmigen \u00d6ffnungen in zwei Reihen, ideal zum Organisieren von Kabeln oder Steckverbindern.\"},{\"@type\":\"BreadcrumbList\",\"@id\":\"https:\\\/\\\/trackcable.com\\\/de\\\/produkt\\\/kel-er-24-10-edelst\\\/#breadcrumb\",\"itemListElement\":[{\"@type\":\"ListItem\",\"position\":1,\"name\":\"Startseite\",\"item\":\"https:\\\/\\\/trackcable.com\\\/de\\\/startseite\\\/\"},{\"@type\":\"ListItem\",\"position\":2,\"name\":\"Shop\",\"item\":\"https:\\\/\\\/trackcable.com\\\/de\\\/shop\\\/\"},{\"@type\":\"ListItem\",\"position\":3,\"name\":\"KEL-ER 24\\\/10 Edelst.\"}]},{\"@type\":\"WebSite\",\"@id\":\"https:\\\/\\\/trackcable.com\\\/de\\\/#website\",\"url\":\"https:\\\/\\\/trackcable.com\\\/de\\\/\",\"name\":\"trackcable.com\",\"description\":\"Precision in cable management\",\"publisher\":{\"@id\":\"https:\\\/\\\/trackcable.com\\\/de\\\/#organization\"},\"potentialAction\":[{\"@type\":\"SearchAction\",\"target\":{\"@type\":\"EntryPoint\",\"urlTemplate\":\"https:\\\/\\\/trackcable.com\\\/de\\\/?s={search_term_string}\"},\"query-input\":{\"@type\":\"PropertyValueSpecification\",\"valueRequired\":true,\"valueName\":\"search_term_string\"}}],\"inLanguage\":\"de\"},{\"@type\":\"Organization\",\"@id\":\"https:\\\/\\\/trackcable.com\\\/de\\\/#organization\",\"name\":\"TrackCable | Precision in industrial cable management\",\"url\":\"https:\\\/\\\/trackcable.com\\\/de\\\/\",\"logo\":{\"@type\":\"ImageObject\",\"inLanguage\":\"de\",\"@id\":\"https:\\\/\\\/trackcable.com\\\/de\\\/#\\\/schema\\\/logo\\\/image\\\/\",\"url\":\"https:\\\/\\\/trackcable.com\\\/wp-content\\\/uploads\\\/2026\\\/02\\\/TrackCable.jpg\",\"contentUrl\":\"https:\\\/\\\/trackcable.com\\\/wp-content\\\/uploads\\\/2026\\\/02\\\/TrackCable.jpg\",\"width\":600,\"height\":300,\"caption\":\"TrackCable | Precision in industrial cable management\"},\"image\":{\"@id\":\"https:\\\/\\\/trackcable.com\\\/de\\\/#\\\/schema\\\/logo\\\/image\\\/\"}}]}<\/script>\n<!-- \/ Yoast SEO plugin. -->","yoast_head_json":{"title":"Icotek KEL-ER 24\/10 RVS Kabeleinstiegsrahmen (48241.200) | TrackCable","description":"Kaufen Sie den Icotek KEL-ER 24\/10 Edelstahl-Kabeleinstiegsrahmen (48241.200) f\u00fcr EMC-Abschirmung, sichere Kabelf\u00fchrung und effizientes Kabelmanagement.","robots":{"index":"index","follow":"follow","max-snippet":"max-snippet:-1","max-image-preview":"max-image-preview:large","max-video-preview":"max-video-preview:-1"},"canonical":"https:\/\/trackcable.com\/de\/produkt\/kel-er-24-10-edelst\/","og_locale":"de_DE","og_type":"article","og_title":"Icotek KEL-ER 24\/10 RVS Kabeleinstiegsrahmen (48241.200) | TrackCable","og_description":"Kaufen Sie den Icotek KEL-ER 24\/10 Edelstahl-Kabeleinstiegsrahmen (48241.200) f\u00fcr EMC-Abschirmung, sichere Kabelf\u00fchrung und effizientes Kabelmanagement.","og_url":"https:\/\/trackcable.com\/de\/produkt\/kel-er-24-10-edelst\/","og_site_name":"trackcable.com","article_modified_time":"2026-03-26T12:39:09+00:00","og_image":[{"width":300,"height":199,"url":"https:\/\/trackcable.com\/wp-content\/uploads\/2026\/03\/KEL-ER-2410-1.jpg","type":"image\/jpeg"}],"twitter_card":"summary_large_image","twitter_misc":{"Gesch\u00e4tzte Lesezeit":"1\u00a0Minute"},"schema":{"@context":"https:\/\/schema.org","@graph":[{"@type":"WebPage","@id":"https:\/\/trackcable.com\/de\/produkt\/kel-er-24-10-edelst\/","url":"https:\/\/trackcable.com\/de\/produkt\/kel-er-24-10-edelst\/","name":"Icotek KEL-ER 24\/10 RVS Kabeleinstiegsrahmen (48241.200) | TrackCable","isPartOf":{"@id":"https:\/\/trackcable.com\/de\/#website"},"primaryImageOfPage":{"@id":"https:\/\/trackcable.com\/de\/produkt\/kel-er-24-10-edelst\/#primaryimage"},"image":{"@id":"https:\/\/trackcable.com\/de\/produkt\/kel-er-24-10-edelst\/#primaryimage"},"thumbnailUrl":"https:\/\/trackcable.com\/wp-content\/uploads\/2026\/03\/KEL-ER-2410-1.jpg","datePublished":"2026-03-18T13:10:04+00:00","dateModified":"2026-03-26T12:39:09+00:00","description":"Kaufen Sie den Icotek KEL-ER 24\/10 Edelstahl-Kabeleinstiegsrahmen (48241.200) f\u00fcr EMC-Abschirmung, sichere Kabelf\u00fchrung und effizientes Kabelmanagement.","breadcrumb":{"@id":"https:\/\/trackcable.com\/de\/produkt\/kel-er-24-10-edelst\/#breadcrumb"},"inLanguage":"de","potentialAction":[{"@type":"ReadAction","target":["https:\/\/trackcable.com\/de\/produkt\/kel-er-24-10-edelst\/"]}]},{"@type":"ImageObject","inLanguage":"de","@id":"https:\/\/trackcable.com\/de\/produkt\/kel-er-24-10-edelst\/#primaryimage","url":"https:\/\/trackcable.com\/wp-content\/uploads\/2026\/03\/KEL-ER-2410-1.jpg","contentUrl":"https:\/\/trackcable.com\/wp-content\/uploads\/2026\/03\/KEL-ER-2410-1.jpg","width":300,"height":199,"caption":"Eine schwarze rechteckige KEL-ER 24\/10 Montageplatte mit acht kreisf\u00f6rmigen \u00d6ffnungen in zwei Reihen, ideal zum Organisieren von Kabeln oder Steckverbindern."},{"@type":"BreadcrumbList","@id":"https:\/\/trackcable.com\/de\/produkt\/kel-er-24-10-edelst\/#breadcrumb","itemListElement":[{"@type":"ListItem","position":1,"name":"Startseite","item":"https:\/\/trackcable.com\/de\/startseite\/"},{"@type":"ListItem","position":2,"name":"Shop","item":"https:\/\/trackcable.com\/de\/shop\/"},{"@type":"ListItem","position":3,"name":"KEL-ER 24\/10 Edelst."}]},{"@type":"WebSite","@id":"https:\/\/trackcable.com\/de\/#website","url":"https:\/\/trackcable.com\/de\/","name":"trackcable.com","description":"Precision in cable management","publisher":{"@id":"https:\/\/trackcable.com\/de\/#organization"},"potentialAction":[{"@type":"SearchAction","target":{"@type":"EntryPoint","urlTemplate":"https:\/\/trackcable.com\/de\/?s={search_term_string}"},"query-input":{"@type":"PropertyValueSpecification","valueRequired":true,"valueName":"search_term_string"}}],"inLanguage":"de"},{"@type":"Organization","@id":"https:\/\/trackcable.com\/de\/#organization","name":"TrackCable | Precision in industrial cable management","url":"https:\/\/trackcable.com\/de\/","logo":{"@type":"ImageObject","inLanguage":"de","@id":"https:\/\/trackcable.com\/de\/#\/schema\/logo\/image\/","url":"https:\/\/trackcable.com\/wp-content\/uploads\/2026\/02\/TrackCable.jpg","contentUrl":"https:\/\/trackcable.com\/wp-content\/uploads\/2026\/02\/TrackCable.jpg","width":600,"height":300,"caption":"TrackCable | Precision in industrial cable management"},"image":{"@id":"https:\/\/trackcable.com\/de\/#\/schema\/logo\/image\/"}}]}},"_links":{"self":[{"href":"https:\/\/trackcable.com\/de\/wp-json\/wp\/v2\/product\/12191","targetHints":{"allow":["GET"]}}],"collection":[{"href":"https:\/\/trackcable.com\/de\/wp-json\/wp\/v2\/product"}],"about":[{"href":"https:\/\/trackcable.com\/de\/wp-json\/wp\/v2\/types\/product"}],"replies":[{"embeddable":true,"href":"https:\/\/trackcable.com\/de\/wp-json\/wp\/v2\/comments?post=12191"}],"version-history":[{"count":1,"href":"https:\/\/trackcable.com\/de\/wp-json\/wp\/v2\/product\/12191\/revisions"}],"predecessor-version":[{"id":12992,"href":"https:\/\/trackcable.com\/de\/wp-json\/wp\/v2\/product\/12191\/revisions\/12992"}],"wp:featuredmedia":[{"embeddable":true,"href":"https:\/\/trackcable.com\/de\/wp-json\/wp\/v2\/media\/12183"}],"wp:attachment":[{"href":"https:\/\/trackcable.com\/de\/wp-json\/wp\/v2\/media?parent=12191"}],"wp:term":[{"taxonomy":"brand","embeddable":true,"href":"https:\/\/trackcable.com\/de\/wp-json\/wp\/v2\/etheme_brands?post=12191"},{"taxonomy":"product_brand","embeddable":true,"href":"https:\/\/trackcable.com\/de\/wp-json\/wp\/v2\/product_brand?post=12191"},{"taxonomy":"product_cat","embeddable":true,"href":"https:\/\/trackcable.com\/de\/wp-json\/wp\/v2\/product_cat?post=12191"},{"taxonomy":"product_tag","embeddable":true,"href":"https:\/\/trackcable.com\/de\/wp-json\/wp\/v2\/product_tag?post=12191"}],"curies":[{"name":"wp","href":"https:\/\/api.w.org\/{rel}","templated":true}]}}