{"id":12258,"date":"2026-03-23T07:28:38","date_gmt":"2026-03-23T07:28:38","guid":{"rendered":"https:\/\/trackcable.com\/product\/des-z\/"},"modified":"2026-03-26T14:01:30","modified_gmt":"2026-03-26T14:01:30","slug":"des-z","status":"publish","type":"product","link":"https:\/\/trackcable.com\/de\/produkt\/des-z\/","title":{"rendered":"DES Z"},"content":{"rendered":"<a target=\"_blank\" class=\"btn  small\" href=\"https:\/\/download.detasultra.com\/scheda-catalogo\/en\/detasultra_des-z.pdf\"><span> Datenblatt<\/span><\/a>\n<p>&nbsp;<\/p>\n<h2 data-start=\"72\" data-end=\"98\"><strong data-start=\"75\" data-end=\"98\">Produktbeschreibung<\/strong><\/h2>\n<p data-start=\"55\" data-end=\"315\">Der DES Z B\u00fcrsteneingang von <span class=\"hover:entity-accent entity-underline inline cursor-pointer align-baseline\"><span class=\"whitespace-normal\">Detas Ultra<\/span><\/span> ist ein kosteng\u00fcnstiger Kabeleingangsrahmen, der daf\u00fcr entwickelt wurde, Kabel mit oder ohne Steckverbinder durch Schr\u00e4nke und Elektropaneele zu f\u00fchren. Mit einem einzigen B\u00fcrstenstreifen erm\u00f6glicht er flexible Kabelpassage und bietet gleichzeitig einen effektiven Schutz vor Staub und Schmutz. Ideal, wenn keine Druckentlastung oder Wasserabdichtung erforderlich ist, sorgt sie f\u00fcr eine saubere, organisierte Kabelverlegung und ist in mehreren Gr\u00f6\u00dfen f\u00fcr vielseitige Anwendungen erh\u00e4ltlich.  <\/p>\n<table>\n<tbody>\n<tr>\n<th>Modell<\/th>\n<th>Code<\/th>\n<th>Max. \u00d6ffne [mm]<\/th>\n<\/tr>\n<tr>\n<td data-wg-notranslate=\"\">DES Z 10<\/td>\n<td data-wg-notranslate=\"\">1731060010<\/td>\n<td data-wg-notranslate=\"\">63 x 39<\/td>\n<\/tr>\n<tr>\n<td data-wg-notranslate=\"\">DES Z 16<\/td>\n<td data-wg-notranslate=\"\">1731060016<\/td>\n<td data-wg-notranslate=\"\">86 x 39<\/td>\n<\/tr>\n<tr>\n<td data-wg-notranslate=\"\">DES Z 24<\/td>\n<td data-wg-notranslate=\"\">1731060024<\/td>\n<td data-wg-notranslate=\"\">112 x 39<\/td>\n<\/tr>\n<\/tbody>\n<\/table>\n","protected":false},"excerpt":{"rendered":"<p>&nbsp; Produktbeschreibung Der DES Z B\u00fcrsteneingang von Detas Ultra ist ein kosteng\u00fcnstiger Kabeleingangsrahmen, der daf\u00fcr entwickelt wurde, Kabel mit oder ohne Steckverbinder durch Schr\u00e4nke und&#8230;<\/p>\n","protected":false},"featured_media":12259,"comment_status":"open","ping_status":"closed","template":"","meta":[],"etheme_brands":[{"term_id":694,"name":"DetasUltra","slug":"detasultra","term_group":0,"term_taxonomy_id":694,"taxonomy":"brand","description":"","parent":0,"count":3,"filter":"raw"}],"product_brand":[],"product_cat":[268],"product_tag":[],"class_list":{"0":"post-12258","1":"product","2":"type-product","3":"status-publish","4":"has-post-thumbnail","6":"brand-detasultra","7":"product_cat-kabeldurchfuehrung-mit-buerste","9":"first","10":"instock","11":"taxable","12":"shipping-taxable","13":"purchasable","14":"product-type-variable"},"yoast_head":"<!-- This site is optimized with the Yoast SEO plugin v27.3 - https:\/\/yoast.com\/product\/yoast-seo-wordpress\/ -->\n<title>DES Z Pinseleintrag | Detas Ultra Kabel-Einstiegsrahmen | TrackCable<\/title>\n<meta name=\"description\" content=\"Entdecken Sie den DES Z Brush Entry von Detas Ultra f\u00fcr eine einfache Kabelverlegung durch Panels. Flexibles B\u00fcrstendesign, Staubschutz und sauberes Kabelmanagement.\" \/>\n<meta name=\"robots\" content=\"index, follow, max-snippet:-1, max-image-preview:large, max-video-preview:-1\" \/>\n<link rel=\"canonical\" href=\"https:\/\/trackcable.com\/de\/produkt\/des-z\/\" \/>\n<meta property=\"og:locale\" content=\"de_DE\" \/>\n<meta property=\"og:type\" content=\"article\" \/>\n<meta property=\"og:title\" content=\"DES Z Pinseleintrag | Detas Ultra Kabel-Einstiegsrahmen | TrackCable\" \/>\n<meta property=\"og:description\" content=\"Entdecken Sie den DES Z Brush Entry von Detas Ultra f\u00fcr eine einfache Kabelverlegung durch Panels. Flexibles B\u00fcrstendesign, Staubschutz und sauberes Kabelmanagement.\" \/>\n<meta property=\"og:url\" content=\"https:\/\/trackcable.com\/de\/produkt\/des-z\/\" \/>\n<meta property=\"og:site_name\" content=\"trackcable.com\" \/>\n<meta property=\"article:modified_time\" content=\"2026-03-26T14:01:30+00:00\" \/>\n<meta property=\"og:image\" content=\"https:\/\/trackcable.com\/wp-content\/uploads\/2026\/03\/DES-Z.jpg\" \/>\n\t<meta property=\"og:image:width\" content=\"300\" \/>\n\t<meta property=\"og:image:height\" content=\"199\" \/>\n\t<meta property=\"og:image:type\" content=\"image\/jpeg\" \/>\n<meta name=\"twitter:card\" content=\"summary_large_image\" \/>\n<meta name=\"twitter:label1\" content=\"Gesch\u00e4tzte Lesezeit\" \/>\n\t<meta name=\"twitter:data1\" content=\"1\u00a0Minute\" \/>\n<script type=\"application\/ld+json\" class=\"yoast-schema-graph\">{\"@context\":\"https:\\\/\\\/schema.org\",\"@graph\":[{\"@type\":\"WebPage\",\"@id\":\"https:\\\/\\\/trackcable.com\\\/de\\\/produkt\\\/des-z\\\/\",\"url\":\"https:\\\/\\\/trackcable.com\\\/de\\\/produkt\\\/des-z\\\/\",\"name\":\"DES Z Pinseleintrag | Detas Ultra Kabel-Einstiegsrahmen | TrackCable\",\"isPartOf\":{\"@id\":\"https:\\\/\\\/trackcable.com\\\/de\\\/#website\"},\"primaryImageOfPage\":{\"@id\":\"https:\\\/\\\/trackcable.com\\\/de\\\/produkt\\\/des-z\\\/#primaryimage\"},\"image\":{\"@id\":\"https:\\\/\\\/trackcable.com\\\/de\\\/produkt\\\/des-z\\\/#primaryimage\"},\"thumbnailUrl\":\"https:\\\/\\\/trackcable.com\\\/wp-content\\\/uploads\\\/2026\\\/03\\\/DES-Z.jpg\",\"datePublished\":\"2026-03-23T07:28:38+00:00\",\"dateModified\":\"2026-03-26T14:01:30+00:00\",\"description\":\"Entdecken Sie den DES Z Brush Entry von Detas Ultra f\u00fcr eine einfache Kabelverlegung durch Panels. Flexibles B\u00fcrstendesign, Staubschutz und sauberes Kabelmanagement.\",\"breadcrumb\":{\"@id\":\"https:\\\/\\\/trackcable.com\\\/de\\\/produkt\\\/des-z\\\/#breadcrumb\"},\"inLanguage\":\"de\",\"potentialAction\":[{\"@type\":\"ReadAction\",\"target\":[\"https:\\\/\\\/trackcable.com\\\/de\\\/produkt\\\/des-z\\\/\"]}]},{\"@type\":\"ImageObject\",\"inLanguage\":\"de\",\"@id\":\"https:\\\/\\\/trackcable.com\\\/de\\\/produkt\\\/des-z\\\/#primaryimage\",\"url\":\"https:\\\/\\\/trackcable.com\\\/wp-content\\\/uploads\\\/2026\\\/03\\\/DES-Z.jpg\",\"contentUrl\":\"https:\\\/\\\/trackcable.com\\\/wp-content\\\/uploads\\\/2026\\\/03\\\/DES-Z.jpg\",\"width\":300,\"height\":199,\"caption\":\"Die DES Z ist eine rechteckige schwarze Kabeleinf\u00fchrungsplatte von Icotek mit einer B\u00fcrsten\u00f6ffnung f\u00fcr zwei Kabel, die ein organisiertes und staubgesch\u00fctztes Kabelmanagement erm\u00f6glicht.\"},{\"@type\":\"BreadcrumbList\",\"@id\":\"https:\\\/\\\/trackcable.com\\\/de\\\/produkt\\\/des-z\\\/#breadcrumb\",\"itemListElement\":[{\"@type\":\"ListItem\",\"position\":1,\"name\":\"Startseite\",\"item\":\"https:\\\/\\\/trackcable.com\\\/de\\\/startseite\\\/\"},{\"@type\":\"ListItem\",\"position\":2,\"name\":\"Shop\",\"item\":\"https:\\\/\\\/trackcable.com\\\/de\\\/shop\\\/\"},{\"@type\":\"ListItem\",\"position\":3,\"name\":\"DES Z\"}]},{\"@type\":\"WebSite\",\"@id\":\"https:\\\/\\\/trackcable.com\\\/de\\\/#website\",\"url\":\"https:\\\/\\\/trackcable.com\\\/de\\\/\",\"name\":\"trackcable.com\",\"description\":\"Precision in cable management\",\"publisher\":{\"@id\":\"https:\\\/\\\/trackcable.com\\\/de\\\/#organization\"},\"potentialAction\":[{\"@type\":\"SearchAction\",\"target\":{\"@type\":\"EntryPoint\",\"urlTemplate\":\"https:\\\/\\\/trackcable.com\\\/de\\\/?s={search_term_string}\"},\"query-input\":{\"@type\":\"PropertyValueSpecification\",\"valueRequired\":true,\"valueName\":\"search_term_string\"}}],\"inLanguage\":\"de\"},{\"@type\":\"Organization\",\"@id\":\"https:\\\/\\\/trackcable.com\\\/de\\\/#organization\",\"name\":\"TrackCable | Precision in industrial cable management\",\"url\":\"https:\\\/\\\/trackcable.com\\\/de\\\/\",\"logo\":{\"@type\":\"ImageObject\",\"inLanguage\":\"de\",\"@id\":\"https:\\\/\\\/trackcable.com\\\/de\\\/#\\\/schema\\\/logo\\\/image\\\/\",\"url\":\"https:\\\/\\\/trackcable.com\\\/wp-content\\\/uploads\\\/2026\\\/02\\\/TrackCable.jpg\",\"contentUrl\":\"https:\\\/\\\/trackcable.com\\\/wp-content\\\/uploads\\\/2026\\\/02\\\/TrackCable.jpg\",\"width\":600,\"height\":300,\"caption\":\"TrackCable | Precision in industrial cable management\"},\"image\":{\"@id\":\"https:\\\/\\\/trackcable.com\\\/de\\\/#\\\/schema\\\/logo\\\/image\\\/\"}}]}<\/script>\n<!-- \/ Yoast SEO plugin. -->","yoast_head_json":{"title":"DES Z Pinseleintrag | Detas Ultra Kabel-Einstiegsrahmen | TrackCable","description":"Entdecken Sie den DES Z Brush Entry von Detas Ultra f\u00fcr eine einfache Kabelverlegung durch Panels. Flexibles B\u00fcrstendesign, Staubschutz und sauberes Kabelmanagement.","robots":{"index":"index","follow":"follow","max-snippet":"max-snippet:-1","max-image-preview":"max-image-preview:large","max-video-preview":"max-video-preview:-1"},"canonical":"https:\/\/trackcable.com\/de\/produkt\/des-z\/","og_locale":"de_DE","og_type":"article","og_title":"DES Z Pinseleintrag | Detas Ultra Kabel-Einstiegsrahmen | TrackCable","og_description":"Entdecken Sie den DES Z Brush Entry von Detas Ultra f\u00fcr eine einfache Kabelverlegung durch Panels. Flexibles B\u00fcrstendesign, Staubschutz und sauberes Kabelmanagement.","og_url":"https:\/\/trackcable.com\/de\/produkt\/des-z\/","og_site_name":"trackcable.com","article_modified_time":"2026-03-26T14:01:30+00:00","og_image":[{"width":300,"height":199,"url":"https:\/\/trackcable.com\/wp-content\/uploads\/2026\/03\/DES-Z.jpg","type":"image\/jpeg"}],"twitter_card":"summary_large_image","twitter_misc":{"Gesch\u00e4tzte Lesezeit":"1\u00a0Minute"},"schema":{"@context":"https:\/\/schema.org","@graph":[{"@type":"WebPage","@id":"https:\/\/trackcable.com\/de\/produkt\/des-z\/","url":"https:\/\/trackcable.com\/de\/produkt\/des-z\/","name":"DES Z Pinseleintrag | Detas Ultra Kabel-Einstiegsrahmen | TrackCable","isPartOf":{"@id":"https:\/\/trackcable.com\/de\/#website"},"primaryImageOfPage":{"@id":"https:\/\/trackcable.com\/de\/produkt\/des-z\/#primaryimage"},"image":{"@id":"https:\/\/trackcable.com\/de\/produkt\/des-z\/#primaryimage"},"thumbnailUrl":"https:\/\/trackcable.com\/wp-content\/uploads\/2026\/03\/DES-Z.jpg","datePublished":"2026-03-23T07:28:38+00:00","dateModified":"2026-03-26T14:01:30+00:00","description":"Entdecken Sie den DES Z Brush Entry von Detas Ultra f\u00fcr eine einfache Kabelverlegung durch Panels. Flexibles B\u00fcrstendesign, Staubschutz und sauberes Kabelmanagement.","breadcrumb":{"@id":"https:\/\/trackcable.com\/de\/produkt\/des-z\/#breadcrumb"},"inLanguage":"de","potentialAction":[{"@type":"ReadAction","target":["https:\/\/trackcable.com\/de\/produkt\/des-z\/"]}]},{"@type":"ImageObject","inLanguage":"de","@id":"https:\/\/trackcable.com\/de\/produkt\/des-z\/#primaryimage","url":"https:\/\/trackcable.com\/wp-content\/uploads\/2026\/03\/DES-Z.jpg","contentUrl":"https:\/\/trackcable.com\/wp-content\/uploads\/2026\/03\/DES-Z.jpg","width":300,"height":199,"caption":"Die DES Z ist eine rechteckige schwarze Kabeleinf\u00fchrungsplatte von Icotek mit einer B\u00fcrsten\u00f6ffnung f\u00fcr zwei Kabel, die ein organisiertes und staubgesch\u00fctztes Kabelmanagement erm\u00f6glicht."},{"@type":"BreadcrumbList","@id":"https:\/\/trackcable.com\/de\/produkt\/des-z\/#breadcrumb","itemListElement":[{"@type":"ListItem","position":1,"name":"Startseite","item":"https:\/\/trackcable.com\/de\/startseite\/"},{"@type":"ListItem","position":2,"name":"Shop","item":"https:\/\/trackcable.com\/de\/shop\/"},{"@type":"ListItem","position":3,"name":"DES Z"}]},{"@type":"WebSite","@id":"https:\/\/trackcable.com\/de\/#website","url":"https:\/\/trackcable.com\/de\/","name":"trackcable.com","description":"Precision in cable management","publisher":{"@id":"https:\/\/trackcable.com\/de\/#organization"},"potentialAction":[{"@type":"SearchAction","target":{"@type":"EntryPoint","urlTemplate":"https:\/\/trackcable.com\/de\/?s={search_term_string}"},"query-input":{"@type":"PropertyValueSpecification","valueRequired":true,"valueName":"search_term_string"}}],"inLanguage":"de"},{"@type":"Organization","@id":"https:\/\/trackcable.com\/de\/#organization","name":"TrackCable | Precision in industrial cable management","url":"https:\/\/trackcable.com\/de\/","logo":{"@type":"ImageObject","inLanguage":"de","@id":"https:\/\/trackcable.com\/de\/#\/schema\/logo\/image\/","url":"https:\/\/trackcable.com\/wp-content\/uploads\/2026\/02\/TrackCable.jpg","contentUrl":"https:\/\/trackcable.com\/wp-content\/uploads\/2026\/02\/TrackCable.jpg","width":600,"height":300,"caption":"TrackCable | Precision in industrial cable management"},"image":{"@id":"https:\/\/trackcable.com\/de\/#\/schema\/logo\/image\/"}}]}},"_links":{"self":[{"href":"https:\/\/trackcable.com\/de\/wp-json\/wp\/v2\/product\/12258","targetHints":{"allow":["GET"]}}],"collection":[{"href":"https:\/\/trackcable.com\/de\/wp-json\/wp\/v2\/product"}],"about":[{"href":"https:\/\/trackcable.com\/de\/wp-json\/wp\/v2\/types\/product"}],"replies":[{"embeddable":true,"href":"https:\/\/trackcable.com\/de\/wp-json\/wp\/v2\/comments?post=12258"}],"version-history":[{"count":1,"href":"https:\/\/trackcable.com\/de\/wp-json\/wp\/v2\/product\/12258\/revisions"}],"predecessor-version":[{"id":13558,"href":"https:\/\/trackcable.com\/de\/wp-json\/wp\/v2\/product\/12258\/revisions\/13558"}],"wp:featuredmedia":[{"embeddable":true,"href":"https:\/\/trackcable.com\/de\/wp-json\/wp\/v2\/media\/12259"}],"wp:attachment":[{"href":"https:\/\/trackcable.com\/de\/wp-json\/wp\/v2\/media?parent=12258"}],"wp:term":[{"taxonomy":"brand","embeddable":true,"href":"https:\/\/trackcable.com\/de\/wp-json\/wp\/v2\/etheme_brands?post=12258"},{"taxonomy":"product_brand","embeddable":true,"href":"https:\/\/trackcable.com\/de\/wp-json\/wp\/v2\/product_brand?post=12258"},{"taxonomy":"product_cat","embeddable":true,"href":"https:\/\/trackcable.com\/de\/wp-json\/wp\/v2\/product_cat?post=12258"},{"taxonomy":"product_tag","embeddable":true,"href":"https:\/\/trackcable.com\/de\/wp-json\/wp\/v2\/product_tag?post=12258"}],"curies":[{"name":"wp","href":"https:\/\/api.w.org\/{rel}","templated":true}]}}