{"id":12270,"date":"2026-03-23T07:43:45","date_gmt":"2026-03-23T07:43:45","guid":{"rendered":"https:\/\/trackcable.com\/product\/des-zz\/"},"modified":"2026-03-26T14:01:19","modified_gmt":"2026-03-26T14:01:19","slug":"des-zz","status":"publish","type":"product","link":"https:\/\/trackcable.com\/de\/produkt\/des-zz\/","title":{"rendered":"DES ZZ"},"content":{"rendered":"<a target=\"_blank\" class=\"btn  small\" href=\"https:\/\/download.detasultra.com\/scheda-catalogo\/en\/detasultra_des-zz.pdf\"><span> Datenblatt<\/span><\/a>\n<p>&nbsp;<\/p>\n<h2 data-start=\"72\" data-end=\"98\"><strong data-start=\"75\" data-end=\"98\">Produktbeschreibung<\/strong><\/h2>\n<p data-start=\"55\" data-end=\"315\">Der DES ZZ B\u00fcrsteneingang von Detas Ultra ist eine robuste Kabeleinf\u00fchrungsl\u00f6sung, die dazu entwickelt wurde, vorgeschnittene und ungeschnittene Kabel durch Paneele und Geh\u00e4use zu f\u00fchren. Mit einem Doppelb\u00fcrstensystem ausgestattet, bietet es einen besseren Schutz vor Staub und Schmutz und erm\u00f6glicht flexible Seilbewegung. Ideal f\u00fcr Anwendungen, bei denen keine Abdichtung und Dehnungsentlastung erforderlich sind, sorgt der DES ZZ f\u00fcr eine ordentliche Kabelverlegung und verbesserte Luftstromregelung. In verschiedenen Gr\u00f6\u00dfen erh\u00e4ltlich, ist es einfach zu installieren und f\u00fcr eine Vielzahl von Industrie- und Gewerbeumgebungen geeignet.   <\/p>\n<table>\n<tbody>\n<tr>\n<td data-wg-notranslate=\"\">DES ZZ L2<\/td>\n<td data-wg-notranslate=\"\">1731060202<\/td>\n<td data-wg-notranslate=\"\">40 x 18<\/td>\n<\/tr>\n<tr>\n<td data-wg-notranslate=\"\">DES ZZ L3<\/td>\n<td data-wg-notranslate=\"\">1731060203<\/td>\n<td data-wg-notranslate=\"\">63 x 18<\/td>\n<\/tr>\n<tr>\n<td data-wg-notranslate=\"\">DES ZZ L4<\/td>\n<td data-wg-notranslate=\"\">1731060204<\/td>\n<td data-wg-notranslate=\"\">86 x 18<\/td>\n<\/tr>\n<tr>\n<td data-wg-notranslate=\"\">DES ZZ L5<\/td>\n<td data-wg-notranslate=\"\">1731060205<\/td>\n<td data-wg-notranslate=\"\">108 x 18<\/td>\n<\/tr>\n<tr>\n<td data-wg-notranslate=\"\">DES ZZ Q<\/td>\n<td data-wg-notranslate=\"\">1731060208<\/td>\n<td data-wg-notranslate=\"\">40 x 39<\/td>\n<\/tr>\n<tr>\n<td data-wg-notranslate=\"\">DES ZZ 10<\/td>\n<td data-wg-notranslate=\"\">1731060210<\/td>\n<td data-wg-notranslate=\"\">63 x 39<\/td>\n<\/tr>\n<tr>\n<td data-wg-notranslate=\"\">DES ZZ 16<\/td>\n<td data-wg-notranslate=\"\">1731060216<\/td>\n<td data-wg-notranslate=\"\">86 x 39<\/td>\n<\/tr>\n<tr>\n<td data-wg-notranslate=\"\">DES ZZ 24<\/td>\n<td data-wg-notranslate=\"\">1731060224<\/td>\n<td data-wg-notranslate=\"\">112 x 39<\/td>\n<\/tr>\n<\/tbody>\n<\/table>\n<p>&nbsp;<\/p>\n","protected":false},"excerpt":{"rendered":"<p>&nbsp; Produktbeschreibung Der DES ZZ B\u00fcrsteneingang von Detas Ultra ist eine robuste Kabeleinf\u00fchrungsl\u00f6sung, die dazu entwickelt wurde, vorgeschnittene und ungeschnittene Kabel durch Paneele und Geh\u00e4use&#8230;<\/p>\n","protected":false},"featured_media":12271,"comment_status":"open","ping_status":"closed","template":"","meta":[],"etheme_brands":[{"term_id":694,"name":"DetasUltra","slug":"detasultra","term_group":0,"term_taxonomy_id":694,"taxonomy":"brand","description":"","parent":0,"count":3,"filter":"raw"}],"product_brand":[],"product_cat":[268],"product_tag":[],"class_list":{"0":"post-12270","1":"product","2":"type-product","3":"status-publish","4":"has-post-thumbnail","6":"brand-detasultra","7":"product_cat-kabeldurchfuehrung-mit-buerste","9":"first","10":"instock","11":"taxable","12":"shipping-taxable","13":"purchasable","14":"product-type-variable"},"yoast_head":"<!-- This site is optimized with the Yoast SEO plugin v27.3 - https:\/\/yoast.com\/product\/yoast-seo-wordpress\/ -->\n<title>DES ZZ Pinseleintrag | Doppelb\u00fcrsten-Kabeleingang | TrackCable<\/title>\n<meta name=\"description\" content=\"Kaufen Sie den DES ZZ Brush Entry bei Detas Ultra. Doppelb\u00fcrstendesign f\u00fcr verbesserten Staubschutz und flexible Kabelf\u00fchrung in Paneelen und Geh\u00e4use.\" \/>\n<meta name=\"robots\" content=\"index, follow, max-snippet:-1, max-image-preview:large, max-video-preview:-1\" \/>\n<link rel=\"canonical\" href=\"https:\/\/trackcable.com\/de\/produkt\/des-zz\/\" \/>\n<meta property=\"og:locale\" content=\"de_DE\" \/>\n<meta property=\"og:type\" content=\"article\" \/>\n<meta property=\"og:title\" content=\"DES ZZ Pinseleintrag | Doppelb\u00fcrsten-Kabeleingang | TrackCable\" \/>\n<meta property=\"og:description\" content=\"Kaufen Sie den DES ZZ Brush Entry bei Detas Ultra. Doppelb\u00fcrstendesign f\u00fcr verbesserten Staubschutz und flexible Kabelf\u00fchrung in Paneelen und Geh\u00e4use.\" \/>\n<meta property=\"og:url\" content=\"https:\/\/trackcable.com\/de\/produkt\/des-zz\/\" \/>\n<meta property=\"og:site_name\" content=\"trackcable.com\" \/>\n<meta property=\"article:modified_time\" content=\"2026-03-26T14:01:19+00:00\" \/>\n<meta property=\"og:image\" content=\"https:\/\/trackcable.com\/wp-content\/uploads\/2026\/03\/DES-ZZ.jpg\" \/>\n\t<meta property=\"og:image:width\" content=\"300\" \/>\n\t<meta property=\"og:image:height\" content=\"199\" \/>\n\t<meta property=\"og:image:type\" content=\"image\/jpeg\" \/>\n<meta name=\"twitter:card\" content=\"summary_large_image\" \/>\n<meta name=\"twitter:label1\" content=\"Gesch\u00e4tzte Lesezeit\" \/>\n\t<meta name=\"twitter:data1\" content=\"1\u00a0Minute\" \/>\n<script type=\"application\/ld+json\" class=\"yoast-schema-graph\">{\"@context\":\"https:\\\/\\\/schema.org\",\"@graph\":[{\"@type\":\"WebPage\",\"@id\":\"https:\\\/\\\/trackcable.com\\\/de\\\/produkt\\\/des-zz\\\/\",\"url\":\"https:\\\/\\\/trackcable.com\\\/de\\\/produkt\\\/des-zz\\\/\",\"name\":\"DES ZZ Pinseleintrag | Doppelb\u00fcrsten-Kabeleingang | TrackCable\",\"isPartOf\":{\"@id\":\"https:\\\/\\\/trackcable.com\\\/de\\\/#website\"},\"primaryImageOfPage\":{\"@id\":\"https:\\\/\\\/trackcable.com\\\/de\\\/produkt\\\/des-zz\\\/#primaryimage\"},\"image\":{\"@id\":\"https:\\\/\\\/trackcable.com\\\/de\\\/produkt\\\/des-zz\\\/#primaryimage\"},\"thumbnailUrl\":\"https:\\\/\\\/trackcable.com\\\/wp-content\\\/uploads\\\/2026\\\/03\\\/DES-ZZ.jpg\",\"datePublished\":\"2026-03-23T07:43:45+00:00\",\"dateModified\":\"2026-03-26T14:01:19+00:00\",\"description\":\"Kaufen Sie den DES ZZ Brush Entry bei Detas Ultra. Doppelb\u00fcrstendesign f\u00fcr verbesserten Staubschutz und flexible Kabelf\u00fchrung in Paneelen und Geh\u00e4use.\",\"breadcrumb\":{\"@id\":\"https:\\\/\\\/trackcable.com\\\/de\\\/produkt\\\/des-zz\\\/#breadcrumb\"},\"inLanguage\":\"de\",\"potentialAction\":[{\"@type\":\"ReadAction\",\"target\":[\"https:\\\/\\\/trackcable.com\\\/de\\\/produkt\\\/des-zz\\\/\"]}]},{\"@type\":\"ImageObject\",\"inLanguage\":\"de\",\"@id\":\"https:\\\/\\\/trackcable.com\\\/de\\\/produkt\\\/des-zz\\\/#primaryimage\",\"url\":\"https:\\\/\\\/trackcable.com\\\/wp-content\\\/uploads\\\/2026\\\/03\\\/DES-ZZ.jpg\",\"contentUrl\":\"https:\\\/\\\/trackcable.com\\\/wp-content\\\/uploads\\\/2026\\\/03\\\/DES-ZZ.jpg\",\"width\":300,\"height\":199,\"caption\":\"Das DES ZZ ist ein schwarzes, rechteckiges Panel mit Borsten zur Schraubmontage, das den Durchlass von VGA-, PS\\\/2- und DB9-Kabeln erm\u00f6glicht. Es ist kompatibel mit Reiku- oder Kabelschlepp-Energiekettensystemen.\"},{\"@type\":\"BreadcrumbList\",\"@id\":\"https:\\\/\\\/trackcable.com\\\/de\\\/produkt\\\/des-zz\\\/#breadcrumb\",\"itemListElement\":[{\"@type\":\"ListItem\",\"position\":1,\"name\":\"Startseite\",\"item\":\"https:\\\/\\\/trackcable.com\\\/de\\\/startseite\\\/\"},{\"@type\":\"ListItem\",\"position\":2,\"name\":\"Shop\",\"item\":\"https:\\\/\\\/trackcable.com\\\/de\\\/shop\\\/\"},{\"@type\":\"ListItem\",\"position\":3,\"name\":\"DES ZZ\"}]},{\"@type\":\"WebSite\",\"@id\":\"https:\\\/\\\/trackcable.com\\\/de\\\/#website\",\"url\":\"https:\\\/\\\/trackcable.com\\\/de\\\/\",\"name\":\"trackcable.com\",\"description\":\"Precision in cable management\",\"publisher\":{\"@id\":\"https:\\\/\\\/trackcable.com\\\/de\\\/#organization\"},\"potentialAction\":[{\"@type\":\"SearchAction\",\"target\":{\"@type\":\"EntryPoint\",\"urlTemplate\":\"https:\\\/\\\/trackcable.com\\\/de\\\/?s={search_term_string}\"},\"query-input\":{\"@type\":\"PropertyValueSpecification\",\"valueRequired\":true,\"valueName\":\"search_term_string\"}}],\"inLanguage\":\"de\"},{\"@type\":\"Organization\",\"@id\":\"https:\\\/\\\/trackcable.com\\\/de\\\/#organization\",\"name\":\"TrackCable | Precision in industrial cable management\",\"url\":\"https:\\\/\\\/trackcable.com\\\/de\\\/\",\"logo\":{\"@type\":\"ImageObject\",\"inLanguage\":\"de\",\"@id\":\"https:\\\/\\\/trackcable.com\\\/de\\\/#\\\/schema\\\/logo\\\/image\\\/\",\"url\":\"https:\\\/\\\/trackcable.com\\\/wp-content\\\/uploads\\\/2026\\\/02\\\/TrackCable.jpg\",\"contentUrl\":\"https:\\\/\\\/trackcable.com\\\/wp-content\\\/uploads\\\/2026\\\/02\\\/TrackCable.jpg\",\"width\":600,\"height\":300,\"caption\":\"TrackCable | Precision in industrial cable management\"},\"image\":{\"@id\":\"https:\\\/\\\/trackcable.com\\\/de\\\/#\\\/schema\\\/logo\\\/image\\\/\"}}]}<\/script>\n<!-- \/ Yoast SEO plugin. -->","yoast_head_json":{"title":"DES ZZ Pinseleintrag | Doppelb\u00fcrsten-Kabeleingang | TrackCable","description":"Kaufen Sie den DES ZZ Brush Entry bei Detas Ultra. Doppelb\u00fcrstendesign f\u00fcr verbesserten Staubschutz und flexible Kabelf\u00fchrung in Paneelen und Geh\u00e4use.","robots":{"index":"index","follow":"follow","max-snippet":"max-snippet:-1","max-image-preview":"max-image-preview:large","max-video-preview":"max-video-preview:-1"},"canonical":"https:\/\/trackcable.com\/de\/produkt\/des-zz\/","og_locale":"de_DE","og_type":"article","og_title":"DES ZZ Pinseleintrag | Doppelb\u00fcrsten-Kabeleingang | TrackCable","og_description":"Kaufen Sie den DES ZZ Brush Entry bei Detas Ultra. Doppelb\u00fcrstendesign f\u00fcr verbesserten Staubschutz und flexible Kabelf\u00fchrung in Paneelen und Geh\u00e4use.","og_url":"https:\/\/trackcable.com\/de\/produkt\/des-zz\/","og_site_name":"trackcable.com","article_modified_time":"2026-03-26T14:01:19+00:00","og_image":[{"width":300,"height":199,"url":"https:\/\/trackcable.com\/wp-content\/uploads\/2026\/03\/DES-ZZ.jpg","type":"image\/jpeg"}],"twitter_card":"summary_large_image","twitter_misc":{"Gesch\u00e4tzte Lesezeit":"1\u00a0Minute"},"schema":{"@context":"https:\/\/schema.org","@graph":[{"@type":"WebPage","@id":"https:\/\/trackcable.com\/de\/produkt\/des-zz\/","url":"https:\/\/trackcable.com\/de\/produkt\/des-zz\/","name":"DES ZZ Pinseleintrag | Doppelb\u00fcrsten-Kabeleingang | TrackCable","isPartOf":{"@id":"https:\/\/trackcable.com\/de\/#website"},"primaryImageOfPage":{"@id":"https:\/\/trackcable.com\/de\/produkt\/des-zz\/#primaryimage"},"image":{"@id":"https:\/\/trackcable.com\/de\/produkt\/des-zz\/#primaryimage"},"thumbnailUrl":"https:\/\/trackcable.com\/wp-content\/uploads\/2026\/03\/DES-ZZ.jpg","datePublished":"2026-03-23T07:43:45+00:00","dateModified":"2026-03-26T14:01:19+00:00","description":"Kaufen Sie den DES ZZ Brush Entry bei Detas Ultra. Doppelb\u00fcrstendesign f\u00fcr verbesserten Staubschutz und flexible Kabelf\u00fchrung in Paneelen und Geh\u00e4use.","breadcrumb":{"@id":"https:\/\/trackcable.com\/de\/produkt\/des-zz\/#breadcrumb"},"inLanguage":"de","potentialAction":[{"@type":"ReadAction","target":["https:\/\/trackcable.com\/de\/produkt\/des-zz\/"]}]},{"@type":"ImageObject","inLanguage":"de","@id":"https:\/\/trackcable.com\/de\/produkt\/des-zz\/#primaryimage","url":"https:\/\/trackcable.com\/wp-content\/uploads\/2026\/03\/DES-ZZ.jpg","contentUrl":"https:\/\/trackcable.com\/wp-content\/uploads\/2026\/03\/DES-ZZ.jpg","width":300,"height":199,"caption":"Das DES ZZ ist ein schwarzes, rechteckiges Panel mit Borsten zur Schraubmontage, das den Durchlass von VGA-, PS\/2- und DB9-Kabeln erm\u00f6glicht. Es ist kompatibel mit Reiku- oder Kabelschlepp-Energiekettensystemen."},{"@type":"BreadcrumbList","@id":"https:\/\/trackcable.com\/de\/produkt\/des-zz\/#breadcrumb","itemListElement":[{"@type":"ListItem","position":1,"name":"Startseite","item":"https:\/\/trackcable.com\/de\/startseite\/"},{"@type":"ListItem","position":2,"name":"Shop","item":"https:\/\/trackcable.com\/de\/shop\/"},{"@type":"ListItem","position":3,"name":"DES ZZ"}]},{"@type":"WebSite","@id":"https:\/\/trackcable.com\/de\/#website","url":"https:\/\/trackcable.com\/de\/","name":"trackcable.com","description":"Precision in cable management","publisher":{"@id":"https:\/\/trackcable.com\/de\/#organization"},"potentialAction":[{"@type":"SearchAction","target":{"@type":"EntryPoint","urlTemplate":"https:\/\/trackcable.com\/de\/?s={search_term_string}"},"query-input":{"@type":"PropertyValueSpecification","valueRequired":true,"valueName":"search_term_string"}}],"inLanguage":"de"},{"@type":"Organization","@id":"https:\/\/trackcable.com\/de\/#organization","name":"TrackCable | Precision in industrial cable management","url":"https:\/\/trackcable.com\/de\/","logo":{"@type":"ImageObject","inLanguage":"de","@id":"https:\/\/trackcable.com\/de\/#\/schema\/logo\/image\/","url":"https:\/\/trackcable.com\/wp-content\/uploads\/2026\/02\/TrackCable.jpg","contentUrl":"https:\/\/trackcable.com\/wp-content\/uploads\/2026\/02\/TrackCable.jpg","width":600,"height":300,"caption":"TrackCable | Precision in industrial cable management"},"image":{"@id":"https:\/\/trackcable.com\/de\/#\/schema\/logo\/image\/"}}]}},"_links":{"self":[{"href":"https:\/\/trackcable.com\/de\/wp-json\/wp\/v2\/product\/12270","targetHints":{"allow":["GET"]}}],"collection":[{"href":"https:\/\/trackcable.com\/de\/wp-json\/wp\/v2\/product"}],"about":[{"href":"https:\/\/trackcable.com\/de\/wp-json\/wp\/v2\/types\/product"}],"replies":[{"embeddable":true,"href":"https:\/\/trackcable.com\/de\/wp-json\/wp\/v2\/comments?post=12270"}],"version-history":[{"count":1,"href":"https:\/\/trackcable.com\/de\/wp-json\/wp\/v2\/product\/12270\/revisions"}],"predecessor-version":[{"id":13554,"href":"https:\/\/trackcable.com\/de\/wp-json\/wp\/v2\/product\/12270\/revisions\/13554"}],"wp:featuredmedia":[{"embeddable":true,"href":"https:\/\/trackcable.com\/de\/wp-json\/wp\/v2\/media\/12271"}],"wp:attachment":[{"href":"https:\/\/trackcable.com\/de\/wp-json\/wp\/v2\/media?parent=12270"}],"wp:term":[{"taxonomy":"brand","embeddable":true,"href":"https:\/\/trackcable.com\/de\/wp-json\/wp\/v2\/etheme_brands?post=12270"},{"taxonomy":"product_brand","embeddable":true,"href":"https:\/\/trackcable.com\/de\/wp-json\/wp\/v2\/product_brand?post=12270"},{"taxonomy":"product_cat","embeddable":true,"href":"https:\/\/trackcable.com\/de\/wp-json\/wp\/v2\/product_cat?post=12270"},{"taxonomy":"product_tag","embeddable":true,"href":"https:\/\/trackcable.com\/de\/wp-json\/wp\/v2\/product_tag?post=12270"}],"curies":[{"name":"wp","href":"https:\/\/api.w.org\/{rel}","templated":true}]}}