{"id":7936,"date":"2026-03-18T12:23:23","date_gmt":"2026-03-18T12:23:23","guid":{"rendered":"https:\/\/trackcable.com\/product\/kel-24-15-e\/"},"modified":"2026-03-26T12:39:22","modified_gmt":"2026-03-26T12:39:22","slug":"kel-24-15-e","status":"publish","type":"product","link":"https:\/\/trackcable.com\/de\/produkt\/kel-24-15-e\/","title":{"rendered":"KEL 24\/15 E"},"content":{"rendered":"<a target=\"_blank\" class=\"btn  small\" href=\"https:\/\/www.icotek.com\/Produkte\/PG01%20Kabeleinfuehrungsleisten\/KEL\/KEL%2024-E\/Datenbl%C3%A4tter\/42209_KEL%2024-15-E.PDF\"><span> Datenblatt<\/span><\/a>\n<p>&nbsp;<\/p>\n<h2 data-start=\"72\" data-end=\"98\"><strong data-start=\"75\" data-end=\"98\">Produktbeschreibung<\/strong><\/h2>\n<p data-start=\"55\" data-end=\"338\"><strong data-start=\"55\" data-end=\"112\">Der extra gro\u00dfe Kabeleinf\u00fchrungsrahmen KEL 24\/15-E (schwarz)<\/strong> ist f\u00fcr die effiziente Durchf\u00fchrung mehrerer Kabel in Schaltschr\u00e4nke und industrielle Anwendungen ausgelegt. Das extra gro\u00dfe Format unterst\u00fctzt eine hohe Kabelkapazit\u00e4t und ist damit ideal f\u00fcr Installationen mit erh\u00f6hter Kabeldichte. <\/p>\n<p data-start=\"340\" data-end=\"677\">Das geteilte Rahmendesign erm\u00f6glicht die Montage ohne das Trennen vorkonfektionierter Kabel und sorgt f\u00fcr eine schnelle und komfortable Installation. Die robuste Konstruktion bietet zuverl\u00e4ssige Leistung in anspruchsvollen Umgebungen und eignet sich f\u00fcr Schaltschr\u00e4nke, Schaltschrankbau und Automatisierungssysteme, in denen Flexibilit\u00e4t und Langlebigkeit entscheidend sind. <\/p>\n","protected":false},"excerpt":{"rendered":"<p>&nbsp; Produktbeschreibung Der extra gro\u00dfe Kabeleinf\u00fchrungsrahmen KEL 24\/15-E (schwarz) ist f\u00fcr die effiziente Durchf\u00fchrung mehrerer Kabel in Schaltschr\u00e4nke und industrielle Anwendungen ausgelegt. Das extra gro\u00dfe&#8230;<\/p>\n","protected":false},"featured_media":7937,"comment_status":"open","ping_status":"closed","template":"","meta":[],"etheme_brands":[{"term_id":697,"name":"Icotek","slug":"icotek","term_group":0,"term_taxonomy_id":697,"taxonomy":"brand","description":"Icotek ist ein f\u00fchrender Hersteller innovativer Kabelmanagement- und Einf\u00fchrungsl\u00f6sungen, spezialisiert auf modulare Systeme, die eine schnelle Installation und zuverl\u00e4ssige Abdichtung f\u00fcr industrielle und elektrotechnische Anwendungen weltweit erm\u00f6glichen.","parent":0,"count":125,"filter":"raw"}],"product_brand":[],"product_cat":[274],"product_tag":[],"class_list":{"0":"post-7936","1":"product","2":"type-product","3":"status-publish","4":"has-post-thumbnail","6":"brand-icotek","7":"product_cat-kabeleinfuhrungsrahmen","9":"first","10":"instock","11":"sale","12":"taxable","13":"shipping-taxable","14":"purchasable","15":"product-type-simple"},"yoast_head":"<!-- This site is optimized with the Yoast SEO plugin v27.3 - https:\/\/yoast.com\/product\/yoast-seo-wordpress\/ -->\n<title>Icotek KEL 24\/15 E Kabeleinf\u00fchrungsrahmen (42209) | TrackCable<\/title>\n<meta name=\"description\" content=\"Kaufen Sie den Icotek KEL 24\/15 E Kabeleinf\u00fchrungsrahmen (42209) f\u00fcr sichere Kabelf\u00fchrung, Zugentlastung und effizientes Kabelmanagement in industriellen Anwendungen.\" \/>\n<meta name=\"robots\" content=\"index, follow, max-snippet:-1, max-image-preview:large, max-video-preview:-1\" \/>\n<link rel=\"canonical\" href=\"https:\/\/trackcable.com\/de\/produkt\/kel-24-15-e\/\" \/>\n<meta property=\"og:locale\" content=\"de_DE\" \/>\n<meta property=\"og:type\" content=\"article\" \/>\n<meta property=\"og:title\" content=\"Icotek KEL 24\/15 E Kabeleinf\u00fchrungsrahmen (42209) | TrackCable\" \/>\n<meta property=\"og:description\" content=\"Kaufen Sie den Icotek KEL 24\/15 E Kabeleinf\u00fchrungsrahmen (42209) f\u00fcr sichere Kabelf\u00fchrung, Zugentlastung und effizientes Kabelmanagement in industriellen Anwendungen.\" \/>\n<meta property=\"og:url\" content=\"https:\/\/trackcable.com\/de\/produkt\/kel-24-15-e\/\" \/>\n<meta property=\"og:site_name\" content=\"trackcable.com\" \/>\n<meta property=\"article:modified_time\" content=\"2026-03-26T12:39:22+00:00\" \/>\n<meta property=\"og:image\" content=\"https:\/\/trackcable.com\/wp-content\/uploads\/2026\/03\/KEL-2415-E-1.jpg\" \/>\n\t<meta property=\"og:image:width\" content=\"300\" \/>\n\t<meta property=\"og:image:height\" content=\"199\" \/>\n\t<meta property=\"og:image:type\" content=\"image\/jpeg\" \/>\n<meta name=\"twitter:card\" content=\"summary_large_image\" \/>\n<meta name=\"twitter:label1\" content=\"Gesch\u00e4tzte Lesezeit\" \/>\n\t<meta name=\"twitter:data1\" content=\"1\u00a0Minute\" \/>\n<script type=\"application\/ld+json\" class=\"yoast-schema-graph\">{\"@context\":\"https:\\\/\\\/schema.org\",\"@graph\":[{\"@type\":\"WebPage\",\"@id\":\"https:\\\/\\\/trackcable.com\\\/de\\\/produkt\\\/kel-24-15-e\\\/\",\"url\":\"https:\\\/\\\/trackcable.com\\\/de\\\/produkt\\\/kel-24-15-e\\\/\",\"name\":\"Icotek KEL 24\\\/15 E Kabeleinf\u00fchrungsrahmen (42209) | TrackCable\",\"isPartOf\":{\"@id\":\"https:\\\/\\\/trackcable.com\\\/de\\\/#website\"},\"primaryImageOfPage\":{\"@id\":\"https:\\\/\\\/trackcable.com\\\/de\\\/produkt\\\/kel-24-15-e\\\/#primaryimage\"},\"image\":{\"@id\":\"https:\\\/\\\/trackcable.com\\\/de\\\/produkt\\\/kel-24-15-e\\\/#primaryimage\"},\"thumbnailUrl\":\"https:\\\/\\\/trackcable.com\\\/wp-content\\\/uploads\\\/2026\\\/03\\\/KEL-2415-E-1.jpg\",\"datePublished\":\"2026-03-18T12:23:23+00:00\",\"dateModified\":\"2026-03-26T12:39:22+00:00\",\"description\":\"Kaufen Sie den Icotek KEL 24\\\/15 E Kabeleinf\u00fchrungsrahmen (42209) f\u00fcr sichere Kabelf\u00fchrung, Zugentlastung und effizientes Kabelmanagement in industriellen Anwendungen.\",\"breadcrumb\":{\"@id\":\"https:\\\/\\\/trackcable.com\\\/de\\\/produkt\\\/kel-24-15-e\\\/#breadcrumb\"},\"inLanguage\":\"de\",\"potentialAction\":[{\"@type\":\"ReadAction\",\"target\":[\"https:\\\/\\\/trackcable.com\\\/de\\\/produkt\\\/kel-24-15-e\\\/\"]}]},{\"@type\":\"ImageObject\",\"inLanguage\":\"de\",\"@id\":\"https:\\\/\\\/trackcable.com\\\/de\\\/produkt\\\/kel-24-15-e\\\/#primaryimage\",\"url\":\"https:\\\/\\\/trackcable.com\\\/wp-content\\\/uploads\\\/2026\\\/03\\\/KEL-2415-E-1.jpg\",\"contentUrl\":\"https:\\\/\\\/trackcable.com\\\/wp-content\\\/uploads\\\/2026\\\/03\\\/KEL-2415-E-1.jpg\",\"width\":300,\"height\":199,\"caption\":\"Ein schwarzer rechteckiger Block, Produkt KEL 24\\\/15 E, mit zw\u00f6lf gleichm\u00e4\u00dfig angeordneten silbernen Kreisen in einem 3x4-Raster auf der Oberfl\u00e4che, schr\u00e4g vor wei\u00dfem Hintergrund dargestellt.\"},{\"@type\":\"BreadcrumbList\",\"@id\":\"https:\\\/\\\/trackcable.com\\\/de\\\/produkt\\\/kel-24-15-e\\\/#breadcrumb\",\"itemListElement\":[{\"@type\":\"ListItem\",\"position\":1,\"name\":\"Startseite\",\"item\":\"https:\\\/\\\/trackcable.com\\\/de\\\/startseite\\\/\"},{\"@type\":\"ListItem\",\"position\":2,\"name\":\"Shop\",\"item\":\"https:\\\/\\\/trackcable.com\\\/de\\\/shop\\\/\"},{\"@type\":\"ListItem\",\"position\":3,\"name\":\"KEL 24\\\/15 E\"}]},{\"@type\":\"WebSite\",\"@id\":\"https:\\\/\\\/trackcable.com\\\/de\\\/#website\",\"url\":\"https:\\\/\\\/trackcable.com\\\/de\\\/\",\"name\":\"trackcable.com\",\"description\":\"Precision in cable management\",\"publisher\":{\"@id\":\"https:\\\/\\\/trackcable.com\\\/de\\\/#organization\"},\"potentialAction\":[{\"@type\":\"SearchAction\",\"target\":{\"@type\":\"EntryPoint\",\"urlTemplate\":\"https:\\\/\\\/trackcable.com\\\/de\\\/?s={search_term_string}\"},\"query-input\":{\"@type\":\"PropertyValueSpecification\",\"valueRequired\":true,\"valueName\":\"search_term_string\"}}],\"inLanguage\":\"de\"},{\"@type\":\"Organization\",\"@id\":\"https:\\\/\\\/trackcable.com\\\/de\\\/#organization\",\"name\":\"TrackCable | Precision in industrial cable management\",\"url\":\"https:\\\/\\\/trackcable.com\\\/de\\\/\",\"logo\":{\"@type\":\"ImageObject\",\"inLanguage\":\"de\",\"@id\":\"https:\\\/\\\/trackcable.com\\\/de\\\/#\\\/schema\\\/logo\\\/image\\\/\",\"url\":\"https:\\\/\\\/trackcable.com\\\/wp-content\\\/uploads\\\/2026\\\/02\\\/TrackCable.jpg\",\"contentUrl\":\"https:\\\/\\\/trackcable.com\\\/wp-content\\\/uploads\\\/2026\\\/02\\\/TrackCable.jpg\",\"width\":600,\"height\":300,\"caption\":\"TrackCable | Precision in industrial cable management\"},\"image\":{\"@id\":\"https:\\\/\\\/trackcable.com\\\/de\\\/#\\\/schema\\\/logo\\\/image\\\/\"}}]}<\/script>\n<!-- \/ Yoast SEO plugin. -->","yoast_head_json":{"title":"Icotek KEL 24\/15 E Kabeleinf\u00fchrungsrahmen (42209) | TrackCable","description":"Kaufen Sie den Icotek KEL 24\/15 E Kabeleinf\u00fchrungsrahmen (42209) f\u00fcr sichere Kabelf\u00fchrung, Zugentlastung und effizientes Kabelmanagement in industriellen Anwendungen.","robots":{"index":"index","follow":"follow","max-snippet":"max-snippet:-1","max-image-preview":"max-image-preview:large","max-video-preview":"max-video-preview:-1"},"canonical":"https:\/\/trackcable.com\/de\/produkt\/kel-24-15-e\/","og_locale":"de_DE","og_type":"article","og_title":"Icotek KEL 24\/15 E Kabeleinf\u00fchrungsrahmen (42209) | TrackCable","og_description":"Kaufen Sie den Icotek KEL 24\/15 E Kabeleinf\u00fchrungsrahmen (42209) f\u00fcr sichere Kabelf\u00fchrung, Zugentlastung und effizientes Kabelmanagement in industriellen Anwendungen.","og_url":"https:\/\/trackcable.com\/de\/produkt\/kel-24-15-e\/","og_site_name":"trackcable.com","article_modified_time":"2026-03-26T12:39:22+00:00","og_image":[{"width":300,"height":199,"url":"https:\/\/trackcable.com\/wp-content\/uploads\/2026\/03\/KEL-2415-E-1.jpg","type":"image\/jpeg"}],"twitter_card":"summary_large_image","twitter_misc":{"Gesch\u00e4tzte Lesezeit":"1\u00a0Minute"},"schema":{"@context":"https:\/\/schema.org","@graph":[{"@type":"WebPage","@id":"https:\/\/trackcable.com\/de\/produkt\/kel-24-15-e\/","url":"https:\/\/trackcable.com\/de\/produkt\/kel-24-15-e\/","name":"Icotek KEL 24\/15 E Kabeleinf\u00fchrungsrahmen (42209) | TrackCable","isPartOf":{"@id":"https:\/\/trackcable.com\/de\/#website"},"primaryImageOfPage":{"@id":"https:\/\/trackcable.com\/de\/produkt\/kel-24-15-e\/#primaryimage"},"image":{"@id":"https:\/\/trackcable.com\/de\/produkt\/kel-24-15-e\/#primaryimage"},"thumbnailUrl":"https:\/\/trackcable.com\/wp-content\/uploads\/2026\/03\/KEL-2415-E-1.jpg","datePublished":"2026-03-18T12:23:23+00:00","dateModified":"2026-03-26T12:39:22+00:00","description":"Kaufen Sie den Icotek KEL 24\/15 E Kabeleinf\u00fchrungsrahmen (42209) f\u00fcr sichere Kabelf\u00fchrung, Zugentlastung und effizientes Kabelmanagement in industriellen Anwendungen.","breadcrumb":{"@id":"https:\/\/trackcable.com\/de\/produkt\/kel-24-15-e\/#breadcrumb"},"inLanguage":"de","potentialAction":[{"@type":"ReadAction","target":["https:\/\/trackcable.com\/de\/produkt\/kel-24-15-e\/"]}]},{"@type":"ImageObject","inLanguage":"de","@id":"https:\/\/trackcable.com\/de\/produkt\/kel-24-15-e\/#primaryimage","url":"https:\/\/trackcable.com\/wp-content\/uploads\/2026\/03\/KEL-2415-E-1.jpg","contentUrl":"https:\/\/trackcable.com\/wp-content\/uploads\/2026\/03\/KEL-2415-E-1.jpg","width":300,"height":199,"caption":"Ein schwarzer rechteckiger Block, Produkt KEL 24\/15 E, mit zw\u00f6lf gleichm\u00e4\u00dfig angeordneten silbernen Kreisen in einem 3x4-Raster auf der Oberfl\u00e4che, schr\u00e4g vor wei\u00dfem Hintergrund dargestellt."},{"@type":"BreadcrumbList","@id":"https:\/\/trackcable.com\/de\/produkt\/kel-24-15-e\/#breadcrumb","itemListElement":[{"@type":"ListItem","position":1,"name":"Startseite","item":"https:\/\/trackcable.com\/de\/startseite\/"},{"@type":"ListItem","position":2,"name":"Shop","item":"https:\/\/trackcable.com\/de\/shop\/"},{"@type":"ListItem","position":3,"name":"KEL 24\/15 E"}]},{"@type":"WebSite","@id":"https:\/\/trackcable.com\/de\/#website","url":"https:\/\/trackcable.com\/de\/","name":"trackcable.com","description":"Precision in cable management","publisher":{"@id":"https:\/\/trackcable.com\/de\/#organization"},"potentialAction":[{"@type":"SearchAction","target":{"@type":"EntryPoint","urlTemplate":"https:\/\/trackcable.com\/de\/?s={search_term_string}"},"query-input":{"@type":"PropertyValueSpecification","valueRequired":true,"valueName":"search_term_string"}}],"inLanguage":"de"},{"@type":"Organization","@id":"https:\/\/trackcable.com\/de\/#organization","name":"TrackCable | Precision in industrial cable management","url":"https:\/\/trackcable.com\/de\/","logo":{"@type":"ImageObject","inLanguage":"de","@id":"https:\/\/trackcable.com\/de\/#\/schema\/logo\/image\/","url":"https:\/\/trackcable.com\/wp-content\/uploads\/2026\/02\/TrackCable.jpg","contentUrl":"https:\/\/trackcable.com\/wp-content\/uploads\/2026\/02\/TrackCable.jpg","width":600,"height":300,"caption":"TrackCable | Precision in industrial cable management"},"image":{"@id":"https:\/\/trackcable.com\/de\/#\/schema\/logo\/image\/"}}]}},"_links":{"self":[{"href":"https:\/\/trackcable.com\/de\/wp-json\/wp\/v2\/product\/7936","targetHints":{"allow":["GET"]}}],"collection":[{"href":"https:\/\/trackcable.com\/de\/wp-json\/wp\/v2\/product"}],"about":[{"href":"https:\/\/trackcable.com\/de\/wp-json\/wp\/v2\/types\/product"}],"replies":[{"embeddable":true,"href":"https:\/\/trackcable.com\/de\/wp-json\/wp\/v2\/comments?post=7936"}],"version-history":[{"count":1,"href":"https:\/\/trackcable.com\/de\/wp-json\/wp\/v2\/product\/7936\/revisions"}],"predecessor-version":[{"id":12285,"href":"https:\/\/trackcable.com\/de\/wp-json\/wp\/v2\/product\/7936\/revisions\/12285"}],"wp:featuredmedia":[{"embeddable":true,"href":"https:\/\/trackcable.com\/de\/wp-json\/wp\/v2\/media\/7937"}],"wp:attachment":[{"href":"https:\/\/trackcable.com\/de\/wp-json\/wp\/v2\/media?parent=7936"}],"wp:term":[{"taxonomy":"brand","embeddable":true,"href":"https:\/\/trackcable.com\/de\/wp-json\/wp\/v2\/etheme_brands?post=7936"},{"taxonomy":"product_brand","embeddable":true,"href":"https:\/\/trackcable.com\/de\/wp-json\/wp\/v2\/product_brand?post=7936"},{"taxonomy":"product_cat","embeddable":true,"href":"https:\/\/trackcable.com\/de\/wp-json\/wp\/v2\/product_cat?post=7936"},{"taxonomy":"product_tag","embeddable":true,"href":"https:\/\/trackcable.com\/de\/wp-json\/wp\/v2\/product_tag?post=7936"}],"curies":[{"name":"wp","href":"https:\/\/api.w.org\/{rel}","templated":true}]}}