{"id":8541,"date":"2026-02-16T09:17:17","date_gmt":"2026-02-16T09:17:17","guid":{"rendered":"https:\/\/trackcable.com\/product\/teiler-0320-ts\/"},"modified":"2026-03-26T13:58:28","modified_gmt":"2026-03-26T13:58:28","slug":"teiler-0320-ts","status":"publish","type":"product","link":"https:\/\/trackcable.com\/de\/produkt\/teiler-0320-ts\/","title":{"rendered":"Teiler \u2013 0320-TS"},"content":{"rendered":"<p><strong data-start=\"0\" data-end=\"21\">Teiler \u2013 0320-TS<\/strong> ist ein praktischer Kabeltrenner, der f\u00fcr den Einsatz in der <span class=\"hover:entity-accent entity-underline inline cursor-pointer align-baseline\"><span class=\"whitespace-normal\">TSUBAKI KABELSCHLEPP<\/span><\/span> QuickTrax 0320 Energiekette entwickelt wurde. Dieser Teiler h\u00e4lt Kabel und Schl\u00e4uche im Inneren der Energiekette sauber getrennt, verhindert Verwicklungen, reduziert Verschlei\u00df und verbessert das gesamte Kabelmanagement in dynamischen Anwendungen. Er ist einfach zu installieren und langlebig, tr\u00e4gt zur Verl\u00e4ngerung der Lebensdauer von Kabeln bei und sorgt f\u00fcr eine organisierte Verlegung.  <\/p>\n","protected":false},"excerpt":{"rendered":"<p><span style=\"font-size: 12px; line-height: 1.2; display: block;\"><br \/>\nKabeltr\u00e4gerteiler<br \/>\n<\/span><\/p>\n","protected":false},"featured_media":8542,"comment_status":"open","ping_status":"closed","template":"","meta":[],"etheme_brands":[{"term_id":703,"name":"Tsubaki Kabelschlepp","slug":"tsubaki-kabelschlepp","term_group":0,"term_taxonomy_id":703,"taxonomy":"brand","description":"Tsubaki Kabelschlepp ist ein weltweit anerkannter Anbieter von Energiekettensystemen und Kabelf\u00fchrungssystemen und liefert robuste, pr\u00e4zisionsgefertigte L\u00f6sungen zur F\u00fchrung und zum Schutz von Kabeln in dynamischen industriellen Anwendungen.","parent":0,"count":192,"filter":"raw"}],"product_brand":[],"product_cat":[286],"product_tag":[],"class_list":{"0":"post-8541","1":"product","2":"type-product","3":"status-publish","4":"has-post-thumbnail","6":"brand-tsubaki-kabelschlepp","7":"product_cat-trennstege","9":"first","10":"instock","11":"taxable","12":"shipping-taxable","13":"purchasable","14":"product-type-simple"},"yoast_head":"<!-- This site is optimized with the Yoast SEO plugin v27.3 - https:\/\/yoast.com\/product\/yoast-seo-wordpress\/ -->\n<title>Kabelschlepp 0320-TS Trenner | TrackCable<\/title>\n<meta name=\"description\" content=\"Kaufen Sie den Kabelschlepp 0320-TS Teiler f\u00fcr eine organisierte Kabelf\u00fchrung in Energiekettensystemen. Schnelle Lieferung verf\u00fcgbar.\" \/>\n<meta name=\"robots\" content=\"index, follow, max-snippet:-1, max-image-preview:large, max-video-preview:-1\" \/>\n<link rel=\"canonical\" href=\"https:\/\/trackcable.com\/de\/produkt\/teiler-0320-ts\/\" \/>\n<meta property=\"og:locale\" content=\"de_DE\" \/>\n<meta property=\"og:type\" content=\"article\" \/>\n<meta property=\"og:title\" content=\"Kabelschlepp 0320-TS Trenner | TrackCable\" \/>\n<meta property=\"og:description\" content=\"Kaufen Sie den Kabelschlepp 0320-TS Teiler f\u00fcr eine organisierte Kabelf\u00fchrung in Energiekettensystemen. Schnelle Lieferung verf\u00fcgbar.\" \/>\n<meta property=\"og:url\" content=\"https:\/\/trackcable.com\/de\/produkt\/teiler-0320-ts\/\" \/>\n<meta property=\"og:site_name\" content=\"trackcable.com\" \/>\n<meta property=\"article:modified_time\" content=\"2026-03-26T13:58:28+00:00\" \/>\n<meta property=\"og:image\" content=\"https:\/\/trackcable.com\/wp-content\/uploads\/2026\/02\/Divider-0320.jpg\" \/>\n\t<meta property=\"og:image:width\" content=\"300\" \/>\n\t<meta property=\"og:image:height\" content=\"199\" \/>\n\t<meta property=\"og:image:type\" content=\"image\/jpeg\" \/>\n<meta name=\"twitter:card\" content=\"summary_large_image\" \/>\n<script type=\"application\/ld+json\" class=\"yoast-schema-graph\">{\"@context\":\"https:\\\/\\\/schema.org\",\"@graph\":[{\"@type\":\"WebPage\",\"@id\":\"https:\\\/\\\/trackcable.com\\\/de\\\/produkt\\\/teiler-0320-ts\\\/\",\"url\":\"https:\\\/\\\/trackcable.com\\\/de\\\/produkt\\\/teiler-0320-ts\\\/\",\"name\":\"Kabelschlepp 0320-TS Trenner | TrackCable\",\"isPartOf\":{\"@id\":\"https:\\\/\\\/trackcable.com\\\/de\\\/#website\"},\"primaryImageOfPage\":{\"@id\":\"https:\\\/\\\/trackcable.com\\\/de\\\/produkt\\\/teiler-0320-ts\\\/#primaryimage\"},\"image\":{\"@id\":\"https:\\\/\\\/trackcable.com\\\/de\\\/produkt\\\/teiler-0320-ts\\\/#primaryimage\"},\"thumbnailUrl\":\"https:\\\/\\\/trackcable.com\\\/wp-content\\\/uploads\\\/2026\\\/02\\\/Divider-0320.jpg\",\"datePublished\":\"2026-02-16T09:17:17+00:00\",\"dateModified\":\"2026-03-26T13:58:28+00:00\",\"description\":\"Kaufen Sie den Kabelschlepp 0320-TS Teiler f\u00fcr eine organisierte Kabelf\u00fchrung in Energiekettensystemen. Schnelle Lieferung verf\u00fcgbar.\",\"breadcrumb\":{\"@id\":\"https:\\\/\\\/trackcable.com\\\/de\\\/produkt\\\/teiler-0320-ts\\\/#breadcrumb\"},\"inLanguage\":\"de\",\"potentialAction\":[{\"@type\":\"ReadAction\",\"target\":[\"https:\\\/\\\/trackcable.com\\\/de\\\/produkt\\\/teiler-0320-ts\\\/\"]}]},{\"@type\":\"ImageObject\",\"inLanguage\":\"de\",\"@id\":\"https:\\\/\\\/trackcable.com\\\/de\\\/produkt\\\/teiler-0320-ts\\\/#primaryimage\",\"url\":\"https:\\\/\\\/trackcable.com\\\/wp-content\\\/uploads\\\/2026\\\/02\\\/Divider-0320.jpg\",\"contentUrl\":\"https:\\\/\\\/trackcable.com\\\/wp-content\\\/uploads\\\/2026\\\/02\\\/Divider-0320.jpg\",\"width\":300,\"height\":199,\"caption\":\"Ein 3D-gerendertes Bild des Teilers \u2013 0320-TS, flach und aufrecht mit grauer Oberfl\u00e4che, mit einer abgerundeten Oberseite, einem rechteckigen Schlitz in der oberen Mitte und einer horizontalen St\u00fctze am unteren Ende.\"},{\"@type\":\"BreadcrumbList\",\"@id\":\"https:\\\/\\\/trackcable.com\\\/de\\\/produkt\\\/teiler-0320-ts\\\/#breadcrumb\",\"itemListElement\":[{\"@type\":\"ListItem\",\"position\":1,\"name\":\"Startseite\",\"item\":\"https:\\\/\\\/trackcable.com\\\/de\\\/startseite\\\/\"},{\"@type\":\"ListItem\",\"position\":2,\"name\":\"Shop\",\"item\":\"https:\\\/\\\/trackcable.com\\\/de\\\/shop\\\/\"},{\"@type\":\"ListItem\",\"position\":3,\"name\":\"Teiler \u2013 0320-TS\"}]},{\"@type\":\"WebSite\",\"@id\":\"https:\\\/\\\/trackcable.com\\\/de\\\/#website\",\"url\":\"https:\\\/\\\/trackcable.com\\\/de\\\/\",\"name\":\"trackcable.com\",\"description\":\"Precision in cable management\",\"publisher\":{\"@id\":\"https:\\\/\\\/trackcable.com\\\/de\\\/#organization\"},\"potentialAction\":[{\"@type\":\"SearchAction\",\"target\":{\"@type\":\"EntryPoint\",\"urlTemplate\":\"https:\\\/\\\/trackcable.com\\\/de\\\/?s={search_term_string}\"},\"query-input\":{\"@type\":\"PropertyValueSpecification\",\"valueRequired\":true,\"valueName\":\"search_term_string\"}}],\"inLanguage\":\"de\"},{\"@type\":\"Organization\",\"@id\":\"https:\\\/\\\/trackcable.com\\\/de\\\/#organization\",\"name\":\"TrackCable | Precision in industrial cable management\",\"url\":\"https:\\\/\\\/trackcable.com\\\/de\\\/\",\"logo\":{\"@type\":\"ImageObject\",\"inLanguage\":\"de\",\"@id\":\"https:\\\/\\\/trackcable.com\\\/de\\\/#\\\/schema\\\/logo\\\/image\\\/\",\"url\":\"https:\\\/\\\/trackcable.com\\\/wp-content\\\/uploads\\\/2026\\\/02\\\/TrackCable.jpg\",\"contentUrl\":\"https:\\\/\\\/trackcable.com\\\/wp-content\\\/uploads\\\/2026\\\/02\\\/TrackCable.jpg\",\"width\":600,\"height\":300,\"caption\":\"TrackCable | Precision in industrial cable management\"},\"image\":{\"@id\":\"https:\\\/\\\/trackcable.com\\\/de\\\/#\\\/schema\\\/logo\\\/image\\\/\"}}]}<\/script>\n<!-- \/ Yoast SEO plugin. -->","yoast_head_json":{"title":"Kabelschlepp 0320-TS Trenner | TrackCable","description":"Kaufen Sie den Kabelschlepp 0320-TS Teiler f\u00fcr eine organisierte Kabelf\u00fchrung in Energiekettensystemen. Schnelle Lieferung verf\u00fcgbar.","robots":{"index":"index","follow":"follow","max-snippet":"max-snippet:-1","max-image-preview":"max-image-preview:large","max-video-preview":"max-video-preview:-1"},"canonical":"https:\/\/trackcable.com\/de\/produkt\/teiler-0320-ts\/","og_locale":"de_DE","og_type":"article","og_title":"Kabelschlepp 0320-TS Trenner | TrackCable","og_description":"Kaufen Sie den Kabelschlepp 0320-TS Teiler f\u00fcr eine organisierte Kabelf\u00fchrung in Energiekettensystemen. Schnelle Lieferung verf\u00fcgbar.","og_url":"https:\/\/trackcable.com\/de\/produkt\/teiler-0320-ts\/","og_site_name":"trackcable.com","article_modified_time":"2026-03-26T13:58:28+00:00","og_image":[{"width":300,"height":199,"url":"https:\/\/trackcable.com\/wp-content\/uploads\/2026\/02\/Divider-0320.jpg","type":"image\/jpeg"}],"twitter_card":"summary_large_image","schema":{"@context":"https:\/\/schema.org","@graph":[{"@type":"WebPage","@id":"https:\/\/trackcable.com\/de\/produkt\/teiler-0320-ts\/","url":"https:\/\/trackcable.com\/de\/produkt\/teiler-0320-ts\/","name":"Kabelschlepp 0320-TS Trenner | TrackCable","isPartOf":{"@id":"https:\/\/trackcable.com\/de\/#website"},"primaryImageOfPage":{"@id":"https:\/\/trackcable.com\/de\/produkt\/teiler-0320-ts\/#primaryimage"},"image":{"@id":"https:\/\/trackcable.com\/de\/produkt\/teiler-0320-ts\/#primaryimage"},"thumbnailUrl":"https:\/\/trackcable.com\/wp-content\/uploads\/2026\/02\/Divider-0320.jpg","datePublished":"2026-02-16T09:17:17+00:00","dateModified":"2026-03-26T13:58:28+00:00","description":"Kaufen Sie den Kabelschlepp 0320-TS Teiler f\u00fcr eine organisierte Kabelf\u00fchrung in Energiekettensystemen. Schnelle Lieferung verf\u00fcgbar.","breadcrumb":{"@id":"https:\/\/trackcable.com\/de\/produkt\/teiler-0320-ts\/#breadcrumb"},"inLanguage":"de","potentialAction":[{"@type":"ReadAction","target":["https:\/\/trackcable.com\/de\/produkt\/teiler-0320-ts\/"]}]},{"@type":"ImageObject","inLanguage":"de","@id":"https:\/\/trackcable.com\/de\/produkt\/teiler-0320-ts\/#primaryimage","url":"https:\/\/trackcable.com\/wp-content\/uploads\/2026\/02\/Divider-0320.jpg","contentUrl":"https:\/\/trackcable.com\/wp-content\/uploads\/2026\/02\/Divider-0320.jpg","width":300,"height":199,"caption":"Ein 3D-gerendertes Bild des Teilers \u2013 0320-TS, flach und aufrecht mit grauer Oberfl\u00e4che, mit einer abgerundeten Oberseite, einem rechteckigen Schlitz in der oberen Mitte und einer horizontalen St\u00fctze am unteren Ende."},{"@type":"BreadcrumbList","@id":"https:\/\/trackcable.com\/de\/produkt\/teiler-0320-ts\/#breadcrumb","itemListElement":[{"@type":"ListItem","position":1,"name":"Startseite","item":"https:\/\/trackcable.com\/de\/startseite\/"},{"@type":"ListItem","position":2,"name":"Shop","item":"https:\/\/trackcable.com\/de\/shop\/"},{"@type":"ListItem","position":3,"name":"Teiler \u2013 0320-TS"}]},{"@type":"WebSite","@id":"https:\/\/trackcable.com\/de\/#website","url":"https:\/\/trackcable.com\/de\/","name":"trackcable.com","description":"Precision in cable management","publisher":{"@id":"https:\/\/trackcable.com\/de\/#organization"},"potentialAction":[{"@type":"SearchAction","target":{"@type":"EntryPoint","urlTemplate":"https:\/\/trackcable.com\/de\/?s={search_term_string}"},"query-input":{"@type":"PropertyValueSpecification","valueRequired":true,"valueName":"search_term_string"}}],"inLanguage":"de"},{"@type":"Organization","@id":"https:\/\/trackcable.com\/de\/#organization","name":"TrackCable | Precision in industrial cable management","url":"https:\/\/trackcable.com\/de\/","logo":{"@type":"ImageObject","inLanguage":"de","@id":"https:\/\/trackcable.com\/de\/#\/schema\/logo\/image\/","url":"https:\/\/trackcable.com\/wp-content\/uploads\/2026\/02\/TrackCable.jpg","contentUrl":"https:\/\/trackcable.com\/wp-content\/uploads\/2026\/02\/TrackCable.jpg","width":600,"height":300,"caption":"TrackCable | Precision in industrial cable management"},"image":{"@id":"https:\/\/trackcable.com\/de\/#\/schema\/logo\/image\/"}}]}},"_links":{"self":[{"href":"https:\/\/trackcable.com\/de\/wp-json\/wp\/v2\/product\/8541","targetHints":{"allow":["GET"]}}],"collection":[{"href":"https:\/\/trackcable.com\/de\/wp-json\/wp\/v2\/product"}],"about":[{"href":"https:\/\/trackcable.com\/de\/wp-json\/wp\/v2\/types\/product"}],"replies":[{"embeddable":true,"href":"https:\/\/trackcable.com\/de\/wp-json\/wp\/v2\/comments?post=8541"}],"version-history":[{"count":1,"href":"https:\/\/trackcable.com\/de\/wp-json\/wp\/v2\/product\/8541\/revisions"}],"predecessor-version":[{"id":13434,"href":"https:\/\/trackcable.com\/de\/wp-json\/wp\/v2\/product\/8541\/revisions\/13434"}],"wp:featuredmedia":[{"embeddable":true,"href":"https:\/\/trackcable.com\/de\/wp-json\/wp\/v2\/media\/8542"}],"wp:attachment":[{"href":"https:\/\/trackcable.com\/de\/wp-json\/wp\/v2\/media?parent=8541"}],"wp:term":[{"taxonomy":"brand","embeddable":true,"href":"https:\/\/trackcable.com\/de\/wp-json\/wp\/v2\/etheme_brands?post=8541"},{"taxonomy":"product_brand","embeddable":true,"href":"https:\/\/trackcable.com\/de\/wp-json\/wp\/v2\/product_brand?post=8541"},{"taxonomy":"product_cat","embeddable":true,"href":"https:\/\/trackcable.com\/de\/wp-json\/wp\/v2\/product_cat?post=8541"},{"taxonomy":"product_tag","embeddable":true,"href":"https:\/\/trackcable.com\/de\/wp-json\/wp\/v2\/product_tag?post=8541"}],"curies":[{"name":"wp","href":"https:\/\/api.w.org\/{rel}","templated":true}]}}