{"id":8556,"date":"2026-02-13T14:18:32","date_gmt":"2026-02-13T14:18:32","guid":{"rendered":"https:\/\/trackcable.com\/product\/pa-rrb-29g-50-meter-umfassendes-profil-pa12\/"},"modified":"2026-03-26T12:35:28","modified_gmt":"2026-03-26T12:35:28","slug":"pa-rrb-29g-50-meter-umfassendes-profil-pa12","status":"publish","type":"product","link":"https:\/\/trackcable.com\/de\/produkt\/pa-rrb-29g-50-meter-umfassendes-profil-pa12\/","title":{"rendered":"PA-RRB-29G | 50 Meter | Umfassendes Profil | PA12"},"content":{"rendered":"<p data-start=\"77\" data-end=\"100\"><strong data-start=\"77\" data-end=\"100\">Produktbeschreibung<\/strong><\/p>\n<p data-start=\"102\" data-end=\"410\">Das <strong data-start=\"106\" data-end=\"130\">REIKU\u00ae PA RRB Tubing<\/strong> ist eine hochflexible Kabelschutzl\u00f6sung, die f\u00fcr zuverl\u00e4ssige Leistung in anspruchsvollen Umgebungen entwickelt wurde. Hergestellt aus langlebigem <strong data-start=\"265\" data-end=\"284\">schwarzem Polyamid<\/strong>, bietet dieses Rohr eine ausgezeichnete mechanische Festigkeit und beh\u00e4lt dabei eine \u00fcberlegene Flexibilit\u00e4t f\u00fcr eine einfache Installation und Fr\u00e4sung. <\/p>\n<p data-start=\"412\" data-end=\"648\">Mit der Werksnummer <strong data-start=\"432\" data-end=\"444\">BN 22631<\/strong> erf\u00fcllt dieses Produkt die hohen Qualit\u00e4tsstandards der <strong data-start=\"512\" data-end=\"521\">Marke REIKU<\/strong> und ist damit eine ideale Wahl zum Schutz von Kabeln vor Verschlei\u00df, Bewegung und \u00e4u\u00dferen Belastungen in industriellen Anwendungen.<\/p>\n<p data-start=\"650\" data-end=\"667\"><strong data-start=\"650\" data-end=\"667\">Wichtige Merkmale:<\/strong><\/p>\n<ul data-start=\"668\" data-end=\"846\">\n<li data-start=\"668\" data-end=\"697\">\n<p data-start=\"670\" data-end=\"697\">Material: Schwarzes Polyamid<\/p>\n<\/li>\n<li data-start=\"698\" data-end=\"747\">\n<p data-start=\"700\" data-end=\"747\">Typ: Hochflexibles Kabelschutzrohr<\/p>\n<\/li>\n<li data-start=\"748\" data-end=\"776\">\n<p data-start=\"750\" data-end=\"776\">Fabriknummer: BN 22631<\/p>\n<\/li>\n<li data-start=\"777\" data-end=\"793\">\n<p data-start=\"779\" data-end=\"793\">Marke: REIKU<\/p>\n<\/li>\n<li data-start=\"794\" data-end=\"846\">\n<p data-start=\"796\" data-end=\"846\">Entwickelt f\u00fcr langlebiges und sicheres Kabelmanagement<\/p>\n<\/li>\n<\/ul>\n","protected":false},"excerpt":{"rendered":"<p><span style=\"font-size: 12px; line-height: 1.2; display: block;\"><br \/>\nREIKU\u00ae PA-RRB-29G ist ein hochflexibler PA12-Kabelschutz<br \/>\n<\/span><\/p>\n","protected":false},"featured_media":8280,"comment_status":"open","ping_status":"closed","template":"","meta":[],"etheme_brands":[{"term_id":700,"name":"Reiku","slug":"reiku","term_group":0,"term_taxonomy_id":700,"taxonomy":"brand","description":"Reiku ist ein Spezialist f\u00fcr leistungsstarke Kabelschutzsysteme und bietet flexible Schutzschl\u00e4uche sowie Zubeh\u00f6r, die daf\u00fcr entwickelt wurden, Kabel in anspruchsvollen Umgebungen wie Robotik, Automatisierung und Maschinenbau zu sch\u00fctzen.","parent":0,"count":41,"filter":"raw"}],"product_brand":[],"product_cat":[313],"product_tag":[515],"class_list":{"0":"post-8556","1":"product","2":"type-product","3":"status-publish","4":"has-post-thumbnail","6":"brand-reiku","7":"product_cat-kabelschutzschlauche","8":"product_tag-50-meter","10":"first","11":"instock","12":"taxable","13":"shipping-taxable","14":"purchasable","15":"product-type-simple"},"yoast_head":"<!-- This site is optimized with the Yoast SEO plugin v27.3 - https:\/\/yoast.com\/product\/yoast-seo-wordpress\/ -->\n<title>PA-RRB-29G | 50 Meter | Umfassendes Profil | PA12 - trackcable.com<\/title>\n<meta name=\"robots\" content=\"index, follow, max-snippet:-1, max-image-preview:large, max-video-preview:-1\" \/>\n<link rel=\"canonical\" href=\"https:\/\/trackcable.com\/de\/produkt\/pa-rrb-29g-50-meter-umfassendes-profil-pa12\/\" \/>\n<meta property=\"og:locale\" content=\"de_DE\" \/>\n<meta property=\"og:type\" content=\"article\" \/>\n<meta property=\"og:title\" content=\"PA-RRB-29G | 50 Meter | Umfassendes Profil | PA12 - trackcable.com\" \/>\n<meta property=\"og:description\" content=\"REIKU\u00ae PA-RRB-29G ist ein hochflexibler PA12-Kabelschutz\" \/>\n<meta property=\"og:url\" content=\"https:\/\/trackcable.com\/de\/produkt\/pa-rrb-29g-50-meter-umfassendes-profil-pa12\/\" \/>\n<meta property=\"og:site_name\" content=\"trackcable.com\" \/>\n<meta property=\"article:modified_time\" content=\"2026-03-26T12:35:28+00:00\" \/>\n<meta property=\"og:image\" content=\"https:\/\/trackcable.com\/wp-content\/uploads\/2026\/02\/Reiku-PA-RRB-29G.jpg\" \/>\n\t<meta property=\"og:image:width\" content=\"300\" \/>\n\t<meta property=\"og:image:height\" content=\"199\" \/>\n\t<meta property=\"og:image:type\" content=\"image\/jpeg\" \/>\n<meta name=\"twitter:card\" content=\"summary_large_image\" \/>\n<meta name=\"twitter:label1\" content=\"Gesch\u00e4tzte Lesezeit\" \/>\n\t<meta name=\"twitter:data1\" content=\"1\u00a0Minute\" \/>\n<script type=\"application\/ld+json\" class=\"yoast-schema-graph\">{\"@context\":\"https:\\\/\\\/schema.org\",\"@graph\":[{\"@type\":\"WebPage\",\"@id\":\"https:\\\/\\\/trackcable.com\\\/de\\\/produkt\\\/pa-rrb-29g-50-meter-umfassendes-profil-pa12\\\/\",\"url\":\"https:\\\/\\\/trackcable.com\\\/de\\\/produkt\\\/pa-rrb-29g-50-meter-umfassendes-profil-pa12\\\/\",\"name\":\"PA-RRB-29G | 50 Meter | Umfassendes Profil | PA12 - trackcable.com\",\"isPartOf\":{\"@id\":\"https:\\\/\\\/trackcable.com\\\/de\\\/#website\"},\"primaryImageOfPage\":{\"@id\":\"https:\\\/\\\/trackcable.com\\\/de\\\/produkt\\\/pa-rrb-29g-50-meter-umfassendes-profil-pa12\\\/#primaryimage\"},\"image\":{\"@id\":\"https:\\\/\\\/trackcable.com\\\/de\\\/produkt\\\/pa-rrb-29g-50-meter-umfassendes-profil-pa12\\\/#primaryimage\"},\"thumbnailUrl\":\"https:\\\/\\\/trackcable.com\\\/wp-content\\\/uploads\\\/2026\\\/02\\\/Reiku-PA-RRB-29G.jpg\",\"datePublished\":\"2026-02-13T14:18:32+00:00\",\"dateModified\":\"2026-03-26T12:35:28+00:00\",\"breadcrumb\":{\"@id\":\"https:\\\/\\\/trackcable.com\\\/de\\\/produkt\\\/pa-rrb-29g-50-meter-umfassendes-profil-pa12\\\/#breadcrumb\"},\"inLanguage\":\"de\",\"potentialAction\":[{\"@type\":\"ReadAction\",\"target\":[\"https:\\\/\\\/trackcable.com\\\/de\\\/produkt\\\/pa-rrb-29g-50-meter-umfassendes-profil-pa12\\\/\"]}]},{\"@type\":\"ImageObject\",\"inLanguage\":\"de\",\"@id\":\"https:\\\/\\\/trackcable.com\\\/de\\\/produkt\\\/pa-rrb-29g-50-meter-umfassendes-profil-pa12\\\/#primaryimage\",\"url\":\"https:\\\/\\\/trackcable.com\\\/wp-content\\\/uploads\\\/2026\\\/02\\\/Reiku-PA-RRB-29G.jpg\",\"contentUrl\":\"https:\\\/\\\/trackcable.com\\\/wp-content\\\/uploads\\\/2026\\\/02\\\/Reiku-PA-RRB-29G.jpg\",\"width\":300,\"height\":199,\"caption\":\"Nahaufnahme des PA-RRB-29G, eines 50 Meter langen, gewellten PA12-Rohrs mit breitem Profil, schr\u00e4g vor wei\u00dfem Hintergrund gezeigt.\"},{\"@type\":\"BreadcrumbList\",\"@id\":\"https:\\\/\\\/trackcable.com\\\/de\\\/produkt\\\/pa-rrb-29g-50-meter-umfassendes-profil-pa12\\\/#breadcrumb\",\"itemListElement\":[{\"@type\":\"ListItem\",\"position\":1,\"name\":\"Startseite\",\"item\":\"https:\\\/\\\/trackcable.com\\\/de\\\/startseite\\\/\"},{\"@type\":\"ListItem\",\"position\":2,\"name\":\"Shop\",\"item\":\"https:\\\/\\\/trackcable.com\\\/de\\\/shop\\\/\"},{\"@type\":\"ListItem\",\"position\":3,\"name\":\"PA-RRB-29G | 50 Meter | Umfassendes Profil | PA12\"}]},{\"@type\":\"WebSite\",\"@id\":\"https:\\\/\\\/trackcable.com\\\/de\\\/#website\",\"url\":\"https:\\\/\\\/trackcable.com\\\/de\\\/\",\"name\":\"trackcable.com\",\"description\":\"Precision in cable management\",\"publisher\":{\"@id\":\"https:\\\/\\\/trackcable.com\\\/de\\\/#organization\"},\"potentialAction\":[{\"@type\":\"SearchAction\",\"target\":{\"@type\":\"EntryPoint\",\"urlTemplate\":\"https:\\\/\\\/trackcable.com\\\/de\\\/?s={search_term_string}\"},\"query-input\":{\"@type\":\"PropertyValueSpecification\",\"valueRequired\":true,\"valueName\":\"search_term_string\"}}],\"inLanguage\":\"de\"},{\"@type\":\"Organization\",\"@id\":\"https:\\\/\\\/trackcable.com\\\/de\\\/#organization\",\"name\":\"TrackCable | Precision in industrial cable management\",\"url\":\"https:\\\/\\\/trackcable.com\\\/de\\\/\",\"logo\":{\"@type\":\"ImageObject\",\"inLanguage\":\"de\",\"@id\":\"https:\\\/\\\/trackcable.com\\\/de\\\/#\\\/schema\\\/logo\\\/image\\\/\",\"url\":\"https:\\\/\\\/trackcable.com\\\/wp-content\\\/uploads\\\/2026\\\/02\\\/TrackCable.jpg\",\"contentUrl\":\"https:\\\/\\\/trackcable.com\\\/wp-content\\\/uploads\\\/2026\\\/02\\\/TrackCable.jpg\",\"width\":600,\"height\":300,\"caption\":\"TrackCable | Precision in industrial cable management\"},\"image\":{\"@id\":\"https:\\\/\\\/trackcable.com\\\/de\\\/#\\\/schema\\\/logo\\\/image\\\/\"}}]}<\/script>\n<!-- \/ Yoast SEO plugin. -->","yoast_head_json":{"title":"PA-RRB-29G | 50 Meter | Umfassendes Profil | PA12 - trackcable.com","robots":{"index":"index","follow":"follow","max-snippet":"max-snippet:-1","max-image-preview":"max-image-preview:large","max-video-preview":"max-video-preview:-1"},"canonical":"https:\/\/trackcable.com\/de\/produkt\/pa-rrb-29g-50-meter-umfassendes-profil-pa12\/","og_locale":"de_DE","og_type":"article","og_title":"PA-RRB-29G | 50 Meter | Umfassendes Profil | PA12 - trackcable.com","og_description":"REIKU\u00ae PA-RRB-29G ist ein hochflexibler PA12-Kabelschutz","og_url":"https:\/\/trackcable.com\/de\/produkt\/pa-rrb-29g-50-meter-umfassendes-profil-pa12\/","og_site_name":"trackcable.com","article_modified_time":"2026-03-26T12:35:28+00:00","og_image":[{"width":300,"height":199,"url":"https:\/\/trackcable.com\/wp-content\/uploads\/2026\/02\/Reiku-PA-RRB-29G.jpg","type":"image\/jpeg"}],"twitter_card":"summary_large_image","twitter_misc":{"Gesch\u00e4tzte Lesezeit":"1\u00a0Minute"},"schema":{"@context":"https:\/\/schema.org","@graph":[{"@type":"WebPage","@id":"https:\/\/trackcable.com\/de\/produkt\/pa-rrb-29g-50-meter-umfassendes-profil-pa12\/","url":"https:\/\/trackcable.com\/de\/produkt\/pa-rrb-29g-50-meter-umfassendes-profil-pa12\/","name":"PA-RRB-29G | 50 Meter | Umfassendes Profil | PA12 - trackcable.com","isPartOf":{"@id":"https:\/\/trackcable.com\/de\/#website"},"primaryImageOfPage":{"@id":"https:\/\/trackcable.com\/de\/produkt\/pa-rrb-29g-50-meter-umfassendes-profil-pa12\/#primaryimage"},"image":{"@id":"https:\/\/trackcable.com\/de\/produkt\/pa-rrb-29g-50-meter-umfassendes-profil-pa12\/#primaryimage"},"thumbnailUrl":"https:\/\/trackcable.com\/wp-content\/uploads\/2026\/02\/Reiku-PA-RRB-29G.jpg","datePublished":"2026-02-13T14:18:32+00:00","dateModified":"2026-03-26T12:35:28+00:00","breadcrumb":{"@id":"https:\/\/trackcable.com\/de\/produkt\/pa-rrb-29g-50-meter-umfassendes-profil-pa12\/#breadcrumb"},"inLanguage":"de","potentialAction":[{"@type":"ReadAction","target":["https:\/\/trackcable.com\/de\/produkt\/pa-rrb-29g-50-meter-umfassendes-profil-pa12\/"]}]},{"@type":"ImageObject","inLanguage":"de","@id":"https:\/\/trackcable.com\/de\/produkt\/pa-rrb-29g-50-meter-umfassendes-profil-pa12\/#primaryimage","url":"https:\/\/trackcable.com\/wp-content\/uploads\/2026\/02\/Reiku-PA-RRB-29G.jpg","contentUrl":"https:\/\/trackcable.com\/wp-content\/uploads\/2026\/02\/Reiku-PA-RRB-29G.jpg","width":300,"height":199,"caption":"Nahaufnahme des PA-RRB-29G, eines 50 Meter langen, gewellten PA12-Rohrs mit breitem Profil, schr\u00e4g vor wei\u00dfem Hintergrund gezeigt."},{"@type":"BreadcrumbList","@id":"https:\/\/trackcable.com\/de\/produkt\/pa-rrb-29g-50-meter-umfassendes-profil-pa12\/#breadcrumb","itemListElement":[{"@type":"ListItem","position":1,"name":"Startseite","item":"https:\/\/trackcable.com\/de\/startseite\/"},{"@type":"ListItem","position":2,"name":"Shop","item":"https:\/\/trackcable.com\/de\/shop\/"},{"@type":"ListItem","position":3,"name":"PA-RRB-29G | 50 Meter | Umfassendes Profil | PA12"}]},{"@type":"WebSite","@id":"https:\/\/trackcable.com\/de\/#website","url":"https:\/\/trackcable.com\/de\/","name":"trackcable.com","description":"Precision in cable management","publisher":{"@id":"https:\/\/trackcable.com\/de\/#organization"},"potentialAction":[{"@type":"SearchAction","target":{"@type":"EntryPoint","urlTemplate":"https:\/\/trackcable.com\/de\/?s={search_term_string}"},"query-input":{"@type":"PropertyValueSpecification","valueRequired":true,"valueName":"search_term_string"}}],"inLanguage":"de"},{"@type":"Organization","@id":"https:\/\/trackcable.com\/de\/#organization","name":"TrackCable | Precision in industrial cable management","url":"https:\/\/trackcable.com\/de\/","logo":{"@type":"ImageObject","inLanguage":"de","@id":"https:\/\/trackcable.com\/de\/#\/schema\/logo\/image\/","url":"https:\/\/trackcable.com\/wp-content\/uploads\/2026\/02\/TrackCable.jpg","contentUrl":"https:\/\/trackcable.com\/wp-content\/uploads\/2026\/02\/TrackCable.jpg","width":600,"height":300,"caption":"TrackCable | Precision in industrial cable management"},"image":{"@id":"https:\/\/trackcable.com\/de\/#\/schema\/logo\/image\/"}}]}},"_links":{"self":[{"href":"https:\/\/trackcable.com\/de\/wp-json\/wp\/v2\/product\/8556","targetHints":{"allow":["GET"]}}],"collection":[{"href":"https:\/\/trackcable.com\/de\/wp-json\/wp\/v2\/product"}],"about":[{"href":"https:\/\/trackcable.com\/de\/wp-json\/wp\/v2\/types\/product"}],"replies":[{"embeddable":true,"href":"https:\/\/trackcable.com\/de\/wp-json\/wp\/v2\/comments?post=8556"}],"version-history":[{"count":1,"href":"https:\/\/trackcable.com\/de\/wp-json\/wp\/v2\/product\/8556\/revisions"}],"predecessor-version":[{"id":12625,"href":"https:\/\/trackcable.com\/de\/wp-json\/wp\/v2\/product\/8556\/revisions\/12625"}],"wp:featuredmedia":[{"embeddable":true,"href":"https:\/\/trackcable.com\/de\/wp-json\/wp\/v2\/media\/8280"}],"wp:attachment":[{"href":"https:\/\/trackcable.com\/de\/wp-json\/wp\/v2\/media?parent=8556"}],"wp:term":[{"taxonomy":"brand","embeddable":true,"href":"https:\/\/trackcable.com\/de\/wp-json\/wp\/v2\/etheme_brands?post=8556"},{"taxonomy":"product_brand","embeddable":true,"href":"https:\/\/trackcable.com\/de\/wp-json\/wp\/v2\/product_brand?post=8556"},{"taxonomy":"product_cat","embeddable":true,"href":"https:\/\/trackcable.com\/de\/wp-json\/wp\/v2\/product_cat?post=8556"},{"taxonomy":"product_tag","embeddable":true,"href":"https:\/\/trackcable.com\/de\/wp-json\/wp\/v2\/product_tag?post=8556"}],"curies":[{"name":"wp","href":"https:\/\/api.w.org\/{rel}","templated":true}]}}