{"id":8667,"date":"2026-02-17T13:15:37","date_gmt":"2026-02-17T13:15:37","guid":{"rendered":"https:\/\/trackcable.com\/product\/kel-dpz-50-19-grau\/"},"modified":"2026-03-26T12:37:16","modified_gmt":"2026-03-26T12:37:16","slug":"kel-dpz-50-19-grau","status":"publish","type":"product","link":"https:\/\/trackcable.com\/de\/produkt\/kel-dpz-50-19-grau\/","title":{"rendered":"KEL-DPZ 50\/19 \u2013 Grau"},"content":{"rendered":"<h2 data-start=\"109\" data-end=\"135\"><a target=\"_blank\" class=\"btn  small\" href=\"https:\/\/www.icotek.com\/Produkte\/PG06%20Kabeldurchf%C3%BChrungen\/KEL-DPZ%20rund\/KEL-DPZ%2050\/Datenbl%C3%A4tter\/43758_KEL-DPZ-50-19_gy.PDF\"><span> Dokumentation<\/span><\/a><\/h2>\n<p>&nbsp;<\/p>\n<h2 data-start=\"72\" data-end=\"98\"><strong data-start=\"75\" data-end=\"98\">Produktbeschreibung<\/strong><\/h2>\n<p data-start=\"100\" data-end=\"438\">Dieser hochdichte runde Kabeleingang ist f\u00fcr die sichere und platzsparende Verlegung mehrerer Kabel mit kleinem Durchmesser in Steuerschr\u00e4nken, elektrischen Geh\u00e4usen und Industrieanlagen konzipiert. Hergestellt in Deutschland und aus hochwertigem Elastomer und Polyamid (PA) gefertigt, bietet es eine ausgezeichnete Dichtungsleistung und eine langfristige Haltbarkeit. <\/p>\n<p data-start=\"440\" data-end=\"811\">Mit Schutzbestimmungen bis IP68 bietet dieser Kabeleingang zuverl\u00e4ssige Staub- und Wasserresistenz. Die flexiblen Abdichtungseins\u00e4tze erm\u00f6glichen eine schnelle Installation von bis zu 19 Kabeln, w\u00e4hrend eine starke Kabelbindung und ein ordentliches Seilmanagement erhalten bleibt. Sein kompaktes M50-Design macht es ideal f\u00fcr Installationen, bei denen effiziente Kabelf\u00fchrung und zuverl\u00e4ssige Abdichtung erforderlich sind.  <\/p>\n<p data-start=\"813\" data-end=\"931\">Geeignet sowohl f\u00fcr Innen- als auch f\u00fcr Au\u00dfenumgebungen, funktioniert dieser Kabeleingang zuverl\u00e4ssig \u00fcber einen breiten Temperaturbereich.<\/p>\n<hr data-start=\"933\" data-end=\"936\">\n<h2 data-start=\"938\" data-end=\"959\"><strong data-start=\"941\" data-end=\"959\">Technische Daten<\/strong><\/h2>\n<ul data-start=\"961\" data-end=\"1396\">\n<li data-start=\"961\" data-end=\"986\">\n<p data-start=\"963\" data-end=\"986\"><strong data-start=\"963\" data-end=\"975\">HS-Code:<\/strong> 85472000<\/p>\n<\/li>\n<li data-start=\"987\" data-end=\"1021\">\n<p data-start=\"989\" data-end=\"1021\"><strong data-start=\"989\" data-end=\"1011\">Herkunftsland:<\/strong> Deutschland<\/p>\n<\/li>\n<li data-start=\"1022\" data-end=\"1065\">\n<p data-start=\"1024\" data-end=\"1065\"><strong data-start=\"1024\" data-end=\"1037\">Material:<\/strong> Elastomer, Polyamid (PA)<\/p>\n<\/li>\n<li data-start=\"1066\" data-end=\"1085\">\n<p data-start=\"1068\" data-end=\"1085\"><strong data-start=\"1068\" data-end=\"1078\">Farbe:<\/strong> Grau<\/p>\n<\/li>\n<li data-start=\"1086\" data-end=\"1106\">\n<p data-start=\"1088\" data-end=\"1106\"><strong data-start=\"1088\" data-end=\"1099\">H\u00f6he:<\/strong> 8 mm<\/p>\n<\/li>\n<li data-start=\"1107\" data-end=\"1157\">\n<p data-start=\"1109\" data-end=\"1157\"><strong data-start=\"1109\" data-end=\"1139\">Gr\u00f6\u00dfe des Installationsausschnitts:<\/strong> \u00d8 50,5 mm (M50)<\/p>\n<\/li>\n<li data-start=\"1158\" data-end=\"1189\">\n<p data-start=\"1160\" data-end=\"1189\"><strong data-start=\"1160\" data-end=\"1179\">Au\u00dfendurchmesser:<\/strong> \u00d8 62 mm<\/p>\n<\/li>\n<li data-start=\"1190\" data-end=\"1210\">\n<p data-start=\"1192\" data-end=\"1210\"><strong data-start=\"1192\" data-end=\"1202\">Tiefe:<\/strong> 14 mm<\/p>\n<\/li>\n<li data-start=\"1211\" data-end=\"1250\">\n<p data-start=\"1213\" data-end=\"1250\"><strong data-start=\"1213\" data-end=\"1232\">Spannreichweite:<\/strong> 19 \u00d7 3,2\u20136,5 mm<\/p>\n<\/li>\n<li data-start=\"1251\" data-end=\"1293\">\n<p data-start=\"1253\" data-end=\"1293\"><strong data-start=\"1253\" data-end=\"1275\">Temperaturbereich:<\/strong> -40\u00b0C bis +100\u00b0C<\/p>\n<\/li>\n<li data-start=\"1294\" data-end=\"1367\">\n<p data-start=\"1296\" data-end=\"1367\"><strong data-start=\"1296\" data-end=\"1318\">Schutzbewertung:<\/strong> IP54 \/ IP55 \/ IP64 \/ IP65 \/ IP66 \/ IP67 \/ IP68<\/p>\n<\/li>\n<li data-start=\"1368\" data-end=\"1396\">\n<p data-start=\"1370\" data-end=\"1396\"><strong data-start=\"1370\" data-end=\"1385\">Nettogewicht:<\/strong> 0,038 kg<\/p>\n<\/li>\n<\/ul>\n","protected":false},"excerpt":{"rendered":"<p>&nbsp; Produktbeschreibung Dieser hochdichte runde Kabeleingang ist f\u00fcr die sichere und platzsparende Verlegung mehrerer Kabel mit kleinem Durchmesser in Steuerschr\u00e4nken, elektrischen Geh\u00e4usen und Industrieanlagen konzipiert&#8230;.<\/p>\n","protected":false},"featured_media":8669,"comment_status":"open","ping_status":"closed","template":"","meta":[],"etheme_brands":[{"term_id":697,"name":"Icotek","slug":"icotek","term_group":0,"term_taxonomy_id":697,"taxonomy":"brand","description":"Icotek ist ein f\u00fchrender Hersteller innovativer Kabelmanagement- und Einf\u00fchrungsl\u00f6sungen, spezialisiert auf modulare Systeme, die eine schnelle Installation und zuverl\u00e4ssige Abdichtung f\u00fcr industrielle und elektrotechnische Anwendungen weltweit erm\u00f6glichen.","parent":0,"count":125,"filter":"raw"}],"product_brand":[],"product_cat":[277],"product_tag":[],"class_list":{"0":"post-8667","1":"product","2":"type-product","3":"status-publish","4":"has-post-thumbnail","6":"brand-icotek","7":"product_cat-kabeleinfuhrungsplatten","9":"first","10":"instock","11":"sale","12":"taxable","13":"shipping-taxable","14":"purchasable","15":"product-type-simple"},"yoast_head":"<!-- This site is optimized with the Yoast SEO plugin v27.3 - https:\/\/yoast.com\/product\/yoast-seo-wordpress\/ -->\n<title>Icotek KEL-DPZ 50\/19 Grau (43758) | TrackCable<\/title>\n<meta name=\"description\" content=\"Kaufen Sie die Icotek KEL-DPZ 50\/19 Kabeleinstiegsplatte (43758) in Grau f\u00fcr einfaches Kabelverlegen und sichere Abdichtung. Ideal f\u00fcr kompakte Kabelverwaltung.\" \/>\n<meta name=\"robots\" content=\"index, follow, max-snippet:-1, max-image-preview:large, max-video-preview:-1\" \/>\n<link rel=\"canonical\" href=\"https:\/\/trackcable.com\/de\/produkt\/kel-dpz-50-19-grau\/\" \/>\n<meta property=\"og:locale\" content=\"de_DE\" \/>\n<meta property=\"og:type\" content=\"article\" \/>\n<meta property=\"og:title\" content=\"Icotek KEL-DPZ 50\/19 Grau (43758) | TrackCable\" \/>\n<meta property=\"og:description\" content=\"Kaufen Sie die Icotek KEL-DPZ 50\/19 Kabeleinstiegsplatte (43758) in Grau f\u00fcr einfaches Kabelverlegen und sichere Abdichtung. Ideal f\u00fcr kompakte Kabelverwaltung.\" \/>\n<meta property=\"og:url\" content=\"https:\/\/trackcable.com\/de\/produkt\/kel-dpz-50-19-grau\/\" \/>\n<meta property=\"og:site_name\" content=\"trackcable.com\" \/>\n<meta property=\"article:modified_time\" content=\"2026-03-26T12:37:16+00:00\" \/>\n<meta property=\"og:image\" content=\"https:\/\/trackcable.com\/wp-content\/uploads\/2026\/02\/43758.jpg\" \/>\n\t<meta property=\"og:image:width\" content=\"300\" \/>\n\t<meta property=\"og:image:height\" content=\"199\" \/>\n\t<meta property=\"og:image:type\" content=\"image\/jpeg\" \/>\n<meta name=\"twitter:card\" content=\"summary_large_image\" \/>\n<meta name=\"twitter:label1\" content=\"Gesch\u00e4tzte Lesezeit\" \/>\n\t<meta name=\"twitter:data1\" content=\"1\u00a0Minute\" \/>\n<script type=\"application\/ld+json\" class=\"yoast-schema-graph\">{\"@context\":\"https:\\\/\\\/schema.org\",\"@graph\":[{\"@type\":\"WebPage\",\"@id\":\"https:\\\/\\\/trackcable.com\\\/de\\\/produkt\\\/kel-dpz-50-19-grau\\\/\",\"url\":\"https:\\\/\\\/trackcable.com\\\/de\\\/produkt\\\/kel-dpz-50-19-grau\\\/\",\"name\":\"Icotek KEL-DPZ 50\\\/19 Grau (43758) | TrackCable\",\"isPartOf\":{\"@id\":\"https:\\\/\\\/trackcable.com\\\/de\\\/#website\"},\"primaryImageOfPage\":{\"@id\":\"https:\\\/\\\/trackcable.com\\\/de\\\/produkt\\\/kel-dpz-50-19-grau\\\/#primaryimage\"},\"image\":{\"@id\":\"https:\\\/\\\/trackcable.com\\\/de\\\/produkt\\\/kel-dpz-50-19-grau\\\/#primaryimage\"},\"thumbnailUrl\":\"https:\\\/\\\/trackcable.com\\\/wp-content\\\/uploads\\\/2026\\\/02\\\/43758.jpg\",\"datePublished\":\"2026-02-17T13:15:37+00:00\",\"dateModified\":\"2026-03-26T12:37:16+00:00\",\"description\":\"Kaufen Sie die Icotek KEL-DPZ 50\\\/19 Kabeleinstiegsplatte (43758) in Grau f\u00fcr einfaches Kabelverlegen und sichere Abdichtung. Ideal f\u00fcr kompakte Kabelverwaltung.\",\"breadcrumb\":{\"@id\":\"https:\\\/\\\/trackcable.com\\\/de\\\/produkt\\\/kel-dpz-50-19-grau\\\/#breadcrumb\"},\"inLanguage\":\"de\",\"potentialAction\":[{\"@type\":\"ReadAction\",\"target\":[\"https:\\\/\\\/trackcable.com\\\/de\\\/produkt\\\/kel-dpz-50-19-grau\\\/\"]}]},{\"@type\":\"ImageObject\",\"inLanguage\":\"de\",\"@id\":\"https:\\\/\\\/trackcable.com\\\/de\\\/produkt\\\/kel-dpz-50-19-grau\\\/#primaryimage\",\"url\":\"https:\\\/\\\/trackcable.com\\\/wp-content\\\/uploads\\\/2026\\\/02\\\/43758.jpg\",\"contentUrl\":\"https:\\\/\\\/trackcable.com\\\/wp-content\\\/uploads\\\/2026\\\/02\\\/43758.jpg\",\"width\":300,\"height\":199,\"caption\":\"Der KEL-DPZ 50\\\/19 - Grey ist ein rundes, flaches Objekt mit mehreren kleinen kreisf\u00f6rmigen L\u00f6chern in einem Rastermuster, was ihm ein Aussehen \u00e4hnlich wie ein Duschkopf oder Lautsprecher verleiht.\"},{\"@type\":\"BreadcrumbList\",\"@id\":\"https:\\\/\\\/trackcable.com\\\/de\\\/produkt\\\/kel-dpz-50-19-grau\\\/#breadcrumb\",\"itemListElement\":[{\"@type\":\"ListItem\",\"position\":1,\"name\":\"Startseite\",\"item\":\"https:\\\/\\\/trackcable.com\\\/de\\\/startseite\\\/\"},{\"@type\":\"ListItem\",\"position\":2,\"name\":\"Shop\",\"item\":\"https:\\\/\\\/trackcable.com\\\/de\\\/shop\\\/\"},{\"@type\":\"ListItem\",\"position\":3,\"name\":\"KEL-DPZ 50\\\/19 \u2013 Grau\"}]},{\"@type\":\"WebSite\",\"@id\":\"https:\\\/\\\/trackcable.com\\\/de\\\/#website\",\"url\":\"https:\\\/\\\/trackcable.com\\\/de\\\/\",\"name\":\"trackcable.com\",\"description\":\"Precision in cable management\",\"publisher\":{\"@id\":\"https:\\\/\\\/trackcable.com\\\/de\\\/#organization\"},\"potentialAction\":[{\"@type\":\"SearchAction\",\"target\":{\"@type\":\"EntryPoint\",\"urlTemplate\":\"https:\\\/\\\/trackcable.com\\\/de\\\/?s={search_term_string}\"},\"query-input\":{\"@type\":\"PropertyValueSpecification\",\"valueRequired\":true,\"valueName\":\"search_term_string\"}}],\"inLanguage\":\"de\"},{\"@type\":\"Organization\",\"@id\":\"https:\\\/\\\/trackcable.com\\\/de\\\/#organization\",\"name\":\"TrackCable | Precision in industrial cable management\",\"url\":\"https:\\\/\\\/trackcable.com\\\/de\\\/\",\"logo\":{\"@type\":\"ImageObject\",\"inLanguage\":\"de\",\"@id\":\"https:\\\/\\\/trackcable.com\\\/de\\\/#\\\/schema\\\/logo\\\/image\\\/\",\"url\":\"https:\\\/\\\/trackcable.com\\\/wp-content\\\/uploads\\\/2026\\\/02\\\/TrackCable.jpg\",\"contentUrl\":\"https:\\\/\\\/trackcable.com\\\/wp-content\\\/uploads\\\/2026\\\/02\\\/TrackCable.jpg\",\"width\":600,\"height\":300,\"caption\":\"TrackCable | Precision in industrial cable management\"},\"image\":{\"@id\":\"https:\\\/\\\/trackcable.com\\\/de\\\/#\\\/schema\\\/logo\\\/image\\\/\"}}]}<\/script>\n<!-- \/ Yoast SEO plugin. -->","yoast_head_json":{"title":"Icotek KEL-DPZ 50\/19 Grau (43758) | TrackCable","description":"Kaufen Sie die Icotek KEL-DPZ 50\/19 Kabeleinstiegsplatte (43758) in Grau f\u00fcr einfaches Kabelverlegen und sichere Abdichtung. Ideal f\u00fcr kompakte Kabelverwaltung.","robots":{"index":"index","follow":"follow","max-snippet":"max-snippet:-1","max-image-preview":"max-image-preview:large","max-video-preview":"max-video-preview:-1"},"canonical":"https:\/\/trackcable.com\/de\/produkt\/kel-dpz-50-19-grau\/","og_locale":"de_DE","og_type":"article","og_title":"Icotek KEL-DPZ 50\/19 Grau (43758) | TrackCable","og_description":"Kaufen Sie die Icotek KEL-DPZ 50\/19 Kabeleinstiegsplatte (43758) in Grau f\u00fcr einfaches Kabelverlegen und sichere Abdichtung. Ideal f\u00fcr kompakte Kabelverwaltung.","og_url":"https:\/\/trackcable.com\/de\/produkt\/kel-dpz-50-19-grau\/","og_site_name":"trackcable.com","article_modified_time":"2026-03-26T12:37:16+00:00","og_image":[{"width":300,"height":199,"url":"https:\/\/trackcable.com\/wp-content\/uploads\/2026\/02\/43758.jpg","type":"image\/jpeg"}],"twitter_card":"summary_large_image","twitter_misc":{"Gesch\u00e4tzte Lesezeit":"1\u00a0Minute"},"schema":{"@context":"https:\/\/schema.org","@graph":[{"@type":"WebPage","@id":"https:\/\/trackcable.com\/de\/produkt\/kel-dpz-50-19-grau\/","url":"https:\/\/trackcable.com\/de\/produkt\/kel-dpz-50-19-grau\/","name":"Icotek KEL-DPZ 50\/19 Grau (43758) | TrackCable","isPartOf":{"@id":"https:\/\/trackcable.com\/de\/#website"},"primaryImageOfPage":{"@id":"https:\/\/trackcable.com\/de\/produkt\/kel-dpz-50-19-grau\/#primaryimage"},"image":{"@id":"https:\/\/trackcable.com\/de\/produkt\/kel-dpz-50-19-grau\/#primaryimage"},"thumbnailUrl":"https:\/\/trackcable.com\/wp-content\/uploads\/2026\/02\/43758.jpg","datePublished":"2026-02-17T13:15:37+00:00","dateModified":"2026-03-26T12:37:16+00:00","description":"Kaufen Sie die Icotek KEL-DPZ 50\/19 Kabeleinstiegsplatte (43758) in Grau f\u00fcr einfaches Kabelverlegen und sichere Abdichtung. Ideal f\u00fcr kompakte Kabelverwaltung.","breadcrumb":{"@id":"https:\/\/trackcable.com\/de\/produkt\/kel-dpz-50-19-grau\/#breadcrumb"},"inLanguage":"de","potentialAction":[{"@type":"ReadAction","target":["https:\/\/trackcable.com\/de\/produkt\/kel-dpz-50-19-grau\/"]}]},{"@type":"ImageObject","inLanguage":"de","@id":"https:\/\/trackcable.com\/de\/produkt\/kel-dpz-50-19-grau\/#primaryimage","url":"https:\/\/trackcable.com\/wp-content\/uploads\/2026\/02\/43758.jpg","contentUrl":"https:\/\/trackcable.com\/wp-content\/uploads\/2026\/02\/43758.jpg","width":300,"height":199,"caption":"Der KEL-DPZ 50\/19 - Grey ist ein rundes, flaches Objekt mit mehreren kleinen kreisf\u00f6rmigen L\u00f6chern in einem Rastermuster, was ihm ein Aussehen \u00e4hnlich wie ein Duschkopf oder Lautsprecher verleiht."},{"@type":"BreadcrumbList","@id":"https:\/\/trackcable.com\/de\/produkt\/kel-dpz-50-19-grau\/#breadcrumb","itemListElement":[{"@type":"ListItem","position":1,"name":"Startseite","item":"https:\/\/trackcable.com\/de\/startseite\/"},{"@type":"ListItem","position":2,"name":"Shop","item":"https:\/\/trackcable.com\/de\/shop\/"},{"@type":"ListItem","position":3,"name":"KEL-DPZ 50\/19 \u2013 Grau"}]},{"@type":"WebSite","@id":"https:\/\/trackcable.com\/de\/#website","url":"https:\/\/trackcable.com\/de\/","name":"trackcable.com","description":"Precision in cable management","publisher":{"@id":"https:\/\/trackcable.com\/de\/#organization"},"potentialAction":[{"@type":"SearchAction","target":{"@type":"EntryPoint","urlTemplate":"https:\/\/trackcable.com\/de\/?s={search_term_string}"},"query-input":{"@type":"PropertyValueSpecification","valueRequired":true,"valueName":"search_term_string"}}],"inLanguage":"de"},{"@type":"Organization","@id":"https:\/\/trackcable.com\/de\/#organization","name":"TrackCable | Precision in industrial cable management","url":"https:\/\/trackcable.com\/de\/","logo":{"@type":"ImageObject","inLanguage":"de","@id":"https:\/\/trackcable.com\/de\/#\/schema\/logo\/image\/","url":"https:\/\/trackcable.com\/wp-content\/uploads\/2026\/02\/TrackCable.jpg","contentUrl":"https:\/\/trackcable.com\/wp-content\/uploads\/2026\/02\/TrackCable.jpg","width":600,"height":300,"caption":"TrackCable | Precision in industrial cable management"},"image":{"@id":"https:\/\/trackcable.com\/de\/#\/schema\/logo\/image\/"}}]}},"_links":{"self":[{"href":"https:\/\/trackcable.com\/de\/wp-json\/wp\/v2\/product\/8667","targetHints":{"allow":["GET"]}}],"collection":[{"href":"https:\/\/trackcable.com\/de\/wp-json\/wp\/v2\/product"}],"about":[{"href":"https:\/\/trackcable.com\/de\/wp-json\/wp\/v2\/types\/product"}],"replies":[{"embeddable":true,"href":"https:\/\/trackcable.com\/de\/wp-json\/wp\/v2\/comments?post=8667"}],"version-history":[{"count":1,"href":"https:\/\/trackcable.com\/de\/wp-json\/wp\/v2\/product\/8667\/revisions"}],"predecessor-version":[{"id":12758,"href":"https:\/\/trackcable.com\/de\/wp-json\/wp\/v2\/product\/8667\/revisions\/12758"}],"wp:featuredmedia":[{"embeddable":true,"href":"https:\/\/trackcable.com\/de\/wp-json\/wp\/v2\/media\/8669"}],"wp:attachment":[{"href":"https:\/\/trackcable.com\/de\/wp-json\/wp\/v2\/media?parent=8667"}],"wp:term":[{"taxonomy":"brand","embeddable":true,"href":"https:\/\/trackcable.com\/de\/wp-json\/wp\/v2\/etheme_brands?post=8667"},{"taxonomy":"product_brand","embeddable":true,"href":"https:\/\/trackcable.com\/de\/wp-json\/wp\/v2\/product_brand?post=8667"},{"taxonomy":"product_cat","embeddable":true,"href":"https:\/\/trackcable.com\/de\/wp-json\/wp\/v2\/product_cat?post=8667"},{"taxonomy":"product_tag","embeddable":true,"href":"https:\/\/trackcable.com\/de\/wp-json\/wp\/v2\/product_tag?post=8667"}],"curies":[{"name":"wp","href":"https:\/\/api.w.org\/{rel}","templated":true}]}}