{"id":8728,"date":"2026-02-17T10:53:49","date_gmt":"2026-02-17T10:53:49","guid":{"rendered":"https:\/\/trackcable.com\/product\/kel-dp-24-17-a-grau\/"},"modified":"2026-03-26T12:35:26","modified_gmt":"2026-03-26T12:35:26","slug":"kel-dp-24-17-a-grau","status":"publish","type":"product","link":"https:\/\/trackcable.com\/de\/produkt\/kel-dp-24-17-a-grau\/","title":{"rendered":"KEL-DP 24\/17 A \u2013 Grau"},"content":{"rendered":"<h2 data-start=\"109\" data-end=\"135\"><a target=\"_self\" class=\"btn  small\" href=\"https:\/\/www.icotek.com\/Produkte\/PG06%20Kabeldurchf%C3%BChrungen\/KEL-DP\/KEL-DP%2024\/Datenbl%C3%A4tter\/43514_DP-24-17-A_gy.PDF\"><span> Dokumentation<\/span><\/a><\/h2>\n<p>&nbsp;<\/p>\n<h2 data-start=\"100\" data-end=\"126\"><strong data-start=\"103\" data-end=\"126\">Produktbeschreibung<\/strong><\/h2>\n<p data-start=\"128\" data-end=\"439\">Diese hochwertige Elastomer-Kabelzugangsplatte ist f\u00fcr sichere, effiziente und organisierte Kabelf\u00fchrung in elektrischen Panels und Industrieanlagen konzipiert. Hergestellt in Deutschland, verbindet es Haltbarkeit mit ausgezeichneter Abdichtungsleistung, sch\u00fctzt die Kabel vor Staub und Feuchtigkeit und sorgt gleichzeitig f\u00fcr eine einfache Installation. <\/p>\n<p data-start=\"441\" data-end=\"728\">Die flexible Elastomerkonstruktion erm\u00f6glicht es, mehrere Kabelgr\u00f6\u00dfen sicher zu klemmen, was sie ideal f\u00fcr Steuerschr\u00e4nke, Maschinen und Automatisierungssysteme macht. Mit Schutzklassen bis IP64 und einem breiten Temperaturbereich leistet er zuverl\u00e4ssig sowohl im Innen- als auch im Au\u00dfenbereich. <\/p>\n<hr data-start=\"730\" data-end=\"733\">\n<h2 data-start=\"735\" data-end=\"756\"><strong data-start=\"738\" data-end=\"756\">Technische Daten<\/strong><\/h2>\n<ul data-start=\"758\" data-end=\"1198\">\n<li data-start=\"758\" data-end=\"783\">\n<p data-start=\"760\" data-end=\"783\"><strong data-start=\"760\" data-end=\"772\">HS-Code:<\/strong> 85472000<\/p>\n<\/li>\n<li data-start=\"784\" data-end=\"818\">\n<p data-start=\"786\" data-end=\"818\"><strong data-start=\"786\" data-end=\"808\">Herkunftsland:<\/strong> Deutschland<\/p>\n<\/li>\n<li data-start=\"819\" data-end=\"846\">\n<p data-start=\"821\" data-end=\"846\"><strong data-start=\"821\" data-end=\"834\">Material:<\/strong> Elastomer<\/p>\n<\/li>\n<li data-start=\"847\" data-end=\"866\">\n<p data-start=\"849\" data-end=\"866\"><strong data-start=\"849\" data-end=\"859\">Farbe:<\/strong> Grau<\/p>\n<\/li>\n<li data-start=\"867\" data-end=\"888\">\n<p data-start=\"869\" data-end=\"888\"><strong data-start=\"869\" data-end=\"880\">H\u00f6he:<\/strong> 44 mm<\/p>\n<\/li>\n<li data-start=\"889\" data-end=\"935\">\n<p data-start=\"891\" data-end=\"935\"><strong data-start=\"891\" data-end=\"921\">Installationsausschnitt<\/strong> : 36 \u00d7 112 mm<\/p>\n<\/li>\n<li data-start=\"936\" data-end=\"957\">\n<p data-start=\"938\" data-end=\"957\"><strong data-start=\"938\" data-end=\"948\">Breite:<\/strong> 142 mm<\/p>\n<\/li>\n<li data-start=\"958\" data-end=\"977\">\n<p data-start=\"960\" data-end=\"977\"><strong data-start=\"960\" data-end=\"970\">Tiefe:<\/strong> 5 mm<\/p>\n<\/li>\n<li data-start=\"978\" data-end=\"1040\">\n<p data-start=\"980\" data-end=\"1001\"><strong data-start=\"980\" data-end=\"999\">Spannreichweite:<\/strong><\/p>\n<ul data-start=\"1004\" data-end=\"1040\">\n<li data-start=\"1004\" data-end=\"1020\">\n<p data-start=\"1006\" data-end=\"1020\">5 \u00d7 \u226410,5 mm<\/p>\n<\/li>\n<li data-start=\"1023\" data-end=\"1040\">\n<p data-start=\"1025\" data-end=\"1040\">12 \u00d7 \u226412,6 mm<\/p>\n<\/li>\n<\/ul>\n<\/li>\n<li data-start=\"1041\" data-end=\"1083\">\n<p data-start=\"1043\" data-end=\"1083\"><strong data-start=\"1043\" data-end=\"1065\">Temperaturbereich:<\/strong> -30\u00b0C bis +100\u00b0C<\/p>\n<\/li>\n<li data-start=\"1084\" data-end=\"1122\">\n<p data-start=\"1086\" data-end=\"1122\"><strong data-start=\"1086\" data-end=\"1108\">Schutzbewertung:<\/strong> IP54 \/ IP64<\/p>\n<\/li>\n<li data-start=\"1123\" data-end=\"1169\">\n<p data-start=\"1125\" data-end=\"1169\"><strong data-start=\"1125\" data-end=\"1137\">Version:<\/strong> A (Wandst\u00e4rke 1,5\u20132,5 mm)<\/p>\n<\/li>\n<li data-start=\"1170\" data-end=\"1198\">\n<p data-start=\"1172\" data-end=\"1198\"><strong data-start=\"1172\" data-end=\"1187\">Nettogewicht:<\/strong> 0,044 kg<\/p>\n<\/li>\n<\/ul>\n","protected":false},"excerpt":{"rendered":"<p>&nbsp; Produktbeschreibung Diese hochwertige Elastomer-Kabelzugangsplatte ist f\u00fcr sichere, effiziente und organisierte Kabelf\u00fchrung in elektrischen Panels und Industrieanlagen konzipiert. Hergestellt in Deutschland, verbindet es Haltbarkeit mit&#8230;<\/p>\n","protected":false},"featured_media":8729,"comment_status":"open","ping_status":"closed","template":"","meta":[],"etheme_brands":[{"term_id":697,"name":"Icotek","slug":"icotek","term_group":0,"term_taxonomy_id":697,"taxonomy":"brand","description":"Icotek ist ein f\u00fchrender Hersteller innovativer Kabelmanagement- und Einf\u00fchrungsl\u00f6sungen, spezialisiert auf modulare Systeme, die eine schnelle Installation und zuverl\u00e4ssige Abdichtung f\u00fcr industrielle und elektrotechnische Anwendungen weltweit erm\u00f6glichen.","parent":0,"count":125,"filter":"raw"}],"product_brand":[],"product_cat":[277],"product_tag":[],"class_list":{"0":"post-8728","1":"product","2":"type-product","3":"status-publish","4":"has-post-thumbnail","6":"brand-icotek","7":"product_cat-kabeleinfuhrungsplatten","9":"first","10":"instock","11":"sale","12":"taxable","13":"shipping-taxable","14":"purchasable","15":"product-type-simple"},"yoast_head":"<!-- This site is optimized with the Yoast SEO plugin v27.3 - https:\/\/yoast.com\/product\/yoast-seo-wordpress\/ -->\n<title>Icotek KEL-DP 24\/17 A Kabel-Einstiegsplatte | TrackCable<\/title>\n<meta name=\"description\" content=\"Kaufen Sie Icotek KEL-DP 24\/17 A-Kabelzugangsplatte f\u00fcr effiziente Kabelf\u00fchrung und Abdichtung von Bedientafeln. Schnelle Lieferung verf\u00fcgbar.\" \/>\n<meta name=\"robots\" content=\"index, follow, max-snippet:-1, max-image-preview:large, max-video-preview:-1\" \/>\n<link rel=\"canonical\" href=\"https:\/\/trackcable.com\/de\/produkt\/kel-dp-24-17-a-grau\/\" \/>\n<meta property=\"og:locale\" content=\"de_DE\" \/>\n<meta property=\"og:type\" content=\"article\" \/>\n<meta property=\"og:title\" content=\"Icotek KEL-DP 24\/17 A Kabel-Einstiegsplatte | TrackCable\" \/>\n<meta property=\"og:description\" content=\"Kaufen Sie Icotek KEL-DP 24\/17 A-Kabelzugangsplatte f\u00fcr effiziente Kabelf\u00fchrung und Abdichtung von Bedientafeln. Schnelle Lieferung verf\u00fcgbar.\" \/>\n<meta property=\"og:url\" content=\"https:\/\/trackcable.com\/de\/produkt\/kel-dp-24-17-a-grau\/\" \/>\n<meta property=\"og:site_name\" content=\"trackcable.com\" \/>\n<meta property=\"article:modified_time\" content=\"2026-03-26T12:35:26+00:00\" \/>\n<meta property=\"og:image\" content=\"https:\/\/trackcable.com\/wp-content\/uploads\/2026\/02\/43512-1-1.jpg\" \/>\n\t<meta property=\"og:image:width\" content=\"300\" \/>\n\t<meta property=\"og:image:height\" content=\"199\" \/>\n\t<meta property=\"og:image:type\" content=\"image\/jpeg\" \/>\n<meta name=\"twitter:card\" content=\"summary_large_image\" \/>\n<meta name=\"twitter:label1\" content=\"Gesch\u00e4tzte Lesezeit\" \/>\n\t<meta name=\"twitter:data1\" content=\"1\u00a0Minute\" \/>\n<script type=\"application\/ld+json\" class=\"yoast-schema-graph\">{\"@context\":\"https:\\\/\\\/schema.org\",\"@graph\":[{\"@type\":\"WebPage\",\"@id\":\"https:\\\/\\\/trackcable.com\\\/de\\\/produkt\\\/kel-dp-24-17-a-grau\\\/\",\"url\":\"https:\\\/\\\/trackcable.com\\\/de\\\/produkt\\\/kel-dp-24-17-a-grau\\\/\",\"name\":\"Icotek KEL-DP 24\\\/17 A Kabel-Einstiegsplatte | TrackCable\",\"isPartOf\":{\"@id\":\"https:\\\/\\\/trackcable.com\\\/de\\\/#website\"},\"primaryImageOfPage\":{\"@id\":\"https:\\\/\\\/trackcable.com\\\/de\\\/produkt\\\/kel-dp-24-17-a-grau\\\/#primaryimage\"},\"image\":{\"@id\":\"https:\\\/\\\/trackcable.com\\\/de\\\/produkt\\\/kel-dp-24-17-a-grau\\\/#primaryimage\"},\"thumbnailUrl\":\"https:\\\/\\\/trackcable.com\\\/wp-content\\\/uploads\\\/2026\\\/02\\\/43512-1-1.jpg\",\"datePublished\":\"2026-02-17T10:53:49+00:00\",\"dateModified\":\"2026-03-26T12:35:26+00:00\",\"description\":\"Kaufen Sie Icotek KEL-DP 24\\\/17 A-Kabelzugangsplatte f\u00fcr effiziente Kabelf\u00fchrung und Abdichtung von Bedientafeln. Schnelle Lieferung verf\u00fcgbar.\",\"breadcrumb\":{\"@id\":\"https:\\\/\\\/trackcable.com\\\/de\\\/produkt\\\/kel-dp-24-17-a-grau\\\/#breadcrumb\"},\"inLanguage\":\"de\",\"potentialAction\":[{\"@type\":\"ReadAction\",\"target\":[\"https:\\\/\\\/trackcable.com\\\/de\\\/produkt\\\/kel-dp-24-17-a-grau\\\/\"]}]},{\"@type\":\"ImageObject\",\"inLanguage\":\"de\",\"@id\":\"https:\\\/\\\/trackcable.com\\\/de\\\/produkt\\\/kel-dp-24-17-a-grau\\\/#primaryimage\",\"url\":\"https:\\\/\\\/trackcable.com\\\/wp-content\\\/uploads\\\/2026\\\/02\\\/43512-1-1.jpg\",\"contentUrl\":\"https:\\\/\\\/trackcable.com\\\/wp-content\\\/uploads\\\/2026\\\/02\\\/43512-1-1.jpg\",\"width\":300,\"height\":199,\"caption\":\"Das KEL-DP 24\\\/17 A \u2013 Graues rechteckiges Tablett verf\u00fcgt \u00fcber 14 gleichm\u00e4\u00dfig verteilte runde F\u00e4cher, die in zwei Reihen zu je sieben angeordnet sind.\"},{\"@type\":\"BreadcrumbList\",\"@id\":\"https:\\\/\\\/trackcable.com\\\/de\\\/produkt\\\/kel-dp-24-17-a-grau\\\/#breadcrumb\",\"itemListElement\":[{\"@type\":\"ListItem\",\"position\":1,\"name\":\"Startseite\",\"item\":\"https:\\\/\\\/trackcable.com\\\/de\\\/startseite\\\/\"},{\"@type\":\"ListItem\",\"position\":2,\"name\":\"Shop\",\"item\":\"https:\\\/\\\/trackcable.com\\\/de\\\/shop\\\/\"},{\"@type\":\"ListItem\",\"position\":3,\"name\":\"KEL-DP 24\\\/17 A \u2013 Grau\"}]},{\"@type\":\"WebSite\",\"@id\":\"https:\\\/\\\/trackcable.com\\\/de\\\/#website\",\"url\":\"https:\\\/\\\/trackcable.com\\\/de\\\/\",\"name\":\"trackcable.com\",\"description\":\"Precision in cable management\",\"publisher\":{\"@id\":\"https:\\\/\\\/trackcable.com\\\/de\\\/#organization\"},\"potentialAction\":[{\"@type\":\"SearchAction\",\"target\":{\"@type\":\"EntryPoint\",\"urlTemplate\":\"https:\\\/\\\/trackcable.com\\\/de\\\/?s={search_term_string}\"},\"query-input\":{\"@type\":\"PropertyValueSpecification\",\"valueRequired\":true,\"valueName\":\"search_term_string\"}}],\"inLanguage\":\"de\"},{\"@type\":\"Organization\",\"@id\":\"https:\\\/\\\/trackcable.com\\\/de\\\/#organization\",\"name\":\"TrackCable | Precision in industrial cable management\",\"url\":\"https:\\\/\\\/trackcable.com\\\/de\\\/\",\"logo\":{\"@type\":\"ImageObject\",\"inLanguage\":\"de\",\"@id\":\"https:\\\/\\\/trackcable.com\\\/de\\\/#\\\/schema\\\/logo\\\/image\\\/\",\"url\":\"https:\\\/\\\/trackcable.com\\\/wp-content\\\/uploads\\\/2026\\\/02\\\/TrackCable.jpg\",\"contentUrl\":\"https:\\\/\\\/trackcable.com\\\/wp-content\\\/uploads\\\/2026\\\/02\\\/TrackCable.jpg\",\"width\":600,\"height\":300,\"caption\":\"TrackCable | Precision in industrial cable management\"},\"image\":{\"@id\":\"https:\\\/\\\/trackcable.com\\\/de\\\/#\\\/schema\\\/logo\\\/image\\\/\"}}]}<\/script>\n<!-- \/ Yoast SEO plugin. -->","yoast_head_json":{"title":"Icotek KEL-DP 24\/17 A Kabel-Einstiegsplatte | TrackCable","description":"Kaufen Sie Icotek KEL-DP 24\/17 A-Kabelzugangsplatte f\u00fcr effiziente Kabelf\u00fchrung und Abdichtung von Bedientafeln. Schnelle Lieferung verf\u00fcgbar.","robots":{"index":"index","follow":"follow","max-snippet":"max-snippet:-1","max-image-preview":"max-image-preview:large","max-video-preview":"max-video-preview:-1"},"canonical":"https:\/\/trackcable.com\/de\/produkt\/kel-dp-24-17-a-grau\/","og_locale":"de_DE","og_type":"article","og_title":"Icotek KEL-DP 24\/17 A Kabel-Einstiegsplatte | TrackCable","og_description":"Kaufen Sie Icotek KEL-DP 24\/17 A-Kabelzugangsplatte f\u00fcr effiziente Kabelf\u00fchrung und Abdichtung von Bedientafeln. Schnelle Lieferung verf\u00fcgbar.","og_url":"https:\/\/trackcable.com\/de\/produkt\/kel-dp-24-17-a-grau\/","og_site_name":"trackcable.com","article_modified_time":"2026-03-26T12:35:26+00:00","og_image":[{"width":300,"height":199,"url":"https:\/\/trackcable.com\/wp-content\/uploads\/2026\/02\/43512-1-1.jpg","type":"image\/jpeg"}],"twitter_card":"summary_large_image","twitter_misc":{"Gesch\u00e4tzte Lesezeit":"1\u00a0Minute"},"schema":{"@context":"https:\/\/schema.org","@graph":[{"@type":"WebPage","@id":"https:\/\/trackcable.com\/de\/produkt\/kel-dp-24-17-a-grau\/","url":"https:\/\/trackcable.com\/de\/produkt\/kel-dp-24-17-a-grau\/","name":"Icotek KEL-DP 24\/17 A Kabel-Einstiegsplatte | TrackCable","isPartOf":{"@id":"https:\/\/trackcable.com\/de\/#website"},"primaryImageOfPage":{"@id":"https:\/\/trackcable.com\/de\/produkt\/kel-dp-24-17-a-grau\/#primaryimage"},"image":{"@id":"https:\/\/trackcable.com\/de\/produkt\/kel-dp-24-17-a-grau\/#primaryimage"},"thumbnailUrl":"https:\/\/trackcable.com\/wp-content\/uploads\/2026\/02\/43512-1-1.jpg","datePublished":"2026-02-17T10:53:49+00:00","dateModified":"2026-03-26T12:35:26+00:00","description":"Kaufen Sie Icotek KEL-DP 24\/17 A-Kabelzugangsplatte f\u00fcr effiziente Kabelf\u00fchrung und Abdichtung von Bedientafeln. Schnelle Lieferung verf\u00fcgbar.","breadcrumb":{"@id":"https:\/\/trackcable.com\/de\/produkt\/kel-dp-24-17-a-grau\/#breadcrumb"},"inLanguage":"de","potentialAction":[{"@type":"ReadAction","target":["https:\/\/trackcable.com\/de\/produkt\/kel-dp-24-17-a-grau\/"]}]},{"@type":"ImageObject","inLanguage":"de","@id":"https:\/\/trackcable.com\/de\/produkt\/kel-dp-24-17-a-grau\/#primaryimage","url":"https:\/\/trackcable.com\/wp-content\/uploads\/2026\/02\/43512-1-1.jpg","contentUrl":"https:\/\/trackcable.com\/wp-content\/uploads\/2026\/02\/43512-1-1.jpg","width":300,"height":199,"caption":"Das KEL-DP 24\/17 A \u2013 Graues rechteckiges Tablett verf\u00fcgt \u00fcber 14 gleichm\u00e4\u00dfig verteilte runde F\u00e4cher, die in zwei Reihen zu je sieben angeordnet sind."},{"@type":"BreadcrumbList","@id":"https:\/\/trackcable.com\/de\/produkt\/kel-dp-24-17-a-grau\/#breadcrumb","itemListElement":[{"@type":"ListItem","position":1,"name":"Startseite","item":"https:\/\/trackcable.com\/de\/startseite\/"},{"@type":"ListItem","position":2,"name":"Shop","item":"https:\/\/trackcable.com\/de\/shop\/"},{"@type":"ListItem","position":3,"name":"KEL-DP 24\/17 A \u2013 Grau"}]},{"@type":"WebSite","@id":"https:\/\/trackcable.com\/de\/#website","url":"https:\/\/trackcable.com\/de\/","name":"trackcable.com","description":"Precision in cable management","publisher":{"@id":"https:\/\/trackcable.com\/de\/#organization"},"potentialAction":[{"@type":"SearchAction","target":{"@type":"EntryPoint","urlTemplate":"https:\/\/trackcable.com\/de\/?s={search_term_string}"},"query-input":{"@type":"PropertyValueSpecification","valueRequired":true,"valueName":"search_term_string"}}],"inLanguage":"de"},{"@type":"Organization","@id":"https:\/\/trackcable.com\/de\/#organization","name":"TrackCable | Precision in industrial cable management","url":"https:\/\/trackcable.com\/de\/","logo":{"@type":"ImageObject","inLanguage":"de","@id":"https:\/\/trackcable.com\/de\/#\/schema\/logo\/image\/","url":"https:\/\/trackcable.com\/wp-content\/uploads\/2026\/02\/TrackCable.jpg","contentUrl":"https:\/\/trackcable.com\/wp-content\/uploads\/2026\/02\/TrackCable.jpg","width":600,"height":300,"caption":"TrackCable | Precision in industrial cable management"},"image":{"@id":"https:\/\/trackcable.com\/de\/#\/schema\/logo\/image\/"}}]}},"_links":{"self":[{"href":"https:\/\/trackcable.com\/de\/wp-json\/wp\/v2\/product\/8728","targetHints":{"allow":["GET"]}}],"collection":[{"href":"https:\/\/trackcable.com\/de\/wp-json\/wp\/v2\/product"}],"about":[{"href":"https:\/\/trackcable.com\/de\/wp-json\/wp\/v2\/types\/product"}],"replies":[{"embeddable":true,"href":"https:\/\/trackcable.com\/de\/wp-json\/wp\/v2\/comments?post=8728"}],"version-history":[{"count":1,"href":"https:\/\/trackcable.com\/de\/wp-json\/wp\/v2\/product\/8728\/revisions"}],"predecessor-version":[{"id":12620,"href":"https:\/\/trackcable.com\/de\/wp-json\/wp\/v2\/product\/8728\/revisions\/12620"}],"wp:featuredmedia":[{"embeddable":true,"href":"https:\/\/trackcable.com\/de\/wp-json\/wp\/v2\/media\/8729"}],"wp:attachment":[{"href":"https:\/\/trackcable.com\/de\/wp-json\/wp\/v2\/media?parent=8728"}],"wp:term":[{"taxonomy":"brand","embeddable":true,"href":"https:\/\/trackcable.com\/de\/wp-json\/wp\/v2\/etheme_brands?post=8728"},{"taxonomy":"product_brand","embeddable":true,"href":"https:\/\/trackcable.com\/de\/wp-json\/wp\/v2\/product_brand?post=8728"},{"taxonomy":"product_cat","embeddable":true,"href":"https:\/\/trackcable.com\/de\/wp-json\/wp\/v2\/product_cat?post=8728"},{"taxonomy":"product_tag","embeddable":true,"href":"https:\/\/trackcable.com\/de\/wp-json\/wp\/v2\/product_tag?post=8728"}],"curies":[{"name":"wp","href":"https:\/\/api.w.org\/{rel}","templated":true}]}}