{"id":9194,"date":"2026-02-17T10:58:22","date_gmt":"2026-02-17T10:58:22","guid":{"rendered":"https:\/\/trackcable.com\/product\/kel-dp-24-18-a-schwarz\/"},"modified":"2026-03-26T12:35:23","modified_gmt":"2026-03-26T12:35:23","slug":"kel-dp-24-18-a-schwarz","status":"publish","type":"product","link":"https:\/\/trackcable.com\/de\/produkt\/kel-dp-24-18-a-schwarz\/","title":{"rendered":"KEL-DP 24\/18 A \u2013 Schwarz"},"content":{"rendered":"<h2 data-start=\"109\" data-end=\"135\"><a target=\"_self\" class=\"btn  small\" href=\"https:\/\/www.icotek.com\/Produkte\/PG06%20Kabeldurchf%C3%BChrungen\/KEL-DP\/KEL-DP%2024\/Datenbl%C3%A4tter\/50515_DP-24-18-A_bk.PDF\"><span> Dokumentation<\/span><\/a><\/h2>\n<p>&nbsp;<\/p>\n<p data-start=\"117\" data-end=\"402\">Diese hochwertige Elastomer-Kabel-Einstiegsplatte ist f\u00fcr eine effiziente und sichere Kabelf\u00fchrung in Steuerschr\u00e4nken, Maschinen und Industrieanlagen konzipiert. Hergestellt in Deutschland, bietet es zuverl\u00e4ssige Dichtungsleistung und langlebige Haltbarkeit, selbst in anspruchsvollen Umgebungen. <\/p>\n<p data-start=\"404\" data-end=\"720\">Das flexible Elastomermaterial erm\u00f6glicht es, mehrere Kabeldurchmesser schnell zu installieren, w\u00e4hrend gleichzeitig eine starke Kabelbindung und Schutz vor Staub und Feuchtigkeit gew\u00e4hrleistet bleibt. Mit einer IP-Zertifizierung bis IP64 und einem breiten Betriebstemperaturbereich ist diese Kabelzugangsplatte sowohl f\u00fcr Innen- als auch f\u00fcr Au\u00dfenanwendungen geeignet. <\/p>\n<p data-start=\"722\" data-end=\"842\">Ihre vielseitige Klemmkonfiguration macht sie ideal f\u00fcr Installationen mit mehreren Kabelgr\u00f6\u00dfen auf kompaktem Raum.<\/p>\n<hr data-start=\"844\" data-end=\"847\">\n<h2 data-start=\"849\" data-end=\"870\"><strong data-start=\"852\" data-end=\"870\">Technische Daten<\/strong><\/h2>\n<ul data-start=\"872\" data-end=\"1349\">\n<li data-start=\"872\" data-end=\"897\">\n<p data-start=\"874\" data-end=\"897\"><strong data-start=\"874\" data-end=\"886\">HS-Code:<\/strong> 85472000<\/p>\n<\/li>\n<li data-start=\"898\" data-end=\"932\">\n<p data-start=\"900\" data-end=\"932\"><strong data-start=\"900\" data-end=\"922\">Herkunftsland:<\/strong> Deutschland<\/p>\n<\/li>\n<li data-start=\"933\" data-end=\"960\">\n<p data-start=\"935\" data-end=\"960\"><strong data-start=\"935\" data-end=\"948\">Material:<\/strong> Elastomer<\/p>\n<\/li>\n<li data-start=\"961\" data-end=\"981\">\n<p data-start=\"963\" data-end=\"981\"><strong data-start=\"963\" data-end=\"973\">Farbe:<\/strong> Schwarz<\/p>\n<\/li>\n<li data-start=\"982\" data-end=\"1003\">\n<p data-start=\"984\" data-end=\"1003\"><strong data-start=\"984\" data-end=\"995\">H\u00f6he:<\/strong> 44 mm<\/p>\n<\/li>\n<li data-start=\"1004\" data-end=\"1050\">\n<p data-start=\"1006\" data-end=\"1050\"><strong data-start=\"1006\" data-end=\"1036\">Installationsausschnitt<\/strong> : 36 \u00d7 112 mm<\/p>\n<\/li>\n<li data-start=\"1051\" data-end=\"1072\">\n<p data-start=\"1053\" data-end=\"1072\"><strong data-start=\"1053\" data-end=\"1063\">Breite:<\/strong> 142 mm<\/p>\n<\/li>\n<li data-start=\"1073\" data-end=\"1092\">\n<p data-start=\"1075\" data-end=\"1092\"><strong data-start=\"1075\" data-end=\"1085\">Tiefe:<\/strong> 5 mm<\/p>\n<\/li>\n<li data-start=\"1093\" data-end=\"1191\">\n<p data-start=\"1095\" data-end=\"1116\"><strong data-start=\"1095\" data-end=\"1114\">Spannreichweite:<\/strong><\/p>\n<ul data-start=\"1119\" data-end=\"1191\">\n<li data-start=\"1119\" data-end=\"1134\">\n<p data-start=\"1121\" data-end=\"1134\">4 \u00d7 \u22646,5 mm<\/p>\n<\/li>\n<li data-start=\"1137\" data-end=\"1153\">\n<p data-start=\"1139\" data-end=\"1153\">5 \u00d7 \u226410,5 mm<\/p>\n<\/li>\n<li data-start=\"1156\" data-end=\"1172\">\n<p data-start=\"1158\" data-end=\"1172\">5 \u00d7 \u226412,6 mm<\/p>\n<\/li>\n<li data-start=\"1175\" data-end=\"1191\">\n<p data-start=\"1177\" data-end=\"1191\">4 \u00d7 \u226416,1 mm<\/p>\n<\/li>\n<\/ul>\n<\/li>\n<li data-start=\"1192\" data-end=\"1234\">\n<p data-start=\"1194\" data-end=\"1234\"><strong data-start=\"1194\" data-end=\"1216\">Temperaturbereich:<\/strong> -30\u00b0C bis +100\u00b0C<\/p>\n<\/li>\n<li data-start=\"1235\" data-end=\"1273\">\n<p data-start=\"1237\" data-end=\"1273\"><strong data-start=\"1237\" data-end=\"1259\">Schutzbewertung:<\/strong> IP54 \/ IP64<\/p>\n<\/li>\n<li data-start=\"1274\" data-end=\"1320\">\n<p data-start=\"1276\" data-end=\"1320\"><strong data-start=\"1276\" data-end=\"1288\">Version:<\/strong> A (Wandst\u00e4rke 1,5\u20132,5 mm)<\/p>\n<\/li>\n<li data-start=\"1321\" data-end=\"1349\">\n<p data-start=\"1323\" data-end=\"1349\"><strong data-start=\"1323\" data-end=\"1338\">Nettogewicht:<\/strong> 0,044 kg<\/p>\n<\/li>\n<\/ul>\n","protected":false},"excerpt":{"rendered":"<p>&nbsp; Diese hochwertige Elastomer-Kabel-Einstiegsplatte ist f\u00fcr eine effiziente und sichere Kabelf\u00fchrung in Steuerschr\u00e4nken, Maschinen und Industrieanlagen konzipiert. Hergestellt in Deutschland, bietet es zuverl\u00e4ssige Dichtungsleistung und&#8230;<\/p>\n","protected":false},"featured_media":9195,"comment_status":"open","ping_status":"closed","template":"","meta":[],"etheme_brands":[{"term_id":697,"name":"Icotek","slug":"icotek","term_group":0,"term_taxonomy_id":697,"taxonomy":"brand","description":"Icotek ist ein f\u00fchrender Hersteller innovativer Kabelmanagement- und Einf\u00fchrungsl\u00f6sungen, spezialisiert auf modulare Systeme, die eine schnelle Installation und zuverl\u00e4ssige Abdichtung f\u00fcr industrielle und elektrotechnische Anwendungen weltweit erm\u00f6glichen.","parent":0,"count":125,"filter":"raw"}],"product_brand":[],"product_cat":[277],"product_tag":[],"class_list":{"0":"post-9194","1":"product","2":"type-product","3":"status-publish","4":"has-post-thumbnail","6":"brand-icotek","7":"product_cat-kabeleinfuhrungsplatten","9":"first","10":"instock","11":"sale","12":"taxable","13":"shipping-taxable","14":"purchasable","15":"product-type-simple"},"yoast_head":"<!-- This site is optimized with the Yoast SEO plugin v27.3 - https:\/\/yoast.com\/product\/yoast-seo-wordpress\/ -->\n<title>Icotek KEL-DP 24\/18 A Kabeleingangsplatte | TrackCable<\/title>\n<meta name=\"description\" content=\"Kaufen Sie Icotek KEL-DP 24\/18 A Kabelzugangsplatte f\u00fcr effiziente Kabelf\u00fchrung und Abdichtung von Bedientafeln. Schnelle Lieferung verf\u00fcgbar.\" \/>\n<meta name=\"robots\" content=\"index, follow, max-snippet:-1, max-image-preview:large, max-video-preview:-1\" \/>\n<link rel=\"canonical\" href=\"https:\/\/trackcable.com\/de\/produkt\/kel-dp-24-18-a-schwarz\/\" \/>\n<meta property=\"og:locale\" content=\"de_DE\" \/>\n<meta property=\"og:type\" content=\"article\" \/>\n<meta property=\"og:title\" content=\"Icotek KEL-DP 24\/18 A Kabeleingangsplatte | TrackCable\" \/>\n<meta property=\"og:description\" content=\"Kaufen Sie Icotek KEL-DP 24\/18 A Kabelzugangsplatte f\u00fcr effiziente Kabelf\u00fchrung und Abdichtung von Bedientafeln. Schnelle Lieferung verf\u00fcgbar.\" \/>\n<meta property=\"og:url\" content=\"https:\/\/trackcable.com\/de\/produkt\/kel-dp-24-18-a-schwarz\/\" \/>\n<meta property=\"og:site_name\" content=\"trackcable.com\" \/>\n<meta property=\"article:modified_time\" content=\"2026-03-26T12:35:23+00:00\" \/>\n<meta property=\"og:image\" content=\"https:\/\/trackcable.com\/wp-content\/uploads\/2026\/02\/50515.jpg\" \/>\n\t<meta property=\"og:image:width\" content=\"300\" \/>\n\t<meta property=\"og:image:height\" content=\"199\" \/>\n\t<meta property=\"og:image:type\" content=\"image\/jpeg\" \/>\n<meta name=\"twitter:card\" content=\"summary_large_image\" \/>\n<meta name=\"twitter:label1\" content=\"Gesch\u00e4tzte Lesezeit\" \/>\n\t<meta name=\"twitter:data1\" content=\"1\u00a0Minute\" \/>\n<script type=\"application\/ld+json\" class=\"yoast-schema-graph\">{\"@context\":\"https:\\\/\\\/schema.org\",\"@graph\":[{\"@type\":\"WebPage\",\"@id\":\"https:\\\/\\\/trackcable.com\\\/de\\\/produkt\\\/kel-dp-24-18-a-schwarz\\\/\",\"url\":\"https:\\\/\\\/trackcable.com\\\/de\\\/produkt\\\/kel-dp-24-18-a-schwarz\\\/\",\"name\":\"Icotek KEL-DP 24\\\/18 A Kabeleingangsplatte | TrackCable\",\"isPartOf\":{\"@id\":\"https:\\\/\\\/trackcable.com\\\/de\\\/#website\"},\"primaryImageOfPage\":{\"@id\":\"https:\\\/\\\/trackcable.com\\\/de\\\/produkt\\\/kel-dp-24-18-a-schwarz\\\/#primaryimage\"},\"image\":{\"@id\":\"https:\\\/\\\/trackcable.com\\\/de\\\/produkt\\\/kel-dp-24-18-a-schwarz\\\/#primaryimage\"},\"thumbnailUrl\":\"https:\\\/\\\/trackcable.com\\\/wp-content\\\/uploads\\\/2026\\\/02\\\/50515.jpg\",\"datePublished\":\"2026-02-17T10:58:22+00:00\",\"dateModified\":\"2026-03-26T12:35:23+00:00\",\"description\":\"Kaufen Sie Icotek KEL-DP 24\\\/18 A Kabelzugangsplatte f\u00fcr effiziente Kabelf\u00fchrung und Abdichtung von Bedientafeln. Schnelle Lieferung verf\u00fcgbar.\",\"breadcrumb\":{\"@id\":\"https:\\\/\\\/trackcable.com\\\/de\\\/produkt\\\/kel-dp-24-18-a-schwarz\\\/#breadcrumb\"},\"inLanguage\":\"de\",\"potentialAction\":[{\"@type\":\"ReadAction\",\"target\":[\"https:\\\/\\\/trackcable.com\\\/de\\\/produkt\\\/kel-dp-24-18-a-schwarz\\\/\"]}]},{\"@type\":\"ImageObject\",\"inLanguage\":\"de\",\"@id\":\"https:\\\/\\\/trackcable.com\\\/de\\\/produkt\\\/kel-dp-24-18-a-schwarz\\\/#primaryimage\",\"url\":\"https:\\\/\\\/trackcable.com\\\/wp-content\\\/uploads\\\/2026\\\/02\\\/50515.jpg\",\"contentUrl\":\"https:\\\/\\\/trackcable.com\\\/wp-content\\\/uploads\\\/2026\\\/02\\\/50515.jpg\",\"width\":300,\"height\":199,\"caption\":\"Der KEL-DP 24\\\/18 A - Black ist ein rechteckiger, dunkelgrauer Block mit zwei Reihen unterschiedlich gro\u00dfer, umrandeter Kreise auf der Oberfl\u00e4che.\"},{\"@type\":\"BreadcrumbList\",\"@id\":\"https:\\\/\\\/trackcable.com\\\/de\\\/produkt\\\/kel-dp-24-18-a-schwarz\\\/#breadcrumb\",\"itemListElement\":[{\"@type\":\"ListItem\",\"position\":1,\"name\":\"Startseite\",\"item\":\"https:\\\/\\\/trackcable.com\\\/de\\\/startseite\\\/\"},{\"@type\":\"ListItem\",\"position\":2,\"name\":\"Shop\",\"item\":\"https:\\\/\\\/trackcable.com\\\/de\\\/shop\\\/\"},{\"@type\":\"ListItem\",\"position\":3,\"name\":\"KEL-DP 24\\\/18 A \u2013 Schwarz\"}]},{\"@type\":\"WebSite\",\"@id\":\"https:\\\/\\\/trackcable.com\\\/de\\\/#website\",\"url\":\"https:\\\/\\\/trackcable.com\\\/de\\\/\",\"name\":\"trackcable.com\",\"description\":\"Precision in cable management\",\"publisher\":{\"@id\":\"https:\\\/\\\/trackcable.com\\\/de\\\/#organization\"},\"potentialAction\":[{\"@type\":\"SearchAction\",\"target\":{\"@type\":\"EntryPoint\",\"urlTemplate\":\"https:\\\/\\\/trackcable.com\\\/de\\\/?s={search_term_string}\"},\"query-input\":{\"@type\":\"PropertyValueSpecification\",\"valueRequired\":true,\"valueName\":\"search_term_string\"}}],\"inLanguage\":\"de\"},{\"@type\":\"Organization\",\"@id\":\"https:\\\/\\\/trackcable.com\\\/de\\\/#organization\",\"name\":\"TrackCable | Precision in industrial cable management\",\"url\":\"https:\\\/\\\/trackcable.com\\\/de\\\/\",\"logo\":{\"@type\":\"ImageObject\",\"inLanguage\":\"de\",\"@id\":\"https:\\\/\\\/trackcable.com\\\/de\\\/#\\\/schema\\\/logo\\\/image\\\/\",\"url\":\"https:\\\/\\\/trackcable.com\\\/wp-content\\\/uploads\\\/2026\\\/02\\\/TrackCable.jpg\",\"contentUrl\":\"https:\\\/\\\/trackcable.com\\\/wp-content\\\/uploads\\\/2026\\\/02\\\/TrackCable.jpg\",\"width\":600,\"height\":300,\"caption\":\"TrackCable | Precision in industrial cable management\"},\"image\":{\"@id\":\"https:\\\/\\\/trackcable.com\\\/de\\\/#\\\/schema\\\/logo\\\/image\\\/\"}}]}<\/script>\n<!-- \/ Yoast SEO plugin. -->","yoast_head_json":{"title":"Icotek KEL-DP 24\/18 A Kabeleingangsplatte | TrackCable","description":"Kaufen Sie Icotek KEL-DP 24\/18 A Kabelzugangsplatte f\u00fcr effiziente Kabelf\u00fchrung und Abdichtung von Bedientafeln. Schnelle Lieferung verf\u00fcgbar.","robots":{"index":"index","follow":"follow","max-snippet":"max-snippet:-1","max-image-preview":"max-image-preview:large","max-video-preview":"max-video-preview:-1"},"canonical":"https:\/\/trackcable.com\/de\/produkt\/kel-dp-24-18-a-schwarz\/","og_locale":"de_DE","og_type":"article","og_title":"Icotek KEL-DP 24\/18 A Kabeleingangsplatte | TrackCable","og_description":"Kaufen Sie Icotek KEL-DP 24\/18 A Kabelzugangsplatte f\u00fcr effiziente Kabelf\u00fchrung und Abdichtung von Bedientafeln. Schnelle Lieferung verf\u00fcgbar.","og_url":"https:\/\/trackcable.com\/de\/produkt\/kel-dp-24-18-a-schwarz\/","og_site_name":"trackcable.com","article_modified_time":"2026-03-26T12:35:23+00:00","og_image":[{"width":300,"height":199,"url":"https:\/\/trackcable.com\/wp-content\/uploads\/2026\/02\/50515.jpg","type":"image\/jpeg"}],"twitter_card":"summary_large_image","twitter_misc":{"Gesch\u00e4tzte Lesezeit":"1\u00a0Minute"},"schema":{"@context":"https:\/\/schema.org","@graph":[{"@type":"WebPage","@id":"https:\/\/trackcable.com\/de\/produkt\/kel-dp-24-18-a-schwarz\/","url":"https:\/\/trackcable.com\/de\/produkt\/kel-dp-24-18-a-schwarz\/","name":"Icotek KEL-DP 24\/18 A Kabeleingangsplatte | TrackCable","isPartOf":{"@id":"https:\/\/trackcable.com\/de\/#website"},"primaryImageOfPage":{"@id":"https:\/\/trackcable.com\/de\/produkt\/kel-dp-24-18-a-schwarz\/#primaryimage"},"image":{"@id":"https:\/\/trackcable.com\/de\/produkt\/kel-dp-24-18-a-schwarz\/#primaryimage"},"thumbnailUrl":"https:\/\/trackcable.com\/wp-content\/uploads\/2026\/02\/50515.jpg","datePublished":"2026-02-17T10:58:22+00:00","dateModified":"2026-03-26T12:35:23+00:00","description":"Kaufen Sie Icotek KEL-DP 24\/18 A Kabelzugangsplatte f\u00fcr effiziente Kabelf\u00fchrung und Abdichtung von Bedientafeln. Schnelle Lieferung verf\u00fcgbar.","breadcrumb":{"@id":"https:\/\/trackcable.com\/de\/produkt\/kel-dp-24-18-a-schwarz\/#breadcrumb"},"inLanguage":"de","potentialAction":[{"@type":"ReadAction","target":["https:\/\/trackcable.com\/de\/produkt\/kel-dp-24-18-a-schwarz\/"]}]},{"@type":"ImageObject","inLanguage":"de","@id":"https:\/\/trackcable.com\/de\/produkt\/kel-dp-24-18-a-schwarz\/#primaryimage","url":"https:\/\/trackcable.com\/wp-content\/uploads\/2026\/02\/50515.jpg","contentUrl":"https:\/\/trackcable.com\/wp-content\/uploads\/2026\/02\/50515.jpg","width":300,"height":199,"caption":"Der KEL-DP 24\/18 A - Black ist ein rechteckiger, dunkelgrauer Block mit zwei Reihen unterschiedlich gro\u00dfer, umrandeter Kreise auf der Oberfl\u00e4che."},{"@type":"BreadcrumbList","@id":"https:\/\/trackcable.com\/de\/produkt\/kel-dp-24-18-a-schwarz\/#breadcrumb","itemListElement":[{"@type":"ListItem","position":1,"name":"Startseite","item":"https:\/\/trackcable.com\/de\/startseite\/"},{"@type":"ListItem","position":2,"name":"Shop","item":"https:\/\/trackcable.com\/de\/shop\/"},{"@type":"ListItem","position":3,"name":"KEL-DP 24\/18 A \u2013 Schwarz"}]},{"@type":"WebSite","@id":"https:\/\/trackcable.com\/de\/#website","url":"https:\/\/trackcable.com\/de\/","name":"trackcable.com","description":"Precision in cable management","publisher":{"@id":"https:\/\/trackcable.com\/de\/#organization"},"potentialAction":[{"@type":"SearchAction","target":{"@type":"EntryPoint","urlTemplate":"https:\/\/trackcable.com\/de\/?s={search_term_string}"},"query-input":{"@type":"PropertyValueSpecification","valueRequired":true,"valueName":"search_term_string"}}],"inLanguage":"de"},{"@type":"Organization","@id":"https:\/\/trackcable.com\/de\/#organization","name":"TrackCable | Precision in industrial cable management","url":"https:\/\/trackcable.com\/de\/","logo":{"@type":"ImageObject","inLanguage":"de","@id":"https:\/\/trackcable.com\/de\/#\/schema\/logo\/image\/","url":"https:\/\/trackcable.com\/wp-content\/uploads\/2026\/02\/TrackCable.jpg","contentUrl":"https:\/\/trackcable.com\/wp-content\/uploads\/2026\/02\/TrackCable.jpg","width":600,"height":300,"caption":"TrackCable | Precision in industrial cable management"},"image":{"@id":"https:\/\/trackcable.com\/de\/#\/schema\/logo\/image\/"}}]}},"_links":{"self":[{"href":"https:\/\/trackcable.com\/de\/wp-json\/wp\/v2\/product\/9194","targetHints":{"allow":["GET"]}}],"collection":[{"href":"https:\/\/trackcable.com\/de\/wp-json\/wp\/v2\/product"}],"about":[{"href":"https:\/\/trackcable.com\/de\/wp-json\/wp\/v2\/types\/product"}],"replies":[{"embeddable":true,"href":"https:\/\/trackcable.com\/de\/wp-json\/wp\/v2\/comments?post=9194"}],"version-history":[{"count":1,"href":"https:\/\/trackcable.com\/de\/wp-json\/wp\/v2\/product\/9194\/revisions"}],"predecessor-version":[{"id":12614,"href":"https:\/\/trackcable.com\/de\/wp-json\/wp\/v2\/product\/9194\/revisions\/12614"}],"wp:featuredmedia":[{"embeddable":true,"href":"https:\/\/trackcable.com\/de\/wp-json\/wp\/v2\/media\/9195"}],"wp:attachment":[{"href":"https:\/\/trackcable.com\/de\/wp-json\/wp\/v2\/media?parent=9194"}],"wp:term":[{"taxonomy":"brand","embeddable":true,"href":"https:\/\/trackcable.com\/de\/wp-json\/wp\/v2\/etheme_brands?post=9194"},{"taxonomy":"product_brand","embeddable":true,"href":"https:\/\/trackcable.com\/de\/wp-json\/wp\/v2\/product_brand?post=9194"},{"taxonomy":"product_cat","embeddable":true,"href":"https:\/\/trackcable.com\/de\/wp-json\/wp\/v2\/product_cat?post=9194"},{"taxonomy":"product_tag","embeddable":true,"href":"https:\/\/trackcable.com\/de\/wp-json\/wp\/v2\/product_tag?post=9194"}],"curies":[{"name":"wp","href":"https:\/\/api.w.org\/{rel}","templated":true}]}}