{"id":9286,"date":"2026-02-19T14:18:36","date_gmt":"2026-02-19T14:18:36","guid":{"rendered":"https:\/\/trackcable.com\/product\/pa-gob-29p29\/"},"modified":"2026-03-26T12:38:59","modified_gmt":"2026-03-26T12:38:59","slug":"pa-gob-29p29","status":"publish","type":"product","link":"https:\/\/trackcable.com\/de\/produkt\/pa-gob-29p29\/","title":{"rendered":"PA-GOB-29P29"},"content":{"rendered":"<p><strong data-start=\"31\" data-end=\"90\">DER REIKU\u00ae PA-GOB-29P29 Geradestecker mit Innengewinde<\/strong> ist eine robuste Polyamid-Rohrverbindung, die gewelltes Schutzrohr der Gr\u00f6\u00dfe <strong data-start=\"185\" data-end=\"193\" data-is-only-node=\"\">NW29<\/strong> mit Bauteilen mit einem <strong data-start=\"215\" data-end=\"235\">PG29-Au\u00dfengewinde<\/strong> verbindet. Er bietet eine sichere, vibrationsresistente Verbindung mit hoher mechanischer Festigkeit, ausgezeichneter Verschlei\u00dffestigkeit sowie guter Best\u00e4ndigkeit gegen Chemikalien und Temperaturschwankungen. Ideal f\u00fcr Maschinen, Automatisierung und industrielle Installationen, die zuverl\u00e4ssigen Kabelschutz und eine lange Lebensdauer ben\u00f6tigen.  <\/p>\n","protected":false},"excerpt":{"rendered":"<p>DER REIKU\u00ae PA-GOB-29P29 Geradestecker mit Innengewinde ist eine robuste Polyamid-Rohrverbindung, die gewelltes Schutzrohr der Gr\u00f6\u00dfe NW29 mit Bauteilen mit einem PG29-Au\u00dfengewinde verbindet. Er bietet eine&#8230;<\/p>\n","protected":false},"featured_media":8293,"comment_status":"open","ping_status":"closed","template":"","meta":[],"etheme_brands":[],"product_brand":[],"product_cat":[283],"product_tag":[],"class_list":{"0":"post-9286","1":"product","2":"type-product","3":"status-publish","4":"has-post-thumbnail","6":"product_cat-verbinder","8":"first","9":"instock","10":"taxable","11":"shipping-taxable","12":"purchasable","13":"product-type-simple"},"yoast_head":"<!-- This site is optimized with the Yoast SEO plugin v27.3 - https:\/\/yoast.com\/product\/yoast-seo-wordpress\/ -->\n<title>Reiku PA-GOB-29P29 Rohrstecker | TrackCable<\/title>\n<meta name=\"description\" content=\"Kaufen Sie einen Reiku PA-GOB-29P29 Rohrstecker f\u00fcr sichere und zuverl\u00e4ssige Kabelverbindungen in industriellen Anwendungen. Schnelle Lieferung verf\u00fcgbar.\" \/>\n<meta name=\"robots\" content=\"index, follow, max-snippet:-1, max-image-preview:large, max-video-preview:-1\" \/>\n<link rel=\"canonical\" href=\"https:\/\/trackcable.com\/de\/produkt\/pa-gob-29p29\/\" \/>\n<meta property=\"og:locale\" content=\"de_DE\" \/>\n<meta property=\"og:type\" content=\"article\" \/>\n<meta property=\"og:title\" content=\"Reiku PA-GOB-29P29 Rohrstecker | TrackCable\" \/>\n<meta property=\"og:description\" content=\"Kaufen Sie einen Reiku PA-GOB-29P29 Rohrstecker f\u00fcr sichere und zuverl\u00e4ssige Kabelverbindungen in industriellen Anwendungen. Schnelle Lieferung verf\u00fcgbar.\" \/>\n<meta property=\"og:url\" content=\"https:\/\/trackcable.com\/de\/produkt\/pa-gob-29p29\/\" \/>\n<meta property=\"og:site_name\" content=\"trackcable.com\" \/>\n<meta property=\"article:modified_time\" content=\"2026-03-26T12:38:59+00:00\" \/>\n<meta property=\"og:image\" content=\"https:\/\/trackcable.com\/wp-content\/uploads\/2026\/02\/PA-GOB.jpg\" \/>\n\t<meta property=\"og:image:width\" content=\"300\" \/>\n\t<meta property=\"og:image:height\" content=\"199\" \/>\n\t<meta property=\"og:image:type\" content=\"image\/jpeg\" \/>\n<meta name=\"twitter:card\" content=\"summary_large_image\" \/>\n<script type=\"application\/ld+json\" class=\"yoast-schema-graph\">{\"@context\":\"https:\\\/\\\/schema.org\",\"@graph\":[{\"@type\":\"WebPage\",\"@id\":\"https:\\\/\\\/trackcable.com\\\/de\\\/produkt\\\/pa-gob-29p29\\\/\",\"url\":\"https:\\\/\\\/trackcable.com\\\/de\\\/produkt\\\/pa-gob-29p29\\\/\",\"name\":\"Reiku PA-GOB-29P29 Rohrstecker | TrackCable\",\"isPartOf\":{\"@id\":\"https:\\\/\\\/trackcable.com\\\/de\\\/#website\"},\"primaryImageOfPage\":{\"@id\":\"https:\\\/\\\/trackcable.com\\\/de\\\/produkt\\\/pa-gob-29p29\\\/#primaryimage\"},\"image\":{\"@id\":\"https:\\\/\\\/trackcable.com\\\/de\\\/produkt\\\/pa-gob-29p29\\\/#primaryimage\"},\"thumbnailUrl\":\"https:\\\/\\\/trackcable.com\\\/wp-content\\\/uploads\\\/2026\\\/02\\\/PA-GOB.jpg\",\"datePublished\":\"2026-02-19T14:18:36+00:00\",\"dateModified\":\"2026-03-26T12:38:59+00:00\",\"description\":\"Kaufen Sie einen Reiku PA-GOB-29P29 Rohrstecker f\u00fcr sichere und zuverl\u00e4ssige Kabelverbindungen in industriellen Anwendungen. Schnelle Lieferung verf\u00fcgbar.\",\"breadcrumb\":{\"@id\":\"https:\\\/\\\/trackcable.com\\\/de\\\/produkt\\\/pa-gob-29p29\\\/#breadcrumb\"},\"inLanguage\":\"de\",\"potentialAction\":[{\"@type\":\"ReadAction\",\"target\":[\"https:\\\/\\\/trackcable.com\\\/de\\\/produkt\\\/pa-gob-29p29\\\/\"]}]},{\"@type\":\"ImageObject\",\"inLanguage\":\"de\",\"@id\":\"https:\\\/\\\/trackcable.com\\\/de\\\/produkt\\\/pa-gob-29p29\\\/#primaryimage\",\"url\":\"https:\\\/\\\/trackcable.com\\\/wp-content\\\/uploads\\\/2026\\\/02\\\/PA-GOB.jpg\",\"contentUrl\":\"https:\\\/\\\/trackcable.com\\\/wp-content\\\/uploads\\\/2026\\\/02\\\/PA-GOB.jpg\",\"width\":300,\"height\":199,\"caption\":\"Der PA-GOB-17M20 ist ein schwarzer Kunststoffgewinde-Rohrstecker mit sechseckigem Flansch und zylindrischem Geh\u00e4use, der zum Befestigen von Rohren an Sicherungskasten oder Geh\u00e4usen konzipiert ist.\"},{\"@type\":\"BreadcrumbList\",\"@id\":\"https:\\\/\\\/trackcable.com\\\/de\\\/produkt\\\/pa-gob-29p29\\\/#breadcrumb\",\"itemListElement\":[{\"@type\":\"ListItem\",\"position\":1,\"name\":\"Startseite\",\"item\":\"https:\\\/\\\/trackcable.com\\\/de\\\/startseite\\\/\"},{\"@type\":\"ListItem\",\"position\":2,\"name\":\"Shop\",\"item\":\"https:\\\/\\\/trackcable.com\\\/de\\\/shop\\\/\"},{\"@type\":\"ListItem\",\"position\":3,\"name\":\"PA-GOB-29P29\"}]},{\"@type\":\"WebSite\",\"@id\":\"https:\\\/\\\/trackcable.com\\\/de\\\/#website\",\"url\":\"https:\\\/\\\/trackcable.com\\\/de\\\/\",\"name\":\"trackcable.com\",\"description\":\"Precision in cable management\",\"publisher\":{\"@id\":\"https:\\\/\\\/trackcable.com\\\/de\\\/#organization\"},\"potentialAction\":[{\"@type\":\"SearchAction\",\"target\":{\"@type\":\"EntryPoint\",\"urlTemplate\":\"https:\\\/\\\/trackcable.com\\\/de\\\/?s={search_term_string}\"},\"query-input\":{\"@type\":\"PropertyValueSpecification\",\"valueRequired\":true,\"valueName\":\"search_term_string\"}}],\"inLanguage\":\"de\"},{\"@type\":\"Organization\",\"@id\":\"https:\\\/\\\/trackcable.com\\\/de\\\/#organization\",\"name\":\"TrackCable | Precision in industrial cable management\",\"url\":\"https:\\\/\\\/trackcable.com\\\/de\\\/\",\"logo\":{\"@type\":\"ImageObject\",\"inLanguage\":\"de\",\"@id\":\"https:\\\/\\\/trackcable.com\\\/de\\\/#\\\/schema\\\/logo\\\/image\\\/\",\"url\":\"https:\\\/\\\/trackcable.com\\\/wp-content\\\/uploads\\\/2026\\\/02\\\/TrackCable.jpg\",\"contentUrl\":\"https:\\\/\\\/trackcable.com\\\/wp-content\\\/uploads\\\/2026\\\/02\\\/TrackCable.jpg\",\"width\":600,\"height\":300,\"caption\":\"TrackCable | Precision in industrial cable management\"},\"image\":{\"@id\":\"https:\\\/\\\/trackcable.com\\\/de\\\/#\\\/schema\\\/logo\\\/image\\\/\"}}]}<\/script>\n<!-- \/ Yoast SEO plugin. -->","yoast_head_json":{"title":"Reiku PA-GOB-29P29 Rohrstecker | TrackCable","description":"Kaufen Sie einen Reiku PA-GOB-29P29 Rohrstecker f\u00fcr sichere und zuverl\u00e4ssige Kabelverbindungen in industriellen Anwendungen. Schnelle Lieferung verf\u00fcgbar.","robots":{"index":"index","follow":"follow","max-snippet":"max-snippet:-1","max-image-preview":"max-image-preview:large","max-video-preview":"max-video-preview:-1"},"canonical":"https:\/\/trackcable.com\/de\/produkt\/pa-gob-29p29\/","og_locale":"de_DE","og_type":"article","og_title":"Reiku PA-GOB-29P29 Rohrstecker | TrackCable","og_description":"Kaufen Sie einen Reiku PA-GOB-29P29 Rohrstecker f\u00fcr sichere und zuverl\u00e4ssige Kabelverbindungen in industriellen Anwendungen. Schnelle Lieferung verf\u00fcgbar.","og_url":"https:\/\/trackcable.com\/de\/produkt\/pa-gob-29p29\/","og_site_name":"trackcable.com","article_modified_time":"2026-03-26T12:38:59+00:00","og_image":[{"width":300,"height":199,"url":"https:\/\/trackcable.com\/wp-content\/uploads\/2026\/02\/PA-GOB.jpg","type":"image\/jpeg"}],"twitter_card":"summary_large_image","schema":{"@context":"https:\/\/schema.org","@graph":[{"@type":"WebPage","@id":"https:\/\/trackcable.com\/de\/produkt\/pa-gob-29p29\/","url":"https:\/\/trackcable.com\/de\/produkt\/pa-gob-29p29\/","name":"Reiku PA-GOB-29P29 Rohrstecker | TrackCable","isPartOf":{"@id":"https:\/\/trackcable.com\/de\/#website"},"primaryImageOfPage":{"@id":"https:\/\/trackcable.com\/de\/produkt\/pa-gob-29p29\/#primaryimage"},"image":{"@id":"https:\/\/trackcable.com\/de\/produkt\/pa-gob-29p29\/#primaryimage"},"thumbnailUrl":"https:\/\/trackcable.com\/wp-content\/uploads\/2026\/02\/PA-GOB.jpg","datePublished":"2026-02-19T14:18:36+00:00","dateModified":"2026-03-26T12:38:59+00:00","description":"Kaufen Sie einen Reiku PA-GOB-29P29 Rohrstecker f\u00fcr sichere und zuverl\u00e4ssige Kabelverbindungen in industriellen Anwendungen. Schnelle Lieferung verf\u00fcgbar.","breadcrumb":{"@id":"https:\/\/trackcable.com\/de\/produkt\/pa-gob-29p29\/#breadcrumb"},"inLanguage":"de","potentialAction":[{"@type":"ReadAction","target":["https:\/\/trackcable.com\/de\/produkt\/pa-gob-29p29\/"]}]},{"@type":"ImageObject","inLanguage":"de","@id":"https:\/\/trackcable.com\/de\/produkt\/pa-gob-29p29\/#primaryimage","url":"https:\/\/trackcable.com\/wp-content\/uploads\/2026\/02\/PA-GOB.jpg","contentUrl":"https:\/\/trackcable.com\/wp-content\/uploads\/2026\/02\/PA-GOB.jpg","width":300,"height":199,"caption":"Der PA-GOB-17M20 ist ein schwarzer Kunststoffgewinde-Rohrstecker mit sechseckigem Flansch und zylindrischem Geh\u00e4use, der zum Befestigen von Rohren an Sicherungskasten oder Geh\u00e4usen konzipiert ist."},{"@type":"BreadcrumbList","@id":"https:\/\/trackcable.com\/de\/produkt\/pa-gob-29p29\/#breadcrumb","itemListElement":[{"@type":"ListItem","position":1,"name":"Startseite","item":"https:\/\/trackcable.com\/de\/startseite\/"},{"@type":"ListItem","position":2,"name":"Shop","item":"https:\/\/trackcable.com\/de\/shop\/"},{"@type":"ListItem","position":3,"name":"PA-GOB-29P29"}]},{"@type":"WebSite","@id":"https:\/\/trackcable.com\/de\/#website","url":"https:\/\/trackcable.com\/de\/","name":"trackcable.com","description":"Precision in cable management","publisher":{"@id":"https:\/\/trackcable.com\/de\/#organization"},"potentialAction":[{"@type":"SearchAction","target":{"@type":"EntryPoint","urlTemplate":"https:\/\/trackcable.com\/de\/?s={search_term_string}"},"query-input":{"@type":"PropertyValueSpecification","valueRequired":true,"valueName":"search_term_string"}}],"inLanguage":"de"},{"@type":"Organization","@id":"https:\/\/trackcable.com\/de\/#organization","name":"TrackCable | Precision in industrial cable management","url":"https:\/\/trackcable.com\/de\/","logo":{"@type":"ImageObject","inLanguage":"de","@id":"https:\/\/trackcable.com\/de\/#\/schema\/logo\/image\/","url":"https:\/\/trackcable.com\/wp-content\/uploads\/2026\/02\/TrackCable.jpg","contentUrl":"https:\/\/trackcable.com\/wp-content\/uploads\/2026\/02\/TrackCable.jpg","width":600,"height":300,"caption":"TrackCable | Precision in industrial cable management"},"image":{"@id":"https:\/\/trackcable.com\/de\/#\/schema\/logo\/image\/"}}]}},"_links":{"self":[{"href":"https:\/\/trackcable.com\/de\/wp-json\/wp\/v2\/product\/9286","targetHints":{"allow":["GET"]}}],"collection":[{"href":"https:\/\/trackcable.com\/de\/wp-json\/wp\/v2\/product"}],"about":[{"href":"https:\/\/trackcable.com\/de\/wp-json\/wp\/v2\/types\/product"}],"replies":[{"embeddable":true,"href":"https:\/\/trackcable.com\/de\/wp-json\/wp\/v2\/comments?post=9286"}],"version-history":[{"count":1,"href":"https:\/\/trackcable.com\/de\/wp-json\/wp\/v2\/product\/9286\/revisions"}],"predecessor-version":[{"id":12973,"href":"https:\/\/trackcable.com\/de\/wp-json\/wp\/v2\/product\/9286\/revisions\/12973"}],"wp:featuredmedia":[{"embeddable":true,"href":"https:\/\/trackcable.com\/de\/wp-json\/wp\/v2\/media\/8293"}],"wp:attachment":[{"href":"https:\/\/trackcable.com\/de\/wp-json\/wp\/v2\/media?parent=9286"}],"wp:term":[{"taxonomy":"brand","embeddable":true,"href":"https:\/\/trackcable.com\/de\/wp-json\/wp\/v2\/etheme_brands?post=9286"},{"taxonomy":"product_brand","embeddable":true,"href":"https:\/\/trackcable.com\/de\/wp-json\/wp\/v2\/product_brand?post=9286"},{"taxonomy":"product_cat","embeddable":true,"href":"https:\/\/trackcable.com\/de\/wp-json\/wp\/v2\/product_cat?post=9286"},{"taxonomy":"product_tag","embeddable":true,"href":"https:\/\/trackcable.com\/de\/wp-json\/wp\/v2\/product_tag?post=9286"}],"curies":[{"name":"wp","href":"https:\/\/api.w.org\/{rel}","templated":true}]}}