{"id":9317,"date":"2026-02-19T10:40:29","date_gmt":"2026-02-19T10:40:29","guid":{"rendered":"https:\/\/trackcable.com\/product\/teiler-1665-ts\/"},"modified":"2026-03-26T13:58:54","modified_gmt":"2026-03-26T13:58:54","slug":"teiler-1665-ts","status":"publish","type":"product","link":"https:\/\/trackcable.com\/de\/produkt\/teiler-1665-ts\/","title":{"rendered":"Teiler \u2013 1665-TS"},"content":{"rendered":"<p><strong data-start=\"0\" data-end=\"21\" data-is-only-node=\"\">Trennsteg \u2013 1665 TS<\/strong> ist ein praktischer Kabelteiler f\u00fcr den Einsatz in der <span class=\"hover:entity-accent entity-underline inline cursor-pointer align-baseline\"><span class=\"whitespace-normal\">TSUBAKI KABELSCHLEPP<\/span><\/span> Uniflex Advanced 1665 Energiekette. Dieser Trennsteg h\u00e4lt Kabel und Schl\u00e4uche innerhalb der Energiekette sauber getrennt, verhindert Verheddern, reduziert Verschlei\u00df und verbessert die gesamte Kabelf\u00fchrung in dynamischen Anwendungen. Einfach zu installieren und langlebig, tr\u00e4gt er dazu bei, die Lebensdauer der Kabel zu verl\u00e4ngern und eine organisierte Verlegung aufrechtzuerhalten.  <\/p>\n","protected":false},"excerpt":{"rendered":"<p><span style=\"font-size: 12px; line-height: 1.2; display: block;\"><br \/>\nKabeltr\u00e4gerteiler<br \/>\n<\/span><\/p>\n","protected":false},"featured_media":9319,"comment_status":"open","ping_status":"closed","template":"","meta":[],"etheme_brands":[],"product_brand":[],"product_cat":[286],"product_tag":[],"class_list":{"0":"post-9317","1":"product","2":"type-product","3":"status-publish","4":"has-post-thumbnail","6":"product_cat-trennstege","8":"first","9":"instock","10":"taxable","11":"shipping-taxable","12":"purchasable","13":"product-type-simple"},"yoast_head":"<!-- This site is optimized with the Yoast SEO plugin v27.3 - https:\/\/yoast.com\/product\/yoast-seo-wordpress\/ -->\n<title>Kabelschlepp 1665-TS Trenner | TrackCable<\/title>\n<meta name=\"description\" content=\"Kaufen Sie Kabelschlepp 1665-TS Trennsteg f\u00fcr organisierte Kabelf\u00fchrung in Energiekettensystemen. Schnelle Lieferung verf\u00fcgbar.\" \/>\n<meta name=\"robots\" content=\"index, follow, max-snippet:-1, max-image-preview:large, max-video-preview:-1\" \/>\n<link rel=\"canonical\" href=\"https:\/\/trackcable.com\/de\/produkt\/teiler-1665-ts\/\" \/>\n<meta property=\"og:locale\" content=\"de_DE\" \/>\n<meta property=\"og:type\" content=\"article\" \/>\n<meta property=\"og:title\" content=\"Kabelschlepp 1665-TS Trenner | TrackCable\" \/>\n<meta property=\"og:description\" content=\"Kaufen Sie Kabelschlepp 1665-TS Trennsteg f\u00fcr organisierte Kabelf\u00fchrung in Energiekettensystemen. Schnelle Lieferung verf\u00fcgbar.\" \/>\n<meta property=\"og:url\" content=\"https:\/\/trackcable.com\/de\/produkt\/teiler-1665-ts\/\" \/>\n<meta property=\"og:site_name\" content=\"trackcable.com\" \/>\n<meta property=\"article:modified_time\" content=\"2026-03-26T13:58:54+00:00\" \/>\n<meta property=\"og:image\" content=\"https:\/\/trackcable.com\/wp-content\/uploads\/2026\/02\/Divider-1555.jpg\" \/>\n\t<meta property=\"og:image:width\" content=\"300\" \/>\n\t<meta property=\"og:image:height\" content=\"199\" \/>\n\t<meta property=\"og:image:type\" content=\"image\/jpeg\" \/>\n<meta name=\"twitter:card\" content=\"summary_large_image\" \/>\n<script type=\"application\/ld+json\" class=\"yoast-schema-graph\">{\"@context\":\"https:\\\/\\\/schema.org\",\"@graph\":[{\"@type\":\"WebPage\",\"@id\":\"https:\\\/\\\/trackcable.com\\\/de\\\/produkt\\\/teiler-1665-ts\\\/\",\"url\":\"https:\\\/\\\/trackcable.com\\\/de\\\/produkt\\\/teiler-1665-ts\\\/\",\"name\":\"Kabelschlepp 1665-TS Trenner | TrackCable\",\"isPartOf\":{\"@id\":\"https:\\\/\\\/trackcable.com\\\/de\\\/#website\"},\"primaryImageOfPage\":{\"@id\":\"https:\\\/\\\/trackcable.com\\\/de\\\/produkt\\\/teiler-1665-ts\\\/#primaryimage\"},\"image\":{\"@id\":\"https:\\\/\\\/trackcable.com\\\/de\\\/produkt\\\/teiler-1665-ts\\\/#primaryimage\"},\"thumbnailUrl\":\"https:\\\/\\\/trackcable.com\\\/wp-content\\\/uploads\\\/2026\\\/02\\\/Divider-1555.jpg\",\"datePublished\":\"2026-02-19T10:40:29+00:00\",\"dateModified\":\"2026-03-26T13:58:54+00:00\",\"description\":\"Kaufen Sie Kabelschlepp 1665-TS Trennsteg f\u00fcr organisierte Kabelf\u00fchrung in Energiekettensystemen. Schnelle Lieferung verf\u00fcgbar.\",\"breadcrumb\":{\"@id\":\"https:\\\/\\\/trackcable.com\\\/de\\\/produkt\\\/teiler-1665-ts\\\/#breadcrumb\"},\"inLanguage\":\"de\",\"potentialAction\":[{\"@type\":\"ReadAction\",\"target\":[\"https:\\\/\\\/trackcable.com\\\/de\\\/produkt\\\/teiler-1665-ts\\\/\"]}]},{\"@type\":\"ImageObject\",\"inLanguage\":\"de\",\"@id\":\"https:\\\/\\\/trackcable.com\\\/de\\\/produkt\\\/teiler-1665-ts\\\/#primaryimage\",\"url\":\"https:\\\/\\\/trackcable.com\\\/wp-content\\\/uploads\\\/2026\\\/02\\\/Divider-1555.jpg\",\"contentUrl\":\"https:\\\/\\\/trackcable.com\\\/wp-content\\\/uploads\\\/2026\\\/02\\\/Divider-1555.jpg\",\"width\":300,\"height\":199,\"caption\":\"Ein 3D-gerendertes Bild des Teilers \u2013 1555-TS, eine rechteckige, aufrechte Metallhalterung mit vier zentralen horizontalen Schlitzen und verdickten Enden oben und unten.\"},{\"@type\":\"BreadcrumbList\",\"@id\":\"https:\\\/\\\/trackcable.com\\\/de\\\/produkt\\\/teiler-1665-ts\\\/#breadcrumb\",\"itemListElement\":[{\"@type\":\"ListItem\",\"position\":1,\"name\":\"Startseite\",\"item\":\"https:\\\/\\\/trackcable.com\\\/de\\\/startseite\\\/\"},{\"@type\":\"ListItem\",\"position\":2,\"name\":\"Shop\",\"item\":\"https:\\\/\\\/trackcable.com\\\/de\\\/shop\\\/\"},{\"@type\":\"ListItem\",\"position\":3,\"name\":\"Teiler \u2013 1665-TS\"}]},{\"@type\":\"WebSite\",\"@id\":\"https:\\\/\\\/trackcable.com\\\/de\\\/#website\",\"url\":\"https:\\\/\\\/trackcable.com\\\/de\\\/\",\"name\":\"trackcable.com\",\"description\":\"Precision in cable management\",\"publisher\":{\"@id\":\"https:\\\/\\\/trackcable.com\\\/de\\\/#organization\"},\"potentialAction\":[{\"@type\":\"SearchAction\",\"target\":{\"@type\":\"EntryPoint\",\"urlTemplate\":\"https:\\\/\\\/trackcable.com\\\/de\\\/?s={search_term_string}\"},\"query-input\":{\"@type\":\"PropertyValueSpecification\",\"valueRequired\":true,\"valueName\":\"search_term_string\"}}],\"inLanguage\":\"de\"},{\"@type\":\"Organization\",\"@id\":\"https:\\\/\\\/trackcable.com\\\/de\\\/#organization\",\"name\":\"TrackCable | Precision in industrial cable management\",\"url\":\"https:\\\/\\\/trackcable.com\\\/de\\\/\",\"logo\":{\"@type\":\"ImageObject\",\"inLanguage\":\"de\",\"@id\":\"https:\\\/\\\/trackcable.com\\\/de\\\/#\\\/schema\\\/logo\\\/image\\\/\",\"url\":\"https:\\\/\\\/trackcable.com\\\/wp-content\\\/uploads\\\/2026\\\/02\\\/TrackCable.jpg\",\"contentUrl\":\"https:\\\/\\\/trackcable.com\\\/wp-content\\\/uploads\\\/2026\\\/02\\\/TrackCable.jpg\",\"width\":600,\"height\":300,\"caption\":\"TrackCable | Precision in industrial cable management\"},\"image\":{\"@id\":\"https:\\\/\\\/trackcable.com\\\/de\\\/#\\\/schema\\\/logo\\\/image\\\/\"}}]}<\/script>\n<!-- \/ Yoast SEO plugin. -->","yoast_head_json":{"title":"Kabelschlepp 1665-TS Trenner | TrackCable","description":"Kaufen Sie Kabelschlepp 1665-TS Trennsteg f\u00fcr organisierte Kabelf\u00fchrung in Energiekettensystemen. Schnelle Lieferung verf\u00fcgbar.","robots":{"index":"index","follow":"follow","max-snippet":"max-snippet:-1","max-image-preview":"max-image-preview:large","max-video-preview":"max-video-preview:-1"},"canonical":"https:\/\/trackcable.com\/de\/produkt\/teiler-1665-ts\/","og_locale":"de_DE","og_type":"article","og_title":"Kabelschlepp 1665-TS Trenner | TrackCable","og_description":"Kaufen Sie Kabelschlepp 1665-TS Trennsteg f\u00fcr organisierte Kabelf\u00fchrung in Energiekettensystemen. Schnelle Lieferung verf\u00fcgbar.","og_url":"https:\/\/trackcable.com\/de\/produkt\/teiler-1665-ts\/","og_site_name":"trackcable.com","article_modified_time":"2026-03-26T13:58:54+00:00","og_image":[{"width":300,"height":199,"url":"https:\/\/trackcable.com\/wp-content\/uploads\/2026\/02\/Divider-1555.jpg","type":"image\/jpeg"}],"twitter_card":"summary_large_image","schema":{"@context":"https:\/\/schema.org","@graph":[{"@type":"WebPage","@id":"https:\/\/trackcable.com\/de\/produkt\/teiler-1665-ts\/","url":"https:\/\/trackcable.com\/de\/produkt\/teiler-1665-ts\/","name":"Kabelschlepp 1665-TS Trenner | TrackCable","isPartOf":{"@id":"https:\/\/trackcable.com\/de\/#website"},"primaryImageOfPage":{"@id":"https:\/\/trackcable.com\/de\/produkt\/teiler-1665-ts\/#primaryimage"},"image":{"@id":"https:\/\/trackcable.com\/de\/produkt\/teiler-1665-ts\/#primaryimage"},"thumbnailUrl":"https:\/\/trackcable.com\/wp-content\/uploads\/2026\/02\/Divider-1555.jpg","datePublished":"2026-02-19T10:40:29+00:00","dateModified":"2026-03-26T13:58:54+00:00","description":"Kaufen Sie Kabelschlepp 1665-TS Trennsteg f\u00fcr organisierte Kabelf\u00fchrung in Energiekettensystemen. Schnelle Lieferung verf\u00fcgbar.","breadcrumb":{"@id":"https:\/\/trackcable.com\/de\/produkt\/teiler-1665-ts\/#breadcrumb"},"inLanguage":"de","potentialAction":[{"@type":"ReadAction","target":["https:\/\/trackcable.com\/de\/produkt\/teiler-1665-ts\/"]}]},{"@type":"ImageObject","inLanguage":"de","@id":"https:\/\/trackcable.com\/de\/produkt\/teiler-1665-ts\/#primaryimage","url":"https:\/\/trackcable.com\/wp-content\/uploads\/2026\/02\/Divider-1555.jpg","contentUrl":"https:\/\/trackcable.com\/wp-content\/uploads\/2026\/02\/Divider-1555.jpg","width":300,"height":199,"caption":"Ein 3D-gerendertes Bild des Teilers \u2013 1555-TS, eine rechteckige, aufrechte Metallhalterung mit vier zentralen horizontalen Schlitzen und verdickten Enden oben und unten."},{"@type":"BreadcrumbList","@id":"https:\/\/trackcable.com\/de\/produkt\/teiler-1665-ts\/#breadcrumb","itemListElement":[{"@type":"ListItem","position":1,"name":"Startseite","item":"https:\/\/trackcable.com\/de\/startseite\/"},{"@type":"ListItem","position":2,"name":"Shop","item":"https:\/\/trackcable.com\/de\/shop\/"},{"@type":"ListItem","position":3,"name":"Teiler \u2013 1665-TS"}]},{"@type":"WebSite","@id":"https:\/\/trackcable.com\/de\/#website","url":"https:\/\/trackcable.com\/de\/","name":"trackcable.com","description":"Precision in cable management","publisher":{"@id":"https:\/\/trackcable.com\/de\/#organization"},"potentialAction":[{"@type":"SearchAction","target":{"@type":"EntryPoint","urlTemplate":"https:\/\/trackcable.com\/de\/?s={search_term_string}"},"query-input":{"@type":"PropertyValueSpecification","valueRequired":true,"valueName":"search_term_string"}}],"inLanguage":"de"},{"@type":"Organization","@id":"https:\/\/trackcable.com\/de\/#organization","name":"TrackCable | Precision in industrial cable management","url":"https:\/\/trackcable.com\/de\/","logo":{"@type":"ImageObject","inLanguage":"de","@id":"https:\/\/trackcable.com\/de\/#\/schema\/logo\/image\/","url":"https:\/\/trackcable.com\/wp-content\/uploads\/2026\/02\/TrackCable.jpg","contentUrl":"https:\/\/trackcable.com\/wp-content\/uploads\/2026\/02\/TrackCable.jpg","width":600,"height":300,"caption":"TrackCable | Precision in industrial cable management"},"image":{"@id":"https:\/\/trackcable.com\/de\/#\/schema\/logo\/image\/"}}]}},"_links":{"self":[{"href":"https:\/\/trackcable.com\/de\/wp-json\/wp\/v2\/product\/9317","targetHints":{"allow":["GET"]}}],"collection":[{"href":"https:\/\/trackcable.com\/de\/wp-json\/wp\/v2\/product"}],"about":[{"href":"https:\/\/trackcable.com\/de\/wp-json\/wp\/v2\/types\/product"}],"replies":[{"embeddable":true,"href":"https:\/\/trackcable.com\/de\/wp-json\/wp\/v2\/comments?post=9317"}],"version-history":[{"count":1,"href":"https:\/\/trackcable.com\/de\/wp-json\/wp\/v2\/product\/9317\/revisions"}],"predecessor-version":[{"id":13460,"href":"https:\/\/trackcable.com\/de\/wp-json\/wp\/v2\/product\/9317\/revisions\/13460"}],"wp:featuredmedia":[{"embeddable":true,"href":"https:\/\/trackcable.com\/de\/wp-json\/wp\/v2\/media\/9319"}],"wp:attachment":[{"href":"https:\/\/trackcable.com\/de\/wp-json\/wp\/v2\/media?parent=9317"}],"wp:term":[{"taxonomy":"brand","embeddable":true,"href":"https:\/\/trackcable.com\/de\/wp-json\/wp\/v2\/etheme_brands?post=9317"},{"taxonomy":"product_brand","embeddable":true,"href":"https:\/\/trackcable.com\/de\/wp-json\/wp\/v2\/product_brand?post=9317"},{"taxonomy":"product_cat","embeddable":true,"href":"https:\/\/trackcable.com\/de\/wp-json\/wp\/v2\/product_cat?post=9317"},{"taxonomy":"product_tag","embeddable":true,"href":"https:\/\/trackcable.com\/de\/wp-json\/wp\/v2\/product_tag?post=9317"}],"curies":[{"name":"wp","href":"https:\/\/api.w.org\/{rel}","templated":true}]}}