{"id":9730,"date":"2026-02-17T11:32:17","date_gmt":"2026-02-17T11:32:17","guid":{"rendered":"https:\/\/trackcable.com\/product\/kel-dpu-24-14-grau\/"},"modified":"2026-03-26T12:35:15","modified_gmt":"2026-03-26T12:35:15","slug":"kel-dpu-24-14-grau","status":"publish","type":"product","link":"https:\/\/trackcable.com\/de\/produkt\/kel-dpu-24-14-grau\/","title":{"rendered":"KEL-DPU 24\/14 \u2013 Grau"},"content":{"rendered":"<h2 data-start=\"109\" data-end=\"135\"><a target=\"_blank\" class=\"btn  small\" href=\"https:\/\/www.icotek.com\/Produkte\/PG06%20Kabeldurchf%C3%BChrungen\/KEL-DPU\/KEL-DPU%2024\/Datenbl%C3%A4tter\/43944_KEL-DPU-24-14_gy.PDF\"><span> Dokumentation<\/span><\/a><\/h2>\n<p>&nbsp;<\/p>\n<h2 data-start=\"72\" data-end=\"98\"><strong data-start=\"75\" data-end=\"98\">Produktbeschreibung<\/strong><\/h2>\n<p data-start=\"100\" data-end=\"404\">Diese robuste Kabelzugangsplatte ist f\u00fcr die sichere und hochgradig abgedichtete Kabelf\u00fchrung in Steuerschr\u00e4nken, Maschinen und Industrieanlagen konzipiert. Hergestellt in Deutschland und aus einer langlebigen Kombination aus Elastomer und Polypropylen, bietet es auch unter rauen Bedingungen eine langanhaltende Zuverl\u00e4ssigkeit. <\/p>\n<p data-start=\"406\" data-end=\"777\">Mit Schutzklassen bis IP68 bietet diese Kabelzugangsplatte eine ausgezeichnete Widerstandsf\u00e4higkeit gegen Staub und Wasser. Die flexiblen Abdichtungseins\u00e4tze erm\u00f6glichen es, eine gro\u00dfe Bandbreite an Kabeldurchmessern schnell zu installieren, w\u00e4hrend sie eine starke Kabelbindung und ein sauberes Kabelmanagement gew\u00e4hrleisten. Dank sowohl der Schraubmontage als auch der Einrastm\u00f6glichkeit bietet es eine schnelle und vielseitige Montage.  <\/p>\n<p data-start=\"779\" data-end=\"889\">Ideal f\u00fcr Anwendungen, bei denen hohe Abdichtungsleistung, Flexibilit\u00e4t und organisierte Kabelf\u00fchrung unerl\u00e4sslich sind.<\/p>\n<hr data-start=\"891\" data-end=\"894\">\n<h2 data-start=\"896\" data-end=\"917\"><strong data-start=\"899\" data-end=\"917\">Technische Daten<\/strong><\/h2>\n<ul data-start=\"919\" data-end=\"1435\">\n<li data-start=\"919\" data-end=\"944\">\n<p data-start=\"921\" data-end=\"944\"><strong data-start=\"921\" data-end=\"933\">HS-Code:<\/strong> 85472000<\/p>\n<\/li>\n<li data-start=\"945\" data-end=\"979\">\n<p data-start=\"947\" data-end=\"979\"><strong data-start=\"947\" data-end=\"969\">Herkunftsland:<\/strong> Deutschland<\/p>\n<\/li>\n<li data-start=\"980\" data-end=\"1023\">\n<p data-start=\"982\" data-end=\"1023\"><strong data-start=\"982\" data-end=\"995\">Material:<\/strong> Elastomer \/ Polypropylen<\/p>\n<\/li>\n<li data-start=\"1024\" data-end=\"1043\">\n<p data-start=\"1026\" data-end=\"1043\"><strong data-start=\"1026\" data-end=\"1036\">Farbe:<\/strong> Grau<\/p>\n<\/li>\n<li data-start=\"1044\" data-end=\"1065\">\n<p data-start=\"1046\" data-end=\"1065\"><strong data-start=\"1046\" data-end=\"1057\">H\u00f6he:<\/strong> 58 mm<\/p>\n<\/li>\n<li data-start=\"1066\" data-end=\"1112\">\n<p data-start=\"1068\" data-end=\"1112\"><strong data-start=\"1068\" data-end=\"1098\">Installationsausschnitt<\/strong> : 36 \u00d7 112 mm<\/p>\n<\/li>\n<li data-start=\"1113\" data-end=\"1134\">\n<p data-start=\"1115\" data-end=\"1134\"><strong data-start=\"1115\" data-end=\"1125\">Breite:<\/strong> 147 mm<\/p>\n<\/li>\n<li data-start=\"1135\" data-end=\"1155\">\n<p data-start=\"1137\" data-end=\"1155\"><strong data-start=\"1137\" data-end=\"1147\">Tiefe:<\/strong> 14 mm<\/p>\n<\/li>\n<li data-start=\"1156\" data-end=\"1282\">\n<p data-start=\"1158\" data-end=\"1179\"><strong data-start=\"1158\" data-end=\"1177\">Spannreichweite:<\/strong><\/p>\n<ul data-start=\"1182\" data-end=\"1282\">\n<li data-start=\"1182\" data-end=\"1200\">\n<p data-start=\"1184\" data-end=\"1200\">5 \u00d7 3,2\u20136,3 mm<\/p>\n<\/li>\n<li data-start=\"1203\" data-end=\"1219\">\n<p data-start=\"1205\" data-end=\"1219\">2 \u00d7 4\u20137,5 mm<\/p>\n<\/li>\n<li data-start=\"1222\" data-end=\"1241\">\n<p data-start=\"1224\" data-end=\"1241\">3 \u00d7 5,5\u201310,5 mm<\/p>\n<\/li>\n<li data-start=\"1244\" data-end=\"1261\">\n<p data-start=\"1246\" data-end=\"1261\">1 \u00d7 8\u201312,5 mm<\/p>\n<\/li>\n<li data-start=\"1264\" data-end=\"1282\">\n<p data-start=\"1266\" data-end=\"1282\">3 \u00d7 12\u201316,2 mm<\/p>\n<\/li>\n<\/ul>\n<\/li>\n<li data-start=\"1283\" data-end=\"1325\">\n<p data-start=\"1285\" data-end=\"1325\"><strong data-start=\"1285\" data-end=\"1307\">Temperaturbereich:<\/strong> -40\u00b0C bis +100\u00b0C<\/p>\n<\/li>\n<li data-start=\"1326\" data-end=\"1364\">\n<p data-start=\"1328\" data-end=\"1364\"><strong data-start=\"1328\" data-end=\"1350\">Schutzbewertung:<\/strong> IP66 \/ IP68<\/p>\n<\/li>\n<li data-start=\"1365\" data-end=\"1406\">\n<p data-start=\"1367\" data-end=\"1406\"><strong data-start=\"1367\" data-end=\"1380\">Montage:<\/strong> Schraubenmontage, Snap-in<\/p>\n<\/li>\n<li data-start=\"1407\" data-end=\"1435\">\n<p data-start=\"1409\" data-end=\"1435\"><strong data-start=\"1409\" data-end=\"1424\">Nettogewicht:<\/strong> 0,113 kg<\/p>\n<\/li>\n<\/ul>\n","protected":false},"excerpt":{"rendered":"<p>&nbsp; Produktbeschreibung Diese robuste Kabelzugangsplatte ist f\u00fcr die sichere und hochgradig abgedichtete Kabelf\u00fchrung in Steuerschr\u00e4nken, Maschinen und Industrieanlagen konzipiert. Hergestellt in Deutschland und aus einer&#8230;<\/p>\n","protected":false},"featured_media":9731,"comment_status":"open","ping_status":"closed","template":"","meta":[],"etheme_brands":[{"term_id":697,"name":"Icotek","slug":"icotek","term_group":0,"term_taxonomy_id":697,"taxonomy":"brand","description":"Icotek ist ein f\u00fchrender Hersteller innovativer Kabelmanagement- und Einf\u00fchrungsl\u00f6sungen, spezialisiert auf modulare Systeme, die eine schnelle Installation und zuverl\u00e4ssige Abdichtung f\u00fcr industrielle und elektrotechnische Anwendungen weltweit erm\u00f6glichen.","parent":0,"count":125,"filter":"raw"}],"product_brand":[],"product_cat":[277],"product_tag":[],"class_list":{"0":"post-9730","1":"product","2":"type-product","3":"status-publish","4":"has-post-thumbnail","6":"brand-icotek","7":"product_cat-kabeleinfuhrungsplatten","9":"first","10":"instock","11":"sale","12":"taxable","13":"shipping-taxable","14":"purchasable","15":"product-type-simple"},"yoast_head":"<!-- This site is optimized with the Yoast SEO plugin v27.3 - https:\/\/yoast.com\/product\/yoast-seo-wordpress\/ -->\n<title>Icotek KEL-DPU 24\/14 Kabeleingangsplatte | TrackCable<\/title>\n<meta name=\"description\" content=\"Kaufen Sie eine Icotek KEL-DPU 24\/14 Kabelzugangsplatte f\u00fcr effiziente Kabelf\u00fchrung und Abdichtung von Bedienfeldern. Schnelle Lieferung verf\u00fcgbar.\" \/>\n<meta name=\"robots\" content=\"index, follow, max-snippet:-1, max-image-preview:large, max-video-preview:-1\" \/>\n<link rel=\"canonical\" href=\"https:\/\/trackcable.com\/de\/produkt\/kel-dpu-24-14-grau\/\" \/>\n<meta property=\"og:locale\" content=\"de_DE\" \/>\n<meta property=\"og:type\" content=\"article\" \/>\n<meta property=\"og:title\" content=\"Icotek KEL-DPU 24\/14 Kabeleingangsplatte | TrackCable\" \/>\n<meta property=\"og:description\" content=\"Kaufen Sie eine Icotek KEL-DPU 24\/14 Kabelzugangsplatte f\u00fcr effiziente Kabelf\u00fchrung und Abdichtung von Bedienfeldern. Schnelle Lieferung verf\u00fcgbar.\" \/>\n<meta property=\"og:url\" content=\"https:\/\/trackcable.com\/de\/produkt\/kel-dpu-24-14-grau\/\" \/>\n<meta property=\"og:site_name\" content=\"trackcable.com\" \/>\n<meta property=\"article:modified_time\" content=\"2026-03-26T12:35:15+00:00\" \/>\n<meta property=\"og:image\" content=\"https:\/\/trackcable.com\/wp-content\/uploads\/2026\/02\/43944.jpg\" \/>\n\t<meta property=\"og:image:width\" content=\"300\" \/>\n\t<meta property=\"og:image:height\" content=\"199\" \/>\n\t<meta property=\"og:image:type\" content=\"image\/jpeg\" \/>\n<meta name=\"twitter:card\" content=\"summary_large_image\" \/>\n<meta name=\"twitter:label1\" content=\"Gesch\u00e4tzte Lesezeit\" \/>\n\t<meta name=\"twitter:data1\" content=\"1\u00a0Minute\" \/>\n<script type=\"application\/ld+json\" class=\"yoast-schema-graph\">{\"@context\":\"https:\\\/\\\/schema.org\",\"@graph\":[{\"@type\":\"WebPage\",\"@id\":\"https:\\\/\\\/trackcable.com\\\/de\\\/produkt\\\/kel-dpu-24-14-grau\\\/\",\"url\":\"https:\\\/\\\/trackcable.com\\\/de\\\/produkt\\\/kel-dpu-24-14-grau\\\/\",\"name\":\"Icotek KEL-DPU 24\\\/14 Kabeleingangsplatte | TrackCable\",\"isPartOf\":{\"@id\":\"https:\\\/\\\/trackcable.com\\\/de\\\/#website\"},\"primaryImageOfPage\":{\"@id\":\"https:\\\/\\\/trackcable.com\\\/de\\\/produkt\\\/kel-dpu-24-14-grau\\\/#primaryimage\"},\"image\":{\"@id\":\"https:\\\/\\\/trackcable.com\\\/de\\\/produkt\\\/kel-dpu-24-14-grau\\\/#primaryimage\"},\"thumbnailUrl\":\"https:\\\/\\\/trackcable.com\\\/wp-content\\\/uploads\\\/2026\\\/02\\\/43944.jpg\",\"datePublished\":\"2026-02-17T11:32:17+00:00\",\"dateModified\":\"2026-03-26T12:35:15+00:00\",\"description\":\"Kaufen Sie eine Icotek KEL-DPU 24\\\/14 Kabelzugangsplatte f\u00fcr effiziente Kabelf\u00fchrung und Abdichtung von Bedienfeldern. Schnelle Lieferung verf\u00fcgbar.\",\"breadcrumb\":{\"@id\":\"https:\\\/\\\/trackcable.com\\\/de\\\/produkt\\\/kel-dpu-24-14-grau\\\/#breadcrumb\"},\"inLanguage\":\"de\",\"potentialAction\":[{\"@type\":\"ReadAction\",\"target\":[\"https:\\\/\\\/trackcable.com\\\/de\\\/produkt\\\/kel-dpu-24-14-grau\\\/\"]}]},{\"@type\":\"ImageObject\",\"inLanguage\":\"de\",\"@id\":\"https:\\\/\\\/trackcable.com\\\/de\\\/produkt\\\/kel-dpu-24-14-grau\\\/#primaryimage\",\"url\":\"https:\\\/\\\/trackcable.com\\\/wp-content\\\/uploads\\\/2026\\\/02\\\/43944.jpg\",\"contentUrl\":\"https:\\\/\\\/trackcable.com\\\/wp-content\\\/uploads\\\/2026\\\/02\\\/43944.jpg\",\"width\":300,\"height\":199,\"caption\":\"Eine rechteckige graue KEL-DPU 24\\\/14-Platte zeigt mehrere Kreise unterschiedlicher Gr\u00f6\u00dfe, die in einem verstreuten Muster \u00fcber die Oberfl\u00e4che angeordnet sind.\"},{\"@type\":\"BreadcrumbList\",\"@id\":\"https:\\\/\\\/trackcable.com\\\/de\\\/produkt\\\/kel-dpu-24-14-grau\\\/#breadcrumb\",\"itemListElement\":[{\"@type\":\"ListItem\",\"position\":1,\"name\":\"Startseite\",\"item\":\"https:\\\/\\\/trackcable.com\\\/de\\\/startseite\\\/\"},{\"@type\":\"ListItem\",\"position\":2,\"name\":\"Shop\",\"item\":\"https:\\\/\\\/trackcable.com\\\/de\\\/shop\\\/\"},{\"@type\":\"ListItem\",\"position\":3,\"name\":\"KEL-DPU 24\\\/14 \u2013 Grau\"}]},{\"@type\":\"WebSite\",\"@id\":\"https:\\\/\\\/trackcable.com\\\/de\\\/#website\",\"url\":\"https:\\\/\\\/trackcable.com\\\/de\\\/\",\"name\":\"trackcable.com\",\"description\":\"Precision in cable management\",\"publisher\":{\"@id\":\"https:\\\/\\\/trackcable.com\\\/de\\\/#organization\"},\"potentialAction\":[{\"@type\":\"SearchAction\",\"target\":{\"@type\":\"EntryPoint\",\"urlTemplate\":\"https:\\\/\\\/trackcable.com\\\/de\\\/?s={search_term_string}\"},\"query-input\":{\"@type\":\"PropertyValueSpecification\",\"valueRequired\":true,\"valueName\":\"search_term_string\"}}],\"inLanguage\":\"de\"},{\"@type\":\"Organization\",\"@id\":\"https:\\\/\\\/trackcable.com\\\/de\\\/#organization\",\"name\":\"TrackCable | Precision in industrial cable management\",\"url\":\"https:\\\/\\\/trackcable.com\\\/de\\\/\",\"logo\":{\"@type\":\"ImageObject\",\"inLanguage\":\"de\",\"@id\":\"https:\\\/\\\/trackcable.com\\\/de\\\/#\\\/schema\\\/logo\\\/image\\\/\",\"url\":\"https:\\\/\\\/trackcable.com\\\/wp-content\\\/uploads\\\/2026\\\/02\\\/TrackCable.jpg\",\"contentUrl\":\"https:\\\/\\\/trackcable.com\\\/wp-content\\\/uploads\\\/2026\\\/02\\\/TrackCable.jpg\",\"width\":600,\"height\":300,\"caption\":\"TrackCable | Precision in industrial cable management\"},\"image\":{\"@id\":\"https:\\\/\\\/trackcable.com\\\/de\\\/#\\\/schema\\\/logo\\\/image\\\/\"}}]}<\/script>\n<!-- \/ Yoast SEO plugin. -->","yoast_head_json":{"title":"Icotek KEL-DPU 24\/14 Kabeleingangsplatte | TrackCable","description":"Kaufen Sie eine Icotek KEL-DPU 24\/14 Kabelzugangsplatte f\u00fcr effiziente Kabelf\u00fchrung und Abdichtung von Bedienfeldern. Schnelle Lieferung verf\u00fcgbar.","robots":{"index":"index","follow":"follow","max-snippet":"max-snippet:-1","max-image-preview":"max-image-preview:large","max-video-preview":"max-video-preview:-1"},"canonical":"https:\/\/trackcable.com\/de\/produkt\/kel-dpu-24-14-grau\/","og_locale":"de_DE","og_type":"article","og_title":"Icotek KEL-DPU 24\/14 Kabeleingangsplatte | TrackCable","og_description":"Kaufen Sie eine Icotek KEL-DPU 24\/14 Kabelzugangsplatte f\u00fcr effiziente Kabelf\u00fchrung und Abdichtung von Bedienfeldern. Schnelle Lieferung verf\u00fcgbar.","og_url":"https:\/\/trackcable.com\/de\/produkt\/kel-dpu-24-14-grau\/","og_site_name":"trackcable.com","article_modified_time":"2026-03-26T12:35:15+00:00","og_image":[{"width":300,"height":199,"url":"https:\/\/trackcable.com\/wp-content\/uploads\/2026\/02\/43944.jpg","type":"image\/jpeg"}],"twitter_card":"summary_large_image","twitter_misc":{"Gesch\u00e4tzte Lesezeit":"1\u00a0Minute"},"schema":{"@context":"https:\/\/schema.org","@graph":[{"@type":"WebPage","@id":"https:\/\/trackcable.com\/de\/produkt\/kel-dpu-24-14-grau\/","url":"https:\/\/trackcable.com\/de\/produkt\/kel-dpu-24-14-grau\/","name":"Icotek KEL-DPU 24\/14 Kabeleingangsplatte | TrackCable","isPartOf":{"@id":"https:\/\/trackcable.com\/de\/#website"},"primaryImageOfPage":{"@id":"https:\/\/trackcable.com\/de\/produkt\/kel-dpu-24-14-grau\/#primaryimage"},"image":{"@id":"https:\/\/trackcable.com\/de\/produkt\/kel-dpu-24-14-grau\/#primaryimage"},"thumbnailUrl":"https:\/\/trackcable.com\/wp-content\/uploads\/2026\/02\/43944.jpg","datePublished":"2026-02-17T11:32:17+00:00","dateModified":"2026-03-26T12:35:15+00:00","description":"Kaufen Sie eine Icotek KEL-DPU 24\/14 Kabelzugangsplatte f\u00fcr effiziente Kabelf\u00fchrung und Abdichtung von Bedienfeldern. Schnelle Lieferung verf\u00fcgbar.","breadcrumb":{"@id":"https:\/\/trackcable.com\/de\/produkt\/kel-dpu-24-14-grau\/#breadcrumb"},"inLanguage":"de","potentialAction":[{"@type":"ReadAction","target":["https:\/\/trackcable.com\/de\/produkt\/kel-dpu-24-14-grau\/"]}]},{"@type":"ImageObject","inLanguage":"de","@id":"https:\/\/trackcable.com\/de\/produkt\/kel-dpu-24-14-grau\/#primaryimage","url":"https:\/\/trackcable.com\/wp-content\/uploads\/2026\/02\/43944.jpg","contentUrl":"https:\/\/trackcable.com\/wp-content\/uploads\/2026\/02\/43944.jpg","width":300,"height":199,"caption":"Eine rechteckige graue KEL-DPU 24\/14-Platte zeigt mehrere Kreise unterschiedlicher Gr\u00f6\u00dfe, die in einem verstreuten Muster \u00fcber die Oberfl\u00e4che angeordnet sind."},{"@type":"BreadcrumbList","@id":"https:\/\/trackcable.com\/de\/produkt\/kel-dpu-24-14-grau\/#breadcrumb","itemListElement":[{"@type":"ListItem","position":1,"name":"Startseite","item":"https:\/\/trackcable.com\/de\/startseite\/"},{"@type":"ListItem","position":2,"name":"Shop","item":"https:\/\/trackcable.com\/de\/shop\/"},{"@type":"ListItem","position":3,"name":"KEL-DPU 24\/14 \u2013 Grau"}]},{"@type":"WebSite","@id":"https:\/\/trackcable.com\/de\/#website","url":"https:\/\/trackcable.com\/de\/","name":"trackcable.com","description":"Precision in cable management","publisher":{"@id":"https:\/\/trackcable.com\/de\/#organization"},"potentialAction":[{"@type":"SearchAction","target":{"@type":"EntryPoint","urlTemplate":"https:\/\/trackcable.com\/de\/?s={search_term_string}"},"query-input":{"@type":"PropertyValueSpecification","valueRequired":true,"valueName":"search_term_string"}}],"inLanguage":"de"},{"@type":"Organization","@id":"https:\/\/trackcable.com\/de\/#organization","name":"TrackCable | Precision in industrial cable management","url":"https:\/\/trackcable.com\/de\/","logo":{"@type":"ImageObject","inLanguage":"de","@id":"https:\/\/trackcable.com\/de\/#\/schema\/logo\/image\/","url":"https:\/\/trackcable.com\/wp-content\/uploads\/2026\/02\/TrackCable.jpg","contentUrl":"https:\/\/trackcable.com\/wp-content\/uploads\/2026\/02\/TrackCable.jpg","width":600,"height":300,"caption":"TrackCable | Precision in industrial cable management"},"image":{"@id":"https:\/\/trackcable.com\/de\/#\/schema\/logo\/image\/"}}]}},"_links":{"self":[{"href":"https:\/\/trackcable.com\/de\/wp-json\/wp\/v2\/product\/9730","targetHints":{"allow":["GET"]}}],"collection":[{"href":"https:\/\/trackcable.com\/de\/wp-json\/wp\/v2\/product"}],"about":[{"href":"https:\/\/trackcable.com\/de\/wp-json\/wp\/v2\/types\/product"}],"replies":[{"embeddable":true,"href":"https:\/\/trackcable.com\/de\/wp-json\/wp\/v2\/comments?post=9730"}],"version-history":[{"count":1,"href":"https:\/\/trackcable.com\/de\/wp-json\/wp\/v2\/product\/9730\/revisions"}],"predecessor-version":[{"id":12592,"href":"https:\/\/trackcable.com\/de\/wp-json\/wp\/v2\/product\/9730\/revisions\/12592"}],"wp:featuredmedia":[{"embeddable":true,"href":"https:\/\/trackcable.com\/de\/wp-json\/wp\/v2\/media\/9731"}],"wp:attachment":[{"href":"https:\/\/trackcable.com\/de\/wp-json\/wp\/v2\/media?parent=9730"}],"wp:term":[{"taxonomy":"brand","embeddable":true,"href":"https:\/\/trackcable.com\/de\/wp-json\/wp\/v2\/etheme_brands?post=9730"},{"taxonomy":"product_brand","embeddable":true,"href":"https:\/\/trackcable.com\/de\/wp-json\/wp\/v2\/product_brand?post=9730"},{"taxonomy":"product_cat","embeddable":true,"href":"https:\/\/trackcable.com\/de\/wp-json\/wp\/v2\/product_cat?post=9730"},{"taxonomy":"product_tag","embeddable":true,"href":"https:\/\/trackcable.com\/de\/wp-json\/wp\/v2\/product_tag?post=9730"}],"curies":[{"name":"wp","href":"https:\/\/api.w.org\/{rel}","templated":true}]}}