{"id":7363,"date":"2023-11-07T13:29:58","date_gmt":"2023-11-07T13:29:58","guid":{"rendered":"https:\/\/trackcable.com\/panier\/"},"modified":"2026-03-24T08:31:10","modified_gmt":"2026-03-24T08:31:10","slug":"panier","status":"publish","type":"page","link":"https:\/\/trackcable.com\/fr\/panier\/","title":{"rendered":"Panier"},"content":{"rendered":"\t\t<div data-elementor-type=\"wp-page\" data-elementor-id=\"7363\" class=\"elementor elementor-7363 elementor-21\" data-elementor-post-type=\"page\">\n\t\t\t\t\t\t<section class=\"elementor-section elementor-top-section elementor-element elementor-element-4b5c6ab elementor-section-boxed elementor-section-height-default elementor-section-height-default\" data-id=\"4b5c6ab\" data-element_type=\"section\" data-e-type=\"section\">\n\t\t\t\t\t\t<div class=\"elementor-container elementor-column-gap-no\">\n\t\t\t\t\t<div class=\"elementor-column elementor-col-100 elementor-top-column elementor-element elementor-element-15c88404\" data-id=\"15c88404\" data-element_type=\"column\" data-e-type=\"column\">\n\t\t\t<div class=\"elementor-widget-wrap elementor-element-populated\">\n\t\t\t\t\t\t\t<\/div>\n\t\t<\/div>\n\t\t\t\t\t<\/div>\n\t\t<\/section>\n\t\t\t\t<\/div>\n\t\t","protected":false},"excerpt":{"rendered":"","protected":false},"author":1,"featured_media":7412,"parent":0,"menu_order":0,"comment_status":"closed","ping_status":"closed","template":"","meta":{"footnotes":""},"class_list":["post-7363","page","type-page","status-publish","has-post-thumbnail","hentry"],"yoast_head":"<!-- This site is optimized with the Yoast SEO plugin v27.3 - https:\/\/yoast.com\/product\/yoast-seo-wordpress\/ -->\n<title>Aper\u00e7u de votre panier d\u2019achat | TrackCable<\/title>\n<meta name=\"description\" content=\"Examinez vos produits de gestion de c\u00e2bles s\u00e9lectionn\u00e9s et proc\u00e9dez \u00e0 un paiement s\u00e9curis\u00e9 avec une livraison rapide \u00e0 l\u2019international.\" \/>\n<meta name=\"robots\" content=\"index, follow, max-snippet:-1, max-image-preview:large, max-video-preview:-1\" \/>\n<link rel=\"canonical\" href=\"https:\/\/trackcable.com\/fr\/panier\/\" \/>\n<meta property=\"og:locale\" content=\"fr_FR\" \/>\n<meta property=\"og:type\" content=\"article\" \/>\n<meta property=\"og:title\" content=\"Aper\u00e7u de votre panier d\u2019achat | TrackCable\" \/>\n<meta property=\"og:description\" content=\"Examinez vos produits de gestion de c\u00e2bles s\u00e9lectionn\u00e9s et proc\u00e9dez \u00e0 un paiement s\u00e9curis\u00e9 avec une livraison rapide \u00e0 l\u2019international.\" \/>\n<meta property=\"og:url\" content=\"https:\/\/trackcable.com\/fr\/panier\/\" \/>\n<meta property=\"og:site_name\" content=\"trackcable.com\" \/>\n<meta property=\"article:modified_time\" content=\"2026-03-24T08:31:10+00:00\" \/>\n<meta property=\"og:image\" content=\"https:\/\/trackcable.com\/wp-content\/uploads\/2026\/02\/IMG_6591-scaled.jpg\" \/>\n\t<meta property=\"og:image:width\" content=\"2560\" \/>\n\t<meta property=\"og:image:height\" content=\"1707\" \/>\n\t<meta property=\"og:image:type\" content=\"image\/jpeg\" \/>\n<meta name=\"twitter:card\" content=\"summary_large_image\" \/>\n<script type=\"application\/ld+json\" class=\"yoast-schema-graph\">{\"@context\":\"https:\\\/\\\/schema.org\",\"@graph\":[{\"@type\":\"WebPage\",\"@id\":\"https:\\\/\\\/trackcable.com\\\/fr\\\/panier\\\/\",\"url\":\"https:\\\/\\\/trackcable.com\\\/fr\\\/panier\\\/\",\"name\":\"Aper\u00e7u de votre panier d\u2019achat | TrackCable\",\"isPartOf\":{\"@id\":\"https:\\\/\\\/trackcable.com\\\/fr\\\/#website\"},\"primaryImageOfPage\":{\"@id\":\"https:\\\/\\\/trackcable.com\\\/fr\\\/panier\\\/#primaryimage\"},\"image\":{\"@id\":\"https:\\\/\\\/trackcable.com\\\/fr\\\/panier\\\/#primaryimage\"},\"thumbnailUrl\":\"https:\\\/\\\/trackcable.com\\\/wp-content\\\/uploads\\\/2026\\\/02\\\/IMG_6591-scaled.jpg\",\"datePublished\":\"2023-11-07T13:29:58+00:00\",\"dateModified\":\"2026-03-24T08:31:10+00:00\",\"description\":\"Examinez vos produits de gestion de c\u00e2bles s\u00e9lectionn\u00e9s et proc\u00e9dez \u00e0 un paiement s\u00e9curis\u00e9 avec une livraison rapide \u00e0 l\u2019international.\",\"breadcrumb\":{\"@id\":\"https:\\\/\\\/trackcable.com\\\/fr\\\/panier\\\/#breadcrumb\"},\"inLanguage\":\"fr-FR\",\"potentialAction\":[{\"@type\":\"ReadAction\",\"target\":[\"https:\\\/\\\/trackcable.com\\\/fr\\\/panier\\\/\"]}]},{\"@type\":\"ImageObject\",\"inLanguage\":\"fr-FR\",\"@id\":\"https:\\\/\\\/trackcable.com\\\/fr\\\/panier\\\/#primaryimage\",\"url\":\"https:\\\/\\\/trackcable.com\\\/wp-content\\\/uploads\\\/2026\\\/02\\\/IMG_6591-scaled.jpg\",\"contentUrl\":\"https:\\\/\\\/trackcable.com\\\/wp-content\\\/uploads\\\/2026\\\/02\\\/IMG_6591-scaled.jpg\",\"width\":2560,\"height\":1707,\"caption\":\"Trois hommes sont assis autour d\u2019une table en bois dans une salle de r\u00e9union. Un homme d\u00e9signe un ordinateur portable affichant des graphiques tandis que les autres regardent et sourient. Des plantes vertes d\u00e9corent un mur, cr\u00e9ant un espace accueillant pour le contact et la collaboration.\"},{\"@type\":\"BreadcrumbList\",\"@id\":\"https:\\\/\\\/trackcable.com\\\/fr\\\/panier\\\/#breadcrumb\",\"itemListElement\":[{\"@type\":\"ListItem\",\"position\":1,\"name\":\"Accueil\",\"item\":\"https:\\\/\\\/trackcable.com\\\/fr\\\/accueil\\\/\"},{\"@type\":\"ListItem\",\"position\":2,\"name\":\"Panier\"}]},{\"@type\":\"WebSite\",\"@id\":\"https:\\\/\\\/trackcable.com\\\/fr\\\/#website\",\"url\":\"https:\\\/\\\/trackcable.com\\\/fr\\\/\",\"name\":\"trackcable.com\",\"description\":\"Precision in cable management\",\"publisher\":{\"@id\":\"https:\\\/\\\/trackcable.com\\\/fr\\\/#organization\"},\"potentialAction\":[{\"@type\":\"SearchAction\",\"target\":{\"@type\":\"EntryPoint\",\"urlTemplate\":\"https:\\\/\\\/trackcable.com\\\/fr\\\/?s={search_term_string}\"},\"query-input\":{\"@type\":\"PropertyValueSpecification\",\"valueRequired\":true,\"valueName\":\"search_term_string\"}}],\"inLanguage\":\"fr-FR\"},{\"@type\":\"Organization\",\"@id\":\"https:\\\/\\\/trackcable.com\\\/fr\\\/#organization\",\"name\":\"TrackCable | Precision in industrial cable management\",\"url\":\"https:\\\/\\\/trackcable.com\\\/fr\\\/\",\"logo\":{\"@type\":\"ImageObject\",\"inLanguage\":\"fr-FR\",\"@id\":\"https:\\\/\\\/trackcable.com\\\/fr\\\/#\\\/schema\\\/logo\\\/image\\\/\",\"url\":\"https:\\\/\\\/trackcable.com\\\/wp-content\\\/uploads\\\/2026\\\/02\\\/TrackCable.jpg\",\"contentUrl\":\"https:\\\/\\\/trackcable.com\\\/wp-content\\\/uploads\\\/2026\\\/02\\\/TrackCable.jpg\",\"width\":600,\"height\":300,\"caption\":\"TrackCable | Precision in industrial cable management\"},\"image\":{\"@id\":\"https:\\\/\\\/trackcable.com\\\/fr\\\/#\\\/schema\\\/logo\\\/image\\\/\"}}]}<\/script>\n<!-- \/ Yoast SEO plugin. -->","yoast_head_json":{"title":"Aper\u00e7u de votre panier d\u2019achat | TrackCable","description":"Examinez vos produits de gestion de c\u00e2bles s\u00e9lectionn\u00e9s et proc\u00e9dez \u00e0 un paiement s\u00e9curis\u00e9 avec une livraison rapide \u00e0 l\u2019international.","robots":{"index":"index","follow":"follow","max-snippet":"max-snippet:-1","max-image-preview":"max-image-preview:large","max-video-preview":"max-video-preview:-1"},"canonical":"https:\/\/trackcable.com\/fr\/panier\/","og_locale":"fr_FR","og_type":"article","og_title":"Aper\u00e7u de votre panier d\u2019achat | TrackCable","og_description":"Examinez vos produits de gestion de c\u00e2bles s\u00e9lectionn\u00e9s et proc\u00e9dez \u00e0 un paiement s\u00e9curis\u00e9 avec une livraison rapide \u00e0 l\u2019international.","og_url":"https:\/\/trackcable.com\/fr\/panier\/","og_site_name":"trackcable.com","article_modified_time":"2026-03-24T08:31:10+00:00","og_image":[{"width":2560,"height":1707,"url":"https:\/\/trackcable.com\/wp-content\/uploads\/2026\/02\/IMG_6591-scaled.jpg","type":"image\/jpeg"}],"twitter_card":"summary_large_image","schema":{"@context":"https:\/\/schema.org","@graph":[{"@type":"WebPage","@id":"https:\/\/trackcable.com\/fr\/panier\/","url":"https:\/\/trackcable.com\/fr\/panier\/","name":"Aper\u00e7u de votre panier d\u2019achat | TrackCable","isPartOf":{"@id":"https:\/\/trackcable.com\/fr\/#website"},"primaryImageOfPage":{"@id":"https:\/\/trackcable.com\/fr\/panier\/#primaryimage"},"image":{"@id":"https:\/\/trackcable.com\/fr\/panier\/#primaryimage"},"thumbnailUrl":"https:\/\/trackcable.com\/wp-content\/uploads\/2026\/02\/IMG_6591-scaled.jpg","datePublished":"2023-11-07T13:29:58+00:00","dateModified":"2026-03-24T08:31:10+00:00","description":"Examinez vos produits de gestion de c\u00e2bles s\u00e9lectionn\u00e9s et proc\u00e9dez \u00e0 un paiement s\u00e9curis\u00e9 avec une livraison rapide \u00e0 l\u2019international.","breadcrumb":{"@id":"https:\/\/trackcable.com\/fr\/panier\/#breadcrumb"},"inLanguage":"fr-FR","potentialAction":[{"@type":"ReadAction","target":["https:\/\/trackcable.com\/fr\/panier\/"]}]},{"@type":"ImageObject","inLanguage":"fr-FR","@id":"https:\/\/trackcable.com\/fr\/panier\/#primaryimage","url":"https:\/\/trackcable.com\/wp-content\/uploads\/2026\/02\/IMG_6591-scaled.jpg","contentUrl":"https:\/\/trackcable.com\/wp-content\/uploads\/2026\/02\/IMG_6591-scaled.jpg","width":2560,"height":1707,"caption":"Trois hommes sont assis autour d\u2019une table en bois dans une salle de r\u00e9union. Un homme d\u00e9signe un ordinateur portable affichant des graphiques tandis que les autres regardent et sourient. Des plantes vertes d\u00e9corent un mur, cr\u00e9ant un espace accueillant pour le contact et la collaboration."},{"@type":"BreadcrumbList","@id":"https:\/\/trackcable.com\/fr\/panier\/#breadcrumb","itemListElement":[{"@type":"ListItem","position":1,"name":"Accueil","item":"https:\/\/trackcable.com\/fr\/accueil\/"},{"@type":"ListItem","position":2,"name":"Panier"}]},{"@type":"WebSite","@id":"https:\/\/trackcable.com\/fr\/#website","url":"https:\/\/trackcable.com\/fr\/","name":"trackcable.com","description":"Precision in cable management","publisher":{"@id":"https:\/\/trackcable.com\/fr\/#organization"},"potentialAction":[{"@type":"SearchAction","target":{"@type":"EntryPoint","urlTemplate":"https:\/\/trackcable.com\/fr\/?s={search_term_string}"},"query-input":{"@type":"PropertyValueSpecification","valueRequired":true,"valueName":"search_term_string"}}],"inLanguage":"fr-FR"},{"@type":"Organization","@id":"https:\/\/trackcable.com\/fr\/#organization","name":"TrackCable | Precision in industrial cable management","url":"https:\/\/trackcable.com\/fr\/","logo":{"@type":"ImageObject","inLanguage":"fr-FR","@id":"https:\/\/trackcable.com\/fr\/#\/schema\/logo\/image\/","url":"https:\/\/trackcable.com\/wp-content\/uploads\/2026\/02\/TrackCable.jpg","contentUrl":"https:\/\/trackcable.com\/wp-content\/uploads\/2026\/02\/TrackCable.jpg","width":600,"height":300,"caption":"TrackCable | Precision in industrial cable management"},"image":{"@id":"https:\/\/trackcable.com\/fr\/#\/schema\/logo\/image\/"}}]}},"_links":{"self":[{"href":"https:\/\/trackcable.com\/fr\/wp-json\/wp\/v2\/pages\/7363","targetHints":{"allow":["GET"]}}],"collection":[{"href":"https:\/\/trackcable.com\/fr\/wp-json\/wp\/v2\/pages"}],"about":[{"href":"https:\/\/trackcable.com\/fr\/wp-json\/wp\/v2\/types\/page"}],"author":[{"embeddable":true,"href":"https:\/\/trackcable.com\/fr\/wp-json\/wp\/v2\/users\/1"}],"replies":[{"embeddable":true,"href":"https:\/\/trackcable.com\/fr\/wp-json\/wp\/v2\/comments?post=7363"}],"version-history":[{"count":2,"href":"https:\/\/trackcable.com\/fr\/wp-json\/wp\/v2\/pages\/7363\/revisions"}],"predecessor-version":[{"id":8136,"href":"https:\/\/trackcable.com\/fr\/wp-json\/wp\/v2\/pages\/7363\/revisions\/8136"}],"wp:featuredmedia":[{"embeddable":true,"href":"https:\/\/trackcable.com\/fr\/wp-json\/wp\/v2\/media\/7412"}],"wp:attachment":[{"href":"https:\/\/trackcable.com\/fr\/wp-json\/wp\/v2\/media?parent=7363"}],"curies":[{"name":"wp","href":"https:\/\/api.w.org\/{rel}","templated":true}]}}