{"id":7387,"date":"2026-03-17T14:11:24","date_gmt":"2026-03-17T14:11:24","guid":{"rendered":"https:\/\/trackcable.com\/declaration-de-lentreprise\/"},"modified":"2026-03-19T15:39:34","modified_gmt":"2026-03-19T15:39:34","slug":"declaration-de-lentreprise","status":"publish","type":"page","link":"https:\/\/trackcable.com\/fr\/declaration-de-lentreprise\/","title":{"rendered":"D\u00e9claration de lentreprise"},"content":{"rendered":"\n<p><strong>D\u00e9claration de lentreprise \u2013 TrackCable<\/strong><\/p>\n\n<p>TrackCable est une entreprise de commerce \u00e9lectronique \u00e0 vocation internationale d\u00e9di\u00e9e \u00e0 la fourniture de solutions de gestion de c\u00e2bles industriels de haute qualit\u00e9 \u00e0 des clients du monde entier. Nous sommes sp\u00e9cialis\u00e9s dans loffre dune gamme compl\u00e8te et soigneusement s\u00e9lectionn\u00e9e de produits con\u00e7us pour am\u00e9liorer la s\u00e9curit\u00e9, lefficacit\u00e9 et lorganisation dans des environnements industriels complexes et exigeants.<\/p>\n\n<p>Notre portefeuille comprend des syst\u00e8mes avanc\u00e9s de gestion de c\u00e2bles qui soutiennent les infrastructures critiques dans des secteurs tels que la fabrication, l\u00e9nergie, la construction, la logistique et lautomatisation industrielle. En sassociant \u00e0 des fabricants fiables et certifi\u00e9s, TrackCable garantit que tous les produits r\u00e9pondent aux normes internationales strictes en mati\u00e8re de qualit\u00e9, de durabilit\u00e9 et de conformit\u00e9.<\/p>\n\n<p>Au c\u0153ur de nos op\u00e9rations se trouve un engagement envers la fiabilit\u00e9 et la performance. Nous comprenons quune gestion efficace des c\u00e2bles est essentielle pour maintenir la continuit\u00e9 op\u00e9rationnelle, r\u00e9duire les risques et optimiser la fonctionnalit\u00e9 de lespace de travail. Par cons\u00e9quent, nous investissons continuellement dans la recherche de solutions innovantes qui r\u00e9pondent aux besoins \u00e9volutifs des industries modernes.<\/p>\n\n<p>TrackCable sengage \u00e9galement \u00e0 offrir une exp\u00e9rience client exceptionnelle. Gr\u00e2ce \u00e0 notre plateforme num\u00e9rique rationalis\u00e9e, les clients b\u00e9n\u00e9ficient dun processus dapprovisionnement fluide, dinformations transparentes sur les produits et dune distribution mondiale efficace. Notre r\u00e9seau logistique permet une livraison rapide et fiable dans le monde entier, garantissant que nos clients re\u00e7oivent les solutions dont ils ont besoin \u2013 quand et o\u00f9 ils en ont besoin.<\/p>\n\n<p><strong>Notre Mission<\/strong><br\/>Fournir des solutions de gestion de c\u00e2bles fiables et performantes qui contribuent \u00e0 des environnements industriels plus s\u00fbrs, plus efficaces et mieux organis\u00e9s dans le monde entier.<\/p>\n\n<p><strong>Notre Vision<\/strong><br\/>Devenir un fournisseur mondial de premier plan de solutions de gestion de c\u00e2bles industriels en \u00e9tablissant la norme en mati\u00e8re de qualit\u00e9, d\u2019accessibilit\u00e9 et de service ax\u00e9 sur le client sur le march\u00e9 num\u00e9rique.<\/p>\n\n<p><strong>Notre Engagement<\/strong><br\/>Chez TrackCable, nous sommes anim\u00e9s par un d\u00e9vouement \u00e0 l\u2019excellence, \u00e0 l\u2019innovation et aux partenariats \u00e0 long terme. Nous visons \u00e0 soutenir nos clients non seulement avec des produits sup\u00e9rieurs, mais aussi avec une expertise, un service r\u00e9actif et une compr\u00e9hension approfondie des d\u00e9fis industriels.<\/p>\n\n<p>TrackCable estime que des syst\u00e8mes de c\u00e2bles bien g\u00e9r\u00e9s constituent l\u00e9pine dorsale dop\u00e9rations s\u00fbres et efficaces \u2013 et nous sommes fiers de jouer un r\u00f4le essentiel dans la mise en place de cette fondation dans toutes les industries du monde entier.<\/p>\n","protected":false},"excerpt":{"rendered":"<p>D\u00e9claration de lentreprise \u2013 TrackCable TrackCable est une entreprise de commerce \u00e9lectronique \u00e0 vocation internationale d\u00e9di\u00e9e \u00e0 la fourniture de solutions de gestion de c\u00e2bles&#8230;<\/p>\n","protected":false},"author":1,"featured_media":0,"parent":0,"menu_order":0,"comment_status":"closed","ping_status":"closed","template":"","meta":{"footnotes":""},"class_list":["post-7387","page","type-page","status-publish","hentry"],"yoast_head":"<!-- This site is optimized with the Yoast SEO plugin v27.3 - https:\/\/yoast.com\/product\/yoast-seo-wordpress\/ -->\n<title>D\u00e9claration de lentreprise - trackcable.com<\/title>\n<meta name=\"robots\" content=\"index, follow, max-snippet:-1, max-image-preview:large, max-video-preview:-1\" \/>\n<link rel=\"canonical\" href=\"https:\/\/trackcable.com\/fr\/declaration-de-lentreprise\/\" \/>\n<meta property=\"og:locale\" content=\"fr_FR\" \/>\n<meta property=\"og:type\" content=\"article\" \/>\n<meta property=\"og:title\" content=\"D\u00e9claration de lentreprise - trackcable.com\" \/>\n<meta property=\"og:description\" content=\"D\u00e9claration de lentreprise \u2013 TrackCable TrackCable est une entreprise de commerce \u00e9lectronique \u00e0 vocation internationale d\u00e9di\u00e9e \u00e0 la fourniture de solutions de gestion de c\u00e2bles...\" \/>\n<meta property=\"og:url\" content=\"https:\/\/trackcable.com\/fr\/declaration-de-lentreprise\/\" \/>\n<meta property=\"og:site_name\" content=\"trackcable.com\" \/>\n<meta property=\"article:modified_time\" content=\"2026-03-19T15:39:34+00:00\" \/>\n<meta name=\"twitter:card\" content=\"summary_large_image\" \/>\n<meta name=\"twitter:label1\" content=\"Dur\u00e9e de lecture estim\u00e9e\" \/>\n\t<meta name=\"twitter:data1\" content=\"2 minutes\" \/>\n<script type=\"application\/ld+json\" class=\"yoast-schema-graph\">{\"@context\":\"https:\\\/\\\/schema.org\",\"@graph\":[{\"@type\":\"WebPage\",\"@id\":\"https:\\\/\\\/trackcable.com\\\/fr\\\/declaration-de-lentreprise\\\/\",\"url\":\"https:\\\/\\\/trackcable.com\\\/fr\\\/declaration-de-lentreprise\\\/\",\"name\":\"D\u00e9claration de lentreprise - trackcable.com\",\"isPartOf\":{\"@id\":\"https:\\\/\\\/trackcable.com\\\/fr\\\/#website\"},\"datePublished\":\"2026-03-17T14:11:24+00:00\",\"dateModified\":\"2026-03-19T15:39:34+00:00\",\"breadcrumb\":{\"@id\":\"https:\\\/\\\/trackcable.com\\\/fr\\\/declaration-de-lentreprise\\\/#breadcrumb\"},\"inLanguage\":\"fr-FR\",\"potentialAction\":[{\"@type\":\"ReadAction\",\"target\":[\"https:\\\/\\\/trackcable.com\\\/fr\\\/declaration-de-lentreprise\\\/\"]}]},{\"@type\":\"BreadcrumbList\",\"@id\":\"https:\\\/\\\/trackcable.com\\\/fr\\\/declaration-de-lentreprise\\\/#breadcrumb\",\"itemListElement\":[{\"@type\":\"ListItem\",\"position\":1,\"name\":\"Accueil\",\"item\":\"https:\\\/\\\/trackcable.com\\\/fr\\\/accueil\\\/\"},{\"@type\":\"ListItem\",\"position\":2,\"name\":\"D\u00e9claration de lentreprise\"}]},{\"@type\":\"WebSite\",\"@id\":\"https:\\\/\\\/trackcable.com\\\/fr\\\/#website\",\"url\":\"https:\\\/\\\/trackcable.com\\\/fr\\\/\",\"name\":\"trackcable.com\",\"description\":\"Precision in cable management\",\"publisher\":{\"@id\":\"https:\\\/\\\/trackcable.com\\\/fr\\\/#organization\"},\"potentialAction\":[{\"@type\":\"SearchAction\",\"target\":{\"@type\":\"EntryPoint\",\"urlTemplate\":\"https:\\\/\\\/trackcable.com\\\/fr\\\/?s={search_term_string}\"},\"query-input\":{\"@type\":\"PropertyValueSpecification\",\"valueRequired\":true,\"valueName\":\"search_term_string\"}}],\"inLanguage\":\"fr-FR\"},{\"@type\":\"Organization\",\"@id\":\"https:\\\/\\\/trackcable.com\\\/fr\\\/#organization\",\"name\":\"TrackCable | Precision in industrial cable management\",\"url\":\"https:\\\/\\\/trackcable.com\\\/fr\\\/\",\"logo\":{\"@type\":\"ImageObject\",\"inLanguage\":\"fr-FR\",\"@id\":\"https:\\\/\\\/trackcable.com\\\/fr\\\/#\\\/schema\\\/logo\\\/image\\\/\",\"url\":\"https:\\\/\\\/trackcable.com\\\/wp-content\\\/uploads\\\/2026\\\/02\\\/TrackCable.jpg\",\"contentUrl\":\"https:\\\/\\\/trackcable.com\\\/wp-content\\\/uploads\\\/2026\\\/02\\\/TrackCable.jpg\",\"width\":600,\"height\":300,\"caption\":\"TrackCable | Precision in industrial cable management\"},\"image\":{\"@id\":\"https:\\\/\\\/trackcable.com\\\/fr\\\/#\\\/schema\\\/logo\\\/image\\\/\"}}]}<\/script>\n<!-- \/ Yoast SEO plugin. -->","yoast_head_json":{"title":"D\u00e9claration de lentreprise - trackcable.com","robots":{"index":"index","follow":"follow","max-snippet":"max-snippet:-1","max-image-preview":"max-image-preview:large","max-video-preview":"max-video-preview:-1"},"canonical":"https:\/\/trackcable.com\/fr\/declaration-de-lentreprise\/","og_locale":"fr_FR","og_type":"article","og_title":"D\u00e9claration de lentreprise - trackcable.com","og_description":"D\u00e9claration de lentreprise \u2013 TrackCable TrackCable est une entreprise de commerce \u00e9lectronique \u00e0 vocation internationale d\u00e9di\u00e9e \u00e0 la fourniture de solutions de gestion de c\u00e2bles...","og_url":"https:\/\/trackcable.com\/fr\/declaration-de-lentreprise\/","og_site_name":"trackcable.com","article_modified_time":"2026-03-19T15:39:34+00:00","twitter_card":"summary_large_image","twitter_misc":{"Dur\u00e9e de lecture estim\u00e9e":"2 minutes"},"schema":{"@context":"https:\/\/schema.org","@graph":[{"@type":"WebPage","@id":"https:\/\/trackcable.com\/fr\/declaration-de-lentreprise\/","url":"https:\/\/trackcable.com\/fr\/declaration-de-lentreprise\/","name":"D\u00e9claration de lentreprise - trackcable.com","isPartOf":{"@id":"https:\/\/trackcable.com\/fr\/#website"},"datePublished":"2026-03-17T14:11:24+00:00","dateModified":"2026-03-19T15:39:34+00:00","breadcrumb":{"@id":"https:\/\/trackcable.com\/fr\/declaration-de-lentreprise\/#breadcrumb"},"inLanguage":"fr-FR","potentialAction":[{"@type":"ReadAction","target":["https:\/\/trackcable.com\/fr\/declaration-de-lentreprise\/"]}]},{"@type":"BreadcrumbList","@id":"https:\/\/trackcable.com\/fr\/declaration-de-lentreprise\/#breadcrumb","itemListElement":[{"@type":"ListItem","position":1,"name":"Accueil","item":"https:\/\/trackcable.com\/fr\/accueil\/"},{"@type":"ListItem","position":2,"name":"D\u00e9claration de lentreprise"}]},{"@type":"WebSite","@id":"https:\/\/trackcable.com\/fr\/#website","url":"https:\/\/trackcable.com\/fr\/","name":"trackcable.com","description":"Precision in cable management","publisher":{"@id":"https:\/\/trackcable.com\/fr\/#organization"},"potentialAction":[{"@type":"SearchAction","target":{"@type":"EntryPoint","urlTemplate":"https:\/\/trackcable.com\/fr\/?s={search_term_string}"},"query-input":{"@type":"PropertyValueSpecification","valueRequired":true,"valueName":"search_term_string"}}],"inLanguage":"fr-FR"},{"@type":"Organization","@id":"https:\/\/trackcable.com\/fr\/#organization","name":"TrackCable | Precision in industrial cable management","url":"https:\/\/trackcable.com\/fr\/","logo":{"@type":"ImageObject","inLanguage":"fr-FR","@id":"https:\/\/trackcable.com\/fr\/#\/schema\/logo\/image\/","url":"https:\/\/trackcable.com\/wp-content\/uploads\/2026\/02\/TrackCable.jpg","contentUrl":"https:\/\/trackcable.com\/wp-content\/uploads\/2026\/02\/TrackCable.jpg","width":600,"height":300,"caption":"TrackCable | Precision in industrial cable management"},"image":{"@id":"https:\/\/trackcable.com\/fr\/#\/schema\/logo\/image\/"}}]}},"_links":{"self":[{"href":"https:\/\/trackcable.com\/fr\/wp-json\/wp\/v2\/pages\/7387","targetHints":{"allow":["GET"]}}],"collection":[{"href":"https:\/\/trackcable.com\/fr\/wp-json\/wp\/v2\/pages"}],"about":[{"href":"https:\/\/trackcable.com\/fr\/wp-json\/wp\/v2\/types\/page"}],"author":[{"embeddable":true,"href":"https:\/\/trackcable.com\/fr\/wp-json\/wp\/v2\/users\/1"}],"replies":[{"embeddable":true,"href":"https:\/\/trackcable.com\/fr\/wp-json\/wp\/v2\/comments?post=7387"}],"version-history":[{"count":1,"href":"https:\/\/trackcable.com\/fr\/wp-json\/wp\/v2\/pages\/7387\/revisions"}],"predecessor-version":[{"id":7388,"href":"https:\/\/trackcable.com\/fr\/wp-json\/wp\/v2\/pages\/7387\/revisions\/7388"}],"wp:attachment":[{"href":"https:\/\/trackcable.com\/fr\/wp-json\/wp\/v2\/media?parent=7387"}],"curies":[{"name":"wp","href":"https:\/\/api.w.org\/{rel}","templated":true}]}}