{"id":7592,"date":"2026-03-18T13:34:00","date_gmt":"2026-03-18T13:34:00","guid":{"rendered":"https:\/\/trackcable.com\/chaines-porte-cables-en-acier\/"},"modified":"2026-03-24T09:01:52","modified_gmt":"2026-03-24T09:01:52","slug":"chaines-porte-cables-en-acier","status":"publish","type":"page","link":"https:\/\/trackcable.com\/fr\/chaines-porte-cables-en-acier\/","title":{"rendered":"Cha\u00eenes porte-c\u00e2bles en acier"},"content":{"rendered":"\t\t<div data-elementor-type=\"wp-page\" data-elementor-id=\"7592\" class=\"elementor elementor-7592 elementor-7139\" data-elementor-post-type=\"page\">\n\t\t\t\t<div class=\"elementor-element elementor-element-4a6ccec e-flex e-con-boxed e-con e-parent\" data-id=\"4a6ccec\" data-element_type=\"container\" data-e-type=\"container\">\n\t\t\t\t\t<div class=\"e-con-inner\">\n\t\t\t\t<div class=\"elementor-element elementor-element-b3d9e4f elementor-widget elementor-widget-etheme_slider\" data-id=\"b3d9e4f\" data-element_type=\"widget\" data-e-type=\"widget\" data-widget_type=\"etheme_slider.default\">\n\t\t\t\t<div class=\"elementor-widget-container\">\n\t\t\t\t\t\n\t\t<div class=\"swiper-entry et-slider  slider-2680 etheme-css\" data-css=\".slider-2680 .swiper-custom-left,  .slider-2680 .swiper-custom-right{color:#222 !important;background-color: #e1e1e1 !important} .slider-2680 .swiper-custom-left:hover,  .slider-2680 .swiper-custom-right:hover{background-color: #e1e1e1 !important}\">\n\t\t\t<div class=\"swiper-container \" data-centeredSlides=\"1\" data-breakpoints=\"1\" data-xs-slides=\"1\" data-sm-slides=\"1\" data-md-slides=\"1\" data-lt-slides=\"1\" data-slides-per-view=\"1\" data-space=\"0\" data-autoplay=\"\" data-speed=\"300\" data-effect=\"slide\" data-loop=\"true\">\n\t\t\t\t<div class=\"et-loader swiper-lazy-preloader\"><\/div>\n\t\t\t\t<!-- Additional required wrapper -->\n\t\t\t\t<div class=\"swiper-wrapper\">\n\t\t\t\t\t<!-- Slides -->\n\t\t\t\t\t<div class=\"swiper-slide\">\t\t<div class=\"slider-item  fadeIn-slide slider-item-2390  elementor-repeater-item-5d672c2\" data-slide-id=\"2390\">\n\n\t\t\t\t\t\t\n\t\t\t<div class=\"container  justify-content-center align-items-center\">\n\n\t\t\t\t<div class=\"slide-content \">\n\n\t\t\t\t\t<h2 class=\"slide-title  animated\">Cha\u00eenes porte-c\u00e2bles en acier pour applications intensives<\/h2><h2 class=\"slide-subtitle  animated\">Solutions de gestion de c\u00e2bles fiables pour les environnements extr\u00eames et les charges m\u00e9caniques \u00e9lev\u00e9es.<\/h2>\n\t\t\t\t\t<div class=\"description animated\">\n\t\t\t\t\t\t<p>\u2714 Fabrication sur mesure \u2714 Livraison rapide \u2714 Conseils dexperts<\/p>\n\t\t\n\t\t\t\t\t<\/div>\n\t\t\n\t\t\t\t\t\t\t\t\t\t\t<div class=\"slide-button animated\">\n\t\t\t\t\t\t\tDemander un devis\t\t\t\t\t\t<\/div>\n\t\t\t\t\t\n\t\t\t\t<\/div> \n\t\t\t<\/div> \n\t   \t<\/div> \t    \n\t    <\/div>\t\t\t\t<\/div>\n\t\t\t\t\t\t\t<\/div>\n\t\t<\/div>\n\n\t\t\t\t\t\t<\/div>\n\t\t\t\t<\/div>\n\t\t\t\t\t<\/div>\n\t\t\t\t<\/div>\n\t\t<div class=\"elementor-element elementor-element-eedd0c7 e-grid e-con-boxed e-con e-parent\" data-id=\"eedd0c7\" data-element_type=\"container\" data-e-type=\"container\">\n\t\t\t\t\t<div class=\"e-con-inner\">\n\t\t\t\t<div class=\"elementor-element elementor-element-c7eb299 elementor-widget elementor-widget-image\" data-id=\"c7eb299\" data-element_type=\"widget\" data-e-type=\"widget\" data-widget_type=\"image.default\">\n\t\t\t\t\t\t\t\t\t\t\t\t\t\t\t<img fetchpriority=\"high\" decoding=\"async\" width=\"600\" height=\"375\" src=\"https:\/\/trackcable.com\/wp-content\/uploads\/2026\/03\/csm_KABELSCHLEPP-cable-carrier-S-SX-rgb_d154971ea1.jpg\" class=\"attachment-large size-large wp-image-7593\" alt=\"Des rang\u00e9es de plateaux \u00e0 c\u00e2bles m\u00e9talliques industriels et de supports en acier remplis de grands fils et c\u00e2bles sont install\u00e9s au plafond d\u2019une usine, avec des \u00e9chafaudages et des structures de soutien visibles en arri\u00e8re-plan.\" srcset=\"https:\/\/trackcable.com\/wp-content\/uploads\/2026\/03\/csm_KABELSCHLEPP-cable-carrier-S-SX-rgb_d154971ea1.jpg 600w, https:\/\/trackcable.com\/wp-content\/uploads\/2026\/03\/csm_KABELSCHLEPP-cable-carrier-S-SX-rgb_d154971ea1-300x188.jpg 300w, https:\/\/trackcable.com\/wp-content\/uploads\/2026\/03\/csm_KABELSCHLEPP-cable-carrier-S-SX-rgb_d154971ea1-1x1.jpg 1w, https:\/\/trackcable.com\/wp-content\/uploads\/2026\/03\/csm_KABELSCHLEPP-cable-carrier-S-SX-rgb_d154971ea1-10x6.jpg 10w\" sizes=\"(max-width: 600px) 100vw, 600px\" \/>\t\t\t\t\t\t\t\t\t\t\t\t\t\t\t<\/div>\n\t\t\t\t<div class=\"elementor-element elementor-element-cb9220c elementor-widget elementor-widget-text-editor\" data-id=\"cb9220c\" data-element_type=\"widget\" data-e-type=\"widget\" data-widget_type=\"text-editor.default\">\n\t\t\t\t\t\t\t\t\t<h2>Quest-ce quune cha\u00eene porte-c\u00e2bles en acier ? (cha\u00eene porte-c\u00e2bles)<\/h2><p data-start=\"474\" data-end=\"606\">Une cha\u00eene porte-c\u00e2bles en acier (\u00e9galement appel\u00e9e cha\u00eene de guidage) est con\u00e7ue pour guider et prot\u00e9ger les c\u00e2bles et tuyaux mobiles dans les applications dynamiques.<\/p><p data-start=\"608\" data-end=\"794\">Lorsque les cha\u00eenes porte-c\u00e2bles en plastique standard atteignent leurs limites \u2014 en raison de charges lourdes, de temp\u00e9ratures \u00e9lev\u00e9es ou denvironnements difficiles \u2014 les cha\u00eenes porte-c\u00e2bles en acier offrent une solution robuste et durable.<\/p><p data-start=\"796\" data-end=\"888\">Elles sont sp\u00e9cifiquement con\u00e7ues pour les industries o\u00f9 la fiabilit\u00e9 et la robustesse sont essentielles.<\/p><p data-start=\"796\" data-end=\"888\">\u2714 Prolonge la dur\u00e9e de vie des c\u00e2bles et des syst\u00e8mes<br>\u2714 Supporte des charges m\u00e9caniques nettement plus \u00e9lev\u00e9es<br>\u2714 R\u00e9sistante aux chocs, aux d\u00e9bris et aux conditions difficiles<br>\u2714 Con\u00e7ue pour une durabilit\u00e9 maximale et un temps darr\u00eat minimal<br>\u2714 Id\u00e9ale pour les applications industrielles et intensives<\/p>\t\t\t\t\t\t\t\t<\/div>\n\t\t\t\t\t<\/div>\n\t\t\t\t<\/div>\n\t\t<div class=\"elementor-element elementor-element-5e702ae e-flex e-con-boxed e-con e-parent\" data-id=\"5e702ae\" data-element_type=\"container\" data-e-type=\"container\">\n\t\t\t\t\t<div class=\"e-con-inner\">\n\t\t\t\t<div class=\"elementor-element elementor-element-7361567 elementor-widget elementor-widget-heading\" data-id=\"7361567\" data-element_type=\"widget\" data-e-type=\"widget\" data-widget_type=\"heading.default\">\n\t\t\t\t\t<h2 class=\"elementor-heading-title elementor-size-default\">S\u00e9ries de cha\u00eenes porte-c\u00e2bles en acier<\/h2>\t\t\t\t<\/div>\n\t\t\t\t\t<\/div>\n\t\t\t\t<\/div>\n\t\t<div class=\"elementor-element elementor-element-cc59159 e-grid e-con-boxed e-con e-parent\" data-id=\"cc59159\" data-element_type=\"container\" data-e-type=\"container\">\n\t\t\t\t\t<div class=\"e-con-inner\">\n\t\t\t\t<div class=\"elementor-element elementor-element-37e32fe elementor-position-left elementor-vertical-align-top elementor-widget elementor-widget-image-box\" data-id=\"37e32fe\" data-element_type=\"widget\" data-e-type=\"widget\" data-widget_type=\"image-box.default\">\n\t\t\t\t\t<div class=\"elementor-image-box-wrapper\"><figure class=\"elementor-image-box-img\"><img decoding=\"async\" width=\"600\" height=\"375\" src=\"https:\/\/trackcable.com\/wp-content\/uploads\/2026\/03\/LS.jpg\" class=\"attachment-full size-full wp-image-7596\" alt=\"Un gros plan d\u2019un porte-c\u00e2ble m\u00e9canique noir ou d\u2019un porte-c\u00e2ble en acier avec plusieurs trous circulaires et des connecteurs m\u00e9talliques, con\u00e7u pour guider et prot\u00e9ger les c\u00e2bles ou les tuyaux dans les machines industrielles.\" srcset=\"https:\/\/trackcable.com\/wp-content\/uploads\/2026\/03\/LS.jpg 600w, https:\/\/trackcable.com\/wp-content\/uploads\/2026\/03\/LS-300x188.jpg 300w, https:\/\/trackcable.com\/wp-content\/uploads\/2026\/03\/LS-1x1.jpg 1w, https:\/\/trackcable.com\/wp-content\/uploads\/2026\/03\/LS-10x6.jpg 10w\" sizes=\"(max-width: 600px) 100vw, 600px\" \/><\/figure><div class=\"elementor-image-box-content\"><h3 class=\"elementor-image-box-title\">S\u00e9rie LS\/LSX<\/h3><p class=\"elementor-image-box-description\">Cha\u00eenes en acier \u00e9conomiques au design l\u00e9ger <br>Hauteurs int\u00e9rieures : 48-58 mm <br>Largeurs int\u00e9rieures : 54 - 584 mm <br>Pas : 105 mm <br>Course : jusqu\u00e0 9,5 m \/ -  <br>\n<\/p><\/div><\/div>\t\t\t\t<\/div>\n\t\t\t\t<div class=\"elementor-element elementor-element-ebba1c5 elementor-position-left elementor-vertical-align-top elementor-widget elementor-widget-image-box\" data-id=\"ebba1c5\" data-element_type=\"widget\" data-e-type=\"widget\" data-widget_type=\"image-box.default\">\n\t\t\t\t\t<div class=\"elementor-image-box-wrapper\"><figure class=\"elementor-image-box-img\"><img decoding=\"async\" width=\"600\" height=\"375\" src=\"https:\/\/trackcable.com\/wp-content\/uploads\/2026\/03\/S.jpg\" class=\"attachment-full size-full wp-image-7595\" alt=\"Un porte-c\u00e2ble en acier maintient et guide plusieurs c\u00e2bles et tuyaux \u2014 orange, vert et noir \u2014 fix\u00e9s \u00e0 des connecteurs industriels \u00e0 l\u2019extr\u00e9mit\u00e9. L\u2019arri\u00e8re-plan pr\u00e9sente un d\u00e9grad\u00e9 gris clair uni.\" srcset=\"https:\/\/trackcable.com\/wp-content\/uploads\/2026\/03\/S.jpg 600w, https:\/\/trackcable.com\/wp-content\/uploads\/2026\/03\/S-300x188.jpg 300w, https:\/\/trackcable.com\/wp-content\/uploads\/2026\/03\/S-1x1.jpg 1w, https:\/\/trackcable.com\/wp-content\/uploads\/2026\/03\/S-10x6.jpg 10w\" sizes=\"(max-width: 600px) 100vw, 600px\" \/><\/figure><div class=\"elementor-image-box-content\"><h3 class=\"elementor-image-box-title\">S\u00e9rie S\/SX<\/h3><p class=\"elementor-image-box-description\">Extr\u00eamement robuste et r\u00e9sistante<br>Hauteurs int\u00e9rieures : 26 - 578 mm <br>Largeurs int\u00e9rieures : 35 - 1 650 mm <br>Pas : 65 - 550 mm <br>Course : jusqu\u00e0 24,9 m \/ -  <br>\n<\/p><\/div><\/div>\t\t\t\t<\/div>\n\t\t\t\t<div class=\"elementor-element elementor-element-e38df0f elementor-position-left elementor-vertical-align-top elementor-widget elementor-widget-image-box\" data-id=\"e38df0f\" data-element_type=\"widget\" data-e-type=\"widget\" data-widget_type=\"image-box.default\">\n\t\t\t\t\t<div class=\"elementor-image-box-wrapper\"><figure class=\"elementor-image-box-img\"><img loading=\"lazy\" decoding=\"async\" width=\"600\" height=\"375\" src=\"https:\/\/trackcable.com\/wp-content\/uploads\/2026\/03\/S-TUBE.jpg\" class=\"attachment-full size-full wp-image-7594\" alt=\"Un gros plan d\u2019un support de c\u00e2ble ou d\u2019une cha\u00eene d\u2019\u00e9nergie en acier m\u00e9tallique brillant avec des segments articul\u00e9s, courb\u00e9 vers le haut sur un fond gris clair.\" srcset=\"https:\/\/trackcable.com\/wp-content\/uploads\/2026\/03\/S-TUBE.jpg 600w, https:\/\/trackcable.com\/wp-content\/uploads\/2026\/03\/S-TUBE-300x188.jpg 300w, https:\/\/trackcable.com\/wp-content\/uploads\/2026\/03\/S-TUBE-1x1.jpg 1w, https:\/\/trackcable.com\/wp-content\/uploads\/2026\/03\/S-TUBE-10x6.jpg 10w\" sizes=\"(max-width: 600px) 100vw, 600px\" \/><\/figure><div class=\"elementor-image-box-content\"><h3 class=\"elementor-image-box-title\">S\u00e9rie S\/SX Tube<\/h3><p class=\"elementor-image-box-description\">Mod\u00e8le ferm\u00e9 robuste et r\u00e9sistant <br>Hauteurs int\u00e9rieures : 30 - 104 mm <br>Largeurs int\u00e9rieures : 65 - 938 mm <br>Pas : 65 - 180 mm <br>Course : jusqu\u00e0 17,8 m \/ -  <br>\n<\/p><\/div><\/div>\t\t\t\t<\/div>\n\t\t\t\t\t<\/div>\n\t\t\t\t<\/div>\n\t\t\t\t<\/div>\n\t\t","protected":false},"excerpt":{"rendered":"<p>Cha\u00eenes porte-c\u00e2bles en acier pour applications intensives Solutions de gestion de c\u00e2bles fiables pour les environnements extr\u00eames et les charges m\u00e9caniques \u00e9lev\u00e9es. \u2714 Fabrication sur&#8230;<\/p>\n","protected":false},"author":1,"featured_media":0,"parent":0,"menu_order":0,"comment_status":"closed","ping_status":"closed","template":"","meta":{"footnotes":""},"class_list":["post-7592","page","type-page","status-publish","hentry"],"yoast_head":"<!-- This site is optimized with the Yoast SEO plugin v27.3 - https:\/\/yoast.com\/product\/yoast-seo-wordpress\/ -->\n<title>Porte-c\u00e2bles en acier pour usage lourd | TrackCable<\/title>\n<meta name=\"description\" content=\"D\u00e9couvrez des porte-c\u00e2bles en acier durables pour des applications industrielles lourdes. Con\u00e7u pour la force et la performance durable.\" \/>\n<meta name=\"robots\" content=\"index, follow, max-snippet:-1, max-image-preview:large, max-video-preview:-1\" \/>\n<link rel=\"canonical\" href=\"https:\/\/trackcable.com\/fr\/chaines-porte-cables-en-acier\/\" \/>\n<meta property=\"og:locale\" content=\"fr_FR\" \/>\n<meta property=\"og:type\" content=\"article\" \/>\n<meta property=\"og:title\" content=\"Porte-c\u00e2bles en acier pour usage lourd | TrackCable\" \/>\n<meta property=\"og:description\" content=\"D\u00e9couvrez des porte-c\u00e2bles en acier durables pour des applications industrielles lourdes. Con\u00e7u pour la force et la performance durable.\" \/>\n<meta property=\"og:url\" content=\"https:\/\/trackcable.com\/fr\/chaines-porte-cables-en-acier\/\" \/>\n<meta property=\"og:site_name\" content=\"trackcable.com\" \/>\n<meta property=\"article:modified_time\" content=\"2026-03-24T09:01:52+00:00\" \/>\n<meta property=\"og:image\" content=\"https:\/\/trackcable.com\/wp-content\/uploads\/2026\/03\/S-TUBE.jpg\" \/>\n\t<meta property=\"og:image:width\" content=\"600\" \/>\n\t<meta property=\"og:image:height\" content=\"375\" \/>\n\t<meta property=\"og:image:type\" content=\"image\/jpeg\" \/>\n<meta name=\"twitter:card\" content=\"summary_large_image\" \/>\n<meta name=\"twitter:label1\" content=\"Dur\u00e9e de lecture estim\u00e9e\" \/>\n\t<meta name=\"twitter:data1\" content=\"1 minute\" \/>\n<script type=\"application\/ld+json\" class=\"yoast-schema-graph\">{\"@context\":\"https:\\\/\\\/schema.org\",\"@graph\":[{\"@type\":\"WebPage\",\"@id\":\"https:\\\/\\\/trackcable.com\\\/fr\\\/chaines-porte-cables-en-acier\\\/\",\"url\":\"https:\\\/\\\/trackcable.com\\\/fr\\\/chaines-porte-cables-en-acier\\\/\",\"name\":\"Porte-c\u00e2bles en acier pour usage lourd | TrackCable\",\"isPartOf\":{\"@id\":\"https:\\\/\\\/trackcable.com\\\/fr\\\/#website\"},\"primaryImageOfPage\":{\"@id\":\"https:\\\/\\\/trackcable.com\\\/fr\\\/chaines-porte-cables-en-acier\\\/#primaryimage\"},\"image\":{\"@id\":\"https:\\\/\\\/trackcable.com\\\/fr\\\/chaines-porte-cables-en-acier\\\/#primaryimage\"},\"thumbnailUrl\":\"https:\\\/\\\/trackcable.com\\\/wp-content\\\/uploads\\\/elementor\\\/thumbs\\\/xstore-placeholder-rj3jlu5zs0gj3781q9vnecqha2yq7do6zsotyv39wo.png\",\"datePublished\":\"2026-03-18T13:34:00+00:00\",\"dateModified\":\"2026-03-24T09:01:52+00:00\",\"description\":\"D\u00e9couvrez des porte-c\u00e2bles en acier durables pour des applications industrielles lourdes. Con\u00e7u pour la force et la performance durable.\",\"breadcrumb\":{\"@id\":\"https:\\\/\\\/trackcable.com\\\/fr\\\/chaines-porte-cables-en-acier\\\/#breadcrumb\"},\"inLanguage\":\"fr-FR\",\"potentialAction\":[{\"@type\":\"ReadAction\",\"target\":[\"https:\\\/\\\/trackcable.com\\\/fr\\\/chaines-porte-cables-en-acier\\\/\"]}]},{\"@type\":\"ImageObject\",\"inLanguage\":\"fr-FR\",\"@id\":\"https:\\\/\\\/trackcable.com\\\/fr\\\/chaines-porte-cables-en-acier\\\/#primaryimage\",\"url\":\"https:\\\/\\\/trackcable.com\\\/wp-content\\\/uploads\\\/elementor\\\/thumbs\\\/xstore-placeholder-rj3jlu5zs0gj3781q9vnecqha2yq7do6zsotyv39wo.png\",\"contentUrl\":\"https:\\\/\\\/trackcable.com\\\/wp-content\\\/uploads\\\/elementor\\\/thumbs\\\/xstore-placeholder-rj3jlu5zs0gj3781q9vnecqha2yq7do6zsotyv39wo.png\"},{\"@type\":\"BreadcrumbList\",\"@id\":\"https:\\\/\\\/trackcable.com\\\/fr\\\/chaines-porte-cables-en-acier\\\/#breadcrumb\",\"itemListElement\":[{\"@type\":\"ListItem\",\"position\":1,\"name\":\"Accueil\",\"item\":\"https:\\\/\\\/trackcable.com\\\/fr\\\/accueil\\\/\"},{\"@type\":\"ListItem\",\"position\":2,\"name\":\"Cha\u00eenes porte-c\u00e2bles en acier\"}]},{\"@type\":\"WebSite\",\"@id\":\"https:\\\/\\\/trackcable.com\\\/fr\\\/#website\",\"url\":\"https:\\\/\\\/trackcable.com\\\/fr\\\/\",\"name\":\"trackcable.com\",\"description\":\"Precision in cable management\",\"publisher\":{\"@id\":\"https:\\\/\\\/trackcable.com\\\/fr\\\/#organization\"},\"potentialAction\":[{\"@type\":\"SearchAction\",\"target\":{\"@type\":\"EntryPoint\",\"urlTemplate\":\"https:\\\/\\\/trackcable.com\\\/fr\\\/?s={search_term_string}\"},\"query-input\":{\"@type\":\"PropertyValueSpecification\",\"valueRequired\":true,\"valueName\":\"search_term_string\"}}],\"inLanguage\":\"fr-FR\"},{\"@type\":\"Organization\",\"@id\":\"https:\\\/\\\/trackcable.com\\\/fr\\\/#organization\",\"name\":\"TrackCable | Precision in industrial cable management\",\"url\":\"https:\\\/\\\/trackcable.com\\\/fr\\\/\",\"logo\":{\"@type\":\"ImageObject\",\"inLanguage\":\"fr-FR\",\"@id\":\"https:\\\/\\\/trackcable.com\\\/fr\\\/#\\\/schema\\\/logo\\\/image\\\/\",\"url\":\"https:\\\/\\\/trackcable.com\\\/wp-content\\\/uploads\\\/2026\\\/02\\\/TrackCable.jpg\",\"contentUrl\":\"https:\\\/\\\/trackcable.com\\\/wp-content\\\/uploads\\\/2026\\\/02\\\/TrackCable.jpg\",\"width\":600,\"height\":300,\"caption\":\"TrackCable | Precision in industrial cable management\"},\"image\":{\"@id\":\"https:\\\/\\\/trackcable.com\\\/fr\\\/#\\\/schema\\\/logo\\\/image\\\/\"}}]}<\/script>\n<!-- \/ Yoast SEO plugin. -->","yoast_head_json":{"title":"Porte-c\u00e2bles en acier pour usage lourd | TrackCable","description":"D\u00e9couvrez des porte-c\u00e2bles en acier durables pour des applications industrielles lourdes. Con\u00e7u pour la force et la performance durable.","robots":{"index":"index","follow":"follow","max-snippet":"max-snippet:-1","max-image-preview":"max-image-preview:large","max-video-preview":"max-video-preview:-1"},"canonical":"https:\/\/trackcable.com\/fr\/chaines-porte-cables-en-acier\/","og_locale":"fr_FR","og_type":"article","og_title":"Porte-c\u00e2bles en acier pour usage lourd | TrackCable","og_description":"D\u00e9couvrez des porte-c\u00e2bles en acier durables pour des applications industrielles lourdes. Con\u00e7u pour la force et la performance durable.","og_url":"https:\/\/trackcable.com\/fr\/chaines-porte-cables-en-acier\/","og_site_name":"trackcable.com","article_modified_time":"2026-03-24T09:01:52+00:00","og_image":[{"width":600,"height":375,"url":"https:\/\/trackcable.com\/wp-content\/uploads\/2026\/03\/S-TUBE.jpg","type":"image\/jpeg"}],"twitter_card":"summary_large_image","twitter_misc":{"Dur\u00e9e de lecture estim\u00e9e":"1 minute"},"schema":{"@context":"https:\/\/schema.org","@graph":[{"@type":"WebPage","@id":"https:\/\/trackcable.com\/fr\/chaines-porte-cables-en-acier\/","url":"https:\/\/trackcable.com\/fr\/chaines-porte-cables-en-acier\/","name":"Porte-c\u00e2bles en acier pour usage lourd | TrackCable","isPartOf":{"@id":"https:\/\/trackcable.com\/fr\/#website"},"primaryImageOfPage":{"@id":"https:\/\/trackcable.com\/fr\/chaines-porte-cables-en-acier\/#primaryimage"},"image":{"@id":"https:\/\/trackcable.com\/fr\/chaines-porte-cables-en-acier\/#primaryimage"},"thumbnailUrl":"https:\/\/trackcable.com\/wp-content\/uploads\/elementor\/thumbs\/xstore-placeholder-rj3jlu5zs0gj3781q9vnecqha2yq7do6zsotyv39wo.png","datePublished":"2026-03-18T13:34:00+00:00","dateModified":"2026-03-24T09:01:52+00:00","description":"D\u00e9couvrez des porte-c\u00e2bles en acier durables pour des applications industrielles lourdes. Con\u00e7u pour la force et la performance durable.","breadcrumb":{"@id":"https:\/\/trackcable.com\/fr\/chaines-porte-cables-en-acier\/#breadcrumb"},"inLanguage":"fr-FR","potentialAction":[{"@type":"ReadAction","target":["https:\/\/trackcable.com\/fr\/chaines-porte-cables-en-acier\/"]}]},{"@type":"ImageObject","inLanguage":"fr-FR","@id":"https:\/\/trackcable.com\/fr\/chaines-porte-cables-en-acier\/#primaryimage","url":"https:\/\/trackcable.com\/wp-content\/uploads\/elementor\/thumbs\/xstore-placeholder-rj3jlu5zs0gj3781q9vnecqha2yq7do6zsotyv39wo.png","contentUrl":"https:\/\/trackcable.com\/wp-content\/uploads\/elementor\/thumbs\/xstore-placeholder-rj3jlu5zs0gj3781q9vnecqha2yq7do6zsotyv39wo.png"},{"@type":"BreadcrumbList","@id":"https:\/\/trackcable.com\/fr\/chaines-porte-cables-en-acier\/#breadcrumb","itemListElement":[{"@type":"ListItem","position":1,"name":"Accueil","item":"https:\/\/trackcable.com\/fr\/accueil\/"},{"@type":"ListItem","position":2,"name":"Cha\u00eenes porte-c\u00e2bles en acier"}]},{"@type":"WebSite","@id":"https:\/\/trackcable.com\/fr\/#website","url":"https:\/\/trackcable.com\/fr\/","name":"trackcable.com","description":"Precision in cable management","publisher":{"@id":"https:\/\/trackcable.com\/fr\/#organization"},"potentialAction":[{"@type":"SearchAction","target":{"@type":"EntryPoint","urlTemplate":"https:\/\/trackcable.com\/fr\/?s={search_term_string}"},"query-input":{"@type":"PropertyValueSpecification","valueRequired":true,"valueName":"search_term_string"}}],"inLanguage":"fr-FR"},{"@type":"Organization","@id":"https:\/\/trackcable.com\/fr\/#organization","name":"TrackCable | Precision in industrial cable management","url":"https:\/\/trackcable.com\/fr\/","logo":{"@type":"ImageObject","inLanguage":"fr-FR","@id":"https:\/\/trackcable.com\/fr\/#\/schema\/logo\/image\/","url":"https:\/\/trackcable.com\/wp-content\/uploads\/2026\/02\/TrackCable.jpg","contentUrl":"https:\/\/trackcable.com\/wp-content\/uploads\/2026\/02\/TrackCable.jpg","width":600,"height":300,"caption":"TrackCable | Precision in industrial cable management"},"image":{"@id":"https:\/\/trackcable.com\/fr\/#\/schema\/logo\/image\/"}}]}},"_links":{"self":[{"href":"https:\/\/trackcable.com\/fr\/wp-json\/wp\/v2\/pages\/7592","targetHints":{"allow":["GET"]}}],"collection":[{"href":"https:\/\/trackcable.com\/fr\/wp-json\/wp\/v2\/pages"}],"about":[{"href":"https:\/\/trackcable.com\/fr\/wp-json\/wp\/v2\/types\/page"}],"author":[{"embeddable":true,"href":"https:\/\/trackcable.com\/fr\/wp-json\/wp\/v2\/users\/1"}],"replies":[{"embeddable":true,"href":"https:\/\/trackcable.com\/fr\/wp-json\/wp\/v2\/comments?post=7592"}],"version-history":[{"count":2,"href":"https:\/\/trackcable.com\/fr\/wp-json\/wp\/v2\/pages\/7592\/revisions"}],"predecessor-version":[{"id":9024,"href":"https:\/\/trackcable.com\/fr\/wp-json\/wp\/v2\/pages\/7592\/revisions\/9024"}],"wp:attachment":[{"href":"https:\/\/trackcable.com\/fr\/wp-json\/wp\/v2\/media?parent=7592"}],"curies":[{"name":"wp","href":"https:\/\/api.w.org\/{rel}","templated":true}]}}