{"id":10243,"date":"2026-03-18T08:20:43","date_gmt":"2026-03-18T08:20:43","guid":{"rendered":"https:\/\/trackcable.com\/product\/qt-06\/"},"modified":"2026-03-26T12:37:44","modified_gmt":"2026-03-26T12:37:44","slug":"qt-06","status":"publish","type":"product","link":"https:\/\/trackcable.com\/fr\/produit\/qt-06\/","title":{"rendered":"QT 06"},"content":{"rendered":"<a target=\"_blank\" class=\"btn  small\" href=\"#\"><span> Fiche technique<\/span><\/a>\n<p>&nbsp;<\/p>\n<h2 data-start=\"72\" data-end=\"98\"><strong data-start=\"75\" data-end=\"98\">Description du produit<\/strong><\/h2>\n<p data-start=\"55\" data-end=\"313\"><strong data-start=\"55\" data-end=\"109\">Le goutti\u00e8re QT 6 QUICK, petit (6\u20137 mm, gris),<\/strong> est con\u00e7u pour un passage rapide et s\u00e9curis\u00e9 des c\u00e2bles dans les bo\u00eetiers \u00e9lectriques et les applications industrielles. Adapt\u00e9 aux c\u00e2bles de 6 \u00e0 7 mm de diam\u00e8tre, il assure un ajustement serr\u00e9 tout en prot\u00e9geant les c\u00e2bles des bords tranchants. <\/p>\n<p data-start=\"315\" data-end=\"554\">Sa conception compacte permet une utilisation efficace de l\u2019espace, tandis que le syst\u00e8me QUICK permet une installation facile et sans outils. Id\u00e9al pour les armoires de contr\u00f4le, la construction de panneaux et les syst\u00e8mes d\u2019automatisation o\u00f9 une gestion et une protection fiables des c\u00e2bles sont essentielles. <\/p>\n","protected":false},"excerpt":{"rendered":"<p>&nbsp; Description du produit Le goutti\u00e8re QT 6 QUICK, petit (6\u20137 mm, gris), est con\u00e7u pour un passage rapide et s\u00e9curis\u00e9 des c\u00e2bles dans les&#8230;<\/p>\n","protected":false},"featured_media":10244,"comment_status":"open","ping_status":"closed","template":"","meta":[],"etheme_brands":[{"term_id":696,"name":"Icotek","slug":"icotek","term_group":0,"term_taxonomy_id":696,"taxonomy":"brand","description":"Icotek est un fabricant leader de solutions innovantes de gestion et de passage de c\u00e2bles, sp\u00e9cialis\u00e9 dans des syst\u00e8mes modulaires permettant une installation rapide et une \u00e9tanch\u00e9it\u00e9 fiable pour des applications industrielles et \u00e9lectriques dans le monde entier.","parent":0,"count":125,"filter":"raw"}],"product_brand":[],"product_cat":[300],"product_tag":[],"class_list":{"0":"post-10243","1":"product","2":"type-product","3":"status-publish","4":"has-post-thumbnail","6":"brand-icotek","7":"product_cat-passe-cables","9":"first","10":"instock","11":"taxable","12":"shipping-taxable","13":"purchasable","14":"product-type-simple"},"yoast_head":"<!-- This site is optimized with the Yoast SEO plugin v27.3 - https:\/\/yoast.com\/product\/yoast-seo-wordpress\/ -->\n<title>\u0152illet \u00e0 c\u00e2ble Icotek QT 06 | TrackCable<\/title>\n<meta name=\"description\" content=\"Achetez un \u0153illet Icotek QT 06 pour un scellement s\u00e9curis\u00e9 et fiable dans les applications industrielles. Livraison rapide disponible.\" \/>\n<meta name=\"robots\" content=\"index, follow, max-snippet:-1, max-image-preview:large, max-video-preview:-1\" \/>\n<link rel=\"canonical\" href=\"https:\/\/trackcable.com\/fr\/produit\/qt-06\/\" \/>\n<meta property=\"og:locale\" content=\"fr_FR\" \/>\n<meta property=\"og:type\" content=\"article\" \/>\n<meta property=\"og:title\" content=\"\u0152illet \u00e0 c\u00e2ble Icotek QT 06 | TrackCable\" \/>\n<meta property=\"og:description\" content=\"Achetez un \u0153illet Icotek QT 06 pour un scellement s\u00e9curis\u00e9 et fiable dans les applications industrielles. Livraison rapide disponible.\" \/>\n<meta property=\"og:url\" content=\"https:\/\/trackcable.com\/fr\/produit\/qt-06\/\" \/>\n<meta property=\"og:site_name\" content=\"trackcable.com\" \/>\n<meta property=\"article:modified_time\" content=\"2026-03-26T12:37:44+00:00\" \/>\n<meta property=\"og:image\" content=\"https:\/\/trackcable.com\/wp-content\/uploads\/2026\/03\/QT-06.jpg\" \/>\n\t<meta property=\"og:image:width\" content=\"300\" \/>\n\t<meta property=\"og:image:height\" content=\"199\" \/>\n\t<meta property=\"og:image:type\" content=\"image\/jpeg\" \/>\n<meta name=\"twitter:card\" content=\"summary_large_image\" \/>\n<meta name=\"twitter:label1\" content=\"Dur\u00e9e de lecture estim\u00e9e\" \/>\n\t<meta name=\"twitter:data1\" content=\"1 minute\" \/>\n<script type=\"application\/ld+json\" class=\"yoast-schema-graph\">{\"@context\":\"https:\\\/\\\/schema.org\",\"@graph\":[{\"@type\":\"WebPage\",\"@id\":\"https:\\\/\\\/trackcable.com\\\/fr\\\/produit\\\/qt-06\\\/\",\"url\":\"https:\\\/\\\/trackcable.com\\\/fr\\\/produit\\\/qt-06\\\/\",\"name\":\"\u0152illet \u00e0 c\u00e2ble Icotek QT 06 | TrackCable\",\"isPartOf\":{\"@id\":\"https:\\\/\\\/trackcable.com\\\/fr\\\/#website\"},\"primaryImageOfPage\":{\"@id\":\"https:\\\/\\\/trackcable.com\\\/fr\\\/produit\\\/qt-06\\\/#primaryimage\"},\"image\":{\"@id\":\"https:\\\/\\\/trackcable.com\\\/fr\\\/produit\\\/qt-06\\\/#primaryimage\"},\"thumbnailUrl\":\"https:\\\/\\\/trackcable.com\\\/wp-content\\\/uploads\\\/2026\\\/03\\\/QT-06.jpg\",\"datePublished\":\"2026-03-18T08:20:43+00:00\",\"dateModified\":\"2026-03-26T12:37:44+00:00\",\"description\":\"Achetez un \u0153illet Icotek QT 06 pour un scellement s\u00e9curis\u00e9 et fiable dans les applications industrielles. Livraison rapide disponible.\",\"breadcrumb\":{\"@id\":\"https:\\\/\\\/trackcable.com\\\/fr\\\/produit\\\/qt-06\\\/#breadcrumb\"},\"inLanguage\":\"fr-FR\",\"potentialAction\":[{\"@type\":\"ReadAction\",\"target\":[\"https:\\\/\\\/trackcable.com\\\/fr\\\/produit\\\/qt-06\\\/\"]}]},{\"@type\":\"ImageObject\",\"inLanguage\":\"fr-FR\",\"@id\":\"https:\\\/\\\/trackcable.com\\\/fr\\\/produit\\\/qt-06\\\/#primaryimage\",\"url\":\"https:\\\/\\\/trackcable.com\\\/wp-content\\\/uploads\\\/2026\\\/03\\\/QT-06.jpg\",\"contentUrl\":\"https:\\\/\\\/trackcable.com\\\/wp-content\\\/uploads\\\/2026\\\/03\\\/QT-06.jpg\",\"width\":300,\"height\":199,\"caption\":\"Illustration 3D du QT 06 \u2014 un bloc m\u00e9tallique compact, gris et rectangulaire avec un trou circulaire central et des rainures lat\u00e9rales \u2014 affich\u00e9 sur un fond blanc uni.\"},{\"@type\":\"BreadcrumbList\",\"@id\":\"https:\\\/\\\/trackcable.com\\\/fr\\\/produit\\\/qt-06\\\/#breadcrumb\",\"itemListElement\":[{\"@type\":\"ListItem\",\"position\":1,\"name\":\"Accueil\",\"item\":\"https:\\\/\\\/trackcable.com\\\/fr\\\/accueil\\\/\"},{\"@type\":\"ListItem\",\"position\":2,\"name\":\"Boutique\",\"item\":\"https:\\\/\\\/trackcable.com\\\/fr\\\/boutique\\\/\"},{\"@type\":\"ListItem\",\"position\":3,\"name\":\"QT 06\"}]},{\"@type\":\"WebSite\",\"@id\":\"https:\\\/\\\/trackcable.com\\\/fr\\\/#website\",\"url\":\"https:\\\/\\\/trackcable.com\\\/fr\\\/\",\"name\":\"trackcable.com\",\"description\":\"Precision in cable management\",\"publisher\":{\"@id\":\"https:\\\/\\\/trackcable.com\\\/fr\\\/#organization\"},\"potentialAction\":[{\"@type\":\"SearchAction\",\"target\":{\"@type\":\"EntryPoint\",\"urlTemplate\":\"https:\\\/\\\/trackcable.com\\\/fr\\\/?s={search_term_string}\"},\"query-input\":{\"@type\":\"PropertyValueSpecification\",\"valueRequired\":true,\"valueName\":\"search_term_string\"}}],\"inLanguage\":\"fr-FR\"},{\"@type\":\"Organization\",\"@id\":\"https:\\\/\\\/trackcable.com\\\/fr\\\/#organization\",\"name\":\"TrackCable | Precision in industrial cable management\",\"url\":\"https:\\\/\\\/trackcable.com\\\/fr\\\/\",\"logo\":{\"@type\":\"ImageObject\",\"inLanguage\":\"fr-FR\",\"@id\":\"https:\\\/\\\/trackcable.com\\\/fr\\\/#\\\/schema\\\/logo\\\/image\\\/\",\"url\":\"https:\\\/\\\/trackcable.com\\\/wp-content\\\/uploads\\\/2026\\\/02\\\/TrackCable.jpg\",\"contentUrl\":\"https:\\\/\\\/trackcable.com\\\/wp-content\\\/uploads\\\/2026\\\/02\\\/TrackCable.jpg\",\"width\":600,\"height\":300,\"caption\":\"TrackCable | Precision in industrial cable management\"},\"image\":{\"@id\":\"https:\\\/\\\/trackcable.com\\\/fr\\\/#\\\/schema\\\/logo\\\/image\\\/\"}}]}<\/script>\n<!-- \/ Yoast SEO plugin. -->","yoast_head_json":{"title":"\u0152illet \u00e0 c\u00e2ble Icotek QT 06 | TrackCable","description":"Achetez un \u0153illet Icotek QT 06 pour un scellement s\u00e9curis\u00e9 et fiable dans les applications industrielles. Livraison rapide disponible.","robots":{"index":"index","follow":"follow","max-snippet":"max-snippet:-1","max-image-preview":"max-image-preview:large","max-video-preview":"max-video-preview:-1"},"canonical":"https:\/\/trackcable.com\/fr\/produit\/qt-06\/","og_locale":"fr_FR","og_type":"article","og_title":"\u0152illet \u00e0 c\u00e2ble Icotek QT 06 | TrackCable","og_description":"Achetez un \u0153illet Icotek QT 06 pour un scellement s\u00e9curis\u00e9 et fiable dans les applications industrielles. Livraison rapide disponible.","og_url":"https:\/\/trackcable.com\/fr\/produit\/qt-06\/","og_site_name":"trackcable.com","article_modified_time":"2026-03-26T12:37:44+00:00","og_image":[{"width":300,"height":199,"url":"https:\/\/trackcable.com\/wp-content\/uploads\/2026\/03\/QT-06.jpg","type":"image\/jpeg"}],"twitter_card":"summary_large_image","twitter_misc":{"Dur\u00e9e de lecture estim\u00e9e":"1 minute"},"schema":{"@context":"https:\/\/schema.org","@graph":[{"@type":"WebPage","@id":"https:\/\/trackcable.com\/fr\/produit\/qt-06\/","url":"https:\/\/trackcable.com\/fr\/produit\/qt-06\/","name":"\u0152illet \u00e0 c\u00e2ble Icotek QT 06 | TrackCable","isPartOf":{"@id":"https:\/\/trackcable.com\/fr\/#website"},"primaryImageOfPage":{"@id":"https:\/\/trackcable.com\/fr\/produit\/qt-06\/#primaryimage"},"image":{"@id":"https:\/\/trackcable.com\/fr\/produit\/qt-06\/#primaryimage"},"thumbnailUrl":"https:\/\/trackcable.com\/wp-content\/uploads\/2026\/03\/QT-06.jpg","datePublished":"2026-03-18T08:20:43+00:00","dateModified":"2026-03-26T12:37:44+00:00","description":"Achetez un \u0153illet Icotek QT 06 pour un scellement s\u00e9curis\u00e9 et fiable dans les applications industrielles. Livraison rapide disponible.","breadcrumb":{"@id":"https:\/\/trackcable.com\/fr\/produit\/qt-06\/#breadcrumb"},"inLanguage":"fr-FR","potentialAction":[{"@type":"ReadAction","target":["https:\/\/trackcable.com\/fr\/produit\/qt-06\/"]}]},{"@type":"ImageObject","inLanguage":"fr-FR","@id":"https:\/\/trackcable.com\/fr\/produit\/qt-06\/#primaryimage","url":"https:\/\/trackcable.com\/wp-content\/uploads\/2026\/03\/QT-06.jpg","contentUrl":"https:\/\/trackcable.com\/wp-content\/uploads\/2026\/03\/QT-06.jpg","width":300,"height":199,"caption":"Illustration 3D du QT 06 \u2014 un bloc m\u00e9tallique compact, gris et rectangulaire avec un trou circulaire central et des rainures lat\u00e9rales \u2014 affich\u00e9 sur un fond blanc uni."},{"@type":"BreadcrumbList","@id":"https:\/\/trackcable.com\/fr\/produit\/qt-06\/#breadcrumb","itemListElement":[{"@type":"ListItem","position":1,"name":"Accueil","item":"https:\/\/trackcable.com\/fr\/accueil\/"},{"@type":"ListItem","position":2,"name":"Boutique","item":"https:\/\/trackcable.com\/fr\/boutique\/"},{"@type":"ListItem","position":3,"name":"QT 06"}]},{"@type":"WebSite","@id":"https:\/\/trackcable.com\/fr\/#website","url":"https:\/\/trackcable.com\/fr\/","name":"trackcable.com","description":"Precision in cable management","publisher":{"@id":"https:\/\/trackcable.com\/fr\/#organization"},"potentialAction":[{"@type":"SearchAction","target":{"@type":"EntryPoint","urlTemplate":"https:\/\/trackcable.com\/fr\/?s={search_term_string}"},"query-input":{"@type":"PropertyValueSpecification","valueRequired":true,"valueName":"search_term_string"}}],"inLanguage":"fr-FR"},{"@type":"Organization","@id":"https:\/\/trackcable.com\/fr\/#organization","name":"TrackCable | Precision in industrial cable management","url":"https:\/\/trackcable.com\/fr\/","logo":{"@type":"ImageObject","inLanguage":"fr-FR","@id":"https:\/\/trackcable.com\/fr\/#\/schema\/logo\/image\/","url":"https:\/\/trackcable.com\/wp-content\/uploads\/2026\/02\/TrackCable.jpg","contentUrl":"https:\/\/trackcable.com\/wp-content\/uploads\/2026\/02\/TrackCable.jpg","width":600,"height":300,"caption":"TrackCable | Precision in industrial cable management"},"image":{"@id":"https:\/\/trackcable.com\/fr\/#\/schema\/logo\/image\/"}}]}},"_links":{"self":[{"href":"https:\/\/trackcable.com\/fr\/wp-json\/wp\/v2\/product\/10243","targetHints":{"allow":["GET"]}}],"collection":[{"href":"https:\/\/trackcable.com\/fr\/wp-json\/wp\/v2\/product"}],"about":[{"href":"https:\/\/trackcable.com\/fr\/wp-json\/wp\/v2\/types\/product"}],"replies":[{"embeddable":true,"href":"https:\/\/trackcable.com\/fr\/wp-json\/wp\/v2\/comments?post=10243"}],"version-history":[{"count":1,"href":"https:\/\/trackcable.com\/fr\/wp-json\/wp\/v2\/product\/10243\/revisions"}],"predecessor-version":[{"id":12817,"href":"https:\/\/trackcable.com\/fr\/wp-json\/wp\/v2\/product\/10243\/revisions\/12817"}],"wp:featuredmedia":[{"embeddable":true,"href":"https:\/\/trackcable.com\/fr\/wp-json\/wp\/v2\/media\/10244"}],"wp:attachment":[{"href":"https:\/\/trackcable.com\/fr\/wp-json\/wp\/v2\/media?parent=10243"}],"wp:term":[{"taxonomy":"brand","embeddable":true,"href":"https:\/\/trackcable.com\/fr\/wp-json\/wp\/v2\/etheme_brands?post=10243"},{"taxonomy":"product_brand","embeddable":true,"href":"https:\/\/trackcable.com\/fr\/wp-json\/wp\/v2\/product_brand?post=10243"},{"taxonomy":"product_cat","embeddable":true,"href":"https:\/\/trackcable.com\/fr\/wp-json\/wp\/v2\/product_cat?post=10243"},{"taxonomy":"product_tag","embeddable":true,"href":"https:\/\/trackcable.com\/fr\/wp-json\/wp\/v2\/product_tag?post=10243"}],"curies":[{"name":"wp","href":"https:\/\/api.w.org\/{rel}","templated":true}]}}