{"id":10336,"date":"2026-02-20T10:51:47","date_gmt":"2026-02-20T10:51:47","guid":{"rendered":"https:\/\/trackcable.com\/product\/pa-mbb-23f-g-machoire-moyenne\/"},"modified":"2026-03-26T12:38:06","modified_gmt":"2026-03-26T12:38:06","slug":"pa-mbb-23f-g-machoire-moyenne","status":"publish","type":"product","link":"https:\/\/trackcable.com\/fr\/produit\/pa-mbb-23f-g-machoire-moyenne\/","title":{"rendered":"PA-MBB-23F\/G \u2013 M\u00e2choire moyenne"},"content":{"rendered":"<p data-start=\"209\" data-end=\"250\"><strong data-start=\"209\" data-end=\"250\">M\u00c2CHOIRE moyenne REIKU\u00ae PAMBB \u2013 PAMBB-23F\/G<\/strong><\/p>\n<p data-start=\"252\" data-end=\"570\">La m\u00e2choire centrale REIKU\u00ae PAMBB est un composant de connexion durable con\u00e7u pour l\u2019assemblage s\u00e9curis\u00e9 des tubes de protection du c\u00e2ble ondul\u00e9. Fabriqu\u00e9 en polyamide 6 de haute qualit\u00e9, ce raccord noir offre une excellente r\u00e9sistance m\u00e9canique et chimique pour des performances fiables dans des environnements industriels exigeants. <\/p>\n<p data-start=\"572\" data-end=\"736\">Con\u00e7ue pour une <strong data-start=\"585\" data-end=\"607\">conduite de 23 mm<\/strong> et compatible avec les profils de <strong data-start=\"644\" data-end=\"659\">tubes F, G et M<\/strong>, cette m\u00e2choire centrale assure un assemblage s\u00e9curis\u00e9 et stable du syst\u00e8me de protection des c\u00e2bles.<\/p>\n<h3 data-start=\"738\" data-end=\"758\"><strong data-start=\"742\" data-end=\"758\">Caract\u00e9ristiques cl\u00e9s<\/strong><\/h3>\n<ul data-start=\"759\" data-end=\"1073\">\n<li data-start=\"759\" data-end=\"791\">\n<p data-start=\"761\" data-end=\"791\"><strong data-start=\"761\" data-end=\"770\">Type :<\/strong> Ajustement de la m\u00e2choire centrale<\/p>\n<\/li>\n<li data-start=\"792\" data-end=\"821\">\n<p data-start=\"794\" data-end=\"821\"><strong data-start=\"794\" data-end=\"807\">Mat\u00e9riel :<\/strong> Polyamide 6<\/p>\n<\/li>\n<li data-start=\"822\" data-end=\"842\">\n<p data-start=\"824\" data-end=\"842\"><strong data-start=\"824\" data-end=\"834\">Couleur :<\/strong> Noir<\/p>\n<\/li>\n<li data-start=\"843\" data-end=\"874\">\n<p data-start=\"845\" data-end=\"874\"><strong data-start=\"845\" data-end=\"868\">R\u00e9sistants aux produits chimiques :<\/strong> Oui<\/p>\n<\/li>\n<li data-start=\"875\" data-end=\"906\">\n<p data-start=\"877\" data-end=\"906\"><strong data-start=\"877\" data-end=\"898\">Pour la taille des conduits :<\/strong> 23 mm<\/p>\n<\/li>\n<li data-start=\"907\" data-end=\"943\">\n<p data-start=\"909\" data-end=\"943\"><strong data-start=\"909\" data-end=\"933\">Profils compatibles :<\/strong> F, G, M<\/p>\n<\/li>\n<li data-start=\"944\" data-end=\"986\">\n<p data-start=\"946\" data-end=\"986\"><strong data-start=\"946\" data-end=\"966\">Type de connexion :<\/strong> Tube ondul\u00e9<\/p>\n<\/li>\n<li data-start=\"987\" data-end=\"1008\">\n<p data-start=\"989\" data-end=\"1008\"><strong data-start=\"989\" data-end=\"999\">Marque :<\/strong> REIKU\u00ae<\/p>\n<\/li>\n<\/ul>\n","protected":false},"excerpt":{"rendered":"<p>M\u00c2CHOIRE moyenne REIKU\u00ae PAMBB \u2013 PAMBB-23F\/G La m\u00e2choire centrale REIKU\u00ae PAMBB est un composant de connexion durable con\u00e7u pour l\u2019assemblage s\u00e9curis\u00e9 des tubes de protection&#8230;<\/p>\n","protected":false},"featured_media":10317,"comment_status":"open","ping_status":"closed","template":"","meta":[],"etheme_brands":[{"term_id":699,"name":"Reiku","slug":"reiku","term_group":0,"term_taxonomy_id":699,"taxonomy":"brand","description":"Reiku est un sp\u00e9cialiste des syst\u00e8mes de protection de c\u00e2bles haute performance, proposant des gaines flexibles et des accessoires con\u00e7us pour prot\u00e9ger les c\u00e2bles dans des environnements exigeants tels que la robotique, l\u2019automatisation et les machines.","parent":0,"count":41,"filter":"raw"}],"product_brand":[],"product_cat":[303],"product_tag":[],"class_list":{"0":"post-10336","1":"product","2":"type-product","3":"status-publish","4":"has-post-thumbnail","6":"brand-reiku","7":"product_cat-machoires-centrales","9":"first","10":"instock","11":"taxable","12":"shipping-taxable","13":"purchasable","14":"product-type-simple"},"yoast_head":"<!-- This site is optimized with the Yoast SEO plugin v27.3 - https:\/\/yoast.com\/product\/yoast-seo-wordpress\/ -->\n<title>Reiku PA-MBB-23F\/G M\u00e2choire moyenne | TrackCable<\/title>\n<meta name=\"description\" content=\"Achetez une m\u00e2choire centrale Reiku PA-MBB-23F\/G pour une fixation s\u00e9curis\u00e9e sur le c\u00e2ble. Solution durable pour la gestion des c\u00e2bles industriels. Livraison rapide disponible.\" \/>\n<meta name=\"robots\" content=\"index, follow, max-snippet:-1, max-image-preview:large, max-video-preview:-1\" \/>\n<link rel=\"canonical\" href=\"https:\/\/trackcable.com\/fr\/produit\/pa-mbb-23f-g-machoire-moyenne\/\" \/>\n<meta property=\"og:locale\" content=\"fr_FR\" \/>\n<meta property=\"og:type\" content=\"article\" \/>\n<meta property=\"og:title\" content=\"Reiku PA-MBB-23F\/G M\u00e2choire moyenne | TrackCable\" \/>\n<meta property=\"og:description\" content=\"Achetez une m\u00e2choire centrale Reiku PA-MBB-23F\/G pour une fixation s\u00e9curis\u00e9e sur le c\u00e2ble. Solution durable pour la gestion des c\u00e2bles industriels. Livraison rapide disponible.\" \/>\n<meta property=\"og:url\" content=\"https:\/\/trackcable.com\/fr\/produit\/pa-mbb-23f-g-machoire-moyenne\/\" \/>\n<meta property=\"og:site_name\" content=\"trackcable.com\" \/>\n<meta property=\"article:modified_time\" content=\"2026-03-26T12:38:06+00:00\" \/>\n<meta property=\"og:image\" content=\"https:\/\/trackcable.com\/wp-content\/uploads\/2026\/02\/PA-RAB-23F-3-1.jpg\" \/>\n\t<meta property=\"og:image:width\" content=\"300\" \/>\n\t<meta property=\"og:image:height\" content=\"199\" \/>\n\t<meta property=\"og:image:type\" content=\"image\/jpeg\" \/>\n<meta name=\"twitter:card\" content=\"summary_large_image\" \/>\n<meta name=\"twitter:label1\" content=\"Dur\u00e9e de lecture estim\u00e9e\" \/>\n\t<meta name=\"twitter:data1\" content=\"1 minute\" \/>\n<script type=\"application\/ld+json\" class=\"yoast-schema-graph\">{\"@context\":\"https:\\\/\\\/schema.org\",\"@graph\":[{\"@type\":\"WebPage\",\"@id\":\"https:\\\/\\\/trackcable.com\\\/fr\\\/produit\\\/pa-mbb-23f-g-machoire-moyenne\\\/\",\"url\":\"https:\\\/\\\/trackcable.com\\\/fr\\\/produit\\\/pa-mbb-23f-g-machoire-moyenne\\\/\",\"name\":\"Reiku PA-MBB-23F\\\/G M\u00e2choire moyenne | TrackCable\",\"isPartOf\":{\"@id\":\"https:\\\/\\\/trackcable.com\\\/fr\\\/#website\"},\"primaryImageOfPage\":{\"@id\":\"https:\\\/\\\/trackcable.com\\\/fr\\\/produit\\\/pa-mbb-23f-g-machoire-moyenne\\\/#primaryimage\"},\"image\":{\"@id\":\"https:\\\/\\\/trackcable.com\\\/fr\\\/produit\\\/pa-mbb-23f-g-machoire-moyenne\\\/#primaryimage\"},\"thumbnailUrl\":\"https:\\\/\\\/trackcable.com\\\/wp-content\\\/uploads\\\/2026\\\/02\\\/PA-RAB-23F-3-1.jpg\",\"datePublished\":\"2026-02-20T10:51:47+00:00\",\"dateModified\":\"2026-03-26T12:38:06+00:00\",\"description\":\"Achetez une m\u00e2choire centrale Reiku PA-MBB-23F\\\/G pour une fixation s\u00e9curis\u00e9e sur le c\u00e2ble. Solution durable pour la gestion des c\u00e2bles industriels. Livraison rapide disponible.\",\"breadcrumb\":{\"@id\":\"https:\\\/\\\/trackcable.com\\\/fr\\\/produit\\\/pa-mbb-23f-g-machoire-moyenne\\\/#breadcrumb\"},\"inLanguage\":\"fr-FR\",\"potentialAction\":[{\"@type\":\"ReadAction\",\"target\":[\"https:\\\/\\\/trackcable.com\\\/fr\\\/produit\\\/pa-mbb-23f-g-machoire-moyenne\\\/\"]}]},{\"@type\":\"ImageObject\",\"inLanguage\":\"fr-FR\",\"@id\":\"https:\\\/\\\/trackcable.com\\\/fr\\\/produit\\\/pa-mbb-23f-g-machoire-moyenne\\\/#primaryimage\",\"url\":\"https:\\\/\\\/trackcable.com\\\/wp-content\\\/uploads\\\/2026\\\/02\\\/PA-RAB-23F-3-1.jpg\",\"contentUrl\":\"https:\\\/\\\/trackcable.com\\\/wp-content\\\/uploads\\\/2026\\\/02\\\/PA-RAB-23F-3-1.jpg\",\"width\":300,\"height\":199,\"caption\":\"Six pi\u00e8ces m\u00e9caniques noires, dont deux anneaux circulaires et quatre segments courb\u00e9s PA-MBB-23F\\\/G Middle Jaw, sont expos\u00e9es soigneusement en deux rang\u00e9es sur un fond blanc.\"},{\"@type\":\"BreadcrumbList\",\"@id\":\"https:\\\/\\\/trackcable.com\\\/fr\\\/produit\\\/pa-mbb-23f-g-machoire-moyenne\\\/#breadcrumb\",\"itemListElement\":[{\"@type\":\"ListItem\",\"position\":1,\"name\":\"Accueil\",\"item\":\"https:\\\/\\\/trackcable.com\\\/fr\\\/accueil\\\/\"},{\"@type\":\"ListItem\",\"position\":2,\"name\":\"Boutique\",\"item\":\"https:\\\/\\\/trackcable.com\\\/fr\\\/boutique\\\/\"},{\"@type\":\"ListItem\",\"position\":3,\"name\":\"PA-MBB-23F\\\/G \u2013 M\u00e2choire moyenne\"}]},{\"@type\":\"WebSite\",\"@id\":\"https:\\\/\\\/trackcable.com\\\/fr\\\/#website\",\"url\":\"https:\\\/\\\/trackcable.com\\\/fr\\\/\",\"name\":\"trackcable.com\",\"description\":\"Precision in cable management\",\"publisher\":{\"@id\":\"https:\\\/\\\/trackcable.com\\\/fr\\\/#organization\"},\"potentialAction\":[{\"@type\":\"SearchAction\",\"target\":{\"@type\":\"EntryPoint\",\"urlTemplate\":\"https:\\\/\\\/trackcable.com\\\/fr\\\/?s={search_term_string}\"},\"query-input\":{\"@type\":\"PropertyValueSpecification\",\"valueRequired\":true,\"valueName\":\"search_term_string\"}}],\"inLanguage\":\"fr-FR\"},{\"@type\":\"Organization\",\"@id\":\"https:\\\/\\\/trackcable.com\\\/fr\\\/#organization\",\"name\":\"TrackCable | Precision in industrial cable management\",\"url\":\"https:\\\/\\\/trackcable.com\\\/fr\\\/\",\"logo\":{\"@type\":\"ImageObject\",\"inLanguage\":\"fr-FR\",\"@id\":\"https:\\\/\\\/trackcable.com\\\/fr\\\/#\\\/schema\\\/logo\\\/image\\\/\",\"url\":\"https:\\\/\\\/trackcable.com\\\/wp-content\\\/uploads\\\/2026\\\/02\\\/TrackCable.jpg\",\"contentUrl\":\"https:\\\/\\\/trackcable.com\\\/wp-content\\\/uploads\\\/2026\\\/02\\\/TrackCable.jpg\",\"width\":600,\"height\":300,\"caption\":\"TrackCable | Precision in industrial cable management\"},\"image\":{\"@id\":\"https:\\\/\\\/trackcable.com\\\/fr\\\/#\\\/schema\\\/logo\\\/image\\\/\"}}]}<\/script>\n<!-- \/ Yoast SEO plugin. -->","yoast_head_json":{"title":"Reiku PA-MBB-23F\/G M\u00e2choire moyenne | TrackCable","description":"Achetez une m\u00e2choire centrale Reiku PA-MBB-23F\/G pour une fixation s\u00e9curis\u00e9e sur le c\u00e2ble. Solution durable pour la gestion des c\u00e2bles industriels. Livraison rapide disponible.","robots":{"index":"index","follow":"follow","max-snippet":"max-snippet:-1","max-image-preview":"max-image-preview:large","max-video-preview":"max-video-preview:-1"},"canonical":"https:\/\/trackcable.com\/fr\/produit\/pa-mbb-23f-g-machoire-moyenne\/","og_locale":"fr_FR","og_type":"article","og_title":"Reiku PA-MBB-23F\/G M\u00e2choire moyenne | TrackCable","og_description":"Achetez une m\u00e2choire centrale Reiku PA-MBB-23F\/G pour une fixation s\u00e9curis\u00e9e sur le c\u00e2ble. Solution durable pour la gestion des c\u00e2bles industriels. Livraison rapide disponible.","og_url":"https:\/\/trackcable.com\/fr\/produit\/pa-mbb-23f-g-machoire-moyenne\/","og_site_name":"trackcable.com","article_modified_time":"2026-03-26T12:38:06+00:00","og_image":[{"width":300,"height":199,"url":"https:\/\/trackcable.com\/wp-content\/uploads\/2026\/02\/PA-RAB-23F-3-1.jpg","type":"image\/jpeg"}],"twitter_card":"summary_large_image","twitter_misc":{"Dur\u00e9e de lecture estim\u00e9e":"1 minute"},"schema":{"@context":"https:\/\/schema.org","@graph":[{"@type":"WebPage","@id":"https:\/\/trackcable.com\/fr\/produit\/pa-mbb-23f-g-machoire-moyenne\/","url":"https:\/\/trackcable.com\/fr\/produit\/pa-mbb-23f-g-machoire-moyenne\/","name":"Reiku PA-MBB-23F\/G M\u00e2choire moyenne | TrackCable","isPartOf":{"@id":"https:\/\/trackcable.com\/fr\/#website"},"primaryImageOfPage":{"@id":"https:\/\/trackcable.com\/fr\/produit\/pa-mbb-23f-g-machoire-moyenne\/#primaryimage"},"image":{"@id":"https:\/\/trackcable.com\/fr\/produit\/pa-mbb-23f-g-machoire-moyenne\/#primaryimage"},"thumbnailUrl":"https:\/\/trackcable.com\/wp-content\/uploads\/2026\/02\/PA-RAB-23F-3-1.jpg","datePublished":"2026-02-20T10:51:47+00:00","dateModified":"2026-03-26T12:38:06+00:00","description":"Achetez une m\u00e2choire centrale Reiku PA-MBB-23F\/G pour une fixation s\u00e9curis\u00e9e sur le c\u00e2ble. Solution durable pour la gestion des c\u00e2bles industriels. Livraison rapide disponible.","breadcrumb":{"@id":"https:\/\/trackcable.com\/fr\/produit\/pa-mbb-23f-g-machoire-moyenne\/#breadcrumb"},"inLanguage":"fr-FR","potentialAction":[{"@type":"ReadAction","target":["https:\/\/trackcable.com\/fr\/produit\/pa-mbb-23f-g-machoire-moyenne\/"]}]},{"@type":"ImageObject","inLanguage":"fr-FR","@id":"https:\/\/trackcable.com\/fr\/produit\/pa-mbb-23f-g-machoire-moyenne\/#primaryimage","url":"https:\/\/trackcable.com\/wp-content\/uploads\/2026\/02\/PA-RAB-23F-3-1.jpg","contentUrl":"https:\/\/trackcable.com\/wp-content\/uploads\/2026\/02\/PA-RAB-23F-3-1.jpg","width":300,"height":199,"caption":"Six pi\u00e8ces m\u00e9caniques noires, dont deux anneaux circulaires et quatre segments courb\u00e9s PA-MBB-23F\/G Middle Jaw, sont expos\u00e9es soigneusement en deux rang\u00e9es sur un fond blanc."},{"@type":"BreadcrumbList","@id":"https:\/\/trackcable.com\/fr\/produit\/pa-mbb-23f-g-machoire-moyenne\/#breadcrumb","itemListElement":[{"@type":"ListItem","position":1,"name":"Accueil","item":"https:\/\/trackcable.com\/fr\/accueil\/"},{"@type":"ListItem","position":2,"name":"Boutique","item":"https:\/\/trackcable.com\/fr\/boutique\/"},{"@type":"ListItem","position":3,"name":"PA-MBB-23F\/G \u2013 M\u00e2choire moyenne"}]},{"@type":"WebSite","@id":"https:\/\/trackcable.com\/fr\/#website","url":"https:\/\/trackcable.com\/fr\/","name":"trackcable.com","description":"Precision in cable management","publisher":{"@id":"https:\/\/trackcable.com\/fr\/#organization"},"potentialAction":[{"@type":"SearchAction","target":{"@type":"EntryPoint","urlTemplate":"https:\/\/trackcable.com\/fr\/?s={search_term_string}"},"query-input":{"@type":"PropertyValueSpecification","valueRequired":true,"valueName":"search_term_string"}}],"inLanguage":"fr-FR"},{"@type":"Organization","@id":"https:\/\/trackcable.com\/fr\/#organization","name":"TrackCable | Precision in industrial cable management","url":"https:\/\/trackcable.com\/fr\/","logo":{"@type":"ImageObject","inLanguage":"fr-FR","@id":"https:\/\/trackcable.com\/fr\/#\/schema\/logo\/image\/","url":"https:\/\/trackcable.com\/wp-content\/uploads\/2026\/02\/TrackCable.jpg","contentUrl":"https:\/\/trackcable.com\/wp-content\/uploads\/2026\/02\/TrackCable.jpg","width":600,"height":300,"caption":"TrackCable | Precision in industrial cable management"},"image":{"@id":"https:\/\/trackcable.com\/fr\/#\/schema\/logo\/image\/"}}]}},"_links":{"self":[{"href":"https:\/\/trackcable.com\/fr\/wp-json\/wp\/v2\/product\/10336","targetHints":{"allow":["GET"]}}],"collection":[{"href":"https:\/\/trackcable.com\/fr\/wp-json\/wp\/v2\/product"}],"about":[{"href":"https:\/\/trackcable.com\/fr\/wp-json\/wp\/v2\/types\/product"}],"replies":[{"embeddable":true,"href":"https:\/\/trackcable.com\/fr\/wp-json\/wp\/v2\/comments?post=10336"}],"version-history":[{"count":1,"href":"https:\/\/trackcable.com\/fr\/wp-json\/wp\/v2\/product\/10336\/revisions"}],"predecessor-version":[{"id":12873,"href":"https:\/\/trackcable.com\/fr\/wp-json\/wp\/v2\/product\/10336\/revisions\/12873"}],"wp:featuredmedia":[{"embeddable":true,"href":"https:\/\/trackcable.com\/fr\/wp-json\/wp\/v2\/media\/10317"}],"wp:attachment":[{"href":"https:\/\/trackcable.com\/fr\/wp-json\/wp\/v2\/media?parent=10336"}],"wp:term":[{"taxonomy":"brand","embeddable":true,"href":"https:\/\/trackcable.com\/fr\/wp-json\/wp\/v2\/etheme_brands?post=10336"},{"taxonomy":"product_brand","embeddable":true,"href":"https:\/\/trackcable.com\/fr\/wp-json\/wp\/v2\/product_brand?post=10336"},{"taxonomy":"product_cat","embeddable":true,"href":"https:\/\/trackcable.com\/fr\/wp-json\/wp\/v2\/product_cat?post=10336"},{"taxonomy":"product_tag","embeddable":true,"href":"https:\/\/trackcable.com\/fr\/wp-json\/wp\/v2\/product_tag?post=10336"}],"curies":[{"name":"wp","href":"https:\/\/api.w.org\/{rel}","templated":true}]}}