{"id":10813,"date":"2026-02-20T09:15:42","date_gmt":"2026-02-20T09:15:42","guid":{"rendered":"https:\/\/trackcable.com\/product\/pa-rab-23f-50-metres-profil-fin-pa12\/"},"modified":"2026-03-26T12:38:42","modified_gmt":"2026-03-26T12:38:42","slug":"pa-rab-23f-50-metres-profil-fin-pa12","status":"publish","type":"product","link":"https:\/\/trackcable.com\/fr\/produit\/pa-rab-23f-50-metres-profil-fin-pa12\/","title":{"rendered":"PA-RAB-23F | 50 m\u00e8tres | Profil fin | PA12"},"content":{"rendered":"<p data-start=\"183\" data-end=\"220\"><strong data-start=\"183\" data-end=\"220\">Tubulure REIKU\u00ae PA RAB \u2013 PA-RAB-23F<\/strong><\/p>\n<p data-start=\"222\" data-end=\"533\">Le tube REIKU\u00ae PA RAB est une solution de protection des c\u00e2bles hautement flexible, con\u00e7ue pour des performances fiables dans des environnements industriels exigeants. Fabriqu\u00e9 en polyamide noire durable, ce tube offre une excellente r\u00e9sistance m\u00e9canique tout en maintenant une flexibilit\u00e9 sup\u00e9rieure pour une installation et un d\u00e9roulement faciles. <\/p>\n<p data-start=\"535\" data-end=\"729\">Ce produit r\u00e9pond aux normes strictes de qualit\u00e9 de la marque REIKU et est id\u00e9al pour prot\u00e9ger les c\u00e2bles contre l\u2019abrasion, le mouvement et les contraintes externes dans les applications industrielles de gestion des c\u00e2bles.<\/p>\n<h3 data-start=\"731\" data-end=\"751\"><strong data-start=\"735\" data-end=\"751\">Caract\u00e9ristiques cl\u00e9s<\/strong><\/h3>\n<ul data-start=\"752\" data-end=\"973\">\n<li data-start=\"752\" data-end=\"790\">\n<p data-start=\"754\" data-end=\"790\"><strong data-start=\"754\" data-end=\"767\">Mat\u00e9riel :<\/strong> Polyamide noire (PA)<\/p>\n<\/li>\n<li data-start=\"791\" data-end=\"844\">\n<p data-start=\"793\" data-end=\"844\"><strong data-start=\"793\" data-end=\"802\">Type :<\/strong> Tuyau de protection de c\u00e2ble tr\u00e8s flexible<\/p>\n<\/li>\n<li data-start=\"845\" data-end=\"867\">\n<p data-start=\"847\" data-end=\"867\"><strong data-start=\"847\" data-end=\"858\">S\u00e9rie :<\/strong> PA RAB<\/p>\n<\/li>\n<li data-start=\"868\" data-end=\"889\">\n<p data-start=\"870\" data-end=\"889\"><strong data-start=\"870\" data-end=\"880\">Marque :<\/strong> REIKU\u00ae<\/p>\n<\/li>\n<li data-start=\"890\" data-end=\"973\">\n<p data-start=\"892\" data-end=\"973\"><strong data-start=\"892\" data-end=\"908\">Application :<\/strong> Gestion durable et s\u00e9curis\u00e9e des c\u00e2bles dans les environnements industriels<\/p>\n<\/li>\n<\/ul>\n","protected":false},"excerpt":{"rendered":"<p><span style=\"font-size: 12px; line-height: 1.2; display: block;\"><br \/>\nLE REIKU\u00ae PA-RAB-23F est une protection de c\u00e2ble PA12 tr\u00e8s flexible<br \/>\n<\/span><\/p>\n","protected":false},"featured_media":8285,"comment_status":"open","ping_status":"closed","template":"","meta":[],"etheme_brands":[{"term_id":699,"name":"Reiku","slug":"reiku","term_group":0,"term_taxonomy_id":699,"taxonomy":"brand","description":"Reiku est un sp\u00e9cialiste des syst\u00e8mes de protection de c\u00e2bles haute performance, proposant des gaines flexibles et des accessoires con\u00e7us pour prot\u00e9ger les c\u00e2bles dans des environnements exigeants tels que la robotique, l\u2019automatisation et les machines.","parent":0,"count":41,"filter":"raw"}],"product_brand":[],"product_cat":[312],"product_tag":[664],"class_list":{"0":"post-10813","1":"product","2":"type-product","3":"status-publish","4":"has-post-thumbnail","6":"brand-reiku","7":"product_cat-gaines-de-protection-pour-cables","8":"product_tag-50-metres","10":"first","11":"instock","12":"taxable","13":"shipping-taxable","14":"purchasable","15":"product-type-simple"},"yoast_head":"<!-- This site is optimized with the Yoast SEO plugin v27.3 - https:\/\/yoast.com\/product\/yoast-seo-wordpress\/ -->\n<title>Conduit Reiku PA-RAB-23F PA12 50m | TrackCable<\/title>\n<meta name=\"description\" content=\"Conduit Reiku PA-RAB-23F PA12 (50 m) con\u00e7u pour la protection flexible des c\u00e2bles dans les syst\u00e8mes industriels et automobiles.\" \/>\n<meta name=\"robots\" content=\"index, follow, max-snippet:-1, max-image-preview:large, max-video-preview:-1\" \/>\n<link rel=\"canonical\" href=\"https:\/\/trackcable.com\/fr\/produit\/pa-rab-23f-50-metres-profil-fin-pa12\/\" \/>\n<meta property=\"og:locale\" content=\"fr_FR\" \/>\n<meta property=\"og:type\" content=\"article\" \/>\n<meta property=\"og:title\" content=\"Conduit Reiku PA-RAB-23F PA12 50m | TrackCable\" \/>\n<meta property=\"og:description\" content=\"Conduit Reiku PA-RAB-23F PA12 (50 m) con\u00e7u pour la protection flexible des c\u00e2bles dans les syst\u00e8mes industriels et automobiles.\" \/>\n<meta property=\"og:url\" content=\"https:\/\/trackcable.com\/fr\/produit\/pa-rab-23f-50-metres-profil-fin-pa12\/\" \/>\n<meta property=\"og:site_name\" content=\"trackcable.com\" \/>\n<meta property=\"article:modified_time\" content=\"2026-03-26T12:38:42+00:00\" \/>\n<meta property=\"og:image\" content=\"https:\/\/trackcable.com\/wp-content\/uploads\/2026\/02\/Reiku-PA-RRB-29G.jpg\" \/>\n\t<meta property=\"og:image:width\" content=\"300\" \/>\n\t<meta property=\"og:image:height\" content=\"199\" \/>\n\t<meta property=\"og:image:type\" content=\"image\/jpeg\" \/>\n<meta name=\"twitter:card\" content=\"summary_large_image\" \/>\n<meta name=\"twitter:label1\" content=\"Dur\u00e9e de lecture estim\u00e9e\" \/>\n\t<meta name=\"twitter:data1\" content=\"1 minute\" \/>\n<script type=\"application\/ld+json\" class=\"yoast-schema-graph\">{\"@context\":\"https:\\\/\\\/schema.org\",\"@graph\":[{\"@type\":\"WebPage\",\"@id\":\"https:\\\/\\\/trackcable.com\\\/fr\\\/produit\\\/pa-rab-23f-50-metres-profil-fin-pa12\\\/\",\"url\":\"https:\\\/\\\/trackcable.com\\\/fr\\\/produit\\\/pa-rab-23f-50-metres-profil-fin-pa12\\\/\",\"name\":\"Conduit Reiku PA-RAB-23F PA12 50m | TrackCable\",\"isPartOf\":{\"@id\":\"https:\\\/\\\/trackcable.com\\\/fr\\\/#website\"},\"primaryImageOfPage\":{\"@id\":\"https:\\\/\\\/trackcable.com\\\/fr\\\/produit\\\/pa-rab-23f-50-metres-profil-fin-pa12\\\/#primaryimage\"},\"image\":{\"@id\":\"https:\\\/\\\/trackcable.com\\\/fr\\\/produit\\\/pa-rab-23f-50-metres-profil-fin-pa12\\\/#primaryimage\"},\"thumbnailUrl\":\"https:\\\/\\\/trackcable.com\\\/wp-content\\\/uploads\\\/2026\\\/02\\\/Reiku-PA-RRB-29G.jpg\",\"datePublished\":\"2026-02-20T09:15:42+00:00\",\"dateModified\":\"2026-03-26T12:38:42+00:00\",\"description\":\"Conduit Reiku PA-RAB-23F PA12 (50 m) con\u00e7u pour la protection flexible des c\u00e2bles dans les syst\u00e8mes industriels et automobiles.\",\"breadcrumb\":{\"@id\":\"https:\\\/\\\/trackcable.com\\\/fr\\\/produit\\\/pa-rab-23f-50-metres-profil-fin-pa12\\\/#breadcrumb\"},\"inLanguage\":\"fr-FR\",\"potentialAction\":[{\"@type\":\"ReadAction\",\"target\":[\"https:\\\/\\\/trackcable.com\\\/fr\\\/produit\\\/pa-rab-23f-50-metres-profil-fin-pa12\\\/\"]}]},{\"@type\":\"ImageObject\",\"inLanguage\":\"fr-FR\",\"@id\":\"https:\\\/\\\/trackcable.com\\\/fr\\\/produit\\\/pa-rab-23f-50-metres-profil-fin-pa12\\\/#primaryimage\",\"url\":\"https:\\\/\\\/trackcable.com\\\/wp-content\\\/uploads\\\/2026\\\/02\\\/Reiku-PA-RRB-29G.jpg\",\"contentUrl\":\"https:\\\/\\\/trackcable.com\\\/wp-content\\\/uploads\\\/2026\\\/02\\\/Reiku-PA-RRB-29G.jpg\",\"width\":300,\"height\":199,\"caption\":\"Gros plan du PA-RRB-29G, un tuyau PA12 noir ondul\u00e9 de 50 m\u00e8tres avec un profil large, montr\u00e9 en angle sur un fond blanc.\"},{\"@type\":\"BreadcrumbList\",\"@id\":\"https:\\\/\\\/trackcable.com\\\/fr\\\/produit\\\/pa-rab-23f-50-metres-profil-fin-pa12\\\/#breadcrumb\",\"itemListElement\":[{\"@type\":\"ListItem\",\"position\":1,\"name\":\"Accueil\",\"item\":\"https:\\\/\\\/trackcable.com\\\/fr\\\/accueil\\\/\"},{\"@type\":\"ListItem\",\"position\":2,\"name\":\"Boutique\",\"item\":\"https:\\\/\\\/trackcable.com\\\/fr\\\/boutique\\\/\"},{\"@type\":\"ListItem\",\"position\":3,\"name\":\"PA-RAB-23F | 50 m\u00e8tres | Profil fin | PA12\"}]},{\"@type\":\"WebSite\",\"@id\":\"https:\\\/\\\/trackcable.com\\\/fr\\\/#website\",\"url\":\"https:\\\/\\\/trackcable.com\\\/fr\\\/\",\"name\":\"trackcable.com\",\"description\":\"Precision in cable management\",\"publisher\":{\"@id\":\"https:\\\/\\\/trackcable.com\\\/fr\\\/#organization\"},\"potentialAction\":[{\"@type\":\"SearchAction\",\"target\":{\"@type\":\"EntryPoint\",\"urlTemplate\":\"https:\\\/\\\/trackcable.com\\\/fr\\\/?s={search_term_string}\"},\"query-input\":{\"@type\":\"PropertyValueSpecification\",\"valueRequired\":true,\"valueName\":\"search_term_string\"}}],\"inLanguage\":\"fr-FR\"},{\"@type\":\"Organization\",\"@id\":\"https:\\\/\\\/trackcable.com\\\/fr\\\/#organization\",\"name\":\"TrackCable | Precision in industrial cable management\",\"url\":\"https:\\\/\\\/trackcable.com\\\/fr\\\/\",\"logo\":{\"@type\":\"ImageObject\",\"inLanguage\":\"fr-FR\",\"@id\":\"https:\\\/\\\/trackcable.com\\\/fr\\\/#\\\/schema\\\/logo\\\/image\\\/\",\"url\":\"https:\\\/\\\/trackcable.com\\\/wp-content\\\/uploads\\\/2026\\\/02\\\/TrackCable.jpg\",\"contentUrl\":\"https:\\\/\\\/trackcable.com\\\/wp-content\\\/uploads\\\/2026\\\/02\\\/TrackCable.jpg\",\"width\":600,\"height\":300,\"caption\":\"TrackCable | Precision in industrial cable management\"},\"image\":{\"@id\":\"https:\\\/\\\/trackcable.com\\\/fr\\\/#\\\/schema\\\/logo\\\/image\\\/\"}}]}<\/script>\n<!-- \/ Yoast SEO plugin. -->","yoast_head_json":{"title":"Conduit Reiku PA-RAB-23F PA12 50m | TrackCable","description":"Conduit Reiku PA-RAB-23F PA12 (50 m) con\u00e7u pour la protection flexible des c\u00e2bles dans les syst\u00e8mes industriels et automobiles.","robots":{"index":"index","follow":"follow","max-snippet":"max-snippet:-1","max-image-preview":"max-image-preview:large","max-video-preview":"max-video-preview:-1"},"canonical":"https:\/\/trackcable.com\/fr\/produit\/pa-rab-23f-50-metres-profil-fin-pa12\/","og_locale":"fr_FR","og_type":"article","og_title":"Conduit Reiku PA-RAB-23F PA12 50m | TrackCable","og_description":"Conduit Reiku PA-RAB-23F PA12 (50 m) con\u00e7u pour la protection flexible des c\u00e2bles dans les syst\u00e8mes industriels et automobiles.","og_url":"https:\/\/trackcable.com\/fr\/produit\/pa-rab-23f-50-metres-profil-fin-pa12\/","og_site_name":"trackcable.com","article_modified_time":"2026-03-26T12:38:42+00:00","og_image":[{"width":300,"height":199,"url":"https:\/\/trackcable.com\/wp-content\/uploads\/2026\/02\/Reiku-PA-RRB-29G.jpg","type":"image\/jpeg"}],"twitter_card":"summary_large_image","twitter_misc":{"Dur\u00e9e de lecture estim\u00e9e":"1 minute"},"schema":{"@context":"https:\/\/schema.org","@graph":[{"@type":"WebPage","@id":"https:\/\/trackcable.com\/fr\/produit\/pa-rab-23f-50-metres-profil-fin-pa12\/","url":"https:\/\/trackcable.com\/fr\/produit\/pa-rab-23f-50-metres-profil-fin-pa12\/","name":"Conduit Reiku PA-RAB-23F PA12 50m | TrackCable","isPartOf":{"@id":"https:\/\/trackcable.com\/fr\/#website"},"primaryImageOfPage":{"@id":"https:\/\/trackcable.com\/fr\/produit\/pa-rab-23f-50-metres-profil-fin-pa12\/#primaryimage"},"image":{"@id":"https:\/\/trackcable.com\/fr\/produit\/pa-rab-23f-50-metres-profil-fin-pa12\/#primaryimage"},"thumbnailUrl":"https:\/\/trackcable.com\/wp-content\/uploads\/2026\/02\/Reiku-PA-RRB-29G.jpg","datePublished":"2026-02-20T09:15:42+00:00","dateModified":"2026-03-26T12:38:42+00:00","description":"Conduit Reiku PA-RAB-23F PA12 (50 m) con\u00e7u pour la protection flexible des c\u00e2bles dans les syst\u00e8mes industriels et automobiles.","breadcrumb":{"@id":"https:\/\/trackcable.com\/fr\/produit\/pa-rab-23f-50-metres-profil-fin-pa12\/#breadcrumb"},"inLanguage":"fr-FR","potentialAction":[{"@type":"ReadAction","target":["https:\/\/trackcable.com\/fr\/produit\/pa-rab-23f-50-metres-profil-fin-pa12\/"]}]},{"@type":"ImageObject","inLanguage":"fr-FR","@id":"https:\/\/trackcable.com\/fr\/produit\/pa-rab-23f-50-metres-profil-fin-pa12\/#primaryimage","url":"https:\/\/trackcable.com\/wp-content\/uploads\/2026\/02\/Reiku-PA-RRB-29G.jpg","contentUrl":"https:\/\/trackcable.com\/wp-content\/uploads\/2026\/02\/Reiku-PA-RRB-29G.jpg","width":300,"height":199,"caption":"Gros plan du PA-RRB-29G, un tuyau PA12 noir ondul\u00e9 de 50 m\u00e8tres avec un profil large, montr\u00e9 en angle sur un fond blanc."},{"@type":"BreadcrumbList","@id":"https:\/\/trackcable.com\/fr\/produit\/pa-rab-23f-50-metres-profil-fin-pa12\/#breadcrumb","itemListElement":[{"@type":"ListItem","position":1,"name":"Accueil","item":"https:\/\/trackcable.com\/fr\/accueil\/"},{"@type":"ListItem","position":2,"name":"Boutique","item":"https:\/\/trackcable.com\/fr\/boutique\/"},{"@type":"ListItem","position":3,"name":"PA-RAB-23F | 50 m\u00e8tres | Profil fin | PA12"}]},{"@type":"WebSite","@id":"https:\/\/trackcable.com\/fr\/#website","url":"https:\/\/trackcable.com\/fr\/","name":"trackcable.com","description":"Precision in cable management","publisher":{"@id":"https:\/\/trackcable.com\/fr\/#organization"},"potentialAction":[{"@type":"SearchAction","target":{"@type":"EntryPoint","urlTemplate":"https:\/\/trackcable.com\/fr\/?s={search_term_string}"},"query-input":{"@type":"PropertyValueSpecification","valueRequired":true,"valueName":"search_term_string"}}],"inLanguage":"fr-FR"},{"@type":"Organization","@id":"https:\/\/trackcable.com\/fr\/#organization","name":"TrackCable | Precision in industrial cable management","url":"https:\/\/trackcable.com\/fr\/","logo":{"@type":"ImageObject","inLanguage":"fr-FR","@id":"https:\/\/trackcable.com\/fr\/#\/schema\/logo\/image\/","url":"https:\/\/trackcable.com\/wp-content\/uploads\/2026\/02\/TrackCable.jpg","contentUrl":"https:\/\/trackcable.com\/wp-content\/uploads\/2026\/02\/TrackCable.jpg","width":600,"height":300,"caption":"TrackCable | Precision in industrial cable management"},"image":{"@id":"https:\/\/trackcable.com\/fr\/#\/schema\/logo\/image\/"}}]}},"_links":{"self":[{"href":"https:\/\/trackcable.com\/fr\/wp-json\/wp\/v2\/product\/10813","targetHints":{"allow":["GET"]}}],"collection":[{"href":"https:\/\/trackcable.com\/fr\/wp-json\/wp\/v2\/product"}],"about":[{"href":"https:\/\/trackcable.com\/fr\/wp-json\/wp\/v2\/types\/product"}],"replies":[{"embeddable":true,"href":"https:\/\/trackcable.com\/fr\/wp-json\/wp\/v2\/comments?post=10813"}],"version-history":[{"count":1,"href":"https:\/\/trackcable.com\/fr\/wp-json\/wp\/v2\/product\/10813\/revisions"}],"predecessor-version":[{"id":12933,"href":"https:\/\/trackcable.com\/fr\/wp-json\/wp\/v2\/product\/10813\/revisions\/12933"}],"wp:featuredmedia":[{"embeddable":true,"href":"https:\/\/trackcable.com\/fr\/wp-json\/wp\/v2\/media\/8285"}],"wp:attachment":[{"href":"https:\/\/trackcable.com\/fr\/wp-json\/wp\/v2\/media?parent=10813"}],"wp:term":[{"taxonomy":"brand","embeddable":true,"href":"https:\/\/trackcable.com\/fr\/wp-json\/wp\/v2\/etheme_brands?post=10813"},{"taxonomy":"product_brand","embeddable":true,"href":"https:\/\/trackcable.com\/fr\/wp-json\/wp\/v2\/product_brand?post=10813"},{"taxonomy":"product_cat","embeddable":true,"href":"https:\/\/trackcable.com\/fr\/wp-json\/wp\/v2\/product_cat?post=10813"},{"taxonomy":"product_tag","embeddable":true,"href":"https:\/\/trackcable.com\/fr\/wp-json\/wp\/v2\/product_tag?post=10813"}],"curies":[{"name":"wp","href":"https:\/\/api.w.org\/{rel}","templated":true}]}}