{"id":10908,"date":"2026-02-19T13:38:57","date_gmt":"2026-02-19T13:38:57","guid":{"rendered":"https:\/\/trackcable.com\/product\/tka-045-080-125\/"},"modified":"2026-03-26T13:00:35","modified_gmt":"2026-03-26T13:00:35","slug":"tka-045-080-125","status":"publish","type":"product","link":"https:\/\/trackcable.com\/fr\/produit\/tka-045-080-125\/","title":{"rendered":"TKA 045-080-125"},"content":{"rendered":"<a target=\"_blank\" class=\"btn  small\" href=\"https:\/\/tsubaki-kabelschlepp.com\/uploads\/tx_tkg17pim\/documents\/pdf\/TKA-series_EN_Y25W45.pdf\"><span> Documentation<\/span><\/a>\n<p>&nbsp;<\/p>\n<p data-start=\"56\" data-end=\"403\">La <strong data-start=\"60\" data-end=\"91\">TSUBAKI KABELSCHLEPP TKA 55<\/strong> est une cha\u00eene porte-c\u00e2bles compacte et fiable con\u00e7ue pour une gestion efficace des c\u00e2bles dans les applications dynamiques l\u00e9g\u00e8res \u00e0 moyennes. Faisant partie de la s\u00e9rie TKA \u00e9prouv\u00e9e de TSUBAKI KABELSCHLEPP, cette cha\u00eene offre une protection fiable pour les c\u00e2bles et flexibles tout en assurant un fonctionnement fluide et peu usant dans les machines automatis\u00e9es. <\/p>\n<p data-start=\"405\" data-end=\"788\">Avec une <strong data-start=\"413\" data-end=\"437\">largeur int\u00e9rieure de 125 mm<\/strong> et <strong data-start=\"445\" data-end=\"470\">une hauteur int\u00e9rieure de 36 mm<\/strong>, le TKA 55 est id\u00e9al pour les ensembles de c\u00e2bles de taille moyenne n\u00e9cessitant un routage s\u00e9curis\u00e9 dans un espace d\u2019installation limit\u00e9. Cette version pr\u00e9sente une <strong data-start=\"608\" data-end=\"632\">ouverture ext\u00e9rieure<\/strong>, permettant d\u2019ouvrir les barres transversales de l\u2019ext\u00e9rieur pour une installation rapide des c\u00e2bles, une inspection pratique et un entretien simplifi\u00e9 avec un temps d\u2019arr\u00eat minimal. <\/p>\n<p data-start=\"790\" data-end=\"1059\">Pour soutenir la conception de machines flexibles, la TKA 55 est disponible en plusieurs <strong data-start=\"862\" data-end=\"938\">rayons de flexion \u2014 82 mm, 95 mm, 125 mm, 145 mm, 170 mm, 200 mm et 230 mm<\/strong> \u2014 permettant aux ing\u00e9nieurs de s\u00e9lectionner la configuration optimale tout en assurant une protection ad\u00e9quate des c\u00e2bles et un minimum de contrainte de fl\u00e9chire.<\/p>\n<hr data-start=\"1061\" data-end=\"1064\">\n<h3 data-start=\"1066\" data-end=\"1086\"><strong data-start=\"1070\" data-end=\"1086\">Caract\u00e9ristiques cl\u00e9s<\/strong><\/h3>\n<ul data-start=\"1088\" data-end=\"1423\">\n<li data-start=\"1088\" data-end=\"1156\">\n<p data-start=\"1090\" data-end=\"1156\">Conception d\u2019ouverture ext\u00e9rieure pour une installation et un entretien rapides de c\u00e2bles<\/p>\n<\/li>\n<li data-start=\"1157\" data-end=\"1204\">\n<p data-start=\"1159\" data-end=\"1204\">Dimensions int\u00e9rieures : <strong data-start=\"1177\" data-end=\"1202\">125 mm (L) \u00d7 36 mm (H)<\/strong><\/p>\n<\/li>\n<li data-start=\"1205\" data-end=\"1276\">\n<p data-start=\"1207\" data-end=\"1276\">Rayons de courbure disponibles : <strong data-start=\"1232\" data-end=\"1274\">82, 95, 125, 145, 170, 200 et 230 mm<\/strong><\/p>\n<\/li>\n<li data-start=\"1277\" data-end=\"1321\">\n<p data-start=\"1279\" data-end=\"1321\">Conception compacte pour des ensembles de c\u00e2bles moyens<\/p>\n<\/li>\n<li data-start=\"1322\" data-end=\"1376\">\n<p data-start=\"1324\" data-end=\"1376\">Fonctionnement fluide et fiable dans les applications dynamiques<\/p>\n<\/li>\n<li data-start=\"1377\" data-end=\"1423\">\n<p data-start=\"1379\" data-end=\"1423\">Construction durable pour une longue dur\u00e9e de vie<\/p>\n<\/li>\n<\/ul>\n<hr data-start=\"1425\" data-end=\"1428\">\n<p data-start=\"1430\" data-end=\"1654\">La <strong data-start=\"1434\" data-end=\"1444\">TKA 55<\/strong> est un excellent choix pour les ing\u00e9nieurs et constructeurs de machines recherchant une cha\u00eene porte-c\u00e2bles fiable qui combine dimensions compactes, maintenance facile et performances fiables dans des environnements industriels exigeants.<\/p>\n","protected":false},"excerpt":{"rendered":"<div style=\"font-size: 12.5px; line-height: 1.2; margin-top: 6px;\">\n<div style=\"display: flex; justify-content: space-between; padding: 2px 0;\"><span style=\"color: #666;\">Largeur<\/span><br \/>\n int\u00e9rieure<strong>125 mm<\/strong><\/div>\n<div style=\"display: flex; justify-content: space-between; padding: 2px 0;\">Hauteur<br \/>\n <span style=\"color: #666;\">int\u00e9rieure<\/span><strong>36 mm<\/strong><\/div>\n<div style=\"display: flex; justify-content: space-between; padding: 2px 0;\"><span style=\"color: #666;\">Terrain<\/span><br \/>\n<strong>45,5 mm<\/strong><\/div>\n<div style=\"display: flex; justify-content: space-between; padding: 2px 0;\">Rayon<br \/>\n <span style=\"color: #666;\">de courbure<\/span><strong>82\/95\/125\/145\/170\/200\/230 mm<\/strong><\/div>\n<div style=\"display: flex; justify-content: space-between; padding: 2px 0;\"><span style=\"color: #666;\">Ouverture<\/span><br \/>\n<strong>Dehors<\/strong><\/div>\n<\/div>\n","protected":false},"featured_media":12473,"comment_status":"open","ping_status":"closed","template":"","meta":[],"etheme_brands":[{"term_id":702,"name":"Tsubaki Kabelschlepp","slug":"tsubaki-kabelschlepp","term_group":0,"term_taxonomy_id":702,"taxonomy":"brand","description":"Tsubaki Kabelschlepp est un fournisseur mondialement reconnu de syst\u00e8mes de cha\u00eenes porte-c\u00e2bles et de guidage, offrant des solutions robustes et con\u00e7ues avec pr\u00e9cision pour guider et prot\u00e9ger les c\u00e2bles dans des applications industrielles dynamiques.","parent":0,"count":192,"filter":"raw"}],"product_brand":[],"product_cat":[309,471],"product_tag":[],"class_list":{"0":"post-10908","1":"product","2":"type-product","3":"status-publish","4":"has-post-thumbnail","6":"brand-tsubaki-kabelschlepp","7":"product_cat-chaines-porte-cables-en-plastique","8":"product_cat-serie-tka","10":"first","11":"instock","12":"taxable","13":"shipping-taxable","14":"purchasable","15":"product-type-variable"},"yoast_head":"<!-- This site is optimized with the Yoast SEO plugin v27.3 - https:\/\/yoast.com\/product\/yoast-seo-wordpress\/ -->\n<title>Cha\u00eene porte-c\u00e2bles Tsubaki Kabelschlepp TKA 045-080-125 | TrackCable<\/title>\n<meta name=\"description\" content=\"Achetez la cha\u00eene porte-c\u00e2bles Tsubaki Kabelschlepp TKA 045-080-125 pour une gestion fiable des c\u00e2bles dans les applications industrielles. Livraison rapide disponible.\" \/>\n<meta name=\"robots\" content=\"index, follow, max-snippet:-1, max-image-preview:large, max-video-preview:-1\" \/>\n<link rel=\"canonical\" href=\"https:\/\/trackcable.com\/fr\/produit\/tka-045-080-125\/\" \/>\n<meta property=\"og:locale\" content=\"fr_FR\" \/>\n<meta property=\"og:type\" content=\"article\" \/>\n<meta property=\"og:title\" content=\"Cha\u00eene porte-c\u00e2bles Tsubaki Kabelschlepp TKA 045-080-125 | TrackCable\" \/>\n<meta property=\"og:description\" content=\"Achetez la cha\u00eene porte-c\u00e2bles Tsubaki Kabelschlepp TKA 045-080-125 pour une gestion fiable des c\u00e2bles dans les applications industrielles. Livraison rapide disponible.\" \/>\n<meta property=\"og:url\" content=\"https:\/\/trackcable.com\/fr\/produit\/tka-045-080-125\/\" \/>\n<meta property=\"og:site_name\" content=\"trackcable.com\" \/>\n<meta property=\"article:modified_time\" content=\"2026-03-26T13:00:35+00:00\" \/>\n<meta property=\"og:image\" content=\"https:\/\/trackcable.com\/wp-content\/uploads\/2026\/02\/TKA045-080.jpg\" \/>\n\t<meta property=\"og:image:width\" content=\"300\" \/>\n\t<meta property=\"og:image:height\" content=\"199\" \/>\n\t<meta property=\"og:image:type\" content=\"image\/jpeg\" \/>\n<meta name=\"twitter:card\" content=\"summary_large_image\" \/>\n<meta name=\"twitter:label1\" content=\"Dur\u00e9e de lecture estim\u00e9e\" \/>\n\t<meta name=\"twitter:data1\" content=\"2 minutes\" \/>\n<script type=\"application\/ld+json\" class=\"yoast-schema-graph\">{\"@context\":\"https:\\\/\\\/schema.org\",\"@graph\":[{\"@type\":\"WebPage\",\"@id\":\"https:\\\/\\\/trackcable.com\\\/fr\\\/produit\\\/tka-045-080-125\\\/\",\"url\":\"https:\\\/\\\/trackcable.com\\\/fr\\\/produit\\\/tka-045-080-125\\\/\",\"name\":\"Cha\u00eene porte-c\u00e2bles Tsubaki Kabelschlepp TKA 045-080-125 | TrackCable\",\"isPartOf\":{\"@id\":\"https:\\\/\\\/trackcable.com\\\/fr\\\/#website\"},\"primaryImageOfPage\":{\"@id\":\"https:\\\/\\\/trackcable.com\\\/fr\\\/produit\\\/tka-045-080-125\\\/#primaryimage\"},\"image\":{\"@id\":\"https:\\\/\\\/trackcable.com\\\/fr\\\/produit\\\/tka-045-080-125\\\/#primaryimage\"},\"thumbnailUrl\":\"https:\\\/\\\/trackcable.com\\\/wp-content\\\/uploads\\\/2026\\\/02\\\/TKA045-080.jpg\",\"datePublished\":\"2026-02-19T13:38:57+00:00\",\"dateModified\":\"2026-03-26T13:00:35+00:00\",\"description\":\"Achetez la cha\u00eene porte-c\u00e2bles Tsubaki Kabelschlepp TKA 045-080-125 pour une gestion fiable des c\u00e2bles dans les applications industrielles. Livraison rapide disponible.\",\"breadcrumb\":{\"@id\":\"https:\\\/\\\/trackcable.com\\\/fr\\\/produit\\\/tka-045-080-125\\\/#breadcrumb\"},\"inLanguage\":\"fr-FR\",\"potentialAction\":[{\"@type\":\"ReadAction\",\"target\":[\"https:\\\/\\\/trackcable.com\\\/fr\\\/produit\\\/tka-045-080-125\\\/\"]}]},{\"@type\":\"ImageObject\",\"inLanguage\":\"fr-FR\",\"@id\":\"https:\\\/\\\/trackcable.com\\\/fr\\\/produit\\\/tka-045-080-125\\\/#primaryimage\",\"url\":\"https:\\\/\\\/trackcable.com\\\/wp-content\\\/uploads\\\/2026\\\/02\\\/TKA045-080.jpg\",\"contentUrl\":\"https:\\\/\\\/trackcable.com\\\/wp-content\\\/uploads\\\/2026\\\/02\\\/TKA045-080.jpg\",\"width\":300,\"height\":199,\"caption\":\"Vue rapproch\u00e9e d'une cha\u00eene porte-c\u00e2bles TKA 045-060-050 segment\u00e9e et incurv\u00e9e avec des maillons rectangulaires individuels sur fond blanc.\"},{\"@type\":\"BreadcrumbList\",\"@id\":\"https:\\\/\\\/trackcable.com\\\/fr\\\/produit\\\/tka-045-080-125\\\/#breadcrumb\",\"itemListElement\":[{\"@type\":\"ListItem\",\"position\":1,\"name\":\"Accueil\",\"item\":\"https:\\\/\\\/trackcable.com\\\/fr\\\/accueil\\\/\"},{\"@type\":\"ListItem\",\"position\":2,\"name\":\"Boutique\",\"item\":\"https:\\\/\\\/trackcable.com\\\/fr\\\/boutique\\\/\"},{\"@type\":\"ListItem\",\"position\":3,\"name\":\"TKA 045-080-125\"}]},{\"@type\":\"WebSite\",\"@id\":\"https:\\\/\\\/trackcable.com\\\/fr\\\/#website\",\"url\":\"https:\\\/\\\/trackcable.com\\\/fr\\\/\",\"name\":\"trackcable.com\",\"description\":\"Precision in cable management\",\"publisher\":{\"@id\":\"https:\\\/\\\/trackcable.com\\\/fr\\\/#organization\"},\"potentialAction\":[{\"@type\":\"SearchAction\",\"target\":{\"@type\":\"EntryPoint\",\"urlTemplate\":\"https:\\\/\\\/trackcable.com\\\/fr\\\/?s={search_term_string}\"},\"query-input\":{\"@type\":\"PropertyValueSpecification\",\"valueRequired\":true,\"valueName\":\"search_term_string\"}}],\"inLanguage\":\"fr-FR\"},{\"@type\":\"Organization\",\"@id\":\"https:\\\/\\\/trackcable.com\\\/fr\\\/#organization\",\"name\":\"TrackCable | Precision in industrial cable management\",\"url\":\"https:\\\/\\\/trackcable.com\\\/fr\\\/\",\"logo\":{\"@type\":\"ImageObject\",\"inLanguage\":\"fr-FR\",\"@id\":\"https:\\\/\\\/trackcable.com\\\/fr\\\/#\\\/schema\\\/logo\\\/image\\\/\",\"url\":\"https:\\\/\\\/trackcable.com\\\/wp-content\\\/uploads\\\/2026\\\/02\\\/TrackCable.jpg\",\"contentUrl\":\"https:\\\/\\\/trackcable.com\\\/wp-content\\\/uploads\\\/2026\\\/02\\\/TrackCable.jpg\",\"width\":600,\"height\":300,\"caption\":\"TrackCable | Precision in industrial cable management\"},\"image\":{\"@id\":\"https:\\\/\\\/trackcable.com\\\/fr\\\/#\\\/schema\\\/logo\\\/image\\\/\"}}]}<\/script>\n<!-- \/ Yoast SEO plugin. -->","yoast_head_json":{"title":"Cha\u00eene porte-c\u00e2bles Tsubaki Kabelschlepp TKA 045-080-125 | TrackCable","description":"Achetez la cha\u00eene porte-c\u00e2bles Tsubaki Kabelschlepp TKA 045-080-125 pour une gestion fiable des c\u00e2bles dans les applications industrielles. Livraison rapide disponible.","robots":{"index":"index","follow":"follow","max-snippet":"max-snippet:-1","max-image-preview":"max-image-preview:large","max-video-preview":"max-video-preview:-1"},"canonical":"https:\/\/trackcable.com\/fr\/produit\/tka-045-080-125\/","og_locale":"fr_FR","og_type":"article","og_title":"Cha\u00eene porte-c\u00e2bles Tsubaki Kabelschlepp TKA 045-080-125 | TrackCable","og_description":"Achetez la cha\u00eene porte-c\u00e2bles Tsubaki Kabelschlepp TKA 045-080-125 pour une gestion fiable des c\u00e2bles dans les applications industrielles. Livraison rapide disponible.","og_url":"https:\/\/trackcable.com\/fr\/produit\/tka-045-080-125\/","og_site_name":"trackcable.com","article_modified_time":"2026-03-26T13:00:35+00:00","og_image":[{"width":300,"height":199,"url":"https:\/\/trackcable.com\/wp-content\/uploads\/2026\/02\/TKA045-080.jpg","type":"image\/jpeg"}],"twitter_card":"summary_large_image","twitter_misc":{"Dur\u00e9e de lecture estim\u00e9e":"2 minutes"},"schema":{"@context":"https:\/\/schema.org","@graph":[{"@type":"WebPage","@id":"https:\/\/trackcable.com\/fr\/produit\/tka-045-080-125\/","url":"https:\/\/trackcable.com\/fr\/produit\/tka-045-080-125\/","name":"Cha\u00eene porte-c\u00e2bles Tsubaki Kabelschlepp TKA 045-080-125 | TrackCable","isPartOf":{"@id":"https:\/\/trackcable.com\/fr\/#website"},"primaryImageOfPage":{"@id":"https:\/\/trackcable.com\/fr\/produit\/tka-045-080-125\/#primaryimage"},"image":{"@id":"https:\/\/trackcable.com\/fr\/produit\/tka-045-080-125\/#primaryimage"},"thumbnailUrl":"https:\/\/trackcable.com\/wp-content\/uploads\/2026\/02\/TKA045-080.jpg","datePublished":"2026-02-19T13:38:57+00:00","dateModified":"2026-03-26T13:00:35+00:00","description":"Achetez la cha\u00eene porte-c\u00e2bles Tsubaki Kabelschlepp TKA 045-080-125 pour une gestion fiable des c\u00e2bles dans les applications industrielles. Livraison rapide disponible.","breadcrumb":{"@id":"https:\/\/trackcable.com\/fr\/produit\/tka-045-080-125\/#breadcrumb"},"inLanguage":"fr-FR","potentialAction":[{"@type":"ReadAction","target":["https:\/\/trackcable.com\/fr\/produit\/tka-045-080-125\/"]}]},{"@type":"ImageObject","inLanguage":"fr-FR","@id":"https:\/\/trackcable.com\/fr\/produit\/tka-045-080-125\/#primaryimage","url":"https:\/\/trackcable.com\/wp-content\/uploads\/2026\/02\/TKA045-080.jpg","contentUrl":"https:\/\/trackcable.com\/wp-content\/uploads\/2026\/02\/TKA045-080.jpg","width":300,"height":199,"caption":"Vue rapproch\u00e9e d'une cha\u00eene porte-c\u00e2bles TKA 045-060-050 segment\u00e9e et incurv\u00e9e avec des maillons rectangulaires individuels sur fond blanc."},{"@type":"BreadcrumbList","@id":"https:\/\/trackcable.com\/fr\/produit\/tka-045-080-125\/#breadcrumb","itemListElement":[{"@type":"ListItem","position":1,"name":"Accueil","item":"https:\/\/trackcable.com\/fr\/accueil\/"},{"@type":"ListItem","position":2,"name":"Boutique","item":"https:\/\/trackcable.com\/fr\/boutique\/"},{"@type":"ListItem","position":3,"name":"TKA 045-080-125"}]},{"@type":"WebSite","@id":"https:\/\/trackcable.com\/fr\/#website","url":"https:\/\/trackcable.com\/fr\/","name":"trackcable.com","description":"Precision in cable management","publisher":{"@id":"https:\/\/trackcable.com\/fr\/#organization"},"potentialAction":[{"@type":"SearchAction","target":{"@type":"EntryPoint","urlTemplate":"https:\/\/trackcable.com\/fr\/?s={search_term_string}"},"query-input":{"@type":"PropertyValueSpecification","valueRequired":true,"valueName":"search_term_string"}}],"inLanguage":"fr-FR"},{"@type":"Organization","@id":"https:\/\/trackcable.com\/fr\/#organization","name":"TrackCable | Precision in industrial cable management","url":"https:\/\/trackcable.com\/fr\/","logo":{"@type":"ImageObject","inLanguage":"fr-FR","@id":"https:\/\/trackcable.com\/fr\/#\/schema\/logo\/image\/","url":"https:\/\/trackcable.com\/wp-content\/uploads\/2026\/02\/TrackCable.jpg","contentUrl":"https:\/\/trackcable.com\/wp-content\/uploads\/2026\/02\/TrackCable.jpg","width":600,"height":300,"caption":"TrackCable | Precision in industrial cable management"},"image":{"@id":"https:\/\/trackcable.com\/fr\/#\/schema\/logo\/image\/"}}]}},"_links":{"self":[{"href":"https:\/\/trackcable.com\/fr\/wp-json\/wp\/v2\/product\/10908","targetHints":{"allow":["GET"]}}],"collection":[{"href":"https:\/\/trackcable.com\/fr\/wp-json\/wp\/v2\/product"}],"about":[{"href":"https:\/\/trackcable.com\/fr\/wp-json\/wp\/v2\/types\/product"}],"replies":[{"embeddable":true,"href":"https:\/\/trackcable.com\/fr\/wp-json\/wp\/v2\/comments?post=10908"}],"version-history":[{"count":1,"href":"https:\/\/trackcable.com\/fr\/wp-json\/wp\/v2\/product\/10908\/revisions"}],"predecessor-version":[{"id":13335,"href":"https:\/\/trackcable.com\/fr\/wp-json\/wp\/v2\/product\/10908\/revisions\/13335"}],"wp:featuredmedia":[{"embeddable":true,"href":"https:\/\/trackcable.com\/fr\/wp-json\/wp\/v2\/media\/12473"}],"wp:attachment":[{"href":"https:\/\/trackcable.com\/fr\/wp-json\/wp\/v2\/media?parent=10908"}],"wp:term":[{"taxonomy":"brand","embeddable":true,"href":"https:\/\/trackcable.com\/fr\/wp-json\/wp\/v2\/etheme_brands?post=10908"},{"taxonomy":"product_brand","embeddable":true,"href":"https:\/\/trackcable.com\/fr\/wp-json\/wp\/v2\/product_brand?post=10908"},{"taxonomy":"product_cat","embeddable":true,"href":"https:\/\/trackcable.com\/fr\/wp-json\/wp\/v2\/product_cat?post=10908"},{"taxonomy":"product_tag","embeddable":true,"href":"https:\/\/trackcable.com\/fr\/wp-json\/wp\/v2\/product_tag?post=10908"}],"curies":[{"name":"wp","href":"https:\/\/api.w.org\/{rel}","templated":true}]}}