{"id":11412,"date":"2026-02-19T08:15:18","date_gmt":"2026-02-19T08:15:18","guid":{"rendered":"https:\/\/trackcable.com\/product\/ua1555-020-050\/"},"modified":"2026-03-26T12:36:48","modified_gmt":"2026-03-26T12:36:48","slug":"ua1555-020-050","status":"publish","type":"product","link":"https:\/\/trackcable.com\/fr\/produit\/ua1555-020-050\/","title":{"rendered":"UA1555-020-050"},"content":{"rendered":"<a target=\"_blank\" class=\"btn  small\" href=\"https:\/\/tsubaki-kabelschlepp.com\/uploads\/tx_tkg17pim\/documents\/pdf\/UNIFLEX-Advanced-series_EN_Y25W49_01.pdf\"><span> Documentation<\/span><\/a>\n<p>&nbsp;<\/p>\n<p data-start=\"146\" data-end=\"504\">La <strong data-start=\"150\" data-end=\"196\">TSUBAKI KABELSCHLEPP Uniflex Advanced 1555<\/strong> est une cha\u00eene porte-c\u00e2bles robuste et fiable con\u00e7ue pour une gestion fluide des c\u00e2bles dans les applications dynamiques exigeantes. Faisant partie de la s\u00e9rie Uniflex Advanced de TSUBAKI KABELSCHLEPP, cette cha\u00eene offre une protection renforc\u00e9e pour les c\u00e2bles et flexibles tout en garantissant un fonctionnement constant et \u00e0 faible usure dans les machines automatis\u00e9es. <\/p>\n<p data-start=\"506\" data-end=\"867\">Avec une largeur <strong data-start=\"529\" data-end=\"538\">int\u00e9rieure de 50 mm<\/strong> et une hauteur int\u00e9rieure <strong data-start=\"562\" data-end=\"571\">de 38 mm<\/strong>, l\u2019Uniflex Advanced 1555 est id\u00e9al pour les bo\u00eetiers de c\u00e2bles compacts n\u00e9cessitant un routage s\u00e9curis\u00e9 et une longue dur\u00e9e de service. Cette version pr\u00e9sente une <strong data-start=\"710\" data-end=\"742\">conception de barre transversale non ouvrible<\/strong>, offrant une rigidit\u00e9 et une stabilit\u00e9 structurelles suppl\u00e9mentaires pour les applications n\u00e9cessitant une r\u00e9sistance et une protection maximales. <\/p>\n<p data-start=\"869\" data-end=\"1145\">Pour soutenir la conception de machines flexibles, l\u2019Uniflex Advanced 1555 est disponible en plusieurs rayons de courbure \u2014 <strong data-start=\"972\" data-end=\"1024\">63 mm, 80 mm, 100 mm, 125 mm, 160 mm et 200 mm<\/strong> \u2014 permettant aux ing\u00e9nieurs de s\u00e9lectionner la configuration optimale tout en assurant une protection ad\u00e9quate des c\u00e2bles et un minimum de contrainte de courbure.<\/p>\n<h3 data-start=\"1147\" data-end=\"1163\">Caract\u00e9ristiques cl\u00e9s<\/h3>\n<ul data-start=\"1165\" data-end=\"1435\">\n<li data-start=\"1165\" data-end=\"1218\">\n<p data-start=\"1167\" data-end=\"1218\">Conception de barre transversale non ouvrible pour une rigidit\u00e9 maximale<\/p>\n<\/li>\n<li data-start=\"1219\" data-end=\"1266\">\n<p data-start=\"1221\" data-end=\"1266\">Dimensions int\u00e9rieures : <strong data-start=\"1239\" data-end=\"1264\">50 mm (L) \u00d7 38 mm (H)<\/strong><\/p>\n<\/li>\n<li data-start=\"1267\" data-end=\"1333\">\n<p data-start=\"1269\" data-end=\"1333\">Rayons de courbure disponibles : <strong data-start=\"1294\" data-end=\"1331\">63, 80, 100, 125, 160 et 200 mm<\/strong><\/p>\n<\/li>\n<li data-start=\"1334\" data-end=\"1388\">\n<p data-start=\"1336\" data-end=\"1388\">Fonctionnement fluide et fiable dans les applications dynamiques<\/p>\n<\/li>\n<li data-start=\"1389\" data-end=\"1435\">\n<p data-start=\"1391\" data-end=\"1435\">Construction durable pour une longue dur\u00e9e de vie<\/p>\n<\/li>\n<\/ul>\n<p data-start=\"1437\" data-end=\"1663\">La Uniflex Advanced 1555 est un excellent choix pour les ing\u00e9nieurs et constructeurs de machines recherchant une cha\u00eene porte-c\u00e2bles fiable qui combine r\u00e9sistance, dimensions compactes et fiabilit\u00e9 \u00e0 long terme dans les environnements industriels exigeants.<\/p>\n","protected":false},"excerpt":{"rendered":"<div style=\"font-size: 12.5px; line-height: 1.2; margin-top: 6px;\">\n<div style=\"display: flex; justify-content: space-between; padding: 2px 0;\"><span style=\"color: #666;\">Largeur<\/span><br \/>\n int\u00e9rieure<strong>50 mm<\/strong><\/div>\n<div style=\"display: flex; justify-content: space-between; padding: 2px 0;\">Hauteur<br \/>\n <span style=\"color: #666;\">int\u00e9rieure<\/span><strong>38 mm<\/strong><\/div>\n<div style=\"display: flex; justify-content: space-between; padding: 2px 0;\"><span style=\"color: #666;\">Terrain<\/span><br \/>\n<strong>55,5 mm<\/strong><\/div>\n<div style=\"display: flex; justify-content: space-between; padding: 2px 0;\">Rayon<br \/>\n <span style=\"color: #666;\">de courbure<\/span><strong>63\/80\/100\/125\/160\/200 mm<\/strong><\/div>\n<div style=\"display: flex; justify-content: space-between; padding: 2px 0;\"><span style=\"color: #666;\">Ouverture<\/span><br \/>\n<strong>Ferm\u00e9<\/strong><\/div>\n<\/div>\n","protected":false},"featured_media":12504,"comment_status":"open","ping_status":"closed","template":"","meta":[],"etheme_brands":[{"term_id":702,"name":"Tsubaki Kabelschlepp","slug":"tsubaki-kabelschlepp","term_group":0,"term_taxonomy_id":702,"taxonomy":"brand","description":"Tsubaki Kabelschlepp est un fournisseur mondialement reconnu de syst\u00e8mes de cha\u00eenes porte-c\u00e2bles et de guidage, offrant des solutions robustes et con\u00e7ues avec pr\u00e9cision pour guider et prot\u00e9ger les c\u00e2bles dans des applications industrielles dynamiques.","parent":0,"count":192,"filter":"raw"}],"product_brand":[],"product_cat":[309,402],"product_tag":[404],"class_list":{"0":"post-11412","1":"product","2":"type-product","3":"status-publish","4":"has-post-thumbnail","6":"brand-tsubaki-kabelschlepp","7":"product_cat-chaines-porte-cables-en-plastique","8":"product_cat-serie-uniflex-advanced","9":"product_tag-prix-par-metre","11":"first","12":"instock","13":"taxable","14":"shipping-taxable","15":"purchasable","16":"product-type-variable"},"yoast_head":"<!-- This site is optimized with the Yoast SEO plugin v27.3 - https:\/\/yoast.com\/product\/yoast-seo-wordpress\/ -->\n<title>Cha\u00eene porte-c\u00e2bles Tsubaki Kabelschlepp UA1555-020-050 | TrackCable<\/title>\n<meta name=\"description\" content=\"Achetez la cha\u00eene porte-c\u00e2bles Tsubaki Kabelschlepp UA1555-020-050 pour une gestion fiable des c\u00e2bles dans les applications industrielles. Livraison rapide disponible.\" \/>\n<meta name=\"robots\" content=\"index, follow, max-snippet:-1, max-image-preview:large, max-video-preview:-1\" \/>\n<link rel=\"canonical\" href=\"https:\/\/trackcable.com\/fr\/produit\/ua1555-020-050\/\" \/>\n<meta property=\"og:locale\" content=\"fr_FR\" \/>\n<meta property=\"og:type\" content=\"article\" \/>\n<meta property=\"og:title\" content=\"Cha\u00eene porte-c\u00e2bles Tsubaki Kabelschlepp UA1555-020-050 | TrackCable\" \/>\n<meta property=\"og:description\" content=\"Achetez la cha\u00eene porte-c\u00e2bles Tsubaki Kabelschlepp UA1555-020-050 pour une gestion fiable des c\u00e2bles dans les applications industrielles. Livraison rapide disponible.\" \/>\n<meta property=\"og:url\" content=\"https:\/\/trackcable.com\/fr\/produit\/ua1555-020-050\/\" \/>\n<meta property=\"og:site_name\" content=\"trackcable.com\" \/>\n<meta property=\"article:modified_time\" content=\"2026-03-26T12:36:48+00:00\" \/>\n<meta property=\"og:image\" content=\"https:\/\/trackcable.com\/wp-content\/uploads\/2026\/02\/UA1555-020.jpg\" \/>\n\t<meta property=\"og:image:width\" content=\"300\" \/>\n\t<meta property=\"og:image:height\" content=\"199\" \/>\n\t<meta property=\"og:image:type\" content=\"image\/jpeg\" \/>\n<meta name=\"twitter:card\" content=\"summary_large_image\" \/>\n<meta name=\"twitter:label1\" content=\"Dur\u00e9e de lecture estim\u00e9e\" \/>\n\t<meta name=\"twitter:data1\" content=\"1 minute\" \/>\n<script type=\"application\/ld+json\" class=\"yoast-schema-graph\">{\"@context\":\"https:\\\/\\\/schema.org\",\"@graph\":[{\"@type\":\"WebPage\",\"@id\":\"https:\\\/\\\/trackcable.com\\\/fr\\\/produit\\\/ua1555-020-050\\\/\",\"url\":\"https:\\\/\\\/trackcable.com\\\/fr\\\/produit\\\/ua1555-020-050\\\/\",\"name\":\"Cha\u00eene porte-c\u00e2bles Tsubaki Kabelschlepp UA1555-020-050 | TrackCable\",\"isPartOf\":{\"@id\":\"https:\\\/\\\/trackcable.com\\\/fr\\\/#website\"},\"primaryImageOfPage\":{\"@id\":\"https:\\\/\\\/trackcable.com\\\/fr\\\/produit\\\/ua1555-020-050\\\/#primaryimage\"},\"image\":{\"@id\":\"https:\\\/\\\/trackcable.com\\\/fr\\\/produit\\\/ua1555-020-050\\\/#primaryimage\"},\"thumbnailUrl\":\"https:\\\/\\\/trackcable.com\\\/wp-content\\\/uploads\\\/2026\\\/02\\\/UA1555-020.jpg\",\"datePublished\":\"2026-02-19T08:15:18+00:00\",\"dateModified\":\"2026-03-26T12:36:48+00:00\",\"description\":\"Achetez la cha\u00eene porte-c\u00e2bles Tsubaki Kabelschlepp UA1555-020-050 pour une gestion fiable des c\u00e2bles dans les applications industrielles. Livraison rapide disponible.\",\"breadcrumb\":{\"@id\":\"https:\\\/\\\/trackcable.com\\\/fr\\\/produit\\\/ua1555-020-050\\\/#breadcrumb\"},\"inLanguage\":\"fr-FR\",\"potentialAction\":[{\"@type\":\"ReadAction\",\"target\":[\"https:\\\/\\\/trackcable.com\\\/fr\\\/produit\\\/ua1555-020-050\\\/\"]}]},{\"@type\":\"ImageObject\",\"inLanguage\":\"fr-FR\",\"@id\":\"https:\\\/\\\/trackcable.com\\\/fr\\\/produit\\\/ua1555-020-050\\\/#primaryimage\",\"url\":\"https:\\\/\\\/trackcable.com\\\/wp-content\\\/uploads\\\/2026\\\/02\\\/UA1555-020.jpg\",\"contentUrl\":\"https:\\\/\\\/trackcable.com\\\/wp-content\\\/uploads\\\/2026\\\/02\\\/UA1555-020.jpg\",\"width\":300,\"height\":199,\"caption\":\"Gros plan d'une cha\u00eene porte-c\u00e2bles UA1555-020-050 noire, compos\u00e9e de segments interconnect\u00e9s con\u00e7us pour guider et prot\u00e9ger les c\u00e2bles mobiles dans les machines industrielles. Pr\u00e9sent\u00e9e sur fond blanc uni.\"},{\"@type\":\"BreadcrumbList\",\"@id\":\"https:\\\/\\\/trackcable.com\\\/fr\\\/produit\\\/ua1555-020-050\\\/#breadcrumb\",\"itemListElement\":[{\"@type\":\"ListItem\",\"position\":1,\"name\":\"Accueil\",\"item\":\"https:\\\/\\\/trackcable.com\\\/fr\\\/accueil\\\/\"},{\"@type\":\"ListItem\",\"position\":2,\"name\":\"Boutique\",\"item\":\"https:\\\/\\\/trackcable.com\\\/fr\\\/boutique\\\/\"},{\"@type\":\"ListItem\",\"position\":3,\"name\":\"UA1555-020-050\"}]},{\"@type\":\"WebSite\",\"@id\":\"https:\\\/\\\/trackcable.com\\\/fr\\\/#website\",\"url\":\"https:\\\/\\\/trackcable.com\\\/fr\\\/\",\"name\":\"trackcable.com\",\"description\":\"Precision in cable management\",\"publisher\":{\"@id\":\"https:\\\/\\\/trackcable.com\\\/fr\\\/#organization\"},\"potentialAction\":[{\"@type\":\"SearchAction\",\"target\":{\"@type\":\"EntryPoint\",\"urlTemplate\":\"https:\\\/\\\/trackcable.com\\\/fr\\\/?s={search_term_string}\"},\"query-input\":{\"@type\":\"PropertyValueSpecification\",\"valueRequired\":true,\"valueName\":\"search_term_string\"}}],\"inLanguage\":\"fr-FR\"},{\"@type\":\"Organization\",\"@id\":\"https:\\\/\\\/trackcable.com\\\/fr\\\/#organization\",\"name\":\"TrackCable | Precision in industrial cable management\",\"url\":\"https:\\\/\\\/trackcable.com\\\/fr\\\/\",\"logo\":{\"@type\":\"ImageObject\",\"inLanguage\":\"fr-FR\",\"@id\":\"https:\\\/\\\/trackcable.com\\\/fr\\\/#\\\/schema\\\/logo\\\/image\\\/\",\"url\":\"https:\\\/\\\/trackcable.com\\\/wp-content\\\/uploads\\\/2026\\\/02\\\/TrackCable.jpg\",\"contentUrl\":\"https:\\\/\\\/trackcable.com\\\/wp-content\\\/uploads\\\/2026\\\/02\\\/TrackCable.jpg\",\"width\":600,\"height\":300,\"caption\":\"TrackCable | Precision in industrial cable management\"},\"image\":{\"@id\":\"https:\\\/\\\/trackcable.com\\\/fr\\\/#\\\/schema\\\/logo\\\/image\\\/\"}}]}<\/script>\n<!-- \/ Yoast SEO plugin. -->","yoast_head_json":{"title":"Cha\u00eene porte-c\u00e2bles Tsubaki Kabelschlepp UA1555-020-050 | TrackCable","description":"Achetez la cha\u00eene porte-c\u00e2bles Tsubaki Kabelschlepp UA1555-020-050 pour une gestion fiable des c\u00e2bles dans les applications industrielles. Livraison rapide disponible.","robots":{"index":"index","follow":"follow","max-snippet":"max-snippet:-1","max-image-preview":"max-image-preview:large","max-video-preview":"max-video-preview:-1"},"canonical":"https:\/\/trackcable.com\/fr\/produit\/ua1555-020-050\/","og_locale":"fr_FR","og_type":"article","og_title":"Cha\u00eene porte-c\u00e2bles Tsubaki Kabelschlepp UA1555-020-050 | TrackCable","og_description":"Achetez la cha\u00eene porte-c\u00e2bles Tsubaki Kabelschlepp UA1555-020-050 pour une gestion fiable des c\u00e2bles dans les applications industrielles. Livraison rapide disponible.","og_url":"https:\/\/trackcable.com\/fr\/produit\/ua1555-020-050\/","og_site_name":"trackcable.com","article_modified_time":"2026-03-26T12:36:48+00:00","og_image":[{"width":300,"height":199,"url":"https:\/\/trackcable.com\/wp-content\/uploads\/2026\/02\/UA1555-020.jpg","type":"image\/jpeg"}],"twitter_card":"summary_large_image","twitter_misc":{"Dur\u00e9e de lecture estim\u00e9e":"1 minute"},"schema":{"@context":"https:\/\/schema.org","@graph":[{"@type":"WebPage","@id":"https:\/\/trackcable.com\/fr\/produit\/ua1555-020-050\/","url":"https:\/\/trackcable.com\/fr\/produit\/ua1555-020-050\/","name":"Cha\u00eene porte-c\u00e2bles Tsubaki Kabelschlepp UA1555-020-050 | TrackCable","isPartOf":{"@id":"https:\/\/trackcable.com\/fr\/#website"},"primaryImageOfPage":{"@id":"https:\/\/trackcable.com\/fr\/produit\/ua1555-020-050\/#primaryimage"},"image":{"@id":"https:\/\/trackcable.com\/fr\/produit\/ua1555-020-050\/#primaryimage"},"thumbnailUrl":"https:\/\/trackcable.com\/wp-content\/uploads\/2026\/02\/UA1555-020.jpg","datePublished":"2026-02-19T08:15:18+00:00","dateModified":"2026-03-26T12:36:48+00:00","description":"Achetez la cha\u00eene porte-c\u00e2bles Tsubaki Kabelschlepp UA1555-020-050 pour une gestion fiable des c\u00e2bles dans les applications industrielles. Livraison rapide disponible.","breadcrumb":{"@id":"https:\/\/trackcable.com\/fr\/produit\/ua1555-020-050\/#breadcrumb"},"inLanguage":"fr-FR","potentialAction":[{"@type":"ReadAction","target":["https:\/\/trackcable.com\/fr\/produit\/ua1555-020-050\/"]}]},{"@type":"ImageObject","inLanguage":"fr-FR","@id":"https:\/\/trackcable.com\/fr\/produit\/ua1555-020-050\/#primaryimage","url":"https:\/\/trackcable.com\/wp-content\/uploads\/2026\/02\/UA1555-020.jpg","contentUrl":"https:\/\/trackcable.com\/wp-content\/uploads\/2026\/02\/UA1555-020.jpg","width":300,"height":199,"caption":"Gros plan d'une cha\u00eene porte-c\u00e2bles UA1555-020-050 noire, compos\u00e9e de segments interconnect\u00e9s con\u00e7us pour guider et prot\u00e9ger les c\u00e2bles mobiles dans les machines industrielles. Pr\u00e9sent\u00e9e sur fond blanc uni."},{"@type":"BreadcrumbList","@id":"https:\/\/trackcable.com\/fr\/produit\/ua1555-020-050\/#breadcrumb","itemListElement":[{"@type":"ListItem","position":1,"name":"Accueil","item":"https:\/\/trackcable.com\/fr\/accueil\/"},{"@type":"ListItem","position":2,"name":"Boutique","item":"https:\/\/trackcable.com\/fr\/boutique\/"},{"@type":"ListItem","position":3,"name":"UA1555-020-050"}]},{"@type":"WebSite","@id":"https:\/\/trackcable.com\/fr\/#website","url":"https:\/\/trackcable.com\/fr\/","name":"trackcable.com","description":"Precision in cable management","publisher":{"@id":"https:\/\/trackcable.com\/fr\/#organization"},"potentialAction":[{"@type":"SearchAction","target":{"@type":"EntryPoint","urlTemplate":"https:\/\/trackcable.com\/fr\/?s={search_term_string}"},"query-input":{"@type":"PropertyValueSpecification","valueRequired":true,"valueName":"search_term_string"}}],"inLanguage":"fr-FR"},{"@type":"Organization","@id":"https:\/\/trackcable.com\/fr\/#organization","name":"TrackCable | Precision in industrial cable management","url":"https:\/\/trackcable.com\/fr\/","logo":{"@type":"ImageObject","inLanguage":"fr-FR","@id":"https:\/\/trackcable.com\/fr\/#\/schema\/logo\/image\/","url":"https:\/\/trackcable.com\/wp-content\/uploads\/2026\/02\/TrackCable.jpg","contentUrl":"https:\/\/trackcable.com\/wp-content\/uploads\/2026\/02\/TrackCable.jpg","width":600,"height":300,"caption":"TrackCable | Precision in industrial cable management"},"image":{"@id":"https:\/\/trackcable.com\/fr\/#\/schema\/logo\/image\/"}}]}},"_links":{"self":[{"href":"https:\/\/trackcable.com\/fr\/wp-json\/wp\/v2\/product\/11412","targetHints":{"allow":["GET"]}}],"collection":[{"href":"https:\/\/trackcable.com\/fr\/wp-json\/wp\/v2\/product"}],"about":[{"href":"https:\/\/trackcable.com\/fr\/wp-json\/wp\/v2\/types\/product"}],"replies":[{"embeddable":true,"href":"https:\/\/trackcable.com\/fr\/wp-json\/wp\/v2\/comments?post=11412"}],"version-history":[{"count":1,"href":"https:\/\/trackcable.com\/fr\/wp-json\/wp\/v2\/product\/11412\/revisions"}],"predecessor-version":[{"id":12718,"href":"https:\/\/trackcable.com\/fr\/wp-json\/wp\/v2\/product\/11412\/revisions\/12718"}],"wp:featuredmedia":[{"embeddable":true,"href":"https:\/\/trackcable.com\/fr\/wp-json\/wp\/v2\/media\/12504"}],"wp:attachment":[{"href":"https:\/\/trackcable.com\/fr\/wp-json\/wp\/v2\/media?parent=11412"}],"wp:term":[{"taxonomy":"brand","embeddable":true,"href":"https:\/\/trackcable.com\/fr\/wp-json\/wp\/v2\/etheme_brands?post=11412"},{"taxonomy":"product_brand","embeddable":true,"href":"https:\/\/trackcable.com\/fr\/wp-json\/wp\/v2\/product_brand?post=11412"},{"taxonomy":"product_cat","embeddable":true,"href":"https:\/\/trackcable.com\/fr\/wp-json\/wp\/v2\/product_cat?post=11412"},{"taxonomy":"product_tag","embeddable":true,"href":"https:\/\/trackcable.com\/fr\/wp-json\/wp\/v2\/product_tag?post=11412"}],"curies":[{"name":"wp","href":"https:\/\/api.w.org\/{rel}","templated":true}]}}