{"id":11423,"date":"2026-02-17T13:53:36","date_gmt":"2026-02-17T13:53:36","guid":{"rendered":"https:\/\/trackcable.com\/product\/lf-skl-01-5-03\/"},"modified":"2026-03-26T12:37:13","modified_gmt":"2026-03-26T12:37:13","slug":"lf-skl-01-5-03","status":"publish","type":"product","link":"https:\/\/trackcable.com\/fr\/produit\/lf-skl-01-5-03\/","title":{"rendered":"LF\/SKL 01.5\/03"},"content":{"rendered":"<a target=\"_blank\" class=\"btn  small\" href=\"https:\/\/www.icotek.com\/Produkte\/PG08%20EMV%20Abschirmung\/EMV%20Schirmklammern%20f%C3%BCr%20Schraubmontage\/LF-SKL\/Datenbl%C3%A4tter\/36251_LF-SKL-1%2C5-3.PDF\"><span> Fiche technique<\/span><\/a>\n<p>&nbsp;<\/p>\n<h2 data-start=\"225\" data-end=\"251\"><strong data-start=\"228\" data-end=\"251\">Description du produit<\/strong><\/h2>\n<p data-start=\"253\" data-end=\"582\">Le <strong data-start=\"257\" data-end=\"303\">serre-bouclier EMC LF\/SKL 1,5\u20133 mm d\u00e9velopp\u00e9 par Icotek<\/strong> est con\u00e7u pour une mise \u00e0 la terre fiable des blindages de c\u00e2bles dans les armoires de contr\u00f4le et les installations industrielles. Adapt\u00e9 aux c\u00e2bles de 1,5 \u00e0 3 mm de diam\u00e8tre, il assure une protection efficace contre les EMC et un contact blind\u00e9 s\u00e9curis\u00e9. La serre est \u00e9quip\u00e9e d\u2019un montage \u00e0 vis M4 pour une installation rapide et stable.  <\/p>\n<p data-start=\"584\" data-end=\"697\">Id\u00e9al pour les syst\u00e8mes d\u2019automatisation, les machines et les applications de construction de panneaux o\u00f9 un blindage EMC appropri\u00e9 est essentiel.<\/p>\n","protected":false},"excerpt":{"rendered":"<p>&nbsp; Description du produit Le serre-bouclier EMC LF\/SKL 1,5\u20133 mm d\u00e9velopp\u00e9 par Icotek est con\u00e7u pour une mise \u00e0 la terre fiable des blindages de&#8230;<\/p>\n","protected":false},"featured_media":11425,"comment_status":"open","ping_status":"closed","template":"","meta":[],"etheme_brands":[{"term_id":696,"name":"Icotek","slug":"icotek","term_group":0,"term_taxonomy_id":696,"taxonomy":"brand","description":"Icotek est un fabricant leader de solutions innovantes de gestion et de passage de c\u00e2bles, sp\u00e9cialis\u00e9 dans des syst\u00e8mes modulaires permettant une installation rapide et une \u00e9tanch\u00e9it\u00e9 fiable pour des applications industrielles et \u00e9lectriques dans le monde entier.","parent":0,"count":125,"filter":"raw"}],"product_brand":[],"product_cat":[291],"product_tag":[],"class_list":{"0":"post-11423","1":"product","2":"type-product","3":"status-publish","4":"has-post-thumbnail","6":"brand-icotek","7":"product_cat-colliers-cem","9":"first","10":"instock","11":"sale","12":"taxable","13":"shipping-taxable","14":"purchasable","15":"product-type-simple"},"yoast_head":"<!-- This site is optimized with the Yoast SEO plugin v27.3 - https:\/\/yoast.com\/product\/yoast-seo-wordpress\/ -->\n<title>Pince EMC Icotek LF\/SKL 01.5\/03 | TrackCable<\/title>\n<meta name=\"description\" content=\"Achetez la pince EMC Icotek LF\/SKL 01.5\/03 pour un blindage et une mise \u00e0 la terre fiables des grilles de c\u00e2bles dans des applications industrielles. Livraison rapide disponible.\" \/>\n<meta name=\"robots\" content=\"index, follow, max-snippet:-1, max-image-preview:large, max-video-preview:-1\" \/>\n<link rel=\"canonical\" href=\"https:\/\/trackcable.com\/fr\/produit\/lf-skl-01-5-03\/\" \/>\n<meta property=\"og:locale\" content=\"fr_FR\" \/>\n<meta property=\"og:type\" content=\"article\" \/>\n<meta property=\"og:title\" content=\"Pince EMC Icotek LF\/SKL 01.5\/03 | TrackCable\" \/>\n<meta property=\"og:description\" content=\"Achetez la pince EMC Icotek LF\/SKL 01.5\/03 pour un blindage et une mise \u00e0 la terre fiables des grilles de c\u00e2bles dans des applications industrielles. Livraison rapide disponible.\" \/>\n<meta property=\"og:url\" content=\"https:\/\/trackcable.com\/fr\/produit\/lf-skl-01-5-03\/\" \/>\n<meta property=\"og:site_name\" content=\"trackcable.com\" \/>\n<meta property=\"article:modified_time\" content=\"2026-03-26T12:37:13+00:00\" \/>\n<meta property=\"og:image\" content=\"https:\/\/trackcable.com\/wp-content\/uploads\/2026\/02\/36251.jpg\" \/>\n\t<meta property=\"og:image:width\" content=\"300\" \/>\n\t<meta property=\"og:image:height\" content=\"199\" \/>\n\t<meta property=\"og:image:type\" content=\"image\/jpeg\" \/>\n<meta name=\"twitter:card\" content=\"summary_large_image\" \/>\n<meta name=\"twitter:label1\" content=\"Dur\u00e9e de lecture estim\u00e9e\" \/>\n\t<meta name=\"twitter:data1\" content=\"1 minute\" \/>\n<script type=\"application\/ld+json\" class=\"yoast-schema-graph\">{\"@context\":\"https:\\\/\\\/schema.org\",\"@graph\":[{\"@type\":\"WebPage\",\"@id\":\"https:\\\/\\\/trackcable.com\\\/fr\\\/produit\\\/lf-skl-01-5-03\\\/\",\"url\":\"https:\\\/\\\/trackcable.com\\\/fr\\\/produit\\\/lf-skl-01-5-03\\\/\",\"name\":\"Pince EMC Icotek LF\\\/SKL 01.5\\\/03 | TrackCable\",\"isPartOf\":{\"@id\":\"https:\\\/\\\/trackcable.com\\\/fr\\\/#website\"},\"primaryImageOfPage\":{\"@id\":\"https:\\\/\\\/trackcable.com\\\/fr\\\/produit\\\/lf-skl-01-5-03\\\/#primaryimage\"},\"image\":{\"@id\":\"https:\\\/\\\/trackcable.com\\\/fr\\\/produit\\\/lf-skl-01-5-03\\\/#primaryimage\"},\"thumbnailUrl\":\"https:\\\/\\\/trackcable.com\\\/wp-content\\\/uploads\\\/2026\\\/02\\\/36251.jpg\",\"datePublished\":\"2026-02-17T13:53:36+00:00\",\"dateModified\":\"2026-03-26T12:37:13+00:00\",\"description\":\"Achetez la pince EMC Icotek LF\\\/SKL 01.5\\\/03 pour un blindage et une mise \u00e0 la terre fiables des grilles de c\u00e2bles dans des applications industrielles. Livraison rapide disponible.\",\"breadcrumb\":{\"@id\":\"https:\\\/\\\/trackcable.com\\\/fr\\\/produit\\\/lf-skl-01-5-03\\\/#breadcrumb\"},\"inLanguage\":\"fr-FR\",\"potentialAction\":[{\"@type\":\"ReadAction\",\"target\":[\"https:\\\/\\\/trackcable.com\\\/fr\\\/produit\\\/lf-skl-01-5-03\\\/\"]}]},{\"@type\":\"ImageObject\",\"inLanguage\":\"fr-FR\",\"@id\":\"https:\\\/\\\/trackcable.com\\\/fr\\\/produit\\\/lf-skl-01-5-03\\\/#primaryimage\",\"url\":\"https:\\\/\\\/trackcable.com\\\/wp-content\\\/uploads\\\/2026\\\/02\\\/36251.jpg\",\"contentUrl\":\"https:\\\/\\\/trackcable.com\\\/wp-content\\\/uploads\\\/2026\\\/02\\\/36251.jpg\",\"width\":300,\"height\":199,\"caption\":\"Dessin au trait noir et blanc du clip \u00e0 ressort m\u00e9tallique LF\\\/SKL 01.5\\\/03, avec une base carr\u00e9e et un trou rond \u00e0 c\u00f4t\u00e9, con\u00e7u pour monter ou fixer des objets.\"},{\"@type\":\"BreadcrumbList\",\"@id\":\"https:\\\/\\\/trackcable.com\\\/fr\\\/produit\\\/lf-skl-01-5-03\\\/#breadcrumb\",\"itemListElement\":[{\"@type\":\"ListItem\",\"position\":1,\"name\":\"Accueil\",\"item\":\"https:\\\/\\\/trackcable.com\\\/fr\\\/accueil\\\/\"},{\"@type\":\"ListItem\",\"position\":2,\"name\":\"Boutique\",\"item\":\"https:\\\/\\\/trackcable.com\\\/fr\\\/boutique\\\/\"},{\"@type\":\"ListItem\",\"position\":3,\"name\":\"LF\\\/SKL 01.5\\\/03\"}]},{\"@type\":\"WebSite\",\"@id\":\"https:\\\/\\\/trackcable.com\\\/fr\\\/#website\",\"url\":\"https:\\\/\\\/trackcable.com\\\/fr\\\/\",\"name\":\"trackcable.com\",\"description\":\"Precision in cable management\",\"publisher\":{\"@id\":\"https:\\\/\\\/trackcable.com\\\/fr\\\/#organization\"},\"potentialAction\":[{\"@type\":\"SearchAction\",\"target\":{\"@type\":\"EntryPoint\",\"urlTemplate\":\"https:\\\/\\\/trackcable.com\\\/fr\\\/?s={search_term_string}\"},\"query-input\":{\"@type\":\"PropertyValueSpecification\",\"valueRequired\":true,\"valueName\":\"search_term_string\"}}],\"inLanguage\":\"fr-FR\"},{\"@type\":\"Organization\",\"@id\":\"https:\\\/\\\/trackcable.com\\\/fr\\\/#organization\",\"name\":\"TrackCable | Precision in industrial cable management\",\"url\":\"https:\\\/\\\/trackcable.com\\\/fr\\\/\",\"logo\":{\"@type\":\"ImageObject\",\"inLanguage\":\"fr-FR\",\"@id\":\"https:\\\/\\\/trackcable.com\\\/fr\\\/#\\\/schema\\\/logo\\\/image\\\/\",\"url\":\"https:\\\/\\\/trackcable.com\\\/wp-content\\\/uploads\\\/2026\\\/02\\\/TrackCable.jpg\",\"contentUrl\":\"https:\\\/\\\/trackcable.com\\\/wp-content\\\/uploads\\\/2026\\\/02\\\/TrackCable.jpg\",\"width\":600,\"height\":300,\"caption\":\"TrackCable | Precision in industrial cable management\"},\"image\":{\"@id\":\"https:\\\/\\\/trackcable.com\\\/fr\\\/#\\\/schema\\\/logo\\\/image\\\/\"}}]}<\/script>\n<!-- \/ Yoast SEO plugin. -->","yoast_head_json":{"title":"Pince EMC Icotek LF\/SKL 01.5\/03 | TrackCable","description":"Achetez la pince EMC Icotek LF\/SKL 01.5\/03 pour un blindage et une mise \u00e0 la terre fiables des grilles de c\u00e2bles dans des applications industrielles. Livraison rapide disponible.","robots":{"index":"index","follow":"follow","max-snippet":"max-snippet:-1","max-image-preview":"max-image-preview:large","max-video-preview":"max-video-preview:-1"},"canonical":"https:\/\/trackcable.com\/fr\/produit\/lf-skl-01-5-03\/","og_locale":"fr_FR","og_type":"article","og_title":"Pince EMC Icotek LF\/SKL 01.5\/03 | TrackCable","og_description":"Achetez la pince EMC Icotek LF\/SKL 01.5\/03 pour un blindage et une mise \u00e0 la terre fiables des grilles de c\u00e2bles dans des applications industrielles. Livraison rapide disponible.","og_url":"https:\/\/trackcable.com\/fr\/produit\/lf-skl-01-5-03\/","og_site_name":"trackcable.com","article_modified_time":"2026-03-26T12:37:13+00:00","og_image":[{"width":300,"height":199,"url":"https:\/\/trackcable.com\/wp-content\/uploads\/2026\/02\/36251.jpg","type":"image\/jpeg"}],"twitter_card":"summary_large_image","twitter_misc":{"Dur\u00e9e de lecture estim\u00e9e":"1 minute"},"schema":{"@context":"https:\/\/schema.org","@graph":[{"@type":"WebPage","@id":"https:\/\/trackcable.com\/fr\/produit\/lf-skl-01-5-03\/","url":"https:\/\/trackcable.com\/fr\/produit\/lf-skl-01-5-03\/","name":"Pince EMC Icotek LF\/SKL 01.5\/03 | TrackCable","isPartOf":{"@id":"https:\/\/trackcable.com\/fr\/#website"},"primaryImageOfPage":{"@id":"https:\/\/trackcable.com\/fr\/produit\/lf-skl-01-5-03\/#primaryimage"},"image":{"@id":"https:\/\/trackcable.com\/fr\/produit\/lf-skl-01-5-03\/#primaryimage"},"thumbnailUrl":"https:\/\/trackcable.com\/wp-content\/uploads\/2026\/02\/36251.jpg","datePublished":"2026-02-17T13:53:36+00:00","dateModified":"2026-03-26T12:37:13+00:00","description":"Achetez la pince EMC Icotek LF\/SKL 01.5\/03 pour un blindage et une mise \u00e0 la terre fiables des grilles de c\u00e2bles dans des applications industrielles. Livraison rapide disponible.","breadcrumb":{"@id":"https:\/\/trackcable.com\/fr\/produit\/lf-skl-01-5-03\/#breadcrumb"},"inLanguage":"fr-FR","potentialAction":[{"@type":"ReadAction","target":["https:\/\/trackcable.com\/fr\/produit\/lf-skl-01-5-03\/"]}]},{"@type":"ImageObject","inLanguage":"fr-FR","@id":"https:\/\/trackcable.com\/fr\/produit\/lf-skl-01-5-03\/#primaryimage","url":"https:\/\/trackcable.com\/wp-content\/uploads\/2026\/02\/36251.jpg","contentUrl":"https:\/\/trackcable.com\/wp-content\/uploads\/2026\/02\/36251.jpg","width":300,"height":199,"caption":"Dessin au trait noir et blanc du clip \u00e0 ressort m\u00e9tallique LF\/SKL 01.5\/03, avec une base carr\u00e9e et un trou rond \u00e0 c\u00f4t\u00e9, con\u00e7u pour monter ou fixer des objets."},{"@type":"BreadcrumbList","@id":"https:\/\/trackcable.com\/fr\/produit\/lf-skl-01-5-03\/#breadcrumb","itemListElement":[{"@type":"ListItem","position":1,"name":"Accueil","item":"https:\/\/trackcable.com\/fr\/accueil\/"},{"@type":"ListItem","position":2,"name":"Boutique","item":"https:\/\/trackcable.com\/fr\/boutique\/"},{"@type":"ListItem","position":3,"name":"LF\/SKL 01.5\/03"}]},{"@type":"WebSite","@id":"https:\/\/trackcable.com\/fr\/#website","url":"https:\/\/trackcable.com\/fr\/","name":"trackcable.com","description":"Precision in cable management","publisher":{"@id":"https:\/\/trackcable.com\/fr\/#organization"},"potentialAction":[{"@type":"SearchAction","target":{"@type":"EntryPoint","urlTemplate":"https:\/\/trackcable.com\/fr\/?s={search_term_string}"},"query-input":{"@type":"PropertyValueSpecification","valueRequired":true,"valueName":"search_term_string"}}],"inLanguage":"fr-FR"},{"@type":"Organization","@id":"https:\/\/trackcable.com\/fr\/#organization","name":"TrackCable | Precision in industrial cable management","url":"https:\/\/trackcable.com\/fr\/","logo":{"@type":"ImageObject","inLanguage":"fr-FR","@id":"https:\/\/trackcable.com\/fr\/#\/schema\/logo\/image\/","url":"https:\/\/trackcable.com\/wp-content\/uploads\/2026\/02\/TrackCable.jpg","contentUrl":"https:\/\/trackcable.com\/wp-content\/uploads\/2026\/02\/TrackCable.jpg","width":600,"height":300,"caption":"TrackCable | Precision in industrial cable management"},"image":{"@id":"https:\/\/trackcable.com\/fr\/#\/schema\/logo\/image\/"}}]}},"_links":{"self":[{"href":"https:\/\/trackcable.com\/fr\/wp-json\/wp\/v2\/product\/11423","targetHints":{"allow":["GET"]}}],"collection":[{"href":"https:\/\/trackcable.com\/fr\/wp-json\/wp\/v2\/product"}],"about":[{"href":"https:\/\/trackcable.com\/fr\/wp-json\/wp\/v2\/types\/product"}],"replies":[{"embeddable":true,"href":"https:\/\/trackcable.com\/fr\/wp-json\/wp\/v2\/comments?post=11423"}],"version-history":[{"count":1,"href":"https:\/\/trackcable.com\/fr\/wp-json\/wp\/v2\/product\/11423\/revisions"}],"predecessor-version":[{"id":12752,"href":"https:\/\/trackcable.com\/fr\/wp-json\/wp\/v2\/product\/11423\/revisions\/12752"}],"wp:featuredmedia":[{"embeddable":true,"href":"https:\/\/trackcable.com\/fr\/wp-json\/wp\/v2\/media\/11425"}],"wp:attachment":[{"href":"https:\/\/trackcable.com\/fr\/wp-json\/wp\/v2\/media?parent=11423"}],"wp:term":[{"taxonomy":"brand","embeddable":true,"href":"https:\/\/trackcable.com\/fr\/wp-json\/wp\/v2\/etheme_brands?post=11423"},{"taxonomy":"product_brand","embeddable":true,"href":"https:\/\/trackcable.com\/fr\/wp-json\/wp\/v2\/product_brand?post=11423"},{"taxonomy":"product_cat","embeddable":true,"href":"https:\/\/trackcable.com\/fr\/wp-json\/wp\/v2\/product_cat?post=11423"},{"taxonomy":"product_tag","embeddable":true,"href":"https:\/\/trackcable.com\/fr\/wp-json\/wp\/v2\/product_tag?post=11423"}],"curies":[{"name":"wp","href":"https:\/\/api.w.org\/{rel}","templated":true}]}}