{"id":11440,"date":"2026-02-17T13:20:41","date_gmt":"2026-02-17T13:20:41","guid":{"rendered":"https:\/\/trackcable.com\/product\/kel-dpz-50-78-noir\/"},"modified":"2026-03-26T12:37:13","modified_gmt":"2026-03-26T12:37:13","slug":"kel-dpz-50-78-noir","status":"publish","type":"product","link":"https:\/\/trackcable.com\/fr\/produit\/kel-dpz-50-78-noir\/","title":{"rendered":"KEL-DPZ 50\/78 \u2013 Noir"},"content":{"rendered":"<h2 data-start=\"109\" data-end=\"135\"><a target=\"_blank\" class=\"btn  small\" href=\"https:\/\/www.icotek.com\/Produkte\/PG06%20Kabeldurchf%C3%BChrungen\/KEL-DPZ%20rund\/KEL-DPZ%2050\/Datenbl%C3%A4tter\/50756_KEL-DPZ-50-78_bk.PDF\"><span> Documentation<\/span><\/a><\/h2>\n<p>&nbsp;<\/p>\n<h2 data-start=\"72\" data-end=\"98\"><strong data-start=\"75\" data-end=\"98\">Description du produit<\/strong><\/h2>\n<p data-start=\"100\" data-end=\"460\">Cette entr\u00e9e de c\u00e2ble rond ultra haute densit\u00e9 est con\u00e7ue pour un routage s\u00e9curis\u00e9 et \u00e9conomique d\u2019espace d\u2019un grand nombre de c\u00e2bles de tr\u00e8s petit diam\u00e8tre dans des armoires de contr\u00f4le, des enceintes \u00e9lectriques et des installations industrielles. Fabriqu\u00e9 en Allemagne et fabriqu\u00e9 en \u00e9lastom\u00e8re et polyamide (PA) de haute qualit\u00e9, il offre d\u2019excellentes performances d\u2019\u00e9tanch\u00e9it\u00e9 et une durabilit\u00e9 durable. <\/p>\n<p data-start=\"462\" data-end=\"842\">Avec des indices de protection jusqu\u2019\u00e0 IP68, cette entr\u00e9e par c\u00e2ble offre une r\u00e9sistance fiable contre la poussi\u00e8re et l\u2019eau. Les inserts d\u2019\u00e9tanch\u00e9it\u00e9 flexibles permettent d\u2019installer rapidement jusqu\u2019\u00e0 78 petits c\u00e2bles tout en maintenant une bonne r\u00e9tention des c\u00e2bles et une gestion organis\u00e9e des c\u00e2bles. Sa conception compacte M50 la rend id\u00e9ale pour les installations n\u00e9cessitant une densit\u00e9 maximale de c\u00e2bles et un joint fiable.  <\/p>\n<p data-start=\"844\" data-end=\"962\">Adapt\u00e9e \u00e0 l\u2019int\u00e9rieur comme \u00e0 l\u2019ext\u00e9rieur, cette entr\u00e9e par c\u00e2ble fonctionne de mani\u00e8re fiable sur une large plage de temp\u00e9ratures.<\/p>\n<hr data-start=\"964\" data-end=\"967\">\n<h2 data-start=\"969\" data-end=\"990\"><strong data-start=\"972\" data-end=\"990\">Caract\u00e9ristiques techniques<\/strong><\/h2>\n<ul data-start=\"992\" data-end=\"1453\">\n<li data-start=\"992\" data-end=\"1017\">\n<p data-start=\"994\" data-end=\"1017\"><strong data-start=\"994\" data-end=\"1006\">Code HS :<\/strong> 85472000<\/p>\n<\/li>\n<li data-start=\"1018\" data-end=\"1052\">\n<p data-start=\"1020\" data-end=\"1052\"><strong data-start=\"1020\" data-end=\"1042\">Pays d\u2019origine :<\/strong> Allemagne<\/p>\n<\/li>\n<li data-start=\"1053\" data-end=\"1096\">\n<p data-start=\"1055\" data-end=\"1096\"><strong data-start=\"1055\" data-end=\"1068\">Mat\u00e9riel :<\/strong> \u00c9lastom\u00e8re, polyamide (PA)<\/p>\n<\/li>\n<li data-start=\"1097\" data-end=\"1117\">\n<p data-start=\"1099\" data-end=\"1117\"><strong data-start=\"1099\" data-end=\"1109\">Couleur :<\/strong> Noir<\/p>\n<\/li>\n<li data-start=\"1118\" data-end=\"1138\">\n<p data-start=\"1120\" data-end=\"1138\"><strong data-start=\"1120\" data-end=\"1131\">Hauteur :<\/strong> 8 mm<\/p>\n<\/li>\n<li data-start=\"1139\" data-end=\"1189\">\n<p data-start=\"1141\" data-end=\"1189\"><strong data-start=\"1141\" data-end=\"1171\">Taille de la d\u00e9coupe d\u2019installation :<\/strong> \u00d8 50,5 mm (M50)<\/p>\n<\/li>\n<li data-start=\"1190\" data-end=\"1221\">\n<p data-start=\"1192\" data-end=\"1221\"><strong data-start=\"1192\" data-end=\"1211\">Diam\u00e8tre ext\u00e9rieur :<\/strong> \u00d8 62 mm<\/p>\n<\/li>\n<li data-start=\"1222\" data-end=\"1242\">\n<p data-start=\"1224\" data-end=\"1242\"><strong data-start=\"1224\" data-end=\"1234\">Profondeur :<\/strong> 14 mm<\/p>\n<\/li>\n<li data-start=\"1243\" data-end=\"1307\">\n<p data-start=\"1245\" data-end=\"1266\"><strong data-start=\"1245\" data-end=\"1264\">Plage de serrage :<\/strong><\/p>\n<ul data-start=\"1269\" data-end=\"1307\">\n<li data-start=\"1269\" data-end=\"1288\">\n<p data-start=\"1271\" data-end=\"1288\">76 \u00d7 1,5\u20132,6 mm<\/p>\n<\/li>\n<li data-start=\"1291\" data-end=\"1307\">\n<p data-start=\"1293\" data-end=\"1307\">2 \u00d7 2,5\u20135 mm<\/p>\n<\/li>\n<\/ul>\n<\/li>\n<li data-start=\"1308\" data-end=\"1350\">\n<p data-start=\"1310\" data-end=\"1350\"><strong data-start=\"1310\" data-end=\"1332\">Plage de temp\u00e9rature :<\/strong> -40\u00b0C \u00e0 +100\u00b0C<\/p>\n<\/li>\n<li data-start=\"1351\" data-end=\"1424\">\n<p data-start=\"1353\" data-end=\"1424\"><strong data-start=\"1353\" data-end=\"1375\">Classification de protection :<\/strong> IP54 \/ IP55 \/ IP64 \/ IP65 \/ IP66 \/ IP67 \/ IP68<\/p>\n<\/li>\n<li data-start=\"1425\" data-end=\"1453\">\n<p data-start=\"1427\" data-end=\"1453\"><strong data-start=\"1427\" data-end=\"1442\">Poids net :<\/strong> 0,039 kg<\/p>\n<\/li>\n<\/ul>\n","protected":false},"excerpt":{"rendered":"<p>&nbsp; Description du produit Cette entr\u00e9e de c\u00e2ble rond ultra haute densit\u00e9 est con\u00e7ue pour un routage s\u00e9curis\u00e9 et \u00e9conomique d\u2019espace d\u2019un grand nombre de&#8230;<\/p>\n","protected":false},"featured_media":11442,"comment_status":"open","ping_status":"closed","template":"","meta":[],"etheme_brands":[{"term_id":696,"name":"Icotek","slug":"icotek","term_group":0,"term_taxonomy_id":696,"taxonomy":"brand","description":"Icotek est un fabricant leader de solutions innovantes de gestion et de passage de c\u00e2bles, sp\u00e9cialis\u00e9 dans des syst\u00e8mes modulaires permettant une installation rapide et une \u00e9tanch\u00e9it\u00e9 fiable pour des applications industrielles et \u00e9lectriques dans le monde entier.","parent":0,"count":125,"filter":"raw"}],"product_brand":[],"product_cat":[276],"product_tag":[],"class_list":{"0":"post-11440","1":"product","2":"type-product","3":"status-publish","4":"has-post-thumbnail","6":"brand-icotek","7":"product_cat-plaques-dentree-de-cables","9":"first","10":"instock","11":"sale","12":"taxable","13":"shipping-taxable","14":"purchasable","15":"product-type-simple"},"yoast_head":"<!-- This site is optimized with the Yoast SEO plugin v27.3 - https:\/\/yoast.com\/product\/yoast-seo-wordpress\/ -->\n<title>Icotek KEL-DPZ 50\/78 Noir (50756) | TrackCable<\/title>\n<meta name=\"description\" content=\"Achetez la plaque d\u2019entr\u00e9e de c\u00e2ble Icotek KEL-DPZ 50\/78 (50756) noire pour un passage rapide et un \u00e9tanch\u00e9it\u00e9 fiable. Id\u00e9al pour la gestion des c\u00e2bles \u00e0 haute densit\u00e9.\" \/>\n<meta name=\"robots\" content=\"index, follow, max-snippet:-1, max-image-preview:large, max-video-preview:-1\" \/>\n<link rel=\"canonical\" href=\"https:\/\/trackcable.com\/fr\/produit\/kel-dpz-50-78-noir\/\" \/>\n<meta property=\"og:locale\" content=\"fr_FR\" \/>\n<meta property=\"og:type\" content=\"article\" \/>\n<meta property=\"og:title\" content=\"Icotek KEL-DPZ 50\/78 Noir (50756) | TrackCable\" \/>\n<meta property=\"og:description\" content=\"Achetez la plaque d\u2019entr\u00e9e de c\u00e2ble Icotek KEL-DPZ 50\/78 (50756) noire pour un passage rapide et un \u00e9tanch\u00e9it\u00e9 fiable. Id\u00e9al pour la gestion des c\u00e2bles \u00e0 haute densit\u00e9.\" \/>\n<meta property=\"og:url\" content=\"https:\/\/trackcable.com\/fr\/produit\/kel-dpz-50-78-noir\/\" \/>\n<meta property=\"og:site_name\" content=\"trackcable.com\" \/>\n<meta property=\"article:modified_time\" content=\"2026-03-26T12:37:13+00:00\" \/>\n<meta property=\"og:image\" content=\"https:\/\/trackcable.com\/wp-content\/uploads\/2026\/02\/50756.jpg\" \/>\n\t<meta property=\"og:image:width\" content=\"300\" \/>\n\t<meta property=\"og:image:height\" content=\"199\" \/>\n\t<meta property=\"og:image:type\" content=\"image\/jpeg\" \/>\n<meta name=\"twitter:card\" content=\"summary_large_image\" \/>\n<meta name=\"twitter:label1\" content=\"Dur\u00e9e de lecture estim\u00e9e\" \/>\n\t<meta name=\"twitter:data1\" content=\"1 minute\" \/>\n<script type=\"application\/ld+json\" class=\"yoast-schema-graph\">{\"@context\":\"https:\\\/\\\/schema.org\",\"@graph\":[{\"@type\":\"WebPage\",\"@id\":\"https:\\\/\\\/trackcable.com\\\/fr\\\/produit\\\/kel-dpz-50-78-noir\\\/\",\"url\":\"https:\\\/\\\/trackcable.com\\\/fr\\\/produit\\\/kel-dpz-50-78-noir\\\/\",\"name\":\"Icotek KEL-DPZ 50\\\/78 Noir (50756) | TrackCable\",\"isPartOf\":{\"@id\":\"https:\\\/\\\/trackcable.com\\\/fr\\\/#website\"},\"primaryImageOfPage\":{\"@id\":\"https:\\\/\\\/trackcable.com\\\/fr\\\/produit\\\/kel-dpz-50-78-noir\\\/#primaryimage\"},\"image\":{\"@id\":\"https:\\\/\\\/trackcable.com\\\/fr\\\/produit\\\/kel-dpz-50-78-noir\\\/#primaryimage\"},\"thumbnailUrl\":\"https:\\\/\\\/trackcable.com\\\/wp-content\\\/uploads\\\/2026\\\/02\\\/50756.jpg\",\"datePublished\":\"2026-02-17T13:20:41+00:00\",\"dateModified\":\"2026-03-26T12:37:13+00:00\",\"description\":\"Achetez la plaque d\u2019entr\u00e9e de c\u00e2ble Icotek KEL-DPZ 50\\\/78 (50756) noire pour un passage rapide et un \u00e9tanch\u00e9it\u00e9 fiable. Id\u00e9al pour la gestion des c\u00e2bles \u00e0 haute densit\u00e9.\",\"breadcrumb\":{\"@id\":\"https:\\\/\\\/trackcable.com\\\/fr\\\/produit\\\/kel-dpz-50-78-noir\\\/#breadcrumb\"},\"inLanguage\":\"fr-FR\",\"potentialAction\":[{\"@type\":\"ReadAction\",\"target\":[\"https:\\\/\\\/trackcable.com\\\/fr\\\/produit\\\/kel-dpz-50-78-noir\\\/\"]}]},{\"@type\":\"ImageObject\",\"inLanguage\":\"fr-FR\",\"@id\":\"https:\\\/\\\/trackcable.com\\\/fr\\\/produit\\\/kel-dpz-50-78-noir\\\/#primaryimage\",\"url\":\"https:\\\/\\\/trackcable.com\\\/wp-content\\\/uploads\\\/2026\\\/02\\\/50756.jpg\",\"contentUrl\":\"https:\\\/\\\/trackcable.com\\\/wp-content\\\/uploads\\\/2026\\\/02\\\/50756.jpg\",\"width\":300,\"height\":199,\"caption\":\"Un haut-parleur Bluetooth portable compact, rond KEL-DPZ 50\\\/78 - Noir, avec une calandre sup\u00e9rieure perfor\u00e9e, est affich\u00e9 sur un fond blanc uni.\"},{\"@type\":\"BreadcrumbList\",\"@id\":\"https:\\\/\\\/trackcable.com\\\/fr\\\/produit\\\/kel-dpz-50-78-noir\\\/#breadcrumb\",\"itemListElement\":[{\"@type\":\"ListItem\",\"position\":1,\"name\":\"Accueil\",\"item\":\"https:\\\/\\\/trackcable.com\\\/fr\\\/accueil\\\/\"},{\"@type\":\"ListItem\",\"position\":2,\"name\":\"Boutique\",\"item\":\"https:\\\/\\\/trackcable.com\\\/fr\\\/boutique\\\/\"},{\"@type\":\"ListItem\",\"position\":3,\"name\":\"KEL-DPZ 50\\\/78 \u2013 Noir\"}]},{\"@type\":\"WebSite\",\"@id\":\"https:\\\/\\\/trackcable.com\\\/fr\\\/#website\",\"url\":\"https:\\\/\\\/trackcable.com\\\/fr\\\/\",\"name\":\"trackcable.com\",\"description\":\"Precision in cable management\",\"publisher\":{\"@id\":\"https:\\\/\\\/trackcable.com\\\/fr\\\/#organization\"},\"potentialAction\":[{\"@type\":\"SearchAction\",\"target\":{\"@type\":\"EntryPoint\",\"urlTemplate\":\"https:\\\/\\\/trackcable.com\\\/fr\\\/?s={search_term_string}\"},\"query-input\":{\"@type\":\"PropertyValueSpecification\",\"valueRequired\":true,\"valueName\":\"search_term_string\"}}],\"inLanguage\":\"fr-FR\"},{\"@type\":\"Organization\",\"@id\":\"https:\\\/\\\/trackcable.com\\\/fr\\\/#organization\",\"name\":\"TrackCable | Precision in industrial cable management\",\"url\":\"https:\\\/\\\/trackcable.com\\\/fr\\\/\",\"logo\":{\"@type\":\"ImageObject\",\"inLanguage\":\"fr-FR\",\"@id\":\"https:\\\/\\\/trackcable.com\\\/fr\\\/#\\\/schema\\\/logo\\\/image\\\/\",\"url\":\"https:\\\/\\\/trackcable.com\\\/wp-content\\\/uploads\\\/2026\\\/02\\\/TrackCable.jpg\",\"contentUrl\":\"https:\\\/\\\/trackcable.com\\\/wp-content\\\/uploads\\\/2026\\\/02\\\/TrackCable.jpg\",\"width\":600,\"height\":300,\"caption\":\"TrackCable | Precision in industrial cable management\"},\"image\":{\"@id\":\"https:\\\/\\\/trackcable.com\\\/fr\\\/#\\\/schema\\\/logo\\\/image\\\/\"}}]}<\/script>\n<!-- \/ Yoast SEO plugin. -->","yoast_head_json":{"title":"Icotek KEL-DPZ 50\/78 Noir (50756) | TrackCable","description":"Achetez la plaque d\u2019entr\u00e9e de c\u00e2ble Icotek KEL-DPZ 50\/78 (50756) noire pour un passage rapide et un \u00e9tanch\u00e9it\u00e9 fiable. Id\u00e9al pour la gestion des c\u00e2bles \u00e0 haute densit\u00e9.","robots":{"index":"index","follow":"follow","max-snippet":"max-snippet:-1","max-image-preview":"max-image-preview:large","max-video-preview":"max-video-preview:-1"},"canonical":"https:\/\/trackcable.com\/fr\/produit\/kel-dpz-50-78-noir\/","og_locale":"fr_FR","og_type":"article","og_title":"Icotek KEL-DPZ 50\/78 Noir (50756) | TrackCable","og_description":"Achetez la plaque d\u2019entr\u00e9e de c\u00e2ble Icotek KEL-DPZ 50\/78 (50756) noire pour un passage rapide et un \u00e9tanch\u00e9it\u00e9 fiable. Id\u00e9al pour la gestion des c\u00e2bles \u00e0 haute densit\u00e9.","og_url":"https:\/\/trackcable.com\/fr\/produit\/kel-dpz-50-78-noir\/","og_site_name":"trackcable.com","article_modified_time":"2026-03-26T12:37:13+00:00","og_image":[{"width":300,"height":199,"url":"https:\/\/trackcable.com\/wp-content\/uploads\/2026\/02\/50756.jpg","type":"image\/jpeg"}],"twitter_card":"summary_large_image","twitter_misc":{"Dur\u00e9e de lecture estim\u00e9e":"1 minute"},"schema":{"@context":"https:\/\/schema.org","@graph":[{"@type":"WebPage","@id":"https:\/\/trackcable.com\/fr\/produit\/kel-dpz-50-78-noir\/","url":"https:\/\/trackcable.com\/fr\/produit\/kel-dpz-50-78-noir\/","name":"Icotek KEL-DPZ 50\/78 Noir (50756) | TrackCable","isPartOf":{"@id":"https:\/\/trackcable.com\/fr\/#website"},"primaryImageOfPage":{"@id":"https:\/\/trackcable.com\/fr\/produit\/kel-dpz-50-78-noir\/#primaryimage"},"image":{"@id":"https:\/\/trackcable.com\/fr\/produit\/kel-dpz-50-78-noir\/#primaryimage"},"thumbnailUrl":"https:\/\/trackcable.com\/wp-content\/uploads\/2026\/02\/50756.jpg","datePublished":"2026-02-17T13:20:41+00:00","dateModified":"2026-03-26T12:37:13+00:00","description":"Achetez la plaque d\u2019entr\u00e9e de c\u00e2ble Icotek KEL-DPZ 50\/78 (50756) noire pour un passage rapide et un \u00e9tanch\u00e9it\u00e9 fiable. Id\u00e9al pour la gestion des c\u00e2bles \u00e0 haute densit\u00e9.","breadcrumb":{"@id":"https:\/\/trackcable.com\/fr\/produit\/kel-dpz-50-78-noir\/#breadcrumb"},"inLanguage":"fr-FR","potentialAction":[{"@type":"ReadAction","target":["https:\/\/trackcable.com\/fr\/produit\/kel-dpz-50-78-noir\/"]}]},{"@type":"ImageObject","inLanguage":"fr-FR","@id":"https:\/\/trackcable.com\/fr\/produit\/kel-dpz-50-78-noir\/#primaryimage","url":"https:\/\/trackcable.com\/wp-content\/uploads\/2026\/02\/50756.jpg","contentUrl":"https:\/\/trackcable.com\/wp-content\/uploads\/2026\/02\/50756.jpg","width":300,"height":199,"caption":"Un haut-parleur Bluetooth portable compact, rond KEL-DPZ 50\/78 - Noir, avec une calandre sup\u00e9rieure perfor\u00e9e, est affich\u00e9 sur un fond blanc uni."},{"@type":"BreadcrumbList","@id":"https:\/\/trackcable.com\/fr\/produit\/kel-dpz-50-78-noir\/#breadcrumb","itemListElement":[{"@type":"ListItem","position":1,"name":"Accueil","item":"https:\/\/trackcable.com\/fr\/accueil\/"},{"@type":"ListItem","position":2,"name":"Boutique","item":"https:\/\/trackcable.com\/fr\/boutique\/"},{"@type":"ListItem","position":3,"name":"KEL-DPZ 50\/78 \u2013 Noir"}]},{"@type":"WebSite","@id":"https:\/\/trackcable.com\/fr\/#website","url":"https:\/\/trackcable.com\/fr\/","name":"trackcable.com","description":"Precision in cable management","publisher":{"@id":"https:\/\/trackcable.com\/fr\/#organization"},"potentialAction":[{"@type":"SearchAction","target":{"@type":"EntryPoint","urlTemplate":"https:\/\/trackcable.com\/fr\/?s={search_term_string}"},"query-input":{"@type":"PropertyValueSpecification","valueRequired":true,"valueName":"search_term_string"}}],"inLanguage":"fr-FR"},{"@type":"Organization","@id":"https:\/\/trackcable.com\/fr\/#organization","name":"TrackCable | Precision in industrial cable management","url":"https:\/\/trackcable.com\/fr\/","logo":{"@type":"ImageObject","inLanguage":"fr-FR","@id":"https:\/\/trackcable.com\/fr\/#\/schema\/logo\/image\/","url":"https:\/\/trackcable.com\/wp-content\/uploads\/2026\/02\/TrackCable.jpg","contentUrl":"https:\/\/trackcable.com\/wp-content\/uploads\/2026\/02\/TrackCable.jpg","width":600,"height":300,"caption":"TrackCable | Precision in industrial cable management"},"image":{"@id":"https:\/\/trackcable.com\/fr\/#\/schema\/logo\/image\/"}}]}},"_links":{"self":[{"href":"https:\/\/trackcable.com\/fr\/wp-json\/wp\/v2\/product\/11440","targetHints":{"allow":["GET"]}}],"collection":[{"href":"https:\/\/trackcable.com\/fr\/wp-json\/wp\/v2\/product"}],"about":[{"href":"https:\/\/trackcable.com\/fr\/wp-json\/wp\/v2\/types\/product"}],"replies":[{"embeddable":true,"href":"https:\/\/trackcable.com\/fr\/wp-json\/wp\/v2\/comments?post=11440"}],"version-history":[{"count":1,"href":"https:\/\/trackcable.com\/fr\/wp-json\/wp\/v2\/product\/11440\/revisions"}],"predecessor-version":[{"id":12753,"href":"https:\/\/trackcable.com\/fr\/wp-json\/wp\/v2\/product\/11440\/revisions\/12753"}],"wp:featuredmedia":[{"embeddable":true,"href":"https:\/\/trackcable.com\/fr\/wp-json\/wp\/v2\/media\/11442"}],"wp:attachment":[{"href":"https:\/\/trackcable.com\/fr\/wp-json\/wp\/v2\/media?parent=11440"}],"wp:term":[{"taxonomy":"brand","embeddable":true,"href":"https:\/\/trackcable.com\/fr\/wp-json\/wp\/v2\/etheme_brands?post=11440"},{"taxonomy":"product_brand","embeddable":true,"href":"https:\/\/trackcable.com\/fr\/wp-json\/wp\/v2\/product_brand?post=11440"},{"taxonomy":"product_cat","embeddable":true,"href":"https:\/\/trackcable.com\/fr\/wp-json\/wp\/v2\/product_cat?post=11440"},{"taxonomy":"product_tag","embeddable":true,"href":"https:\/\/trackcable.com\/fr\/wp-json\/wp\/v2\/product_tag?post=11440"}],"curies":[{"name":"wp","href":"https:\/\/api.w.org\/{rel}","templated":true}]}}