{"id":11453,"date":"2026-02-17T13:17:53","date_gmt":"2026-02-17T13:17:53","guid":{"rendered":"https:\/\/trackcable.com\/product\/kel-dpz-50-78-gris\/"},"modified":"2026-03-26T12:37:16","modified_gmt":"2026-03-26T12:37:16","slug":"kel-dpz-50-78-gris","status":"publish","type":"product","link":"https:\/\/trackcable.com\/fr\/produit\/kel-dpz-50-78-gris\/","title":{"rendered":"KEL-DPZ 50\/78 \u2013 Gris"},"content":{"rendered":"<h2 data-start=\"109\" data-end=\"135\"><a target=\"_blank\" class=\"btn  small\" href=\"https:\/\/www.icotek.com\/Produkte\/PG06%20Kabeldurchf%C3%BChrungen\/KEL-DPZ%20rund\/KEL-DPZ%2050\/Datenbl%C3%A4tter\/43756_KEL-DPZ-50-78_gy.PDF\"><span> Documentation<\/span><\/a><\/h2>\n<p>&nbsp;<\/p>\n<h2 data-start=\"72\" data-end=\"98\"><strong data-start=\"75\" data-end=\"98\">Description du produit<\/strong><\/h2>\n<p data-start=\"100\" data-end=\"460\">Cette entr\u00e9e de c\u00e2ble rond ultra haute densit\u00e9 est con\u00e7ue pour un routage s\u00e9curis\u00e9 et \u00e9conomique d\u2019espace d\u2019un grand nombre de c\u00e2bles de tr\u00e8s petit diam\u00e8tre dans des armoires de contr\u00f4le, des enceintes \u00e9lectriques et des installations industrielles. Fabriqu\u00e9 en Allemagne et fabriqu\u00e9 en \u00e9lastom\u00e8re et polyamide (PA) de haute qualit\u00e9, il offre d\u2019excellentes performances d\u2019\u00e9tanch\u00e9it\u00e9 et une durabilit\u00e9 durable. <\/p>\n<p data-start=\"462\" data-end=\"840\">Avec des protections jusqu\u2019\u00e0 IP68, cette entr\u00e9e par c\u00e2ble offre une r\u00e9sistance fiable contre la poussi\u00e8re et l\u2019eau. Les inserts d\u2019\u00e9tanch\u00e9it\u00e9 flexibles permettent d\u2019installer rapidement jusqu\u2019\u00e0 78 petits c\u00e2bles tout en maintenant une bonne r\u00e9tention des c\u00e2bles et une gestion organis\u00e9e des c\u00e2bles. Sa conception compacte M50 la rend id\u00e9ale pour les installations n\u00e9cessitant une densit\u00e9 maximale de c\u00e2bles et un joint fiable.  <\/p>\n<p data-start=\"842\" data-end=\"960\">Adapt\u00e9e \u00e0 l\u2019int\u00e9rieur comme \u00e0 l\u2019ext\u00e9rieur, cette entr\u00e9e par c\u00e2ble fonctionne de mani\u00e8re fiable sur une large plage de temp\u00e9ratures.<\/p>\n<hr data-start=\"962\" data-end=\"965\">\n<h2 data-start=\"967\" data-end=\"988\"><strong data-start=\"970\" data-end=\"988\">Caract\u00e9ristiques techniques<\/strong><\/h2>\n<ul data-start=\"990\" data-end=\"1450\">\n<li data-start=\"990\" data-end=\"1015\">\n<p data-start=\"992\" data-end=\"1015\"><strong data-start=\"992\" data-end=\"1004\">Code HS :<\/strong> 85472000<\/p>\n<\/li>\n<li data-start=\"1016\" data-end=\"1050\">\n<p data-start=\"1018\" data-end=\"1050\"><strong data-start=\"1018\" data-end=\"1040\">Pays d\u2019origine :<\/strong> Allemagne<\/p>\n<\/li>\n<li data-start=\"1051\" data-end=\"1094\">\n<p data-start=\"1053\" data-end=\"1094\"><strong data-start=\"1053\" data-end=\"1066\">Mat\u00e9riel :<\/strong> \u00c9lastom\u00e8re, polyamide (PA)<\/p>\n<\/li>\n<li data-start=\"1095\" data-end=\"1114\">\n<p data-start=\"1097\" data-end=\"1114\"><strong data-start=\"1097\" data-end=\"1107\">Couleur :<\/strong> Grey<\/p>\n<\/li>\n<li data-start=\"1115\" data-end=\"1135\">\n<p data-start=\"1117\" data-end=\"1135\"><strong data-start=\"1117\" data-end=\"1128\">Hauteur :<\/strong> 8 mm<\/p>\n<\/li>\n<li data-start=\"1136\" data-end=\"1186\">\n<p data-start=\"1138\" data-end=\"1186\"><strong data-start=\"1138\" data-end=\"1168\">Taille de la d\u00e9coupe d\u2019installation :<\/strong> \u00d8 50,5 mm (M50)<\/p>\n<\/li>\n<li data-start=\"1187\" data-end=\"1218\">\n<p data-start=\"1189\" data-end=\"1218\"><strong data-start=\"1189\" data-end=\"1208\">Diam\u00e8tre ext\u00e9rieur :<\/strong> \u00d8 62 mm<\/p>\n<\/li>\n<li data-start=\"1219\" data-end=\"1239\">\n<p data-start=\"1221\" data-end=\"1239\"><strong data-start=\"1221\" data-end=\"1231\">Profondeur :<\/strong> 14 mm<\/p>\n<\/li>\n<li data-start=\"1240\" data-end=\"1304\">\n<p data-start=\"1242\" data-end=\"1263\"><strong data-start=\"1242\" data-end=\"1261\">Plage de serrage :<\/strong><\/p>\n<ul data-start=\"1266\" data-end=\"1304\">\n<li data-start=\"1266\" data-end=\"1285\">\n<p data-start=\"1268\" data-end=\"1285\">76 \u00d7 1,5\u20132,6 mm<\/p>\n<\/li>\n<li data-start=\"1288\" data-end=\"1304\">\n<p data-start=\"1290\" data-end=\"1304\">2 \u00d7 2,5\u20135 mm<\/p>\n<\/li>\n<\/ul>\n<\/li>\n<li data-start=\"1305\" data-end=\"1347\">\n<p data-start=\"1307\" data-end=\"1347\"><strong data-start=\"1307\" data-end=\"1329\">Plage de temp\u00e9rature :<\/strong> -40\u00b0C \u00e0 +100\u00b0C<\/p>\n<\/li>\n<li data-start=\"1348\" data-end=\"1421\">\n<p data-start=\"1350\" data-end=\"1421\"><strong data-start=\"1350\" data-end=\"1372\">Classification de protection :<\/strong> IP54 \/ IP55 \/ IP64 \/ IP65 \/ IP66 \/ IP67 \/ IP68<\/p>\n<\/li>\n<li data-start=\"1422\" data-end=\"1450\">\n<p data-start=\"1424\" data-end=\"1450\"><strong data-start=\"1424\" data-end=\"1439\">Poids net :<\/strong> 0,039 kg<\/p>\n<\/li>\n<\/ul>\n","protected":false},"excerpt":{"rendered":"<p>&nbsp; Description du produit Cette entr\u00e9e de c\u00e2ble rond ultra haute densit\u00e9 est con\u00e7ue pour un routage s\u00e9curis\u00e9 et \u00e9conomique d\u2019espace d\u2019un grand nombre de&#8230;<\/p>\n","protected":false},"featured_media":11454,"comment_status":"open","ping_status":"closed","template":"","meta":[],"etheme_brands":[{"term_id":696,"name":"Icotek","slug":"icotek","term_group":0,"term_taxonomy_id":696,"taxonomy":"brand","description":"Icotek est un fabricant leader de solutions innovantes de gestion et de passage de c\u00e2bles, sp\u00e9cialis\u00e9 dans des syst\u00e8mes modulaires permettant une installation rapide et une \u00e9tanch\u00e9it\u00e9 fiable pour des applications industrielles et \u00e9lectriques dans le monde entier.","parent":0,"count":125,"filter":"raw"}],"product_brand":[],"product_cat":[276],"product_tag":[],"class_list":{"0":"post-11453","1":"product","2":"type-product","3":"status-publish","4":"has-post-thumbnail","6":"brand-icotek","7":"product_cat-plaques-dentree-de-cables","9":"first","10":"instock","11":"sale","12":"taxable","13":"shipping-taxable","14":"purchasable","15":"product-type-simple"},"yoast_head":"<!-- This site is optimized with the Yoast SEO plugin v27.3 - https:\/\/yoast.com\/product\/yoast-seo-wordpress\/ -->\n<title>Icotek KEL-DPZ 50\/78 Gris (43756) | TrackCable<\/title>\n<meta name=\"description\" content=\"Achetez la plaque d\u2019entr\u00e9e de c\u00e2ble Icotek KEL-DPZ 50\/78 (43756) en gris pour un passage rapide et un \u00e9tanch\u00e9it\u00e9 fiable. Id\u00e9al pour la gestion des c\u00e2bles \u00e0 haute densit\u00e9.\" \/>\n<meta name=\"robots\" content=\"index, follow, max-snippet:-1, max-image-preview:large, max-video-preview:-1\" \/>\n<link rel=\"canonical\" href=\"https:\/\/trackcable.com\/fr\/produit\/kel-dpz-50-78-gris\/\" \/>\n<meta property=\"og:locale\" content=\"fr_FR\" \/>\n<meta property=\"og:type\" content=\"article\" \/>\n<meta property=\"og:title\" content=\"Icotek KEL-DPZ 50\/78 Gris (43756) | TrackCable\" \/>\n<meta property=\"og:description\" content=\"Achetez la plaque d\u2019entr\u00e9e de c\u00e2ble Icotek KEL-DPZ 50\/78 (43756) en gris pour un passage rapide et un \u00e9tanch\u00e9it\u00e9 fiable. Id\u00e9al pour la gestion des c\u00e2bles \u00e0 haute densit\u00e9.\" \/>\n<meta property=\"og:url\" content=\"https:\/\/trackcable.com\/fr\/produit\/kel-dpz-50-78-gris\/\" \/>\n<meta property=\"og:site_name\" content=\"trackcable.com\" \/>\n<meta property=\"article:modified_time\" content=\"2026-03-26T12:37:16+00:00\" \/>\n<meta property=\"og:image\" content=\"https:\/\/trackcable.com\/wp-content\/uploads\/2026\/02\/43756.jpg\" \/>\n\t<meta property=\"og:image:width\" content=\"300\" \/>\n\t<meta property=\"og:image:height\" content=\"199\" \/>\n\t<meta property=\"og:image:type\" content=\"image\/jpeg\" \/>\n<meta name=\"twitter:card\" content=\"summary_large_image\" \/>\n<meta name=\"twitter:label1\" content=\"Dur\u00e9e de lecture estim\u00e9e\" \/>\n\t<meta name=\"twitter:data1\" content=\"1 minute\" \/>\n<script type=\"application\/ld+json\" class=\"yoast-schema-graph\">{\"@context\":\"https:\\\/\\\/schema.org\",\"@graph\":[{\"@type\":\"WebPage\",\"@id\":\"https:\\\/\\\/trackcable.com\\\/fr\\\/produit\\\/kel-dpz-50-78-gris\\\/\",\"url\":\"https:\\\/\\\/trackcable.com\\\/fr\\\/produit\\\/kel-dpz-50-78-gris\\\/\",\"name\":\"Icotek KEL-DPZ 50\\\/78 Gris (43756) | TrackCable\",\"isPartOf\":{\"@id\":\"https:\\\/\\\/trackcable.com\\\/fr\\\/#website\"},\"primaryImageOfPage\":{\"@id\":\"https:\\\/\\\/trackcable.com\\\/fr\\\/produit\\\/kel-dpz-50-78-gris\\\/#primaryimage\"},\"image\":{\"@id\":\"https:\\\/\\\/trackcable.com\\\/fr\\\/produit\\\/kel-dpz-50-78-gris\\\/#primaryimage\"},\"thumbnailUrl\":\"https:\\\/\\\/trackcable.com\\\/wp-content\\\/uploads\\\/2026\\\/02\\\/43756.jpg\",\"datePublished\":\"2026-02-17T13:17:53+00:00\",\"dateModified\":\"2026-03-26T12:37:16+00:00\",\"description\":\"Achetez la plaque d\u2019entr\u00e9e de c\u00e2ble Icotek KEL-DPZ 50\\\/78 (43756) en gris pour un passage rapide et un \u00e9tanch\u00e9it\u00e9 fiable. Id\u00e9al pour la gestion des c\u00e2bles \u00e0 haute densit\u00e9.\",\"breadcrumb\":{\"@id\":\"https:\\\/\\\/trackcable.com\\\/fr\\\/produit\\\/kel-dpz-50-78-gris\\\/#breadcrumb\"},\"inLanguage\":\"fr-FR\",\"potentialAction\":[{\"@type\":\"ReadAction\",\"target\":[\"https:\\\/\\\/trackcable.com\\\/fr\\\/produit\\\/kel-dpz-50-78-gris\\\/\"]}]},{\"@type\":\"ImageObject\",\"inLanguage\":\"fr-FR\",\"@id\":\"https:\\\/\\\/trackcable.com\\\/fr\\\/produit\\\/kel-dpz-50-78-gris\\\/#primaryimage\",\"url\":\"https:\\\/\\\/trackcable.com\\\/wp-content\\\/uploads\\\/2026\\\/02\\\/43756.jpg\",\"contentUrl\":\"https:\\\/\\\/trackcable.com\\\/wp-content\\\/uploads\\\/2026\\\/02\\\/43756.jpg\",\"width\":300,\"height\":199,\"caption\":\"Un KEL-DPZ 50\\\/78 rond et gris avec un dessus perfor\u00e9 rappelant une grille de haut-parleur est repr\u00e9sent\u00e9 en angle sur un fond blanc. Le bord pr\u00e9sente un ombrage sombre et porte le nom \u00ab KEL-DPZ 50\\\/78 - Grey. \u00bb\"},{\"@type\":\"BreadcrumbList\",\"@id\":\"https:\\\/\\\/trackcable.com\\\/fr\\\/produit\\\/kel-dpz-50-78-gris\\\/#breadcrumb\",\"itemListElement\":[{\"@type\":\"ListItem\",\"position\":1,\"name\":\"Accueil\",\"item\":\"https:\\\/\\\/trackcable.com\\\/fr\\\/accueil\\\/\"},{\"@type\":\"ListItem\",\"position\":2,\"name\":\"Boutique\",\"item\":\"https:\\\/\\\/trackcable.com\\\/fr\\\/boutique\\\/\"},{\"@type\":\"ListItem\",\"position\":3,\"name\":\"KEL-DPZ 50\\\/78 \u2013 Gris\"}]},{\"@type\":\"WebSite\",\"@id\":\"https:\\\/\\\/trackcable.com\\\/fr\\\/#website\",\"url\":\"https:\\\/\\\/trackcable.com\\\/fr\\\/\",\"name\":\"trackcable.com\",\"description\":\"Precision in cable management\",\"publisher\":{\"@id\":\"https:\\\/\\\/trackcable.com\\\/fr\\\/#organization\"},\"potentialAction\":[{\"@type\":\"SearchAction\",\"target\":{\"@type\":\"EntryPoint\",\"urlTemplate\":\"https:\\\/\\\/trackcable.com\\\/fr\\\/?s={search_term_string}\"},\"query-input\":{\"@type\":\"PropertyValueSpecification\",\"valueRequired\":true,\"valueName\":\"search_term_string\"}}],\"inLanguage\":\"fr-FR\"},{\"@type\":\"Organization\",\"@id\":\"https:\\\/\\\/trackcable.com\\\/fr\\\/#organization\",\"name\":\"TrackCable | Precision in industrial cable management\",\"url\":\"https:\\\/\\\/trackcable.com\\\/fr\\\/\",\"logo\":{\"@type\":\"ImageObject\",\"inLanguage\":\"fr-FR\",\"@id\":\"https:\\\/\\\/trackcable.com\\\/fr\\\/#\\\/schema\\\/logo\\\/image\\\/\",\"url\":\"https:\\\/\\\/trackcable.com\\\/wp-content\\\/uploads\\\/2026\\\/02\\\/TrackCable.jpg\",\"contentUrl\":\"https:\\\/\\\/trackcable.com\\\/wp-content\\\/uploads\\\/2026\\\/02\\\/TrackCable.jpg\",\"width\":600,\"height\":300,\"caption\":\"TrackCable | Precision in industrial cable management\"},\"image\":{\"@id\":\"https:\\\/\\\/trackcable.com\\\/fr\\\/#\\\/schema\\\/logo\\\/image\\\/\"}}]}<\/script>\n<!-- \/ Yoast SEO plugin. -->","yoast_head_json":{"title":"Icotek KEL-DPZ 50\/78 Gris (43756) | TrackCable","description":"Achetez la plaque d\u2019entr\u00e9e de c\u00e2ble Icotek KEL-DPZ 50\/78 (43756) en gris pour un passage rapide et un \u00e9tanch\u00e9it\u00e9 fiable. Id\u00e9al pour la gestion des c\u00e2bles \u00e0 haute densit\u00e9.","robots":{"index":"index","follow":"follow","max-snippet":"max-snippet:-1","max-image-preview":"max-image-preview:large","max-video-preview":"max-video-preview:-1"},"canonical":"https:\/\/trackcable.com\/fr\/produit\/kel-dpz-50-78-gris\/","og_locale":"fr_FR","og_type":"article","og_title":"Icotek KEL-DPZ 50\/78 Gris (43756) | TrackCable","og_description":"Achetez la plaque d\u2019entr\u00e9e de c\u00e2ble Icotek KEL-DPZ 50\/78 (43756) en gris pour un passage rapide et un \u00e9tanch\u00e9it\u00e9 fiable. Id\u00e9al pour la gestion des c\u00e2bles \u00e0 haute densit\u00e9.","og_url":"https:\/\/trackcable.com\/fr\/produit\/kel-dpz-50-78-gris\/","og_site_name":"trackcable.com","article_modified_time":"2026-03-26T12:37:16+00:00","og_image":[{"width":300,"height":199,"url":"https:\/\/trackcable.com\/wp-content\/uploads\/2026\/02\/43756.jpg","type":"image\/jpeg"}],"twitter_card":"summary_large_image","twitter_misc":{"Dur\u00e9e de lecture estim\u00e9e":"1 minute"},"schema":{"@context":"https:\/\/schema.org","@graph":[{"@type":"WebPage","@id":"https:\/\/trackcable.com\/fr\/produit\/kel-dpz-50-78-gris\/","url":"https:\/\/trackcable.com\/fr\/produit\/kel-dpz-50-78-gris\/","name":"Icotek KEL-DPZ 50\/78 Gris (43756) | TrackCable","isPartOf":{"@id":"https:\/\/trackcable.com\/fr\/#website"},"primaryImageOfPage":{"@id":"https:\/\/trackcable.com\/fr\/produit\/kel-dpz-50-78-gris\/#primaryimage"},"image":{"@id":"https:\/\/trackcable.com\/fr\/produit\/kel-dpz-50-78-gris\/#primaryimage"},"thumbnailUrl":"https:\/\/trackcable.com\/wp-content\/uploads\/2026\/02\/43756.jpg","datePublished":"2026-02-17T13:17:53+00:00","dateModified":"2026-03-26T12:37:16+00:00","description":"Achetez la plaque d\u2019entr\u00e9e de c\u00e2ble Icotek KEL-DPZ 50\/78 (43756) en gris pour un passage rapide et un \u00e9tanch\u00e9it\u00e9 fiable. Id\u00e9al pour la gestion des c\u00e2bles \u00e0 haute densit\u00e9.","breadcrumb":{"@id":"https:\/\/trackcable.com\/fr\/produit\/kel-dpz-50-78-gris\/#breadcrumb"},"inLanguage":"fr-FR","potentialAction":[{"@type":"ReadAction","target":["https:\/\/trackcable.com\/fr\/produit\/kel-dpz-50-78-gris\/"]}]},{"@type":"ImageObject","inLanguage":"fr-FR","@id":"https:\/\/trackcable.com\/fr\/produit\/kel-dpz-50-78-gris\/#primaryimage","url":"https:\/\/trackcable.com\/wp-content\/uploads\/2026\/02\/43756.jpg","contentUrl":"https:\/\/trackcable.com\/wp-content\/uploads\/2026\/02\/43756.jpg","width":300,"height":199,"caption":"Un KEL-DPZ 50\/78 rond et gris avec un dessus perfor\u00e9 rappelant une grille de haut-parleur est repr\u00e9sent\u00e9 en angle sur un fond blanc. Le bord pr\u00e9sente un ombrage sombre et porte le nom \u00ab KEL-DPZ 50\/78 - Grey. \u00bb"},{"@type":"BreadcrumbList","@id":"https:\/\/trackcable.com\/fr\/produit\/kel-dpz-50-78-gris\/#breadcrumb","itemListElement":[{"@type":"ListItem","position":1,"name":"Accueil","item":"https:\/\/trackcable.com\/fr\/accueil\/"},{"@type":"ListItem","position":2,"name":"Boutique","item":"https:\/\/trackcable.com\/fr\/boutique\/"},{"@type":"ListItem","position":3,"name":"KEL-DPZ 50\/78 \u2013 Gris"}]},{"@type":"WebSite","@id":"https:\/\/trackcable.com\/fr\/#website","url":"https:\/\/trackcable.com\/fr\/","name":"trackcable.com","description":"Precision in cable management","publisher":{"@id":"https:\/\/trackcable.com\/fr\/#organization"},"potentialAction":[{"@type":"SearchAction","target":{"@type":"EntryPoint","urlTemplate":"https:\/\/trackcable.com\/fr\/?s={search_term_string}"},"query-input":{"@type":"PropertyValueSpecification","valueRequired":true,"valueName":"search_term_string"}}],"inLanguage":"fr-FR"},{"@type":"Organization","@id":"https:\/\/trackcable.com\/fr\/#organization","name":"TrackCable | Precision in industrial cable management","url":"https:\/\/trackcable.com\/fr\/","logo":{"@type":"ImageObject","inLanguage":"fr-FR","@id":"https:\/\/trackcable.com\/fr\/#\/schema\/logo\/image\/","url":"https:\/\/trackcable.com\/wp-content\/uploads\/2026\/02\/TrackCable.jpg","contentUrl":"https:\/\/trackcable.com\/wp-content\/uploads\/2026\/02\/TrackCable.jpg","width":600,"height":300,"caption":"TrackCable | Precision in industrial cable management"},"image":{"@id":"https:\/\/trackcable.com\/fr\/#\/schema\/logo\/image\/"}}]}},"_links":{"self":[{"href":"https:\/\/trackcable.com\/fr\/wp-json\/wp\/v2\/product\/11453","targetHints":{"allow":["GET"]}}],"collection":[{"href":"https:\/\/trackcable.com\/fr\/wp-json\/wp\/v2\/product"}],"about":[{"href":"https:\/\/trackcable.com\/fr\/wp-json\/wp\/v2\/types\/product"}],"replies":[{"embeddable":true,"href":"https:\/\/trackcable.com\/fr\/wp-json\/wp\/v2\/comments?post=11453"}],"version-history":[{"count":1,"href":"https:\/\/trackcable.com\/fr\/wp-json\/wp\/v2\/product\/11453\/revisions"}],"predecessor-version":[{"id":12759,"href":"https:\/\/trackcable.com\/fr\/wp-json\/wp\/v2\/product\/11453\/revisions\/12759"}],"wp:featuredmedia":[{"embeddable":true,"href":"https:\/\/trackcable.com\/fr\/wp-json\/wp\/v2\/media\/11454"}],"wp:attachment":[{"href":"https:\/\/trackcable.com\/fr\/wp-json\/wp\/v2\/media?parent=11453"}],"wp:term":[{"taxonomy":"brand","embeddable":true,"href":"https:\/\/trackcable.com\/fr\/wp-json\/wp\/v2\/etheme_brands?post=11453"},{"taxonomy":"product_brand","embeddable":true,"href":"https:\/\/trackcable.com\/fr\/wp-json\/wp\/v2\/product_brand?post=11453"},{"taxonomy":"product_cat","embeddable":true,"href":"https:\/\/trackcable.com\/fr\/wp-json\/wp\/v2\/product_cat?post=11453"},{"taxonomy":"product_tag","embeddable":true,"href":"https:\/\/trackcable.com\/fr\/wp-json\/wp\/v2\/product_tag?post=11453"}],"curies":[{"name":"wp","href":"https:\/\/api.w.org\/{rel}","templated":true}]}}