{"id":11459,"date":"2026-02-17T13:06:36","date_gmt":"2026-02-17T13:06:36","guid":{"rendered":"https:\/\/trackcable.com\/product\/kel-dpz-40-8-gris\/"},"modified":"2026-03-26T12:37:21","modified_gmt":"2026-03-26T12:37:21","slug":"kel-dpz-40-8-gris","status":"publish","type":"product","link":"https:\/\/trackcable.com\/fr\/produit\/kel-dpz-40-8-gris\/","title":{"rendered":"KEL-DPZ 40\/8 \u2013 Gris"},"content":{"rendered":"<h2 data-start=\"109\" data-end=\"135\"><a target=\"_blank\" class=\"btn  small\" href=\"https:\/\/www.icotek.com\/Produkte\/PG06%20Kabeldurchf%C3%BChrungen\/KEL-DPZ%20rund\/KEL-DPZ%2040\/Datenbl%C3%A4tter\/43741_KEL-DPZ-40-8_gy.PDF\"><span> Documentation<\/span><\/a><\/h2>\n<p>&nbsp;<\/p>\n<p data-start=\"100\" data-end=\"405\">Cette entr\u00e9e compacte \u00e0 c\u00e2ble rond est con\u00e7ue pour un passage s\u00e9curis\u00e9 et \u00e9conomique dans les armoires de contr\u00f4le, les bo\u00eetiers \u00e9lectriques et les installations industrielles. Fabriqu\u00e9 en Allemagne et fabriqu\u00e9 en \u00e9lastom\u00e8re et polyamide (PA) de haute qualit\u00e9, il offre d\u2019excellentes performances d\u2019\u00e9tanch\u00e9it\u00e9 et une durabilit\u00e9 durable. <\/p>\n<p data-start=\"407\" data-end=\"780\">Avec des indices de protection jusqu\u2019\u00e0 IP68, cette entr\u00e9e par c\u00e2ble offre une r\u00e9sistance fiable contre la poussi\u00e8re et l\u2019eau. Les inserts d\u2019\u00e9tanch\u00e9it\u00e9 flexibles permettent d\u2019installer rapidement plusieurs diam\u00e8tres de c\u00e2ble tout en assurant une bonne r\u00e9tention des c\u00e2bles et une gestion soign\u00e9e des c\u00e2bles. Son design M40 le rend id\u00e9al pour les installations n\u00e9cessitant un point d\u2019entr\u00e9e compact et un scellement fiable.  <\/p>\n<p data-start=\"782\" data-end=\"900\">Adapt\u00e9e \u00e0 l\u2019int\u00e9rieur comme \u00e0 l\u2019ext\u00e9rieur, cette entr\u00e9e par c\u00e2ble fonctionne de mani\u00e8re fiable sur une large plage de temp\u00e9ratures.<\/p>\n<hr data-start=\"902\" data-end=\"905\">\n<h2 data-start=\"907\" data-end=\"928\"><strong data-start=\"910\" data-end=\"928\">Caract\u00e9ristiques techniques<\/strong><\/h2>\n<ul data-start=\"930\" data-end=\"1390\">\n<li data-start=\"930\" data-end=\"955\">\n<p data-start=\"932\" data-end=\"955\"><strong data-start=\"932\" data-end=\"944\">Code HS :<\/strong> 85472000<\/p>\n<\/li>\n<li data-start=\"956\" data-end=\"990\">\n<p data-start=\"958\" data-end=\"990\"><strong data-start=\"958\" data-end=\"980\">Pays d\u2019origine :<\/strong> Allemagne<\/p>\n<\/li>\n<li data-start=\"991\" data-end=\"1034\">\n<p data-start=\"993\" data-end=\"1034\"><strong data-start=\"993\" data-end=\"1006\">Mat\u00e9riel :<\/strong> \u00c9lastom\u00e8re, polyamide (PA)<\/p>\n<\/li>\n<li data-start=\"1035\" data-end=\"1054\">\n<p data-start=\"1037\" data-end=\"1054\"><strong data-start=\"1037\" data-end=\"1047\">Couleur :<\/strong> Grey<\/p>\n<\/li>\n<li data-start=\"1055\" data-end=\"1075\">\n<p data-start=\"1057\" data-end=\"1075\"><strong data-start=\"1057\" data-end=\"1068\">Hauteur :<\/strong> 8 mm<\/p>\n<\/li>\n<li data-start=\"1076\" data-end=\"1126\">\n<p data-start=\"1078\" data-end=\"1126\"><strong data-start=\"1078\" data-end=\"1108\">Taille de la d\u00e9coupe d\u2019installation :<\/strong> \u00d8 40,5 mm (M40)<\/p>\n<\/li>\n<li data-start=\"1127\" data-end=\"1158\">\n<p data-start=\"1129\" data-end=\"1158\"><strong data-start=\"1129\" data-end=\"1148\">Diam\u00e8tre ext\u00e9rieur :<\/strong> \u00d8 52 mm<\/p>\n<\/li>\n<li data-start=\"1159\" data-end=\"1179\">\n<p data-start=\"1161\" data-end=\"1179\"><strong data-start=\"1161\" data-end=\"1171\">Profondeur :<\/strong> 14 mm<\/p>\n<\/li>\n<li data-start=\"1180\" data-end=\"1244\">\n<p data-start=\"1182\" data-end=\"1203\"><strong data-start=\"1182\" data-end=\"1201\">Plage de serrage :<\/strong><\/p>\n<ul data-start=\"1206\" data-end=\"1244\">\n<li data-start=\"1206\" data-end=\"1224\">\n<p data-start=\"1208\" data-end=\"1224\">4 \u00d7 3,2\u20136,5 mm<\/p>\n<\/li>\n<li data-start=\"1227\" data-end=\"1244\">\n<p data-start=\"1229\" data-end=\"1244\">4 \u00d7 5\u201310,2 mm<\/p>\n<\/li>\n<\/ul>\n<\/li>\n<li data-start=\"1245\" data-end=\"1287\">\n<p data-start=\"1247\" data-end=\"1287\"><strong data-start=\"1247\" data-end=\"1269\">Plage de temp\u00e9rature :<\/strong> -40\u00b0C \u00e0 +100\u00b0C<\/p>\n<\/li>\n<li data-start=\"1288\" data-end=\"1361\">\n<p data-start=\"1290\" data-end=\"1361\"><strong data-start=\"1290\" data-end=\"1312\">Classification de protection :<\/strong> IP54 \/ IP55 \/ IP64 \/ IP65 \/ IP66 \/ IP67 \/ IP68<\/p>\n<\/li>\n<li data-start=\"1362\" data-end=\"1390\">\n<p data-start=\"1364\" data-end=\"1390\"><strong data-start=\"1364\" data-end=\"1379\">Poids net :<\/strong> 0,027 kg<\/p>\n<\/li>\n<\/ul>\n","protected":false},"excerpt":{"rendered":"<p>&nbsp; Cette entr\u00e9e compacte \u00e0 c\u00e2ble rond est con\u00e7ue pour un passage s\u00e9curis\u00e9 et \u00e9conomique dans les armoires de contr\u00f4le, les bo\u00eetiers \u00e9lectriques et les&#8230;<\/p>\n","protected":false},"featured_media":11460,"comment_status":"open","ping_status":"closed","template":"","meta":[],"etheme_brands":[{"term_id":696,"name":"Icotek","slug":"icotek","term_group":0,"term_taxonomy_id":696,"taxonomy":"brand","description":"Icotek est un fabricant leader de solutions innovantes de gestion et de passage de c\u00e2bles, sp\u00e9cialis\u00e9 dans des syst\u00e8mes modulaires permettant une installation rapide et une \u00e9tanch\u00e9it\u00e9 fiable pour des applications industrielles et \u00e9lectriques dans le monde entier.","parent":0,"count":125,"filter":"raw"}],"product_brand":[],"product_cat":[276],"product_tag":[],"class_list":{"0":"post-11459","1":"product","2":"type-product","3":"status-publish","4":"has-post-thumbnail","6":"brand-icotek","7":"product_cat-plaques-dentree-de-cables","9":"first","10":"instock","11":"sale","12":"taxable","13":"shipping-taxable","14":"purchasable","15":"product-type-simple"},"yoast_head":"<!-- This site is optimized with the Yoast SEO plugin v27.3 - https:\/\/yoast.com\/product\/yoast-seo-wordpress\/ -->\n<title>Plaque d\u2019entr\u00e9e de c\u00e2ble Icotek KEL-DPZ 40\/8 | TrackCable<\/title>\n<meta name=\"description\" content=\"Achetez une plaque d\u2019entr\u00e9e de c\u00e2ble Icotek KEL-DPZ 40\/8 pour un passage efficace des c\u00e2bles et un \u00e9tanch\u00e9it\u00e9 dans les panneaux de contr\u00f4le. Livraison rapide disponible.\" \/>\n<meta name=\"robots\" content=\"index, follow, max-snippet:-1, max-image-preview:large, max-video-preview:-1\" \/>\n<link rel=\"canonical\" href=\"https:\/\/trackcable.com\/fr\/produit\/kel-dpz-40-8-gris\/\" \/>\n<meta property=\"og:locale\" content=\"fr_FR\" \/>\n<meta property=\"og:type\" content=\"article\" \/>\n<meta property=\"og:title\" content=\"Plaque d\u2019entr\u00e9e de c\u00e2ble Icotek KEL-DPZ 40\/8 | TrackCable\" \/>\n<meta property=\"og:description\" content=\"Achetez une plaque d\u2019entr\u00e9e de c\u00e2ble Icotek KEL-DPZ 40\/8 pour un passage efficace des c\u00e2bles et un \u00e9tanch\u00e9it\u00e9 dans les panneaux de contr\u00f4le. Livraison rapide disponible.\" \/>\n<meta property=\"og:url\" content=\"https:\/\/trackcable.com\/fr\/produit\/kel-dpz-40-8-gris\/\" \/>\n<meta property=\"og:site_name\" content=\"trackcable.com\" \/>\n<meta property=\"article:modified_time\" content=\"2026-03-26T12:37:21+00:00\" \/>\n<meta property=\"og:image\" content=\"https:\/\/trackcable.com\/wp-content\/uploads\/2026\/02\/43741.jpg\" \/>\n\t<meta property=\"og:image:width\" content=\"300\" \/>\n\t<meta property=\"og:image:height\" content=\"199\" \/>\n\t<meta property=\"og:image:type\" content=\"image\/jpeg\" \/>\n<meta name=\"twitter:card\" content=\"summary_large_image\" \/>\n<meta name=\"twitter:label1\" content=\"Dur\u00e9e de lecture estim\u00e9e\" \/>\n\t<meta name=\"twitter:data1\" content=\"1 minute\" \/>\n<script type=\"application\/ld+json\" class=\"yoast-schema-graph\">{\"@context\":\"https:\\\/\\\/schema.org\",\"@graph\":[{\"@type\":\"WebPage\",\"@id\":\"https:\\\/\\\/trackcable.com\\\/fr\\\/produit\\\/kel-dpz-40-8-gris\\\/\",\"url\":\"https:\\\/\\\/trackcable.com\\\/fr\\\/produit\\\/kel-dpz-40-8-gris\\\/\",\"name\":\"Plaque d\u2019entr\u00e9e de c\u00e2ble Icotek KEL-DPZ 40\\\/8 | TrackCable\",\"isPartOf\":{\"@id\":\"https:\\\/\\\/trackcable.com\\\/fr\\\/#website\"},\"primaryImageOfPage\":{\"@id\":\"https:\\\/\\\/trackcable.com\\\/fr\\\/produit\\\/kel-dpz-40-8-gris\\\/#primaryimage\"},\"image\":{\"@id\":\"https:\\\/\\\/trackcable.com\\\/fr\\\/produit\\\/kel-dpz-40-8-gris\\\/#primaryimage\"},\"thumbnailUrl\":\"https:\\\/\\\/trackcable.com\\\/wp-content\\\/uploads\\\/2026\\\/02\\\/43741.jpg\",\"datePublished\":\"2026-02-17T13:06:36+00:00\",\"dateModified\":\"2026-03-26T12:37:21+00:00\",\"description\":\"Achetez une plaque d\u2019entr\u00e9e de c\u00e2ble Icotek KEL-DPZ 40\\\/8 pour un passage efficace des c\u00e2bles et un \u00e9tanch\u00e9it\u00e9 dans les panneaux de contr\u00f4le. Livraison rapide disponible.\",\"breadcrumb\":{\"@id\":\"https:\\\/\\\/trackcable.com\\\/fr\\\/produit\\\/kel-dpz-40-8-gris\\\/#breadcrumb\"},\"inLanguage\":\"fr-FR\",\"potentialAction\":[{\"@type\":\"ReadAction\",\"target\":[\"https:\\\/\\\/trackcable.com\\\/fr\\\/produit\\\/kel-dpz-40-8-gris\\\/\"]}]},{\"@type\":\"ImageObject\",\"inLanguage\":\"fr-FR\",\"@id\":\"https:\\\/\\\/trackcable.com\\\/fr\\\/produit\\\/kel-dpz-40-8-gris\\\/#primaryimage\",\"url\":\"https:\\\/\\\/trackcable.com\\\/wp-content\\\/uploads\\\/2026\\\/02\\\/43741.jpg\",\"contentUrl\":\"https:\\\/\\\/trackcable.com\\\/wp-content\\\/uploads\\\/2026\\\/02\\\/43741.jpg\",\"width\":300,\"height\":199,\"caption\":\"Un objet rond gris fonc\u00e9 KEL-DPZ 40\\\/8 avec un bord argent\u00e9 et sept petits cercles en motif floral sur le dessus. Un petit texte est visible sur le bord. L\u2019objet est montr\u00e9 isol\u00e9 sur un fond blanc.\"},{\"@type\":\"BreadcrumbList\",\"@id\":\"https:\\\/\\\/trackcable.com\\\/fr\\\/produit\\\/kel-dpz-40-8-gris\\\/#breadcrumb\",\"itemListElement\":[{\"@type\":\"ListItem\",\"position\":1,\"name\":\"Accueil\",\"item\":\"https:\\\/\\\/trackcable.com\\\/fr\\\/accueil\\\/\"},{\"@type\":\"ListItem\",\"position\":2,\"name\":\"Boutique\",\"item\":\"https:\\\/\\\/trackcable.com\\\/fr\\\/boutique\\\/\"},{\"@type\":\"ListItem\",\"position\":3,\"name\":\"KEL-DPZ 40\\\/8 \u2013 Gris\"}]},{\"@type\":\"WebSite\",\"@id\":\"https:\\\/\\\/trackcable.com\\\/fr\\\/#website\",\"url\":\"https:\\\/\\\/trackcable.com\\\/fr\\\/\",\"name\":\"trackcable.com\",\"description\":\"Precision in cable management\",\"publisher\":{\"@id\":\"https:\\\/\\\/trackcable.com\\\/fr\\\/#organization\"},\"potentialAction\":[{\"@type\":\"SearchAction\",\"target\":{\"@type\":\"EntryPoint\",\"urlTemplate\":\"https:\\\/\\\/trackcable.com\\\/fr\\\/?s={search_term_string}\"},\"query-input\":{\"@type\":\"PropertyValueSpecification\",\"valueRequired\":true,\"valueName\":\"search_term_string\"}}],\"inLanguage\":\"fr-FR\"},{\"@type\":\"Organization\",\"@id\":\"https:\\\/\\\/trackcable.com\\\/fr\\\/#organization\",\"name\":\"TrackCable | Precision in industrial cable management\",\"url\":\"https:\\\/\\\/trackcable.com\\\/fr\\\/\",\"logo\":{\"@type\":\"ImageObject\",\"inLanguage\":\"fr-FR\",\"@id\":\"https:\\\/\\\/trackcable.com\\\/fr\\\/#\\\/schema\\\/logo\\\/image\\\/\",\"url\":\"https:\\\/\\\/trackcable.com\\\/wp-content\\\/uploads\\\/2026\\\/02\\\/TrackCable.jpg\",\"contentUrl\":\"https:\\\/\\\/trackcable.com\\\/wp-content\\\/uploads\\\/2026\\\/02\\\/TrackCable.jpg\",\"width\":600,\"height\":300,\"caption\":\"TrackCable | Precision in industrial cable management\"},\"image\":{\"@id\":\"https:\\\/\\\/trackcable.com\\\/fr\\\/#\\\/schema\\\/logo\\\/image\\\/\"}}]}<\/script>\n<!-- \/ Yoast SEO plugin. -->","yoast_head_json":{"title":"Plaque d\u2019entr\u00e9e de c\u00e2ble Icotek KEL-DPZ 40\/8 | TrackCable","description":"Achetez une plaque d\u2019entr\u00e9e de c\u00e2ble Icotek KEL-DPZ 40\/8 pour un passage efficace des c\u00e2bles et un \u00e9tanch\u00e9it\u00e9 dans les panneaux de contr\u00f4le. Livraison rapide disponible.","robots":{"index":"index","follow":"follow","max-snippet":"max-snippet:-1","max-image-preview":"max-image-preview:large","max-video-preview":"max-video-preview:-1"},"canonical":"https:\/\/trackcable.com\/fr\/produit\/kel-dpz-40-8-gris\/","og_locale":"fr_FR","og_type":"article","og_title":"Plaque d\u2019entr\u00e9e de c\u00e2ble Icotek KEL-DPZ 40\/8 | TrackCable","og_description":"Achetez une plaque d\u2019entr\u00e9e de c\u00e2ble Icotek KEL-DPZ 40\/8 pour un passage efficace des c\u00e2bles et un \u00e9tanch\u00e9it\u00e9 dans les panneaux de contr\u00f4le. Livraison rapide disponible.","og_url":"https:\/\/trackcable.com\/fr\/produit\/kel-dpz-40-8-gris\/","og_site_name":"trackcable.com","article_modified_time":"2026-03-26T12:37:21+00:00","og_image":[{"width":300,"height":199,"url":"https:\/\/trackcable.com\/wp-content\/uploads\/2026\/02\/43741.jpg","type":"image\/jpeg"}],"twitter_card":"summary_large_image","twitter_misc":{"Dur\u00e9e de lecture estim\u00e9e":"1 minute"},"schema":{"@context":"https:\/\/schema.org","@graph":[{"@type":"WebPage","@id":"https:\/\/trackcable.com\/fr\/produit\/kel-dpz-40-8-gris\/","url":"https:\/\/trackcable.com\/fr\/produit\/kel-dpz-40-8-gris\/","name":"Plaque d\u2019entr\u00e9e de c\u00e2ble Icotek KEL-DPZ 40\/8 | TrackCable","isPartOf":{"@id":"https:\/\/trackcable.com\/fr\/#website"},"primaryImageOfPage":{"@id":"https:\/\/trackcable.com\/fr\/produit\/kel-dpz-40-8-gris\/#primaryimage"},"image":{"@id":"https:\/\/trackcable.com\/fr\/produit\/kel-dpz-40-8-gris\/#primaryimage"},"thumbnailUrl":"https:\/\/trackcable.com\/wp-content\/uploads\/2026\/02\/43741.jpg","datePublished":"2026-02-17T13:06:36+00:00","dateModified":"2026-03-26T12:37:21+00:00","description":"Achetez une plaque d\u2019entr\u00e9e de c\u00e2ble Icotek KEL-DPZ 40\/8 pour un passage efficace des c\u00e2bles et un \u00e9tanch\u00e9it\u00e9 dans les panneaux de contr\u00f4le. Livraison rapide disponible.","breadcrumb":{"@id":"https:\/\/trackcable.com\/fr\/produit\/kel-dpz-40-8-gris\/#breadcrumb"},"inLanguage":"fr-FR","potentialAction":[{"@type":"ReadAction","target":["https:\/\/trackcable.com\/fr\/produit\/kel-dpz-40-8-gris\/"]}]},{"@type":"ImageObject","inLanguage":"fr-FR","@id":"https:\/\/trackcable.com\/fr\/produit\/kel-dpz-40-8-gris\/#primaryimage","url":"https:\/\/trackcable.com\/wp-content\/uploads\/2026\/02\/43741.jpg","contentUrl":"https:\/\/trackcable.com\/wp-content\/uploads\/2026\/02\/43741.jpg","width":300,"height":199,"caption":"Un objet rond gris fonc\u00e9 KEL-DPZ 40\/8 avec un bord argent\u00e9 et sept petits cercles en motif floral sur le dessus. Un petit texte est visible sur le bord. L\u2019objet est montr\u00e9 isol\u00e9 sur un fond blanc."},{"@type":"BreadcrumbList","@id":"https:\/\/trackcable.com\/fr\/produit\/kel-dpz-40-8-gris\/#breadcrumb","itemListElement":[{"@type":"ListItem","position":1,"name":"Accueil","item":"https:\/\/trackcable.com\/fr\/accueil\/"},{"@type":"ListItem","position":2,"name":"Boutique","item":"https:\/\/trackcable.com\/fr\/boutique\/"},{"@type":"ListItem","position":3,"name":"KEL-DPZ 40\/8 \u2013 Gris"}]},{"@type":"WebSite","@id":"https:\/\/trackcable.com\/fr\/#website","url":"https:\/\/trackcable.com\/fr\/","name":"trackcable.com","description":"Precision in cable management","publisher":{"@id":"https:\/\/trackcable.com\/fr\/#organization"},"potentialAction":[{"@type":"SearchAction","target":{"@type":"EntryPoint","urlTemplate":"https:\/\/trackcable.com\/fr\/?s={search_term_string}"},"query-input":{"@type":"PropertyValueSpecification","valueRequired":true,"valueName":"search_term_string"}}],"inLanguage":"fr-FR"},{"@type":"Organization","@id":"https:\/\/trackcable.com\/fr\/#organization","name":"TrackCable | Precision in industrial cable management","url":"https:\/\/trackcable.com\/fr\/","logo":{"@type":"ImageObject","inLanguage":"fr-FR","@id":"https:\/\/trackcable.com\/fr\/#\/schema\/logo\/image\/","url":"https:\/\/trackcable.com\/wp-content\/uploads\/2026\/02\/TrackCable.jpg","contentUrl":"https:\/\/trackcable.com\/wp-content\/uploads\/2026\/02\/TrackCable.jpg","width":600,"height":300,"caption":"TrackCable | Precision in industrial cable management"},"image":{"@id":"https:\/\/trackcable.com\/fr\/#\/schema\/logo\/image\/"}}]}},"_links":{"self":[{"href":"https:\/\/trackcable.com\/fr\/wp-json\/wp\/v2\/product\/11459","targetHints":{"allow":["GET"]}}],"collection":[{"href":"https:\/\/trackcable.com\/fr\/wp-json\/wp\/v2\/product"}],"about":[{"href":"https:\/\/trackcable.com\/fr\/wp-json\/wp\/v2\/types\/product"}],"replies":[{"embeddable":true,"href":"https:\/\/trackcable.com\/fr\/wp-json\/wp\/v2\/comments?post=11459"}],"version-history":[{"count":1,"href":"https:\/\/trackcable.com\/fr\/wp-json\/wp\/v2\/product\/11459\/revisions"}],"predecessor-version":[{"id":12774,"href":"https:\/\/trackcable.com\/fr\/wp-json\/wp\/v2\/product\/11459\/revisions\/12774"}],"wp:featuredmedia":[{"embeddable":true,"href":"https:\/\/trackcable.com\/fr\/wp-json\/wp\/v2\/media\/11460"}],"wp:attachment":[{"href":"https:\/\/trackcable.com\/fr\/wp-json\/wp\/v2\/media?parent=11459"}],"wp:term":[{"taxonomy":"brand","embeddable":true,"href":"https:\/\/trackcable.com\/fr\/wp-json\/wp\/v2\/etheme_brands?post=11459"},{"taxonomy":"product_brand","embeddable":true,"href":"https:\/\/trackcable.com\/fr\/wp-json\/wp\/v2\/product_brand?post=11459"},{"taxonomy":"product_cat","embeddable":true,"href":"https:\/\/trackcable.com\/fr\/wp-json\/wp\/v2\/product_cat?post=11459"},{"taxonomy":"product_tag","embeddable":true,"href":"https:\/\/trackcable.com\/fr\/wp-json\/wp\/v2\/product_tag?post=11459"}],"curies":[{"name":"wp","href":"https:\/\/api.w.org\/{rel}","templated":true}]}}