{"id":11473,"date":"2026-02-17T13:03:17","date_gmt":"2026-02-17T13:03:17","guid":{"rendered":"https:\/\/trackcable.com\/product\/kel-dpz-32-4-gris\/"},"modified":"2026-03-26T12:37:20","modified_gmt":"2026-03-26T12:37:20","slug":"kel-dpz-32-4-gris","status":"publish","type":"product","link":"https:\/\/trackcable.com\/fr\/produit\/kel-dpz-32-4-gris\/","title":{"rendered":"KEL-DPZ 32\/4 \u2013 Gris"},"content":{"rendered":"<h2 data-start=\"109\" data-end=\"135\"><a target=\"_blank\" class=\"btn  small\" href=\"https:\/\/www.icotek.com\/Produkte\/PG06%20Kabeldurchf%C3%BChrungen\/KEL-DPZ%20rund\/KEL-DPZ%2032\/Datenbl%C3%A4tter\/43732_KEL-DPZ-32-4_gy.PDF\"><span> Documentation<\/span><\/a><\/h2>\n<p>&nbsp;<\/p>\n<h2 data-start=\"72\" data-end=\"98\"><strong data-start=\"75\" data-end=\"98\">Description du produit<\/strong><\/h2>\n<p data-start=\"100\" data-end=\"405\">Cette entr\u00e9e compacte \u00e0 c\u00e2ble rond est con\u00e7ue pour un passage s\u00e9curis\u00e9 et \u00e9conomique dans les armoires de contr\u00f4le, les bo\u00eetiers \u00e9lectriques et les installations industrielles. Fabriqu\u00e9 en Allemagne et fabriqu\u00e9 en \u00e9lastom\u00e8re et polyamide (PA) de haute qualit\u00e9, il offre d\u2019excellentes performances d\u2019\u00e9tanch\u00e9it\u00e9 et une durabilit\u00e9 durable. <\/p>\n<p data-start=\"407\" data-end=\"749\">Avec des indices de protection jusqu\u2019\u00e0 IP68, cette entr\u00e9e par c\u00e2ble offre une r\u00e9sistance fiable contre la poussi\u00e8re et l\u2019eau. Les inserts d\u2019\u00e9tanch\u00e9it\u00e9 flexibles permettent d\u2019installer rapidement plusieurs diam\u00e8tres de c\u00e2ble tout en assurant une forte r\u00e9tention. Sa conception compacte M32 la rend id\u00e9ale pour les installations o\u00f9 l\u2019espace est limit\u00e9 mais o\u00f9 un scellement fiable est essentiel.  <\/p>\n<p data-start=\"751\" data-end=\"869\">Adapt\u00e9e \u00e0 l\u2019int\u00e9rieur comme \u00e0 l\u2019ext\u00e9rieur, cette entr\u00e9e par c\u00e2ble fonctionne de mani\u00e8re fiable sur une large plage de temp\u00e9ratures.<\/p>\n<hr data-start=\"871\" data-end=\"874\">\n<h2 data-start=\"876\" data-end=\"897\"><strong data-start=\"879\" data-end=\"897\">Caract\u00e9ristiques techniques<\/strong><\/h2>\n<ul data-start=\"899\" data-end=\"1360\">\n<li data-start=\"899\" data-end=\"924\">\n<p data-start=\"901\" data-end=\"924\"><strong data-start=\"901\" data-end=\"913\">Code HS :<\/strong> 85472000<\/p>\n<\/li>\n<li data-start=\"925\" data-end=\"959\">\n<p data-start=\"927\" data-end=\"959\"><strong data-start=\"927\" data-end=\"949\">Pays d\u2019origine :<\/strong> Allemagne<\/p>\n<\/li>\n<li data-start=\"960\" data-end=\"1003\">\n<p data-start=\"962\" data-end=\"1003\"><strong data-start=\"962\" data-end=\"975\">Mat\u00e9riel :<\/strong> \u00c9lastom\u00e8re, polyamide (PA)<\/p>\n<\/li>\n<li data-start=\"1004\" data-end=\"1023\">\n<p data-start=\"1006\" data-end=\"1023\"><strong data-start=\"1006\" data-end=\"1016\">Couleur :<\/strong> Grey<\/p>\n<\/li>\n<li data-start=\"1024\" data-end=\"1044\">\n<p data-start=\"1026\" data-end=\"1044\"><strong data-start=\"1026\" data-end=\"1037\">Hauteur :<\/strong> 8 mm<\/p>\n<\/li>\n<li data-start=\"1045\" data-end=\"1095\">\n<p data-start=\"1047\" data-end=\"1095\"><strong data-start=\"1047\" data-end=\"1077\">Taille de la d\u00e9coupe d\u2019installation :<\/strong> \u00d8 32,5 mm (M32)<\/p>\n<\/li>\n<li data-start=\"1096\" data-end=\"1127\">\n<p data-start=\"1098\" data-end=\"1127\"><strong data-start=\"1098\" data-end=\"1117\">Diam\u00e8tre ext\u00e9rieur :<\/strong> \u00d8 44 mm<\/p>\n<\/li>\n<li data-start=\"1128\" data-end=\"1148\">\n<p data-start=\"1130\" data-end=\"1148\"><strong data-start=\"1130\" data-end=\"1140\">Profondeur :<\/strong> 14 mm<\/p>\n<\/li>\n<li data-start=\"1149\" data-end=\"1215\">\n<p data-start=\"1151\" data-end=\"1172\"><strong data-start=\"1151\" data-end=\"1170\">Plage de serrage :<\/strong><\/p>\n<ul data-start=\"1175\" data-end=\"1215\">\n<li data-start=\"1175\" data-end=\"1193\">\n<p data-start=\"1177\" data-end=\"1193\">3 \u00d7 3,2\u20136,5 mm<\/p>\n<\/li>\n<li data-start=\"1196\" data-end=\"1215\">\n<p data-start=\"1198\" data-end=\"1215\">1 \u00d7 7,2\u201312,5 mm<\/p>\n<\/li>\n<\/ul>\n<\/li>\n<li data-start=\"1216\" data-end=\"1258\">\n<p data-start=\"1218\" data-end=\"1258\"><strong data-start=\"1218\" data-end=\"1240\">Plage de temp\u00e9rature :<\/strong> -40\u00b0C \u00e0 +100\u00b0C<\/p>\n<\/li>\n<li data-start=\"1259\" data-end=\"1332\">\n<p data-start=\"1261\" data-end=\"1332\"><strong data-start=\"1261\" data-end=\"1283\">Classification de protection :<\/strong> IP54 \/ IP55 \/ IP64 \/ IP65 \/ IP66 \/ IP67 \/ IP68<\/p>\n<\/li>\n<li data-start=\"1333\" data-end=\"1360\">\n<p data-start=\"1335\" data-end=\"1360\"><strong data-start=\"1335\" data-end=\"1350\">Poids net :<\/strong> 0,02 kg<\/p>\n<\/li>\n<\/ul>\n","protected":false},"excerpt":{"rendered":"<p>&nbsp; Description du produit Cette entr\u00e9e compacte \u00e0 c\u00e2ble rond est con\u00e7ue pour un passage s\u00e9curis\u00e9 et \u00e9conomique dans les armoires de contr\u00f4le, les bo\u00eetiers&#8230;<\/p>\n","protected":false},"featured_media":11474,"comment_status":"open","ping_status":"closed","template":"","meta":[],"etheme_brands":[{"term_id":696,"name":"Icotek","slug":"icotek","term_group":0,"term_taxonomy_id":696,"taxonomy":"brand","description":"Icotek est un fabricant leader de solutions innovantes de gestion et de passage de c\u00e2bles, sp\u00e9cialis\u00e9 dans des syst\u00e8mes modulaires permettant une installation rapide et une \u00e9tanch\u00e9it\u00e9 fiable pour des applications industrielles et \u00e9lectriques dans le monde entier.","parent":0,"count":125,"filter":"raw"}],"product_brand":[],"product_cat":[276],"product_tag":[],"class_list":{"0":"post-11473","1":"product","2":"type-product","3":"status-publish","4":"has-post-thumbnail","6":"brand-icotek","7":"product_cat-plaques-dentree-de-cables","9":"first","10":"instock","11":"sale","12":"taxable","13":"shipping-taxable","14":"purchasable","15":"product-type-simple"},"yoast_head":"<!-- This site is optimized with the Yoast SEO plugin v27.3 - https:\/\/yoast.com\/product\/yoast-seo-wordpress\/ -->\n<title>Plaque d\u2019entr\u00e9e de c\u00e2ble Icotek KEL-DPZ 32\/4 | TrackCable<\/title>\n<meta name=\"description\" content=\"Achetez une plaque d\u2019entr\u00e9e de c\u00e2ble Icotek KEL-DPZ 32\/4 pour un passage efficace et un \u00e9tanch\u00e9it\u00e9 des panneaux de contr\u00f4le. Livraison rapide disponible.\" \/>\n<meta name=\"robots\" content=\"index, follow, max-snippet:-1, max-image-preview:large, max-video-preview:-1\" \/>\n<link rel=\"canonical\" href=\"https:\/\/trackcable.com\/fr\/produit\/kel-dpz-32-4-gris\/\" \/>\n<meta property=\"og:locale\" content=\"fr_FR\" \/>\n<meta property=\"og:type\" content=\"article\" \/>\n<meta property=\"og:title\" content=\"Plaque d\u2019entr\u00e9e de c\u00e2ble Icotek KEL-DPZ 32\/4 | TrackCable\" \/>\n<meta property=\"og:description\" content=\"Achetez une plaque d\u2019entr\u00e9e de c\u00e2ble Icotek KEL-DPZ 32\/4 pour un passage efficace et un \u00e9tanch\u00e9it\u00e9 des panneaux de contr\u00f4le. Livraison rapide disponible.\" \/>\n<meta property=\"og:url\" content=\"https:\/\/trackcable.com\/fr\/produit\/kel-dpz-32-4-gris\/\" \/>\n<meta property=\"og:site_name\" content=\"trackcable.com\" \/>\n<meta property=\"article:modified_time\" content=\"2026-03-26T12:37:20+00:00\" \/>\n<meta property=\"og:image\" content=\"https:\/\/trackcable.com\/wp-content\/uploads\/2026\/02\/43732.jpg\" \/>\n\t<meta property=\"og:image:width\" content=\"300\" \/>\n\t<meta property=\"og:image:height\" content=\"199\" \/>\n\t<meta property=\"og:image:type\" content=\"image\/jpeg\" \/>\n<meta name=\"twitter:card\" content=\"summary_large_image\" \/>\n<meta name=\"twitter:label1\" content=\"Dur\u00e9e de lecture estim\u00e9e\" \/>\n\t<meta name=\"twitter:data1\" content=\"1 minute\" \/>\n<script type=\"application\/ld+json\" class=\"yoast-schema-graph\">{\"@context\":\"https:\\\/\\\/schema.org\",\"@graph\":[{\"@type\":\"WebPage\",\"@id\":\"https:\\\/\\\/trackcable.com\\\/fr\\\/produit\\\/kel-dpz-32-4-gris\\\/\",\"url\":\"https:\\\/\\\/trackcable.com\\\/fr\\\/produit\\\/kel-dpz-32-4-gris\\\/\",\"name\":\"Plaque d\u2019entr\u00e9e de c\u00e2ble Icotek KEL-DPZ 32\\\/4 | TrackCable\",\"isPartOf\":{\"@id\":\"https:\\\/\\\/trackcable.com\\\/fr\\\/#website\"},\"primaryImageOfPage\":{\"@id\":\"https:\\\/\\\/trackcable.com\\\/fr\\\/produit\\\/kel-dpz-32-4-gris\\\/#primaryimage\"},\"image\":{\"@id\":\"https:\\\/\\\/trackcable.com\\\/fr\\\/produit\\\/kel-dpz-32-4-gris\\\/#primaryimage\"},\"thumbnailUrl\":\"https:\\\/\\\/trackcable.com\\\/wp-content\\\/uploads\\\/2026\\\/02\\\/43732.jpg\",\"datePublished\":\"2026-02-17T13:03:17+00:00\",\"dateModified\":\"2026-03-26T12:37:20+00:00\",\"description\":\"Achetez une plaque d\u2019entr\u00e9e de c\u00e2ble Icotek KEL-DPZ 32\\\/4 pour un passage efficace et un \u00e9tanch\u00e9it\u00e9 des panneaux de contr\u00f4le. Livraison rapide disponible.\",\"breadcrumb\":{\"@id\":\"https:\\\/\\\/trackcable.com\\\/fr\\\/produit\\\/kel-dpz-32-4-gris\\\/#breadcrumb\"},\"inLanguage\":\"fr-FR\",\"potentialAction\":[{\"@type\":\"ReadAction\",\"target\":[\"https:\\\/\\\/trackcable.com\\\/fr\\\/produit\\\/kel-dpz-32-4-gris\\\/\"]}]},{\"@type\":\"ImageObject\",\"inLanguage\":\"fr-FR\",\"@id\":\"https:\\\/\\\/trackcable.com\\\/fr\\\/produit\\\/kel-dpz-32-4-gris\\\/#primaryimage\",\"url\":\"https:\\\/\\\/trackcable.com\\\/wp-content\\\/uploads\\\/2026\\\/02\\\/43732.jpg\",\"contentUrl\":\"https:\\\/\\\/trackcable.com\\\/wp-content\\\/uploads\\\/2026\\\/02\\\/43732.jpg\",\"width\":300,\"height\":199,\"caption\":\"Le KEL-DPZ 32\\\/4 - Grey est un appareil rond \u00e0 finition grise, avec un motif d\u2019empreinte de patte sur le dessus et un \u00ab www.bone.de \u00bb en dessous, affich\u00e9 sur un fond blanc.\"},{\"@type\":\"BreadcrumbList\",\"@id\":\"https:\\\/\\\/trackcable.com\\\/fr\\\/produit\\\/kel-dpz-32-4-gris\\\/#breadcrumb\",\"itemListElement\":[{\"@type\":\"ListItem\",\"position\":1,\"name\":\"Accueil\",\"item\":\"https:\\\/\\\/trackcable.com\\\/fr\\\/accueil\\\/\"},{\"@type\":\"ListItem\",\"position\":2,\"name\":\"Boutique\",\"item\":\"https:\\\/\\\/trackcable.com\\\/fr\\\/boutique\\\/\"},{\"@type\":\"ListItem\",\"position\":3,\"name\":\"KEL-DPZ 32\\\/4 \u2013 Gris\"}]},{\"@type\":\"WebSite\",\"@id\":\"https:\\\/\\\/trackcable.com\\\/fr\\\/#website\",\"url\":\"https:\\\/\\\/trackcable.com\\\/fr\\\/\",\"name\":\"trackcable.com\",\"description\":\"Precision in cable management\",\"publisher\":{\"@id\":\"https:\\\/\\\/trackcable.com\\\/fr\\\/#organization\"},\"potentialAction\":[{\"@type\":\"SearchAction\",\"target\":{\"@type\":\"EntryPoint\",\"urlTemplate\":\"https:\\\/\\\/trackcable.com\\\/fr\\\/?s={search_term_string}\"},\"query-input\":{\"@type\":\"PropertyValueSpecification\",\"valueRequired\":true,\"valueName\":\"search_term_string\"}}],\"inLanguage\":\"fr-FR\"},{\"@type\":\"Organization\",\"@id\":\"https:\\\/\\\/trackcable.com\\\/fr\\\/#organization\",\"name\":\"TrackCable | Precision in industrial cable management\",\"url\":\"https:\\\/\\\/trackcable.com\\\/fr\\\/\",\"logo\":{\"@type\":\"ImageObject\",\"inLanguage\":\"fr-FR\",\"@id\":\"https:\\\/\\\/trackcable.com\\\/fr\\\/#\\\/schema\\\/logo\\\/image\\\/\",\"url\":\"https:\\\/\\\/trackcable.com\\\/wp-content\\\/uploads\\\/2026\\\/02\\\/TrackCable.jpg\",\"contentUrl\":\"https:\\\/\\\/trackcable.com\\\/wp-content\\\/uploads\\\/2026\\\/02\\\/TrackCable.jpg\",\"width\":600,\"height\":300,\"caption\":\"TrackCable | Precision in industrial cable management\"},\"image\":{\"@id\":\"https:\\\/\\\/trackcable.com\\\/fr\\\/#\\\/schema\\\/logo\\\/image\\\/\"}}]}<\/script>\n<!-- \/ Yoast SEO plugin. -->","yoast_head_json":{"title":"Plaque d\u2019entr\u00e9e de c\u00e2ble Icotek KEL-DPZ 32\/4 | TrackCable","description":"Achetez une plaque d\u2019entr\u00e9e de c\u00e2ble Icotek KEL-DPZ 32\/4 pour un passage efficace et un \u00e9tanch\u00e9it\u00e9 des panneaux de contr\u00f4le. Livraison rapide disponible.","robots":{"index":"index","follow":"follow","max-snippet":"max-snippet:-1","max-image-preview":"max-image-preview:large","max-video-preview":"max-video-preview:-1"},"canonical":"https:\/\/trackcable.com\/fr\/produit\/kel-dpz-32-4-gris\/","og_locale":"fr_FR","og_type":"article","og_title":"Plaque d\u2019entr\u00e9e de c\u00e2ble Icotek KEL-DPZ 32\/4 | TrackCable","og_description":"Achetez une plaque d\u2019entr\u00e9e de c\u00e2ble Icotek KEL-DPZ 32\/4 pour un passage efficace et un \u00e9tanch\u00e9it\u00e9 des panneaux de contr\u00f4le. Livraison rapide disponible.","og_url":"https:\/\/trackcable.com\/fr\/produit\/kel-dpz-32-4-gris\/","og_site_name":"trackcable.com","article_modified_time":"2026-03-26T12:37:20+00:00","og_image":[{"width":300,"height":199,"url":"https:\/\/trackcable.com\/wp-content\/uploads\/2026\/02\/43732.jpg","type":"image\/jpeg"}],"twitter_card":"summary_large_image","twitter_misc":{"Dur\u00e9e de lecture estim\u00e9e":"1 minute"},"schema":{"@context":"https:\/\/schema.org","@graph":[{"@type":"WebPage","@id":"https:\/\/trackcable.com\/fr\/produit\/kel-dpz-32-4-gris\/","url":"https:\/\/trackcable.com\/fr\/produit\/kel-dpz-32-4-gris\/","name":"Plaque d\u2019entr\u00e9e de c\u00e2ble Icotek KEL-DPZ 32\/4 | TrackCable","isPartOf":{"@id":"https:\/\/trackcable.com\/fr\/#website"},"primaryImageOfPage":{"@id":"https:\/\/trackcable.com\/fr\/produit\/kel-dpz-32-4-gris\/#primaryimage"},"image":{"@id":"https:\/\/trackcable.com\/fr\/produit\/kel-dpz-32-4-gris\/#primaryimage"},"thumbnailUrl":"https:\/\/trackcable.com\/wp-content\/uploads\/2026\/02\/43732.jpg","datePublished":"2026-02-17T13:03:17+00:00","dateModified":"2026-03-26T12:37:20+00:00","description":"Achetez une plaque d\u2019entr\u00e9e de c\u00e2ble Icotek KEL-DPZ 32\/4 pour un passage efficace et un \u00e9tanch\u00e9it\u00e9 des panneaux de contr\u00f4le. Livraison rapide disponible.","breadcrumb":{"@id":"https:\/\/trackcable.com\/fr\/produit\/kel-dpz-32-4-gris\/#breadcrumb"},"inLanguage":"fr-FR","potentialAction":[{"@type":"ReadAction","target":["https:\/\/trackcable.com\/fr\/produit\/kel-dpz-32-4-gris\/"]}]},{"@type":"ImageObject","inLanguage":"fr-FR","@id":"https:\/\/trackcable.com\/fr\/produit\/kel-dpz-32-4-gris\/#primaryimage","url":"https:\/\/trackcable.com\/wp-content\/uploads\/2026\/02\/43732.jpg","contentUrl":"https:\/\/trackcable.com\/wp-content\/uploads\/2026\/02\/43732.jpg","width":300,"height":199,"caption":"Le KEL-DPZ 32\/4 - Grey est un appareil rond \u00e0 finition grise, avec un motif d\u2019empreinte de patte sur le dessus et un \u00ab www.bone.de \u00bb en dessous, affich\u00e9 sur un fond blanc."},{"@type":"BreadcrumbList","@id":"https:\/\/trackcable.com\/fr\/produit\/kel-dpz-32-4-gris\/#breadcrumb","itemListElement":[{"@type":"ListItem","position":1,"name":"Accueil","item":"https:\/\/trackcable.com\/fr\/accueil\/"},{"@type":"ListItem","position":2,"name":"Boutique","item":"https:\/\/trackcable.com\/fr\/boutique\/"},{"@type":"ListItem","position":3,"name":"KEL-DPZ 32\/4 \u2013 Gris"}]},{"@type":"WebSite","@id":"https:\/\/trackcable.com\/fr\/#website","url":"https:\/\/trackcable.com\/fr\/","name":"trackcable.com","description":"Precision in cable management","publisher":{"@id":"https:\/\/trackcable.com\/fr\/#organization"},"potentialAction":[{"@type":"SearchAction","target":{"@type":"EntryPoint","urlTemplate":"https:\/\/trackcable.com\/fr\/?s={search_term_string}"},"query-input":{"@type":"PropertyValueSpecification","valueRequired":true,"valueName":"search_term_string"}}],"inLanguage":"fr-FR"},{"@type":"Organization","@id":"https:\/\/trackcable.com\/fr\/#organization","name":"TrackCable | Precision in industrial cable management","url":"https:\/\/trackcable.com\/fr\/","logo":{"@type":"ImageObject","inLanguage":"fr-FR","@id":"https:\/\/trackcable.com\/fr\/#\/schema\/logo\/image\/","url":"https:\/\/trackcable.com\/wp-content\/uploads\/2026\/02\/TrackCable.jpg","contentUrl":"https:\/\/trackcable.com\/wp-content\/uploads\/2026\/02\/TrackCable.jpg","width":600,"height":300,"caption":"TrackCable | Precision in industrial cable management"},"image":{"@id":"https:\/\/trackcable.com\/fr\/#\/schema\/logo\/image\/"}}]}},"_links":{"self":[{"href":"https:\/\/trackcable.com\/fr\/wp-json\/wp\/v2\/product\/11473","targetHints":{"allow":["GET"]}}],"collection":[{"href":"https:\/\/trackcable.com\/fr\/wp-json\/wp\/v2\/product"}],"about":[{"href":"https:\/\/trackcable.com\/fr\/wp-json\/wp\/v2\/types\/product"}],"replies":[{"embeddable":true,"href":"https:\/\/trackcable.com\/fr\/wp-json\/wp\/v2\/comments?post=11473"}],"version-history":[{"count":1,"href":"https:\/\/trackcable.com\/fr\/wp-json\/wp\/v2\/product\/11473\/revisions"}],"predecessor-version":[{"id":12769,"href":"https:\/\/trackcable.com\/fr\/wp-json\/wp\/v2\/product\/11473\/revisions\/12769"}],"wp:featuredmedia":[{"embeddable":true,"href":"https:\/\/trackcable.com\/fr\/wp-json\/wp\/v2\/media\/11474"}],"wp:attachment":[{"href":"https:\/\/trackcable.com\/fr\/wp-json\/wp\/v2\/media?parent=11473"}],"wp:term":[{"taxonomy":"brand","embeddable":true,"href":"https:\/\/trackcable.com\/fr\/wp-json\/wp\/v2\/etheme_brands?post=11473"},{"taxonomy":"product_brand","embeddable":true,"href":"https:\/\/trackcable.com\/fr\/wp-json\/wp\/v2\/product_brand?post=11473"},{"taxonomy":"product_cat","embeddable":true,"href":"https:\/\/trackcable.com\/fr\/wp-json\/wp\/v2\/product_cat?post=11473"},{"taxonomy":"product_tag","embeddable":true,"href":"https:\/\/trackcable.com\/fr\/wp-json\/wp\/v2\/product_tag?post=11473"}],"curies":[{"name":"wp","href":"https:\/\/api.w.org\/{rel}","templated":true}]}}