{"id":11489,"date":"2026-02-17T10:05:53","date_gmt":"2026-02-17T10:05:53","guid":{"rendered":"https:\/\/trackcable.com\/product\/separateur-1455-ts\/"},"modified":"2026-03-26T13:56:47","modified_gmt":"2026-03-26T13:56:47","slug":"separateur-1455-ts","status":"publish","type":"product","link":"https:\/\/trackcable.com\/fr\/produit\/separateur-1455-ts\/","title":{"rendered":"S\u00e9parateur \u2013 1455-TS"},"content":{"rendered":"<p><strong data-start=\"0\" data-end=\"21\" data-is-only-node=\"\">S\u00e9parateur \u2013 1455 TS<\/strong> est un s\u00e9parateur de c\u00e2bles pratique con\u00e7u pour une utilisation dans la cha\u00eene porte-c\u00e2ble Uniflex Advanced 1455 <span class=\"hover:entity-accent entity-underline inline cursor-pointer align-baseline\"><span class=\"whitespace-normal\">TSUBAKI KABELSCHLEPP<\/span><\/span>. Ce s\u00e9parateur maintient les c\u00e2bles et les flexibles proprement s\u00e9par\u00e9s \u00e0 l\u2019int\u00e9rieur de la cha\u00eene, \u00e9vitant les enchev\u00eatrements, r\u00e9duisant l\u2019usure et am\u00e9liorant la gestion globale des c\u00e2bles dans les applications dynamiques. Facile \u00e0 installer et durable, il contribue \u00e0 prolonger la dur\u00e9e de vie des c\u00e2bles et \u00e0 maintenir un cheminement organis\u00e9.  <\/p>\n","protected":false},"excerpt":{"rendered":"<p><span style=\"font-size: 12px; line-height: 1.2; display: block;\"><br \/>\nDiviseur porte-c\u00e2ble<br \/>\n<\/span><\/p>\n","protected":false},"featured_media":11490,"comment_status":"open","ping_status":"closed","template":"","meta":[],"etheme_brands":[{"term_id":702,"name":"Tsubaki Kabelschlepp","slug":"tsubaki-kabelschlepp","term_group":0,"term_taxonomy_id":702,"taxonomy":"brand","description":"Tsubaki Kabelschlepp est un fournisseur mondialement reconnu de syst\u00e8mes de cha\u00eenes porte-c\u00e2bles et de guidage, offrant des solutions robustes et con\u00e7ues avec pr\u00e9cision pour guider et prot\u00e9ger les c\u00e2bles dans des applications industrielles dynamiques.","parent":0,"count":192,"filter":"raw"}],"product_brand":[],"product_cat":[285],"product_tag":[],"class_list":{"0":"post-11489","1":"product","2":"type-product","3":"status-publish","4":"has-post-thumbnail","6":"brand-tsubaki-kabelschlepp","7":"product_cat-separateurs","9":"first","10":"instock","11":"taxable","12":"shipping-taxable","13":"purchasable","14":"product-type-simple"},"yoast_head":"<!-- This site is optimized with the Yoast SEO plugin v27.3 - https:\/\/yoast.com\/product\/yoast-seo-wordpress\/ -->\n<title>Kabelschlepp 1455-TS Diviseur | TrackCable<\/title>\n<meta name=\"description\" content=\"Achetez le s\u00e9parateur Kabelschlepp 1455-TS pour un cheminement des c\u00e2bles organis\u00e9 dans les syst\u00e8mes de cha\u00eenes porte-c\u00e2ble. Livraison rapide disponible.\" \/>\n<meta name=\"robots\" content=\"index, follow, max-snippet:-1, max-image-preview:large, max-video-preview:-1\" \/>\n<link rel=\"canonical\" href=\"https:\/\/trackcable.com\/fr\/produit\/separateur-1455-ts\/\" \/>\n<meta property=\"og:locale\" content=\"fr_FR\" \/>\n<meta property=\"og:type\" content=\"article\" \/>\n<meta property=\"og:title\" content=\"Kabelschlepp 1455-TS Diviseur | TrackCable\" \/>\n<meta property=\"og:description\" content=\"Achetez le s\u00e9parateur Kabelschlepp 1455-TS pour un cheminement des c\u00e2bles organis\u00e9 dans les syst\u00e8mes de cha\u00eenes porte-c\u00e2ble. Livraison rapide disponible.\" \/>\n<meta property=\"og:url\" content=\"https:\/\/trackcable.com\/fr\/produit\/separateur-1455-ts\/\" \/>\n<meta property=\"og:site_name\" content=\"trackcable.com\" \/>\n<meta property=\"article:modified_time\" content=\"2026-03-26T13:56:47+00:00\" \/>\n<meta property=\"og:image\" content=\"https:\/\/trackcable.com\/wp-content\/uploads\/2026\/02\/Divider-1455.jpg\" \/>\n\t<meta property=\"og:image:width\" content=\"300\" \/>\n\t<meta property=\"og:image:height\" content=\"199\" \/>\n\t<meta property=\"og:image:type\" content=\"image\/jpeg\" \/>\n<meta name=\"twitter:card\" content=\"summary_large_image\" \/>\n<script type=\"application\/ld+json\" class=\"yoast-schema-graph\">{\"@context\":\"https:\\\/\\\/schema.org\",\"@graph\":[{\"@type\":\"WebPage\",\"@id\":\"https:\\\/\\\/trackcable.com\\\/fr\\\/produit\\\/separateur-1455-ts\\\/\",\"url\":\"https:\\\/\\\/trackcable.com\\\/fr\\\/produit\\\/separateur-1455-ts\\\/\",\"name\":\"Kabelschlepp 1455-TS Diviseur | TrackCable\",\"isPartOf\":{\"@id\":\"https:\\\/\\\/trackcable.com\\\/fr\\\/#website\"},\"primaryImageOfPage\":{\"@id\":\"https:\\\/\\\/trackcable.com\\\/fr\\\/produit\\\/separateur-1455-ts\\\/#primaryimage\"},\"image\":{\"@id\":\"https:\\\/\\\/trackcable.com\\\/fr\\\/produit\\\/separateur-1455-ts\\\/#primaryimage\"},\"thumbnailUrl\":\"https:\\\/\\\/trackcable.com\\\/wp-content\\\/uploads\\\/2026\\\/02\\\/Divider-1455.jpg\",\"datePublished\":\"2026-02-17T10:05:53+00:00\",\"dateModified\":\"2026-03-26T13:56:47+00:00\",\"description\":\"Achetez le s\u00e9parateur Kabelschlepp 1455-TS pour un cheminement des c\u00e2bles organis\u00e9 dans les syst\u00e8mes de cha\u00eenes porte-c\u00e2ble. Livraison rapide disponible.\",\"breadcrumb\":{\"@id\":\"https:\\\/\\\/trackcable.com\\\/fr\\\/produit\\\/separateur-1455-ts\\\/#breadcrumb\"},\"inLanguage\":\"fr-FR\",\"potentialAction\":[{\"@type\":\"ReadAction\",\"target\":[\"https:\\\/\\\/trackcable.com\\\/fr\\\/produit\\\/separateur-1455-ts\\\/\"]}]},{\"@type\":\"ImageObject\",\"inLanguage\":\"fr-FR\",\"@id\":\"https:\\\/\\\/trackcable.com\\\/fr\\\/produit\\\/separateur-1455-ts\\\/#primaryimage\",\"url\":\"https:\\\/\\\/trackcable.com\\\/wp-content\\\/uploads\\\/2026\\\/02\\\/Divider-1455.jpg\",\"contentUrl\":\"https:\\\/\\\/trackcable.com\\\/wp-content\\\/uploads\\\/2026\\\/02\\\/Divider-1455.jpg\",\"width\":300,\"height\":199,\"caption\":\"Une image 3D du Diviseur - 1455-TS, une boucle en plastique noir \u00e0 forme rectangulaire, bords arrondis, et trois fentes horizontales centrales pour enfiler les sangles.\"},{\"@type\":\"BreadcrumbList\",\"@id\":\"https:\\\/\\\/trackcable.com\\\/fr\\\/produit\\\/separateur-1455-ts\\\/#breadcrumb\",\"itemListElement\":[{\"@type\":\"ListItem\",\"position\":1,\"name\":\"Accueil\",\"item\":\"https:\\\/\\\/trackcable.com\\\/fr\\\/accueil\\\/\"},{\"@type\":\"ListItem\",\"position\":2,\"name\":\"Boutique\",\"item\":\"https:\\\/\\\/trackcable.com\\\/fr\\\/boutique\\\/\"},{\"@type\":\"ListItem\",\"position\":3,\"name\":\"S\u00e9parateur \u2013 1455-TS\"}]},{\"@type\":\"WebSite\",\"@id\":\"https:\\\/\\\/trackcable.com\\\/fr\\\/#website\",\"url\":\"https:\\\/\\\/trackcable.com\\\/fr\\\/\",\"name\":\"trackcable.com\",\"description\":\"Precision in cable management\",\"publisher\":{\"@id\":\"https:\\\/\\\/trackcable.com\\\/fr\\\/#organization\"},\"potentialAction\":[{\"@type\":\"SearchAction\",\"target\":{\"@type\":\"EntryPoint\",\"urlTemplate\":\"https:\\\/\\\/trackcable.com\\\/fr\\\/?s={search_term_string}\"},\"query-input\":{\"@type\":\"PropertyValueSpecification\",\"valueRequired\":true,\"valueName\":\"search_term_string\"}}],\"inLanguage\":\"fr-FR\"},{\"@type\":\"Organization\",\"@id\":\"https:\\\/\\\/trackcable.com\\\/fr\\\/#organization\",\"name\":\"TrackCable | Precision in industrial cable management\",\"url\":\"https:\\\/\\\/trackcable.com\\\/fr\\\/\",\"logo\":{\"@type\":\"ImageObject\",\"inLanguage\":\"fr-FR\",\"@id\":\"https:\\\/\\\/trackcable.com\\\/fr\\\/#\\\/schema\\\/logo\\\/image\\\/\",\"url\":\"https:\\\/\\\/trackcable.com\\\/wp-content\\\/uploads\\\/2026\\\/02\\\/TrackCable.jpg\",\"contentUrl\":\"https:\\\/\\\/trackcable.com\\\/wp-content\\\/uploads\\\/2026\\\/02\\\/TrackCable.jpg\",\"width\":600,\"height\":300,\"caption\":\"TrackCable | Precision in industrial cable management\"},\"image\":{\"@id\":\"https:\\\/\\\/trackcable.com\\\/fr\\\/#\\\/schema\\\/logo\\\/image\\\/\"}}]}<\/script>\n<!-- \/ Yoast SEO plugin. -->","yoast_head_json":{"title":"Kabelschlepp 1455-TS Diviseur | TrackCable","description":"Achetez le s\u00e9parateur Kabelschlepp 1455-TS pour un cheminement des c\u00e2bles organis\u00e9 dans les syst\u00e8mes de cha\u00eenes porte-c\u00e2ble. Livraison rapide disponible.","robots":{"index":"index","follow":"follow","max-snippet":"max-snippet:-1","max-image-preview":"max-image-preview:large","max-video-preview":"max-video-preview:-1"},"canonical":"https:\/\/trackcable.com\/fr\/produit\/separateur-1455-ts\/","og_locale":"fr_FR","og_type":"article","og_title":"Kabelschlepp 1455-TS Diviseur | TrackCable","og_description":"Achetez le s\u00e9parateur Kabelschlepp 1455-TS pour un cheminement des c\u00e2bles organis\u00e9 dans les syst\u00e8mes de cha\u00eenes porte-c\u00e2ble. Livraison rapide disponible.","og_url":"https:\/\/trackcable.com\/fr\/produit\/separateur-1455-ts\/","og_site_name":"trackcable.com","article_modified_time":"2026-03-26T13:56:47+00:00","og_image":[{"width":300,"height":199,"url":"https:\/\/trackcable.com\/wp-content\/uploads\/2026\/02\/Divider-1455.jpg","type":"image\/jpeg"}],"twitter_card":"summary_large_image","schema":{"@context":"https:\/\/schema.org","@graph":[{"@type":"WebPage","@id":"https:\/\/trackcable.com\/fr\/produit\/separateur-1455-ts\/","url":"https:\/\/trackcable.com\/fr\/produit\/separateur-1455-ts\/","name":"Kabelschlepp 1455-TS Diviseur | TrackCable","isPartOf":{"@id":"https:\/\/trackcable.com\/fr\/#website"},"primaryImageOfPage":{"@id":"https:\/\/trackcable.com\/fr\/produit\/separateur-1455-ts\/#primaryimage"},"image":{"@id":"https:\/\/trackcable.com\/fr\/produit\/separateur-1455-ts\/#primaryimage"},"thumbnailUrl":"https:\/\/trackcable.com\/wp-content\/uploads\/2026\/02\/Divider-1455.jpg","datePublished":"2026-02-17T10:05:53+00:00","dateModified":"2026-03-26T13:56:47+00:00","description":"Achetez le s\u00e9parateur Kabelschlepp 1455-TS pour un cheminement des c\u00e2bles organis\u00e9 dans les syst\u00e8mes de cha\u00eenes porte-c\u00e2ble. Livraison rapide disponible.","breadcrumb":{"@id":"https:\/\/trackcable.com\/fr\/produit\/separateur-1455-ts\/#breadcrumb"},"inLanguage":"fr-FR","potentialAction":[{"@type":"ReadAction","target":["https:\/\/trackcable.com\/fr\/produit\/separateur-1455-ts\/"]}]},{"@type":"ImageObject","inLanguage":"fr-FR","@id":"https:\/\/trackcable.com\/fr\/produit\/separateur-1455-ts\/#primaryimage","url":"https:\/\/trackcable.com\/wp-content\/uploads\/2026\/02\/Divider-1455.jpg","contentUrl":"https:\/\/trackcable.com\/wp-content\/uploads\/2026\/02\/Divider-1455.jpg","width":300,"height":199,"caption":"Une image 3D du Diviseur - 1455-TS, une boucle en plastique noir \u00e0 forme rectangulaire, bords arrondis, et trois fentes horizontales centrales pour enfiler les sangles."},{"@type":"BreadcrumbList","@id":"https:\/\/trackcable.com\/fr\/produit\/separateur-1455-ts\/#breadcrumb","itemListElement":[{"@type":"ListItem","position":1,"name":"Accueil","item":"https:\/\/trackcable.com\/fr\/accueil\/"},{"@type":"ListItem","position":2,"name":"Boutique","item":"https:\/\/trackcable.com\/fr\/boutique\/"},{"@type":"ListItem","position":3,"name":"S\u00e9parateur \u2013 1455-TS"}]},{"@type":"WebSite","@id":"https:\/\/trackcable.com\/fr\/#website","url":"https:\/\/trackcable.com\/fr\/","name":"trackcable.com","description":"Precision in cable management","publisher":{"@id":"https:\/\/trackcable.com\/fr\/#organization"},"potentialAction":[{"@type":"SearchAction","target":{"@type":"EntryPoint","urlTemplate":"https:\/\/trackcable.com\/fr\/?s={search_term_string}"},"query-input":{"@type":"PropertyValueSpecification","valueRequired":true,"valueName":"search_term_string"}}],"inLanguage":"fr-FR"},{"@type":"Organization","@id":"https:\/\/trackcable.com\/fr\/#organization","name":"TrackCable | Precision in industrial cable management","url":"https:\/\/trackcable.com\/fr\/","logo":{"@type":"ImageObject","inLanguage":"fr-FR","@id":"https:\/\/trackcable.com\/fr\/#\/schema\/logo\/image\/","url":"https:\/\/trackcable.com\/wp-content\/uploads\/2026\/02\/TrackCable.jpg","contentUrl":"https:\/\/trackcable.com\/wp-content\/uploads\/2026\/02\/TrackCable.jpg","width":600,"height":300,"caption":"TrackCable | Precision in industrial cable management"},"image":{"@id":"https:\/\/trackcable.com\/fr\/#\/schema\/logo\/image\/"}}]}},"_links":{"self":[{"href":"https:\/\/trackcable.com\/fr\/wp-json\/wp\/v2\/product\/11489","targetHints":{"allow":["GET"]}}],"collection":[{"href":"https:\/\/trackcable.com\/fr\/wp-json\/wp\/v2\/product"}],"about":[{"href":"https:\/\/trackcable.com\/fr\/wp-json\/wp\/v2\/types\/product"}],"replies":[{"embeddable":true,"href":"https:\/\/trackcable.com\/fr\/wp-json\/wp\/v2\/comments?post=11489"}],"version-history":[{"count":1,"href":"https:\/\/trackcable.com\/fr\/wp-json\/wp\/v2\/product\/11489\/revisions"}],"predecessor-version":[{"id":13373,"href":"https:\/\/trackcable.com\/fr\/wp-json\/wp\/v2\/product\/11489\/revisions\/13373"}],"wp:featuredmedia":[{"embeddable":true,"href":"https:\/\/trackcable.com\/fr\/wp-json\/wp\/v2\/media\/11490"}],"wp:attachment":[{"href":"https:\/\/trackcable.com\/fr\/wp-json\/wp\/v2\/media?parent=11489"}],"wp:term":[{"taxonomy":"brand","embeddable":true,"href":"https:\/\/trackcable.com\/fr\/wp-json\/wp\/v2\/etheme_brands?post=11489"},{"taxonomy":"product_brand","embeddable":true,"href":"https:\/\/trackcable.com\/fr\/wp-json\/wp\/v2\/product_brand?post=11489"},{"taxonomy":"product_cat","embeddable":true,"href":"https:\/\/trackcable.com\/fr\/wp-json\/wp\/v2\/product_cat?post=11489"},{"taxonomy":"product_tag","embeddable":true,"href":"https:\/\/trackcable.com\/fr\/wp-json\/wp\/v2\/product_tag?post=11489"}],"curies":[{"name":"wp","href":"https:\/\/api.w.org\/{rel}","templated":true}]}}