{"id":11502,"date":"2026-02-17T08:19:04","date_gmt":"2026-02-17T08:19:04","guid":{"rendered":"https:\/\/trackcable.com\/product\/ua1320-020-015\/"},"modified":"2026-03-26T13:58:14","modified_gmt":"2026-03-26T13:58:14","slug":"ua1320-020-015","status":"publish","type":"product","link":"https:\/\/trackcable.com\/fr\/produit\/ua1320-020-015\/","title":{"rendered":"UA1320-020-015"},"content":{"rendered":"<a target=\"_blank\" class=\"btn  small\" href=\"https:\/\/tsubaki-kabelschlepp.com\/uploads\/tx_tkg17pim\/documents\/pdf\/UNIFLEX-Advanced-series_EN_Y25W49_01.pdf\"><span> Documentation<\/span><\/a>\n<p>&nbsp;<\/p>\n<p data-start=\"0\" data-end=\"378\"><strong data-start=\"0\" data-end=\"50\">La TSUBAKI KABELSCHLEPP Uniflex Advanced 1320<\/strong> est une cha\u00eene porte-c\u00e2bles compacte et durable, con\u00e7ue pour une gestion fiable des c\u00e2bles dans des applications industrielles dynamiques. Faisant partie de la s\u00e9rie Uniflex Advanced de <span class=\"hover:entity-accent entity-underline inline cursor-pointer align-baseline\"><span class=\"whitespace-normal\">TSUBAKI KABELSCHLEPP<\/span><\/span>, cette cha\u00eene offre une protection fiable des c\u00e2bles et des flexibles tout en garantissant un fonctionnement fluide et \u00e0 faible usure dans les machines automatis\u00e9es. <\/p>\n<p data-start=\"380\" data-end=\"708\">Avec une largeur int\u00e9rieure de <strong data-start=\"403\" data-end=\"412\">15 mm<\/strong> et une hauteur int\u00e9rieure <strong data-start=\"436\" data-end=\"445\">de 20 mm<\/strong>, l\u2019Uniflex Advanced 1320 est id\u00e9al pour les bo\u00eetiers de c\u00e2bles compacts n\u00e9cessitant un guidage constant et une longue dur\u00e9e de service. Sa construction ferm\u00e9e <strong data-start=\"594\" data-end=\"610\">n\u2019est pas ouvrible<\/strong>, offrant une rigidit\u00e9 et une protection suppl\u00e9mentaires dans des environnements o\u00f9 les c\u00e2bles ne n\u00e9cessitent pas un acc\u00e8s fr\u00e9quent. <\/p>\n<p data-start=\"710\" data-end=\"1007\">Pour offrir de la flexibilit\u00e9 de conception, l\u2019Uniflex Advanced 1320 est disponible en multiples rayons de flexion \u2014 <strong data-start=\"808\" data-end=\"858\">28 mm, 38 mm, 48 mm, 75 mm, 100 mm et 125 mm<\/strong> \u2014 permettant aux ing\u00e9nieurs de choisir la configuration optimale pour la disposition de leur machine tout en maintenant une protection ad\u00e9quate des c\u00e2bles et une r\u00e9duction des contraintes de flexion.<\/p>\n<h3 data-start=\"1009\" data-end=\"1025\">Caract\u00e9ristiques cl\u00e9s<\/h3>\n<ul data-start=\"1027\" data-end=\"1311\">\n<li data-start=\"1027\" data-end=\"1100\">\n<p data-start=\"1029\" data-end=\"1100\">Conception ferm\u00e9e robuste (<strong data-start=\"1053\" data-end=\"1069\">non ouvrible<\/strong>) pour une protection s\u00e9curis\u00e9e des c\u00e2bles<\/p>\n<\/li>\n<li data-start=\"1101\" data-end=\"1148\">\n<p data-start=\"1103\" data-end=\"1148\">Dimensions int\u00e9rieures : <strong data-start=\"1121\" data-end=\"1146\">15 mm (E) \u00d7 20 mm (Haut)<\/strong><\/p>\n<\/li>\n<li data-start=\"1149\" data-end=\"1209\">\n<p data-start=\"1151\" data-end=\"1209\">Rayons de courbure disponibles : 28, 38, 48, 75, 100 et 125 mm<\/p>\n<\/li>\n<li data-start=\"1210\" data-end=\"1264\">\n<p data-start=\"1212\" data-end=\"1264\">Fonctionnement fluide et fiable dans les applications dynamiques<\/p>\n<\/li>\n<li data-start=\"1265\" data-end=\"1311\">\n<p data-start=\"1267\" data-end=\"1311\">Construction durable pour une longue dur\u00e9e de vie<\/p>\n<\/li>\n<\/ul>\n<p data-start=\"1313\" data-end=\"1548\" data-is-last-node=\"\" data-is-only-node=\"\">L\u2019<strong data-start=\"1317\" data-end=\"1342\">Uniflex Advanced 1320<\/strong> est un excellent choix pour les ing\u00e9nieurs et les constructeurs de machines \u00e0 la recherche d\u2019une cha\u00eene porte-c\u00e2bles compacte et haut de gamme, alliant robustesse, fiabilit\u00e9 et performances \u00e0 faible maintenance dans des syst\u00e8mes d\u2019automatisation exigeants.<\/p>\n","protected":false},"excerpt":{"rendered":"<div style=\"font-size: 12.5px; line-height: 1.2; margin-top: 6px;\">\n<div style=\"display: flex; justify-content: space-between; padding: 2px 0;\"><span style=\"color: #666;\">Largeur<\/span><br \/>\n int\u00e9rieure<strong>15 mm<\/strong><\/div>\n<div style=\"display: flex; justify-content: space-between; padding: 2px 0;\">Hauteur<br \/>\n <span style=\"color: #666;\">int\u00e9rieure<\/span><strong>20 mm<\/strong><\/div>\n<div style=\"display: flex; justify-content: space-between; padding: 2px 0;\"><span style=\"color: #666;\">Terrain<\/span><br \/>\n<strong>30 mm<\/strong><\/div>\n<div style=\"display: flex; justify-content: space-between; padding: 2px 0;\">Rayon<br \/>\n <span style=\"color: #666;\">de courbure<\/span><strong>28\/38\/48\/75\/100\/125 mm<\/strong><\/div>\n<div style=\"display: flex; justify-content: space-between; padding: 2px 0;\"><span style=\"color: #666;\">Ouverture<\/span><br \/>\n<strong>Ferm\u00e9<\/strong><\/div>\n<\/div>\n","protected":false},"featured_media":12483,"comment_status":"open","ping_status":"closed","template":"","meta":[],"etheme_brands":[{"term_id":702,"name":"Tsubaki Kabelschlepp","slug":"tsubaki-kabelschlepp","term_group":0,"term_taxonomy_id":702,"taxonomy":"brand","description":"Tsubaki Kabelschlepp est un fournisseur mondialement reconnu de syst\u00e8mes de cha\u00eenes porte-c\u00e2bles et de guidage, offrant des solutions robustes et con\u00e7ues avec pr\u00e9cision pour guider et prot\u00e9ger les c\u00e2bles dans des applications industrielles dynamiques.","parent":0,"count":192,"filter":"raw"}],"product_brand":[],"product_cat":[309,402],"product_tag":[],"class_list":{"0":"post-11502","1":"product","2":"type-product","3":"status-publish","4":"has-post-thumbnail","6":"brand-tsubaki-kabelschlepp","7":"product_cat-chaines-porte-cables-en-plastique","8":"product_cat-serie-uniflex-advanced","10":"first","11":"instock","12":"taxable","13":"shipping-taxable","14":"purchasable","15":"product-type-variable"},"yoast_head":"<!-- This site is optimized with the Yoast SEO plugin v27.3 - https:\/\/yoast.com\/product\/yoast-seo-wordpress\/ -->\n<title>Tsubaki Kabelschlepp UA1320-020-015 cha\u00eene porte-c\u00e2bles | TrackCable<\/title>\n<meta name=\"description\" content=\"Achetez la cha\u00eene porte-c\u00e2bles Tsubaki Kabelschlepp UA1320-020-015 pour une gestion fiable des c\u00e2bles dans les applications industrielles. Livraison rapide disponible.\" \/>\n<meta name=\"robots\" content=\"index, follow, max-snippet:-1, max-image-preview:large, max-video-preview:-1\" \/>\n<link rel=\"canonical\" href=\"https:\/\/trackcable.com\/fr\/produit\/ua1320-020-015\/\" \/>\n<meta property=\"og:locale\" content=\"fr_FR\" \/>\n<meta property=\"og:type\" content=\"article\" \/>\n<meta property=\"og:title\" content=\"Tsubaki Kabelschlepp UA1320-020-015 cha\u00eene porte-c\u00e2bles | TrackCable\" \/>\n<meta property=\"og:description\" content=\"Achetez la cha\u00eene porte-c\u00e2bles Tsubaki Kabelschlepp UA1320-020-015 pour une gestion fiable des c\u00e2bles dans les applications industrielles. Livraison rapide disponible.\" \/>\n<meta property=\"og:url\" content=\"https:\/\/trackcable.com\/fr\/produit\/ua1320-020-015\/\" \/>\n<meta property=\"og:site_name\" content=\"trackcable.com\" \/>\n<meta property=\"article:modified_time\" content=\"2026-03-26T13:58:14+00:00\" \/>\n<meta property=\"og:image\" content=\"https:\/\/trackcable.com\/wp-content\/uploads\/2026\/02\/UA1320-020.jpg\" \/>\n\t<meta property=\"og:image:width\" content=\"300\" \/>\n\t<meta property=\"og:image:height\" content=\"199\" \/>\n\t<meta property=\"og:image:type\" content=\"image\/jpeg\" \/>\n<meta name=\"twitter:card\" content=\"summary_large_image\" \/>\n<meta name=\"twitter:label1\" content=\"Dur\u00e9e de lecture estim\u00e9e\" \/>\n\t<meta name=\"twitter:data1\" content=\"2 minutes\" \/>\n<script type=\"application\/ld+json\" class=\"yoast-schema-graph\">{\"@context\":\"https:\\\/\\\/schema.org\",\"@graph\":[{\"@type\":\"WebPage\",\"@id\":\"https:\\\/\\\/trackcable.com\\\/fr\\\/produit\\\/ua1320-020-015\\\/\",\"url\":\"https:\\\/\\\/trackcable.com\\\/fr\\\/produit\\\/ua1320-020-015\\\/\",\"name\":\"Tsubaki Kabelschlepp UA1320-020-015 cha\u00eene porte-c\u00e2bles | TrackCable\",\"isPartOf\":{\"@id\":\"https:\\\/\\\/trackcable.com\\\/fr\\\/#website\"},\"primaryImageOfPage\":{\"@id\":\"https:\\\/\\\/trackcable.com\\\/fr\\\/produit\\\/ua1320-020-015\\\/#primaryimage\"},\"image\":{\"@id\":\"https:\\\/\\\/trackcable.com\\\/fr\\\/produit\\\/ua1320-020-015\\\/#primaryimage\"},\"thumbnailUrl\":\"https:\\\/\\\/trackcable.com\\\/wp-content\\\/uploads\\\/2026\\\/02\\\/UA1320-020.jpg\",\"datePublished\":\"2026-02-17T08:19:04+00:00\",\"dateModified\":\"2026-03-26T13:58:14+00:00\",\"description\":\"Achetez la cha\u00eene porte-c\u00e2bles Tsubaki Kabelschlepp UA1320-020-015 pour une gestion fiable des c\u00e2bles dans les applications industrielles. Livraison rapide disponible.\",\"breadcrumb\":{\"@id\":\"https:\\\/\\\/trackcable.com\\\/fr\\\/produit\\\/ua1320-020-015\\\/#breadcrumb\"},\"inLanguage\":\"fr-FR\",\"potentialAction\":[{\"@type\":\"ReadAction\",\"target\":[\"https:\\\/\\\/trackcable.com\\\/fr\\\/produit\\\/ua1320-020-015\\\/\"]}]},{\"@type\":\"ImageObject\",\"inLanguage\":\"fr-FR\",\"@id\":\"https:\\\/\\\/trackcable.com\\\/fr\\\/produit\\\/ua1320-020-015\\\/#primaryimage\",\"url\":\"https:\\\/\\\/trackcable.com\\\/wp-content\\\/uploads\\\/2026\\\/02\\\/UA1320-020.jpg\",\"contentUrl\":\"https:\\\/\\\/trackcable.com\\\/wp-content\\\/uploads\\\/2026\\\/02\\\/UA1320-020.jpg\",\"width\":300,\"height\":199,\"caption\":\"Gros plan d\u2019une cha\u00eene porte-c\u00e2bles UA1320-020-015 en plastique noir, \u00e0 segments embo\u00eetables et design courb\u00e9, utilis\u00e9e pour guider et prot\u00e9ger des c\u00e2bles ou des flexibles dans des machines automatis\u00e9es.\"},{\"@type\":\"BreadcrumbList\",\"@id\":\"https:\\\/\\\/trackcable.com\\\/fr\\\/produit\\\/ua1320-020-015\\\/#breadcrumb\",\"itemListElement\":[{\"@type\":\"ListItem\",\"position\":1,\"name\":\"Accueil\",\"item\":\"https:\\\/\\\/trackcable.com\\\/fr\\\/accueil\\\/\"},{\"@type\":\"ListItem\",\"position\":2,\"name\":\"Boutique\",\"item\":\"https:\\\/\\\/trackcable.com\\\/fr\\\/boutique\\\/\"},{\"@type\":\"ListItem\",\"position\":3,\"name\":\"UA1320-020-015\"}]},{\"@type\":\"WebSite\",\"@id\":\"https:\\\/\\\/trackcable.com\\\/fr\\\/#website\",\"url\":\"https:\\\/\\\/trackcable.com\\\/fr\\\/\",\"name\":\"trackcable.com\",\"description\":\"Precision in cable management\",\"publisher\":{\"@id\":\"https:\\\/\\\/trackcable.com\\\/fr\\\/#organization\"},\"potentialAction\":[{\"@type\":\"SearchAction\",\"target\":{\"@type\":\"EntryPoint\",\"urlTemplate\":\"https:\\\/\\\/trackcable.com\\\/fr\\\/?s={search_term_string}\"},\"query-input\":{\"@type\":\"PropertyValueSpecification\",\"valueRequired\":true,\"valueName\":\"search_term_string\"}}],\"inLanguage\":\"fr-FR\"},{\"@type\":\"Organization\",\"@id\":\"https:\\\/\\\/trackcable.com\\\/fr\\\/#organization\",\"name\":\"TrackCable | Precision in industrial cable management\",\"url\":\"https:\\\/\\\/trackcable.com\\\/fr\\\/\",\"logo\":{\"@type\":\"ImageObject\",\"inLanguage\":\"fr-FR\",\"@id\":\"https:\\\/\\\/trackcable.com\\\/fr\\\/#\\\/schema\\\/logo\\\/image\\\/\",\"url\":\"https:\\\/\\\/trackcable.com\\\/wp-content\\\/uploads\\\/2026\\\/02\\\/TrackCable.jpg\",\"contentUrl\":\"https:\\\/\\\/trackcable.com\\\/wp-content\\\/uploads\\\/2026\\\/02\\\/TrackCable.jpg\",\"width\":600,\"height\":300,\"caption\":\"TrackCable | Precision in industrial cable management\"},\"image\":{\"@id\":\"https:\\\/\\\/trackcable.com\\\/fr\\\/#\\\/schema\\\/logo\\\/image\\\/\"}}]}<\/script>\n<!-- \/ Yoast SEO plugin. -->","yoast_head_json":{"title":"Tsubaki Kabelschlepp UA1320-020-015 cha\u00eene porte-c\u00e2bles | TrackCable","description":"Achetez la cha\u00eene porte-c\u00e2bles Tsubaki Kabelschlepp UA1320-020-015 pour une gestion fiable des c\u00e2bles dans les applications industrielles. Livraison rapide disponible.","robots":{"index":"index","follow":"follow","max-snippet":"max-snippet:-1","max-image-preview":"max-image-preview:large","max-video-preview":"max-video-preview:-1"},"canonical":"https:\/\/trackcable.com\/fr\/produit\/ua1320-020-015\/","og_locale":"fr_FR","og_type":"article","og_title":"Tsubaki Kabelschlepp UA1320-020-015 cha\u00eene porte-c\u00e2bles | TrackCable","og_description":"Achetez la cha\u00eene porte-c\u00e2bles Tsubaki Kabelschlepp UA1320-020-015 pour une gestion fiable des c\u00e2bles dans les applications industrielles. Livraison rapide disponible.","og_url":"https:\/\/trackcable.com\/fr\/produit\/ua1320-020-015\/","og_site_name":"trackcable.com","article_modified_time":"2026-03-26T13:58:14+00:00","og_image":[{"width":300,"height":199,"url":"https:\/\/trackcable.com\/wp-content\/uploads\/2026\/02\/UA1320-020.jpg","type":"image\/jpeg"}],"twitter_card":"summary_large_image","twitter_misc":{"Dur\u00e9e de lecture estim\u00e9e":"2 minutes"},"schema":{"@context":"https:\/\/schema.org","@graph":[{"@type":"WebPage","@id":"https:\/\/trackcable.com\/fr\/produit\/ua1320-020-015\/","url":"https:\/\/trackcable.com\/fr\/produit\/ua1320-020-015\/","name":"Tsubaki Kabelschlepp UA1320-020-015 cha\u00eene porte-c\u00e2bles | TrackCable","isPartOf":{"@id":"https:\/\/trackcable.com\/fr\/#website"},"primaryImageOfPage":{"@id":"https:\/\/trackcable.com\/fr\/produit\/ua1320-020-015\/#primaryimage"},"image":{"@id":"https:\/\/trackcable.com\/fr\/produit\/ua1320-020-015\/#primaryimage"},"thumbnailUrl":"https:\/\/trackcable.com\/wp-content\/uploads\/2026\/02\/UA1320-020.jpg","datePublished":"2026-02-17T08:19:04+00:00","dateModified":"2026-03-26T13:58:14+00:00","description":"Achetez la cha\u00eene porte-c\u00e2bles Tsubaki Kabelschlepp UA1320-020-015 pour une gestion fiable des c\u00e2bles dans les applications industrielles. Livraison rapide disponible.","breadcrumb":{"@id":"https:\/\/trackcable.com\/fr\/produit\/ua1320-020-015\/#breadcrumb"},"inLanguage":"fr-FR","potentialAction":[{"@type":"ReadAction","target":["https:\/\/trackcable.com\/fr\/produit\/ua1320-020-015\/"]}]},{"@type":"ImageObject","inLanguage":"fr-FR","@id":"https:\/\/trackcable.com\/fr\/produit\/ua1320-020-015\/#primaryimage","url":"https:\/\/trackcable.com\/wp-content\/uploads\/2026\/02\/UA1320-020.jpg","contentUrl":"https:\/\/trackcable.com\/wp-content\/uploads\/2026\/02\/UA1320-020.jpg","width":300,"height":199,"caption":"Gros plan d\u2019une cha\u00eene porte-c\u00e2bles UA1320-020-015 en plastique noir, \u00e0 segments embo\u00eetables et design courb\u00e9, utilis\u00e9e pour guider et prot\u00e9ger des c\u00e2bles ou des flexibles dans des machines automatis\u00e9es."},{"@type":"BreadcrumbList","@id":"https:\/\/trackcable.com\/fr\/produit\/ua1320-020-015\/#breadcrumb","itemListElement":[{"@type":"ListItem","position":1,"name":"Accueil","item":"https:\/\/trackcable.com\/fr\/accueil\/"},{"@type":"ListItem","position":2,"name":"Boutique","item":"https:\/\/trackcable.com\/fr\/boutique\/"},{"@type":"ListItem","position":3,"name":"UA1320-020-015"}]},{"@type":"WebSite","@id":"https:\/\/trackcable.com\/fr\/#website","url":"https:\/\/trackcable.com\/fr\/","name":"trackcable.com","description":"Precision in cable management","publisher":{"@id":"https:\/\/trackcable.com\/fr\/#organization"},"potentialAction":[{"@type":"SearchAction","target":{"@type":"EntryPoint","urlTemplate":"https:\/\/trackcable.com\/fr\/?s={search_term_string}"},"query-input":{"@type":"PropertyValueSpecification","valueRequired":true,"valueName":"search_term_string"}}],"inLanguage":"fr-FR"},{"@type":"Organization","@id":"https:\/\/trackcable.com\/fr\/#organization","name":"TrackCable | Precision in industrial cable management","url":"https:\/\/trackcable.com\/fr\/","logo":{"@type":"ImageObject","inLanguage":"fr-FR","@id":"https:\/\/trackcable.com\/fr\/#\/schema\/logo\/image\/","url":"https:\/\/trackcable.com\/wp-content\/uploads\/2026\/02\/TrackCable.jpg","contentUrl":"https:\/\/trackcable.com\/wp-content\/uploads\/2026\/02\/TrackCable.jpg","width":600,"height":300,"caption":"TrackCable | Precision in industrial cable management"},"image":{"@id":"https:\/\/trackcable.com\/fr\/#\/schema\/logo\/image\/"}}]}},"_links":{"self":[{"href":"https:\/\/trackcable.com\/fr\/wp-json\/wp\/v2\/product\/11502","targetHints":{"allow":["GET"]}}],"collection":[{"href":"https:\/\/trackcable.com\/fr\/wp-json\/wp\/v2\/product"}],"about":[{"href":"https:\/\/trackcable.com\/fr\/wp-json\/wp\/v2\/types\/product"}],"replies":[{"embeddable":true,"href":"https:\/\/trackcable.com\/fr\/wp-json\/wp\/v2\/comments?post=11502"}],"version-history":[{"count":1,"href":"https:\/\/trackcable.com\/fr\/wp-json\/wp\/v2\/product\/11502\/revisions"}],"predecessor-version":[{"id":13428,"href":"https:\/\/trackcable.com\/fr\/wp-json\/wp\/v2\/product\/11502\/revisions\/13428"}],"wp:featuredmedia":[{"embeddable":true,"href":"https:\/\/trackcable.com\/fr\/wp-json\/wp\/v2\/media\/12483"}],"wp:attachment":[{"href":"https:\/\/trackcable.com\/fr\/wp-json\/wp\/v2\/media?parent=11502"}],"wp:term":[{"taxonomy":"brand","embeddable":true,"href":"https:\/\/trackcable.com\/fr\/wp-json\/wp\/v2\/etheme_brands?post=11502"},{"taxonomy":"product_brand","embeddable":true,"href":"https:\/\/trackcable.com\/fr\/wp-json\/wp\/v2\/product_brand?post=11502"},{"taxonomy":"product_cat","embeddable":true,"href":"https:\/\/trackcable.com\/fr\/wp-json\/wp\/v2\/product_cat?post=11502"},{"taxonomy":"product_tag","embeddable":true,"href":"https:\/\/trackcable.com\/fr\/wp-json\/wp\/v2\/product_tag?post=11502"}],"curies":[{"name":"wp","href":"https:\/\/api.w.org\/{rel}","templated":true}]}}