{"id":11803,"date":"2026-03-18T10:55:01","date_gmt":"2026-03-18T10:55:01","guid":{"rendered":"https:\/\/trackcable.com\/product\/kt-34\/"},"modified":"2026-03-26T12:39:55","modified_gmt":"2026-03-26T12:39:55","slug":"kt-34","status":"publish","type":"product","link":"https:\/\/trackcable.com\/fr\/produit\/kt-34\/","title":{"rendered":"KT 34"},"content":{"rendered":"<a target=\"_blank\" class=\"btn  small\" href=\"https:\/\/www.icotek.com\/Produkte\/PG03%20Kabelt%C3%BCllen\/KT%20einfach%20gy\/KT%20einfach%20gross%20gy\/Datenbl%C3%A4tter\/41234_KT%2034.PDF\"><span> Fiche technique<\/span><\/a>\n<p>&nbsp;<\/p>\n<h2 data-start=\"72\" data-end=\"98\"><strong data-start=\"75\" data-end=\"98\">Description du produit<\/strong><\/h2>\n<p data-start=\"55\" data-end=\"317\"><strong data-start=\"55\" data-end=\"106\">Le c\u00e2ble \u00e0 \u0153ill\u00e9e KT 34, grand (34\u201335 mm, gris),<\/strong> est con\u00e7u pour un passage s\u00e9curis\u00e9 et fiable des c\u00e2bles dans les bo\u00eetiers \u00e9lectriques et les applications industrielles. Adapt\u00e9 aux diam\u00e8tres de c\u00e2ble de 34 \u00e0 35 mm, il offre un ajustement serr\u00e9 tout en prot\u00e9geant les c\u00e2bles des bords tranchants. <\/p>\n<p data-start=\"319\" data-end=\"571\">Sa conception robuste permet une manipulation efficace de c\u00e2bles de plus grande taille tout en maintenant une gestion propre et organis\u00e9e des c\u00e2bles. Id\u00e9al pour les armoires de contr\u00f4le, la construction de panneaux et les syst\u00e8mes d\u2019automatisation o\u00f9 une protection fiable des c\u00e2bles et une durabilit\u00e9 sont essentielles. <\/p>\n","protected":false},"excerpt":{"rendered":"<p>&nbsp; Description du produit Le c\u00e2ble \u00e0 \u0153ill\u00e9e KT 34, grand (34\u201335 mm, gris), est con\u00e7u pour un passage s\u00e9curis\u00e9 et fiable des c\u00e2bles dans&#8230;<\/p>\n","protected":false},"featured_media":11805,"comment_status":"open","ping_status":"closed","template":"","meta":[],"etheme_brands":[{"term_id":696,"name":"Icotek","slug":"icotek","term_group":0,"term_taxonomy_id":696,"taxonomy":"brand","description":"Icotek est un fabricant leader de solutions innovantes de gestion et de passage de c\u00e2bles, sp\u00e9cialis\u00e9 dans des syst\u00e8mes modulaires permettant une installation rapide et une \u00e9tanch\u00e9it\u00e9 fiable pour des applications industrielles et \u00e9lectriques dans le monde entier.","parent":0,"count":125,"filter":"raw"}],"product_brand":[],"product_cat":[300],"product_tag":[],"class_list":{"0":"post-11803","1":"product","2":"type-product","3":"status-publish","4":"has-post-thumbnail","6":"brand-icotek","7":"product_cat-passe-cables","9":"first","10":"instock","11":"taxable","12":"shipping-taxable","13":"purchasable","14":"product-type-simple"},"yoast_head":"<!-- This site is optimized with the Yoast SEO plugin v27.3 - https:\/\/yoast.com\/product\/yoast-seo-wordpress\/ -->\n<title>Entrejambe c\u00e2ble Icotek KT 34 | TrackCable<\/title>\n<meta name=\"description\" content=\"Achetez un \u0153illet Icotek KT 34 pour un scellement s\u00e9curis\u00e9 et fiable dans les applications industrielles. Livraison rapide disponible.\" \/>\n<meta name=\"robots\" content=\"index, follow, max-snippet:-1, max-image-preview:large, max-video-preview:-1\" \/>\n<link rel=\"canonical\" href=\"https:\/\/trackcable.com\/fr\/produit\/kt-34\/\" \/>\n<meta property=\"og:locale\" content=\"fr_FR\" \/>\n<meta property=\"og:type\" content=\"article\" \/>\n<meta property=\"og:title\" content=\"Entrejambe c\u00e2ble Icotek KT 34 | TrackCable\" \/>\n<meta property=\"og:description\" content=\"Achetez un \u0153illet Icotek KT 34 pour un scellement s\u00e9curis\u00e9 et fiable dans les applications industrielles. Livraison rapide disponible.\" \/>\n<meta property=\"og:url\" content=\"https:\/\/trackcable.com\/fr\/produit\/kt-34\/\" \/>\n<meta property=\"og:site_name\" content=\"trackcable.com\" \/>\n<meta property=\"article:modified_time\" content=\"2026-03-26T12:39:55+00:00\" \/>\n<meta property=\"og:image\" content=\"https:\/\/trackcable.com\/wp-content\/uploads\/2026\/03\/KT-34.jpg\" \/>\n\t<meta property=\"og:image:width\" content=\"300\" \/>\n\t<meta property=\"og:image:height\" content=\"199\" \/>\n\t<meta property=\"og:image:type\" content=\"image\/jpeg\" \/>\n<meta name=\"twitter:card\" content=\"summary_large_image\" \/>\n<meta name=\"twitter:label1\" content=\"Dur\u00e9e de lecture estim\u00e9e\" \/>\n\t<meta name=\"twitter:data1\" content=\"1 minute\" \/>\n<script type=\"application\/ld+json\" class=\"yoast-schema-graph\">{\"@context\":\"https:\\\/\\\/schema.org\",\"@graph\":[{\"@type\":\"WebPage\",\"@id\":\"https:\\\/\\\/trackcable.com\\\/fr\\\/produit\\\/kt-34\\\/\",\"url\":\"https:\\\/\\\/trackcable.com\\\/fr\\\/produit\\\/kt-34\\\/\",\"name\":\"Entrejambe c\u00e2ble Icotek KT 34 | TrackCable\",\"isPartOf\":{\"@id\":\"https:\\\/\\\/trackcable.com\\\/fr\\\/#website\"},\"primaryImageOfPage\":{\"@id\":\"https:\\\/\\\/trackcable.com\\\/fr\\\/produit\\\/kt-34\\\/#primaryimage\"},\"image\":{\"@id\":\"https:\\\/\\\/trackcable.com\\\/fr\\\/produit\\\/kt-34\\\/#primaryimage\"},\"thumbnailUrl\":\"https:\\\/\\\/trackcable.com\\\/wp-content\\\/uploads\\\/2026\\\/03\\\/KT-34.jpg\",\"datePublished\":\"2026-03-18T10:55:01+00:00\",\"dateModified\":\"2026-03-26T12:39:55+00:00\",\"description\":\"Achetez un \u0153illet Icotek KT 34 pour un scellement s\u00e9curis\u00e9 et fiable dans les applications industrielles. Livraison rapide disponible.\",\"breadcrumb\":{\"@id\":\"https:\\\/\\\/trackcable.com\\\/fr\\\/produit\\\/kt-34\\\/#breadcrumb\"},\"inLanguage\":\"fr-FR\",\"potentialAction\":[{\"@type\":\"ReadAction\",\"target\":[\"https:\\\/\\\/trackcable.com\\\/fr\\\/produit\\\/kt-34\\\/\"]}]},{\"@type\":\"ImageObject\",\"inLanguage\":\"fr-FR\",\"@id\":\"https:\\\/\\\/trackcable.com\\\/fr\\\/produit\\\/kt-34\\\/#primaryimage\",\"url\":\"https:\\\/\\\/trackcable.com\\\/wp-content\\\/uploads\\\/2026\\\/03\\\/KT-34.jpg\",\"contentUrl\":\"https:\\\/\\\/trackcable.com\\\/wp-content\\\/uploads\\\/2026\\\/03\\\/KT-34.jpg\",\"width\":300,\"height\":199,\"caption\":\"Un dessin en niveaux de gris montre le KT 34, un bloc m\u00e9tallique carr\u00e9 avec un grand trou circulaire central et des rainures parall\u00e8les sur les c\u00f4t\u00e9s, avec le mot \u00ab KT 34 \u00bb marqu\u00e9 dans le coin sup\u00e9rieur.\"},{\"@type\":\"BreadcrumbList\",\"@id\":\"https:\\\/\\\/trackcable.com\\\/fr\\\/produit\\\/kt-34\\\/#breadcrumb\",\"itemListElement\":[{\"@type\":\"ListItem\",\"position\":1,\"name\":\"Accueil\",\"item\":\"https:\\\/\\\/trackcable.com\\\/fr\\\/accueil\\\/\"},{\"@type\":\"ListItem\",\"position\":2,\"name\":\"Boutique\",\"item\":\"https:\\\/\\\/trackcable.com\\\/fr\\\/boutique\\\/\"},{\"@type\":\"ListItem\",\"position\":3,\"name\":\"KT 34\"}]},{\"@type\":\"WebSite\",\"@id\":\"https:\\\/\\\/trackcable.com\\\/fr\\\/#website\",\"url\":\"https:\\\/\\\/trackcable.com\\\/fr\\\/\",\"name\":\"trackcable.com\",\"description\":\"Precision in cable management\",\"publisher\":{\"@id\":\"https:\\\/\\\/trackcable.com\\\/fr\\\/#organization\"},\"potentialAction\":[{\"@type\":\"SearchAction\",\"target\":{\"@type\":\"EntryPoint\",\"urlTemplate\":\"https:\\\/\\\/trackcable.com\\\/fr\\\/?s={search_term_string}\"},\"query-input\":{\"@type\":\"PropertyValueSpecification\",\"valueRequired\":true,\"valueName\":\"search_term_string\"}}],\"inLanguage\":\"fr-FR\"},{\"@type\":\"Organization\",\"@id\":\"https:\\\/\\\/trackcable.com\\\/fr\\\/#organization\",\"name\":\"TrackCable | Precision in industrial cable management\",\"url\":\"https:\\\/\\\/trackcable.com\\\/fr\\\/\",\"logo\":{\"@type\":\"ImageObject\",\"inLanguage\":\"fr-FR\",\"@id\":\"https:\\\/\\\/trackcable.com\\\/fr\\\/#\\\/schema\\\/logo\\\/image\\\/\",\"url\":\"https:\\\/\\\/trackcable.com\\\/wp-content\\\/uploads\\\/2026\\\/02\\\/TrackCable.jpg\",\"contentUrl\":\"https:\\\/\\\/trackcable.com\\\/wp-content\\\/uploads\\\/2026\\\/02\\\/TrackCable.jpg\",\"width\":600,\"height\":300,\"caption\":\"TrackCable | Precision in industrial cable management\"},\"image\":{\"@id\":\"https:\\\/\\\/trackcable.com\\\/fr\\\/#\\\/schema\\\/logo\\\/image\\\/\"}}]}<\/script>\n<!-- \/ Yoast SEO plugin. -->","yoast_head_json":{"title":"Entrejambe c\u00e2ble Icotek KT 34 | TrackCable","description":"Achetez un \u0153illet Icotek KT 34 pour un scellement s\u00e9curis\u00e9 et fiable dans les applications industrielles. Livraison rapide disponible.","robots":{"index":"index","follow":"follow","max-snippet":"max-snippet:-1","max-image-preview":"max-image-preview:large","max-video-preview":"max-video-preview:-1"},"canonical":"https:\/\/trackcable.com\/fr\/produit\/kt-34\/","og_locale":"fr_FR","og_type":"article","og_title":"Entrejambe c\u00e2ble Icotek KT 34 | TrackCable","og_description":"Achetez un \u0153illet Icotek KT 34 pour un scellement s\u00e9curis\u00e9 et fiable dans les applications industrielles. Livraison rapide disponible.","og_url":"https:\/\/trackcable.com\/fr\/produit\/kt-34\/","og_site_name":"trackcable.com","article_modified_time":"2026-03-26T12:39:55+00:00","og_image":[{"width":300,"height":199,"url":"https:\/\/trackcable.com\/wp-content\/uploads\/2026\/03\/KT-34.jpg","type":"image\/jpeg"}],"twitter_card":"summary_large_image","twitter_misc":{"Dur\u00e9e de lecture estim\u00e9e":"1 minute"},"schema":{"@context":"https:\/\/schema.org","@graph":[{"@type":"WebPage","@id":"https:\/\/trackcable.com\/fr\/produit\/kt-34\/","url":"https:\/\/trackcable.com\/fr\/produit\/kt-34\/","name":"Entrejambe c\u00e2ble Icotek KT 34 | TrackCable","isPartOf":{"@id":"https:\/\/trackcable.com\/fr\/#website"},"primaryImageOfPage":{"@id":"https:\/\/trackcable.com\/fr\/produit\/kt-34\/#primaryimage"},"image":{"@id":"https:\/\/trackcable.com\/fr\/produit\/kt-34\/#primaryimage"},"thumbnailUrl":"https:\/\/trackcable.com\/wp-content\/uploads\/2026\/03\/KT-34.jpg","datePublished":"2026-03-18T10:55:01+00:00","dateModified":"2026-03-26T12:39:55+00:00","description":"Achetez un \u0153illet Icotek KT 34 pour un scellement s\u00e9curis\u00e9 et fiable dans les applications industrielles. Livraison rapide disponible.","breadcrumb":{"@id":"https:\/\/trackcable.com\/fr\/produit\/kt-34\/#breadcrumb"},"inLanguage":"fr-FR","potentialAction":[{"@type":"ReadAction","target":["https:\/\/trackcable.com\/fr\/produit\/kt-34\/"]}]},{"@type":"ImageObject","inLanguage":"fr-FR","@id":"https:\/\/trackcable.com\/fr\/produit\/kt-34\/#primaryimage","url":"https:\/\/trackcable.com\/wp-content\/uploads\/2026\/03\/KT-34.jpg","contentUrl":"https:\/\/trackcable.com\/wp-content\/uploads\/2026\/03\/KT-34.jpg","width":300,"height":199,"caption":"Un dessin en niveaux de gris montre le KT 34, un bloc m\u00e9tallique carr\u00e9 avec un grand trou circulaire central et des rainures parall\u00e8les sur les c\u00f4t\u00e9s, avec le mot \u00ab KT 34 \u00bb marqu\u00e9 dans le coin sup\u00e9rieur."},{"@type":"BreadcrumbList","@id":"https:\/\/trackcable.com\/fr\/produit\/kt-34\/#breadcrumb","itemListElement":[{"@type":"ListItem","position":1,"name":"Accueil","item":"https:\/\/trackcable.com\/fr\/accueil\/"},{"@type":"ListItem","position":2,"name":"Boutique","item":"https:\/\/trackcable.com\/fr\/boutique\/"},{"@type":"ListItem","position":3,"name":"KT 34"}]},{"@type":"WebSite","@id":"https:\/\/trackcable.com\/fr\/#website","url":"https:\/\/trackcable.com\/fr\/","name":"trackcable.com","description":"Precision in cable management","publisher":{"@id":"https:\/\/trackcable.com\/fr\/#organization"},"potentialAction":[{"@type":"SearchAction","target":{"@type":"EntryPoint","urlTemplate":"https:\/\/trackcable.com\/fr\/?s={search_term_string}"},"query-input":{"@type":"PropertyValueSpecification","valueRequired":true,"valueName":"search_term_string"}}],"inLanguage":"fr-FR"},{"@type":"Organization","@id":"https:\/\/trackcable.com\/fr\/#organization","name":"TrackCable | Precision in industrial cable management","url":"https:\/\/trackcable.com\/fr\/","logo":{"@type":"ImageObject","inLanguage":"fr-FR","@id":"https:\/\/trackcable.com\/fr\/#\/schema\/logo\/image\/","url":"https:\/\/trackcable.com\/wp-content\/uploads\/2026\/02\/TrackCable.jpg","contentUrl":"https:\/\/trackcable.com\/wp-content\/uploads\/2026\/02\/TrackCable.jpg","width":600,"height":300,"caption":"TrackCable | Precision in industrial cable management"},"image":{"@id":"https:\/\/trackcable.com\/fr\/#\/schema\/logo\/image\/"}}]}},"_links":{"self":[{"href":"https:\/\/trackcable.com\/fr\/wp-json\/wp\/v2\/product\/11803","targetHints":{"allow":["GET"]}}],"collection":[{"href":"https:\/\/trackcable.com\/fr\/wp-json\/wp\/v2\/product"}],"about":[{"href":"https:\/\/trackcable.com\/fr\/wp-json\/wp\/v2\/types\/product"}],"replies":[{"embeddable":true,"href":"https:\/\/trackcable.com\/fr\/wp-json\/wp\/v2\/comments?post=11803"}],"version-history":[{"count":1,"href":"https:\/\/trackcable.com\/fr\/wp-json\/wp\/v2\/product\/11803\/revisions"}],"predecessor-version":[{"id":13102,"href":"https:\/\/trackcable.com\/fr\/wp-json\/wp\/v2\/product\/11803\/revisions\/13102"}],"wp:featuredmedia":[{"embeddable":true,"href":"https:\/\/trackcable.com\/fr\/wp-json\/wp\/v2\/media\/11805"}],"wp:attachment":[{"href":"https:\/\/trackcable.com\/fr\/wp-json\/wp\/v2\/media?parent=11803"}],"wp:term":[{"taxonomy":"brand","embeddable":true,"href":"https:\/\/trackcable.com\/fr\/wp-json\/wp\/v2\/etheme_brands?post=11803"},{"taxonomy":"product_brand","embeddable":true,"href":"https:\/\/trackcable.com\/fr\/wp-json\/wp\/v2\/product_brand?post=11803"},{"taxonomy":"product_cat","embeddable":true,"href":"https:\/\/trackcable.com\/fr\/wp-json\/wp\/v2\/product_cat?post=11803"},{"taxonomy":"product_tag","embeddable":true,"href":"https:\/\/trackcable.com\/fr\/wp-json\/wp\/v2\/product_tag?post=11803"}],"curies":[{"name":"wp","href":"https:\/\/api.w.org\/{rel}","templated":true}]}}