{"id":12192,"date":"2026-03-18T13:10:04","date_gmt":"2026-03-18T13:10:04","guid":{"rendered":"https:\/\/trackcable.com\/product\/kel-er-24-10-rvs\/"},"modified":"2026-03-26T12:39:08","modified_gmt":"2026-03-26T12:39:08","slug":"kel-er-24-10-rvs","status":"publish","type":"product","link":"https:\/\/trackcable.com\/fr\/produit\/kel-er-24-10-rvs\/","title":{"rendered":"KEL-ER 24\/10 RVS"},"content":{"rendered":"<a target=\"_blank\" class=\"btn  small\" href=\"https:\/\/www.icotek.com\/Produkte\/PG01%20Kabeleinfuehrungsleisten\/KEL-ER\/KEL-ER%2024\/Datenbl%C3%A4tter\/48241.200_KEL-ER%2024-10%20V2A.PDF\"><span> Fiche technique<\/span><\/a>\n<p>&nbsp;<\/p>\n<h2 data-start=\"72\" data-end=\"98\"><strong data-start=\"75\" data-end=\"98\">Description du produit<\/strong><\/h2>\n<p data-start=\"55\" data-end=\"333\"><strong data-start=\"55\" data-end=\"118\">Le cadre d\u2019entr\u00e9e de c\u00e2ble KEL-ER 24\/10 (acier inoxydable, noir)<\/strong> est con\u00e7u pour un passage efficace de plusieurs c\u00e2bles dans des bo\u00eetiers \u00e9lectriques et des applications industrielles. Sa configuration permet une gestion organis\u00e9e des c\u00e2bles et permet d\u2019accueillir un plus grand nombre de c\u00e2bles plus petits. <\/p>\n<p data-start=\"335\" data-end=\"737\">La conception du ch\u00e2ssis divis\u00e9 permet l\u2019installation sans d\u00e9brancher les c\u00e2bles pr\u00e9-termin\u00e9s, garantissant un assemblage rapide et pratique. Fabriqu\u00e9 en acier inoxydable, il offre une excellente r\u00e9sistance \u00e0 la corrosion et une excellente durabilit\u00e9, ce qui le rend adapt\u00e9 aux environnements difficiles et exigeants. Id\u00e9al pour les armoires de contr\u00f4le, la construction de panneaux et les syst\u00e8mes d\u2019automatisation o\u00f9 la flexibilit\u00e9 et la fiabilit\u00e9 de l\u2019entr\u00e9e des c\u00e2bles sont essentielles.  <\/p>\n","protected":false},"excerpt":{"rendered":"<p>&nbsp; Description du produit Le cadre d\u2019entr\u00e9e de c\u00e2ble KEL-ER 24\/10 (acier inoxydable, noir) est con\u00e7u pour un passage efficace de plusieurs c\u00e2bles dans des&#8230;<\/p>\n","protected":false},"featured_media":12186,"comment_status":"open","ping_status":"closed","template":"","meta":[],"etheme_brands":[{"term_id":696,"name":"Icotek","slug":"icotek","term_group":0,"term_taxonomy_id":696,"taxonomy":"brand","description":"Icotek est un fabricant leader de solutions innovantes de gestion et de passage de c\u00e2bles, sp\u00e9cialis\u00e9 dans des syst\u00e8mes modulaires permettant une installation rapide et une \u00e9tanch\u00e9it\u00e9 fiable pour des applications industrielles et \u00e9lectriques dans le monde entier.","parent":0,"count":125,"filter":"raw"}],"product_brand":[],"product_cat":[273],"product_tag":[],"class_list":{"0":"post-12192","1":"product","2":"type-product","3":"status-publish","4":"has-post-thumbnail","6":"brand-icotek","7":"product_cat-cadres-dentree-de-cables","9":"first","10":"instock","11":"sale","12":"taxable","13":"shipping-taxable","14":"purchasable","15":"product-type-simple"},"yoast_head":"<!-- This site is optimized with the Yoast SEO plugin v27.3 - https:\/\/yoast.com\/product\/yoast-seo-wordpress\/ -->\n<title>Cadre d\u2019entr\u00e9e c\u00e2ble Icotek KEL-ER 24\/10 RVS (48241.200) | TrackCable<\/title>\n<meta name=\"description\" content=\"Achetez le cadre d\u2019entr\u00e9e de c\u00e2ble en acier inoxydable Icotek KEL-ER 24\/10 (48241.200) pour un blindage EMC, un tracage s\u00e9curis\u00e9 des c\u00e2bles et une gestion efficace des c\u00e2bles.\" \/>\n<meta name=\"robots\" content=\"index, follow, max-snippet:-1, max-image-preview:large, max-video-preview:-1\" \/>\n<link rel=\"canonical\" href=\"https:\/\/trackcable.com\/fr\/produit\/kel-er-24-10-rvs\/\" \/>\n<meta property=\"og:locale\" content=\"fr_FR\" \/>\n<meta property=\"og:type\" content=\"article\" \/>\n<meta property=\"og:title\" content=\"Cadre d\u2019entr\u00e9e c\u00e2ble Icotek KEL-ER 24\/10 RVS (48241.200) | TrackCable\" \/>\n<meta property=\"og:description\" content=\"Achetez le cadre d\u2019entr\u00e9e de c\u00e2ble en acier inoxydable Icotek KEL-ER 24\/10 (48241.200) pour un blindage EMC, un tracage s\u00e9curis\u00e9 des c\u00e2bles et une gestion efficace des c\u00e2bles.\" \/>\n<meta property=\"og:url\" content=\"https:\/\/trackcable.com\/fr\/produit\/kel-er-24-10-rvs\/\" \/>\n<meta property=\"og:site_name\" content=\"trackcable.com\" \/>\n<meta property=\"article:modified_time\" content=\"2026-03-26T12:39:08+00:00\" \/>\n<meta property=\"og:image\" content=\"https:\/\/trackcable.com\/wp-content\/uploads\/2026\/03\/KEL-ER-2410-1.jpg\" \/>\n\t<meta property=\"og:image:width\" content=\"300\" \/>\n\t<meta property=\"og:image:height\" content=\"199\" \/>\n\t<meta property=\"og:image:type\" content=\"image\/jpeg\" \/>\n<meta name=\"twitter:card\" content=\"summary_large_image\" \/>\n<meta name=\"twitter:label1\" content=\"Dur\u00e9e de lecture estim\u00e9e\" \/>\n\t<meta name=\"twitter:data1\" content=\"1 minute\" \/>\n<script type=\"application\/ld+json\" class=\"yoast-schema-graph\">{\"@context\":\"https:\\\/\\\/schema.org\",\"@graph\":[{\"@type\":\"WebPage\",\"@id\":\"https:\\\/\\\/trackcable.com\\\/fr\\\/produit\\\/kel-er-24-10-rvs\\\/\",\"url\":\"https:\\\/\\\/trackcable.com\\\/fr\\\/produit\\\/kel-er-24-10-rvs\\\/\",\"name\":\"Cadre d\u2019entr\u00e9e c\u00e2ble Icotek KEL-ER 24\\\/10 RVS (48241.200) | TrackCable\",\"isPartOf\":{\"@id\":\"https:\\\/\\\/trackcable.com\\\/fr\\\/#website\"},\"primaryImageOfPage\":{\"@id\":\"https:\\\/\\\/trackcable.com\\\/fr\\\/produit\\\/kel-er-24-10-rvs\\\/#primaryimage\"},\"image\":{\"@id\":\"https:\\\/\\\/trackcable.com\\\/fr\\\/produit\\\/kel-er-24-10-rvs\\\/#primaryimage\"},\"thumbnailUrl\":\"https:\\\/\\\/trackcable.com\\\/wp-content\\\/uploads\\\/2026\\\/03\\\/KEL-ER-2410-1.jpg\",\"datePublished\":\"2026-03-18T13:10:04+00:00\",\"dateModified\":\"2026-03-26T12:39:08+00:00\",\"description\":\"Achetez le cadre d\u2019entr\u00e9e de c\u00e2ble en acier inoxydable Icotek KEL-ER 24\\\/10 (48241.200) pour un blindage EMC, un tracage s\u00e9curis\u00e9 des c\u00e2bles et une gestion efficace des c\u00e2bles.\",\"breadcrumb\":{\"@id\":\"https:\\\/\\\/trackcable.com\\\/fr\\\/produit\\\/kel-er-24-10-rvs\\\/#breadcrumb\"},\"inLanguage\":\"fr-FR\",\"potentialAction\":[{\"@type\":\"ReadAction\",\"target\":[\"https:\\\/\\\/trackcable.com\\\/fr\\\/produit\\\/kel-er-24-10-rvs\\\/\"]}]},{\"@type\":\"ImageObject\",\"inLanguage\":\"fr-FR\",\"@id\":\"https:\\\/\\\/trackcable.com\\\/fr\\\/produit\\\/kel-er-24-10-rvs\\\/#primaryimage\",\"url\":\"https:\\\/\\\/trackcable.com\\\/wp-content\\\/uploads\\\/2026\\\/03\\\/KEL-ER-2410-1.jpg\",\"contentUrl\":\"https:\\\/\\\/trackcable.com\\\/wp-content\\\/uploads\\\/2026\\\/03\\\/KEL-ER-2410-1.jpg\",\"width\":300,\"height\":199,\"caption\":\"Une plaque de montage rectangulaire noire KEL-ER 24\\\/10 comportant huit ouvertures circulaires en deux rang\u00e9es, id\u00e9ale pour organiser des c\u00e2bles ou des connecteurs.\"},{\"@type\":\"BreadcrumbList\",\"@id\":\"https:\\\/\\\/trackcable.com\\\/fr\\\/produit\\\/kel-er-24-10-rvs\\\/#breadcrumb\",\"itemListElement\":[{\"@type\":\"ListItem\",\"position\":1,\"name\":\"Accueil\",\"item\":\"https:\\\/\\\/trackcable.com\\\/fr\\\/accueil\\\/\"},{\"@type\":\"ListItem\",\"position\":2,\"name\":\"Boutique\",\"item\":\"https:\\\/\\\/trackcable.com\\\/fr\\\/boutique\\\/\"},{\"@type\":\"ListItem\",\"position\":3,\"name\":\"KEL-ER 24\\\/10 RVS\"}]},{\"@type\":\"WebSite\",\"@id\":\"https:\\\/\\\/trackcable.com\\\/fr\\\/#website\",\"url\":\"https:\\\/\\\/trackcable.com\\\/fr\\\/\",\"name\":\"trackcable.com\",\"description\":\"Precision in cable management\",\"publisher\":{\"@id\":\"https:\\\/\\\/trackcable.com\\\/fr\\\/#organization\"},\"potentialAction\":[{\"@type\":\"SearchAction\",\"target\":{\"@type\":\"EntryPoint\",\"urlTemplate\":\"https:\\\/\\\/trackcable.com\\\/fr\\\/?s={search_term_string}\"},\"query-input\":{\"@type\":\"PropertyValueSpecification\",\"valueRequired\":true,\"valueName\":\"search_term_string\"}}],\"inLanguage\":\"fr-FR\"},{\"@type\":\"Organization\",\"@id\":\"https:\\\/\\\/trackcable.com\\\/fr\\\/#organization\",\"name\":\"TrackCable | Precision in industrial cable management\",\"url\":\"https:\\\/\\\/trackcable.com\\\/fr\\\/\",\"logo\":{\"@type\":\"ImageObject\",\"inLanguage\":\"fr-FR\",\"@id\":\"https:\\\/\\\/trackcable.com\\\/fr\\\/#\\\/schema\\\/logo\\\/image\\\/\",\"url\":\"https:\\\/\\\/trackcable.com\\\/wp-content\\\/uploads\\\/2026\\\/02\\\/TrackCable.jpg\",\"contentUrl\":\"https:\\\/\\\/trackcable.com\\\/wp-content\\\/uploads\\\/2026\\\/02\\\/TrackCable.jpg\",\"width\":600,\"height\":300,\"caption\":\"TrackCable | Precision in industrial cable management\"},\"image\":{\"@id\":\"https:\\\/\\\/trackcable.com\\\/fr\\\/#\\\/schema\\\/logo\\\/image\\\/\"}}]}<\/script>\n<!-- \/ Yoast SEO plugin. -->","yoast_head_json":{"title":"Cadre d\u2019entr\u00e9e c\u00e2ble Icotek KEL-ER 24\/10 RVS (48241.200) | TrackCable","description":"Achetez le cadre d\u2019entr\u00e9e de c\u00e2ble en acier inoxydable Icotek KEL-ER 24\/10 (48241.200) pour un blindage EMC, un tracage s\u00e9curis\u00e9 des c\u00e2bles et une gestion efficace des c\u00e2bles.","robots":{"index":"index","follow":"follow","max-snippet":"max-snippet:-1","max-image-preview":"max-image-preview:large","max-video-preview":"max-video-preview:-1"},"canonical":"https:\/\/trackcable.com\/fr\/produit\/kel-er-24-10-rvs\/","og_locale":"fr_FR","og_type":"article","og_title":"Cadre d\u2019entr\u00e9e c\u00e2ble Icotek KEL-ER 24\/10 RVS (48241.200) | TrackCable","og_description":"Achetez le cadre d\u2019entr\u00e9e de c\u00e2ble en acier inoxydable Icotek KEL-ER 24\/10 (48241.200) pour un blindage EMC, un tracage s\u00e9curis\u00e9 des c\u00e2bles et une gestion efficace des c\u00e2bles.","og_url":"https:\/\/trackcable.com\/fr\/produit\/kel-er-24-10-rvs\/","og_site_name":"trackcable.com","article_modified_time":"2026-03-26T12:39:08+00:00","og_image":[{"width":300,"height":199,"url":"https:\/\/trackcable.com\/wp-content\/uploads\/2026\/03\/KEL-ER-2410-1.jpg","type":"image\/jpeg"}],"twitter_card":"summary_large_image","twitter_misc":{"Dur\u00e9e de lecture estim\u00e9e":"1 minute"},"schema":{"@context":"https:\/\/schema.org","@graph":[{"@type":"WebPage","@id":"https:\/\/trackcable.com\/fr\/produit\/kel-er-24-10-rvs\/","url":"https:\/\/trackcable.com\/fr\/produit\/kel-er-24-10-rvs\/","name":"Cadre d\u2019entr\u00e9e c\u00e2ble Icotek KEL-ER 24\/10 RVS (48241.200) | TrackCable","isPartOf":{"@id":"https:\/\/trackcable.com\/fr\/#website"},"primaryImageOfPage":{"@id":"https:\/\/trackcable.com\/fr\/produit\/kel-er-24-10-rvs\/#primaryimage"},"image":{"@id":"https:\/\/trackcable.com\/fr\/produit\/kel-er-24-10-rvs\/#primaryimage"},"thumbnailUrl":"https:\/\/trackcable.com\/wp-content\/uploads\/2026\/03\/KEL-ER-2410-1.jpg","datePublished":"2026-03-18T13:10:04+00:00","dateModified":"2026-03-26T12:39:08+00:00","description":"Achetez le cadre d\u2019entr\u00e9e de c\u00e2ble en acier inoxydable Icotek KEL-ER 24\/10 (48241.200) pour un blindage EMC, un tracage s\u00e9curis\u00e9 des c\u00e2bles et une gestion efficace des c\u00e2bles.","breadcrumb":{"@id":"https:\/\/trackcable.com\/fr\/produit\/kel-er-24-10-rvs\/#breadcrumb"},"inLanguage":"fr-FR","potentialAction":[{"@type":"ReadAction","target":["https:\/\/trackcable.com\/fr\/produit\/kel-er-24-10-rvs\/"]}]},{"@type":"ImageObject","inLanguage":"fr-FR","@id":"https:\/\/trackcable.com\/fr\/produit\/kel-er-24-10-rvs\/#primaryimage","url":"https:\/\/trackcable.com\/wp-content\/uploads\/2026\/03\/KEL-ER-2410-1.jpg","contentUrl":"https:\/\/trackcable.com\/wp-content\/uploads\/2026\/03\/KEL-ER-2410-1.jpg","width":300,"height":199,"caption":"Une plaque de montage rectangulaire noire KEL-ER 24\/10 comportant huit ouvertures circulaires en deux rang\u00e9es, id\u00e9ale pour organiser des c\u00e2bles ou des connecteurs."},{"@type":"BreadcrumbList","@id":"https:\/\/trackcable.com\/fr\/produit\/kel-er-24-10-rvs\/#breadcrumb","itemListElement":[{"@type":"ListItem","position":1,"name":"Accueil","item":"https:\/\/trackcable.com\/fr\/accueil\/"},{"@type":"ListItem","position":2,"name":"Boutique","item":"https:\/\/trackcable.com\/fr\/boutique\/"},{"@type":"ListItem","position":3,"name":"KEL-ER 24\/10 RVS"}]},{"@type":"WebSite","@id":"https:\/\/trackcable.com\/fr\/#website","url":"https:\/\/trackcable.com\/fr\/","name":"trackcable.com","description":"Precision in cable management","publisher":{"@id":"https:\/\/trackcable.com\/fr\/#organization"},"potentialAction":[{"@type":"SearchAction","target":{"@type":"EntryPoint","urlTemplate":"https:\/\/trackcable.com\/fr\/?s={search_term_string}"},"query-input":{"@type":"PropertyValueSpecification","valueRequired":true,"valueName":"search_term_string"}}],"inLanguage":"fr-FR"},{"@type":"Organization","@id":"https:\/\/trackcable.com\/fr\/#organization","name":"TrackCable | Precision in industrial cable management","url":"https:\/\/trackcable.com\/fr\/","logo":{"@type":"ImageObject","inLanguage":"fr-FR","@id":"https:\/\/trackcable.com\/fr\/#\/schema\/logo\/image\/","url":"https:\/\/trackcable.com\/wp-content\/uploads\/2026\/02\/TrackCable.jpg","contentUrl":"https:\/\/trackcable.com\/wp-content\/uploads\/2026\/02\/TrackCable.jpg","width":600,"height":300,"caption":"TrackCable | Precision in industrial cable management"},"image":{"@id":"https:\/\/trackcable.com\/fr\/#\/schema\/logo\/image\/"}}]}},"_links":{"self":[{"href":"https:\/\/trackcable.com\/fr\/wp-json\/wp\/v2\/product\/12192","targetHints":{"allow":["GET"]}}],"collection":[{"href":"https:\/\/trackcable.com\/fr\/wp-json\/wp\/v2\/product"}],"about":[{"href":"https:\/\/trackcable.com\/fr\/wp-json\/wp\/v2\/types\/product"}],"replies":[{"embeddable":true,"href":"https:\/\/trackcable.com\/fr\/wp-json\/wp\/v2\/comments?post=12192"}],"version-history":[{"count":1,"href":"https:\/\/trackcable.com\/fr\/wp-json\/wp\/v2\/product\/12192\/revisions"}],"predecessor-version":[{"id":12990,"href":"https:\/\/trackcable.com\/fr\/wp-json\/wp\/v2\/product\/12192\/revisions\/12990"}],"wp:featuredmedia":[{"embeddable":true,"href":"https:\/\/trackcable.com\/fr\/wp-json\/wp\/v2\/media\/12186"}],"wp:attachment":[{"href":"https:\/\/trackcable.com\/fr\/wp-json\/wp\/v2\/media?parent=12192"}],"wp:term":[{"taxonomy":"brand","embeddable":true,"href":"https:\/\/trackcable.com\/fr\/wp-json\/wp\/v2\/etheme_brands?post=12192"},{"taxonomy":"product_brand","embeddable":true,"href":"https:\/\/trackcable.com\/fr\/wp-json\/wp\/v2\/product_brand?post=12192"},{"taxonomy":"product_cat","embeddable":true,"href":"https:\/\/trackcable.com\/fr\/wp-json\/wp\/v2\/product_cat?post=12192"},{"taxonomy":"product_tag","embeddable":true,"href":"https:\/\/trackcable.com\/fr\/wp-json\/wp\/v2\/product_tag?post=12192"}],"curies":[{"name":"wp","href":"https:\/\/api.w.org\/{rel}","templated":true}]}}