{"id":12249,"date":"2026-03-18T13:24:09","date_gmt":"2026-03-18T13:24:09","guid":{"rendered":"https:\/\/trackcable.com\/product\/kel-er-e5\/"},"modified":"2026-03-26T14:01:33","modified_gmt":"2026-03-26T14:01:33","slug":"kel-er-e5","status":"publish","type":"product","link":"https:\/\/trackcable.com\/fr\/produit\/kel-er-e5\/","title":{"rendered":"KEL-ER E5"},"content":{"rendered":"<a target=\"_blank\" class=\"btn  small\" href=\"https:\/\/www.icotek.com\/Produkte\/PG01%20Kabeleinfuehrungsleisten\/KEL-ER\/KEL-ER-E\/Datenbl%C3%A4tter\/48250_KEL-ER-E5.PDF\"><span> Fiche technique<\/span><\/a>\n<p>&nbsp;<\/p>\n<h2 data-start=\"72\" data-end=\"98\"><strong data-start=\"75\" data-end=\"98\">Description du produit<\/strong><\/h2>\n<p data-start=\"55\" data-end=\"298\"><strong data-start=\"55\" data-end=\"99\">Le cadre d\u2019entr\u00e9e de c\u00e2ble KEL-ER-E 5 (noir)<\/strong> est con\u00e7u pour un passage efficace des c\u00e2bles dans les bo\u00eetiers \u00e9lectriques et les applications industrielles. Sa configuration permet une gestion organis\u00e9e des c\u00e2bles et permet d\u2019accueillir un nombre d\u00e9fini de c\u00e2bles. <\/p>\n<p data-start=\"300\" data-end=\"643\">La conception du ch\u00e2ssis divis\u00e9 permet l\u2019installation sans d\u00e9brancher les c\u00e2bles pr\u00e9-termin\u00e9s, garantissant un assemblage rapide et pratique. Sa conception robuste offre des performances fiables dans les environnements exigeants, ce qui en fait une solution id\u00e9ale pour les armoires de commande, la construction de tableaux et les syst\u00e8mes d\u2019automatisation o\u00f9 la flexibilit\u00e9 et une entr\u00e9e de c\u00e2ble s\u00e9curis\u00e9e sont essentielles.<\/p>\n","protected":false},"excerpt":{"rendered":"<p>&nbsp; Description du produit Le cadre d\u2019entr\u00e9e de c\u00e2ble KEL-ER-E 5 (noir) est con\u00e7u pour un passage efficace des c\u00e2bles dans les bo\u00eetiers \u00e9lectriques et&#8230;<\/p>\n","protected":false},"featured_media":12250,"comment_status":"open","ping_status":"closed","template":"","meta":[],"etheme_brands":[{"term_id":696,"name":"Icotek","slug":"icotek","term_group":0,"term_taxonomy_id":696,"taxonomy":"brand","description":"Icotek est un fabricant leader de solutions innovantes de gestion et de passage de c\u00e2bles, sp\u00e9cialis\u00e9 dans des syst\u00e8mes modulaires permettant une installation rapide et une \u00e9tanch\u00e9it\u00e9 fiable pour des applications industrielles et \u00e9lectriques dans le monde entier.","parent":0,"count":125,"filter":"raw"}],"product_brand":[],"product_cat":[273],"product_tag":[],"class_list":{"0":"post-12249","1":"product","2":"type-product","3":"status-publish","4":"has-post-thumbnail","6":"brand-icotek","7":"product_cat-cadres-dentree-de-cables","9":"first","10":"instock","11":"sale","12":"taxable","13":"shipping-taxable","14":"purchasable","15":"product-type-simple"},"yoast_head":"<!-- This site is optimized with the Yoast SEO plugin v27.3 - https:\/\/yoast.com\/product\/yoast-seo-wordpress\/ -->\n<title>Cadre d\u2019entr\u00e9e de c\u00e2ble Icotek KEL-ER E5 (48250) | TrackCable<\/title>\n<meta name=\"description\" content=\"Achetez le cadre d\u2019entr\u00e9e de c\u00e2ble Icotek KEL-ER E5 (48250) pour un tracage s\u00e9curis\u00e9, un soulagement de la contrainte et une gestion efficace des c\u00e2bles dans les applications industrielles.\" \/>\n<meta name=\"robots\" content=\"index, follow, max-snippet:-1, max-image-preview:large, max-video-preview:-1\" \/>\n<link rel=\"canonical\" href=\"https:\/\/trackcable.com\/fr\/produit\/kel-er-e5\/\" \/>\n<meta property=\"og:locale\" content=\"fr_FR\" \/>\n<meta property=\"og:type\" content=\"article\" \/>\n<meta property=\"og:title\" content=\"Cadre d\u2019entr\u00e9e de c\u00e2ble Icotek KEL-ER E5 (48250) | TrackCable\" \/>\n<meta property=\"og:description\" content=\"Achetez le cadre d\u2019entr\u00e9e de c\u00e2ble Icotek KEL-ER E5 (48250) pour un tracage s\u00e9curis\u00e9, un soulagement de la contrainte et une gestion efficace des c\u00e2bles dans les applications industrielles.\" \/>\n<meta property=\"og:url\" content=\"https:\/\/trackcable.com\/fr\/produit\/kel-er-e5\/\" \/>\n<meta property=\"og:site_name\" content=\"trackcable.com\" \/>\n<meta property=\"article:modified_time\" content=\"2026-03-26T14:01:33+00:00\" \/>\n<meta property=\"og:image\" content=\"https:\/\/trackcable.com\/wp-content\/uploads\/2026\/03\/KEL-ER-E5-1.jpg\" \/>\n\t<meta property=\"og:image:width\" content=\"300\" \/>\n\t<meta property=\"og:image:height\" content=\"199\" \/>\n\t<meta property=\"og:image:type\" content=\"image\/jpeg\" \/>\n<meta name=\"twitter:card\" content=\"summary_large_image\" \/>\n<meta name=\"twitter:label1\" content=\"Dur\u00e9e de lecture estim\u00e9e\" \/>\n\t<meta name=\"twitter:data1\" content=\"1 minute\" \/>\n<script type=\"application\/ld+json\" class=\"yoast-schema-graph\">{\"@context\":\"https:\\\/\\\/schema.org\",\"@graph\":[{\"@type\":\"WebPage\",\"@id\":\"https:\\\/\\\/trackcable.com\\\/fr\\\/produit\\\/kel-er-e5\\\/\",\"url\":\"https:\\\/\\\/trackcable.com\\\/fr\\\/produit\\\/kel-er-e5\\\/\",\"name\":\"Cadre d\u2019entr\u00e9e de c\u00e2ble Icotek KEL-ER E5 (48250) | TrackCable\",\"isPartOf\":{\"@id\":\"https:\\\/\\\/trackcable.com\\\/fr\\\/#website\"},\"primaryImageOfPage\":{\"@id\":\"https:\\\/\\\/trackcable.com\\\/fr\\\/produit\\\/kel-er-e5\\\/#primaryimage\"},\"image\":{\"@id\":\"https:\\\/\\\/trackcable.com\\\/fr\\\/produit\\\/kel-er-e5\\\/#primaryimage\"},\"thumbnailUrl\":\"https:\\\/\\\/trackcable.com\\\/wp-content\\\/uploads\\\/2026\\\/03\\\/KEL-ER-E5-1.jpg\",\"datePublished\":\"2026-03-18T13:24:09+00:00\",\"dateModified\":\"2026-03-26T14:01:33+00:00\",\"description\":\"Achetez le cadre d\u2019entr\u00e9e de c\u00e2ble Icotek KEL-ER E5 (48250) pour un tracage s\u00e9curis\u00e9, un soulagement de la contrainte et une gestion efficace des c\u00e2bles dans les applications industrielles.\",\"breadcrumb\":{\"@id\":\"https:\\\/\\\/trackcable.com\\\/fr\\\/produit\\\/kel-er-e5\\\/#breadcrumb\"},\"inLanguage\":\"fr-FR\",\"potentialAction\":[{\"@type\":\"ReadAction\",\"target\":[\"https:\\\/\\\/trackcable.com\\\/fr\\\/produit\\\/kel-er-e5\\\/\"]}]},{\"@type\":\"ImageObject\",\"inLanguage\":\"fr-FR\",\"@id\":\"https:\\\/\\\/trackcable.com\\\/fr\\\/produit\\\/kel-er-e5\\\/#primaryimage\",\"url\":\"https:\\\/\\\/trackcable.com\\\/wp-content\\\/uploads\\\/2026\\\/03\\\/KEL-ER-E5-1.jpg\",\"contentUrl\":\"https:\\\/\\\/trackcable.com\\\/wp-content\\\/uploads\\\/2026\\\/03\\\/KEL-ER-E5-1.jpg\",\"width\":300,\"height\":199,\"caption\":\"Le KEL-ER E5 est un composant \u00e9lectronique rectangulaire noir avec cinq contacts carr\u00e9s argent\u00e9s align\u00e9s et des trous de fixation \u00e0 chaque extr\u00e9mit\u00e9.\"},{\"@type\":\"BreadcrumbList\",\"@id\":\"https:\\\/\\\/trackcable.com\\\/fr\\\/produit\\\/kel-er-e5\\\/#breadcrumb\",\"itemListElement\":[{\"@type\":\"ListItem\",\"position\":1,\"name\":\"Accueil\",\"item\":\"https:\\\/\\\/trackcable.com\\\/fr\\\/accueil\\\/\"},{\"@type\":\"ListItem\",\"position\":2,\"name\":\"Boutique\",\"item\":\"https:\\\/\\\/trackcable.com\\\/fr\\\/boutique\\\/\"},{\"@type\":\"ListItem\",\"position\":3,\"name\":\"KEL-ER E5\"}]},{\"@type\":\"WebSite\",\"@id\":\"https:\\\/\\\/trackcable.com\\\/fr\\\/#website\",\"url\":\"https:\\\/\\\/trackcable.com\\\/fr\\\/\",\"name\":\"trackcable.com\",\"description\":\"Precision in cable management\",\"publisher\":{\"@id\":\"https:\\\/\\\/trackcable.com\\\/fr\\\/#organization\"},\"potentialAction\":[{\"@type\":\"SearchAction\",\"target\":{\"@type\":\"EntryPoint\",\"urlTemplate\":\"https:\\\/\\\/trackcable.com\\\/fr\\\/?s={search_term_string}\"},\"query-input\":{\"@type\":\"PropertyValueSpecification\",\"valueRequired\":true,\"valueName\":\"search_term_string\"}}],\"inLanguage\":\"fr-FR\"},{\"@type\":\"Organization\",\"@id\":\"https:\\\/\\\/trackcable.com\\\/fr\\\/#organization\",\"name\":\"TrackCable | Precision in industrial cable management\",\"url\":\"https:\\\/\\\/trackcable.com\\\/fr\\\/\",\"logo\":{\"@type\":\"ImageObject\",\"inLanguage\":\"fr-FR\",\"@id\":\"https:\\\/\\\/trackcable.com\\\/fr\\\/#\\\/schema\\\/logo\\\/image\\\/\",\"url\":\"https:\\\/\\\/trackcable.com\\\/wp-content\\\/uploads\\\/2026\\\/02\\\/TrackCable.jpg\",\"contentUrl\":\"https:\\\/\\\/trackcable.com\\\/wp-content\\\/uploads\\\/2026\\\/02\\\/TrackCable.jpg\",\"width\":600,\"height\":300,\"caption\":\"TrackCable | Precision in industrial cable management\"},\"image\":{\"@id\":\"https:\\\/\\\/trackcable.com\\\/fr\\\/#\\\/schema\\\/logo\\\/image\\\/\"}}]}<\/script>\n<!-- \/ Yoast SEO plugin. -->","yoast_head_json":{"title":"Cadre d\u2019entr\u00e9e de c\u00e2ble Icotek KEL-ER E5 (48250) | TrackCable","description":"Achetez le cadre d\u2019entr\u00e9e de c\u00e2ble Icotek KEL-ER E5 (48250) pour un tracage s\u00e9curis\u00e9, un soulagement de la contrainte et une gestion efficace des c\u00e2bles dans les applications industrielles.","robots":{"index":"index","follow":"follow","max-snippet":"max-snippet:-1","max-image-preview":"max-image-preview:large","max-video-preview":"max-video-preview:-1"},"canonical":"https:\/\/trackcable.com\/fr\/produit\/kel-er-e5\/","og_locale":"fr_FR","og_type":"article","og_title":"Cadre d\u2019entr\u00e9e de c\u00e2ble Icotek KEL-ER E5 (48250) | TrackCable","og_description":"Achetez le cadre d\u2019entr\u00e9e de c\u00e2ble Icotek KEL-ER E5 (48250) pour un tracage s\u00e9curis\u00e9, un soulagement de la contrainte et une gestion efficace des c\u00e2bles dans les applications industrielles.","og_url":"https:\/\/trackcable.com\/fr\/produit\/kel-er-e5\/","og_site_name":"trackcable.com","article_modified_time":"2026-03-26T14:01:33+00:00","og_image":[{"width":300,"height":199,"url":"https:\/\/trackcable.com\/wp-content\/uploads\/2026\/03\/KEL-ER-E5-1.jpg","type":"image\/jpeg"}],"twitter_card":"summary_large_image","twitter_misc":{"Dur\u00e9e de lecture estim\u00e9e":"1 minute"},"schema":{"@context":"https:\/\/schema.org","@graph":[{"@type":"WebPage","@id":"https:\/\/trackcable.com\/fr\/produit\/kel-er-e5\/","url":"https:\/\/trackcable.com\/fr\/produit\/kel-er-e5\/","name":"Cadre d\u2019entr\u00e9e de c\u00e2ble Icotek KEL-ER E5 (48250) | TrackCable","isPartOf":{"@id":"https:\/\/trackcable.com\/fr\/#website"},"primaryImageOfPage":{"@id":"https:\/\/trackcable.com\/fr\/produit\/kel-er-e5\/#primaryimage"},"image":{"@id":"https:\/\/trackcable.com\/fr\/produit\/kel-er-e5\/#primaryimage"},"thumbnailUrl":"https:\/\/trackcable.com\/wp-content\/uploads\/2026\/03\/KEL-ER-E5-1.jpg","datePublished":"2026-03-18T13:24:09+00:00","dateModified":"2026-03-26T14:01:33+00:00","description":"Achetez le cadre d\u2019entr\u00e9e de c\u00e2ble Icotek KEL-ER E5 (48250) pour un tracage s\u00e9curis\u00e9, un soulagement de la contrainte et une gestion efficace des c\u00e2bles dans les applications industrielles.","breadcrumb":{"@id":"https:\/\/trackcable.com\/fr\/produit\/kel-er-e5\/#breadcrumb"},"inLanguage":"fr-FR","potentialAction":[{"@type":"ReadAction","target":["https:\/\/trackcable.com\/fr\/produit\/kel-er-e5\/"]}]},{"@type":"ImageObject","inLanguage":"fr-FR","@id":"https:\/\/trackcable.com\/fr\/produit\/kel-er-e5\/#primaryimage","url":"https:\/\/trackcable.com\/wp-content\/uploads\/2026\/03\/KEL-ER-E5-1.jpg","contentUrl":"https:\/\/trackcable.com\/wp-content\/uploads\/2026\/03\/KEL-ER-E5-1.jpg","width":300,"height":199,"caption":"Le KEL-ER E5 est un composant \u00e9lectronique rectangulaire noir avec cinq contacts carr\u00e9s argent\u00e9s align\u00e9s et des trous de fixation \u00e0 chaque extr\u00e9mit\u00e9."},{"@type":"BreadcrumbList","@id":"https:\/\/trackcable.com\/fr\/produit\/kel-er-e5\/#breadcrumb","itemListElement":[{"@type":"ListItem","position":1,"name":"Accueil","item":"https:\/\/trackcable.com\/fr\/accueil\/"},{"@type":"ListItem","position":2,"name":"Boutique","item":"https:\/\/trackcable.com\/fr\/boutique\/"},{"@type":"ListItem","position":3,"name":"KEL-ER E5"}]},{"@type":"WebSite","@id":"https:\/\/trackcable.com\/fr\/#website","url":"https:\/\/trackcable.com\/fr\/","name":"trackcable.com","description":"Precision in cable management","publisher":{"@id":"https:\/\/trackcable.com\/fr\/#organization"},"potentialAction":[{"@type":"SearchAction","target":{"@type":"EntryPoint","urlTemplate":"https:\/\/trackcable.com\/fr\/?s={search_term_string}"},"query-input":{"@type":"PropertyValueSpecification","valueRequired":true,"valueName":"search_term_string"}}],"inLanguage":"fr-FR"},{"@type":"Organization","@id":"https:\/\/trackcable.com\/fr\/#organization","name":"TrackCable | Precision in industrial cable management","url":"https:\/\/trackcable.com\/fr\/","logo":{"@type":"ImageObject","inLanguage":"fr-FR","@id":"https:\/\/trackcable.com\/fr\/#\/schema\/logo\/image\/","url":"https:\/\/trackcable.com\/wp-content\/uploads\/2026\/02\/TrackCable.jpg","contentUrl":"https:\/\/trackcable.com\/wp-content\/uploads\/2026\/02\/TrackCable.jpg","width":600,"height":300,"caption":"TrackCable | Precision in industrial cable management"},"image":{"@id":"https:\/\/trackcable.com\/fr\/#\/schema\/logo\/image\/"}}]}},"_links":{"self":[{"href":"https:\/\/trackcable.com\/fr\/wp-json\/wp\/v2\/product\/12249","targetHints":{"allow":["GET"]}}],"collection":[{"href":"https:\/\/trackcable.com\/fr\/wp-json\/wp\/v2\/product"}],"about":[{"href":"https:\/\/trackcable.com\/fr\/wp-json\/wp\/v2\/types\/product"}],"replies":[{"embeddable":true,"href":"https:\/\/trackcable.com\/fr\/wp-json\/wp\/v2\/comments?post=12249"}],"version-history":[{"count":1,"href":"https:\/\/trackcable.com\/fr\/wp-json\/wp\/v2\/product\/12249\/revisions"}],"predecessor-version":[{"id":13561,"href":"https:\/\/trackcable.com\/fr\/wp-json\/wp\/v2\/product\/12249\/revisions\/13561"}],"wp:featuredmedia":[{"embeddable":true,"href":"https:\/\/trackcable.com\/fr\/wp-json\/wp\/v2\/media\/12250"}],"wp:attachment":[{"href":"https:\/\/trackcable.com\/fr\/wp-json\/wp\/v2\/media?parent=12249"}],"wp:term":[{"taxonomy":"brand","embeddable":true,"href":"https:\/\/trackcable.com\/fr\/wp-json\/wp\/v2\/etheme_brands?post=12249"},{"taxonomy":"product_brand","embeddable":true,"href":"https:\/\/trackcable.com\/fr\/wp-json\/wp\/v2\/product_brand?post=12249"},{"taxonomy":"product_cat","embeddable":true,"href":"https:\/\/trackcable.com\/fr\/wp-json\/wp\/v2\/product_cat?post=12249"},{"taxonomy":"product_tag","embeddable":true,"href":"https:\/\/trackcable.com\/fr\/wp-json\/wp\/v2\/product_tag?post=12249"}],"curies":[{"name":"wp","href":"https:\/\/api.w.org\/{rel}","templated":true}]}}