{"id":12262,"date":"2026-03-23T07:28:38","date_gmt":"2026-03-23T07:28:38","guid":{"rendered":"https:\/\/trackcable.com\/product\/des-z\/"},"modified":"2026-03-26T14:01:24","modified_gmt":"2026-03-26T14:01:24","slug":"des-z","status":"publish","type":"product","link":"https:\/\/trackcable.com\/fr\/produit\/des-z\/","title":{"rendered":"DES Z"},"content":{"rendered":"<a target=\"_blank\" class=\"btn  small\" href=\"https:\/\/download.detasultra.com\/scheda-catalogo\/en\/detasultra_des-z.pdf\"><span> Fiche technique<\/span><\/a>\n<p>&nbsp;<\/p>\n<h2 data-start=\"72\" data-end=\"98\"><strong data-start=\"75\" data-end=\"98\">Description du produit<\/strong><\/h2>\n<p data-start=\"55\" data-end=\"315\">L\u2019entr\u00e9e \u00e0 brosse DES Z de <span class=\"hover:entity-accent entity-underline inline cursor-pointer align-baseline\"><span class=\"whitespace-normal\">Detas Ultra<\/span><\/span> est un cadre \u00e9conomique con\u00e7u pour faire passer des c\u00e2bles avec ou sans connecteurs \u00e0 travers des armoires et des panneaux \u00e9lectriques. Dot\u00e9 d\u2019une seule bande de brosse, il permet un passage flexible des c\u00e2bles tout en offrant une protection efficace contre la poussi\u00e8re et les d\u00e9bris. Id\u00e9al lorsque le soulagement de la contrainte ou l\u2019\u00e9tanch\u00e9it\u00e9 \u00e0 l\u2019eau n\u2019est pas n\u00e9cessaire, il assure une disposition propre et organis\u00e9e des c\u00e2bles et est disponible en plusieurs tailles pour des applications polyvalentes.  <\/p>\n<table>\n<tbody>\n<tr>\n<th>Mod\u00e8le<\/th>\n<th>Code<\/th>\n<th>Ouverture Max. [mm]<\/th>\n<\/tr>\n<tr>\n<td data-wg-notranslate=\"\">DES Z 10<\/td>\n<td data-wg-notranslate=\"\">1731060010<\/td>\n<td data-wg-notranslate=\"\">63 x 39<\/td>\n<\/tr>\n<tr>\n<td data-wg-notranslate=\"\">DES Z 16<\/td>\n<td data-wg-notranslate=\"\">1731060016<\/td>\n<td data-wg-notranslate=\"\">86 x 39<\/td>\n<\/tr>\n<tr>\n<td data-wg-notranslate=\"\">DES Z 24<\/td>\n<td data-wg-notranslate=\"\">1731060024<\/td>\n<td data-wg-notranslate=\"\">112 x 39<\/td>\n<\/tr>\n<\/tbody>\n<\/table>\n","protected":false},"excerpt":{"rendered":"<p>&nbsp; Description du produit L\u2019entr\u00e9e \u00e0 brosse DES Z de Detas Ultra est un cadre \u00e9conomique con\u00e7u pour faire passer des c\u00e2bles avec ou sans&#8230;<\/p>\n","protected":false},"featured_media":12263,"comment_status":"open","ping_status":"closed","template":"","meta":[],"etheme_brands":[{"term_id":693,"name":"DetasUltra","slug":"detasultra","term_group":0,"term_taxonomy_id":693,"taxonomy":"brand","description":"","parent":0,"count":3,"filter":"raw"}],"product_brand":[],"product_cat":[267],"product_tag":[],"class_list":{"0":"post-12262","1":"product","2":"type-product","3":"status-publish","4":"has-post-thumbnail","6":"brand-detasultra","7":"product_cat-passe-cables-a-brosse","9":"first","10":"instock","11":"taxable","12":"shipping-taxable","13":"purchasable","14":"product-type-variable"},"yoast_head":"<!-- This site is optimized with the Yoast SEO plugin v27.3 - https:\/\/yoast.com\/product\/yoast-seo-wordpress\/ -->\n<title>Entr\u00e9e du pinceau DES Z | Cadre d\u2019entr\u00e9e du c\u00e2ble Detas Ultra | TrackCable<\/title>\n<meta name=\"description\" content=\"D\u00e9couvrez la DES Z Brush Entry de Detas Ultra pour un passage facile des c\u00e2bles \u00e0 travers les panneaux. Conception flexible des brosses, protection contre la poussi\u00e8re et gestion propre des c\u00e2bles.\" \/>\n<meta name=\"robots\" content=\"index, follow, max-snippet:-1, max-image-preview:large, max-video-preview:-1\" \/>\n<link rel=\"canonical\" href=\"https:\/\/trackcable.com\/fr\/produit\/des-z\/\" \/>\n<meta property=\"og:locale\" content=\"fr_FR\" \/>\n<meta property=\"og:type\" content=\"article\" \/>\n<meta property=\"og:title\" content=\"Entr\u00e9e du pinceau DES Z | Cadre d\u2019entr\u00e9e du c\u00e2ble Detas Ultra | TrackCable\" \/>\n<meta property=\"og:description\" content=\"D\u00e9couvrez la DES Z Brush Entry de Detas Ultra pour un passage facile des c\u00e2bles \u00e0 travers les panneaux. Conception flexible des brosses, protection contre la poussi\u00e8re et gestion propre des c\u00e2bles.\" \/>\n<meta property=\"og:url\" content=\"https:\/\/trackcable.com\/fr\/produit\/des-z\/\" \/>\n<meta property=\"og:site_name\" content=\"trackcable.com\" \/>\n<meta property=\"article:modified_time\" content=\"2026-03-26T14:01:24+00:00\" \/>\n<meta property=\"og:image\" content=\"https:\/\/trackcable.com\/wp-content\/uploads\/2026\/03\/DES-Z.jpg\" \/>\n\t<meta property=\"og:image:width\" content=\"300\" \/>\n\t<meta property=\"og:image:height\" content=\"199\" \/>\n\t<meta property=\"og:image:type\" content=\"image\/jpeg\" \/>\n<meta name=\"twitter:card\" content=\"summary_large_image\" \/>\n<meta name=\"twitter:label1\" content=\"Dur\u00e9e de lecture estim\u00e9e\" \/>\n\t<meta name=\"twitter:data1\" content=\"1 minute\" \/>\n<script type=\"application\/ld+json\" class=\"yoast-schema-graph\">{\"@context\":\"https:\\\/\\\/schema.org\",\"@graph\":[{\"@type\":\"WebPage\",\"@id\":\"https:\\\/\\\/trackcable.com\\\/fr\\\/produit\\\/des-z\\\/\",\"url\":\"https:\\\/\\\/trackcable.com\\\/fr\\\/produit\\\/des-z\\\/\",\"name\":\"Entr\u00e9e du pinceau DES Z | Cadre d\u2019entr\u00e9e du c\u00e2ble Detas Ultra | TrackCable\",\"isPartOf\":{\"@id\":\"https:\\\/\\\/trackcable.com\\\/fr\\\/#website\"},\"primaryImageOfPage\":{\"@id\":\"https:\\\/\\\/trackcable.com\\\/fr\\\/produit\\\/des-z\\\/#primaryimage\"},\"image\":{\"@id\":\"https:\\\/\\\/trackcable.com\\\/fr\\\/produit\\\/des-z\\\/#primaryimage\"},\"thumbnailUrl\":\"https:\\\/\\\/trackcable.com\\\/wp-content\\\/uploads\\\/2026\\\/03\\\/DES-Z.jpg\",\"datePublished\":\"2026-03-23T07:28:38+00:00\",\"dateModified\":\"2026-03-26T14:01:24+00:00\",\"description\":\"D\u00e9couvrez la DES Z Brush Entry de Detas Ultra pour un passage facile des c\u00e2bles \u00e0 travers les panneaux. Conception flexible des brosses, protection contre la poussi\u00e8re et gestion propre des c\u00e2bles.\",\"breadcrumb\":{\"@id\":\"https:\\\/\\\/trackcable.com\\\/fr\\\/produit\\\/des-z\\\/#breadcrumb\"},\"inLanguage\":\"fr-FR\",\"potentialAction\":[{\"@type\":\"ReadAction\",\"target\":[\"https:\\\/\\\/trackcable.com\\\/fr\\\/produit\\\/des-z\\\/\"]}]},{\"@type\":\"ImageObject\",\"inLanguage\":\"fr-FR\",\"@id\":\"https:\\\/\\\/trackcable.com\\\/fr\\\/produit\\\/des-z\\\/#primaryimage\",\"url\":\"https:\\\/\\\/trackcable.com\\\/wp-content\\\/uploads\\\/2026\\\/03\\\/DES-Z.jpg\",\"contentUrl\":\"https:\\\/\\\/trackcable.com\\\/wp-content\\\/uploads\\\/2026\\\/03\\\/DES-Z.jpg\",\"width\":300,\"height\":199,\"caption\":\"Le DES Z est une plaque passe-c\u00e2bles rectangulaire noire d'Icotek avec une ouverture garnie de brosses pour deux c\u00e2bles, offrant une gestion de c\u00e2bles organis\u00e9e et prot\u00e9g\u00e9e contre la poussi\u00e8re.\"},{\"@type\":\"BreadcrumbList\",\"@id\":\"https:\\\/\\\/trackcable.com\\\/fr\\\/produit\\\/des-z\\\/#breadcrumb\",\"itemListElement\":[{\"@type\":\"ListItem\",\"position\":1,\"name\":\"Accueil\",\"item\":\"https:\\\/\\\/trackcable.com\\\/fr\\\/accueil\\\/\"},{\"@type\":\"ListItem\",\"position\":2,\"name\":\"Boutique\",\"item\":\"https:\\\/\\\/trackcable.com\\\/fr\\\/boutique\\\/\"},{\"@type\":\"ListItem\",\"position\":3,\"name\":\"DES Z\"}]},{\"@type\":\"WebSite\",\"@id\":\"https:\\\/\\\/trackcable.com\\\/fr\\\/#website\",\"url\":\"https:\\\/\\\/trackcable.com\\\/fr\\\/\",\"name\":\"trackcable.com\",\"description\":\"Precision in cable management\",\"publisher\":{\"@id\":\"https:\\\/\\\/trackcable.com\\\/fr\\\/#organization\"},\"potentialAction\":[{\"@type\":\"SearchAction\",\"target\":{\"@type\":\"EntryPoint\",\"urlTemplate\":\"https:\\\/\\\/trackcable.com\\\/fr\\\/?s={search_term_string}\"},\"query-input\":{\"@type\":\"PropertyValueSpecification\",\"valueRequired\":true,\"valueName\":\"search_term_string\"}}],\"inLanguage\":\"fr-FR\"},{\"@type\":\"Organization\",\"@id\":\"https:\\\/\\\/trackcable.com\\\/fr\\\/#organization\",\"name\":\"TrackCable | Precision in industrial cable management\",\"url\":\"https:\\\/\\\/trackcable.com\\\/fr\\\/\",\"logo\":{\"@type\":\"ImageObject\",\"inLanguage\":\"fr-FR\",\"@id\":\"https:\\\/\\\/trackcable.com\\\/fr\\\/#\\\/schema\\\/logo\\\/image\\\/\",\"url\":\"https:\\\/\\\/trackcable.com\\\/wp-content\\\/uploads\\\/2026\\\/02\\\/TrackCable.jpg\",\"contentUrl\":\"https:\\\/\\\/trackcable.com\\\/wp-content\\\/uploads\\\/2026\\\/02\\\/TrackCable.jpg\",\"width\":600,\"height\":300,\"caption\":\"TrackCable | Precision in industrial cable management\"},\"image\":{\"@id\":\"https:\\\/\\\/trackcable.com\\\/fr\\\/#\\\/schema\\\/logo\\\/image\\\/\"}}]}<\/script>\n<!-- \/ Yoast SEO plugin. -->","yoast_head_json":{"title":"Entr\u00e9e du pinceau DES Z | Cadre d\u2019entr\u00e9e du c\u00e2ble Detas Ultra | TrackCable","description":"D\u00e9couvrez la DES Z Brush Entry de Detas Ultra pour un passage facile des c\u00e2bles \u00e0 travers les panneaux. Conception flexible des brosses, protection contre la poussi\u00e8re et gestion propre des c\u00e2bles.","robots":{"index":"index","follow":"follow","max-snippet":"max-snippet:-1","max-image-preview":"max-image-preview:large","max-video-preview":"max-video-preview:-1"},"canonical":"https:\/\/trackcable.com\/fr\/produit\/des-z\/","og_locale":"fr_FR","og_type":"article","og_title":"Entr\u00e9e du pinceau DES Z | Cadre d\u2019entr\u00e9e du c\u00e2ble Detas Ultra | TrackCable","og_description":"D\u00e9couvrez la DES Z Brush Entry de Detas Ultra pour un passage facile des c\u00e2bles \u00e0 travers les panneaux. Conception flexible des brosses, protection contre la poussi\u00e8re et gestion propre des c\u00e2bles.","og_url":"https:\/\/trackcable.com\/fr\/produit\/des-z\/","og_site_name":"trackcable.com","article_modified_time":"2026-03-26T14:01:24+00:00","og_image":[{"width":300,"height":199,"url":"https:\/\/trackcable.com\/wp-content\/uploads\/2026\/03\/DES-Z.jpg","type":"image\/jpeg"}],"twitter_card":"summary_large_image","twitter_misc":{"Dur\u00e9e de lecture estim\u00e9e":"1 minute"},"schema":{"@context":"https:\/\/schema.org","@graph":[{"@type":"WebPage","@id":"https:\/\/trackcable.com\/fr\/produit\/des-z\/","url":"https:\/\/trackcable.com\/fr\/produit\/des-z\/","name":"Entr\u00e9e du pinceau DES Z | Cadre d\u2019entr\u00e9e du c\u00e2ble Detas Ultra | TrackCable","isPartOf":{"@id":"https:\/\/trackcable.com\/fr\/#website"},"primaryImageOfPage":{"@id":"https:\/\/trackcable.com\/fr\/produit\/des-z\/#primaryimage"},"image":{"@id":"https:\/\/trackcable.com\/fr\/produit\/des-z\/#primaryimage"},"thumbnailUrl":"https:\/\/trackcable.com\/wp-content\/uploads\/2026\/03\/DES-Z.jpg","datePublished":"2026-03-23T07:28:38+00:00","dateModified":"2026-03-26T14:01:24+00:00","description":"D\u00e9couvrez la DES Z Brush Entry de Detas Ultra pour un passage facile des c\u00e2bles \u00e0 travers les panneaux. Conception flexible des brosses, protection contre la poussi\u00e8re et gestion propre des c\u00e2bles.","breadcrumb":{"@id":"https:\/\/trackcable.com\/fr\/produit\/des-z\/#breadcrumb"},"inLanguage":"fr-FR","potentialAction":[{"@type":"ReadAction","target":["https:\/\/trackcable.com\/fr\/produit\/des-z\/"]}]},{"@type":"ImageObject","inLanguage":"fr-FR","@id":"https:\/\/trackcable.com\/fr\/produit\/des-z\/#primaryimage","url":"https:\/\/trackcable.com\/wp-content\/uploads\/2026\/03\/DES-Z.jpg","contentUrl":"https:\/\/trackcable.com\/wp-content\/uploads\/2026\/03\/DES-Z.jpg","width":300,"height":199,"caption":"Le DES Z est une plaque passe-c\u00e2bles rectangulaire noire d'Icotek avec une ouverture garnie de brosses pour deux c\u00e2bles, offrant une gestion de c\u00e2bles organis\u00e9e et prot\u00e9g\u00e9e contre la poussi\u00e8re."},{"@type":"BreadcrumbList","@id":"https:\/\/trackcable.com\/fr\/produit\/des-z\/#breadcrumb","itemListElement":[{"@type":"ListItem","position":1,"name":"Accueil","item":"https:\/\/trackcable.com\/fr\/accueil\/"},{"@type":"ListItem","position":2,"name":"Boutique","item":"https:\/\/trackcable.com\/fr\/boutique\/"},{"@type":"ListItem","position":3,"name":"DES Z"}]},{"@type":"WebSite","@id":"https:\/\/trackcable.com\/fr\/#website","url":"https:\/\/trackcable.com\/fr\/","name":"trackcable.com","description":"Precision in cable management","publisher":{"@id":"https:\/\/trackcable.com\/fr\/#organization"},"potentialAction":[{"@type":"SearchAction","target":{"@type":"EntryPoint","urlTemplate":"https:\/\/trackcable.com\/fr\/?s={search_term_string}"},"query-input":{"@type":"PropertyValueSpecification","valueRequired":true,"valueName":"search_term_string"}}],"inLanguage":"fr-FR"},{"@type":"Organization","@id":"https:\/\/trackcable.com\/fr\/#organization","name":"TrackCable | Precision in industrial cable management","url":"https:\/\/trackcable.com\/fr\/","logo":{"@type":"ImageObject","inLanguage":"fr-FR","@id":"https:\/\/trackcable.com\/fr\/#\/schema\/logo\/image\/","url":"https:\/\/trackcable.com\/wp-content\/uploads\/2026\/02\/TrackCable.jpg","contentUrl":"https:\/\/trackcable.com\/wp-content\/uploads\/2026\/02\/TrackCable.jpg","width":600,"height":300,"caption":"TrackCable | Precision in industrial cable management"},"image":{"@id":"https:\/\/trackcable.com\/fr\/#\/schema\/logo\/image\/"}}]}},"_links":{"self":[{"href":"https:\/\/trackcable.com\/fr\/wp-json\/wp\/v2\/product\/12262","targetHints":{"allow":["GET"]}}],"collection":[{"href":"https:\/\/trackcable.com\/fr\/wp-json\/wp\/v2\/product"}],"about":[{"href":"https:\/\/trackcable.com\/fr\/wp-json\/wp\/v2\/types\/product"}],"replies":[{"embeddable":true,"href":"https:\/\/trackcable.com\/fr\/wp-json\/wp\/v2\/comments?post=12262"}],"version-history":[{"count":1,"href":"https:\/\/trackcable.com\/fr\/wp-json\/wp\/v2\/product\/12262\/revisions"}],"predecessor-version":[{"id":13557,"href":"https:\/\/trackcable.com\/fr\/wp-json\/wp\/v2\/product\/12262\/revisions\/13557"}],"wp:featuredmedia":[{"embeddable":true,"href":"https:\/\/trackcable.com\/fr\/wp-json\/wp\/v2\/media\/12263"}],"wp:attachment":[{"href":"https:\/\/trackcable.com\/fr\/wp-json\/wp\/v2\/media?parent=12262"}],"wp:term":[{"taxonomy":"brand","embeddable":true,"href":"https:\/\/trackcable.com\/fr\/wp-json\/wp\/v2\/etheme_brands?post=12262"},{"taxonomy":"product_brand","embeddable":true,"href":"https:\/\/trackcable.com\/fr\/wp-json\/wp\/v2\/product_brand?post=12262"},{"taxonomy":"product_cat","embeddable":true,"href":"https:\/\/trackcable.com\/fr\/wp-json\/wp\/v2\/product_cat?post=12262"},{"taxonomy":"product_tag","embeddable":true,"href":"https:\/\/trackcable.com\/fr\/wp-json\/wp\/v2\/product_tag?post=12262"}],"curies":[{"name":"wp","href":"https:\/\/api.w.org\/{rel}","templated":true}]}}