{"id":8156,"date":"2026-02-17T11:24:52","date_gmt":"2026-02-17T11:24:52","guid":{"rendered":"https:\/\/trackcable.com\/product\/kel-dp-e-46-9-noir\/"},"modified":"2026-03-26T12:35:19","modified_gmt":"2026-03-26T12:35:19","slug":"kel-dp-e-46-9-noir","status":"publish","type":"product","link":"https:\/\/trackcable.com\/fr\/produit\/kel-dp-e-46-9-noir\/","title":{"rendered":"KEL-DP-E 46\/9 \u2013 Noir"},"content":{"rendered":"<h2 data-start=\"109\" data-end=\"135\"><a target=\"_blank\" class=\"btn  small\" href=\"https:\/\/www.icotek.com\/Produkte\/PG06%20Kabeldurchf%C3%BChrungen\/KEL-DP\/KEL-DP-E\/Datenbl%C3%A4tter\/50587_KEL-DP-E-46-9_bk.PDF\"><span> Documentation<\/span><\/a><\/h2>\n<p>&nbsp;<\/p>\n<h2 data-start=\"72\" data-end=\"98\"><strong data-start=\"75\" data-end=\"98\">Description du produit<\/strong><\/h2>\n<p data-start=\"100\" data-end=\"376\">Cette plaque d\u2019entr\u00e9e compacte en \u00e9lastom\u00e8re est con\u00e7ue pour un passage efficace et s\u00e9curis\u00e9 des c\u00e2bles dans les armoires de contr\u00f4le, les petits bo\u00eetiers et les installations industrielles. Fabriqu\u00e9 en Allemagne, il offre des performances d\u2019\u00e9tanch\u00e9it\u00e9 fiables et une durabilit\u00e9 durable dans des environnements exigeants. <\/p>\n<p data-start=\"378\" data-end=\"725\">Le mat\u00e9riau \u00e9lastom\u00e8re flexible permet d\u2019installer rapidement plusieurs diam\u00e8tres de c\u00e2bles tout en maintenant une forte protection contre la poussi\u00e8re et l\u2019humidit\u00e9. Avec des classifications de protection jusqu\u2019\u00e0 IP64 et une large plage de temp\u00e9ratures de fonctionnement, cette plaque d\u2019entr\u00e9e de c\u00e2ble est id\u00e9ale pour les applications int\u00e9rieures et ext\u00e9rieures o\u00f9 une gestion des c\u00e2bles \u00e9conomisant de l\u2019espace est n\u00e9cessaire. <\/p>\n<hr data-start=\"727\" data-end=\"730\">\n<h2 data-start=\"732\" data-end=\"753\"><strong data-start=\"735\" data-end=\"753\">Caract\u00e9ristiques techniques<\/strong><\/h2>\n<ul data-start=\"755\" data-end=\"1145\">\n<li data-start=\"755\" data-end=\"780\">\n<p data-start=\"757\" data-end=\"780\"><strong data-start=\"757\" data-end=\"769\">Code HS :<\/strong> 85472000<\/p>\n<\/li>\n<li data-start=\"781\" data-end=\"815\">\n<p data-start=\"783\" data-end=\"815\"><strong data-start=\"783\" data-end=\"805\">Pays d\u2019origine :<\/strong> Allemagne<\/p>\n<\/li>\n<li data-start=\"816\" data-end=\"843\">\n<p data-start=\"818\" data-end=\"843\"><strong data-start=\"818\" data-end=\"831\">Mat\u00e9riel :<\/strong> \u00c9lastom\u00e8re<\/p>\n<\/li>\n<li data-start=\"844\" data-end=\"864\">\n<p data-start=\"846\" data-end=\"864\"><strong data-start=\"846\" data-end=\"856\">Couleur :<\/strong> Noir<\/p>\n<\/li>\n<li data-start=\"865\" data-end=\"886\">\n<p data-start=\"867\" data-end=\"886\"><strong data-start=\"867\" data-end=\"878\">Hauteur :<\/strong> 25 mm<\/p>\n<\/li>\n<li data-start=\"887\" data-end=\"932\">\n<p data-start=\"889\" data-end=\"932\"><strong data-start=\"889\" data-end=\"919\">Taille de la d\u00e9coupe d\u2019installation :<\/strong> 46 \u00d7 18 mm<\/p>\n<\/li>\n<li data-start=\"933\" data-end=\"953\">\n<p data-start=\"935\" data-end=\"953\"><strong data-start=\"935\" data-end=\"945\">Largeur :<\/strong> 62 mm<\/p>\n<\/li>\n<li data-start=\"954\" data-end=\"973\">\n<p data-start=\"956\" data-end=\"973\"><strong data-start=\"956\" data-end=\"966\">Profondeur :<\/strong> 5 mm<\/p>\n<\/li>\n<li data-start=\"974\" data-end=\"1034\">\n<p data-start=\"976\" data-end=\"997\"><strong data-start=\"976\" data-end=\"995\">Plage de serrage :<\/strong><\/p>\n<ul data-start=\"1000\" data-end=\"1034\">\n<li data-start=\"1000\" data-end=\"1015\">\n<p data-start=\"1002\" data-end=\"1015\">8 \u00d7 \u22646,5 mm<\/p>\n<\/li>\n<li data-start=\"1018\" data-end=\"1034\">\n<p data-start=\"1020\" data-end=\"1034\">1 \u00d7 \u226412,1 mm<\/p>\n<\/li>\n<\/ul>\n<\/li>\n<li data-start=\"1035\" data-end=\"1077\">\n<p data-start=\"1037\" data-end=\"1077\"><strong data-start=\"1037\" data-end=\"1059\">Plage de temp\u00e9rature :<\/strong> -30\u00b0C \u00e0 +100\u00b0C<\/p>\n<\/li>\n<li data-start=\"1078\" data-end=\"1116\">\n<p data-start=\"1080\" data-end=\"1116\"><strong data-start=\"1080\" data-end=\"1102\">Classification de protection :<\/strong> IP54 \/ IP64<\/p>\n<\/li>\n<li data-start=\"1117\" data-end=\"1145\">\n<p data-start=\"1119\" data-end=\"1145\"><strong data-start=\"1119\" data-end=\"1134\">Poids net :<\/strong> 0,011 kg<\/p>\n<\/li>\n<\/ul>\n","protected":false},"excerpt":{"rendered":"<p>&nbsp; Description du produit Cette plaque d\u2019entr\u00e9e compacte en \u00e9lastom\u00e8re est con\u00e7ue pour un passage efficace et s\u00e9curis\u00e9 des c\u00e2bles dans les armoires de contr\u00f4le,&#8230;<\/p>\n","protected":false},"featured_media":8157,"comment_status":"open","ping_status":"closed","template":"","meta":[],"etheme_brands":[{"term_id":696,"name":"Icotek","slug":"icotek","term_group":0,"term_taxonomy_id":696,"taxonomy":"brand","description":"Icotek est un fabricant leader de solutions innovantes de gestion et de passage de c\u00e2bles, sp\u00e9cialis\u00e9 dans des syst\u00e8mes modulaires permettant une installation rapide et une \u00e9tanch\u00e9it\u00e9 fiable pour des applications industrielles et \u00e9lectriques dans le monde entier.","parent":0,"count":125,"filter":"raw"}],"product_brand":[],"product_cat":[276],"product_tag":[],"class_list":{"0":"post-8156","1":"product","2":"type-product","3":"status-publish","4":"has-post-thumbnail","6":"brand-icotek","7":"product_cat-plaques-dentree-de-cables","9":"first","10":"instock","11":"sale","12":"taxable","13":"shipping-taxable","14":"purchasable","15":"product-type-simple"},"yoast_head":"<!-- This site is optimized with the Yoast SEO plugin v27.3 - https:\/\/yoast.com\/product\/yoast-seo-wordpress\/ -->\n<title>Plaque d\u2019entr\u00e9e de c\u00e2ble Icotek KEL-DP-E 46\/9 | TrackCable<\/title>\n<meta name=\"description\" content=\"Achetez une plaque d\u2019entr\u00e9e de c\u00e2ble Icotek KEL-DP-E 46\/9 pour un passage efficace des c\u00e2bles et un \u00e9tanch\u00e9it\u00e9 dans les panneaux de contr\u00f4le. Livraison rapide disponible.\" \/>\n<meta name=\"robots\" content=\"index, follow, max-snippet:-1, max-image-preview:large, max-video-preview:-1\" \/>\n<link rel=\"canonical\" href=\"https:\/\/trackcable.com\/fr\/produit\/kel-dp-e-46-9-noir\/\" \/>\n<meta property=\"og:locale\" content=\"fr_FR\" \/>\n<meta property=\"og:type\" content=\"article\" \/>\n<meta property=\"og:title\" content=\"Plaque d\u2019entr\u00e9e de c\u00e2ble Icotek KEL-DP-E 46\/9 | TrackCable\" \/>\n<meta property=\"og:description\" content=\"Achetez une plaque d\u2019entr\u00e9e de c\u00e2ble Icotek KEL-DP-E 46\/9 pour un passage efficace des c\u00e2bles et un \u00e9tanch\u00e9it\u00e9 dans les panneaux de contr\u00f4le. Livraison rapide disponible.\" \/>\n<meta property=\"og:url\" content=\"https:\/\/trackcable.com\/fr\/produit\/kel-dp-e-46-9-noir\/\" \/>\n<meta property=\"og:site_name\" content=\"trackcable.com\" \/>\n<meta property=\"article:modified_time\" content=\"2026-03-26T12:35:19+00:00\" \/>\n<meta property=\"og:image\" content=\"https:\/\/trackcable.com\/wp-content\/uploads\/2026\/02\/50587.jpg\" \/>\n\t<meta property=\"og:image:width\" content=\"300\" \/>\n\t<meta property=\"og:image:height\" content=\"199\" \/>\n\t<meta property=\"og:image:type\" content=\"image\/jpeg\" \/>\n<meta name=\"twitter:card\" content=\"summary_large_image\" \/>\n<meta name=\"twitter:label1\" content=\"Dur\u00e9e de lecture estim\u00e9e\" \/>\n\t<meta name=\"twitter:data1\" content=\"1 minute\" \/>\n<script type=\"application\/ld+json\" class=\"yoast-schema-graph\">{\"@context\":\"https:\\\/\\\/schema.org\",\"@graph\":[{\"@type\":\"WebPage\",\"@id\":\"https:\\\/\\\/trackcable.com\\\/fr\\\/produit\\\/kel-dp-e-46-9-noir\\\/\",\"url\":\"https:\\\/\\\/trackcable.com\\\/fr\\\/produit\\\/kel-dp-e-46-9-noir\\\/\",\"name\":\"Plaque d\u2019entr\u00e9e de c\u00e2ble Icotek KEL-DP-E 46\\\/9 | TrackCable\",\"isPartOf\":{\"@id\":\"https:\\\/\\\/trackcable.com\\\/fr\\\/#website\"},\"primaryImageOfPage\":{\"@id\":\"https:\\\/\\\/trackcable.com\\\/fr\\\/produit\\\/kel-dp-e-46-9-noir\\\/#primaryimage\"},\"image\":{\"@id\":\"https:\\\/\\\/trackcable.com\\\/fr\\\/produit\\\/kel-dp-e-46-9-noir\\\/#primaryimage\"},\"thumbnailUrl\":\"https:\\\/\\\/trackcable.com\\\/wp-content\\\/uploads\\\/2026\\\/02\\\/50587.jpg\",\"datePublished\":\"2026-02-17T11:24:52+00:00\",\"dateModified\":\"2026-03-26T12:35:19+00:00\",\"description\":\"Achetez une plaque d\u2019entr\u00e9e de c\u00e2ble Icotek KEL-DP-E 46\\\/9 pour un passage efficace des c\u00e2bles et un \u00e9tanch\u00e9it\u00e9 dans les panneaux de contr\u00f4le. Livraison rapide disponible.\",\"breadcrumb\":{\"@id\":\"https:\\\/\\\/trackcable.com\\\/fr\\\/produit\\\/kel-dp-e-46-9-noir\\\/#breadcrumb\"},\"inLanguage\":\"fr-FR\",\"potentialAction\":[{\"@type\":\"ReadAction\",\"target\":[\"https:\\\/\\\/trackcable.com\\\/fr\\\/produit\\\/kel-dp-e-46-9-noir\\\/\"]}]},{\"@type\":\"ImageObject\",\"inLanguage\":\"fr-FR\",\"@id\":\"https:\\\/\\\/trackcable.com\\\/fr\\\/produit\\\/kel-dp-e-46-9-noir\\\/#primaryimage\",\"url\":\"https:\\\/\\\/trackcable.com\\\/wp-content\\\/uploads\\\/2026\\\/02\\\/50587.jpg\",\"contentUrl\":\"https:\\\/\\\/trackcable.com\\\/wp-content\\\/uploads\\\/2026\\\/02\\\/50587.jpg\",\"width\":300,\"height\":199,\"caption\":\"La KEL-DP-E 46\\\/9 - Noire est une t\u00e9l\u00e9commande rectangulaire simple avec huit petits boutons circulaires dispos\u00e9s en deux rang\u00e9es \u00e0 gauche et un grand bouton circulaire \u00e0 droite.\"},{\"@type\":\"BreadcrumbList\",\"@id\":\"https:\\\/\\\/trackcable.com\\\/fr\\\/produit\\\/kel-dp-e-46-9-noir\\\/#breadcrumb\",\"itemListElement\":[{\"@type\":\"ListItem\",\"position\":1,\"name\":\"Accueil\",\"item\":\"https:\\\/\\\/trackcable.com\\\/fr\\\/accueil\\\/\"},{\"@type\":\"ListItem\",\"position\":2,\"name\":\"Boutique\",\"item\":\"https:\\\/\\\/trackcable.com\\\/fr\\\/boutique\\\/\"},{\"@type\":\"ListItem\",\"position\":3,\"name\":\"KEL-DP-E 46\\\/9 \u2013 Noir\"}]},{\"@type\":\"WebSite\",\"@id\":\"https:\\\/\\\/trackcable.com\\\/fr\\\/#website\",\"url\":\"https:\\\/\\\/trackcable.com\\\/fr\\\/\",\"name\":\"trackcable.com\",\"description\":\"Precision in cable management\",\"publisher\":{\"@id\":\"https:\\\/\\\/trackcable.com\\\/fr\\\/#organization\"},\"potentialAction\":[{\"@type\":\"SearchAction\",\"target\":{\"@type\":\"EntryPoint\",\"urlTemplate\":\"https:\\\/\\\/trackcable.com\\\/fr\\\/?s={search_term_string}\"},\"query-input\":{\"@type\":\"PropertyValueSpecification\",\"valueRequired\":true,\"valueName\":\"search_term_string\"}}],\"inLanguage\":\"fr-FR\"},{\"@type\":\"Organization\",\"@id\":\"https:\\\/\\\/trackcable.com\\\/fr\\\/#organization\",\"name\":\"TrackCable | Precision in industrial cable management\",\"url\":\"https:\\\/\\\/trackcable.com\\\/fr\\\/\",\"logo\":{\"@type\":\"ImageObject\",\"inLanguage\":\"fr-FR\",\"@id\":\"https:\\\/\\\/trackcable.com\\\/fr\\\/#\\\/schema\\\/logo\\\/image\\\/\",\"url\":\"https:\\\/\\\/trackcable.com\\\/wp-content\\\/uploads\\\/2026\\\/02\\\/TrackCable.jpg\",\"contentUrl\":\"https:\\\/\\\/trackcable.com\\\/wp-content\\\/uploads\\\/2026\\\/02\\\/TrackCable.jpg\",\"width\":600,\"height\":300,\"caption\":\"TrackCable | Precision in industrial cable management\"},\"image\":{\"@id\":\"https:\\\/\\\/trackcable.com\\\/fr\\\/#\\\/schema\\\/logo\\\/image\\\/\"}}]}<\/script>\n<!-- \/ Yoast SEO plugin. -->","yoast_head_json":{"title":"Plaque d\u2019entr\u00e9e de c\u00e2ble Icotek KEL-DP-E 46\/9 | TrackCable","description":"Achetez une plaque d\u2019entr\u00e9e de c\u00e2ble Icotek KEL-DP-E 46\/9 pour un passage efficace des c\u00e2bles et un \u00e9tanch\u00e9it\u00e9 dans les panneaux de contr\u00f4le. Livraison rapide disponible.","robots":{"index":"index","follow":"follow","max-snippet":"max-snippet:-1","max-image-preview":"max-image-preview:large","max-video-preview":"max-video-preview:-1"},"canonical":"https:\/\/trackcable.com\/fr\/produit\/kel-dp-e-46-9-noir\/","og_locale":"fr_FR","og_type":"article","og_title":"Plaque d\u2019entr\u00e9e de c\u00e2ble Icotek KEL-DP-E 46\/9 | TrackCable","og_description":"Achetez une plaque d\u2019entr\u00e9e de c\u00e2ble Icotek KEL-DP-E 46\/9 pour un passage efficace des c\u00e2bles et un \u00e9tanch\u00e9it\u00e9 dans les panneaux de contr\u00f4le. Livraison rapide disponible.","og_url":"https:\/\/trackcable.com\/fr\/produit\/kel-dp-e-46-9-noir\/","og_site_name":"trackcable.com","article_modified_time":"2026-03-26T12:35:19+00:00","og_image":[{"width":300,"height":199,"url":"https:\/\/trackcable.com\/wp-content\/uploads\/2026\/02\/50587.jpg","type":"image\/jpeg"}],"twitter_card":"summary_large_image","twitter_misc":{"Dur\u00e9e de lecture estim\u00e9e":"1 minute"},"schema":{"@context":"https:\/\/schema.org","@graph":[{"@type":"WebPage","@id":"https:\/\/trackcable.com\/fr\/produit\/kel-dp-e-46-9-noir\/","url":"https:\/\/trackcable.com\/fr\/produit\/kel-dp-e-46-9-noir\/","name":"Plaque d\u2019entr\u00e9e de c\u00e2ble Icotek KEL-DP-E 46\/9 | TrackCable","isPartOf":{"@id":"https:\/\/trackcable.com\/fr\/#website"},"primaryImageOfPage":{"@id":"https:\/\/trackcable.com\/fr\/produit\/kel-dp-e-46-9-noir\/#primaryimage"},"image":{"@id":"https:\/\/trackcable.com\/fr\/produit\/kel-dp-e-46-9-noir\/#primaryimage"},"thumbnailUrl":"https:\/\/trackcable.com\/wp-content\/uploads\/2026\/02\/50587.jpg","datePublished":"2026-02-17T11:24:52+00:00","dateModified":"2026-03-26T12:35:19+00:00","description":"Achetez une plaque d\u2019entr\u00e9e de c\u00e2ble Icotek KEL-DP-E 46\/9 pour un passage efficace des c\u00e2bles et un \u00e9tanch\u00e9it\u00e9 dans les panneaux de contr\u00f4le. Livraison rapide disponible.","breadcrumb":{"@id":"https:\/\/trackcable.com\/fr\/produit\/kel-dp-e-46-9-noir\/#breadcrumb"},"inLanguage":"fr-FR","potentialAction":[{"@type":"ReadAction","target":["https:\/\/trackcable.com\/fr\/produit\/kel-dp-e-46-9-noir\/"]}]},{"@type":"ImageObject","inLanguage":"fr-FR","@id":"https:\/\/trackcable.com\/fr\/produit\/kel-dp-e-46-9-noir\/#primaryimage","url":"https:\/\/trackcable.com\/wp-content\/uploads\/2026\/02\/50587.jpg","contentUrl":"https:\/\/trackcable.com\/wp-content\/uploads\/2026\/02\/50587.jpg","width":300,"height":199,"caption":"La KEL-DP-E 46\/9 - Noire est une t\u00e9l\u00e9commande rectangulaire simple avec huit petits boutons circulaires dispos\u00e9s en deux rang\u00e9es \u00e0 gauche et un grand bouton circulaire \u00e0 droite."},{"@type":"BreadcrumbList","@id":"https:\/\/trackcable.com\/fr\/produit\/kel-dp-e-46-9-noir\/#breadcrumb","itemListElement":[{"@type":"ListItem","position":1,"name":"Accueil","item":"https:\/\/trackcable.com\/fr\/accueil\/"},{"@type":"ListItem","position":2,"name":"Boutique","item":"https:\/\/trackcable.com\/fr\/boutique\/"},{"@type":"ListItem","position":3,"name":"KEL-DP-E 46\/9 \u2013 Noir"}]},{"@type":"WebSite","@id":"https:\/\/trackcable.com\/fr\/#website","url":"https:\/\/trackcable.com\/fr\/","name":"trackcable.com","description":"Precision in cable management","publisher":{"@id":"https:\/\/trackcable.com\/fr\/#organization"},"potentialAction":[{"@type":"SearchAction","target":{"@type":"EntryPoint","urlTemplate":"https:\/\/trackcable.com\/fr\/?s={search_term_string}"},"query-input":{"@type":"PropertyValueSpecification","valueRequired":true,"valueName":"search_term_string"}}],"inLanguage":"fr-FR"},{"@type":"Organization","@id":"https:\/\/trackcable.com\/fr\/#organization","name":"TrackCable | Precision in industrial cable management","url":"https:\/\/trackcable.com\/fr\/","logo":{"@type":"ImageObject","inLanguage":"fr-FR","@id":"https:\/\/trackcable.com\/fr\/#\/schema\/logo\/image\/","url":"https:\/\/trackcable.com\/wp-content\/uploads\/2026\/02\/TrackCable.jpg","contentUrl":"https:\/\/trackcable.com\/wp-content\/uploads\/2026\/02\/TrackCable.jpg","width":600,"height":300,"caption":"TrackCable | Precision in industrial cable management"},"image":{"@id":"https:\/\/trackcable.com\/fr\/#\/schema\/logo\/image\/"}}]}},"_links":{"self":[{"href":"https:\/\/trackcable.com\/fr\/wp-json\/wp\/v2\/product\/8156","targetHints":{"allow":["GET"]}}],"collection":[{"href":"https:\/\/trackcable.com\/fr\/wp-json\/wp\/v2\/product"}],"about":[{"href":"https:\/\/trackcable.com\/fr\/wp-json\/wp\/v2\/types\/product"}],"replies":[{"embeddable":true,"href":"https:\/\/trackcable.com\/fr\/wp-json\/wp\/v2\/comments?post=8156"}],"version-history":[{"count":1,"href":"https:\/\/trackcable.com\/fr\/wp-json\/wp\/v2\/product\/8156\/revisions"}],"predecessor-version":[{"id":12601,"href":"https:\/\/trackcable.com\/fr\/wp-json\/wp\/v2\/product\/8156\/revisions\/12601"}],"wp:featuredmedia":[{"embeddable":true,"href":"https:\/\/trackcable.com\/fr\/wp-json\/wp\/v2\/media\/8157"}],"wp:attachment":[{"href":"https:\/\/trackcable.com\/fr\/wp-json\/wp\/v2\/media?parent=8156"}],"wp:term":[{"taxonomy":"brand","embeddable":true,"href":"https:\/\/trackcable.com\/fr\/wp-json\/wp\/v2\/etheme_brands?post=8156"},{"taxonomy":"product_brand","embeddable":true,"href":"https:\/\/trackcable.com\/fr\/wp-json\/wp\/v2\/product_brand?post=8156"},{"taxonomy":"product_cat","embeddable":true,"href":"https:\/\/trackcable.com\/fr\/wp-json\/wp\/v2\/product_cat?post=8156"},{"taxonomy":"product_tag","embeddable":true,"href":"https:\/\/trackcable.com\/fr\/wp-json\/wp\/v2\/product_tag?post=8156"}],"curies":[{"name":"wp","href":"https:\/\/api.w.org\/{rel}","templated":true}]}}