{"id":8283,"date":"2026-02-20T08:46:19","date_gmt":"2026-02-20T08:46:19","guid":{"rendered":"https:\/\/trackcable.com\/product\/pa-rrb-48g-30-metres-profil-large-pa12\/"},"modified":"2026-03-26T12:38:46","modified_gmt":"2026-03-26T12:38:46","slug":"pa-rrb-48g-30-metres-profil-large-pa12","status":"publish","type":"product","link":"https:\/\/trackcable.com\/fr\/produit\/pa-rrb-48g-30-metres-profil-large-pa12\/","title":{"rendered":"PA-RRB-48G | 30 m\u00e8tres | Profil large | PA12"},"content":{"rendered":"<p data-start=\"362\" data-end=\"660\">Le tubage REIKU\u00ae PA RRB est une solution de protection de c\u00e2ble tr\u00e8s flexible con\u00e7ue pour des performances fiables dans des environnements industriels exigeants. Fabriqu\u00e9 en polyamide noire durable, ce tube allie une excellente r\u00e9sistance m\u00e9canique \u00e0 une flexibilit\u00e9 sup\u00e9rieure pour une installation et un d\u00e9roulement faciles. <\/p>\n<p data-start=\"662\" data-end=\"846\">Avec le num\u00e9ro <strong data-start=\"682\" data-end=\"694\">d\u2019usine BN 22631<\/strong>, ce produit r\u00e9pond aux normes strictes de qualit\u00e9 de la marque REIKU et est id\u00e9al pour prot\u00e9ger les c\u00e2bles contre l\u2019abrasion, le mouvement et les contraintes externes.<\/p>\n<h3 data-start=\"848\" data-end=\"868\"><strong data-start=\"852\" data-end=\"868\">Caract\u00e9ristiques cl\u00e9s<\/strong><\/h3>\n<ul data-start=\"869\" data-end=\"1100\">\n<li data-start=\"869\" data-end=\"907\">\n<p data-start=\"871\" data-end=\"907\"><strong data-start=\"871\" data-end=\"884\">Mat\u00e9riel :<\/strong> Polyamide noire (PA)<\/p>\n<\/li>\n<li data-start=\"908\" data-end=\"961\">\n<p data-start=\"910\" data-end=\"961\"><strong data-start=\"910\" data-end=\"919\">Type :<\/strong> Tuyau de protection de c\u00e2ble tr\u00e8s flexible<\/p>\n<\/li>\n<li data-start=\"962\" data-end=\"994\">\n<p data-start=\"964\" data-end=\"994\"><strong data-start=\"964\" data-end=\"983\">Num\u00e9ro d\u2019usine :<\/strong> BN 22631<\/p>\n<\/li>\n<li data-start=\"995\" data-end=\"1016\">\n<p data-start=\"997\" data-end=\"1016\"><strong data-start=\"997\" data-end=\"1007\">Marque :<\/strong> REIKU\u00ae<\/p>\n<\/li>\n<li data-start=\"1017\" data-end=\"1100\">\n<p data-start=\"1019\" data-end=\"1100\"><strong data-start=\"1019\" data-end=\"1035\">Application :<\/strong> Gestion durable et s\u00e9curis\u00e9e des c\u00e2bles dans les environnements industriels<\/p>\n<\/li>\n<\/ul>\n","protected":false},"excerpt":{"rendered":"<p><span style=\"font-size: 12px; line-height: 1.2; display: block;\"><br \/>\nLE REIKU\u00ae PA-RRB-48G est une protection de c\u00e2ble PA12 tr\u00e8s flexible<br \/>\n<\/span><\/p>\n","protected":false},"featured_media":8285,"comment_status":"open","ping_status":"closed","template":"","meta":[],"etheme_brands":[{"term_id":699,"name":"Reiku","slug":"reiku","term_group":0,"term_taxonomy_id":699,"taxonomy":"brand","description":"Reiku est un sp\u00e9cialiste des syst\u00e8mes de protection de c\u00e2bles haute performance, proposant des gaines flexibles et des accessoires con\u00e7us pour prot\u00e9ger les c\u00e2bles dans des environnements exigeants tels que la robotique, l\u2019automatisation et les machines.","parent":0,"count":41,"filter":"raw"}],"product_brand":[],"product_cat":[312],"product_tag":[523],"class_list":{"0":"post-8283","1":"product","2":"type-product","3":"status-publish","4":"has-post-thumbnail","6":"brand-reiku","7":"product_cat-gaines-de-protection-pour-cables","8":"product_tag-30-metres","10":"first","11":"instock","12":"taxable","13":"shipping-taxable","14":"purchasable","15":"product-type-simple"},"yoast_head":"<!-- This site is optimized with the Yoast SEO plugin v27.3 - https:\/\/yoast.com\/product\/yoast-seo-wordpress\/ -->\n<title>Conduit Reiku PA-RRB-48G PA12 30m | TrackCable<\/title>\n<meta name=\"description\" content=\"Le conduit Reiku PA-RRB-48G PA12 (30 m) offre une protection de c\u00e2ble solide et fiable pour des environnements exigeants.\" \/>\n<meta name=\"robots\" content=\"index, follow, max-snippet:-1, max-image-preview:large, max-video-preview:-1\" \/>\n<link rel=\"canonical\" href=\"https:\/\/trackcable.com\/fr\/produit\/pa-rrb-48g-30-metres-profil-large-pa12\/\" \/>\n<meta property=\"og:locale\" content=\"fr_FR\" \/>\n<meta property=\"og:type\" content=\"article\" \/>\n<meta property=\"og:title\" content=\"Conduit Reiku PA-RRB-48G PA12 30m | TrackCable\" \/>\n<meta property=\"og:description\" content=\"Le conduit Reiku PA-RRB-48G PA12 (30 m) offre une protection de c\u00e2ble solide et fiable pour des environnements exigeants.\" \/>\n<meta property=\"og:url\" content=\"https:\/\/trackcable.com\/fr\/produit\/pa-rrb-48g-30-metres-profil-large-pa12\/\" \/>\n<meta property=\"og:site_name\" content=\"trackcable.com\" \/>\n<meta property=\"article:modified_time\" content=\"2026-03-26T12:38:46+00:00\" \/>\n<meta property=\"og:image\" content=\"https:\/\/trackcable.com\/wp-content\/uploads\/2026\/02\/Reiku-PA-RRB-29G.jpg\" \/>\n\t<meta property=\"og:image:width\" content=\"300\" \/>\n\t<meta property=\"og:image:height\" content=\"199\" \/>\n\t<meta property=\"og:image:type\" content=\"image\/jpeg\" \/>\n<meta name=\"twitter:card\" content=\"summary_large_image\" \/>\n<meta name=\"twitter:label1\" content=\"Dur\u00e9e de lecture estim\u00e9e\" \/>\n\t<meta name=\"twitter:data1\" content=\"1 minute\" \/>\n<script type=\"application\/ld+json\" class=\"yoast-schema-graph\">{\"@context\":\"https:\\\/\\\/schema.org\",\"@graph\":[{\"@type\":\"WebPage\",\"@id\":\"https:\\\/\\\/trackcable.com\\\/fr\\\/produit\\\/pa-rrb-48g-30-metres-profil-large-pa12\\\/\",\"url\":\"https:\\\/\\\/trackcable.com\\\/fr\\\/produit\\\/pa-rrb-48g-30-metres-profil-large-pa12\\\/\",\"name\":\"Conduit Reiku PA-RRB-48G PA12 30m | TrackCable\",\"isPartOf\":{\"@id\":\"https:\\\/\\\/trackcable.com\\\/fr\\\/#website\"},\"primaryImageOfPage\":{\"@id\":\"https:\\\/\\\/trackcable.com\\\/fr\\\/produit\\\/pa-rrb-48g-30-metres-profil-large-pa12\\\/#primaryimage\"},\"image\":{\"@id\":\"https:\\\/\\\/trackcable.com\\\/fr\\\/produit\\\/pa-rrb-48g-30-metres-profil-large-pa12\\\/#primaryimage\"},\"thumbnailUrl\":\"https:\\\/\\\/trackcable.com\\\/wp-content\\\/uploads\\\/2026\\\/02\\\/Reiku-PA-RRB-29G.jpg\",\"datePublished\":\"2026-02-20T08:46:19+00:00\",\"dateModified\":\"2026-03-26T12:38:46+00:00\",\"description\":\"Le conduit Reiku PA-RRB-48G PA12 (30 m) offre une protection de c\u00e2ble solide et fiable pour des environnements exigeants.\",\"breadcrumb\":{\"@id\":\"https:\\\/\\\/trackcable.com\\\/fr\\\/produit\\\/pa-rrb-48g-30-metres-profil-large-pa12\\\/#breadcrumb\"},\"inLanguage\":\"fr-FR\",\"potentialAction\":[{\"@type\":\"ReadAction\",\"target\":[\"https:\\\/\\\/trackcable.com\\\/fr\\\/produit\\\/pa-rrb-48g-30-metres-profil-large-pa12\\\/\"]}]},{\"@type\":\"ImageObject\",\"inLanguage\":\"fr-FR\",\"@id\":\"https:\\\/\\\/trackcable.com\\\/fr\\\/produit\\\/pa-rrb-48g-30-metres-profil-large-pa12\\\/#primaryimage\",\"url\":\"https:\\\/\\\/trackcable.com\\\/wp-content\\\/uploads\\\/2026\\\/02\\\/Reiku-PA-RRB-29G.jpg\",\"contentUrl\":\"https:\\\/\\\/trackcable.com\\\/wp-content\\\/uploads\\\/2026\\\/02\\\/Reiku-PA-RRB-29G.jpg\",\"width\":300,\"height\":199,\"caption\":\"Gros plan du PA-RRB-29G, un tuyau PA12 noir ondul\u00e9 de 50 m\u00e8tres avec un profil large, montr\u00e9 en angle sur un fond blanc.\"},{\"@type\":\"BreadcrumbList\",\"@id\":\"https:\\\/\\\/trackcable.com\\\/fr\\\/produit\\\/pa-rrb-48g-30-metres-profil-large-pa12\\\/#breadcrumb\",\"itemListElement\":[{\"@type\":\"ListItem\",\"position\":1,\"name\":\"Accueil\",\"item\":\"https:\\\/\\\/trackcable.com\\\/fr\\\/accueil\\\/\"},{\"@type\":\"ListItem\",\"position\":2,\"name\":\"Boutique\",\"item\":\"https:\\\/\\\/trackcable.com\\\/fr\\\/boutique\\\/\"},{\"@type\":\"ListItem\",\"position\":3,\"name\":\"PA-RRB-48G | 30 m\u00e8tres | Profil large | PA12\"}]},{\"@type\":\"WebSite\",\"@id\":\"https:\\\/\\\/trackcable.com\\\/fr\\\/#website\",\"url\":\"https:\\\/\\\/trackcable.com\\\/fr\\\/\",\"name\":\"trackcable.com\",\"description\":\"Precision in cable management\",\"publisher\":{\"@id\":\"https:\\\/\\\/trackcable.com\\\/fr\\\/#organization\"},\"potentialAction\":[{\"@type\":\"SearchAction\",\"target\":{\"@type\":\"EntryPoint\",\"urlTemplate\":\"https:\\\/\\\/trackcable.com\\\/fr\\\/?s={search_term_string}\"},\"query-input\":{\"@type\":\"PropertyValueSpecification\",\"valueRequired\":true,\"valueName\":\"search_term_string\"}}],\"inLanguage\":\"fr-FR\"},{\"@type\":\"Organization\",\"@id\":\"https:\\\/\\\/trackcable.com\\\/fr\\\/#organization\",\"name\":\"TrackCable | Precision in industrial cable management\",\"url\":\"https:\\\/\\\/trackcable.com\\\/fr\\\/\",\"logo\":{\"@type\":\"ImageObject\",\"inLanguage\":\"fr-FR\",\"@id\":\"https:\\\/\\\/trackcable.com\\\/fr\\\/#\\\/schema\\\/logo\\\/image\\\/\",\"url\":\"https:\\\/\\\/trackcable.com\\\/wp-content\\\/uploads\\\/2026\\\/02\\\/TrackCable.jpg\",\"contentUrl\":\"https:\\\/\\\/trackcable.com\\\/wp-content\\\/uploads\\\/2026\\\/02\\\/TrackCable.jpg\",\"width\":600,\"height\":300,\"caption\":\"TrackCable | Precision in industrial cable management\"},\"image\":{\"@id\":\"https:\\\/\\\/trackcable.com\\\/fr\\\/#\\\/schema\\\/logo\\\/image\\\/\"}}]}<\/script>\n<!-- \/ Yoast SEO plugin. -->","yoast_head_json":{"title":"Conduit Reiku PA-RRB-48G PA12 30m | TrackCable","description":"Le conduit Reiku PA-RRB-48G PA12 (30 m) offre une protection de c\u00e2ble solide et fiable pour des environnements exigeants.","robots":{"index":"index","follow":"follow","max-snippet":"max-snippet:-1","max-image-preview":"max-image-preview:large","max-video-preview":"max-video-preview:-1"},"canonical":"https:\/\/trackcable.com\/fr\/produit\/pa-rrb-48g-30-metres-profil-large-pa12\/","og_locale":"fr_FR","og_type":"article","og_title":"Conduit Reiku PA-RRB-48G PA12 30m | TrackCable","og_description":"Le conduit Reiku PA-RRB-48G PA12 (30 m) offre une protection de c\u00e2ble solide et fiable pour des environnements exigeants.","og_url":"https:\/\/trackcable.com\/fr\/produit\/pa-rrb-48g-30-metres-profil-large-pa12\/","og_site_name":"trackcable.com","article_modified_time":"2026-03-26T12:38:46+00:00","og_image":[{"width":300,"height":199,"url":"https:\/\/trackcable.com\/wp-content\/uploads\/2026\/02\/Reiku-PA-RRB-29G.jpg","type":"image\/jpeg"}],"twitter_card":"summary_large_image","twitter_misc":{"Dur\u00e9e de lecture estim\u00e9e":"1 minute"},"schema":{"@context":"https:\/\/schema.org","@graph":[{"@type":"WebPage","@id":"https:\/\/trackcable.com\/fr\/produit\/pa-rrb-48g-30-metres-profil-large-pa12\/","url":"https:\/\/trackcable.com\/fr\/produit\/pa-rrb-48g-30-metres-profil-large-pa12\/","name":"Conduit Reiku PA-RRB-48G PA12 30m | TrackCable","isPartOf":{"@id":"https:\/\/trackcable.com\/fr\/#website"},"primaryImageOfPage":{"@id":"https:\/\/trackcable.com\/fr\/produit\/pa-rrb-48g-30-metres-profil-large-pa12\/#primaryimage"},"image":{"@id":"https:\/\/trackcable.com\/fr\/produit\/pa-rrb-48g-30-metres-profil-large-pa12\/#primaryimage"},"thumbnailUrl":"https:\/\/trackcable.com\/wp-content\/uploads\/2026\/02\/Reiku-PA-RRB-29G.jpg","datePublished":"2026-02-20T08:46:19+00:00","dateModified":"2026-03-26T12:38:46+00:00","description":"Le conduit Reiku PA-RRB-48G PA12 (30 m) offre une protection de c\u00e2ble solide et fiable pour des environnements exigeants.","breadcrumb":{"@id":"https:\/\/trackcable.com\/fr\/produit\/pa-rrb-48g-30-metres-profil-large-pa12\/#breadcrumb"},"inLanguage":"fr-FR","potentialAction":[{"@type":"ReadAction","target":["https:\/\/trackcable.com\/fr\/produit\/pa-rrb-48g-30-metres-profil-large-pa12\/"]}]},{"@type":"ImageObject","inLanguage":"fr-FR","@id":"https:\/\/trackcable.com\/fr\/produit\/pa-rrb-48g-30-metres-profil-large-pa12\/#primaryimage","url":"https:\/\/trackcable.com\/wp-content\/uploads\/2026\/02\/Reiku-PA-RRB-29G.jpg","contentUrl":"https:\/\/trackcable.com\/wp-content\/uploads\/2026\/02\/Reiku-PA-RRB-29G.jpg","width":300,"height":199,"caption":"Gros plan du PA-RRB-29G, un tuyau PA12 noir ondul\u00e9 de 50 m\u00e8tres avec un profil large, montr\u00e9 en angle sur un fond blanc."},{"@type":"BreadcrumbList","@id":"https:\/\/trackcable.com\/fr\/produit\/pa-rrb-48g-30-metres-profil-large-pa12\/#breadcrumb","itemListElement":[{"@type":"ListItem","position":1,"name":"Accueil","item":"https:\/\/trackcable.com\/fr\/accueil\/"},{"@type":"ListItem","position":2,"name":"Boutique","item":"https:\/\/trackcable.com\/fr\/boutique\/"},{"@type":"ListItem","position":3,"name":"PA-RRB-48G | 30 m\u00e8tres | Profil large | PA12"}]},{"@type":"WebSite","@id":"https:\/\/trackcable.com\/fr\/#website","url":"https:\/\/trackcable.com\/fr\/","name":"trackcable.com","description":"Precision in cable management","publisher":{"@id":"https:\/\/trackcable.com\/fr\/#organization"},"potentialAction":[{"@type":"SearchAction","target":{"@type":"EntryPoint","urlTemplate":"https:\/\/trackcable.com\/fr\/?s={search_term_string}"},"query-input":{"@type":"PropertyValueSpecification","valueRequired":true,"valueName":"search_term_string"}}],"inLanguage":"fr-FR"},{"@type":"Organization","@id":"https:\/\/trackcable.com\/fr\/#organization","name":"TrackCable | Precision in industrial cable management","url":"https:\/\/trackcable.com\/fr\/","logo":{"@type":"ImageObject","inLanguage":"fr-FR","@id":"https:\/\/trackcable.com\/fr\/#\/schema\/logo\/image\/","url":"https:\/\/trackcable.com\/wp-content\/uploads\/2026\/02\/TrackCable.jpg","contentUrl":"https:\/\/trackcable.com\/wp-content\/uploads\/2026\/02\/TrackCable.jpg","width":600,"height":300,"caption":"TrackCable | Precision in industrial cable management"},"image":{"@id":"https:\/\/trackcable.com\/fr\/#\/schema\/logo\/image\/"}}]}},"_links":{"self":[{"href":"https:\/\/trackcable.com\/fr\/wp-json\/wp\/v2\/product\/8283","targetHints":{"allow":["GET"]}}],"collection":[{"href":"https:\/\/trackcable.com\/fr\/wp-json\/wp\/v2\/product"}],"about":[{"href":"https:\/\/trackcable.com\/fr\/wp-json\/wp\/v2\/types\/product"}],"replies":[{"embeddable":true,"href":"https:\/\/trackcable.com\/fr\/wp-json\/wp\/v2\/comments?post=8283"}],"version-history":[{"count":1,"href":"https:\/\/trackcable.com\/fr\/wp-json\/wp\/v2\/product\/8283\/revisions"}],"predecessor-version":[{"id":12942,"href":"https:\/\/trackcable.com\/fr\/wp-json\/wp\/v2\/product\/8283\/revisions\/12942"}],"wp:featuredmedia":[{"embeddable":true,"href":"https:\/\/trackcable.com\/fr\/wp-json\/wp\/v2\/media\/8285"}],"wp:attachment":[{"href":"https:\/\/trackcable.com\/fr\/wp-json\/wp\/v2\/media?parent=8283"}],"wp:term":[{"taxonomy":"brand","embeddable":true,"href":"https:\/\/trackcable.com\/fr\/wp-json\/wp\/v2\/etheme_brands?post=8283"},{"taxonomy":"product_brand","embeddable":true,"href":"https:\/\/trackcable.com\/fr\/wp-json\/wp\/v2\/product_brand?post=8283"},{"taxonomy":"product_cat","embeddable":true,"href":"https:\/\/trackcable.com\/fr\/wp-json\/wp\/v2\/product_cat?post=8283"},{"taxonomy":"product_tag","embeddable":true,"href":"https:\/\/trackcable.com\/fr\/wp-json\/wp\/v2\/product_tag?post=8283"}],"curies":[{"name":"wp","href":"https:\/\/api.w.org\/{rel}","templated":true}]}}