{"id":8549,"date":"2026-02-17T08:07:13","date_gmt":"2026-02-17T08:07:13","guid":{"rendered":"https:\/\/trackcable.com\/product\/ua1250-020-050\/"},"modified":"2026-03-26T13:58:10","modified_gmt":"2026-03-26T13:58:10","slug":"ua1250-020-050","status":"publish","type":"product","link":"https:\/\/trackcable.com\/fr\/produit\/ua1250-020-050\/","title":{"rendered":"UA1250-020-050"},"content":{"rendered":"<a target=\"_blank\" class=\"btn  small\" href=\"https:\/\/tsubaki-kabelschlepp.com\/uploads\/tx_tkg17pim\/documents\/pdf\/UNIFLEX-Advanced-series_EN_Y25W49_01.pdf\"><span> Documentation<\/span><\/a>\n<p>&nbsp;<\/p>\n<p data-start=\"0\" data-end=\"402\"><strong data-start=\"0\" data-end=\"50\">La TSUBAKI KABELSCHLEPP Uniflex Advanced 1250<\/strong> est une cha\u00eene porte-c\u00e2bles compacte et fiable, con\u00e7ue pour une gestion efficace des c\u00e2bles dans les applications dynamiques o\u00f9 la durabilit\u00e9 et le bon fonctionnement sont essentiels. Faisant partie de la s\u00e9rie Uniflex Advanced de <span class=\"hover:entity-accent entity-underline inline cursor-pointer align-baseline\"><span class=\"whitespace-normal\">TSUBAKI KABELSCHLEPP<\/span><\/span>, cette cha\u00eene offre une protection fiable pour les c\u00e2bles et les tuyaux dans les machines automatis\u00e9es et les \u00e9quipements industriels. <\/p>\n<p data-start=\"404\" data-end=\"786\">Avec une largeur <strong data-start=\"427\" data-end=\"436\">int\u00e9rieure de 50 mm<\/strong> et une hauteur int\u00e9rieure <strong data-start=\"460\" data-end=\"471\">de 17,5 mm<\/strong>, l\u2019Uniflex Advanced 1250 est id\u00e9al pour les bo\u00eetiers de c\u00e2bles petits \u00e0 moyens n\u00e9cessitant un guidage constant et une longue dur\u00e9e de service. La conception ferm\u00e9e maintient les c\u00e2bles solidement en place et <strong data-start=\"657\" data-end=\"673\">n\u2019est pas ouvrible<\/strong>, offrant une construction robuste qui fonctionne bien dans des environnements o\u00f9 un acc\u00e8s fr\u00e9quent aux c\u00e2bles n\u2019est pas n\u00e9cessaire. <\/p>\n<p data-start=\"788\" data-end=\"1061\">Pour soutenir la conception de machines flexibles, l\u2019Uniflex Advanced 1250 est disponible en plusieurs rayons de flexion \u2014 <strong data-start=\"891\" data-end=\"940\">28 mm, 38 mm, 45 mm, 60 mm, 75 mm et 100<\/strong> mm \u2014 permettant aux ing\u00e9nieurs de choisir la configuration optimale tout en assurant une protection ad\u00e9quate des c\u00e2bles et un minimum de contrainte de courbure.<\/p>\n<h3 data-start=\"1063\" data-end=\"1089\">\u00c0 propos d\u2019Uniflex Advanced<\/h3>\n<p data-start=\"1090\" data-end=\"1331\">La s\u00e9rie <strong data-start=\"1094\" data-end=\"1114\">Uniflex Advanced<\/strong> est reconnue pour sa construction robuste et ferm\u00e9e ainsi que pour ses caract\u00e9ristiques de fonctionnement fluide. Il est con\u00e7u pour de longs parcours, une protection fiable des c\u00e2bles et un entretien faible dans des environnements industriels exigeants. <\/p>\n<h3 data-start=\"1333\" data-end=\"1349\">Caract\u00e9ristiques cl\u00e9s<\/h3>\n<ul data-start=\"1351\" data-end=\"1636\">\n<li data-start=\"1351\" data-end=\"1424\">\n<p data-start=\"1353\" data-end=\"1424\">Conception ferm\u00e9e robuste (<strong data-start=\"1377\" data-end=\"1393\">non ouvrible<\/strong>) pour une protection s\u00e9curis\u00e9e des c\u00e2bles<\/p>\n<\/li>\n<li data-start=\"1425\" data-end=\"1474\">\n<p data-start=\"1427\" data-end=\"1474\">Dimensions int\u00e9rieures : <strong data-start=\"1445\" data-end=\"1472\">50 mm (L) \u00d7 17,5 mm (H)<\/strong><\/p>\n<\/li>\n<li data-start=\"1475\" data-end=\"1534\">\n<p data-start=\"1477\" data-end=\"1534\">Rayons de courbure disponibles : 28, 38, 45, 60, 75 et 100 mm<\/p>\n<\/li>\n<li data-start=\"1535\" data-end=\"1589\">\n<p data-start=\"1537\" data-end=\"1589\">Fonctionnement fluide et \u00e0 faible usure dans les applications dynamiques<\/p>\n<\/li>\n<li data-start=\"1590\" data-end=\"1636\">\n<p data-start=\"1592\" data-end=\"1636\">Construction durable pour une longue dur\u00e9e de vie<\/p>\n<\/li>\n<\/ul>\n<p data-start=\"1638\" data-end=\"1866\" data-is-last-node=\"\" data-is-only-node=\"\">L\u2019<strong data-start=\"1642\" data-end=\"1667\">Uniflex Advanced 1250<\/strong> est un excellent choix pour les ing\u00e9nieurs et les constructeurs de machines recherchant une cha\u00eene porte-c\u00e2bles fiable et compacte qui combine robustesse, fiabilit\u00e9 et performances constantes dans les syst\u00e8mes d\u2019automatisation exigeants.<\/p>\n","protected":false},"excerpt":{"rendered":"<div style=\"font-size: 12.5px; line-height: 1.2; margin-top: 6px;\">\n<div style=\"display: flex; justify-content: space-between; padding: 2px 0;\"><span style=\"color: #666;\">Largeur<\/span><br \/>\n int\u00e9rieure<strong>50 mm<\/strong><\/div>\n<div style=\"display: flex; justify-content: space-between; padding: 2px 0;\">Hauteur<br \/>\n <span style=\"color: #666;\">int\u00e9rieure<\/span><strong>17,5 mm<\/strong><\/div>\n<div style=\"display: flex; justify-content: space-between; padding: 2px 0;\"><span style=\"color: #666;\">Terrain<\/span><br \/>\n<strong>25 mm<\/strong><\/div>\n<div style=\"display: flex; justify-content: space-between; padding: 2px 0;\">Rayon<br \/>\n <span style=\"color: #666;\">de courbure<\/span><strong>28\/38\/48\/60\/75\/100 mm<\/strong><\/div>\n<div style=\"display: flex; justify-content: space-between; padding: 2px 0;\"><span style=\"color: #666;\">Ouverture<\/span><br \/>\n<strong>Ferm\u00e9<\/strong><\/div>\n<\/div>\n","protected":false},"featured_media":12479,"comment_status":"open","ping_status":"closed","template":"","meta":[],"etheme_brands":[{"term_id":702,"name":"Tsubaki Kabelschlepp","slug":"tsubaki-kabelschlepp","term_group":0,"term_taxonomy_id":702,"taxonomy":"brand","description":"Tsubaki Kabelschlepp est un fournisseur mondialement reconnu de syst\u00e8mes de cha\u00eenes porte-c\u00e2bles et de guidage, offrant des solutions robustes et con\u00e7ues avec pr\u00e9cision pour guider et prot\u00e9ger les c\u00e2bles dans des applications industrielles dynamiques.","parent":0,"count":192,"filter":"raw"}],"product_brand":[],"product_cat":[309,402],"product_tag":[579],"class_list":{"0":"post-8549","1":"product","2":"type-product","3":"status-publish","4":"has-post-thumbnail","6":"brand-tsubaki-kabelschlepp","7":"product_cat-chaines-porte-cables-en-plastique","8":"product_cat-serie-uniflex-advanced","9":"product_tag-par-metre","11":"first","12":"instock","13":"taxable","14":"shipping-taxable","15":"purchasable","16":"product-type-variable"},"yoast_head":"<!-- This site is optimized with the Yoast SEO plugin v27.3 - https:\/\/yoast.com\/product\/yoast-seo-wordpress\/ -->\n<title>Tsubaki Kabelschlepp UA1250-020-050 cha\u00eene porte-c\u00e2bles | TrackCable<\/title>\n<meta name=\"description\" content=\"Achetez la cha\u00eenes porte-c\u00e2ble Tsubaki Kabelschlepp UA1250-020-050 pour une gestion fiable des c\u00e2bles dans les applications industrielles. Livraison rapide disponible.\" \/>\n<meta name=\"robots\" content=\"index, follow, max-snippet:-1, max-image-preview:large, max-video-preview:-1\" \/>\n<link rel=\"canonical\" href=\"https:\/\/trackcable.com\/fr\/produit\/ua1250-020-050\/\" \/>\n<meta property=\"og:locale\" content=\"fr_FR\" \/>\n<meta property=\"og:type\" content=\"article\" \/>\n<meta property=\"og:title\" content=\"Tsubaki Kabelschlepp UA1250-020-050 cha\u00eene porte-c\u00e2bles | TrackCable\" \/>\n<meta property=\"og:description\" content=\"Achetez la cha\u00eenes porte-c\u00e2ble Tsubaki Kabelschlepp UA1250-020-050 pour une gestion fiable des c\u00e2bles dans les applications industrielles. Livraison rapide disponible.\" \/>\n<meta property=\"og:url\" content=\"https:\/\/trackcable.com\/fr\/produit\/ua1250-020-050\/\" \/>\n<meta property=\"og:site_name\" content=\"trackcable.com\" \/>\n<meta property=\"article:modified_time\" content=\"2026-03-26T13:58:10+00:00\" \/>\n<meta property=\"og:image\" content=\"https:\/\/trackcable.com\/wp-content\/uploads\/2026\/02\/UA1250-020.jpg\" \/>\n\t<meta property=\"og:image:width\" content=\"300\" \/>\n\t<meta property=\"og:image:height\" content=\"199\" \/>\n\t<meta property=\"og:image:type\" content=\"image\/jpeg\" \/>\n<meta name=\"twitter:card\" content=\"summary_large_image\" \/>\n<meta name=\"twitter:label1\" content=\"Dur\u00e9e de lecture estim\u00e9e\" \/>\n\t<meta name=\"twitter:data1\" content=\"2 minutes\" \/>\n<script type=\"application\/ld+json\" class=\"yoast-schema-graph\">{\"@context\":\"https:\\\/\\\/schema.org\",\"@graph\":[{\"@type\":\"WebPage\",\"@id\":\"https:\\\/\\\/trackcable.com\\\/fr\\\/produit\\\/ua1250-020-050\\\/\",\"url\":\"https:\\\/\\\/trackcable.com\\\/fr\\\/produit\\\/ua1250-020-050\\\/\",\"name\":\"Tsubaki Kabelschlepp UA1250-020-050 cha\u00eene porte-c\u00e2bles | TrackCable\",\"isPartOf\":{\"@id\":\"https:\\\/\\\/trackcable.com\\\/fr\\\/#website\"},\"primaryImageOfPage\":{\"@id\":\"https:\\\/\\\/trackcable.com\\\/fr\\\/produit\\\/ua1250-020-050\\\/#primaryimage\"},\"image\":{\"@id\":\"https:\\\/\\\/trackcable.com\\\/fr\\\/produit\\\/ua1250-020-050\\\/#primaryimage\"},\"thumbnailUrl\":\"https:\\\/\\\/trackcable.com\\\/wp-content\\\/uploads\\\/2026\\\/02\\\/UA1250-020.jpg\",\"datePublished\":\"2026-02-17T08:07:13+00:00\",\"dateModified\":\"2026-03-26T13:58:10+00:00\",\"description\":\"Achetez la cha\u00eenes porte-c\u00e2ble Tsubaki Kabelschlepp UA1250-020-050 pour une gestion fiable des c\u00e2bles dans les applications industrielles. Livraison rapide disponible.\",\"breadcrumb\":{\"@id\":\"https:\\\/\\\/trackcable.com\\\/fr\\\/produit\\\/ua1250-020-050\\\/#breadcrumb\"},\"inLanguage\":\"fr-FR\",\"potentialAction\":[{\"@type\":\"ReadAction\",\"target\":[\"https:\\\/\\\/trackcable.com\\\/fr\\\/produit\\\/ua1250-020-050\\\/\"]}]},{\"@type\":\"ImageObject\",\"inLanguage\":\"fr-FR\",\"@id\":\"https:\\\/\\\/trackcable.com\\\/fr\\\/produit\\\/ua1250-020-050\\\/#primaryimage\",\"url\":\"https:\\\/\\\/trackcable.com\\\/wp-content\\\/uploads\\\/2026\\\/02\\\/UA1250-020.jpg\",\"contentUrl\":\"https:\\\/\\\/trackcable.com\\\/wp-content\\\/uploads\\\/2026\\\/02\\\/UA1250-020.jpg\",\"width\":300,\"height\":199,\"caption\":\"Un gros plan de l\u2019UA1250-020-030, une cha\u00eenes porte-c\u00e2ble en plastique noir avec une section incurv\u00e9e, con\u00e7ue pour guider et prot\u00e9ger les c\u00e2bles ou tuyaux mobiles dans les machines.\"},{\"@type\":\"BreadcrumbList\",\"@id\":\"https:\\\/\\\/trackcable.com\\\/fr\\\/produit\\\/ua1250-020-050\\\/#breadcrumb\",\"itemListElement\":[{\"@type\":\"ListItem\",\"position\":1,\"name\":\"Accueil\",\"item\":\"https:\\\/\\\/trackcable.com\\\/fr\\\/accueil\\\/\"},{\"@type\":\"ListItem\",\"position\":2,\"name\":\"Boutique\",\"item\":\"https:\\\/\\\/trackcable.com\\\/fr\\\/boutique\\\/\"},{\"@type\":\"ListItem\",\"position\":3,\"name\":\"UA1250-020-050\"}]},{\"@type\":\"WebSite\",\"@id\":\"https:\\\/\\\/trackcable.com\\\/fr\\\/#website\",\"url\":\"https:\\\/\\\/trackcable.com\\\/fr\\\/\",\"name\":\"trackcable.com\",\"description\":\"Precision in cable management\",\"publisher\":{\"@id\":\"https:\\\/\\\/trackcable.com\\\/fr\\\/#organization\"},\"potentialAction\":[{\"@type\":\"SearchAction\",\"target\":{\"@type\":\"EntryPoint\",\"urlTemplate\":\"https:\\\/\\\/trackcable.com\\\/fr\\\/?s={search_term_string}\"},\"query-input\":{\"@type\":\"PropertyValueSpecification\",\"valueRequired\":true,\"valueName\":\"search_term_string\"}}],\"inLanguage\":\"fr-FR\"},{\"@type\":\"Organization\",\"@id\":\"https:\\\/\\\/trackcable.com\\\/fr\\\/#organization\",\"name\":\"TrackCable | Precision in industrial cable management\",\"url\":\"https:\\\/\\\/trackcable.com\\\/fr\\\/\",\"logo\":{\"@type\":\"ImageObject\",\"inLanguage\":\"fr-FR\",\"@id\":\"https:\\\/\\\/trackcable.com\\\/fr\\\/#\\\/schema\\\/logo\\\/image\\\/\",\"url\":\"https:\\\/\\\/trackcable.com\\\/wp-content\\\/uploads\\\/2026\\\/02\\\/TrackCable.jpg\",\"contentUrl\":\"https:\\\/\\\/trackcable.com\\\/wp-content\\\/uploads\\\/2026\\\/02\\\/TrackCable.jpg\",\"width\":600,\"height\":300,\"caption\":\"TrackCable | Precision in industrial cable management\"},\"image\":{\"@id\":\"https:\\\/\\\/trackcable.com\\\/fr\\\/#\\\/schema\\\/logo\\\/image\\\/\"}}]}<\/script>\n<!-- \/ Yoast SEO plugin. -->","yoast_head_json":{"title":"Tsubaki Kabelschlepp UA1250-020-050 cha\u00eene porte-c\u00e2bles | TrackCable","description":"Achetez la cha\u00eenes porte-c\u00e2ble Tsubaki Kabelschlepp UA1250-020-050 pour une gestion fiable des c\u00e2bles dans les applications industrielles. Livraison rapide disponible.","robots":{"index":"index","follow":"follow","max-snippet":"max-snippet:-1","max-image-preview":"max-image-preview:large","max-video-preview":"max-video-preview:-1"},"canonical":"https:\/\/trackcable.com\/fr\/produit\/ua1250-020-050\/","og_locale":"fr_FR","og_type":"article","og_title":"Tsubaki Kabelschlepp UA1250-020-050 cha\u00eene porte-c\u00e2bles | TrackCable","og_description":"Achetez la cha\u00eenes porte-c\u00e2ble Tsubaki Kabelschlepp UA1250-020-050 pour une gestion fiable des c\u00e2bles dans les applications industrielles. Livraison rapide disponible.","og_url":"https:\/\/trackcable.com\/fr\/produit\/ua1250-020-050\/","og_site_name":"trackcable.com","article_modified_time":"2026-03-26T13:58:10+00:00","og_image":[{"width":300,"height":199,"url":"https:\/\/trackcable.com\/wp-content\/uploads\/2026\/02\/UA1250-020.jpg","type":"image\/jpeg"}],"twitter_card":"summary_large_image","twitter_misc":{"Dur\u00e9e de lecture estim\u00e9e":"2 minutes"},"schema":{"@context":"https:\/\/schema.org","@graph":[{"@type":"WebPage","@id":"https:\/\/trackcable.com\/fr\/produit\/ua1250-020-050\/","url":"https:\/\/trackcable.com\/fr\/produit\/ua1250-020-050\/","name":"Tsubaki Kabelschlepp UA1250-020-050 cha\u00eene porte-c\u00e2bles | TrackCable","isPartOf":{"@id":"https:\/\/trackcable.com\/fr\/#website"},"primaryImageOfPage":{"@id":"https:\/\/trackcable.com\/fr\/produit\/ua1250-020-050\/#primaryimage"},"image":{"@id":"https:\/\/trackcable.com\/fr\/produit\/ua1250-020-050\/#primaryimage"},"thumbnailUrl":"https:\/\/trackcable.com\/wp-content\/uploads\/2026\/02\/UA1250-020.jpg","datePublished":"2026-02-17T08:07:13+00:00","dateModified":"2026-03-26T13:58:10+00:00","description":"Achetez la cha\u00eenes porte-c\u00e2ble Tsubaki Kabelschlepp UA1250-020-050 pour une gestion fiable des c\u00e2bles dans les applications industrielles. Livraison rapide disponible.","breadcrumb":{"@id":"https:\/\/trackcable.com\/fr\/produit\/ua1250-020-050\/#breadcrumb"},"inLanguage":"fr-FR","potentialAction":[{"@type":"ReadAction","target":["https:\/\/trackcable.com\/fr\/produit\/ua1250-020-050\/"]}]},{"@type":"ImageObject","inLanguage":"fr-FR","@id":"https:\/\/trackcable.com\/fr\/produit\/ua1250-020-050\/#primaryimage","url":"https:\/\/trackcable.com\/wp-content\/uploads\/2026\/02\/UA1250-020.jpg","contentUrl":"https:\/\/trackcable.com\/wp-content\/uploads\/2026\/02\/UA1250-020.jpg","width":300,"height":199,"caption":"Un gros plan de l\u2019UA1250-020-030, une cha\u00eenes porte-c\u00e2ble en plastique noir avec une section incurv\u00e9e, con\u00e7ue pour guider et prot\u00e9ger les c\u00e2bles ou tuyaux mobiles dans les machines."},{"@type":"BreadcrumbList","@id":"https:\/\/trackcable.com\/fr\/produit\/ua1250-020-050\/#breadcrumb","itemListElement":[{"@type":"ListItem","position":1,"name":"Accueil","item":"https:\/\/trackcable.com\/fr\/accueil\/"},{"@type":"ListItem","position":2,"name":"Boutique","item":"https:\/\/trackcable.com\/fr\/boutique\/"},{"@type":"ListItem","position":3,"name":"UA1250-020-050"}]},{"@type":"WebSite","@id":"https:\/\/trackcable.com\/fr\/#website","url":"https:\/\/trackcable.com\/fr\/","name":"trackcable.com","description":"Precision in cable management","publisher":{"@id":"https:\/\/trackcable.com\/fr\/#organization"},"potentialAction":[{"@type":"SearchAction","target":{"@type":"EntryPoint","urlTemplate":"https:\/\/trackcable.com\/fr\/?s={search_term_string}"},"query-input":{"@type":"PropertyValueSpecification","valueRequired":true,"valueName":"search_term_string"}}],"inLanguage":"fr-FR"},{"@type":"Organization","@id":"https:\/\/trackcable.com\/fr\/#organization","name":"TrackCable | Precision in industrial cable management","url":"https:\/\/trackcable.com\/fr\/","logo":{"@type":"ImageObject","inLanguage":"fr-FR","@id":"https:\/\/trackcable.com\/fr\/#\/schema\/logo\/image\/","url":"https:\/\/trackcable.com\/wp-content\/uploads\/2026\/02\/TrackCable.jpg","contentUrl":"https:\/\/trackcable.com\/wp-content\/uploads\/2026\/02\/TrackCable.jpg","width":600,"height":300,"caption":"TrackCable | Precision in industrial cable management"},"image":{"@id":"https:\/\/trackcable.com\/fr\/#\/schema\/logo\/image\/"}}]}},"_links":{"self":[{"href":"https:\/\/trackcable.com\/fr\/wp-json\/wp\/v2\/product\/8549","targetHints":{"allow":["GET"]}}],"collection":[{"href":"https:\/\/trackcable.com\/fr\/wp-json\/wp\/v2\/product"}],"about":[{"href":"https:\/\/trackcable.com\/fr\/wp-json\/wp\/v2\/types\/product"}],"replies":[{"embeddable":true,"href":"https:\/\/trackcable.com\/fr\/wp-json\/wp\/v2\/comments?post=8549"}],"version-history":[{"count":1,"href":"https:\/\/trackcable.com\/fr\/wp-json\/wp\/v2\/product\/8549\/revisions"}],"predecessor-version":[{"id":13424,"href":"https:\/\/trackcable.com\/fr\/wp-json\/wp\/v2\/product\/8549\/revisions\/13424"}],"wp:featuredmedia":[{"embeddable":true,"href":"https:\/\/trackcable.com\/fr\/wp-json\/wp\/v2\/media\/12479"}],"wp:attachment":[{"href":"https:\/\/trackcable.com\/fr\/wp-json\/wp\/v2\/media?parent=8549"}],"wp:term":[{"taxonomy":"brand","embeddable":true,"href":"https:\/\/trackcable.com\/fr\/wp-json\/wp\/v2\/etheme_brands?post=8549"},{"taxonomy":"product_brand","embeddable":true,"href":"https:\/\/trackcable.com\/fr\/wp-json\/wp\/v2\/product_brand?post=8549"},{"taxonomy":"product_cat","embeddable":true,"href":"https:\/\/trackcable.com\/fr\/wp-json\/wp\/v2\/product_cat?post=8549"},{"taxonomy":"product_tag","embeddable":true,"href":"https:\/\/trackcable.com\/fr\/wp-json\/wp\/v2\/product_tag?post=8549"}],"curies":[{"name":"wp","href":"https:\/\/api.w.org\/{rel}","templated":true}]}}