{"id":8673,"date":"2026-02-17T13:00:11","date_gmt":"2026-02-17T13:00:11","guid":{"rendered":"https:\/\/trackcable.com\/product\/kel-dpz-24-42-gris\/"},"modified":"2026-03-26T12:37:21","modified_gmt":"2026-03-26T12:37:21","slug":"kel-dpz-24-42-gris","status":"publish","type":"product","link":"https:\/\/trackcable.com\/fr\/produit\/kel-dpz-24-42-gris\/","title":{"rendered":"KEL-DPZ 24\/42 \u2013 Gris"},"content":{"rendered":"<h2 data-start=\"109\" data-end=\"135\"><a target=\"_blank\" class=\"btn  small\" href=\"https:\/\/www.icotek.com\/Produkte\/PG06%20Kabeldurchf%C3%BChrungen\/KEL-DPZ\/KEL-DPZ%2024\/Datenbl%C3%A4tter\/43715_KEL-DPZ-24-42_gy.PDF\"><span> Documentation<\/span><\/a><\/h2>\n<p>&nbsp;<\/p>\n<h2 data-start=\"72\" data-end=\"98\"><strong data-start=\"75\" data-end=\"98\">Description du produit<\/strong><\/h2>\n<p data-start=\"100\" data-end=\"452\">Ce cadre d\u2019entr\u00e9e de c\u00e2ble durable est con\u00e7u pour un passage s\u00e9curis\u00e9 et flexible dans les armoires de contr\u00f4le, les machines et les installations industrielles. Fabriqu\u00e9 en Allemagne et fabriqu\u00e9 \u00e0 partir de composants en \u00e9lastom\u00e8re, polyamide (PA) et acier inoxydable de haute qualit\u00e9, il offre une excellente r\u00e9sistance m\u00e9canique et une fiabilit\u00e9 \u00e0 long terme dans des environnements exigeants. <\/p>\n<p data-start=\"454\" data-end=\"707\">La conception polyvalente supporte plusieurs configurations d\u2019\u00e9tanch\u00e9it\u00e9, permettant des classifications de protection allant de IP54 \u00e0 IP66 selon les inserts utilis\u00e9s. Avec l\u2019installation par vis, le cadre assure un ajustement ferme et s\u00e9curis\u00e9 dans les bo\u00eetiers et panneaux \u00e9lectriques. <\/p>\n<p data-start=\"709\" data-end=\"847\">Adapt\u00e9 aux applications int\u00e9rieures et ext\u00e9rieures, ce cadre d\u2019entr\u00e9e de c\u00e2ble offre des performances fiables sur une large plage de temp\u00e9ratures.<\/p>\n<hr data-start=\"849\" data-end=\"852\">\n<h2 data-start=\"854\" data-end=\"875\"><strong data-start=\"857\" data-end=\"875\">Caract\u00e9ristiques techniques<\/strong><\/h2>\n<ul data-start=\"877\" data-end=\"1325\">\n<li data-start=\"877\" data-end=\"902\">\n<p data-start=\"879\" data-end=\"902\"><strong data-start=\"879\" data-end=\"891\">Code HS :<\/strong> 85472000<\/p>\n<\/li>\n<li data-start=\"903\" data-end=\"937\">\n<p data-start=\"905\" data-end=\"937\"><strong data-start=\"905\" data-end=\"927\">Pays d\u2019origine :<\/strong> Allemagne<\/p>\n<\/li>\n<li data-start=\"938\" data-end=\"999\">\n<p data-start=\"940\" data-end=\"999\"><strong data-start=\"940\" data-end=\"953\">Mat\u00e9riel :<\/strong> \u00c9lastom\u00e8re, polyamide (PA) \/ Acier inoxydable<\/p>\n<\/li>\n<li data-start=\"1000\" data-end=\"1019\">\n<p data-start=\"1002\" data-end=\"1019\"><strong data-start=\"1002\" data-end=\"1012\">Couleur :<\/strong> Grey<\/p>\n<\/li>\n<li data-start=\"1020\" data-end=\"1041\">\n<p data-start=\"1022\" data-end=\"1041\"><strong data-start=\"1022\" data-end=\"1033\">Hauteur :<\/strong> 58 mm<\/p>\n<\/li>\n<li data-start=\"1042\" data-end=\"1088\">\n<p data-start=\"1044\" data-end=\"1088\"><strong data-start=\"1044\" data-end=\"1074\">Taille de la d\u00e9coupe d\u2019installation :<\/strong> 36 \u00d7 112 mm<\/p>\n<\/li>\n<li data-start=\"1089\" data-end=\"1110\">\n<p data-start=\"1091\" data-end=\"1110\"><strong data-start=\"1091\" data-end=\"1101\">Largeur :<\/strong> 147 mm<\/p>\n<\/li>\n<li data-start=\"1111\" data-end=\"1131\">\n<p data-start=\"1113\" data-end=\"1131\"><strong data-start=\"1113\" data-end=\"1123\">Profondeur :<\/strong> 14 mm<\/p>\n<\/li>\n<li data-start=\"1132\" data-end=\"1220\">\n<p data-start=\"1134\" data-end=\"1220\"><strong data-start=\"1134\" data-end=\"1156\">Classification de protection :<\/strong> IP54 \/ IP55 \/ IP64 \/ IP65 \/ IP66 (selon la configuration)<\/p>\n<\/li>\n<li data-start=\"1221\" data-end=\"1263\">\n<p data-start=\"1223\" data-end=\"1263\"><strong data-start=\"1223\" data-end=\"1245\">Plage de temp\u00e9rature :<\/strong> -40\u00b0C \u00e0 +100\u00b0C<\/p>\n<\/li>\n<li data-start=\"1264\" data-end=\"1296\">\n<p data-start=\"1266\" data-end=\"1296\"><strong data-start=\"1266\" data-end=\"1279\">Montage :<\/strong> Montage par vis<\/p>\n<\/li>\n<li data-start=\"1297\" data-end=\"1325\">\n<p data-start=\"1299\" data-end=\"1325\"><strong data-start=\"1299\" data-end=\"1314\">Poids net :<\/strong> 0,095 kg<\/p>\n<\/li>\n<\/ul>\n","protected":false},"excerpt":{"rendered":"<p>&nbsp; Description du produit Ce cadre d\u2019entr\u00e9e de c\u00e2ble durable est con\u00e7u pour un passage s\u00e9curis\u00e9 et flexible dans les armoires de contr\u00f4le, les machines&#8230;<\/p>\n","protected":false},"featured_media":8674,"comment_status":"open","ping_status":"closed","template":"","meta":[],"etheme_brands":[{"term_id":696,"name":"Icotek","slug":"icotek","term_group":0,"term_taxonomy_id":696,"taxonomy":"brand","description":"Icotek est un fabricant leader de solutions innovantes de gestion et de passage de c\u00e2bles, sp\u00e9cialis\u00e9 dans des syst\u00e8mes modulaires permettant une installation rapide et une \u00e9tanch\u00e9it\u00e9 fiable pour des applications industrielles et \u00e9lectriques dans le monde entier.","parent":0,"count":125,"filter":"raw"}],"product_brand":[],"product_cat":[276],"product_tag":[],"class_list":{"0":"post-8673","1":"product","2":"type-product","3":"status-publish","4":"has-post-thumbnail","6":"brand-icotek","7":"product_cat-plaques-dentree-de-cables","9":"first","10":"instock","11":"sale","12":"taxable","13":"shipping-taxable","14":"purchasable","15":"product-type-simple"},"yoast_head":"<!-- This site is optimized with the Yoast SEO plugin v27.3 - https:\/\/yoast.com\/product\/yoast-seo-wordpress\/ -->\n<title>Plaque d\u2019entr\u00e9e de c\u00e2ble Icotek KEL-DPZ 24\/42 | TrackCable<\/title>\n<meta name=\"description\" content=\"Achetez une plaque d\u2019entr\u00e9e Icotek KEL-DPZ 24\/42 pour un routage efficace des c\u00e2bles et un \u00e9tanch\u00e9it\u00e9 dans les panneaux de contr\u00f4le. Livraison rapide disponible.\" \/>\n<meta name=\"robots\" content=\"index, follow, max-snippet:-1, max-image-preview:large, max-video-preview:-1\" \/>\n<link rel=\"canonical\" href=\"https:\/\/trackcable.com\/fr\/produit\/kel-dpz-24-42-gris\/\" \/>\n<meta property=\"og:locale\" content=\"fr_FR\" \/>\n<meta property=\"og:type\" content=\"article\" \/>\n<meta property=\"og:title\" content=\"Plaque d\u2019entr\u00e9e de c\u00e2ble Icotek KEL-DPZ 24\/42 | TrackCable\" \/>\n<meta property=\"og:description\" content=\"Achetez une plaque d\u2019entr\u00e9e Icotek KEL-DPZ 24\/42 pour un routage efficace des c\u00e2bles et un \u00e9tanch\u00e9it\u00e9 dans les panneaux de contr\u00f4le. Livraison rapide disponible.\" \/>\n<meta property=\"og:url\" content=\"https:\/\/trackcable.com\/fr\/produit\/kel-dpz-24-42-gris\/\" \/>\n<meta property=\"og:site_name\" content=\"trackcable.com\" \/>\n<meta property=\"article:modified_time\" content=\"2026-03-26T12:37:21+00:00\" \/>\n<meta property=\"og:image\" content=\"https:\/\/trackcable.com\/wp-content\/uploads\/2026\/02\/43715.jpg\" \/>\n\t<meta property=\"og:image:width\" content=\"300\" \/>\n\t<meta property=\"og:image:height\" content=\"199\" \/>\n\t<meta property=\"og:image:type\" content=\"image\/jpeg\" \/>\n<meta name=\"twitter:card\" content=\"summary_large_image\" \/>\n<meta name=\"twitter:label1\" content=\"Dur\u00e9e de lecture estim\u00e9e\" \/>\n\t<meta name=\"twitter:data1\" content=\"1 minute\" \/>\n<script type=\"application\/ld+json\" class=\"yoast-schema-graph\">{\"@context\":\"https:\\\/\\\/schema.org\",\"@graph\":[{\"@type\":\"WebPage\",\"@id\":\"https:\\\/\\\/trackcable.com\\\/fr\\\/produit\\\/kel-dpz-24-42-gris\\\/\",\"url\":\"https:\\\/\\\/trackcable.com\\\/fr\\\/produit\\\/kel-dpz-24-42-gris\\\/\",\"name\":\"Plaque d\u2019entr\u00e9e de c\u00e2ble Icotek KEL-DPZ 24\\\/42 | TrackCable\",\"isPartOf\":{\"@id\":\"https:\\\/\\\/trackcable.com\\\/fr\\\/#website\"},\"primaryImageOfPage\":{\"@id\":\"https:\\\/\\\/trackcable.com\\\/fr\\\/produit\\\/kel-dpz-24-42-gris\\\/#primaryimage\"},\"image\":{\"@id\":\"https:\\\/\\\/trackcable.com\\\/fr\\\/produit\\\/kel-dpz-24-42-gris\\\/#primaryimage\"},\"thumbnailUrl\":\"https:\\\/\\\/trackcable.com\\\/wp-content\\\/uploads\\\/2026\\\/02\\\/43715.jpg\",\"datePublished\":\"2026-02-17T13:00:11+00:00\",\"dateModified\":\"2026-03-26T12:37:21+00:00\",\"description\":\"Achetez une plaque d\u2019entr\u00e9e Icotek KEL-DPZ 24\\\/42 pour un routage efficace des c\u00e2bles et un \u00e9tanch\u00e9it\u00e9 dans les panneaux de contr\u00f4le. Livraison rapide disponible.\",\"breadcrumb\":{\"@id\":\"https:\\\/\\\/trackcable.com\\\/fr\\\/produit\\\/kel-dpz-24-42-gris\\\/#breadcrumb\"},\"inLanguage\":\"fr-FR\",\"potentialAction\":[{\"@type\":\"ReadAction\",\"target\":[\"https:\\\/\\\/trackcable.com\\\/fr\\\/produit\\\/kel-dpz-24-42-gris\\\/\"]}]},{\"@type\":\"ImageObject\",\"inLanguage\":\"fr-FR\",\"@id\":\"https:\\\/\\\/trackcable.com\\\/fr\\\/produit\\\/kel-dpz-24-42-gris\\\/#primaryimage\",\"url\":\"https:\\\/\\\/trackcable.com\\\/wp-content\\\/uploads\\\/2026\\\/02\\\/43715.jpg\",\"contentUrl\":\"https:\\\/\\\/trackcable.com\\\/wp-content\\\/uploads\\\/2026\\\/02\\\/43715.jpg\",\"width\":300,\"height\":199,\"caption\":\"Le KEL-DPZ 24\\\/42 - Grey est un panneau m\u00e9tallique rectangulaire avec quatre trous de montage aux angles et cinq rang\u00e9es de trous circulaires centraux en grille, id\u00e9al pour la ventilation ou les applications de connecteurs.\"},{\"@type\":\"BreadcrumbList\",\"@id\":\"https:\\\/\\\/trackcable.com\\\/fr\\\/produit\\\/kel-dpz-24-42-gris\\\/#breadcrumb\",\"itemListElement\":[{\"@type\":\"ListItem\",\"position\":1,\"name\":\"Accueil\",\"item\":\"https:\\\/\\\/trackcable.com\\\/fr\\\/accueil\\\/\"},{\"@type\":\"ListItem\",\"position\":2,\"name\":\"Boutique\",\"item\":\"https:\\\/\\\/trackcable.com\\\/fr\\\/boutique\\\/\"},{\"@type\":\"ListItem\",\"position\":3,\"name\":\"KEL-DPZ 24\\\/42 \u2013 Gris\"}]},{\"@type\":\"WebSite\",\"@id\":\"https:\\\/\\\/trackcable.com\\\/fr\\\/#website\",\"url\":\"https:\\\/\\\/trackcable.com\\\/fr\\\/\",\"name\":\"trackcable.com\",\"description\":\"Precision in cable management\",\"publisher\":{\"@id\":\"https:\\\/\\\/trackcable.com\\\/fr\\\/#organization\"},\"potentialAction\":[{\"@type\":\"SearchAction\",\"target\":{\"@type\":\"EntryPoint\",\"urlTemplate\":\"https:\\\/\\\/trackcable.com\\\/fr\\\/?s={search_term_string}\"},\"query-input\":{\"@type\":\"PropertyValueSpecification\",\"valueRequired\":true,\"valueName\":\"search_term_string\"}}],\"inLanguage\":\"fr-FR\"},{\"@type\":\"Organization\",\"@id\":\"https:\\\/\\\/trackcable.com\\\/fr\\\/#organization\",\"name\":\"TrackCable | Precision in industrial cable management\",\"url\":\"https:\\\/\\\/trackcable.com\\\/fr\\\/\",\"logo\":{\"@type\":\"ImageObject\",\"inLanguage\":\"fr-FR\",\"@id\":\"https:\\\/\\\/trackcable.com\\\/fr\\\/#\\\/schema\\\/logo\\\/image\\\/\",\"url\":\"https:\\\/\\\/trackcable.com\\\/wp-content\\\/uploads\\\/2026\\\/02\\\/TrackCable.jpg\",\"contentUrl\":\"https:\\\/\\\/trackcable.com\\\/wp-content\\\/uploads\\\/2026\\\/02\\\/TrackCable.jpg\",\"width\":600,\"height\":300,\"caption\":\"TrackCable | Precision in industrial cable management\"},\"image\":{\"@id\":\"https:\\\/\\\/trackcable.com\\\/fr\\\/#\\\/schema\\\/logo\\\/image\\\/\"}}]}<\/script>\n<!-- \/ Yoast SEO plugin. -->","yoast_head_json":{"title":"Plaque d\u2019entr\u00e9e de c\u00e2ble Icotek KEL-DPZ 24\/42 | TrackCable","description":"Achetez une plaque d\u2019entr\u00e9e Icotek KEL-DPZ 24\/42 pour un routage efficace des c\u00e2bles et un \u00e9tanch\u00e9it\u00e9 dans les panneaux de contr\u00f4le. Livraison rapide disponible.","robots":{"index":"index","follow":"follow","max-snippet":"max-snippet:-1","max-image-preview":"max-image-preview:large","max-video-preview":"max-video-preview:-1"},"canonical":"https:\/\/trackcable.com\/fr\/produit\/kel-dpz-24-42-gris\/","og_locale":"fr_FR","og_type":"article","og_title":"Plaque d\u2019entr\u00e9e de c\u00e2ble Icotek KEL-DPZ 24\/42 | TrackCable","og_description":"Achetez une plaque d\u2019entr\u00e9e Icotek KEL-DPZ 24\/42 pour un routage efficace des c\u00e2bles et un \u00e9tanch\u00e9it\u00e9 dans les panneaux de contr\u00f4le. Livraison rapide disponible.","og_url":"https:\/\/trackcable.com\/fr\/produit\/kel-dpz-24-42-gris\/","og_site_name":"trackcable.com","article_modified_time":"2026-03-26T12:37:21+00:00","og_image":[{"width":300,"height":199,"url":"https:\/\/trackcable.com\/wp-content\/uploads\/2026\/02\/43715.jpg","type":"image\/jpeg"}],"twitter_card":"summary_large_image","twitter_misc":{"Dur\u00e9e de lecture estim\u00e9e":"1 minute"},"schema":{"@context":"https:\/\/schema.org","@graph":[{"@type":"WebPage","@id":"https:\/\/trackcable.com\/fr\/produit\/kel-dpz-24-42-gris\/","url":"https:\/\/trackcable.com\/fr\/produit\/kel-dpz-24-42-gris\/","name":"Plaque d\u2019entr\u00e9e de c\u00e2ble Icotek KEL-DPZ 24\/42 | TrackCable","isPartOf":{"@id":"https:\/\/trackcable.com\/fr\/#website"},"primaryImageOfPage":{"@id":"https:\/\/trackcable.com\/fr\/produit\/kel-dpz-24-42-gris\/#primaryimage"},"image":{"@id":"https:\/\/trackcable.com\/fr\/produit\/kel-dpz-24-42-gris\/#primaryimage"},"thumbnailUrl":"https:\/\/trackcable.com\/wp-content\/uploads\/2026\/02\/43715.jpg","datePublished":"2026-02-17T13:00:11+00:00","dateModified":"2026-03-26T12:37:21+00:00","description":"Achetez une plaque d\u2019entr\u00e9e Icotek KEL-DPZ 24\/42 pour un routage efficace des c\u00e2bles et un \u00e9tanch\u00e9it\u00e9 dans les panneaux de contr\u00f4le. Livraison rapide disponible.","breadcrumb":{"@id":"https:\/\/trackcable.com\/fr\/produit\/kel-dpz-24-42-gris\/#breadcrumb"},"inLanguage":"fr-FR","potentialAction":[{"@type":"ReadAction","target":["https:\/\/trackcable.com\/fr\/produit\/kel-dpz-24-42-gris\/"]}]},{"@type":"ImageObject","inLanguage":"fr-FR","@id":"https:\/\/trackcable.com\/fr\/produit\/kel-dpz-24-42-gris\/#primaryimage","url":"https:\/\/trackcable.com\/wp-content\/uploads\/2026\/02\/43715.jpg","contentUrl":"https:\/\/trackcable.com\/wp-content\/uploads\/2026\/02\/43715.jpg","width":300,"height":199,"caption":"Le KEL-DPZ 24\/42 - Grey est un panneau m\u00e9tallique rectangulaire avec quatre trous de montage aux angles et cinq rang\u00e9es de trous circulaires centraux en grille, id\u00e9al pour la ventilation ou les applications de connecteurs."},{"@type":"BreadcrumbList","@id":"https:\/\/trackcable.com\/fr\/produit\/kel-dpz-24-42-gris\/#breadcrumb","itemListElement":[{"@type":"ListItem","position":1,"name":"Accueil","item":"https:\/\/trackcable.com\/fr\/accueil\/"},{"@type":"ListItem","position":2,"name":"Boutique","item":"https:\/\/trackcable.com\/fr\/boutique\/"},{"@type":"ListItem","position":3,"name":"KEL-DPZ 24\/42 \u2013 Gris"}]},{"@type":"WebSite","@id":"https:\/\/trackcable.com\/fr\/#website","url":"https:\/\/trackcable.com\/fr\/","name":"trackcable.com","description":"Precision in cable management","publisher":{"@id":"https:\/\/trackcable.com\/fr\/#organization"},"potentialAction":[{"@type":"SearchAction","target":{"@type":"EntryPoint","urlTemplate":"https:\/\/trackcable.com\/fr\/?s={search_term_string}"},"query-input":{"@type":"PropertyValueSpecification","valueRequired":true,"valueName":"search_term_string"}}],"inLanguage":"fr-FR"},{"@type":"Organization","@id":"https:\/\/trackcable.com\/fr\/#organization","name":"TrackCable | Precision in industrial cable management","url":"https:\/\/trackcable.com\/fr\/","logo":{"@type":"ImageObject","inLanguage":"fr-FR","@id":"https:\/\/trackcable.com\/fr\/#\/schema\/logo\/image\/","url":"https:\/\/trackcable.com\/wp-content\/uploads\/2026\/02\/TrackCable.jpg","contentUrl":"https:\/\/trackcable.com\/wp-content\/uploads\/2026\/02\/TrackCable.jpg","width":600,"height":300,"caption":"TrackCable | Precision in industrial cable management"},"image":{"@id":"https:\/\/trackcable.com\/fr\/#\/schema\/logo\/image\/"}}]}},"_links":{"self":[{"href":"https:\/\/trackcable.com\/fr\/wp-json\/wp\/v2\/product\/8673","targetHints":{"allow":["GET"]}}],"collection":[{"href":"https:\/\/trackcable.com\/fr\/wp-json\/wp\/v2\/product"}],"about":[{"href":"https:\/\/trackcable.com\/fr\/wp-json\/wp\/v2\/types\/product"}],"replies":[{"embeddable":true,"href":"https:\/\/trackcable.com\/fr\/wp-json\/wp\/v2\/comments?post=8673"}],"version-history":[{"count":1,"href":"https:\/\/trackcable.com\/fr\/wp-json\/wp\/v2\/product\/8673\/revisions"}],"predecessor-version":[{"id":12775,"href":"https:\/\/trackcable.com\/fr\/wp-json\/wp\/v2\/product\/8673\/revisions\/12775"}],"wp:featuredmedia":[{"embeddable":true,"href":"https:\/\/trackcable.com\/fr\/wp-json\/wp\/v2\/media\/8674"}],"wp:attachment":[{"href":"https:\/\/trackcable.com\/fr\/wp-json\/wp\/v2\/media?parent=8673"}],"wp:term":[{"taxonomy":"brand","embeddable":true,"href":"https:\/\/trackcable.com\/fr\/wp-json\/wp\/v2\/etheme_brands?post=8673"},{"taxonomy":"product_brand","embeddable":true,"href":"https:\/\/trackcable.com\/fr\/wp-json\/wp\/v2\/product_brand?post=8673"},{"taxonomy":"product_cat","embeddable":true,"href":"https:\/\/trackcable.com\/fr\/wp-json\/wp\/v2\/product_cat?post=8673"},{"taxonomy":"product_tag","embeddable":true,"href":"https:\/\/trackcable.com\/fr\/wp-json\/wp\/v2\/product_tag?post=8673"}],"curies":[{"name":"wp","href":"https:\/\/api.w.org\/{rel}","templated":true}]}}