{"id":8701,"date":"2026-02-17T11:06:06","date_gmt":"2026-02-17T11:06:06","guid":{"rendered":"https:\/\/trackcable.com\/product\/kel-dp-50-12-a-noir\/"},"modified":"2026-03-26T12:35:22","modified_gmt":"2026-03-26T12:35:22","slug":"kel-dp-50-12-a-noir","status":"publish","type":"product","link":"https:\/\/trackcable.com\/fr\/produit\/kel-dp-50-12-a-noir\/","title":{"rendered":"KEL-DP 50\/12 A \u2013 Noir"},"content":{"rendered":"<h2 data-start=\"109\" data-end=\"135\"><a target=\"_self\" class=\"btn  small\" href=\"https:\/\/www.icotek.com\/Produkte\/PG06%20Kabeldurchf%C3%BChrungen\/KEL-DP%20rund\/KEL-DP%2050\/Datenbl%C3%A4tter\/50551_KEL-DP-50-12-A_bk.PDF\"><span> Documentation<\/span><\/a><\/h2>\n<p>&nbsp;<\/p>\n<h2 data-start=\"89\" data-end=\"115\"><strong data-start=\"92\" data-end=\"115\">Description du produit<\/strong><\/h2>\n<p data-start=\"117\" data-end=\"400\">Cette membrane d\u2019entr\u00e9e de c\u00e2ble en \u00e9lastom\u00e8re de haute qualit\u00e9 est con\u00e7ue pour un passage s\u00e9curis\u00e9 et \u00e9conome dans les bo\u00eetiers \u00e9lectriques, les armoires de contr\u00f4le et les installations industrielles. Fabriqu\u00e9 en Allemagne, il offre d\u2019excellentes performances d\u2019\u00e9tanch\u00e9it\u00e9 et une durabilit\u00e9 dans des environnements exigeants. <\/p>\n<p data-start=\"402\" data-end=\"654\">Le mat\u00e9riau \u00e9lastom\u00e8re flexible permet une insertion facile des c\u00e2bles tout en maintenant une protection fiable contre la poussi\u00e8re et l\u2019eau. Avec une classification IP65 et une large plage de temp\u00e9rature de fonctionnement, cette entr\u00e9e par c\u00e2ble convient aussi bien aux applications int\u00e9rieures qu\u2019ext\u00e9rieures. <\/p>\n<p data-start=\"656\" data-end=\"774\">Sa conception compacte M50 la rend id\u00e9ale pour les installations n\u00e9cessitant un point d\u2019entr\u00e9e rond et un joint fiable.<\/p>\n<hr data-start=\"776\" data-end=\"779\">\n<h2 data-start=\"781\" data-end=\"802\"><strong data-start=\"784\" data-end=\"802\">Caract\u00e9ristiques techniques<\/strong><\/h2>\n<ul data-start=\"804\" data-end=\"1167\">\n<li data-start=\"804\" data-end=\"829\">\n<p data-start=\"806\" data-end=\"829\"><strong data-start=\"806\" data-end=\"818\">Code HS :<\/strong> 85472000<\/p>\n<\/li>\n<li data-start=\"830\" data-end=\"864\">\n<p data-start=\"832\" data-end=\"864\"><strong data-start=\"832\" data-end=\"854\">Pays d\u2019origine :<\/strong> Allemagne<\/p>\n<\/li>\n<li data-start=\"865\" data-end=\"892\">\n<p data-start=\"867\" data-end=\"892\"><strong data-start=\"867\" data-end=\"880\">Mat\u00e9riel :<\/strong> \u00c9lastom\u00e8re<\/p>\n<\/li>\n<li data-start=\"893\" data-end=\"913\">\n<p data-start=\"895\" data-end=\"913\"><strong data-start=\"895\" data-end=\"905\">Couleur :<\/strong> Noir<\/p>\n<\/li>\n<li data-start=\"914\" data-end=\"964\">\n<p data-start=\"916\" data-end=\"964\"><strong data-start=\"916\" data-end=\"946\">Taille de la d\u00e9coupe d\u2019installation :<\/strong> \u00d8 50,5 mm (M50)<\/p>\n<\/li>\n<li data-start=\"965\" data-end=\"996\">\n<p data-start=\"967\" data-end=\"996\"><strong data-start=\"967\" data-end=\"986\">Diam\u00e8tre ext\u00e9rieur :<\/strong> \u00d8 60 mm<\/p>\n<\/li>\n<li data-start=\"997\" data-end=\"1016\">\n<p data-start=\"999\" data-end=\"1016\"><strong data-start=\"999\" data-end=\"1009\">Profondeur :<\/strong> 5 mm<\/p>\n<\/li>\n<li data-start=\"1017\" data-end=\"1048\">\n<p data-start=\"1019\" data-end=\"1048\"><strong data-start=\"1019\" data-end=\"1041\">Classification de protection :<\/strong> IP65<\/p>\n<\/li>\n<li data-start=\"1049\" data-end=\"1091\">\n<p data-start=\"1051\" data-end=\"1091\"><strong data-start=\"1051\" data-end=\"1073\">Plage de temp\u00e9rature :<\/strong> -40\u00b0C \u00e0 +100\u00b0C<\/p>\n<\/li>\n<li data-start=\"1092\" data-end=\"1138\">\n<p data-start=\"1094\" data-end=\"1138\"><strong data-start=\"1094\" data-end=\"1106\">Version :<\/strong> A (\u00e9paisseur de paroi 1,5\u20132,5 mm)<\/p>\n<\/li>\n<li data-start=\"1139\" data-end=\"1167\">\n<p data-start=\"1141\" data-end=\"1167\"><strong data-start=\"1141\" data-end=\"1156\">Poids net :<\/strong> 0,023 kg<\/p>\n<\/li>\n<\/ul>\n","protected":false},"excerpt":{"rendered":"<p>&nbsp; Description du produit Cette membrane d\u2019entr\u00e9e de c\u00e2ble en \u00e9lastom\u00e8re de haute qualit\u00e9 est con\u00e7ue pour un passage s\u00e9curis\u00e9 et \u00e9conome dans les bo\u00eetiers&#8230;<\/p>\n","protected":false},"featured_media":8702,"comment_status":"open","ping_status":"closed","template":"","meta":[],"etheme_brands":[{"term_id":696,"name":"Icotek","slug":"icotek","term_group":0,"term_taxonomy_id":696,"taxonomy":"brand","description":"Icotek est un fabricant leader de solutions innovantes de gestion et de passage de c\u00e2bles, sp\u00e9cialis\u00e9 dans des syst\u00e8mes modulaires permettant une installation rapide et une \u00e9tanch\u00e9it\u00e9 fiable pour des applications industrielles et \u00e9lectriques dans le monde entier.","parent":0,"count":125,"filter":"raw"}],"product_brand":[],"product_cat":[276],"product_tag":[],"class_list":{"0":"post-8701","1":"product","2":"type-product","3":"status-publish","4":"has-post-thumbnail","6":"brand-icotek","7":"product_cat-plaques-dentree-de-cables","9":"first","10":"instock","11":"sale","12":"taxable","13":"shipping-taxable","14":"purchasable","15":"product-type-simple"},"yoast_head":"<!-- This site is optimized with the Yoast SEO plugin v27.3 - https:\/\/yoast.com\/product\/yoast-seo-wordpress\/ -->\n<title>Plaque d\u2019entr\u00e9e de c\u00e2ble Icotek KEL-DP 50\/12 | TrackCable<\/title>\n<meta name=\"description\" content=\"Achetez une plaque d\u2019entr\u00e9e de c\u00e2ble Icotek KEL-DP 50\/12 pour un routage efficace et un \u00e9tanch\u00e9it\u00e9 des panneaux de contr\u00f4le. Livraison rapide disponible.\" \/>\n<meta name=\"robots\" content=\"index, follow, max-snippet:-1, max-image-preview:large, max-video-preview:-1\" \/>\n<link rel=\"canonical\" href=\"https:\/\/trackcable.com\/fr\/produit\/kel-dp-50-12-a-noir\/\" \/>\n<meta property=\"og:locale\" content=\"fr_FR\" \/>\n<meta property=\"og:type\" content=\"article\" \/>\n<meta property=\"og:title\" content=\"Plaque d\u2019entr\u00e9e de c\u00e2ble Icotek KEL-DP 50\/12 | TrackCable\" \/>\n<meta property=\"og:description\" content=\"Achetez une plaque d\u2019entr\u00e9e de c\u00e2ble Icotek KEL-DP 50\/12 pour un routage efficace et un \u00e9tanch\u00e9it\u00e9 des panneaux de contr\u00f4le. Livraison rapide disponible.\" \/>\n<meta property=\"og:url\" content=\"https:\/\/trackcable.com\/fr\/produit\/kel-dp-50-12-a-noir\/\" \/>\n<meta property=\"og:site_name\" content=\"trackcable.com\" \/>\n<meta property=\"article:modified_time\" content=\"2026-03-26T12:35:22+00:00\" \/>\n<meta property=\"og:image\" content=\"https:\/\/trackcable.com\/wp-content\/uploads\/2026\/02\/50551.jpg\" \/>\n\t<meta property=\"og:image:width\" content=\"300\" \/>\n\t<meta property=\"og:image:height\" content=\"199\" \/>\n\t<meta property=\"og:image:type\" content=\"image\/jpeg\" \/>\n<meta name=\"twitter:card\" content=\"summary_large_image\" \/>\n<meta name=\"twitter:label1\" content=\"Dur\u00e9e de lecture estim\u00e9e\" \/>\n\t<meta name=\"twitter:data1\" content=\"1 minute\" \/>\n<script type=\"application\/ld+json\" class=\"yoast-schema-graph\">{\"@context\":\"https:\\\/\\\/schema.org\",\"@graph\":[{\"@type\":\"WebPage\",\"@id\":\"https:\\\/\\\/trackcable.com\\\/fr\\\/produit\\\/kel-dp-50-12-a-noir\\\/\",\"url\":\"https:\\\/\\\/trackcable.com\\\/fr\\\/produit\\\/kel-dp-50-12-a-noir\\\/\",\"name\":\"Plaque d\u2019entr\u00e9e de c\u00e2ble Icotek KEL-DP 50\\\/12 | TrackCable\",\"isPartOf\":{\"@id\":\"https:\\\/\\\/trackcable.com\\\/fr\\\/#website\"},\"primaryImageOfPage\":{\"@id\":\"https:\\\/\\\/trackcable.com\\\/fr\\\/produit\\\/kel-dp-50-12-a-noir\\\/#primaryimage\"},\"image\":{\"@id\":\"https:\\\/\\\/trackcable.com\\\/fr\\\/produit\\\/kel-dp-50-12-a-noir\\\/#primaryimage\"},\"thumbnailUrl\":\"https:\\\/\\\/trackcable.com\\\/wp-content\\\/uploads\\\/2026\\\/02\\\/50551.jpg\",\"datePublished\":\"2026-02-17T11:06:06+00:00\",\"dateModified\":\"2026-03-26T12:35:22+00:00\",\"description\":\"Achetez une plaque d\u2019entr\u00e9e de c\u00e2ble Icotek KEL-DP 50\\\/12 pour un routage efficace et un \u00e9tanch\u00e9it\u00e9 des panneaux de contr\u00f4le. Livraison rapide disponible.\",\"breadcrumb\":{\"@id\":\"https:\\\/\\\/trackcable.com\\\/fr\\\/produit\\\/kel-dp-50-12-a-noir\\\/#breadcrumb\"},\"inLanguage\":\"fr-FR\",\"potentialAction\":[{\"@type\":\"ReadAction\",\"target\":[\"https:\\\/\\\/trackcable.com\\\/fr\\\/produit\\\/kel-dp-50-12-a-noir\\\/\"]}]},{\"@type\":\"ImageObject\",\"inLanguage\":\"fr-FR\",\"@id\":\"https:\\\/\\\/trackcable.com\\\/fr\\\/produit\\\/kel-dp-50-12-a-noir\\\/#primaryimage\",\"url\":\"https:\\\/\\\/trackcable.com\\\/wp-content\\\/uploads\\\/2026\\\/02\\\/50551.jpg\",\"contentUrl\":\"https:\\\/\\\/trackcable.com\\\/wp-content\\\/uploads\\\/2026\\\/02\\\/50551.jpg\",\"width\":300,\"height\":199,\"caption\":\"Le KEL-DP 50\\\/12 A - Noir est un couvercle de drain en caoutchouc noir rond avec plusieurs petits trous circulaires dispos\u00e9s selon un motif.\"},{\"@type\":\"BreadcrumbList\",\"@id\":\"https:\\\/\\\/trackcable.com\\\/fr\\\/produit\\\/kel-dp-50-12-a-noir\\\/#breadcrumb\",\"itemListElement\":[{\"@type\":\"ListItem\",\"position\":1,\"name\":\"Accueil\",\"item\":\"https:\\\/\\\/trackcable.com\\\/fr\\\/accueil\\\/\"},{\"@type\":\"ListItem\",\"position\":2,\"name\":\"Boutique\",\"item\":\"https:\\\/\\\/trackcable.com\\\/fr\\\/boutique\\\/\"},{\"@type\":\"ListItem\",\"position\":3,\"name\":\"KEL-DP 50\\\/12 A \u2013 Noir\"}]},{\"@type\":\"WebSite\",\"@id\":\"https:\\\/\\\/trackcable.com\\\/fr\\\/#website\",\"url\":\"https:\\\/\\\/trackcable.com\\\/fr\\\/\",\"name\":\"trackcable.com\",\"description\":\"Precision in cable management\",\"publisher\":{\"@id\":\"https:\\\/\\\/trackcable.com\\\/fr\\\/#organization\"},\"potentialAction\":[{\"@type\":\"SearchAction\",\"target\":{\"@type\":\"EntryPoint\",\"urlTemplate\":\"https:\\\/\\\/trackcable.com\\\/fr\\\/?s={search_term_string}\"},\"query-input\":{\"@type\":\"PropertyValueSpecification\",\"valueRequired\":true,\"valueName\":\"search_term_string\"}}],\"inLanguage\":\"fr-FR\"},{\"@type\":\"Organization\",\"@id\":\"https:\\\/\\\/trackcable.com\\\/fr\\\/#organization\",\"name\":\"TrackCable | Precision in industrial cable management\",\"url\":\"https:\\\/\\\/trackcable.com\\\/fr\\\/\",\"logo\":{\"@type\":\"ImageObject\",\"inLanguage\":\"fr-FR\",\"@id\":\"https:\\\/\\\/trackcable.com\\\/fr\\\/#\\\/schema\\\/logo\\\/image\\\/\",\"url\":\"https:\\\/\\\/trackcable.com\\\/wp-content\\\/uploads\\\/2026\\\/02\\\/TrackCable.jpg\",\"contentUrl\":\"https:\\\/\\\/trackcable.com\\\/wp-content\\\/uploads\\\/2026\\\/02\\\/TrackCable.jpg\",\"width\":600,\"height\":300,\"caption\":\"TrackCable | Precision in industrial cable management\"},\"image\":{\"@id\":\"https:\\\/\\\/trackcable.com\\\/fr\\\/#\\\/schema\\\/logo\\\/image\\\/\"}}]}<\/script>\n<!-- \/ Yoast SEO plugin. -->","yoast_head_json":{"title":"Plaque d\u2019entr\u00e9e de c\u00e2ble Icotek KEL-DP 50\/12 | TrackCable","description":"Achetez une plaque d\u2019entr\u00e9e de c\u00e2ble Icotek KEL-DP 50\/12 pour un routage efficace et un \u00e9tanch\u00e9it\u00e9 des panneaux de contr\u00f4le. Livraison rapide disponible.","robots":{"index":"index","follow":"follow","max-snippet":"max-snippet:-1","max-image-preview":"max-image-preview:large","max-video-preview":"max-video-preview:-1"},"canonical":"https:\/\/trackcable.com\/fr\/produit\/kel-dp-50-12-a-noir\/","og_locale":"fr_FR","og_type":"article","og_title":"Plaque d\u2019entr\u00e9e de c\u00e2ble Icotek KEL-DP 50\/12 | TrackCable","og_description":"Achetez une plaque d\u2019entr\u00e9e de c\u00e2ble Icotek KEL-DP 50\/12 pour un routage efficace et un \u00e9tanch\u00e9it\u00e9 des panneaux de contr\u00f4le. Livraison rapide disponible.","og_url":"https:\/\/trackcable.com\/fr\/produit\/kel-dp-50-12-a-noir\/","og_site_name":"trackcable.com","article_modified_time":"2026-03-26T12:35:22+00:00","og_image":[{"width":300,"height":199,"url":"https:\/\/trackcable.com\/wp-content\/uploads\/2026\/02\/50551.jpg","type":"image\/jpeg"}],"twitter_card":"summary_large_image","twitter_misc":{"Dur\u00e9e de lecture estim\u00e9e":"1 minute"},"schema":{"@context":"https:\/\/schema.org","@graph":[{"@type":"WebPage","@id":"https:\/\/trackcable.com\/fr\/produit\/kel-dp-50-12-a-noir\/","url":"https:\/\/trackcable.com\/fr\/produit\/kel-dp-50-12-a-noir\/","name":"Plaque d\u2019entr\u00e9e de c\u00e2ble Icotek KEL-DP 50\/12 | TrackCable","isPartOf":{"@id":"https:\/\/trackcable.com\/fr\/#website"},"primaryImageOfPage":{"@id":"https:\/\/trackcable.com\/fr\/produit\/kel-dp-50-12-a-noir\/#primaryimage"},"image":{"@id":"https:\/\/trackcable.com\/fr\/produit\/kel-dp-50-12-a-noir\/#primaryimage"},"thumbnailUrl":"https:\/\/trackcable.com\/wp-content\/uploads\/2026\/02\/50551.jpg","datePublished":"2026-02-17T11:06:06+00:00","dateModified":"2026-03-26T12:35:22+00:00","description":"Achetez une plaque d\u2019entr\u00e9e de c\u00e2ble Icotek KEL-DP 50\/12 pour un routage efficace et un \u00e9tanch\u00e9it\u00e9 des panneaux de contr\u00f4le. Livraison rapide disponible.","breadcrumb":{"@id":"https:\/\/trackcable.com\/fr\/produit\/kel-dp-50-12-a-noir\/#breadcrumb"},"inLanguage":"fr-FR","potentialAction":[{"@type":"ReadAction","target":["https:\/\/trackcable.com\/fr\/produit\/kel-dp-50-12-a-noir\/"]}]},{"@type":"ImageObject","inLanguage":"fr-FR","@id":"https:\/\/trackcable.com\/fr\/produit\/kel-dp-50-12-a-noir\/#primaryimage","url":"https:\/\/trackcable.com\/wp-content\/uploads\/2026\/02\/50551.jpg","contentUrl":"https:\/\/trackcable.com\/wp-content\/uploads\/2026\/02\/50551.jpg","width":300,"height":199,"caption":"Le KEL-DP 50\/12 A - Noir est un couvercle de drain en caoutchouc noir rond avec plusieurs petits trous circulaires dispos\u00e9s selon un motif."},{"@type":"BreadcrumbList","@id":"https:\/\/trackcable.com\/fr\/produit\/kel-dp-50-12-a-noir\/#breadcrumb","itemListElement":[{"@type":"ListItem","position":1,"name":"Accueil","item":"https:\/\/trackcable.com\/fr\/accueil\/"},{"@type":"ListItem","position":2,"name":"Boutique","item":"https:\/\/trackcable.com\/fr\/boutique\/"},{"@type":"ListItem","position":3,"name":"KEL-DP 50\/12 A \u2013 Noir"}]},{"@type":"WebSite","@id":"https:\/\/trackcable.com\/fr\/#website","url":"https:\/\/trackcable.com\/fr\/","name":"trackcable.com","description":"Precision in cable management","publisher":{"@id":"https:\/\/trackcable.com\/fr\/#organization"},"potentialAction":[{"@type":"SearchAction","target":{"@type":"EntryPoint","urlTemplate":"https:\/\/trackcable.com\/fr\/?s={search_term_string}"},"query-input":{"@type":"PropertyValueSpecification","valueRequired":true,"valueName":"search_term_string"}}],"inLanguage":"fr-FR"},{"@type":"Organization","@id":"https:\/\/trackcable.com\/fr\/#organization","name":"TrackCable | Precision in industrial cable management","url":"https:\/\/trackcable.com\/fr\/","logo":{"@type":"ImageObject","inLanguage":"fr-FR","@id":"https:\/\/trackcable.com\/fr\/#\/schema\/logo\/image\/","url":"https:\/\/trackcable.com\/wp-content\/uploads\/2026\/02\/TrackCable.jpg","contentUrl":"https:\/\/trackcable.com\/wp-content\/uploads\/2026\/02\/TrackCable.jpg","width":600,"height":300,"caption":"TrackCable | Precision in industrial cable management"},"image":{"@id":"https:\/\/trackcable.com\/fr\/#\/schema\/logo\/image\/"}}]}},"_links":{"self":[{"href":"https:\/\/trackcable.com\/fr\/wp-json\/wp\/v2\/product\/8701","targetHints":{"allow":["GET"]}}],"collection":[{"href":"https:\/\/trackcable.com\/fr\/wp-json\/wp\/v2\/product"}],"about":[{"href":"https:\/\/trackcable.com\/fr\/wp-json\/wp\/v2\/types\/product"}],"replies":[{"embeddable":true,"href":"https:\/\/trackcable.com\/fr\/wp-json\/wp\/v2\/comments?post=8701"}],"version-history":[{"count":1,"href":"https:\/\/trackcable.com\/fr\/wp-json\/wp\/v2\/product\/8701\/revisions"}],"predecessor-version":[{"id":12609,"href":"https:\/\/trackcable.com\/fr\/wp-json\/wp\/v2\/product\/8701\/revisions\/12609"}],"wp:featuredmedia":[{"embeddable":true,"href":"https:\/\/trackcable.com\/fr\/wp-json\/wp\/v2\/media\/8702"}],"wp:attachment":[{"href":"https:\/\/trackcable.com\/fr\/wp-json\/wp\/v2\/media?parent=8701"}],"wp:term":[{"taxonomy":"brand","embeddable":true,"href":"https:\/\/trackcable.com\/fr\/wp-json\/wp\/v2\/etheme_brands?post=8701"},{"taxonomy":"product_brand","embeddable":true,"href":"https:\/\/trackcable.com\/fr\/wp-json\/wp\/v2\/product_brand?post=8701"},{"taxonomy":"product_cat","embeddable":true,"href":"https:\/\/trackcable.com\/fr\/wp-json\/wp\/v2\/product_cat?post=8701"},{"taxonomy":"product_tag","embeddable":true,"href":"https:\/\/trackcable.com\/fr\/wp-json\/wp\/v2\/product_tag?post=8701"}],"curies":[{"name":"wp","href":"https:\/\/api.w.org\/{rel}","templated":true}]}}