{"id":8844,"date":"2026-02-19T08:46:38","date_gmt":"2026-02-19T08:46:38","guid":{"rendered":"https:\/\/trackcable.com\/product\/separateur-1555-ts\/"},"modified":"2026-03-26T14:00:07","modified_gmt":"2026-03-26T14:00:07","slug":"separateur-1555-ts","status":"publish","type":"product","link":"https:\/\/trackcable.com\/fr\/produit\/separateur-1555-ts\/","title":{"rendered":"S\u00e9parateur \u2013 1555-TS"},"content":{"rendered":"<p><strong data-start=\"0\" data-end=\"21\" data-is-only-node=\"\">Diviseur \u2013 1555 TS<\/strong> est un s\u00e9parateur de c\u00e2bles pratique con\u00e7u pour \u00eatre utilis\u00e9 dans la cha\u00eene porte-c\u00e2ble <span class=\"hover:entity-accent entity-underline inline cursor-pointer align-baseline\"><span class=\"whitespace-normal\">TSUBAKI KABELSCHLEPP<\/span><\/span> Uniflex Advanced 1555. Ce diviseur maintient les c\u00e2bles et les tuyaux soigneusement s\u00e9par\u00e9s \u00e0 l\u2019int\u00e9rieur de la cha\u00eene, pr\u00e9venant ainsi les enchev\u00eatrements, r\u00e9duisant l\u2019usure et am\u00e9liorant la gestion globale des c\u00e2bles dans les applications dynamiques. Facile \u00e0 installer et durable, il contribue \u00e0 prolonger la dur\u00e9e de vie des c\u00e2bles et \u00e0 maintenir une disposition d\u2019acheminement organis\u00e9e.  <\/p>\n","protected":false},"excerpt":{"rendered":"<p><span style=\"font-size: 12px; line-height: 1.2; display: block;\"><br \/>\nDiviseur porte-c\u00e2ble<br \/>\n<\/span><\/p>\n","protected":false},"featured_media":8228,"comment_status":"open","ping_status":"closed","template":"","meta":[],"etheme_brands":[],"product_brand":[],"product_cat":[285],"product_tag":[],"class_list":{"0":"post-8844","1":"product","2":"type-product","3":"status-publish","4":"has-post-thumbnail","6":"product_cat-separateurs","8":"first","9":"instock","10":"taxable","11":"shipping-taxable","12":"purchasable","13":"product-type-simple"},"yoast_head":"<!-- This site is optimized with the Yoast SEO plugin v27.3 - https:\/\/yoast.com\/product\/yoast-seo-wordpress\/ -->\n<title>Kabelschlepp 1555-TS S\u00e9parateur | TrackCable<\/title>\n<meta name=\"description\" content=\"Achetez le diviseur Kabelschlepp 1555-TS pour un acheminement organis\u00e9 des c\u00e2bles dans les syst\u00e8mes de cha\u00eenes porte-c\u00e2ble. Livraison rapide disponible.\" \/>\n<meta name=\"robots\" content=\"index, follow, max-snippet:-1, max-image-preview:large, max-video-preview:-1\" \/>\n<link rel=\"canonical\" href=\"https:\/\/trackcable.com\/fr\/produit\/separateur-1555-ts\/\" \/>\n<meta property=\"og:locale\" content=\"fr_FR\" \/>\n<meta property=\"og:type\" content=\"article\" \/>\n<meta property=\"og:title\" content=\"Kabelschlepp 1555-TS S\u00e9parateur | TrackCable\" \/>\n<meta property=\"og:description\" content=\"Achetez le diviseur Kabelschlepp 1555-TS pour un acheminement organis\u00e9 des c\u00e2bles dans les syst\u00e8mes de cha\u00eenes porte-c\u00e2ble. Livraison rapide disponible.\" \/>\n<meta property=\"og:url\" content=\"https:\/\/trackcable.com\/fr\/produit\/separateur-1555-ts\/\" \/>\n<meta property=\"og:site_name\" content=\"trackcable.com\" \/>\n<meta property=\"article:modified_time\" content=\"2026-03-26T14:00:07+00:00\" \/>\n<meta property=\"og:image\" content=\"https:\/\/trackcable.com\/wp-content\/uploads\/2026\/02\/Divider-1555.jpg\" \/>\n\t<meta property=\"og:image:width\" content=\"300\" \/>\n\t<meta property=\"og:image:height\" content=\"199\" \/>\n\t<meta property=\"og:image:type\" content=\"image\/jpeg\" \/>\n<meta name=\"twitter:card\" content=\"summary_large_image\" \/>\n<script type=\"application\/ld+json\" class=\"yoast-schema-graph\">{\"@context\":\"https:\\\/\\\/schema.org\",\"@graph\":[{\"@type\":\"WebPage\",\"@id\":\"https:\\\/\\\/trackcable.com\\\/fr\\\/produit\\\/separateur-1555-ts\\\/\",\"url\":\"https:\\\/\\\/trackcable.com\\\/fr\\\/produit\\\/separateur-1555-ts\\\/\",\"name\":\"Kabelschlepp 1555-TS S\u00e9parateur | TrackCable\",\"isPartOf\":{\"@id\":\"https:\\\/\\\/trackcable.com\\\/fr\\\/#website\"},\"primaryImageOfPage\":{\"@id\":\"https:\\\/\\\/trackcable.com\\\/fr\\\/produit\\\/separateur-1555-ts\\\/#primaryimage\"},\"image\":{\"@id\":\"https:\\\/\\\/trackcable.com\\\/fr\\\/produit\\\/separateur-1555-ts\\\/#primaryimage\"},\"thumbnailUrl\":\"https:\\\/\\\/trackcable.com\\\/wp-content\\\/uploads\\\/2026\\\/02\\\/Divider-1555.jpg\",\"datePublished\":\"2026-02-19T08:46:38+00:00\",\"dateModified\":\"2026-03-26T14:00:07+00:00\",\"description\":\"Achetez le diviseur Kabelschlepp 1555-TS pour un acheminement organis\u00e9 des c\u00e2bles dans les syst\u00e8mes de cha\u00eenes porte-c\u00e2ble. Livraison rapide disponible.\",\"breadcrumb\":{\"@id\":\"https:\\\/\\\/trackcable.com\\\/fr\\\/produit\\\/separateur-1555-ts\\\/#breadcrumb\"},\"inLanguage\":\"fr-FR\",\"potentialAction\":[{\"@type\":\"ReadAction\",\"target\":[\"https:\\\/\\\/trackcable.com\\\/fr\\\/produit\\\/separateur-1555-ts\\\/\"]}]},{\"@type\":\"ImageObject\",\"inLanguage\":\"fr-FR\",\"@id\":\"https:\\\/\\\/trackcable.com\\\/fr\\\/produit\\\/separateur-1555-ts\\\/#primaryimage\",\"url\":\"https:\\\/\\\/trackcable.com\\\/wp-content\\\/uploads\\\/2026\\\/02\\\/Divider-1555.jpg\",\"contentUrl\":\"https:\\\/\\\/trackcable.com\\\/wp-content\\\/uploads\\\/2026\\\/02\\\/Divider-1555.jpg\",\"width\":300,\"height\":199,\"caption\":\"Une image 3D du Diviseur - 1555-TS, un support m\u00e9tallique rectangulaire avec quatre fentes horizontales centrales et des extr\u00e9mit\u00e9s \u00e9paissies en haut et en bas.\"},{\"@type\":\"BreadcrumbList\",\"@id\":\"https:\\\/\\\/trackcable.com\\\/fr\\\/produit\\\/separateur-1555-ts\\\/#breadcrumb\",\"itemListElement\":[{\"@type\":\"ListItem\",\"position\":1,\"name\":\"Accueil\",\"item\":\"https:\\\/\\\/trackcable.com\\\/fr\\\/accueil\\\/\"},{\"@type\":\"ListItem\",\"position\":2,\"name\":\"Boutique\",\"item\":\"https:\\\/\\\/trackcable.com\\\/fr\\\/boutique\\\/\"},{\"@type\":\"ListItem\",\"position\":3,\"name\":\"S\u00e9parateur \u2013 1555-TS\"}]},{\"@type\":\"WebSite\",\"@id\":\"https:\\\/\\\/trackcable.com\\\/fr\\\/#website\",\"url\":\"https:\\\/\\\/trackcable.com\\\/fr\\\/\",\"name\":\"trackcable.com\",\"description\":\"Precision in cable management\",\"publisher\":{\"@id\":\"https:\\\/\\\/trackcable.com\\\/fr\\\/#organization\"},\"potentialAction\":[{\"@type\":\"SearchAction\",\"target\":{\"@type\":\"EntryPoint\",\"urlTemplate\":\"https:\\\/\\\/trackcable.com\\\/fr\\\/?s={search_term_string}\"},\"query-input\":{\"@type\":\"PropertyValueSpecification\",\"valueRequired\":true,\"valueName\":\"search_term_string\"}}],\"inLanguage\":\"fr-FR\"},{\"@type\":\"Organization\",\"@id\":\"https:\\\/\\\/trackcable.com\\\/fr\\\/#organization\",\"name\":\"TrackCable | Precision in industrial cable management\",\"url\":\"https:\\\/\\\/trackcable.com\\\/fr\\\/\",\"logo\":{\"@type\":\"ImageObject\",\"inLanguage\":\"fr-FR\",\"@id\":\"https:\\\/\\\/trackcable.com\\\/fr\\\/#\\\/schema\\\/logo\\\/image\\\/\",\"url\":\"https:\\\/\\\/trackcable.com\\\/wp-content\\\/uploads\\\/2026\\\/02\\\/TrackCable.jpg\",\"contentUrl\":\"https:\\\/\\\/trackcable.com\\\/wp-content\\\/uploads\\\/2026\\\/02\\\/TrackCable.jpg\",\"width\":600,\"height\":300,\"caption\":\"TrackCable | Precision in industrial cable management\"},\"image\":{\"@id\":\"https:\\\/\\\/trackcable.com\\\/fr\\\/#\\\/schema\\\/logo\\\/image\\\/\"}}]}<\/script>\n<!-- \/ Yoast SEO plugin. -->","yoast_head_json":{"title":"Kabelschlepp 1555-TS S\u00e9parateur | TrackCable","description":"Achetez le diviseur Kabelschlepp 1555-TS pour un acheminement organis\u00e9 des c\u00e2bles dans les syst\u00e8mes de cha\u00eenes porte-c\u00e2ble. Livraison rapide disponible.","robots":{"index":"index","follow":"follow","max-snippet":"max-snippet:-1","max-image-preview":"max-image-preview:large","max-video-preview":"max-video-preview:-1"},"canonical":"https:\/\/trackcable.com\/fr\/produit\/separateur-1555-ts\/","og_locale":"fr_FR","og_type":"article","og_title":"Kabelschlepp 1555-TS S\u00e9parateur | TrackCable","og_description":"Achetez le diviseur Kabelschlepp 1555-TS pour un acheminement organis\u00e9 des c\u00e2bles dans les syst\u00e8mes de cha\u00eenes porte-c\u00e2ble. Livraison rapide disponible.","og_url":"https:\/\/trackcable.com\/fr\/produit\/separateur-1555-ts\/","og_site_name":"trackcable.com","article_modified_time":"2026-03-26T14:00:07+00:00","og_image":[{"width":300,"height":199,"url":"https:\/\/trackcable.com\/wp-content\/uploads\/2026\/02\/Divider-1555.jpg","type":"image\/jpeg"}],"twitter_card":"summary_large_image","schema":{"@context":"https:\/\/schema.org","@graph":[{"@type":"WebPage","@id":"https:\/\/trackcable.com\/fr\/produit\/separateur-1555-ts\/","url":"https:\/\/trackcable.com\/fr\/produit\/separateur-1555-ts\/","name":"Kabelschlepp 1555-TS S\u00e9parateur | TrackCable","isPartOf":{"@id":"https:\/\/trackcable.com\/fr\/#website"},"primaryImageOfPage":{"@id":"https:\/\/trackcable.com\/fr\/produit\/separateur-1555-ts\/#primaryimage"},"image":{"@id":"https:\/\/trackcable.com\/fr\/produit\/separateur-1555-ts\/#primaryimage"},"thumbnailUrl":"https:\/\/trackcable.com\/wp-content\/uploads\/2026\/02\/Divider-1555.jpg","datePublished":"2026-02-19T08:46:38+00:00","dateModified":"2026-03-26T14:00:07+00:00","description":"Achetez le diviseur Kabelschlepp 1555-TS pour un acheminement organis\u00e9 des c\u00e2bles dans les syst\u00e8mes de cha\u00eenes porte-c\u00e2ble. Livraison rapide disponible.","breadcrumb":{"@id":"https:\/\/trackcable.com\/fr\/produit\/separateur-1555-ts\/#breadcrumb"},"inLanguage":"fr-FR","potentialAction":[{"@type":"ReadAction","target":["https:\/\/trackcable.com\/fr\/produit\/separateur-1555-ts\/"]}]},{"@type":"ImageObject","inLanguage":"fr-FR","@id":"https:\/\/trackcable.com\/fr\/produit\/separateur-1555-ts\/#primaryimage","url":"https:\/\/trackcable.com\/wp-content\/uploads\/2026\/02\/Divider-1555.jpg","contentUrl":"https:\/\/trackcable.com\/wp-content\/uploads\/2026\/02\/Divider-1555.jpg","width":300,"height":199,"caption":"Une image 3D du Diviseur - 1555-TS, un support m\u00e9tallique rectangulaire avec quatre fentes horizontales centrales et des extr\u00e9mit\u00e9s \u00e9paissies en haut et en bas."},{"@type":"BreadcrumbList","@id":"https:\/\/trackcable.com\/fr\/produit\/separateur-1555-ts\/#breadcrumb","itemListElement":[{"@type":"ListItem","position":1,"name":"Accueil","item":"https:\/\/trackcable.com\/fr\/accueil\/"},{"@type":"ListItem","position":2,"name":"Boutique","item":"https:\/\/trackcable.com\/fr\/boutique\/"},{"@type":"ListItem","position":3,"name":"S\u00e9parateur \u2013 1555-TS"}]},{"@type":"WebSite","@id":"https:\/\/trackcable.com\/fr\/#website","url":"https:\/\/trackcable.com\/fr\/","name":"trackcable.com","description":"Precision in cable management","publisher":{"@id":"https:\/\/trackcable.com\/fr\/#organization"},"potentialAction":[{"@type":"SearchAction","target":{"@type":"EntryPoint","urlTemplate":"https:\/\/trackcable.com\/fr\/?s={search_term_string}"},"query-input":{"@type":"PropertyValueSpecification","valueRequired":true,"valueName":"search_term_string"}}],"inLanguage":"fr-FR"},{"@type":"Organization","@id":"https:\/\/trackcable.com\/fr\/#organization","name":"TrackCable | Precision in industrial cable management","url":"https:\/\/trackcable.com\/fr\/","logo":{"@type":"ImageObject","inLanguage":"fr-FR","@id":"https:\/\/trackcable.com\/fr\/#\/schema\/logo\/image\/","url":"https:\/\/trackcable.com\/wp-content\/uploads\/2026\/02\/TrackCable.jpg","contentUrl":"https:\/\/trackcable.com\/wp-content\/uploads\/2026\/02\/TrackCable.jpg","width":600,"height":300,"caption":"TrackCable | Precision in industrial cable management"},"image":{"@id":"https:\/\/trackcable.com\/fr\/#\/schema\/logo\/image\/"}}]}},"_links":{"self":[{"href":"https:\/\/trackcable.com\/fr\/wp-json\/wp\/v2\/product\/8844","targetHints":{"allow":["GET"]}}],"collection":[{"href":"https:\/\/trackcable.com\/fr\/wp-json\/wp\/v2\/product"}],"about":[{"href":"https:\/\/trackcable.com\/fr\/wp-json\/wp\/v2\/types\/product"}],"replies":[{"embeddable":true,"href":"https:\/\/trackcable.com\/fr\/wp-json\/wp\/v2\/comments?post=8844"}],"version-history":[{"count":1,"href":"https:\/\/trackcable.com\/fr\/wp-json\/wp\/v2\/product\/8844\/revisions"}],"predecessor-version":[{"id":13527,"href":"https:\/\/trackcable.com\/fr\/wp-json\/wp\/v2\/product\/8844\/revisions\/13527"}],"wp:featuredmedia":[{"embeddable":true,"href":"https:\/\/trackcable.com\/fr\/wp-json\/wp\/v2\/media\/8228"}],"wp:attachment":[{"href":"https:\/\/trackcable.com\/fr\/wp-json\/wp\/v2\/media?parent=8844"}],"wp:term":[{"taxonomy":"brand","embeddable":true,"href":"https:\/\/trackcable.com\/fr\/wp-json\/wp\/v2\/etheme_brands?post=8844"},{"taxonomy":"product_brand","embeddable":true,"href":"https:\/\/trackcable.com\/fr\/wp-json\/wp\/v2\/product_brand?post=8844"},{"taxonomy":"product_cat","embeddable":true,"href":"https:\/\/trackcable.com\/fr\/wp-json\/wp\/v2\/product_cat?post=8844"},{"taxonomy":"product_tag","embeddable":true,"href":"https:\/\/trackcable.com\/fr\/wp-json\/wp\/v2\/product_tag?post=8844"}],"curies":[{"name":"wp","href":"https:\/\/api.w.org\/{rel}","templated":true}]}}