{"id":8912,"date":"2026-02-17T13:23:00","date_gmt":"2026-02-17T13:23:00","guid":{"rendered":"https:\/\/trackcable.com\/product\/kel-dpz-63-14-noir\/"},"modified":"2026-03-26T12:37:12","modified_gmt":"2026-03-26T12:37:12","slug":"kel-dpz-63-14-noir","status":"publish","type":"product","link":"https:\/\/trackcable.com\/fr\/produit\/kel-dpz-63-14-noir\/","title":{"rendered":"KEL-DPZ 63\/14 \u2013 Noir"},"content":{"rendered":"<h2 data-start=\"109\" data-end=\"135\"><a target=\"_blank\" class=\"btn  small\" href=\"https:\/\/www.icotek.com\/Produkte\/PG06%20Kabeldurchf%C3%BChrungen\/KEL-DPZ%20rund\/KEL-DPZ%2063\/Datenbl%C3%A4tter\/50762_KEL-DPZ-63-14_bk.PDF\"><span> Documentation<\/span><\/a><\/h2>\n<p>&nbsp;<\/p>\n<h2 data-start=\"72\" data-end=\"98\"><strong data-start=\"75\" data-end=\"98\">Description du produit<\/strong><\/h2>\n<p data-start=\"100\" data-end=\"419\">Cette entr\u00e9e de c\u00e2ble rond de haute qualit\u00e9 est con\u00e7ue pour un passage s\u00e9curis\u00e9 et \u00e9conomique de plusieurs c\u00e2bles dans des armoires de contr\u00f4le, des bo\u00eetiers \u00e9lectriques et des installations industrielles. Fabriqu\u00e9 en Allemagne et fabriqu\u00e9 en \u00e9lastom\u00e8re durable et en polyamide (PA), il offre d\u2019excellentes performances d\u2019\u00e9tanch\u00e9it\u00e9 et une fiabilit\u00e9 \u00e0 long terme. <\/p>\n<p data-start=\"421\" data-end=\"823\">Avec des classifications de protection allant jusqu\u2019\u00e0 IP68, cette entr\u00e9e par c\u00e2ble offre une forte r\u00e9sistance \u00e0 la poussi\u00e8re, \u00e0 l\u2019humidit\u00e9 et aux conditions environnementales difficiles. Les inserts d\u2019\u00e9tanch\u00e9it\u00e9 flexibles permettent d\u2019installer rapidement plusieurs diam\u00e8tres de c\u00e2ble tout en assurant une r\u00e9tention s\u00e9curis\u00e9e et une gestion organis\u00e9e des c\u00e2bles. Sa conception de projectile M63 la rend id\u00e9ale pour des installations n\u00e9cessitant une entr\u00e9e plus grande avec un \u00e9tanch\u00e9it\u00e9 fiable.  <\/p>\n<p data-start=\"825\" data-end=\"943\">Adapt\u00e9e \u00e0 l\u2019int\u00e9rieur comme \u00e0 l\u2019ext\u00e9rieur, cette entr\u00e9e par c\u00e2ble fonctionne de mani\u00e8re fiable sur une large plage de temp\u00e9ratures.<\/p>\n<hr data-start=\"945\" data-end=\"948\">\n<h2 data-start=\"950\" data-end=\"971\"><strong data-start=\"953\" data-end=\"971\">Caract\u00e9ristiques techniques<\/strong><\/h2>\n<ul data-start=\"973\" data-end=\"1408\">\n<li data-start=\"973\" data-end=\"998\">\n<p data-start=\"975\" data-end=\"998\"><strong data-start=\"975\" data-end=\"987\">Code HS :<\/strong> 85472000<\/p>\n<\/li>\n<li data-start=\"999\" data-end=\"1033\">\n<p data-start=\"1001\" data-end=\"1033\"><strong data-start=\"1001\" data-end=\"1023\">Pays d\u2019origine :<\/strong> Allemagne<\/p>\n<\/li>\n<li data-start=\"1034\" data-end=\"1077\">\n<p data-start=\"1036\" data-end=\"1077\"><strong data-start=\"1036\" data-end=\"1049\">Mat\u00e9riel :<\/strong> \u00c9lastom\u00e8re, polyamide (PA)<\/p>\n<\/li>\n<li data-start=\"1078\" data-end=\"1098\">\n<p data-start=\"1080\" data-end=\"1098\"><strong data-start=\"1080\" data-end=\"1090\">Couleur :<\/strong> Noir<\/p>\n<\/li>\n<li data-start=\"1099\" data-end=\"1119\">\n<p data-start=\"1101\" data-end=\"1119\"><strong data-start=\"1101\" data-end=\"1112\">Hauteur :<\/strong> 8 mm<\/p>\n<\/li>\n<li data-start=\"1120\" data-end=\"1170\">\n<p data-start=\"1122\" data-end=\"1170\"><strong data-start=\"1122\" data-end=\"1152\">Taille de la d\u00e9coupe d\u2019installation :<\/strong> \u00d8 63,5 mm (M63)<\/p>\n<\/li>\n<li data-start=\"1171\" data-end=\"1202\">\n<p data-start=\"1173\" data-end=\"1202\"><strong data-start=\"1173\" data-end=\"1192\">Diam\u00e8tre ext\u00e9rieur :<\/strong> \u00d8 75 mm<\/p>\n<\/li>\n<li data-start=\"1203\" data-end=\"1223\">\n<p data-start=\"1205\" data-end=\"1223\"><strong data-start=\"1205\" data-end=\"1215\">Profondeur :<\/strong> 14 mm<\/p>\n<\/li>\n<li data-start=\"1224\" data-end=\"1262\">\n<p data-start=\"1226\" data-end=\"1262\"><strong data-start=\"1226\" data-end=\"1245\">Plage de serrage :<\/strong> 14 \u00d7 5\u201310,2 mm<\/p>\n<\/li>\n<li data-start=\"1263\" data-end=\"1305\">\n<p data-start=\"1265\" data-end=\"1305\"><strong data-start=\"1265\" data-end=\"1287\">Plage de temp\u00e9rature :<\/strong> -40\u00b0C \u00e0 +100\u00b0C<\/p>\n<\/li>\n<li data-start=\"1306\" data-end=\"1379\">\n<p data-start=\"1308\" data-end=\"1379\"><strong data-start=\"1308\" data-end=\"1330\">Classification de protection :<\/strong> IP54 \/ IP55 \/ IP64 \/ IP65 \/ IP66 \/ IP67 \/ IP68<\/p>\n<\/li>\n<li data-start=\"1380\" data-end=\"1408\">\n<p data-start=\"1382\" data-end=\"1408\"><strong data-start=\"1382\" data-end=\"1397\">Poids net :<\/strong> 0,051 kg<\/p>\n<\/li>\n<\/ul>\n","protected":false},"excerpt":{"rendered":"<p>&nbsp; Description du produit Cette entr\u00e9e de c\u00e2ble rond de haute qualit\u00e9 est con\u00e7ue pour un passage s\u00e9curis\u00e9 et \u00e9conomique de plusieurs c\u00e2bles dans des&#8230;<\/p>\n","protected":false},"featured_media":8913,"comment_status":"open","ping_status":"closed","template":"","meta":[],"etheme_brands":[{"term_id":696,"name":"Icotek","slug":"icotek","term_group":0,"term_taxonomy_id":696,"taxonomy":"brand","description":"Icotek est un fabricant leader de solutions innovantes de gestion et de passage de c\u00e2bles, sp\u00e9cialis\u00e9 dans des syst\u00e8mes modulaires permettant une installation rapide et une \u00e9tanch\u00e9it\u00e9 fiable pour des applications industrielles et \u00e9lectriques dans le monde entier.","parent":0,"count":125,"filter":"raw"}],"product_brand":[],"product_cat":[276],"product_tag":[],"class_list":{"0":"post-8912","1":"product","2":"type-product","3":"status-publish","4":"has-post-thumbnail","6":"brand-icotek","7":"product_cat-plaques-dentree-de-cables","9":"first","10":"instock","11":"sale","12":"taxable","13":"shipping-taxable","14":"purchasable","15":"product-type-simple"},"yoast_head":"<!-- This site is optimized with the Yoast SEO plugin v27.3 - https:\/\/yoast.com\/product\/yoast-seo-wordpress\/ -->\n<title>Icotek KEL-DPZ 63\/14 Noir (50762) | TrackCable<\/title>\n<meta name=\"description\" content=\"Achetez la plaque d\u2019entr\u00e9e de c\u00e2ble Icotek KEL-DPZ 63\/14 (50762) noire pour un passage rapide et un \u00e9tanch\u00e9it\u00e9 fiable. Id\u00e9al pour la gestion des c\u00e2bles \u00e0 haute densit\u00e9.\" \/>\n<meta name=\"robots\" content=\"index, follow, max-snippet:-1, max-image-preview:large, max-video-preview:-1\" \/>\n<link rel=\"canonical\" href=\"https:\/\/trackcable.com\/fr\/produit\/kel-dpz-63-14-noir\/\" \/>\n<meta property=\"og:locale\" content=\"fr_FR\" \/>\n<meta property=\"og:type\" content=\"article\" \/>\n<meta property=\"og:title\" content=\"Icotek KEL-DPZ 63\/14 Noir (50762) | TrackCable\" \/>\n<meta property=\"og:description\" content=\"Achetez la plaque d\u2019entr\u00e9e de c\u00e2ble Icotek KEL-DPZ 63\/14 (50762) noire pour un passage rapide et un \u00e9tanch\u00e9it\u00e9 fiable. Id\u00e9al pour la gestion des c\u00e2bles \u00e0 haute densit\u00e9.\" \/>\n<meta property=\"og:url\" content=\"https:\/\/trackcable.com\/fr\/produit\/kel-dpz-63-14-noir\/\" \/>\n<meta property=\"og:site_name\" content=\"trackcable.com\" \/>\n<meta property=\"article:modified_time\" content=\"2026-03-26T12:37:12+00:00\" \/>\n<meta property=\"og:image\" content=\"https:\/\/trackcable.com\/wp-content\/uploads\/2026\/02\/50762.jpg\" \/>\n\t<meta property=\"og:image:width\" content=\"300\" \/>\n\t<meta property=\"og:image:height\" content=\"199\" \/>\n\t<meta property=\"og:image:type\" content=\"image\/jpeg\" \/>\n<meta name=\"twitter:card\" content=\"summary_large_image\" \/>\n<meta name=\"twitter:label1\" content=\"Dur\u00e9e de lecture estim\u00e9e\" \/>\n\t<meta name=\"twitter:data1\" content=\"1 minute\" \/>\n<script type=\"application\/ld+json\" class=\"yoast-schema-graph\">{\"@context\":\"https:\\\/\\\/schema.org\",\"@graph\":[{\"@type\":\"WebPage\",\"@id\":\"https:\\\/\\\/trackcable.com\\\/fr\\\/produit\\\/kel-dpz-63-14-noir\\\/\",\"url\":\"https:\\\/\\\/trackcable.com\\\/fr\\\/produit\\\/kel-dpz-63-14-noir\\\/\",\"name\":\"Icotek KEL-DPZ 63\\\/14 Noir (50762) | TrackCable\",\"isPartOf\":{\"@id\":\"https:\\\/\\\/trackcable.com\\\/fr\\\/#website\"},\"primaryImageOfPage\":{\"@id\":\"https:\\\/\\\/trackcable.com\\\/fr\\\/produit\\\/kel-dpz-63-14-noir\\\/#primaryimage\"},\"image\":{\"@id\":\"https:\\\/\\\/trackcable.com\\\/fr\\\/produit\\\/kel-dpz-63-14-noir\\\/#primaryimage\"},\"thumbnailUrl\":\"https:\\\/\\\/trackcable.com\\\/wp-content\\\/uploads\\\/2026\\\/02\\\/50762.jpg\",\"datePublished\":\"2026-02-17T13:23:00+00:00\",\"dateModified\":\"2026-03-26T12:37:12+00:00\",\"description\":\"Achetez la plaque d\u2019entr\u00e9e de c\u00e2ble Icotek KEL-DPZ 63\\\/14 (50762) noire pour un passage rapide et un \u00e9tanch\u00e9it\u00e9 fiable. Id\u00e9al pour la gestion des c\u00e2bles \u00e0 haute densit\u00e9.\",\"breadcrumb\":{\"@id\":\"https:\\\/\\\/trackcable.com\\\/fr\\\/produit\\\/kel-dpz-63-14-noir\\\/#breadcrumb\"},\"inLanguage\":\"fr-FR\",\"potentialAction\":[{\"@type\":\"ReadAction\",\"target\":[\"https:\\\/\\\/trackcable.com\\\/fr\\\/produit\\\/kel-dpz-63-14-noir\\\/\"]}]},{\"@type\":\"ImageObject\",\"inLanguage\":\"fr-FR\",\"@id\":\"https:\\\/\\\/trackcable.com\\\/fr\\\/produit\\\/kel-dpz-63-14-noir\\\/#primaryimage\",\"url\":\"https:\\\/\\\/trackcable.com\\\/wp-content\\\/uploads\\\/2026\\\/02\\\/50762.jpg\",\"contentUrl\":\"https:\\\/\\\/trackcable.com\\\/wp-content\\\/uploads\\\/2026\\\/02\\\/50762.jpg\",\"width\":300,\"height\":199,\"caption\":\"Un KEL-DPZ 63\\\/14 - Palet en silicone noir, rond avec de petites cavit\u00e9s circulaires sur sa surface sup\u00e9rieure, l\u00e9g\u00e8rement inclin\u00e9 sur un fond blanc.\"},{\"@type\":\"BreadcrumbList\",\"@id\":\"https:\\\/\\\/trackcable.com\\\/fr\\\/produit\\\/kel-dpz-63-14-noir\\\/#breadcrumb\",\"itemListElement\":[{\"@type\":\"ListItem\",\"position\":1,\"name\":\"Accueil\",\"item\":\"https:\\\/\\\/trackcable.com\\\/fr\\\/accueil\\\/\"},{\"@type\":\"ListItem\",\"position\":2,\"name\":\"Boutique\",\"item\":\"https:\\\/\\\/trackcable.com\\\/fr\\\/boutique\\\/\"},{\"@type\":\"ListItem\",\"position\":3,\"name\":\"KEL-DPZ 63\\\/14 \u2013 Noir\"}]},{\"@type\":\"WebSite\",\"@id\":\"https:\\\/\\\/trackcable.com\\\/fr\\\/#website\",\"url\":\"https:\\\/\\\/trackcable.com\\\/fr\\\/\",\"name\":\"trackcable.com\",\"description\":\"Precision in cable management\",\"publisher\":{\"@id\":\"https:\\\/\\\/trackcable.com\\\/fr\\\/#organization\"},\"potentialAction\":[{\"@type\":\"SearchAction\",\"target\":{\"@type\":\"EntryPoint\",\"urlTemplate\":\"https:\\\/\\\/trackcable.com\\\/fr\\\/?s={search_term_string}\"},\"query-input\":{\"@type\":\"PropertyValueSpecification\",\"valueRequired\":true,\"valueName\":\"search_term_string\"}}],\"inLanguage\":\"fr-FR\"},{\"@type\":\"Organization\",\"@id\":\"https:\\\/\\\/trackcable.com\\\/fr\\\/#organization\",\"name\":\"TrackCable | Precision in industrial cable management\",\"url\":\"https:\\\/\\\/trackcable.com\\\/fr\\\/\",\"logo\":{\"@type\":\"ImageObject\",\"inLanguage\":\"fr-FR\",\"@id\":\"https:\\\/\\\/trackcable.com\\\/fr\\\/#\\\/schema\\\/logo\\\/image\\\/\",\"url\":\"https:\\\/\\\/trackcable.com\\\/wp-content\\\/uploads\\\/2026\\\/02\\\/TrackCable.jpg\",\"contentUrl\":\"https:\\\/\\\/trackcable.com\\\/wp-content\\\/uploads\\\/2026\\\/02\\\/TrackCable.jpg\",\"width\":600,\"height\":300,\"caption\":\"TrackCable | Precision in industrial cable management\"},\"image\":{\"@id\":\"https:\\\/\\\/trackcable.com\\\/fr\\\/#\\\/schema\\\/logo\\\/image\\\/\"}}]}<\/script>\n<!-- \/ Yoast SEO plugin. -->","yoast_head_json":{"title":"Icotek KEL-DPZ 63\/14 Noir (50762) | TrackCable","description":"Achetez la plaque d\u2019entr\u00e9e de c\u00e2ble Icotek KEL-DPZ 63\/14 (50762) noire pour un passage rapide et un \u00e9tanch\u00e9it\u00e9 fiable. Id\u00e9al pour la gestion des c\u00e2bles \u00e0 haute densit\u00e9.","robots":{"index":"index","follow":"follow","max-snippet":"max-snippet:-1","max-image-preview":"max-image-preview:large","max-video-preview":"max-video-preview:-1"},"canonical":"https:\/\/trackcable.com\/fr\/produit\/kel-dpz-63-14-noir\/","og_locale":"fr_FR","og_type":"article","og_title":"Icotek KEL-DPZ 63\/14 Noir (50762) | TrackCable","og_description":"Achetez la plaque d\u2019entr\u00e9e de c\u00e2ble Icotek KEL-DPZ 63\/14 (50762) noire pour un passage rapide et un \u00e9tanch\u00e9it\u00e9 fiable. Id\u00e9al pour la gestion des c\u00e2bles \u00e0 haute densit\u00e9.","og_url":"https:\/\/trackcable.com\/fr\/produit\/kel-dpz-63-14-noir\/","og_site_name":"trackcable.com","article_modified_time":"2026-03-26T12:37:12+00:00","og_image":[{"width":300,"height":199,"url":"https:\/\/trackcable.com\/wp-content\/uploads\/2026\/02\/50762.jpg","type":"image\/jpeg"}],"twitter_card":"summary_large_image","twitter_misc":{"Dur\u00e9e de lecture estim\u00e9e":"1 minute"},"schema":{"@context":"https:\/\/schema.org","@graph":[{"@type":"WebPage","@id":"https:\/\/trackcable.com\/fr\/produit\/kel-dpz-63-14-noir\/","url":"https:\/\/trackcable.com\/fr\/produit\/kel-dpz-63-14-noir\/","name":"Icotek KEL-DPZ 63\/14 Noir (50762) | TrackCable","isPartOf":{"@id":"https:\/\/trackcable.com\/fr\/#website"},"primaryImageOfPage":{"@id":"https:\/\/trackcable.com\/fr\/produit\/kel-dpz-63-14-noir\/#primaryimage"},"image":{"@id":"https:\/\/trackcable.com\/fr\/produit\/kel-dpz-63-14-noir\/#primaryimage"},"thumbnailUrl":"https:\/\/trackcable.com\/wp-content\/uploads\/2026\/02\/50762.jpg","datePublished":"2026-02-17T13:23:00+00:00","dateModified":"2026-03-26T12:37:12+00:00","description":"Achetez la plaque d\u2019entr\u00e9e de c\u00e2ble Icotek KEL-DPZ 63\/14 (50762) noire pour un passage rapide et un \u00e9tanch\u00e9it\u00e9 fiable. Id\u00e9al pour la gestion des c\u00e2bles \u00e0 haute densit\u00e9.","breadcrumb":{"@id":"https:\/\/trackcable.com\/fr\/produit\/kel-dpz-63-14-noir\/#breadcrumb"},"inLanguage":"fr-FR","potentialAction":[{"@type":"ReadAction","target":["https:\/\/trackcable.com\/fr\/produit\/kel-dpz-63-14-noir\/"]}]},{"@type":"ImageObject","inLanguage":"fr-FR","@id":"https:\/\/trackcable.com\/fr\/produit\/kel-dpz-63-14-noir\/#primaryimage","url":"https:\/\/trackcable.com\/wp-content\/uploads\/2026\/02\/50762.jpg","contentUrl":"https:\/\/trackcable.com\/wp-content\/uploads\/2026\/02\/50762.jpg","width":300,"height":199,"caption":"Un KEL-DPZ 63\/14 - Palet en silicone noir, rond avec de petites cavit\u00e9s circulaires sur sa surface sup\u00e9rieure, l\u00e9g\u00e8rement inclin\u00e9 sur un fond blanc."},{"@type":"BreadcrumbList","@id":"https:\/\/trackcable.com\/fr\/produit\/kel-dpz-63-14-noir\/#breadcrumb","itemListElement":[{"@type":"ListItem","position":1,"name":"Accueil","item":"https:\/\/trackcable.com\/fr\/accueil\/"},{"@type":"ListItem","position":2,"name":"Boutique","item":"https:\/\/trackcable.com\/fr\/boutique\/"},{"@type":"ListItem","position":3,"name":"KEL-DPZ 63\/14 \u2013 Noir"}]},{"@type":"WebSite","@id":"https:\/\/trackcable.com\/fr\/#website","url":"https:\/\/trackcable.com\/fr\/","name":"trackcable.com","description":"Precision in cable management","publisher":{"@id":"https:\/\/trackcable.com\/fr\/#organization"},"potentialAction":[{"@type":"SearchAction","target":{"@type":"EntryPoint","urlTemplate":"https:\/\/trackcable.com\/fr\/?s={search_term_string}"},"query-input":{"@type":"PropertyValueSpecification","valueRequired":true,"valueName":"search_term_string"}}],"inLanguage":"fr-FR"},{"@type":"Organization","@id":"https:\/\/trackcable.com\/fr\/#organization","name":"TrackCable | Precision in industrial cable management","url":"https:\/\/trackcable.com\/fr\/","logo":{"@type":"ImageObject","inLanguage":"fr-FR","@id":"https:\/\/trackcable.com\/fr\/#\/schema\/logo\/image\/","url":"https:\/\/trackcable.com\/wp-content\/uploads\/2026\/02\/TrackCable.jpg","contentUrl":"https:\/\/trackcable.com\/wp-content\/uploads\/2026\/02\/TrackCable.jpg","width":600,"height":300,"caption":"TrackCable | Precision in industrial cable management"},"image":{"@id":"https:\/\/trackcable.com\/fr\/#\/schema\/logo\/image\/"}}]}},"_links":{"self":[{"href":"https:\/\/trackcable.com\/fr\/wp-json\/wp\/v2\/product\/8912","targetHints":{"allow":["GET"]}}],"collection":[{"href":"https:\/\/trackcable.com\/fr\/wp-json\/wp\/v2\/product"}],"about":[{"href":"https:\/\/trackcable.com\/fr\/wp-json\/wp\/v2\/types\/product"}],"replies":[{"embeddable":true,"href":"https:\/\/trackcable.com\/fr\/wp-json\/wp\/v2\/comments?post=8912"}],"version-history":[{"count":1,"href":"https:\/\/trackcable.com\/fr\/wp-json\/wp\/v2\/product\/8912\/revisions"}],"predecessor-version":[{"id":12748,"href":"https:\/\/trackcable.com\/fr\/wp-json\/wp\/v2\/product\/8912\/revisions\/12748"}],"wp:featuredmedia":[{"embeddable":true,"href":"https:\/\/trackcable.com\/fr\/wp-json\/wp\/v2\/media\/8913"}],"wp:attachment":[{"href":"https:\/\/trackcable.com\/fr\/wp-json\/wp\/v2\/media?parent=8912"}],"wp:term":[{"taxonomy":"brand","embeddable":true,"href":"https:\/\/trackcable.com\/fr\/wp-json\/wp\/v2\/etheme_brands?post=8912"},{"taxonomy":"product_brand","embeddable":true,"href":"https:\/\/trackcable.com\/fr\/wp-json\/wp\/v2\/product_brand?post=8912"},{"taxonomy":"product_cat","embeddable":true,"href":"https:\/\/trackcable.com\/fr\/wp-json\/wp\/v2\/product_cat?post=8912"},{"taxonomy":"product_tag","embeddable":true,"href":"https:\/\/trackcable.com\/fr\/wp-json\/wp\/v2\/product_tag?post=8912"}],"curies":[{"name":"wp","href":"https:\/\/api.w.org\/{rel}","templated":true}]}}