{"id":8915,"date":"2026-02-17T13:15:37","date_gmt":"2026-02-17T13:15:37","guid":{"rendered":"https:\/\/trackcable.com\/product\/kel-dpz-50-19-gris\/"},"modified":"2026-03-26T12:37:18","modified_gmt":"2026-03-26T12:37:18","slug":"kel-dpz-50-19-gris","status":"publish","type":"product","link":"https:\/\/trackcable.com\/fr\/produit\/kel-dpz-50-19-gris\/","title":{"rendered":"KEL-DPZ 50\/19 \u2013 Gris"},"content":{"rendered":"<h2 data-start=\"109\" data-end=\"135\"><a target=\"_blank\" class=\"btn  small\" href=\"https:\/\/www.icotek.com\/Produkte\/PG06%20Kabeldurchf%C3%BChrungen\/KEL-DPZ%20rund\/KEL-DPZ%2050\/Datenbl%C3%A4tter\/43758_KEL-DPZ-50-19_gy.PDF\"><span> Documentation<\/span><\/a><\/h2>\n<p>&nbsp;<\/p>\n<h2 data-start=\"72\" data-end=\"98\"><strong data-start=\"75\" data-end=\"98\">Description du produit<\/strong><\/h2>\n<p data-start=\"100\" data-end=\"438\">Cette entr\u00e9e \u00e0 c\u00e2ble rond \u00e0 haute densit\u00e9 est con\u00e7ue pour un passage s\u00e9curis\u00e9 et \u00e9conomique de la place de plusieurs c\u00e2bles de petit diam\u00e8tre dans des armoires de contr\u00f4le, des enceintes \u00e9lectriques et des installations industrielles. Fabriqu\u00e9 en Allemagne et fabriqu\u00e9 en \u00e9lastom\u00e8re et polyamide (PA) de haute qualit\u00e9, il offre d\u2019excellentes performances d\u2019\u00e9tanch\u00e9it\u00e9 et une durabilit\u00e9 durable. <\/p>\n<p data-start=\"440\" data-end=\"811\">Avec des indices de protection jusqu\u2019\u00e0 IP68, cette entr\u00e9e par c\u00e2ble offre une r\u00e9sistance fiable contre la poussi\u00e8re et l\u2019eau. Les inserts d\u2019\u00e9tanch\u00e9it\u00e9 flexibles permettent d\u2019installer rapidement jusqu\u2019\u00e0 19 c\u00e2bles tout en maintenant une bonne r\u00e9tention des c\u00e2bles et une gestion bien ordonn\u00e9e. Sa conception compacte M50 la rend id\u00e9ale pour les installations n\u00e9cessitant un passage efficace des c\u00e2bles et un \u00e9tanch\u00e9it\u00e9 fiable.  <\/p>\n<p data-start=\"813\" data-end=\"931\">Adapt\u00e9e \u00e0 l\u2019int\u00e9rieur comme \u00e0 l\u2019ext\u00e9rieur, cette entr\u00e9e par c\u00e2ble fonctionne de mani\u00e8re fiable sur une large plage de temp\u00e9ratures.<\/p>\n<hr data-start=\"933\" data-end=\"936\">\n<h2 data-start=\"938\" data-end=\"959\"><strong data-start=\"941\" data-end=\"959\">Caract\u00e9ristiques techniques<\/strong><\/h2>\n<ul data-start=\"961\" data-end=\"1396\">\n<li data-start=\"961\" data-end=\"986\">\n<p data-start=\"963\" data-end=\"986\"><strong data-start=\"963\" data-end=\"975\">Code HS :<\/strong> 85472000<\/p>\n<\/li>\n<li data-start=\"987\" data-end=\"1021\">\n<p data-start=\"989\" data-end=\"1021\"><strong data-start=\"989\" data-end=\"1011\">Pays d\u2019origine :<\/strong> Allemagne<\/p>\n<\/li>\n<li data-start=\"1022\" data-end=\"1065\">\n<p data-start=\"1024\" data-end=\"1065\"><strong data-start=\"1024\" data-end=\"1037\">Mat\u00e9riel :<\/strong> \u00c9lastom\u00e8re, polyamide (PA)<\/p>\n<\/li>\n<li data-start=\"1066\" data-end=\"1085\">\n<p data-start=\"1068\" data-end=\"1085\"><strong data-start=\"1068\" data-end=\"1078\">Couleur :<\/strong> Grey<\/p>\n<\/li>\n<li data-start=\"1086\" data-end=\"1106\">\n<p data-start=\"1088\" data-end=\"1106\"><strong data-start=\"1088\" data-end=\"1099\">Hauteur :<\/strong> 8 mm<\/p>\n<\/li>\n<li data-start=\"1107\" data-end=\"1157\">\n<p data-start=\"1109\" data-end=\"1157\"><strong data-start=\"1109\" data-end=\"1139\">Taille de la d\u00e9coupe d\u2019installation :<\/strong> \u00d8 50,5 mm (M50)<\/p>\n<\/li>\n<li data-start=\"1158\" data-end=\"1189\">\n<p data-start=\"1160\" data-end=\"1189\"><strong data-start=\"1160\" data-end=\"1179\">Diam\u00e8tre ext\u00e9rieur :<\/strong> \u00d8 62 mm<\/p>\n<\/li>\n<li data-start=\"1190\" data-end=\"1210\">\n<p data-start=\"1192\" data-end=\"1210\"><strong data-start=\"1192\" data-end=\"1202\">Profondeur :<\/strong> 14 mm<\/p>\n<\/li>\n<li data-start=\"1211\" data-end=\"1250\">\n<p data-start=\"1213\" data-end=\"1250\"><strong data-start=\"1213\" data-end=\"1232\">Plage de serrage :<\/strong> 19 \u00d7 3,2\u20136,5 mm<\/p>\n<\/li>\n<li data-start=\"1251\" data-end=\"1293\">\n<p data-start=\"1253\" data-end=\"1293\"><strong data-start=\"1253\" data-end=\"1275\">Plage de temp\u00e9rature :<\/strong> -40\u00b0C \u00e0 +100\u00b0C<\/p>\n<\/li>\n<li data-start=\"1294\" data-end=\"1367\">\n<p data-start=\"1296\" data-end=\"1367\"><strong data-start=\"1296\" data-end=\"1318\">Classification de protection :<\/strong> IP54 \/ IP55 \/ IP64 \/ IP65 \/ IP66 \/ IP67 \/ IP68<\/p>\n<\/li>\n<li data-start=\"1368\" data-end=\"1396\">\n<p data-start=\"1370\" data-end=\"1396\"><strong data-start=\"1370\" data-end=\"1385\">Poids net :<\/strong> 0,038 kg<\/p>\n<\/li>\n<\/ul>\n","protected":false},"excerpt":{"rendered":"<p>&nbsp; Description du produit Cette entr\u00e9e \u00e0 c\u00e2ble rond \u00e0 haute densit\u00e9 est con\u00e7ue pour un passage s\u00e9curis\u00e9 et \u00e9conomique de la place de plusieurs&#8230;<\/p>\n","protected":false},"featured_media":8917,"comment_status":"open","ping_status":"closed","template":"","meta":[],"etheme_brands":[{"term_id":696,"name":"Icotek","slug":"icotek","term_group":0,"term_taxonomy_id":696,"taxonomy":"brand","description":"Icotek est un fabricant leader de solutions innovantes de gestion et de passage de c\u00e2bles, sp\u00e9cialis\u00e9 dans des syst\u00e8mes modulaires permettant une installation rapide et une \u00e9tanch\u00e9it\u00e9 fiable pour des applications industrielles et \u00e9lectriques dans le monde entier.","parent":0,"count":125,"filter":"raw"}],"product_brand":[],"product_cat":[276],"product_tag":[],"class_list":{"0":"post-8915","1":"product","2":"type-product","3":"status-publish","4":"has-post-thumbnail","6":"brand-icotek","7":"product_cat-plaques-dentree-de-cables","9":"first","10":"instock","11":"sale","12":"taxable","13":"shipping-taxable","14":"purchasable","15":"product-type-simple"},"yoast_head":"<!-- This site is optimized with the Yoast SEO plugin v27.3 - https:\/\/yoast.com\/product\/yoast-seo-wordpress\/ -->\n<title>Icotek KEL-DPZ 50\/19 Gris (43758) | TrackCable<\/title>\n<meta name=\"description\" content=\"Achetez la plaque d\u2019entr\u00e9e de c\u00e2ble Icotek KEL-DPZ 50\/19 (43758) grise pour un passage facile des c\u00e2bles et une \u00e9tanch\u00e9it\u00e9 s\u00e9curis\u00e9e. Id\u00e9al pour la gestion des c\u00e2bles compacts.\" \/>\n<meta name=\"robots\" content=\"index, follow, max-snippet:-1, max-image-preview:large, max-video-preview:-1\" \/>\n<link rel=\"canonical\" href=\"https:\/\/trackcable.com\/fr\/produit\/kel-dpz-50-19-gris\/\" \/>\n<meta property=\"og:locale\" content=\"fr_FR\" \/>\n<meta property=\"og:type\" content=\"article\" \/>\n<meta property=\"og:title\" content=\"Icotek KEL-DPZ 50\/19 Gris (43758) | TrackCable\" \/>\n<meta property=\"og:description\" content=\"Achetez la plaque d\u2019entr\u00e9e de c\u00e2ble Icotek KEL-DPZ 50\/19 (43758) grise pour un passage facile des c\u00e2bles et une \u00e9tanch\u00e9it\u00e9 s\u00e9curis\u00e9e. Id\u00e9al pour la gestion des c\u00e2bles compacts.\" \/>\n<meta property=\"og:url\" content=\"https:\/\/trackcable.com\/fr\/produit\/kel-dpz-50-19-gris\/\" \/>\n<meta property=\"og:site_name\" content=\"trackcable.com\" \/>\n<meta property=\"article:modified_time\" content=\"2026-03-26T12:37:18+00:00\" \/>\n<meta property=\"og:image\" content=\"https:\/\/trackcable.com\/wp-content\/uploads\/2026\/02\/43758.jpg\" \/>\n\t<meta property=\"og:image:width\" content=\"300\" \/>\n\t<meta property=\"og:image:height\" content=\"199\" \/>\n\t<meta property=\"og:image:type\" content=\"image\/jpeg\" \/>\n<meta name=\"twitter:card\" content=\"summary_large_image\" \/>\n<meta name=\"twitter:label1\" content=\"Dur\u00e9e de lecture estim\u00e9e\" \/>\n\t<meta name=\"twitter:data1\" content=\"1 minute\" \/>\n<script type=\"application\/ld+json\" class=\"yoast-schema-graph\">{\"@context\":\"https:\\\/\\\/schema.org\",\"@graph\":[{\"@type\":\"WebPage\",\"@id\":\"https:\\\/\\\/trackcable.com\\\/fr\\\/produit\\\/kel-dpz-50-19-gris\\\/\",\"url\":\"https:\\\/\\\/trackcable.com\\\/fr\\\/produit\\\/kel-dpz-50-19-gris\\\/\",\"name\":\"Icotek KEL-DPZ 50\\\/19 Gris (43758) | TrackCable\",\"isPartOf\":{\"@id\":\"https:\\\/\\\/trackcable.com\\\/fr\\\/#website\"},\"primaryImageOfPage\":{\"@id\":\"https:\\\/\\\/trackcable.com\\\/fr\\\/produit\\\/kel-dpz-50-19-gris\\\/#primaryimage\"},\"image\":{\"@id\":\"https:\\\/\\\/trackcable.com\\\/fr\\\/produit\\\/kel-dpz-50-19-gris\\\/#primaryimage\"},\"thumbnailUrl\":\"https:\\\/\\\/trackcable.com\\\/wp-content\\\/uploads\\\/2026\\\/02\\\/43758.jpg\",\"datePublished\":\"2026-02-17T13:15:37+00:00\",\"dateModified\":\"2026-03-26T12:37:18+00:00\",\"description\":\"Achetez la plaque d\u2019entr\u00e9e de c\u00e2ble Icotek KEL-DPZ 50\\\/19 (43758) grise pour un passage facile des c\u00e2bles et une \u00e9tanch\u00e9it\u00e9 s\u00e9curis\u00e9e. Id\u00e9al pour la gestion des c\u00e2bles compacts.\",\"breadcrumb\":{\"@id\":\"https:\\\/\\\/trackcable.com\\\/fr\\\/produit\\\/kel-dpz-50-19-gris\\\/#breadcrumb\"},\"inLanguage\":\"fr-FR\",\"potentialAction\":[{\"@type\":\"ReadAction\",\"target\":[\"https:\\\/\\\/trackcable.com\\\/fr\\\/produit\\\/kel-dpz-50-19-gris\\\/\"]}]},{\"@type\":\"ImageObject\",\"inLanguage\":\"fr-FR\",\"@id\":\"https:\\\/\\\/trackcable.com\\\/fr\\\/produit\\\/kel-dpz-50-19-gris\\\/#primaryimage\",\"url\":\"https:\\\/\\\/trackcable.com\\\/wp-content\\\/uploads\\\/2026\\\/02\\\/43758.jpg\",\"contentUrl\":\"https:\\\/\\\/trackcable.com\\\/wp-content\\\/uploads\\\/2026\\\/02\\\/43758.jpg\",\"width\":300,\"height\":199,\"caption\":\"Le KEL-DPZ 50\\\/19 - Grey est un objet rond et plat avec plusieurs petits trous circulaires en grille, ce qui lui donne une apparence similaire \u00e0 une pomme de douche ou \u00e0 un haut-parleur.\"},{\"@type\":\"BreadcrumbList\",\"@id\":\"https:\\\/\\\/trackcable.com\\\/fr\\\/produit\\\/kel-dpz-50-19-gris\\\/#breadcrumb\",\"itemListElement\":[{\"@type\":\"ListItem\",\"position\":1,\"name\":\"Accueil\",\"item\":\"https:\\\/\\\/trackcable.com\\\/fr\\\/accueil\\\/\"},{\"@type\":\"ListItem\",\"position\":2,\"name\":\"Boutique\",\"item\":\"https:\\\/\\\/trackcable.com\\\/fr\\\/boutique\\\/\"},{\"@type\":\"ListItem\",\"position\":3,\"name\":\"KEL-DPZ 50\\\/19 \u2013 Gris\"}]},{\"@type\":\"WebSite\",\"@id\":\"https:\\\/\\\/trackcable.com\\\/fr\\\/#website\",\"url\":\"https:\\\/\\\/trackcable.com\\\/fr\\\/\",\"name\":\"trackcable.com\",\"description\":\"Precision in cable management\",\"publisher\":{\"@id\":\"https:\\\/\\\/trackcable.com\\\/fr\\\/#organization\"},\"potentialAction\":[{\"@type\":\"SearchAction\",\"target\":{\"@type\":\"EntryPoint\",\"urlTemplate\":\"https:\\\/\\\/trackcable.com\\\/fr\\\/?s={search_term_string}\"},\"query-input\":{\"@type\":\"PropertyValueSpecification\",\"valueRequired\":true,\"valueName\":\"search_term_string\"}}],\"inLanguage\":\"fr-FR\"},{\"@type\":\"Organization\",\"@id\":\"https:\\\/\\\/trackcable.com\\\/fr\\\/#organization\",\"name\":\"TrackCable | Precision in industrial cable management\",\"url\":\"https:\\\/\\\/trackcable.com\\\/fr\\\/\",\"logo\":{\"@type\":\"ImageObject\",\"inLanguage\":\"fr-FR\",\"@id\":\"https:\\\/\\\/trackcable.com\\\/fr\\\/#\\\/schema\\\/logo\\\/image\\\/\",\"url\":\"https:\\\/\\\/trackcable.com\\\/wp-content\\\/uploads\\\/2026\\\/02\\\/TrackCable.jpg\",\"contentUrl\":\"https:\\\/\\\/trackcable.com\\\/wp-content\\\/uploads\\\/2026\\\/02\\\/TrackCable.jpg\",\"width\":600,\"height\":300,\"caption\":\"TrackCable | Precision in industrial cable management\"},\"image\":{\"@id\":\"https:\\\/\\\/trackcable.com\\\/fr\\\/#\\\/schema\\\/logo\\\/image\\\/\"}}]}<\/script>\n<!-- \/ Yoast SEO plugin. -->","yoast_head_json":{"title":"Icotek KEL-DPZ 50\/19 Gris (43758) | TrackCable","description":"Achetez la plaque d\u2019entr\u00e9e de c\u00e2ble Icotek KEL-DPZ 50\/19 (43758) grise pour un passage facile des c\u00e2bles et une \u00e9tanch\u00e9it\u00e9 s\u00e9curis\u00e9e. Id\u00e9al pour la gestion des c\u00e2bles compacts.","robots":{"index":"index","follow":"follow","max-snippet":"max-snippet:-1","max-image-preview":"max-image-preview:large","max-video-preview":"max-video-preview:-1"},"canonical":"https:\/\/trackcable.com\/fr\/produit\/kel-dpz-50-19-gris\/","og_locale":"fr_FR","og_type":"article","og_title":"Icotek KEL-DPZ 50\/19 Gris (43758) | TrackCable","og_description":"Achetez la plaque d\u2019entr\u00e9e de c\u00e2ble Icotek KEL-DPZ 50\/19 (43758) grise pour un passage facile des c\u00e2bles et une \u00e9tanch\u00e9it\u00e9 s\u00e9curis\u00e9e. Id\u00e9al pour la gestion des c\u00e2bles compacts.","og_url":"https:\/\/trackcable.com\/fr\/produit\/kel-dpz-50-19-gris\/","og_site_name":"trackcable.com","article_modified_time":"2026-03-26T12:37:18+00:00","og_image":[{"width":300,"height":199,"url":"https:\/\/trackcable.com\/wp-content\/uploads\/2026\/02\/43758.jpg","type":"image\/jpeg"}],"twitter_card":"summary_large_image","twitter_misc":{"Dur\u00e9e de lecture estim\u00e9e":"1 minute"},"schema":{"@context":"https:\/\/schema.org","@graph":[{"@type":"WebPage","@id":"https:\/\/trackcable.com\/fr\/produit\/kel-dpz-50-19-gris\/","url":"https:\/\/trackcable.com\/fr\/produit\/kel-dpz-50-19-gris\/","name":"Icotek KEL-DPZ 50\/19 Gris (43758) | TrackCable","isPartOf":{"@id":"https:\/\/trackcable.com\/fr\/#website"},"primaryImageOfPage":{"@id":"https:\/\/trackcable.com\/fr\/produit\/kel-dpz-50-19-gris\/#primaryimage"},"image":{"@id":"https:\/\/trackcable.com\/fr\/produit\/kel-dpz-50-19-gris\/#primaryimage"},"thumbnailUrl":"https:\/\/trackcable.com\/wp-content\/uploads\/2026\/02\/43758.jpg","datePublished":"2026-02-17T13:15:37+00:00","dateModified":"2026-03-26T12:37:18+00:00","description":"Achetez la plaque d\u2019entr\u00e9e de c\u00e2ble Icotek KEL-DPZ 50\/19 (43758) grise pour un passage facile des c\u00e2bles et une \u00e9tanch\u00e9it\u00e9 s\u00e9curis\u00e9e. Id\u00e9al pour la gestion des c\u00e2bles compacts.","breadcrumb":{"@id":"https:\/\/trackcable.com\/fr\/produit\/kel-dpz-50-19-gris\/#breadcrumb"},"inLanguage":"fr-FR","potentialAction":[{"@type":"ReadAction","target":["https:\/\/trackcable.com\/fr\/produit\/kel-dpz-50-19-gris\/"]}]},{"@type":"ImageObject","inLanguage":"fr-FR","@id":"https:\/\/trackcable.com\/fr\/produit\/kel-dpz-50-19-gris\/#primaryimage","url":"https:\/\/trackcable.com\/wp-content\/uploads\/2026\/02\/43758.jpg","contentUrl":"https:\/\/trackcable.com\/wp-content\/uploads\/2026\/02\/43758.jpg","width":300,"height":199,"caption":"Le KEL-DPZ 50\/19 - Grey est un objet rond et plat avec plusieurs petits trous circulaires en grille, ce qui lui donne une apparence similaire \u00e0 une pomme de douche ou \u00e0 un haut-parleur."},{"@type":"BreadcrumbList","@id":"https:\/\/trackcable.com\/fr\/produit\/kel-dpz-50-19-gris\/#breadcrumb","itemListElement":[{"@type":"ListItem","position":1,"name":"Accueil","item":"https:\/\/trackcable.com\/fr\/accueil\/"},{"@type":"ListItem","position":2,"name":"Boutique","item":"https:\/\/trackcable.com\/fr\/boutique\/"},{"@type":"ListItem","position":3,"name":"KEL-DPZ 50\/19 \u2013 Gris"}]},{"@type":"WebSite","@id":"https:\/\/trackcable.com\/fr\/#website","url":"https:\/\/trackcable.com\/fr\/","name":"trackcable.com","description":"Precision in cable management","publisher":{"@id":"https:\/\/trackcable.com\/fr\/#organization"},"potentialAction":[{"@type":"SearchAction","target":{"@type":"EntryPoint","urlTemplate":"https:\/\/trackcable.com\/fr\/?s={search_term_string}"},"query-input":{"@type":"PropertyValueSpecification","valueRequired":true,"valueName":"search_term_string"}}],"inLanguage":"fr-FR"},{"@type":"Organization","@id":"https:\/\/trackcable.com\/fr\/#organization","name":"TrackCable | Precision in industrial cable management","url":"https:\/\/trackcable.com\/fr\/","logo":{"@type":"ImageObject","inLanguage":"fr-FR","@id":"https:\/\/trackcable.com\/fr\/#\/schema\/logo\/image\/","url":"https:\/\/trackcable.com\/wp-content\/uploads\/2026\/02\/TrackCable.jpg","contentUrl":"https:\/\/trackcable.com\/wp-content\/uploads\/2026\/02\/TrackCable.jpg","width":600,"height":300,"caption":"TrackCable | Precision in industrial cable management"},"image":{"@id":"https:\/\/trackcable.com\/fr\/#\/schema\/logo\/image\/"}}]}},"_links":{"self":[{"href":"https:\/\/trackcable.com\/fr\/wp-json\/wp\/v2\/product\/8915","targetHints":{"allow":["GET"]}}],"collection":[{"href":"https:\/\/trackcable.com\/fr\/wp-json\/wp\/v2\/product"}],"about":[{"href":"https:\/\/trackcable.com\/fr\/wp-json\/wp\/v2\/types\/product"}],"replies":[{"embeddable":true,"href":"https:\/\/trackcable.com\/fr\/wp-json\/wp\/v2\/comments?post=8915"}],"version-history":[{"count":1,"href":"https:\/\/trackcable.com\/fr\/wp-json\/wp\/v2\/product\/8915\/revisions"}],"predecessor-version":[{"id":12765,"href":"https:\/\/trackcable.com\/fr\/wp-json\/wp\/v2\/product\/8915\/revisions\/12765"}],"wp:featuredmedia":[{"embeddable":true,"href":"https:\/\/trackcable.com\/fr\/wp-json\/wp\/v2\/media\/8917"}],"wp:attachment":[{"href":"https:\/\/trackcable.com\/fr\/wp-json\/wp\/v2\/media?parent=8915"}],"wp:term":[{"taxonomy":"brand","embeddable":true,"href":"https:\/\/trackcable.com\/fr\/wp-json\/wp\/v2\/etheme_brands?post=8915"},{"taxonomy":"product_brand","embeddable":true,"href":"https:\/\/trackcable.com\/fr\/wp-json\/wp\/v2\/product_brand?post=8915"},{"taxonomy":"product_cat","embeddable":true,"href":"https:\/\/trackcable.com\/fr\/wp-json\/wp\/v2\/product_cat?post=8915"},{"taxonomy":"product_tag","embeddable":true,"href":"https:\/\/trackcable.com\/fr\/wp-json\/wp\/v2\/product_tag?post=8915"}],"curies":[{"name":"wp","href":"https:\/\/api.w.org\/{rel}","templated":true}]}}